{"id":87412,"date":"2025-06-21T08:10:40","date_gmt":"2025-06-21T06:10:40","guid":{"rendered":"https:\/\/winandofficews.com\/holland\/?post_type=product&#038;p=87412"},"modified":"2026-04-03T11:53:32","modified_gmt":"2026-04-03T09:53:32","slug":"microsoft-windows-11-home-microsoft-office-2021-professional-licentie-voor-3-pcs","status":"publish","type":"product","link":"https:\/\/winandofficews.com\/holland\/fr\/produit\/microsoft-windows-11-home-microsoft-office-2021-professional-licentie-voor-3-pcs\/","title":{"rendered":"Microsoft Windows 11 Home + Microsoft Office 2021 Licence Professionnelle pour 3 PCs"},"content":{"rendered":"<p><strong>Microsoft Windows 11 Licence domestique pour 3 PC<\/strong><\/p>\n<p><strong>Avec cette licence, le logiciel peut \u00eatre activ\u00e9 sur 3 appareils diff\u00e9rents, par exemple un PC domestique, un ordinateur portable et un PC professionnel.<\/strong><\/p>\n<p><strong>Exigences du syst\u00e8me :<\/strong><\/p>\n<p>Pr\u00e9parez-vous \u00e0 utiliser le dernier et le meilleur syst\u00e8me d'exploitation de Microsoft ! Destin\u00e9e aux particuliers, cette \u00e9dition convient \u00e0 l'utilisation quotidienne, aux travaux cr\u00e9atifs et aux jeux.<\/p>\n<p>Il s'agit des conditions de base pour installer Microsoft Windows 11 sur un PC. Si votre appareil ne r\u00e9pond pas \u00e0 ces exigences, il se peut que vous ne puissiez pas installer Microsoft Windows 11 sur votre appareil et que vous deviez envisager l'achat d'un nouveau PC. Si vous n'\u00eates pas s\u00fbr que votre PC r\u00e9ponde \u00e0 ces exigences, vous pouvez contacter le fabricant de l'\u00e9quipement d'origine (OEM) de votre PC ou, si votre appareil utilise d\u00e9j\u00e0 le Microsoft Windows 10, utiliser l'application PC Health app Tick pour v\u00e9rifier la compatibilit\u00e9 ( <a href=\"https:\/\/aka.ms\/GetPCHealthCheckApp\"><strong>\u00e0 <\/strong><\/a><a href=\"https:\/\/aka.ms\/GetPCHealthCheckApp\"><strong>t\u00e9l\u00e9charger <\/strong><\/a>).<\/p>\n<table>\n<tbody>\n<tr>\n<td><strong>processeur :<\/strong><\/td>\n<td>1 gigahertz (GHz) ou plus rapide avec 2 c\u0153urs ou plus dans un ordinateur. <a href=\"https:\/\/www.microsoft.com\/de-de\/windows\/windows-11-specifications\"><strong>Processeur compatible 64 bits <\/strong><\/a>ou SoC (System on a chip).<\/td>\n<\/tr>\n<tr>\n<td><strong>RAM :<\/strong><\/td>\n<td>4 gigaoctets (Go)<\/td>\n<\/tr>\n<tr>\n<td><strong>Espace de stockage :<\/strong><\/td>\n<td>64 Go ou plus<\/p>\n<p>Note : Voir \u201cPlus d'informations sur l'espace disque pour maintenir Microsoft Windows 11 \u00e0 jour\u201d ci-dessous pour plus d'informations.<\/td>\n<\/tr>\n<tr>\n<td><strong>le micrologiciel du syst\u00e8me :<\/strong><\/td>\n<td>UEFI, d\u00e9marrage s\u00e9curis\u00e9 pris en charge<\/td>\n<\/tr>\n<tr>\n<td><strong>TPM :<\/strong><\/td>\n<td>Module de plateforme de confiance (TPM) version 2.0<\/td>\n<\/tr>\n<tr>\n<td><strong>Carte graphique :<\/strong><\/td>\n<td>Compatible avec DirectX 12 ou plus avec le pilote WDDM 2.0<\/td>\n<\/tr>\n<tr>\n<td><strong>Publicit\u00e9 :<\/strong><\/td>\n<td>\u00c9cran haute r\u00e9solution (720p) d'une diagonale sup\u00e9rieure \u00e0 9\u2033, 8 bits par canal de couleur<\/td>\n<\/tr>\n<tr>\n<td><strong>Connexion Internet et comptes Microsoft :<\/strong><\/td>\n<td>Microsoft Windows 11 Home Edition n\u00e9cessite une connexion Internet et un compte Microsoft pour terminer la configuration de l'appareil lors de la premi\u00e8re utilisation.<\/p>\n<p>Le passage d'un appareil du mode Microsoft Windows 11 Home au mode S n\u00e9cessite \u00e9galement une connexion internet.<\/p>\n<p>Toutes les \u00e9ditions de Microsoft Windows 11 n\u00e9cessitent un acc\u00e8s \u00e0 Internet pour la mise \u00e0 jour, le t\u00e9l\u00e9chargement et l'utilisation de certaines fonctions. Certaines fonctions n\u00e9cessitent un compte Microsoft.<\/td>\n<\/tr>\n<\/tbody>\n<\/table>\n<p>Au fil du temps, il peut y avoir des exigences suppl\u00e9mentaires pour les mises \u00e0 jour, ainsi que des exigences pour activer certaines fonctionnalit\u00e9s du syst\u00e8me d'exploitation.<\/p>\n<p><a href=\"https:\/\/www.microsoft.com\/en-us\/windows\/windows-11\"><strong>Exigences fonctionnelles sp\u00e9cifiques pour Microsoft Windows 11<\/strong><\/a><\/p>\n<p>Certaines fonctions de Microsoft Windows 11 ont des exigences plus \u00e9lev\u00e9es que celles \u00e9num\u00e9r\u00e9es dans la section des exigences minimales ci-dessus. Voici quelques d\u00e9tails suppl\u00e9mentaires sur les exigences relatives aux fonctions cl\u00e9s :<\/p>\n<ul>\n<li><strong>Compatibilit\u00e9 5G <\/strong>N\u00e9cessite un modem compatible avec la 5G.<\/li>\n<li><strong>Auto HDR <\/strong>N\u00e9cessite un moniteur HDR.<\/li>\n<li><strong>BitLocker to Go <\/strong>n\u00e9cessite une cl\u00e9 USB (disponible dans les \u00e9ditions Microsoft Windows Pro et sup\u00e9rieures).<\/li>\n<li><strong>Client Hyper - V <\/strong>N\u00e9cessite un processeur avec des capacit\u00e9s de traduction d'adresses de second niveau (SLAT) (disponible dans le Microsoft Windows Pro et les \u00e9ditions ult\u00e9rieures).<\/li>\n<li><strong>Cortana <\/strong>n\u00e9cessite un microphone et un haut-parleur et est actuellement disponible sur Microsoft Windows 11 pour l'Australie, le Br\u00e9sil, le Canada, la Chine, la France, l'Allemagne, l'Inde, l'Italie, le Japon, le Mexique, l'Espagne, le Royaume-Uni et les \u00c9tats-Unis.<\/li>\n<li><strong>Stockage direct <\/strong>n\u00e9cessite un disque SSD NVMe pour stocker et ex\u00e9cuter des jeux en utilisant le pilote \u201cStandard NVM Express Controller\u201d et un GPU DirectX12 avec Shader Support Model 6.0.<\/li>\n<li><strong>DirectX 12 Ultimate <\/strong>est disponible avec des jeux et des puces graphiques compatibles.<\/li>\n<li><strong>Pr\u00e9sence <\/strong>n\u00e9cessite un capteur capable de d\u00e9tecter la distance qui s\u00e9pare un \u00eatre humain de l'appareil ou son intention de communiquer avec l'appareil.<\/li>\n<li><strong>Pour une vid\u00e9oconf\u00e9rence intelligente <\/strong>une cam\u00e9ra vid\u00e9o, un microphone et des haut-parleurs (sortie audio) sont n\u00e9cessaires.<\/li>\n<li><strong>Assistant vocal multiple (MVA) <\/strong>n\u00e9cessite un microphone et un haut-parleur.<\/li>\n<li><strong>Pour Snap <\/strong>n\u00e9cessite une largeur d'\u00e9cran de 1920 pixels effectifs ou plus.<\/li>\n<li><strong>Pour mettre en sourdine la barre des t\u00e2ches <\/strong>une cam\u00e9ra vid\u00e9o, un microphone et des haut-parleurs (sortie audio) sont n\u00e9cessaires. L'application doit prendre en charge la fonction de r\u00e9activation du squelch global.<\/li>\n<li><strong>son spatial <\/strong>n\u00e9cessite du mat\u00e9riel et des logiciels de soutien.<\/li>\n<li><strong>\u00e9quipes <\/strong>n\u00e9cessite une cam\u00e9ra vid\u00e9o, un microphone et des haut-parleurs (sortie audio).<\/li>\n<li><strong>Toucher <\/strong>n\u00e9cessite un \u00e9cran ou un moniteur compatible avec la technologie multi-touch. .<\/li>\n<li><strong>Authentification \u00e0 deux facteurs <\/strong>n\u00e9cessite l'utilisation d'un code PIN, de donn\u00e9es biom\u00e9triques (lecteur d'empreintes digitales ou cam\u00e9ra infrarouge \u00e9clair\u00e9e) ou d'un t\u00e9l\u00e9phone dot\u00e9 de capacit\u00e9s Wi - Fi ou Bluetooth.<\/li>\n<li><strong>Dactylographie vocale <\/strong>N\u00e9cessite un PC \u00e9quip\u00e9 d'un microphone.<\/li>\n<li><strong>R\u00e9veillez-vous Voix <\/strong>n\u00e9cessite un mod\u00e8le st\u00e9r\u00e9o moderne et un microphone.<\/li>\n<li><strong>Le Wi -Fi 6E n\u00e9cessite un nouveau <\/strong>Mat\u00e9riel et pilotes WiFi IHV et point d'acc\u00e8s\/routeur avec fonctionnalit\u00e9 Wi -Fi 6E .<\/li>\n<li><strong>Microsoft WindowsHallo _ <\/strong>n\u00e9cessite une cam\u00e9ra configur\u00e9e pour le proche infrarouge (IR) ou un lecteur d'empreintes digitales pour l'authentification biom\u00e9trique. Les appareils d\u00e9pourvus de capteurs biom\u00e9triques peuvent utiliser Microsoft Windows Hello avec une cl\u00e9 de s\u00e9curit\u00e9 portable compatible Microsoft ou un code PIN.<\/li>\n<li><strong>Microsoft Windows -projection <\/strong>N\u00e9cessite un adaptateur d'affichage qui prend en charge le mod\u00e8le de pilote d'affichage Microsoft Windows (WDDM) 2.0 et un adaptateur Wi-Fi qui prend en charge Wi - Fi Direct .<\/li>\n<li><strong>Xbox (app) <\/strong>N\u00e9cessite un compte Xbox Live, n'est pas disponible dans toutes les r\u00e9gions. Consultez les pays et r\u00e9gions Xbox Live pour obtenir les informations les plus r\u00e9centes sur la disponibilit\u00e9. Certaines fonctionnalit\u00e9s de l'application Xbox n\u00e9cessitent un abonnement actif au Xbox Game Pass. En savoir plus sur le Pass.<\/li>\n<\/ul>\n<p><strong>Microsoft Office 2021 Licence professionnelle pour 3 PC<\/strong><\/p>\n<p><strong>Avec cette licence, le logiciel peut \u00eatre activ\u00e9 sur 3 appareils diff\u00e9rents, par exemple un PC domestique, un ordinateur portable et un PC professionnel.<\/strong><\/p>\n<p>Microsoft Office 2021 Professional Plus Edition est id\u00e9al pour les utilisateurs qui utilisent une gamme compl\u00e8te d'applications domestiques ou bureautiques. Comprend toute la gamme d'applications Microsoft Office : Word, Excel, Outlook, PowerPoint, Publisher et Access. OneNote, que vous pouvez t\u00e9l\u00e9charger \u00e0 partir du Microsoft Windows Store, vous permet de prendre rapidement des notes et de les rendre disponibles sur tous vos appareils via le cloud. B\u00e9n\u00e9ficiez de performances, d'une stabilit\u00e9 et d'une rapidit\u00e9 accrues dans Word, Excel, PowerPoint et Outlook. La suite Microsoft Office 2021 offre des outils de recherche, d'encre, des types de donn\u00e9es, des fonctionnalit\u00e9s, des outils de traduction et d'\u00e9dition nouveaux et am\u00e9lior\u00e9s, des graphiques anim\u00e9s, des fonctionnalit\u00e9s conviviales et bien d'autres choses encore.<\/p>\n<ul>\n<li><strong>Parole :<\/strong>\u00a0Cr\u00e9ez des documents texte de qualit\u00e9 professionnelle en un rien de temps.<\/li>\n<li><strong>Excel :<\/strong>\u00a0Des feuilles de calcul intelligentes, d\u00e9sormais dot\u00e9es de nouvelles fonctionnalit\u00e9s telles que XLOOKUP<\/li>\n<li><strong>Power Point :<\/strong>\u00a0Des fonctions nouvelles et am\u00e9lior\u00e9es pour cr\u00e9er des pr\u00e9sentations dynamiques impressionnantes.<\/li>\n<li><strong>OneNote :<\/strong>\u00a0votre carnet de notes num\u00e9rique dans le nuage.<\/li>\n<li><strong>Perspectives :<\/strong>\u00a0La communication est simplifi\u00e9e ; elle comprend d\u00e9sormais de puissantes fonctions de traduction.<\/li>\n<li><strong>\u00c9diteur :<\/strong>\u00a0Cr\u00e9er des mises en page pour des publications professionnelles<\/li>\n<li><strong>Acc\u00e8s :<\/strong>\u00a0Cr\u00e9ation simple et puissante de bases de donn\u00e9es<\/li>\n<li><strong>\u00c9quipes Microsoft :<\/strong>\u00a0Travaillez de mani\u00e8re plus productive gr\u00e2ce \u00e0 la messagerie instantan\u00e9e HD et \u00e0 la vid\u00e9oconf\u00e9rence<\/li>\n<\/ul>\n<p><strong>N\u00c9CESSITE WINDOWS 10 OU 11 !<\/strong><\/p>\n<p><strong>Soutien :<\/strong><br \/>\nPour toute question, vous pouvez toujours <a href=\"mailto:holland@winandofficews.com\">par courrier \u00e9lectronique<\/a> nous contacter. Notre service client\u00e8le est disponible 7 jours par semaine et 24 heures par jour.<\/p>\n<p>&nbsp;<\/p>\n<div id=\"gtx-trans\">\n<div class=\"gtx-trans-icon\"><\/div>\n<\/div>\n<div id=\"gtx-trans\">\n<div class=\"gtx-trans-icon\"><\/div>\n<\/div>","protected":false},"excerpt":{"rendered":"<ul>\n<li>Microsoft Windows Microsoft Office 2021 Professional Plus + Microsoft Windows 11 Home Licence for 3 PCs<strong><br \/>\n<\/strong><\/li>\n<li><strong>Avec cette licence, le logiciel peut \u00eatre activ\u00e9 sur 3 appareils diff\u00e9rents<\/strong>PC domestique, ordinateur portable et PC professionnel<\/li>\n<li>Versions pour syst\u00e8mes 64 bits disponibles<\/li>\n<li>Livraison par courrier \u00e9lectronique : cl\u00e9 de produit, instructions, liens de t\u00e9l\u00e9chargement, facture<\/li>\n<li>T\u00e9l\u00e9charger imm\u00e9diatement !<\/li>\n<li>Pas de limite de temps, pas d'abonnement<\/li>\n<li>Assistance gratuite pendant l'installation et l'activation<\/li>\n<li>Non disponible sur support physique (USB, CD, etc.)<\/li>\n<li>Activation en ligne et par t\u00e9l\u00e9phone<\/li>\n<li><strong><span style=\"color: #008000;\"> Ce produit est compatible avec Microsoft Windows.<\/span><\/strong><\/li>\n<li><strong><span style=\"color: #ff0000;\">NON compatible avec Apple macOS\u2122, les processeurs Apple, Parallels pour Mac, les appareils Android et les Chromebooks.<\/span><\/strong><\/li>\n<\/ul>","protected":false},"featured_media":1000007992,"comment_status":"closed","ping_status":"closed","template":"","meta":{"_acf_changed":false},"product_brand":[],"product_cat":[157],"product_tag":[305,306],"class_list":{"0":"post-87412","1":"product","2":"type-product","3":"status-publish","4":"has-post-thumbnail","6":"product_cat-combo","7":"product_tag-microsoft-windows-11-home-microsoft-office-2021-professional","8":"product_tag-microsoft-windows-11-home-microsoft-office-2021-professional-licentie-voor-3-pcs","10":"first","11":"instock","12":"sale","13":"virtual","14":"taxable","15":"purchasable","16":"product-type-simple"},"acf":[],"yoast_head":"<!-- This site is optimized with the Yoast SEO plugin v27.3 - https:\/\/yoast.com\/product\/yoast-seo-wordpress\/ -->\n<title>Microsoft Windows 11 Home + Microsoft Office 2021 Professional Licentie voor 3 pc&#039;s - Holland<\/title>\n<meta name=\"robots\" content=\"index, follow, max-snippet:-1, max-image-preview:large, max-video-preview:-1\" \/>\n<link rel=\"canonical\" href=\"https:\/\/winandofficews.com\/holland\/fr\/produit\/microsoft-windows-11-home-microsoft-office-2021-professional-licentie-voor-3-pcs\/\" \/>\n<meta property=\"og:locale\" content=\"fr_FR\" \/>\n<meta property=\"og:type\" content=\"article\" \/>\n<meta property=\"og:title\" content=\"Microsoft Windows 11 Home + Microsoft Office 2021 Professional Licentie voor 3 pc&#039;s - Holland\" \/>\n<meta property=\"og:description\" content=\"Microsoft Windows Microsoft Office 2021 Professional Plus + Microsoft Windows 11 Home Licentie voor 3 pc&#039;s   Met deze licentie kan de software op 3 verschillende apparaten worden geactiveerd, bijvoorbeeld thuis-pc, notebook en werk-pc  Versies voor 64-bits systemen beschikbaar  E-mailbezorging: productsleutel, instructies, downloadlinks, factuur  Direct downloaden!  Geen tijdslimiet, geen abonnement  Gratis ondersteuning tijdens installatie en activering  Niet beschikbaar op fysieke media (USB, cd, enz.)  Activering online en telefonisch   Dit product is compatibel met Microsoft Windows.  NIET compatibel met Apple macOS\u2122, Apple-processors, Parallels voor Mac, Android-apparaten en Chromebooks.\" \/>\n<meta property=\"og:url\" content=\"https:\/\/winandofficews.com\/holland\/fr\/produit\/microsoft-windows-11-home-microsoft-office-2021-professional-licentie-voor-3-pcs\/\" \/>\n<meta property=\"og:site_name\" content=\"Holland\" \/>\n<meta property=\"article:modified_time\" content=\"2026-04-03T09:53:32+00:00\" \/>\n<meta name=\"twitter:card\" content=\"summary_large_image\" \/>\n<meta name=\"twitter:label1\" content=\"Dur\u00e9e de lecture estim\u00e9e\" \/>\n\t<meta name=\"twitter:data1\" content=\"5 minutes\" \/>\n<script type=\"application\/ld+json\" class=\"yoast-schema-graph\">{\"@context\":\"https:\\\/\\\/schema.org\",\"@graph\":[{\"@type\":\"WebPage\",\"@id\":\"https:\\\/\\\/winandofficews.com\\\/holland\\\/product\\\/microsoft-windows-11-home-microsoft-office-2021-professional-licentie-voor-3-pcs\\\/\",\"url\":\"https:\\\/\\\/winandofficews.com\\\/holland\\\/product\\\/microsoft-windows-11-home-microsoft-office-2021-professional-licentie-voor-3-pcs\\\/\",\"name\":\"Microsoft Windows 11 Home + Microsoft Office 2021 Professional Licentie voor 3 pc's - Holland\",\"isPartOf\":{\"@id\":\"https:\\\/\\\/winandofficews.com\\\/holland\\\/#website\"},\"primaryImageOfPage\":{\"@id\":\"https:\\\/\\\/winandofficews.com\\\/holland\\\/product\\\/microsoft-windows-11-home-microsoft-office-2021-professional-licentie-voor-3-pcs\\\/#primaryimage\"},\"image\":{\"@id\":\"https:\\\/\\\/winandofficews.com\\\/holland\\\/product\\\/microsoft-windows-11-home-microsoft-office-2021-professional-licentie-voor-3-pcs\\\/#primaryimage\"},\"thumbnailUrl\":\"https:\\\/\\\/winandofficews.com\\\/holland\\\/wp-content\\\/uploads\\\/W11HO21P.png\",\"datePublished\":\"2025-06-21T06:10:40+00:00\",\"dateModified\":\"2026-04-03T09:53:32+00:00\",\"breadcrumb\":{\"@id\":\"https:\\\/\\\/winandofficews.com\\\/holland\\\/product\\\/microsoft-windows-11-home-microsoft-office-2021-professional-licentie-voor-3-pcs\\\/#breadcrumb\"},\"inLanguage\":\"fr-FR\",\"potentialAction\":[{\"@type\":\"ReadAction\",\"target\":[\"https:\\\/\\\/winandofficews.com\\\/holland\\\/product\\\/microsoft-windows-11-home-microsoft-office-2021-professional-licentie-voor-3-pcs\\\/\"]}]},{\"@type\":\"ImageObject\",\"inLanguage\":\"fr-FR\",\"@id\":\"https:\\\/\\\/winandofficews.com\\\/holland\\\/product\\\/microsoft-windows-11-home-microsoft-office-2021-professional-licentie-voor-3-pcs\\\/#primaryimage\",\"url\":\"https:\\\/\\\/winandofficews.com\\\/holland\\\/wp-content\\\/uploads\\\/W11HO21P.png\",\"contentUrl\":\"https:\\\/\\\/winandofficews.com\\\/holland\\\/wp-content\\\/uploads\\\/W11HO21P.png\"},{\"@type\":\"BreadcrumbList\",\"@id\":\"https:\\\/\\\/winandofficews.com\\\/holland\\\/product\\\/microsoft-windows-11-home-microsoft-office-2021-professional-licentie-voor-3-pcs\\\/#breadcrumb\",\"itemListElement\":[{\"@type\":\"ListItem\",\"position\":1,\"name\":\"Home\",\"item\":\"https:\\\/\\\/winandofficews.com\\\/holland\\\/\"},{\"@type\":\"ListItem\",\"position\":2,\"name\":\"Shop\",\"item\":\"https:\\\/\\\/winandofficews.com\\\/holland\\\/shop\\\/\"},{\"@type\":\"ListItem\",\"position\":3,\"name\":\"Microsoft Windows 11 Home + Microsoft Office 2021 Professional Licentie voor 3 pc&#8217;s\"}]},{\"@type\":\"WebSite\",\"@id\":\"https:\\\/\\\/winandofficews.com\\\/holland\\\/#website\",\"url\":\"https:\\\/\\\/winandofficews.com\\\/holland\\\/\",\"name\":\"Holland\",\"description\":\"Wholesales Store of Office\",\"publisher\":{\"@id\":\"https:\\\/\\\/winandofficews.com\\\/holland\\\/#organization\"},\"potentialAction\":[{\"@type\":\"SearchAction\",\"target\":{\"@type\":\"EntryPoint\",\"urlTemplate\":\"https:\\\/\\\/winandofficews.com\\\/holland\\\/?s={search_term_string}\"},\"query-input\":{\"@type\":\"PropertyValueSpecification\",\"valueRequired\":true,\"valueName\":\"search_term_string\"}}],\"inLanguage\":\"fr-FR\"},{\"@type\":\"Organization\",\"@id\":\"https:\\\/\\\/winandofficews.com\\\/holland\\\/#organization\",\"name\":\"Holland\",\"url\":\"https:\\\/\\\/winandofficews.com\\\/holland\\\/\",\"logo\":{\"@type\":\"ImageObject\",\"inLanguage\":\"fr-FR\",\"@id\":\"https:\\\/\\\/winandofficews.com\\\/holland\\\/#\\\/schema\\\/logo\\\/image\\\/\",\"url\":\"https:\\\/\\\/winandofficews.com\\\/holland\\\/wp-content\\\/uploads\\\/sites\\\/25\\\/logo14.png\",\"contentUrl\":\"https:\\\/\\\/winandofficews.com\\\/holland\\\/wp-content\\\/uploads\\\/sites\\\/25\\\/logo14.png\",\"width\":322,\"height\":116,\"caption\":\"Holland\"},\"image\":{\"@id\":\"https:\\\/\\\/winandofficews.com\\\/holland\\\/#\\\/schema\\\/logo\\\/image\\\/\"}}]}<\/script>\n<!-- \/ Yoast SEO plugin. -->","yoast_head_json":{"title":"Microsoft Windows 11 Home + Microsoft Office 2021 Professional Licentie voor 3 pc's - Holland","robots":{"index":"index","follow":"follow","max-snippet":"max-snippet:-1","max-image-preview":"max-image-preview:large","max-video-preview":"max-video-preview:-1"},"canonical":"https:\/\/winandofficews.com\/holland\/fr\/produit\/microsoft-windows-11-home-microsoft-office-2021-professional-licentie-voor-3-pcs\/","og_locale":"fr_FR","og_type":"article","og_title":"Microsoft Windows 11 Home + Microsoft Office 2021 Professional Licentie voor 3 pc's - Holland","og_description":"Microsoft Windows Microsoft Office 2021 Professional Plus + Microsoft Windows 11 Home Licentie voor 3 pc's   Met deze licentie kan de software op 3 verschillende apparaten worden geactiveerd, bijvoorbeeld thuis-pc, notebook en werk-pc  Versies voor 64-bits systemen beschikbaar  E-mailbezorging: productsleutel, instructies, downloadlinks, factuur  Direct downloaden!  Geen tijdslimiet, geen abonnement  Gratis ondersteuning tijdens installatie en activering  Niet beschikbaar op fysieke media (USB, cd, enz.)  Activering online en telefonisch   Dit product is compatibel met Microsoft Windows.  NIET compatibel met Apple macOS\u2122, Apple-processors, Parallels voor Mac, Android-apparaten en Chromebooks.","og_url":"https:\/\/winandofficews.com\/holland\/fr\/produit\/microsoft-windows-11-home-microsoft-office-2021-professional-licentie-voor-3-pcs\/","og_site_name":"Holland","article_modified_time":"2026-04-03T09:53:32+00:00","twitter_card":"summary_large_image","twitter_misc":{"Dur\u00e9e de lecture estim\u00e9e":"5 minutes"},"schema":{"@context":"https:\/\/schema.org","@graph":[{"@type":"WebPage","@id":"https:\/\/winandofficews.com\/holland\/product\/microsoft-windows-11-home-microsoft-office-2021-professional-licentie-voor-3-pcs\/","url":"https:\/\/winandofficews.com\/holland\/product\/microsoft-windows-11-home-microsoft-office-2021-professional-licentie-voor-3-pcs\/","name":"Microsoft Windows 11 Home + Microsoft Office 2021 Professional Licentie voor 3 pc's - Holland","isPartOf":{"@id":"https:\/\/winandofficews.com\/holland\/#website"},"primaryImageOfPage":{"@id":"https:\/\/winandofficews.com\/holland\/product\/microsoft-windows-11-home-microsoft-office-2021-professional-licentie-voor-3-pcs\/#primaryimage"},"image":{"@id":"https:\/\/winandofficews.com\/holland\/product\/microsoft-windows-11-home-microsoft-office-2021-professional-licentie-voor-3-pcs\/#primaryimage"},"thumbnailUrl":"https:\/\/winandofficews.com\/holland\/wp-content\/uploads\/W11HO21P.png","datePublished":"2025-06-21T06:10:40+00:00","dateModified":"2026-04-03T09:53:32+00:00","breadcrumb":{"@id":"https:\/\/winandofficews.com\/holland\/product\/microsoft-windows-11-home-microsoft-office-2021-professional-licentie-voor-3-pcs\/#breadcrumb"},"inLanguage":"fr-FR","potentialAction":[{"@type":"ReadAction","target":["https:\/\/winandofficews.com\/holland\/product\/microsoft-windows-11-home-microsoft-office-2021-professional-licentie-voor-3-pcs\/"]}]},{"@type":"ImageObject","inLanguage":"fr-FR","@id":"https:\/\/winandofficews.com\/holland\/product\/microsoft-windows-11-home-microsoft-office-2021-professional-licentie-voor-3-pcs\/#primaryimage","url":"https:\/\/winandofficews.com\/holland\/wp-content\/uploads\/W11HO21P.png","contentUrl":"https:\/\/winandofficews.com\/holland\/wp-content\/uploads\/W11HO21P.png"},{"@type":"BreadcrumbList","@id":"https:\/\/winandofficews.com\/holland\/product\/microsoft-windows-11-home-microsoft-office-2021-professional-licentie-voor-3-pcs\/#breadcrumb","itemListElement":[{"@type":"ListItem","position":1,"name":"Home","item":"https:\/\/winandofficews.com\/holland\/"},{"@type":"ListItem","position":2,"name":"Shop","item":"https:\/\/winandofficews.com\/holland\/shop\/"},{"@type":"ListItem","position":3,"name":"Microsoft Windows 11 Home + Microsoft Office 2021 Professional Licentie voor 3 pc&#8217;s"}]},{"@type":"WebSite","@id":"https:\/\/winandofficews.com\/holland\/#website","url":"https:\/\/winandofficews.com\/holland\/","name":"Pays-Bas","description":"Wholesales Store of Office","publisher":{"@id":"https:\/\/winandofficews.com\/holland\/#organization"},"potentialAction":[{"@type":"SearchAction","target":{"@type":"EntryPoint","urlTemplate":"https:\/\/winandofficews.com\/holland\/?s={search_term_string}"},"query-input":{"@type":"PropertyValueSpecification","valueRequired":true,"valueName":"search_term_string"}}],"inLanguage":"fr-FR"},{"@type":"Organization","@id":"https:\/\/winandofficews.com\/holland\/#organization","name":"Pays-Bas","url":"https:\/\/winandofficews.com\/holland\/","logo":{"@type":"ImageObject","inLanguage":"fr-FR","@id":"https:\/\/winandofficews.com\/holland\/#\/schema\/logo\/image\/","url":"https:\/\/winandofficews.com\/holland\/wp-content\/uploads\/sites\/25\/logo14.png","contentUrl":"https:\/\/winandofficews.com\/holland\/wp-content\/uploads\/sites\/25\/logo14.png","width":322,"height":116,"caption":"Holland"},"image":{"@id":"https:\/\/winandofficews.com\/holland\/#\/schema\/logo\/image\/"}}]}},"_links":{"self":[{"href":"https:\/\/winandofficews.com\/holland\/fr\/wp-json\/wp\/v2\/product\/87412","targetHints":{"allow":["GET"]}}],"collection":[{"href":"https:\/\/winandofficews.com\/holland\/fr\/wp-json\/wp\/v2\/product"}],"about":[{"href":"https:\/\/winandofficews.com\/holland\/fr\/wp-json\/wp\/v2\/types\/product"}],"replies":[{"embeddable":true,"href":"https:\/\/winandofficews.com\/holland\/fr\/wp-json\/wp\/v2\/comments?post=87412"}],"wp:featuredmedia":[{"embeddable":true,"href":"https:\/\/winandofficews.com\/holland\/fr\/wp-json\/"}],"wp:attachment":[{"href":"https:\/\/winandofficews.com\/holland\/fr\/wp-json\/wp\/v2\/media?parent=87412"}],"wp:term":[{"taxonomy":"product_brand","embeddable":true,"href":"https:\/\/winandofficews.com\/holland\/fr\/wp-json\/wp\/v2\/product_brand?post=87412"},{"taxonomy":"product_cat","embeddable":true,"href":"https:\/\/winandofficews.com\/holland\/fr\/wp-json\/wp\/v2\/product_cat?post=87412"},{"taxonomy":"product_tag","embeddable":true,"href":"https:\/\/winandofficews.com\/holland\/fr\/wp-json\/wp\/v2\/product_tag?post=87412"}],"curies":[{"name":"wp","href":"https:\/\/api.w.org\/{rel}","templated":true}]}}