{"id":87408,"date":"2025-06-21T08:10:39","date_gmt":"2025-06-21T06:10:39","guid":{"rendered":"https:\/\/winandofficews.com\/holland\/?post_type=product&#038;p=87408"},"modified":"2026-04-03T11:53:25","modified_gmt":"2026-04-03T09:53:25","slug":"microsoft-visio-2021-standard-microsoft-project-2021-professional-microsoft-office-2021-professional-plus-microsoft-windows-11-professional-licentie-voor-3-pcs","status":"publish","type":"product","link":"https:\/\/winandofficews.com\/holland\/fr\/produit\/microsoft-visio-2021-standard-microsoft-project-2021-professional-microsoft-office-2021-professional-plus-microsoft-windows-11-professional-licentie-voor-3-pcs\/","title":{"rendered":"Microsoft Visio 2021 Standard, Microsoft Project 2021 Professional, Microsoft Office 2021 Professional Plus, Microsoft Windows 11 Professional Licence for 3 PCs"},"content":{"rendered":"<p><strong>Microsoft Windows 11 Licence professionnelle pour 3 PC<\/strong><\/p>\n<p><strong>Avec cette licence, le logiciel peut \u00eatre activ\u00e9 sur 3 appareils diff\u00e9rents, par exemple un PC domestique, un ordinateur portable et un PC professionnel.<\/strong><\/p>\n<p><strong>Exigences du syst\u00e8me<\/strong><\/p>\n<p><strong>Assurez-vous de remplir toutes les conditions requises pour installer la derni\u00e8re version de Microsoft Windows, le syst\u00e8me d'exploitation de Microsoft !<\/strong><\/p>\n<p>Il s'agit des conditions de base pour installer Microsoft Windows 11 sur un PC. Si votre appareil ne r\u00e9pond pas \u00e0 ces exigences, il se peut que vous ne puissiez pas installer le Microsoft Windows 11 sur celui-ci et que vous deviez envisager l'achat d'un nouveau PC. Si vous n'\u00eates pas s\u00fbr que votre PC r\u00e9ponde \u00e0 ces exigences, vous pouvez contacter le fabricant de votre PC (OEM) ou, si votre appareil utilise d\u00e9j\u00e0 le Microsoft Windows 10, vous pouvez utiliser l'application PC Health Check pour \u00e9valuer la compatibilit\u00e9 ( <a href=\"https:\/\/aka.ms\/GetPCHealthCheckApp\"><strong>cliquez ici pour <\/strong><\/a><a href=\"https:\/\/aka.ms\/GetPCHealthCheckApp\"><strong>t\u00e9l\u00e9charger <\/strong><\/a>).<\/p>\n<table>\n<tbody>\n<tr>\n<td><strong>processeur :<\/strong><\/td>\n<td>Fr\u00e9quence de 1 gigahertz (GHz) ou plus, avec 2 c\u0153urs ou plus dans un ordinateur de bureau. <a href=\"https:\/\/docs.microsoft.com\/es-es\/windows-hardware\/design\/minimum\/windows-processor-requirements\"><strong>Processeur compatible 64 bits <\/strong><\/a><a href=\"https:\/\/docs.microsoft.com\/es-es\/windows-hardware\/design\/minimum\/windows-processor-requirements\"><strong>ou <\/strong><\/a>\u201d Syst\u00e8me \u201d sur puce \u201d ( SoC )<\/td>\n<\/tr>\n<tr>\n<td><strong>RAM :<\/strong><\/td>\n<td>4 gigaoctets (Go)<\/td>\n<\/tr>\n<tr>\n<td><strong>Stockage :<\/strong><\/td>\n<td>64 Go ou plus d'espace de stockage disponible sur l'appareil<\/p>\n<p>Note : Voir \"Plus d'informations sur l'espace de stockage n\u00e9cessaire pour maintenir Microsoft Windows 11 \u00e0 jour\".<\/td>\n<\/tr>\n<tr>\n<td><strong>Micrologiciel du syst\u00e8me :<\/strong><\/td>\n<td>besoin d'un ordinateur avec <a href=\"https:\/\/www.xataka.com\/basics\/uefi-y-bios-cuales-son-las-diferencias\">UEFI <\/a>et compatible avec <a href=\"https:\/\/www.xataka.com\/basics\/que-secure-boot-uefi-como-puedes-desactivarlo\">Amor\u00e7age s\u00e9curis\u00e9 <\/a>.<\/td>\n<\/tr>\n<tr>\n<td><strong>TPM :<\/strong><\/td>\n<td>Trusted Platform Module (TPM) version 2.0 (requis sur le mat\u00e9riel de chaque ordinateur Microsoft Windows depuis 2016)<\/td>\n<\/tr>\n<tr>\n<td><strong>Carte graphique :<\/strong><\/td>\n<td>Compatible avec DirectX 12 ou plus avec le pilote WDDM 2.0<\/td>\n<\/tr>\n<tr>\n<td><strong>\u00c9cran :<\/strong><\/td>\n<td>\u00c9cran d'au moins 9 pouces de diagonale, haute d\u00e9finition 720p et 8 bits par canal de couleur.<\/td>\n<\/tr>\n<tr>\n<td><strong>Connexion Internet et comptes Microsoft :<\/strong><\/td>\n<td>Vous aurez besoin d'un compte Microsoft et d'\u00eatre connect\u00e9 \u00e0 l'internet pour l'installation initiale et les \u00e9ventuelles mises \u00e0 jour.<\/td>\n<\/tr>\n<\/tbody>\n<\/table>\n<p><strong>Microsoft Project 2021 Professional Licentie voor 3 pc&#8217;s<\/strong><\/p>\n<p><strong>Avec cette licence, le logiciel peut \u00eatre activ\u00e9 sur 3 appareils diff\u00e9rents, par exemple un PC domestique, un ordinateur portable et un PC professionnel.<\/strong><\/p>\n<p>De krachtige Microsoft Project Professional 2021 &#8211; editie biedt uitgebreide functies en nieuwe interfaces voor MS SharePoint, Microsoft Project Server en Skype. De software maakt optimaal gebruik van de vele voordelen van het besturingssysteem Microsoft Windows 10 of 11, maar is niet compatibel met eerdere versies van Microsoft Windows. MS Microsoft Project Professional 2021 is primair gericht op projectmanagers in bedrijven die hun individuele projecten plannen, controleren, documenteren en vervolgens analyseren.<\/p>\n<p><strong>Microsoft Office 2021 Professional Plus License for 3 PCs<\/strong><\/p>\n<p><strong>Avec cette licence, le logiciel peut \u00eatre activ\u00e9 sur 3 appareils diff\u00e9rents, par exemple un PC domestique, un ordinateur portable et un PC professionnel.<\/strong><\/p>\n<p>Microsoft Office-gebruikers die de volledige reeks toepassingen thuis of op kantoor gebruiken, wordt aangeraden om Microsoft Office 2021 Professional Plus Edition te gebruiken . Alle belangrijke programma&#8217;s zijn inbegrepen: Word, Excel, Outlook, PowerPoint, Publisher en Access. OneNote kan nu worden gedownload van de Microsoft Windows Store, zodat u snel aantekeningen kunt maken en deze via de cloud op verschillende apparaten kunt delen. Door de grote keuze aan verschillende programma&#8217;s is de Professional Plus-versie vooral gericht op mensen die thuis, in het thuiskantoor werken of op zoek zijn naar een krachtige en betrouwbare oplossing op kantoor om documenten, spreadsheets, etc. te ordenen.<\/p>\n<ul>\n<li><strong>Parole :<\/strong>\u00a0Cr\u00e9er des documents texte de qualit\u00e9 professionnelle en un rien de temps<\/li>\n<li><strong>Excel :<\/strong> Des feuilles de calcul intelligentes pour la gestion de l'information<\/li>\n<li><strong>Power Point : <\/strong>Cr\u00e9er des pr\u00e9sentations dynamiques et impressionnantes<\/li>\n<li><strong>OneNote :<\/strong>\u00a0Votre carnet de notes num\u00e9rique<\/li>\n<li><strong>Perspectives :<\/strong>\u00a0Une communication simplifi\u00e9e<\/li>\n<li><strong>\u00c9diteur : <\/strong>Cr\u00e9er des mises en page pour des publications professionnelles<\/li>\n<li><strong>Acc\u00e8s :<\/strong>\u00a0Programmation de bases de donn\u00e9es pour les applications bas\u00e9es sur un navigateur<\/li>\n<li><strong>\u00c9quipes Microsoft :<\/strong>\u00a0Travaillez de mani\u00e8re plus productive gr\u00e2ce \u00e0 la messagerie instantan\u00e9e HD et \u00e0 la vid\u00e9oconf\u00e9rence<\/li>\n<\/ul>\n<p><strong>Microsoft Visio 2021 Standard Licentie voor 3 pc&#8217;s<\/strong><\/p>\n<p><strong>Avec cette licence, le logiciel peut \u00eatre activ\u00e9 sur 3 appareils diff\u00e9rents, par exemple un PC domestique, un ordinateur portable et un PC professionnel.<\/strong><\/p>\n<p>Microsoft Visio Standard 2021 is de nieuwste generatie van de populaire software van Microsoft voor het maken en bewerken van diagrammen en visualisaties. Microsoft Visio Standard is met name geschikt voor bedrijven omdat meerdere gebruikers in een team of afdeling tegelijkertijd aan diagrammen kunnen werken. Er zijn veel interfaces beschikbaar om de voltooide visualisaties intern en extern te delen met geselecteerde mensen. Microsoft heeft veel werk verzet aan de sjablonen en vormen die continu in Microsoft Visio worden gebruikt. De stijlen van de grafieken zijn ook verbeterd om ze visueel opvallender te maken en ze ook leesbaarder te maken. Met Microsoft Visio Standard 2021 heb je ook de mogelijkheid om data realtime in een bestaande visualisatie te brengen.<\/p>\n<p><strong>Soutien :<\/strong><br \/>\nPour toute question, vous pouvez toujours <a href=\"mailto:holland@winandofficews.com\">par courrier \u00e9lectronique<\/a> nous contacter. Notre service client\u00e8le est disponible 7 jours par semaine et 24 heures par jour.<\/p>","protected":false},"excerpt":{"rendered":"<ul>\n<li>Microsoft Visio 2021 Standard, Microsoft Project 2021 Professional, Microsoft Office 2021 Professional Plus, Microsoft Windows 11 Pro Licentie voor 3 pc&#8217;s<\/li>\n<li><strong>Avec cette licence, le logiciel peut \u00eatre activ\u00e9 sur 3 appareils diff\u00e9rents<\/strong>PC domestique, ordinateur portable et PC professionnel<\/li>\n<li>Versions pour syst\u00e8mes 64 bits disponibles<\/li>\n<li>Livraison par courrier \u00e9lectronique : cl\u00e9 de produit, instructions, liens de t\u00e9l\u00e9chargement, facture<\/li>\n<li>T\u00e9l\u00e9charger imm\u00e9diatement !<\/li>\n<li>Pas de limite de temps, pas d'abonnement<\/li>\n<li>Assistance gratuite pendant l'installation et l'activation<\/li>\n<li>Non disponible sur support physique (USB, CD, etc.)<\/li>\n<li>Activation en ligne et par t\u00e9l\u00e9phone<\/li>\n<li><strong><span style=\"color: #008000;\"> Ce produit est compatible avec Microsoft Windows.<\/span><\/strong><\/li>\n<li><strong><span style=\"color: #ff0000;\">NON compatible avec Apple macOS\u2122, les processeurs Apple, Parallels pour Mac, les appareils Android et les Chromebooks.<\/span><\/strong><\/li>\n<\/ul>","protected":false},"featured_media":1000008008,"comment_status":"closed","ping_status":"closed","template":"","meta":{"_acf_changed":false},"product_brand":[],"product_cat":[157],"product_tag":[294,295,296,297],"class_list":{"0":"post-87408","1":"product","2":"type-product","3":"status-publish","4":"has-post-thumbnail","6":"product_cat-combo","7":"product_tag-microsoft-visio-2021-standard","8":"product_tag-office-2021-pro-plus","9":"product_tag-project-2021-pro","10":"product_tag-windows-11-pro-licentie-voor-3-pcs","12":"first","13":"instock","14":"sale","15":"virtual","16":"taxable","17":"purchasable","18":"product-type-simple"},"acf":[],"yoast_head":"<!-- This site is optimized with the Yoast SEO plugin v27.3 - https:\/\/yoast.com\/product\/yoast-seo-wordpress\/ -->\n<title>Microsoft Visio 2021 Standard, Microsoft Project 2021 Professional, Microsoft Office 2021 Professional Plus, Microsoft Windows 11 Professional Licentie voor 3 pc&#039;s - Holland<\/title>\n<meta name=\"robots\" content=\"index, follow, max-snippet:-1, max-image-preview:large, max-video-preview:-1\" \/>\n<link rel=\"canonical\" href=\"https:\/\/winandofficews.com\/holland\/fr\/produit\/microsoft-visio-2021-standard-microsoft-project-2021-professional-microsoft-office-2021-professional-plus-microsoft-windows-11-professional-licentie-voor-3-pcs\/\" \/>\n<meta property=\"og:locale\" content=\"fr_FR\" \/>\n<meta property=\"og:type\" content=\"article\" \/>\n<meta property=\"og:title\" content=\"Microsoft Visio 2021 Standard, Microsoft Project 2021 Professional, Microsoft Office 2021 Professional Plus, Microsoft Windows 11 Professional Licentie voor 3 pc&#039;s - Holland\" \/>\n<meta property=\"og:description\" content=\"Microsoft Visio 2021 Standard, Microsoft Project 2021 Professional, Microsoft Office 2021 Professional Plus, Microsoft Windows 11 Pro Licentie voor 3 pc&#039;s  Met deze licentie kan de software op 3 verschillende apparaten worden geactiveerd, bijvoorbeeld thuis-pc, notebook en werk-pc  Versies voor 64-bits systemen beschikbaar  E-mailbezorging: productsleutel, instructies, downloadlinks, factuur  Direct downloaden!  Geen tijdslimiet, geen abonnement  Gratis ondersteuning tijdens installatie en activering  Niet beschikbaar op fysieke media (USB, cd, enz.)  Activering online en telefonisch   Dit product is compatibel met Microsoft Windows.  NIET compatibel met Apple macOS\u2122, Apple-processors, Parallels voor Mac, Android-apparaten en Chromebooks.\" \/>\n<meta property=\"og:url\" content=\"https:\/\/winandofficews.com\/holland\/fr\/produit\/microsoft-visio-2021-standard-microsoft-project-2021-professional-microsoft-office-2021-professional-plus-microsoft-windows-11-professional-licentie-voor-3-pcs\/\" \/>\n<meta property=\"og:site_name\" content=\"Holland\" \/>\n<meta property=\"article:modified_time\" content=\"2026-04-03T09:53:25+00:00\" \/>\n<meta name=\"twitter:card\" content=\"summary_large_image\" \/>\n<meta name=\"twitter:label1\" content=\"Dur\u00e9e de lecture estim\u00e9e\" \/>\n\t<meta name=\"twitter:data1\" content=\"4 minutes\" \/>\n<script type=\"application\/ld+json\" class=\"yoast-schema-graph\">{\"@context\":\"https:\\\/\\\/schema.org\",\"@graph\":[{\"@type\":\"WebPage\",\"@id\":\"https:\\\/\\\/winandofficews.com\\\/holland\\\/product\\\/microsoft-visio-2021-standard-microsoft-project-2021-professional-microsoft-office-2021-professional-plus-microsoft-windows-11-professional-licentie-voor-3-pcs\\\/\",\"url\":\"https:\\\/\\\/winandofficews.com\\\/holland\\\/product\\\/microsoft-visio-2021-standard-microsoft-project-2021-professional-microsoft-office-2021-professional-plus-microsoft-windows-11-professional-licentie-voor-3-pcs\\\/\",\"name\":\"Microsoft Visio 2021 Standard, Microsoft Project 2021 Professional, Microsoft Office 2021 Professional Plus, Microsoft Windows 11 Professional Licentie voor 3 pc's - Holland\",\"isPartOf\":{\"@id\":\"https:\\\/\\\/winandofficews.com\\\/holland\\\/#website\"},\"primaryImageOfPage\":{\"@id\":\"https:\\\/\\\/winandofficews.com\\\/holland\\\/product\\\/microsoft-visio-2021-standard-microsoft-project-2021-professional-microsoft-office-2021-professional-plus-microsoft-windows-11-professional-licentie-voor-3-pcs\\\/#primaryimage\"},\"image\":{\"@id\":\"https:\\\/\\\/winandofficews.com\\\/holland\\\/product\\\/microsoft-visio-2021-standard-microsoft-project-2021-professional-microsoft-office-2021-professional-plus-microsoft-windows-11-professional-licentie-voor-3-pcs\\\/#primaryimage\"},\"thumbnailUrl\":\"https:\\\/\\\/winandofficews.com\\\/holland\\\/wp-content\\\/uploads\\\/W11PO21PP21PV21S.png\",\"datePublished\":\"2025-06-21T06:10:39+00:00\",\"dateModified\":\"2026-04-03T09:53:25+00:00\",\"breadcrumb\":{\"@id\":\"https:\\\/\\\/winandofficews.com\\\/holland\\\/product\\\/microsoft-visio-2021-standard-microsoft-project-2021-professional-microsoft-office-2021-professional-plus-microsoft-windows-11-professional-licentie-voor-3-pcs\\\/#breadcrumb\"},\"inLanguage\":\"fr-FR\",\"potentialAction\":[{\"@type\":\"ReadAction\",\"target\":[\"https:\\\/\\\/winandofficews.com\\\/holland\\\/product\\\/microsoft-visio-2021-standard-microsoft-project-2021-professional-microsoft-office-2021-professional-plus-microsoft-windows-11-professional-licentie-voor-3-pcs\\\/\"]}]},{\"@type\":\"ImageObject\",\"inLanguage\":\"fr-FR\",\"@id\":\"https:\\\/\\\/winandofficews.com\\\/holland\\\/product\\\/microsoft-visio-2021-standard-microsoft-project-2021-professional-microsoft-office-2021-professional-plus-microsoft-windows-11-professional-licentie-voor-3-pcs\\\/#primaryimage\",\"url\":\"https:\\\/\\\/winandofficews.com\\\/holland\\\/wp-content\\\/uploads\\\/W11PO21PP21PV21S.png\",\"contentUrl\":\"https:\\\/\\\/winandofficews.com\\\/holland\\\/wp-content\\\/uploads\\\/W11PO21PP21PV21S.png\"},{\"@type\":\"BreadcrumbList\",\"@id\":\"https:\\\/\\\/winandofficews.com\\\/holland\\\/product\\\/microsoft-visio-2021-standard-microsoft-project-2021-professional-microsoft-office-2021-professional-plus-microsoft-windows-11-professional-licentie-voor-3-pcs\\\/#breadcrumb\",\"itemListElement\":[{\"@type\":\"ListItem\",\"position\":1,\"name\":\"Home\",\"item\":\"https:\\\/\\\/winandofficews.com\\\/holland\\\/\"},{\"@type\":\"ListItem\",\"position\":2,\"name\":\"Shop\",\"item\":\"https:\\\/\\\/winandofficews.com\\\/holland\\\/shop\\\/\"},{\"@type\":\"ListItem\",\"position\":3,\"name\":\"Microsoft Visio 2021 Standard, Microsoft Project 2021 Professional, Microsoft Office 2021 Professional Plus, Microsoft Windows 11 Professional Licentie voor 3 pc&#8217;s\"}]},{\"@type\":\"WebSite\",\"@id\":\"https:\\\/\\\/winandofficews.com\\\/holland\\\/#website\",\"url\":\"https:\\\/\\\/winandofficews.com\\\/holland\\\/\",\"name\":\"Holland\",\"description\":\"Wholesales Store of Office\",\"publisher\":{\"@id\":\"https:\\\/\\\/winandofficews.com\\\/holland\\\/#organization\"},\"potentialAction\":[{\"@type\":\"SearchAction\",\"target\":{\"@type\":\"EntryPoint\",\"urlTemplate\":\"https:\\\/\\\/winandofficews.com\\\/holland\\\/?s={search_term_string}\"},\"query-input\":{\"@type\":\"PropertyValueSpecification\",\"valueRequired\":true,\"valueName\":\"search_term_string\"}}],\"inLanguage\":\"fr-FR\"},{\"@type\":\"Organization\",\"@id\":\"https:\\\/\\\/winandofficews.com\\\/holland\\\/#organization\",\"name\":\"Holland\",\"url\":\"https:\\\/\\\/winandofficews.com\\\/holland\\\/\",\"logo\":{\"@type\":\"ImageObject\",\"inLanguage\":\"fr-FR\",\"@id\":\"https:\\\/\\\/winandofficews.com\\\/holland\\\/#\\\/schema\\\/logo\\\/image\\\/\",\"url\":\"https:\\\/\\\/winandofficews.com\\\/holland\\\/wp-content\\\/uploads\\\/sites\\\/25\\\/logo14.png\",\"contentUrl\":\"https:\\\/\\\/winandofficews.com\\\/holland\\\/wp-content\\\/uploads\\\/sites\\\/25\\\/logo14.png\",\"width\":322,\"height\":116,\"caption\":\"Holland\"},\"image\":{\"@id\":\"https:\\\/\\\/winandofficews.com\\\/holland\\\/#\\\/schema\\\/logo\\\/image\\\/\"}}]}<\/script>\n<!-- \/ Yoast SEO plugin. -->","yoast_head_json":{"title":"Microsoft Visio 2021 Standard, Microsoft Project 2021 Professional, Microsoft Office 2021 Professional Plus, Microsoft Windows 11 Professional Licentie voor 3 pc's - Holland","robots":{"index":"index","follow":"follow","max-snippet":"max-snippet:-1","max-image-preview":"max-image-preview:large","max-video-preview":"max-video-preview:-1"},"canonical":"https:\/\/winandofficews.com\/holland\/fr\/produit\/microsoft-visio-2021-standard-microsoft-project-2021-professional-microsoft-office-2021-professional-plus-microsoft-windows-11-professional-licentie-voor-3-pcs\/","og_locale":"fr_FR","og_type":"article","og_title":"Microsoft Visio 2021 Standard, Microsoft Project 2021 Professional, Microsoft Office 2021 Professional Plus, Microsoft Windows 11 Professional Licentie voor 3 pc's - Holland","og_description":"Microsoft Visio 2021 Standard, Microsoft Project 2021 Professional, Microsoft Office 2021 Professional Plus, Microsoft Windows 11 Pro Licentie voor 3 pc's  Met deze licentie kan de software op 3 verschillende apparaten worden geactiveerd, bijvoorbeeld thuis-pc, notebook en werk-pc  Versies voor 64-bits systemen beschikbaar  E-mailbezorging: productsleutel, instructies, downloadlinks, factuur  Direct downloaden!  Geen tijdslimiet, geen abonnement  Gratis ondersteuning tijdens installatie en activering  Niet beschikbaar op fysieke media (USB, cd, enz.)  Activering online en telefonisch   Dit product is compatibel met Microsoft Windows.  NIET compatibel met Apple macOS\u2122, Apple-processors, Parallels voor Mac, Android-apparaten en Chromebooks.","og_url":"https:\/\/winandofficews.com\/holland\/fr\/produit\/microsoft-visio-2021-standard-microsoft-project-2021-professional-microsoft-office-2021-professional-plus-microsoft-windows-11-professional-licentie-voor-3-pcs\/","og_site_name":"Holland","article_modified_time":"2026-04-03T09:53:25+00:00","twitter_card":"summary_large_image","twitter_misc":{"Dur\u00e9e de lecture estim\u00e9e":"4 minutes"},"schema":{"@context":"https:\/\/schema.org","@graph":[{"@type":"WebPage","@id":"https:\/\/winandofficews.com\/holland\/product\/microsoft-visio-2021-standard-microsoft-project-2021-professional-microsoft-office-2021-professional-plus-microsoft-windows-11-professional-licentie-voor-3-pcs\/","url":"https:\/\/winandofficews.com\/holland\/product\/microsoft-visio-2021-standard-microsoft-project-2021-professional-microsoft-office-2021-professional-plus-microsoft-windows-11-professional-licentie-voor-3-pcs\/","name":"Microsoft Visio 2021 Standard, Microsoft Project 2021 Professional, Microsoft Office 2021 Professional Plus, Microsoft Windows 11 Professional Licentie voor 3 pc's - Holland","isPartOf":{"@id":"https:\/\/winandofficews.com\/holland\/#website"},"primaryImageOfPage":{"@id":"https:\/\/winandofficews.com\/holland\/product\/microsoft-visio-2021-standard-microsoft-project-2021-professional-microsoft-office-2021-professional-plus-microsoft-windows-11-professional-licentie-voor-3-pcs\/#primaryimage"},"image":{"@id":"https:\/\/winandofficews.com\/holland\/product\/microsoft-visio-2021-standard-microsoft-project-2021-professional-microsoft-office-2021-professional-plus-microsoft-windows-11-professional-licentie-voor-3-pcs\/#primaryimage"},"thumbnailUrl":"https:\/\/winandofficews.com\/holland\/wp-content\/uploads\/W11PO21PP21PV21S.png","datePublished":"2025-06-21T06:10:39+00:00","dateModified":"2026-04-03T09:53:25+00:00","breadcrumb":{"@id":"https:\/\/winandofficews.com\/holland\/product\/microsoft-visio-2021-standard-microsoft-project-2021-professional-microsoft-office-2021-professional-plus-microsoft-windows-11-professional-licentie-voor-3-pcs\/#breadcrumb"},"inLanguage":"fr-FR","potentialAction":[{"@type":"ReadAction","target":["https:\/\/winandofficews.com\/holland\/product\/microsoft-visio-2021-standard-microsoft-project-2021-professional-microsoft-office-2021-professional-plus-microsoft-windows-11-professional-licentie-voor-3-pcs\/"]}]},{"@type":"ImageObject","inLanguage":"fr-FR","@id":"https:\/\/winandofficews.com\/holland\/product\/microsoft-visio-2021-standard-microsoft-project-2021-professional-microsoft-office-2021-professional-plus-microsoft-windows-11-professional-licentie-voor-3-pcs\/#primaryimage","url":"https:\/\/winandofficews.com\/holland\/wp-content\/uploads\/W11PO21PP21PV21S.png","contentUrl":"https:\/\/winandofficews.com\/holland\/wp-content\/uploads\/W11PO21PP21PV21S.png"},{"@type":"BreadcrumbList","@id":"https:\/\/winandofficews.com\/holland\/product\/microsoft-visio-2021-standard-microsoft-project-2021-professional-microsoft-office-2021-professional-plus-microsoft-windows-11-professional-licentie-voor-3-pcs\/#breadcrumb","itemListElement":[{"@type":"ListItem","position":1,"name":"Home","item":"https:\/\/winandofficews.com\/holland\/"},{"@type":"ListItem","position":2,"name":"Shop","item":"https:\/\/winandofficews.com\/holland\/shop\/"},{"@type":"ListItem","position":3,"name":"Microsoft Visio 2021 Standard, Microsoft Project 2021 Professional, Microsoft Office 2021 Professional Plus, Microsoft Windows 11 Professional Licentie voor 3 pc&#8217;s"}]},{"@type":"WebSite","@id":"https:\/\/winandofficews.com\/holland\/#website","url":"https:\/\/winandofficews.com\/holland\/","name":"Pays-Bas","description":"Wholesales Store of Office","publisher":{"@id":"https:\/\/winandofficews.com\/holland\/#organization"},"potentialAction":[{"@type":"SearchAction","target":{"@type":"EntryPoint","urlTemplate":"https:\/\/winandofficews.com\/holland\/?s={search_term_string}"},"query-input":{"@type":"PropertyValueSpecification","valueRequired":true,"valueName":"search_term_string"}}],"inLanguage":"fr-FR"},{"@type":"Organization","@id":"https:\/\/winandofficews.com\/holland\/#organization","name":"Pays-Bas","url":"https:\/\/winandofficews.com\/holland\/","logo":{"@type":"ImageObject","inLanguage":"fr-FR","@id":"https:\/\/winandofficews.com\/holland\/#\/schema\/logo\/image\/","url":"https:\/\/winandofficews.com\/holland\/wp-content\/uploads\/sites\/25\/logo14.png","contentUrl":"https:\/\/winandofficews.com\/holland\/wp-content\/uploads\/sites\/25\/logo14.png","width":322,"height":116,"caption":"Holland"},"image":{"@id":"https:\/\/winandofficews.com\/holland\/#\/schema\/logo\/image\/"}}]}},"_links":{"self":[{"href":"https:\/\/winandofficews.com\/holland\/fr\/wp-json\/wp\/v2\/product\/87408","targetHints":{"allow":["GET"]}}],"collection":[{"href":"https:\/\/winandofficews.com\/holland\/fr\/wp-json\/wp\/v2\/product"}],"about":[{"href":"https:\/\/winandofficews.com\/holland\/fr\/wp-json\/wp\/v2\/types\/product"}],"replies":[{"embeddable":true,"href":"https:\/\/winandofficews.com\/holland\/fr\/wp-json\/wp\/v2\/comments?post=87408"}],"wp:featuredmedia":[{"embeddable":true,"href":"https:\/\/winandofficews.com\/holland\/fr\/wp-json\/"}],"wp:attachment":[{"href":"https:\/\/winandofficews.com\/holland\/fr\/wp-json\/wp\/v2\/media?parent=87408"}],"wp:term":[{"taxonomy":"product_brand","embeddable":true,"href":"https:\/\/winandofficews.com\/holland\/fr\/wp-json\/wp\/v2\/product_brand?post=87408"},{"taxonomy":"product_cat","embeddable":true,"href":"https:\/\/winandofficews.com\/holland\/fr\/wp-json\/wp\/v2\/product_cat?post=87408"},{"taxonomy":"product_tag","embeddable":true,"href":"https:\/\/winandofficews.com\/holland\/fr\/wp-json\/wp\/v2\/product_tag?post=87408"}],"curies":[{"name":"wp","href":"https:\/\/api.w.org\/{rel}","templated":true}]}}