{"id":87407,"date":"2025-06-21T08:10:39","date_gmt":"2025-06-21T06:10:39","guid":{"rendered":"https:\/\/winandofficews.com\/holland\/?post_type=product&#038;p=87407"},"modified":"2026-04-15T23:36:49","modified_gmt":"2026-04-15T21:36:49","slug":"microsoft-office-2021-professional-plus-microsoft-windows-10-professional-licentie-voor-3-pcs","status":"publish","type":"product","link":"https:\/\/winandofficews.com\/holland\/fr\/produit\/microsoft-office-2021-professional-plus-microsoft-windows-10-professional-licentie-voor-3-pcs\/","title":{"rendered":"Microsoft Office 2021 Professional Plus + Microsoft Windows 10 Professional Licence pour 3 PCs"},"content":{"rendered":"<h3>Microsoft Windows 10 Licence professionnelle pour 3 PC<\/h3>\n<p>Avec la nouvelle version de Microsoft Windows 10, Microsoft propose aux particuliers exigeants et surtout aux entreprises un syst\u00e8me d'exploitation moderne et intuitif. Entre autres caract\u00e9ristiques, Microsoft Windows 10 offre des fonctions de s\u00e9curit\u00e9 renforc\u00e9es, l'acc\u00e8s \u00e0 distance au bureau, le cryptage BitLocker et l'assistant virtuel personnel Cortana. Le syst\u00e8me s'adapte \u00e0 tous les appareils gr\u00e2ce \u00e0 ses fonctionnalit\u00e9s avanc\u00e9es et pr\u00e9sente l'avantage que la configuration requise n'a pratiquement pas chang\u00e9 par rapport \u00e0 ses pr\u00e9d\u00e9cesseurs. Cela signifie que vous n'avez pas besoin d'investir dans du nouveau mat\u00e9riel pour b\u00e9n\u00e9ficier de Microsoft Windows 10 Professional.<\/p>\n<p><strong>Configuration minimale requise<\/strong><\/p>\n<ul>\n<li>Processeur 1 GHz ou plus rapide<\/li>\n<li>1 GB RAM pour 32-bit ou 2 GB RAM pour 64-bit.<\/li>\n<li>16 Go d'espace disque disponible pour le syst\u00e8me d'exploitation 32 bits ou 20 Go pour le syst\u00e8me d'exploitation 64 bits.<\/li>\n<\/ul>\n<h3>Microsoft Office 2021 Professional Plus License for 3 PCs<\/h3>\n<p>Microsoft Office 2021 Professional Plus Edition est id\u00e9al pour les utilisateurs qui utilisent une gamme compl\u00e8te d'applications domestiques ou bureautiques. Comprend toute la gamme d'applications Microsoft Office : Word, Excel, Outlook, PowerPoint, Publisher et Access. OneNote, que vous pouvez t\u00e9l\u00e9charger \u00e0 partir du Microsoft Windows Store, vous permet de prendre rapidement des notes et de les rendre disponibles sur tous vos appareils via le cloud. B\u00e9n\u00e9ficiez de performances, d'une stabilit\u00e9 et d'une rapidit\u00e9 accrues dans Word, Excel, PowerPoint et Outlook. La suite Microsoft Office 2021 offre des outils de recherche, d'encre, des types de donn\u00e9es, des fonctionnalit\u00e9s, des outils de traduction et d'\u00e9dition nouveaux et am\u00e9lior\u00e9s, des graphiques anim\u00e9s, des fonctionnalit\u00e9s conviviales et bien d'autres choses encore.<\/p>\n<ul>\n<li><strong>Devenir<\/strong>Les avantages de ce logiciel sont nombreux : il permet de cr\u00e9er en un rien de temps des documents textuels de qualit\u00e9 professionnelle.<\/li>\n<li><strong>Excel<\/strong>Les feuilles de calcul intelligentes, d\u00e9sormais dot\u00e9es de nouvelles fonctionnalit\u00e9s telles que XLOOKUP<\/li>\n<li><strong>Power Point<\/strong>: Nouvelles fonctionnalit\u00e9s am\u00e9lior\u00e9es pour cr\u00e9er des pr\u00e9sentations dynamiques impressionnantes.<\/li>\n<li><strong>OneNote<\/strong>Le carnet de notes num\u00e9rique : Votre carnet de notes num\u00e9rique dans le nuage.<\/li>\n<li><strong>Perspectives<\/strong>Communication simplifi\u00e9e : comprend d\u00e9sormais de puissantes fonctions de traduction.<\/li>\n<li><strong>\u00c9diteur<\/strong>Les publications professionnelles : cr\u00e9er des mises en page pour des publications professionnelles<\/li>\n<li><strong>Acc\u00e8s<\/strong>Cr\u00e9ation d'une base de donn\u00e9es simple et puissante<\/li>\n<li><strong>\u00c9quipes Microsoft<\/strong>Les services de messagerie instantan\u00e9e et de visioconf\u00e9rence en haute d\u00e9finition permettent d'\u00eatre plus productif.<\/li>\n<\/ul>\n<p><strong>N\u00c9CESSITE WINDOWS 10 OU 11 !<\/strong><\/p>\n<p><strong>Soutien :<\/strong><br \/>\nPour toute question, vous pouvez toujours <a href=\"mailto:holland@winandofficews.com\">par courrier \u00e9lectronique<\/a> nous contacter. Notre service client\u00e8le est disponible 7 jours par semaine et 24 heures par jour.<\/p>","protected":false},"excerpt":{"rendered":"<ul>\n<li>Microsoft Windows Microsoft Office 2021 Professional Plus + Microsoft Windows 10 Professional Licence for 3 PCs<strong> <\/strong><\/li>\n<li><strong>Avec cette licence, le logiciel peut \u00eatre activ\u00e9 sur 3 appareils diff\u00e9rents<\/strong>PC domestique, ordinateur portable et PC professionnel<\/li>\n<li>Versions pour syst\u00e8mes 64 bits disponibles<\/li>\n<li>Livraison par courrier \u00e9lectronique : cl\u00e9 de produit, instructions, liens de t\u00e9l\u00e9chargement, facture<\/li>\n<li>T\u00e9l\u00e9charger imm\u00e9diatement !<\/li>\n<li>Pas de limite de temps, pas d'abonnement<\/li>\n<li>Assistance gratuite pendant l'installation et l'activation<\/li>\n<li>Non disponible sur support physique (USB, CD, etc.)<\/li>\n<li>Activation en ligne et par t\u00e9l\u00e9phone<\/li>\n<li><strong> Ce produit est compatible avec Microsoft Windows.<\/strong><\/li>\n<li><strong>NON compatible avec Apple macOS\u2122, les processeurs Apple, Parallels pour Mac, les appareils Android et les Chromebooks.<\/strong><\/li>\n<\/ul>","protected":false},"featured_media":1000007986,"comment_status":"closed","ping_status":"closed","template":"","meta":{"_acf_changed":false},"product_brand":[],"product_cat":[157,275],"product_tag":[277,292,293,288],"class_list":{"0":"post-87407","1":"product","2":"type-product","3":"status-publish","4":"has-post-thumbnail","6":"product_cat-combo","7":"product_cat-microsoft","8":"product_tag-microsoft-office-2021-professional-plus","9":"product_tag-microsoft-office-2021-professional-plus-windows-10-professional","10":"product_tag-microsoft-office-2021-professional-plus-windows-10-professional-licentie-voor-3-pcs","11":"product_tag-windows-10-professional","13":"first","14":"instock","15":"sale","16":"taxable","17":"shipping-taxable","18":"purchasable","19":"product-type-simple"},"acf":[],"yoast_head":"<!-- This site is optimized with the Yoast SEO plugin v27.4 - https:\/\/yoast.com\/product\/yoast-seo-wordpress\/ -->\n<title>Microsoft Office 2021 Professional Plus + Microsoft Windows 10 Professional Licentie voor 3 pc&#039;s - Holland<\/title>\n<meta name=\"robots\" content=\"index, follow, max-snippet:-1, max-image-preview:large, max-video-preview:-1\" \/>\n<link rel=\"canonical\" href=\"https:\/\/winandofficews.com\/holland\/fr\/produit\/microsoft-office-2021-professional-plus-microsoft-windows-10-professional-licentie-voor-3-pcs\/\" \/>\n<meta property=\"og:locale\" content=\"fr_FR\" \/>\n<meta property=\"og:type\" content=\"article\" \/>\n<meta property=\"og:title\" content=\"Microsoft Office 2021 Professional Plus + Microsoft Windows 10 Professional Licentie voor 3 pc&#039;s - Holland\" \/>\n<meta property=\"og:description\" content=\"Microsoft Windows Microsoft Office 2021 Professional Plus + Microsoft Windows 10 Professional Licentie voor 3 pc&#039;s   Met deze licentie kan de software op 3 verschillende apparaten worden geactiveerd, bijvoorbeeld thuis-pc, notebook en werk-pc  Versies voor 64-bits systemen beschikbaar  E-mailbezorging: productsleutel, instructies, downloadlinks, factuur  Direct downloaden!  Geen tijdslimiet, geen abonnement  Gratis ondersteuning tijdens installatie en activering  Niet beschikbaar op fysieke media (USB, cd, enz.)  Activering online en telefonisch   Dit product is compatibel met Microsoft Windows.  NIET compatibel met Apple macOS&trade;, Apple-processors, Parallels voor Mac, Android-apparaten en Chromebooks.\" \/>\n<meta property=\"og:url\" content=\"https:\/\/winandofficews.com\/holland\/fr\/produit\/microsoft-office-2021-professional-plus-microsoft-windows-10-professional-licentie-voor-3-pcs\/\" \/>\n<meta property=\"og:site_name\" content=\"Holland\" \/>\n<meta property=\"article:modified_time\" content=\"2026-04-15T21:36:49+00:00\" \/>\n<meta name=\"twitter:card\" content=\"summary_large_image\" \/>\n<meta name=\"twitter:label1\" content=\"Dur\u00e9e de lecture estim\u00e9e\" \/>\n\t<meta name=\"twitter:data1\" content=\"2 minutes\" \/>\n<script type=\"application\/ld+json\" class=\"yoast-schema-graph\">{\"@context\":\"https:\\\/\\\/schema.org\",\"@graph\":[{\"@type\":\"WebPage\",\"@id\":\"https:\\\/\\\/winandofficews.com\\\/holland\\\/product\\\/microsoft-office-2021-professional-plus-microsoft-windows-10-professional-licentie-voor-3-pcs\\\/\",\"url\":\"https:\\\/\\\/winandofficews.com\\\/holland\\\/product\\\/microsoft-office-2021-professional-plus-microsoft-windows-10-professional-licentie-voor-3-pcs\\\/\",\"name\":\"Microsoft Office 2021 Professional Plus + Microsoft Windows 10 Professional Licentie voor 3 pc's - Holland\",\"isPartOf\":{\"@id\":\"https:\\\/\\\/winandofficews.com\\\/holland\\\/#website\"},\"primaryImageOfPage\":{\"@id\":\"https:\\\/\\\/winandofficews.com\\\/holland\\\/product\\\/microsoft-office-2021-professional-plus-microsoft-windows-10-professional-licentie-voor-3-pcs\\\/#primaryimage\"},\"image\":{\"@id\":\"https:\\\/\\\/winandofficews.com\\\/holland\\\/product\\\/microsoft-office-2021-professional-plus-microsoft-windows-10-professional-licentie-voor-3-pcs\\\/#primaryimage\"},\"thumbnailUrl\":\"https:\\\/\\\/winandofficews.com\\\/holland\\\/wp-content\\\/uploads\\\/W10PO21P.png\",\"datePublished\":\"2025-06-21T06:10:39+00:00\",\"dateModified\":\"2026-04-15T21:36:49+00:00\",\"breadcrumb\":{\"@id\":\"https:\\\/\\\/winandofficews.com\\\/holland\\\/product\\\/microsoft-office-2021-professional-plus-microsoft-windows-10-professional-licentie-voor-3-pcs\\\/#breadcrumb\"},\"inLanguage\":\"fr-FR\",\"potentialAction\":[{\"@type\":\"ReadAction\",\"target\":[\"https:\\\/\\\/winandofficews.com\\\/holland\\\/product\\\/microsoft-office-2021-professional-plus-microsoft-windows-10-professional-licentie-voor-3-pcs\\\/\"]}]},{\"@type\":\"ImageObject\",\"inLanguage\":\"fr-FR\",\"@id\":\"https:\\\/\\\/winandofficews.com\\\/holland\\\/product\\\/microsoft-office-2021-professional-plus-microsoft-windows-10-professional-licentie-voor-3-pcs\\\/#primaryimage\",\"url\":\"https:\\\/\\\/winandofficews.com\\\/holland\\\/wp-content\\\/uploads\\\/W10PO21P.png\",\"contentUrl\":\"https:\\\/\\\/winandofficews.com\\\/holland\\\/wp-content\\\/uploads\\\/W10PO21P.png\"},{\"@type\":\"BreadcrumbList\",\"@id\":\"https:\\\/\\\/winandofficews.com\\\/holland\\\/product\\\/microsoft-office-2021-professional-plus-microsoft-windows-10-professional-licentie-voor-3-pcs\\\/#breadcrumb\",\"itemListElement\":[{\"@type\":\"ListItem\",\"position\":1,\"name\":\"Home\",\"item\":\"https:\\\/\\\/winandofficews.com\\\/holland\\\/\"},{\"@type\":\"ListItem\",\"position\":2,\"name\":\"Shop\",\"item\":\"https:\\\/\\\/winandofficews.com\\\/holland\\\/shop\\\/\"},{\"@type\":\"ListItem\",\"position\":3,\"name\":\"Microsoft Office 2021 Professional Plus + Microsoft Windows 10 Professional Licentie voor 3 pc&#8217;s\"}]},{\"@type\":\"WebSite\",\"@id\":\"https:\\\/\\\/winandofficews.com\\\/holland\\\/#website\",\"url\":\"https:\\\/\\\/winandofficews.com\\\/holland\\\/\",\"name\":\"Holland\",\"description\":\"Wholesales Store of Office\",\"publisher\":{\"@id\":\"https:\\\/\\\/winandofficews.com\\\/holland\\\/#organization\"},\"potentialAction\":[{\"@type\":\"SearchAction\",\"target\":{\"@type\":\"EntryPoint\",\"urlTemplate\":\"https:\\\/\\\/winandofficews.com\\\/holland\\\/?s={search_term_string}\"},\"query-input\":{\"@type\":\"PropertyValueSpecification\",\"valueRequired\":true,\"valueName\":\"search_term_string\"}}],\"inLanguage\":\"fr-FR\"},{\"@type\":\"Organization\",\"@id\":\"https:\\\/\\\/winandofficews.com\\\/holland\\\/#organization\",\"name\":\"Holland\",\"url\":\"https:\\\/\\\/winandofficews.com\\\/holland\\\/\",\"logo\":{\"@type\":\"ImageObject\",\"inLanguage\":\"fr-FR\",\"@id\":\"https:\\\/\\\/winandofficews.com\\\/holland\\\/#\\\/schema\\\/logo\\\/image\\\/\",\"url\":\"https:\\\/\\\/winandofficews.com\\\/holland\\\/wp-content\\\/uploads\\\/sites\\\/25\\\/logo14.png\",\"contentUrl\":\"https:\\\/\\\/winandofficews.com\\\/holland\\\/wp-content\\\/uploads\\\/sites\\\/25\\\/logo14.png\",\"width\":322,\"height\":116,\"caption\":\"Holland\"},\"image\":{\"@id\":\"https:\\\/\\\/winandofficews.com\\\/holland\\\/#\\\/schema\\\/logo\\\/image\\\/\"}}]}<\/script>\n<!-- \/ Yoast SEO plugin. -->","yoast_head_json":{"title":"Microsoft Office 2021 Professional Plus + Microsoft Windows 10 Professional Licentie voor 3 pc's - Holland","robots":{"index":"index","follow":"follow","max-snippet":"max-snippet:-1","max-image-preview":"max-image-preview:large","max-video-preview":"max-video-preview:-1"},"canonical":"https:\/\/winandofficews.com\/holland\/fr\/produit\/microsoft-office-2021-professional-plus-microsoft-windows-10-professional-licentie-voor-3-pcs\/","og_locale":"fr_FR","og_type":"article","og_title":"Microsoft Office 2021 Professional Plus + Microsoft Windows 10 Professional Licentie voor 3 pc's - Holland","og_description":"Microsoft Windows Microsoft Office 2021 Professional Plus + Microsoft Windows 10 Professional Licentie voor 3 pc's   Met deze licentie kan de software op 3 verschillende apparaten worden geactiveerd, bijvoorbeeld thuis-pc, notebook en werk-pc  Versies voor 64-bits systemen beschikbaar  E-mailbezorging: productsleutel, instructies, downloadlinks, factuur  Direct downloaden!  Geen tijdslimiet, geen abonnement  Gratis ondersteuning tijdens installatie en activering  Niet beschikbaar op fysieke media (USB, cd, enz.)  Activering online en telefonisch   Dit product is compatibel met Microsoft Windows.  NIET compatibel met Apple macOS&trade;, Apple-processors, Parallels voor Mac, Android-apparaten en Chromebooks.","og_url":"https:\/\/winandofficews.com\/holland\/fr\/produit\/microsoft-office-2021-professional-plus-microsoft-windows-10-professional-licentie-voor-3-pcs\/","og_site_name":"Holland","article_modified_time":"2026-04-15T21:36:49+00:00","twitter_card":"summary_large_image","twitter_misc":{"Dur\u00e9e de lecture estim\u00e9e":"2 minutes"},"schema":{"@context":"https:\/\/schema.org","@graph":[{"@type":"WebPage","@id":"https:\/\/winandofficews.com\/holland\/product\/microsoft-office-2021-professional-plus-microsoft-windows-10-professional-licentie-voor-3-pcs\/","url":"https:\/\/winandofficews.com\/holland\/product\/microsoft-office-2021-professional-plus-microsoft-windows-10-professional-licentie-voor-3-pcs\/","name":"Microsoft Office 2021 Professional Plus + Microsoft Windows 10 Professional Licentie voor 3 pc's - Holland","isPartOf":{"@id":"https:\/\/winandofficews.com\/holland\/#website"},"primaryImageOfPage":{"@id":"https:\/\/winandofficews.com\/holland\/product\/microsoft-office-2021-professional-plus-microsoft-windows-10-professional-licentie-voor-3-pcs\/#primaryimage"},"image":{"@id":"https:\/\/winandofficews.com\/holland\/product\/microsoft-office-2021-professional-plus-microsoft-windows-10-professional-licentie-voor-3-pcs\/#primaryimage"},"thumbnailUrl":"https:\/\/winandofficews.com\/holland\/wp-content\/uploads\/W10PO21P.png","datePublished":"2025-06-21T06:10:39+00:00","dateModified":"2026-04-15T21:36:49+00:00","breadcrumb":{"@id":"https:\/\/winandofficews.com\/holland\/product\/microsoft-office-2021-professional-plus-microsoft-windows-10-professional-licentie-voor-3-pcs\/#breadcrumb"},"inLanguage":"fr-FR","potentialAction":[{"@type":"ReadAction","target":["https:\/\/winandofficews.com\/holland\/product\/microsoft-office-2021-professional-plus-microsoft-windows-10-professional-licentie-voor-3-pcs\/"]}]},{"@type":"ImageObject","inLanguage":"fr-FR","@id":"https:\/\/winandofficews.com\/holland\/product\/microsoft-office-2021-professional-plus-microsoft-windows-10-professional-licentie-voor-3-pcs\/#primaryimage","url":"https:\/\/winandofficews.com\/holland\/wp-content\/uploads\/W10PO21P.png","contentUrl":"https:\/\/winandofficews.com\/holland\/wp-content\/uploads\/W10PO21P.png"},{"@type":"BreadcrumbList","@id":"https:\/\/winandofficews.com\/holland\/product\/microsoft-office-2021-professional-plus-microsoft-windows-10-professional-licentie-voor-3-pcs\/#breadcrumb","itemListElement":[{"@type":"ListItem","position":1,"name":"Home","item":"https:\/\/winandofficews.com\/holland\/"},{"@type":"ListItem","position":2,"name":"Shop","item":"https:\/\/winandofficews.com\/holland\/shop\/"},{"@type":"ListItem","position":3,"name":"Microsoft Office 2021 Professional Plus + Microsoft Windows 10 Professional Licentie voor 3 pc&#8217;s"}]},{"@type":"WebSite","@id":"https:\/\/winandofficews.com\/holland\/#website","url":"https:\/\/winandofficews.com\/holland\/","name":"Pays-Bas","description":"Wholesales Store of Office","publisher":{"@id":"https:\/\/winandofficews.com\/holland\/#organization"},"potentialAction":[{"@type":"SearchAction","target":{"@type":"EntryPoint","urlTemplate":"https:\/\/winandofficews.com\/holland\/?s={search_term_string}"},"query-input":{"@type":"PropertyValueSpecification","valueRequired":true,"valueName":"search_term_string"}}],"inLanguage":"fr-FR"},{"@type":"Organization","@id":"https:\/\/winandofficews.com\/holland\/#organization","name":"Pays-Bas","url":"https:\/\/winandofficews.com\/holland\/","logo":{"@type":"ImageObject","inLanguage":"fr-FR","@id":"https:\/\/winandofficews.com\/holland\/#\/schema\/logo\/image\/","url":"https:\/\/winandofficews.com\/holland\/wp-content\/uploads\/sites\/25\/logo14.png","contentUrl":"https:\/\/winandofficews.com\/holland\/wp-content\/uploads\/sites\/25\/logo14.png","width":322,"height":116,"caption":"Holland"},"image":{"@id":"https:\/\/winandofficews.com\/holland\/#\/schema\/logo\/image\/"}}]}},"_links":{"self":[{"href":"https:\/\/winandofficews.com\/holland\/fr\/wp-json\/wp\/v2\/product\/87407","targetHints":{"allow":["GET"]}}],"collection":[{"href":"https:\/\/winandofficews.com\/holland\/fr\/wp-json\/wp\/v2\/product"}],"about":[{"href":"https:\/\/winandofficews.com\/holland\/fr\/wp-json\/wp\/v2\/types\/product"}],"replies":[{"embeddable":true,"href":"https:\/\/winandofficews.com\/holland\/fr\/wp-json\/wp\/v2\/comments?post=87407"}],"wp:featuredmedia":[{"embeddable":true,"href":"https:\/\/winandofficews.com\/holland\/fr\/wp-json\/"}],"wp:attachment":[{"href":"https:\/\/winandofficews.com\/holland\/fr\/wp-json\/wp\/v2\/media?parent=87407"}],"wp:term":[{"taxonomy":"product_brand","embeddable":true,"href":"https:\/\/winandofficews.com\/holland\/fr\/wp-json\/wp\/v2\/product_brand?post=87407"},{"taxonomy":"product_cat","embeddable":true,"href":"https:\/\/winandofficews.com\/holland\/fr\/wp-json\/wp\/v2\/product_cat?post=87407"},{"taxonomy":"product_tag","embeddable":true,"href":"https:\/\/winandofficews.com\/holland\/fr\/wp-json\/wp\/v2\/product_tag?post=87407"}],"curies":[{"name":"wp","href":"https:\/\/api.w.org\/{rel}","templated":true}]}}