{"id":980,"date":"2019-07-25T07:45:18","date_gmt":"2019-07-25T07:45:18","guid":{"rendered":"http:\/\/windowsandoffice.net\/?page_id=980"},"modified":"2025-06-22T02:36:13","modified_gmt":"2025-06-22T00:36:13","slug":"about","status":"publish","type":"page","link":"https:\/\/winandofficews.com\/holland\/fr\/about\/","title":{"rendered":"A propos de nous"},"content":{"rendered":"<h2>Qui sommes-nous ?<\/h2>\n<p>Acheter des logiciels en ligne facilement et en toute s\u00e9curit\u00e9 - votre partenaire Microsoft<\/p>\n<p>Les logiciels pour ordinateurs, tablettes, etc. sont un \u00e9l\u00e9ment essentiel de notre travail et de notre vie quotidienne. Ils facilitent non seulement d'innombrables processus de travail, mais stimulent \u00e9galement notre cr\u00e9ativit\u00e9 et optimisent les t\u00e2ches les plus \u00e9l\u00e9mentaires. Dans notre boutique de logiciels, vous avez la possibilit\u00e9 d'acheter des logiciels en ligne \u00e0 des prix imbattables et d'exploiter ainsi tout le potentiel de votre appareil.<\/p>\n<p>Notre boutique de logiciels vous propose une large gamme de produits de l'\u00e9diteur de logiciels leader du march\u00e9 Microsoft. Chaque PC a besoin d'un syst\u00e8me d'exploitation ; sans Windows, il serait inutile. Premi\u00e8re application bureautique au monde, Microsoft Office fournit des outils productifs tels qu'Excel, Word et PowerPoint. Depuis des ann\u00e9es, ces outils sont standard et indispensables dans les environnements priv\u00e9s et professionnels.<\/p>\n<p>Nous garantissons un processus de commande simple, afin que vous puissiez acheter votre logiciel en toute s\u00e9curit\u00e9 et commodit\u00e9 depuis votre domicile. Vous recevrez notre lien SSL crypt\u00e9 par e-mail, qui vous conduira \u00e0 notre centre de t\u00e9l\u00e9chargement et aux instructions d'installation. Si vous avez des questions concernant la commande et l'installation, notre \u00e9quipe multilingue d'assistance \u00e0 la client\u00e8le est toujours \u00e0 votre disposition, que ce soit par chat en direct ou par e-mail.<\/p>\n<p>Nous op\u00e9rons en tant que fournisseur de services informatiques depuis 2013. Gr\u00e2ce \u00e0 une excellente formation professionnelle et \u00e0 une profonde passion pour l'informatique, nos employ\u00e9s poss\u00e8dent des connaissances approfondies. Gr\u00e2ce \u00e0 des conseils professionnels et \u00e0 une approche de travail structur\u00e9e, nous avons convaincu et fid\u00e9lis\u00e9 un grand nombre de clients, qu'il s'agisse de start-ups, d'entreprises internationales ou d'institutions publiques. Gr\u00e2ce \u00e0 un concept de service informatique bien pens\u00e9, nous garantissons \u00e0 chaque client une orientation vers les r\u00e9sultats et une performance maximale. Pour rester toujours \u00e0 la pointe du progr\u00e8s, nous suivons r\u00e9guli\u00e8rement des formations et adaptons nos comp\u00e9tences au march\u00e9 - pour que vous aussi soyez toujours \u00e0 la page.<\/p>\n<p>Commandez maintenant et recevez votre logiciel imm\u00e9diatement gr\u00e2ce \u00e0 l'exp\u00e9dition en 2 minutes. Nous accordons une grande importance \u00e0 la qualit\u00e9, ce qui se refl\u00e8te \u00e9galement dans notre garantie \u00e0 vie. Une facture avec notre num\u00e9ro de TVA assure la transparence. Si vous n'\u00eates pas satisfait, notre droit de retour vous offre une s\u00e9curit\u00e9 suppl\u00e9mentaire.<\/p>\n<p>Amusez-vous \u00e0 acheter des logiciels s\u00e9curis\u00e9s chez Win &amp; Office WS !<\/p>\n<p><img loading=\"lazy\" decoding=\"async\" src=\"https:\/\/winandofficews.com\/holland\/wp-content\/uploads\/sites\/25\/2020\/07\/FONDO-SLIDES-1.png\" alt=\"\" width=\"963\" height=\"455\" \/><\/p>","protected":false},"excerpt":{"rendered":"<p>Wie zijn wij? Koop software gemakkelijk en veilig online &#8211; uw Microsoft-partner Software voor computers, tablets, enz. is een essentieel onderdeel van ons dagelijks werk en leven. Het maakt niet alleen talloze werkprocessen gemakkelijker, maar bevordert ook onze creativiteit en optimaliseert zelfs de meest basale taken. In onze softwarewinkel heeft&hellip; <\/p>","protected":false},"author":1,"featured_media":0,"parent":0,"menu_order":0,"comment_status":"closed","ping_status":"closed","template":"","meta":{"_acf_changed":false,"footnotes":""},"class_list":["post-980","page","type-page","status-publish","hentry"],"acf":[],"yoast_head":"<!-- This site is optimized with the Yoast SEO plugin v27.3 - https:\/\/yoast.com\/product\/yoast-seo-wordpress\/ -->\n<title>Over ons - Holland<\/title>\n<meta name=\"robots\" content=\"index, follow, max-snippet:-1, max-image-preview:large, max-video-preview:-1\" \/>\n<link rel=\"canonical\" href=\"https:\/\/winandofficews.com\/holland\/fr\/about\/\" \/>\n<meta property=\"og:locale\" content=\"fr_FR\" \/>\n<meta property=\"og:type\" content=\"article\" \/>\n<meta property=\"og:title\" content=\"Over ons - Holland\" \/>\n<meta property=\"og:description\" content=\"Wie zijn wij? Koop software gemakkelijk en veilig online &#8211; uw Microsoft-partner Software voor computers, tablets, enz. is een essentieel onderdeel van ons dagelijks werk en leven. Het maakt niet alleen talloze werkprocessen gemakkelijker, maar bevordert ook onze creativiteit en optimaliseert zelfs de meest basale taken. In onze softwarewinkel heeft&hellip;\" \/>\n<meta property=\"og:url\" content=\"https:\/\/winandofficews.com\/holland\/fr\/about\/\" \/>\n<meta property=\"og:site_name\" content=\"Holland\" \/>\n<meta property=\"article:modified_time\" content=\"2025-06-22T00:36:13+00:00\" \/>\n<meta property=\"og:image\" content=\"https:\/\/winandofficews.com\/holland\/wp-content\/uploads\/sites\/25\/2020\/07\/FONDO-SLIDES-1.png\" \/>\n<meta name=\"twitter:card\" content=\"summary_large_image\" \/>\n<meta name=\"twitter:label1\" content=\"Dur\u00e9e de lecture estim\u00e9e\" \/>\n\t<meta name=\"twitter:data1\" content=\"2 minutes\" \/>\n<script type=\"application\/ld+json\" class=\"yoast-schema-graph\">{\"@context\":\"https:\\\/\\\/schema.org\",\"@graph\":[{\"@type\":\"WebPage\",\"@id\":\"https:\\\/\\\/winandofficews.com\\\/holland\\\/about\\\/\",\"url\":\"https:\\\/\\\/winandofficews.com\\\/holland\\\/about\\\/\",\"name\":\"Over ons - Holland\",\"isPartOf\":{\"@id\":\"https:\\\/\\\/winandofficews.com\\\/holland\\\/#website\"},\"primaryImageOfPage\":{\"@id\":\"https:\\\/\\\/winandofficews.com\\\/holland\\\/about\\\/#primaryimage\"},\"image\":{\"@id\":\"https:\\\/\\\/winandofficews.com\\\/holland\\\/about\\\/#primaryimage\"},\"thumbnailUrl\":\"https:\\\/\\\/winandofficews.com\\\/holland\\\/wp-content\\\/uploads\\\/sites\\\/25\\\/2020\\\/07\\\/FONDO-SLIDES-1.png\",\"datePublished\":\"2019-07-25T07:45:18+00:00\",\"dateModified\":\"2025-06-22T00:36:13+00:00\",\"breadcrumb\":{\"@id\":\"https:\\\/\\\/winandofficews.com\\\/holland\\\/about\\\/#breadcrumb\"},\"inLanguage\":\"fr-FR\",\"potentialAction\":[{\"@type\":\"ReadAction\",\"target\":[\"https:\\\/\\\/winandofficews.com\\\/holland\\\/about\\\/\"]}]},{\"@type\":\"ImageObject\",\"inLanguage\":\"fr-FR\",\"@id\":\"https:\\\/\\\/winandofficews.com\\\/holland\\\/about\\\/#primaryimage\",\"url\":\"https:\\\/\\\/winandofficews.com\\\/holland\\\/wp-content\\\/uploads\\\/sites\\\/25\\\/2020\\\/07\\\/FONDO-SLIDES-1.png\",\"contentUrl\":\"https:\\\/\\\/winandofficews.com\\\/holland\\\/wp-content\\\/uploads\\\/sites\\\/25\\\/2020\\\/07\\\/FONDO-SLIDES-1.png\"},{\"@type\":\"BreadcrumbList\",\"@id\":\"https:\\\/\\\/winandofficews.com\\\/holland\\\/about\\\/#breadcrumb\",\"itemListElement\":[{\"@type\":\"ListItem\",\"position\":1,\"name\":\"Home\",\"item\":\"https:\\\/\\\/winandofficews.com\\\/holland\\\/\"},{\"@type\":\"ListItem\",\"position\":2,\"name\":\"Over ons\"}]},{\"@type\":\"WebSite\",\"@id\":\"https:\\\/\\\/winandofficews.com\\\/holland\\\/#website\",\"url\":\"https:\\\/\\\/winandofficews.com\\\/holland\\\/\",\"name\":\"Holland\",\"description\":\"Wholesales Store of Office\",\"publisher\":{\"@id\":\"https:\\\/\\\/winandofficews.com\\\/holland\\\/#organization\"},\"potentialAction\":[{\"@type\":\"SearchAction\",\"target\":{\"@type\":\"EntryPoint\",\"urlTemplate\":\"https:\\\/\\\/winandofficews.com\\\/holland\\\/?s={search_term_string}\"},\"query-input\":{\"@type\":\"PropertyValueSpecification\",\"valueRequired\":true,\"valueName\":\"search_term_string\"}}],\"inLanguage\":\"fr-FR\"},{\"@type\":\"Organization\",\"@id\":\"https:\\\/\\\/winandofficews.com\\\/holland\\\/#organization\",\"name\":\"Holland\",\"url\":\"https:\\\/\\\/winandofficews.com\\\/holland\\\/\",\"logo\":{\"@type\":\"ImageObject\",\"inLanguage\":\"fr-FR\",\"@id\":\"https:\\\/\\\/winandofficews.com\\\/holland\\\/#\\\/schema\\\/logo\\\/image\\\/\",\"url\":\"https:\\\/\\\/winandofficews.com\\\/holland\\\/wp-content\\\/uploads\\\/sites\\\/25\\\/logo14.png\",\"contentUrl\":\"https:\\\/\\\/winandofficews.com\\\/holland\\\/wp-content\\\/uploads\\\/sites\\\/25\\\/logo14.png\",\"width\":322,\"height\":116,\"caption\":\"Holland\"},\"image\":{\"@id\":\"https:\\\/\\\/winandofficews.com\\\/holland\\\/#\\\/schema\\\/logo\\\/image\\\/\"}}]}<\/script>\n<!-- \/ Yoast SEO plugin. -->","yoast_head_json":{"title":"Over ons - Holland","robots":{"index":"index","follow":"follow","max-snippet":"max-snippet:-1","max-image-preview":"max-image-preview:large","max-video-preview":"max-video-preview:-1"},"canonical":"https:\/\/winandofficews.com\/holland\/fr\/about\/","og_locale":"fr_FR","og_type":"article","og_title":"Over ons - Holland","og_description":"Wie zijn wij? Koop software gemakkelijk en veilig online &#8211; uw Microsoft-partner Software voor computers, tablets, enz. is een essentieel onderdeel van ons dagelijks werk en leven. Het maakt niet alleen talloze werkprocessen gemakkelijker, maar bevordert ook onze creativiteit en optimaliseert zelfs de meest basale taken. In onze softwarewinkel heeft&hellip;","og_url":"https:\/\/winandofficews.com\/holland\/fr\/about\/","og_site_name":"Holland","article_modified_time":"2025-06-22T00:36:13+00:00","og_image":[{"url":"https:\/\/winandofficews.com\/holland\/wp-content\/uploads\/sites\/25\/2020\/07\/FONDO-SLIDES-1.png","type":"","width":"","height":""}],"twitter_card":"summary_large_image","twitter_misc":{"Dur\u00e9e de lecture estim\u00e9e":"2 minutes"},"schema":{"@context":"https:\/\/schema.org","@graph":[{"@type":"WebPage","@id":"https:\/\/winandofficews.com\/holland\/about\/","url":"https:\/\/winandofficews.com\/holland\/about\/","name":"Over ons - Holland","isPartOf":{"@id":"https:\/\/winandofficews.com\/holland\/#website"},"primaryImageOfPage":{"@id":"https:\/\/winandofficews.com\/holland\/about\/#primaryimage"},"image":{"@id":"https:\/\/winandofficews.com\/holland\/about\/#primaryimage"},"thumbnailUrl":"https:\/\/winandofficews.com\/holland\/wp-content\/uploads\/sites\/25\/2020\/07\/FONDO-SLIDES-1.png","datePublished":"2019-07-25T07:45:18+00:00","dateModified":"2025-06-22T00:36:13+00:00","breadcrumb":{"@id":"https:\/\/winandofficews.com\/holland\/about\/#breadcrumb"},"inLanguage":"fr-FR","potentialAction":[{"@type":"ReadAction","target":["https:\/\/winandofficews.com\/holland\/about\/"]}]},{"@type":"ImageObject","inLanguage":"fr-FR","@id":"https:\/\/winandofficews.com\/holland\/about\/#primaryimage","url":"https:\/\/winandofficews.com\/holland\/wp-content\/uploads\/sites\/25\/2020\/07\/FONDO-SLIDES-1.png","contentUrl":"https:\/\/winandofficews.com\/holland\/wp-content\/uploads\/sites\/25\/2020\/07\/FONDO-SLIDES-1.png"},{"@type":"BreadcrumbList","@id":"https:\/\/winandofficews.com\/holland\/about\/#breadcrumb","itemListElement":[{"@type":"ListItem","position":1,"name":"Home","item":"https:\/\/winandofficews.com\/holland\/"},{"@type":"ListItem","position":2,"name":"Over ons"}]},{"@type":"WebSite","@id":"https:\/\/winandofficews.com\/holland\/#website","url":"https:\/\/winandofficews.com\/holland\/","name":"Pays-Bas","description":"Wholesales Store of Office","publisher":{"@id":"https:\/\/winandofficews.com\/holland\/#organization"},"potentialAction":[{"@type":"SearchAction","target":{"@type":"EntryPoint","urlTemplate":"https:\/\/winandofficews.com\/holland\/?s={search_term_string}"},"query-input":{"@type":"PropertyValueSpecification","valueRequired":true,"valueName":"search_term_string"}}],"inLanguage":"fr-FR"},{"@type":"Organization","@id":"https:\/\/winandofficews.com\/holland\/#organization","name":"Pays-Bas","url":"https:\/\/winandofficews.com\/holland\/","logo":{"@type":"ImageObject","inLanguage":"fr-FR","@id":"https:\/\/winandofficews.com\/holland\/#\/schema\/logo\/image\/","url":"https:\/\/winandofficews.com\/holland\/wp-content\/uploads\/sites\/25\/logo14.png","contentUrl":"https:\/\/winandofficews.com\/holland\/wp-content\/uploads\/sites\/25\/logo14.png","width":322,"height":116,"caption":"Holland"},"image":{"@id":"https:\/\/winandofficews.com\/holland\/#\/schema\/logo\/image\/"}}]}},"_links":{"self":[{"href":"https:\/\/winandofficews.com\/holland\/fr\/wp-json\/wp\/v2\/pages\/980","targetHints":{"allow":["GET"]}}],"collection":[{"href":"https:\/\/winandofficews.com\/holland\/fr\/wp-json\/wp\/v2\/pages"}],"about":[{"href":"https:\/\/winandofficews.com\/holland\/fr\/wp-json\/wp\/v2\/types\/page"}],"author":[{"embeddable":true,"href":"https:\/\/winandofficews.com\/holland\/fr\/wp-json\/wp\/v2\/users\/1"}],"replies":[{"embeddable":true,"href":"https:\/\/winandofficews.com\/holland\/fr\/wp-json\/wp\/v2\/comments?post=980"}],"version-history":[{"count":0,"href":"https:\/\/winandofficews.com\/holland\/fr\/wp-json\/wp\/v2\/pages\/980\/revisions"}],"wp:attachment":[{"href":"https:\/\/winandofficews.com\/holland\/fr\/wp-json\/wp\/v2\/media?parent=980"}],"curies":[{"name":"wp","href":"https:\/\/api.w.org\/{rel}","templated":true}]}}