{"id":3550,"date":"2021-06-30T20:58:40","date_gmt":"2021-06-30T20:58:40","guid":{"rendered":"https:\/\/winandofficews.com\/holland\/?page_id=3550"},"modified":"2025-06-22T03:17:10","modified_gmt":"2025-06-22T01:17:10","slug":"terms-and-conditions","status":"publish","type":"page","link":"https:\/\/winandofficews.com\/holland\/fr\/terms-and-conditions\/","title":{"rendered":"Conditions g\u00e9n\u00e9rales d'utilisation"},"content":{"rendered":"<p><span style=\"font-weight: 400;\"><br \/>\nLes pr\u00e9sentes conditions d'utilisation (\"conditions\") constituent un accord juridique entre vous et Win &amp; Office WS concernant l'utilisation de notre plateforme de commerce \u00e9lectronique. En acc\u00e9dant \u00e0 ce site web, en l'utilisant ou en y contribuant de quelque mani\u00e8re que ce soit, vous acceptez ces conditions. Si vous n'acceptez pas une partie de ces conditions, n'utilisez pas nos services.<br \/>\n<\/span><\/p>\n<h2><b>Acceptation des conditions<\/b><\/h2>\n<p><span style=\"font-weight: 400;\"><br \/>\nEn acc\u00e9dant au site web Win &amp; Office WS et en l'utilisant, vous acceptez les pr\u00e9sentes conditions. Nous nous r\u00e9servons le droit de restreindre ou de r\u00e9silier votre acc\u00e8s \u00e0 notre plateforme, ou de suspendre votre inscription si vous enfreignez les pr\u00e9sentes conditions ou d'autres politiques publi\u00e9es.<br \/>\n<\/span><\/p>\n<p><span style=\"font-weight: 400;\"><br \/>\nNous pouvons modifier ces conditions \u00e0 tout moment. Il est de votre responsabilit\u00e9 de les consulter r\u00e9guli\u00e8rement pour prendre connaissance des mises \u00e0 jour. En continuant \u00e0 utiliser Win &amp; Office WS apr\u00e8s une modification, vous acceptez les conditions r\u00e9vis\u00e9es.<br \/>\n<\/span><\/p>\n<h2><b>Enregistrement et information de l'utilisateur<\/b><\/h2>\n<p><span style=\"font-weight: 400;\"><br \/>\nDans certaines parties du site, vous pouvez \u00eatre amen\u00e9 \u00e0 fournir des informations personnelles telles que votre nom, votre adresse \u00e9lectronique, votre mot de passe, votre lieu de r\u00e9sidence et votre code postal. Vous \u00eates responsable de la confidentialit\u00e9 des informations relatives \u00e0 votre compte et vous acceptez de notifier imm\u00e9diatement \u00e0 Win &amp; Office WS toute utilisation non autoris\u00e9e de votre compte.<br \/>\n<\/span><\/p>\n<p><span style=\"font-weight: 400;\"><br \/>\nVous ne pouvez pas utiliser le compte d'un autre utilisateur sans son autorisation expresse. Win &amp; Office WS ne peut \u00eatre tenu responsable de toute perte ou dommage r\u00e9sultant du non-respect de ces obligations.<br \/>\n<\/span><\/p>\n<h2><b>Politique de confidentialit\u00e9<\/b><\/h2>\n<p><span style=\"font-weight: 400;\"><br \/>\nWin &amp; Office WS respecte votre vie priv\u00e9e et prot\u00e8ge les donn\u00e9es personnelles que vous lui fournissez. Notre politique de confidentialit\u00e9 peut \u00eatre consult\u00e9e \u00e0 l'adresse suivante <\/span><a href=\"https:\/\/winandofficews.com\/holland\/datenschutzerklaerung\/\"><span style=\"font-weight: 400;\">ici<\/span><\/a><span style=\"font-weight: 400;\">.<br \/>\n<\/span><\/p>\n<p><span style=\"font-weight: 400;\"><br \/>\nNous avons mis en place des mesures de s\u00e9curit\u00e9 pour prot\u00e9ger vos informations, comme d\u00e9crit dans notre politique de confidentialit\u00e9. Toutefois, nous ne pouvons pas garantir que vos donn\u00e9es ne peuvent pas \u00eatre intercept\u00e9es ou d\u00e9crypt\u00e9es par des tiers.<br \/>\n<\/span><\/p>\n<h2><b>Propri\u00e9t\u00e9 du contenu<\/b><\/h2>\n<p><span style=\"font-weight: 400;\"><br \/>\nTous les textes, graphiques, marques, logos, musiques, illustrations et autres contenus de Win &amp; Office WS nous appartiennent, sont exploit\u00e9s ou font l'objet d'une licence. Ce contenu est prot\u00e9g\u00e9 par des droits de propri\u00e9t\u00e9 intellectuelle.<br \/>\n<\/span><\/p>\n<p><span style=\"font-weight: 400;\"><br \/>\nSauf indication contraire, Win &amp; Office WS vous accorde une autorisation limit\u00e9e d'utilisation du contenu \u00e0 des fins personnelles et non commerciales, sous r\u00e9serve que vous respectiez les pr\u00e9sentes conditions.<br \/>\n<\/span><\/p>\n<p><span style=\"font-weight: 400;\"><br \/>\nVous ne pouvez pas copier, reproduire, distribuer, republier, t\u00e9l\u00e9charger, afficher, poster ou transmettre tout contenu sans notre accord \u00e9crit pr\u00e9alable.<br \/>\n<\/span><\/p>\n<h2><b>Contenu publi\u00e9 par les utilisateurs<\/b><\/h2>\n<p><span style=\"font-weight: 400;\"><br \/>\nCertaines parties de Win &amp; Office WS vous permettent de publier du contenu tel que des critiques, des commentaires ou des messages. Vous \u00eates seul responsable du contenu que vous publiez et vous ne devez pas enfreindre les pr\u00e9sentes conditions ou les droits de tiers.<br \/>\n<\/span><\/p>\n<p><span style=\"font-weight: 400;\"><br \/>\nEn publiant votre contenu, vous accordez \u00e0 Win &amp; Office WS le droit d'utiliser, de copier, d'afficher, de distribuer et de promouvoir votre contenu sur n'importe quel support. Nous pouvons \u00e9galement utiliser vos commentaires pour am\u00e9liorer notre plateforme et nos services.<br \/>\n<\/span><\/p>\n<h2><b>Liens et services de tiers<\/b><\/h2>\n<p><span style=\"font-weight: 400;\"><br \/>\nWin &amp; Office WS peut contenir des liens vers des sites web ou des services de tiers. Nous n'approuvons pas le contenu ou les produits de ces sites et n'en acceptons pas la responsabilit\u00e9.<br \/>\n<\/span><\/p>\n<p><span style=\"font-weight: 400;\"><br \/>\nSi vous choisissez d'utiliser des services ou des produits de tiers, il vous incombe d'examiner et de comprendre leurs conditions g\u00e9n\u00e9rales. Win &amp; Office WS n'est pas responsable des performances des produits ou services de tiers.<br \/>\n<\/span><\/p>\n<h2><b>Pas d'obligation de surveillance<\/b><\/h2>\n<p><span style=\"font-weight: 400;\"><br \/>\nWin &amp; Office WS se r\u00e9serve le droit de contr\u00f4ler et de supprimer le contenu fourni par les utilisateurs. Bien que nous puissions mod\u00e9rer certaines sections, nous ne sommes pas oblig\u00e9s de v\u00e9rifier tous les contenus \u00e0 l'avance.<br \/>\n<\/span><\/p>\n<p><span style=\"font-weight: 400;\"><br \/>\nNous pouvons refuser de publier, modifier ou supprimer du contenu sans pr\u00e9avis. Win &amp; Office WS n'est pas responsable des retards ou de l'absence de suppression de contenu.<br \/>\n<\/span><\/p>\n<p><span style=\"font-weight: 400;\"><br \/>\nEn utilisant Win &amp; Office WS, vous reconnaissez avoir lu, compris et accept\u00e9 les pr\u00e9sentes conditions g\u00e9n\u00e9rales. Pour toute question ou commentaire, veuillez nous contacter \u00e0 l'adresse suivante <\/span><a href=\"mailto:&lt;a href=&#039;mailto:holland@winandofficews.com&#039;&gt;holland@winandofficews.com&lt;\/a&gt;\"><span style=\"font-weight: 400;\"><a href='mailto:holland@winandofficews.com'>holland@winandofficews.com<\/a><\/span><\/a><span style=\"font-weight: 400;\">.<br \/>\n<\/span><\/p>","protected":false},"excerpt":{"rendered":"<p>Deze Gebruiksvoorwaarden (&#8220;Voorwaarden&#8221;) vormen een juridisch akkoord tussen u en Win &amp; Office WS met betrekking tot het gebruik van ons e-commerceplatform. Door op welke wijze dan ook toegang te krijgen tot, gebruik te maken van of bij te dragen aan deze website, gaat u akkoord met deze Voorwaarden. Indien&hellip; <\/p>","protected":false},"author":1,"featured_media":0,"parent":0,"menu_order":0,"comment_status":"closed","ping_status":"closed","template":"","meta":{"_acf_changed":false,"footnotes":""},"class_list":["post-3550","page","type-page","status-publish","hentry"],"acf":[],"yoast_head":"<!-- This site is optimized with the Yoast SEO plugin v27.3 - https:\/\/yoast.com\/product\/yoast-seo-wordpress\/ -->\n<title>Algemene Voorwaarden - Holland<\/title>\n<meta name=\"description\" content=\"Explore WinandOfficeWS&#039;s Terms of Use for our e-commerce platform. Learn user responsibilities, privacy policy, content ownership, &amp; more. Contact us.\" \/>\n<meta name=\"robots\" content=\"index, follow, max-snippet:-1, max-image-preview:large, max-video-preview:-1\" \/>\n<link rel=\"canonical\" href=\"https:\/\/winandofficews.com\/holland\/fr\/terms-and-conditions\/\" \/>\n<meta property=\"og:locale\" content=\"fr_FR\" \/>\n<meta property=\"og:type\" content=\"article\" \/>\n<meta property=\"og:title\" content=\"Algemene Voorwaarden - Holland\" \/>\n<meta property=\"og:description\" content=\"Explore WinandOfficeWS&#039;s Terms of Use for our e-commerce platform. Learn user responsibilities, privacy policy, content ownership, &amp; more. Contact us.\" \/>\n<meta property=\"og:url\" content=\"https:\/\/winandofficews.com\/holland\/fr\/terms-and-conditions\/\" \/>\n<meta property=\"og:site_name\" content=\"Holland\" \/>\n<meta property=\"article:modified_time\" content=\"2025-06-22T01:17:10+00:00\" \/>\n<meta name=\"twitter:card\" content=\"summary_large_image\" \/>\n<meta name=\"twitter:label1\" content=\"Dur\u00e9e de lecture estim\u00e9e\" \/>\n\t<meta name=\"twitter:data1\" content=\"3 minutes\" \/>\n<script type=\"application\/ld+json\" class=\"yoast-schema-graph\">{\"@context\":\"https:\\\/\\\/schema.org\",\"@graph\":[{\"@type\":\"WebPage\",\"@id\":\"https:\\\/\\\/winandofficews.com\\\/holland\\\/terms-and-conditions\\\/\",\"url\":\"https:\\\/\\\/winandofficews.com\\\/holland\\\/terms-and-conditions\\\/\",\"name\":\"Algemene Voorwaarden - Holland\",\"isPartOf\":{\"@id\":\"https:\\\/\\\/winandofficews.com\\\/holland\\\/#website\"},\"datePublished\":\"2021-06-30T20:58:40+00:00\",\"dateModified\":\"2025-06-22T01:17:10+00:00\",\"description\":\"Explore WinandOfficeWS's Terms of Use for our e-commerce platform. Learn user responsibilities, privacy policy, content ownership, & more. Contact us.\",\"breadcrumb\":{\"@id\":\"https:\\\/\\\/winandofficews.com\\\/holland\\\/terms-and-conditions\\\/#breadcrumb\"},\"inLanguage\":\"fr-FR\",\"potentialAction\":[{\"@type\":\"ReadAction\",\"target\":[\"https:\\\/\\\/winandofficews.com\\\/holland\\\/terms-and-conditions\\\/\"]}]},{\"@type\":\"BreadcrumbList\",\"@id\":\"https:\\\/\\\/winandofficews.com\\\/holland\\\/terms-and-conditions\\\/#breadcrumb\",\"itemListElement\":[{\"@type\":\"ListItem\",\"position\":1,\"name\":\"Home\",\"item\":\"https:\\\/\\\/winandofficews.com\\\/holland\\\/\"},{\"@type\":\"ListItem\",\"position\":2,\"name\":\"Algemene Voorwaarden\"}]},{\"@type\":\"WebSite\",\"@id\":\"https:\\\/\\\/winandofficews.com\\\/holland\\\/#website\",\"url\":\"https:\\\/\\\/winandofficews.com\\\/holland\\\/\",\"name\":\"Holland\",\"description\":\"Wholesales Store of Office\",\"publisher\":{\"@id\":\"https:\\\/\\\/winandofficews.com\\\/holland\\\/#organization\"},\"potentialAction\":[{\"@type\":\"SearchAction\",\"target\":{\"@type\":\"EntryPoint\",\"urlTemplate\":\"https:\\\/\\\/winandofficews.com\\\/holland\\\/?s={search_term_string}\"},\"query-input\":{\"@type\":\"PropertyValueSpecification\",\"valueRequired\":true,\"valueName\":\"search_term_string\"}}],\"inLanguage\":\"fr-FR\"},{\"@type\":\"Organization\",\"@id\":\"https:\\\/\\\/winandofficews.com\\\/holland\\\/#organization\",\"name\":\"Holland\",\"url\":\"https:\\\/\\\/winandofficews.com\\\/holland\\\/\",\"logo\":{\"@type\":\"ImageObject\",\"inLanguage\":\"fr-FR\",\"@id\":\"https:\\\/\\\/winandofficews.com\\\/holland\\\/#\\\/schema\\\/logo\\\/image\\\/\",\"url\":\"https:\\\/\\\/winandofficews.com\\\/holland\\\/wp-content\\\/uploads\\\/sites\\\/25\\\/logo14.png\",\"contentUrl\":\"https:\\\/\\\/winandofficews.com\\\/holland\\\/wp-content\\\/uploads\\\/sites\\\/25\\\/logo14.png\",\"width\":322,\"height\":116,\"caption\":\"Holland\"},\"image\":{\"@id\":\"https:\\\/\\\/winandofficews.com\\\/holland\\\/#\\\/schema\\\/logo\\\/image\\\/\"}}]}<\/script>\n<!-- \/ Yoast SEO plugin. -->","yoast_head_json":{"title":"Algemene Voorwaarden - Holland","description":"Explore WinandOfficeWS's Terms of Use for our e-commerce platform. Learn user responsibilities, privacy policy, content ownership, & more. Contact us.","robots":{"index":"index","follow":"follow","max-snippet":"max-snippet:-1","max-image-preview":"max-image-preview:large","max-video-preview":"max-video-preview:-1"},"canonical":"https:\/\/winandofficews.com\/holland\/fr\/terms-and-conditions\/","og_locale":"fr_FR","og_type":"article","og_title":"Algemene Voorwaarden - Holland","og_description":"Explore WinandOfficeWS's Terms of Use for our e-commerce platform. Learn user responsibilities, privacy policy, content ownership, & more. Contact us.","og_url":"https:\/\/winandofficews.com\/holland\/fr\/terms-and-conditions\/","og_site_name":"Holland","article_modified_time":"2025-06-22T01:17:10+00:00","twitter_card":"summary_large_image","twitter_misc":{"Dur\u00e9e de lecture estim\u00e9e":"3 minutes"},"schema":{"@context":"https:\/\/schema.org","@graph":[{"@type":"WebPage","@id":"https:\/\/winandofficews.com\/holland\/terms-and-conditions\/","url":"https:\/\/winandofficews.com\/holland\/terms-and-conditions\/","name":"Algemene Voorwaarden - Holland","isPartOf":{"@id":"https:\/\/winandofficews.com\/holland\/#website"},"datePublished":"2021-06-30T20:58:40+00:00","dateModified":"2025-06-22T01:17:10+00:00","description":"Explore WinandOfficeWS's Terms of Use for our e-commerce platform. Learn user responsibilities, privacy policy, content ownership, & more. Contact us.","breadcrumb":{"@id":"https:\/\/winandofficews.com\/holland\/terms-and-conditions\/#breadcrumb"},"inLanguage":"fr-FR","potentialAction":[{"@type":"ReadAction","target":["https:\/\/winandofficews.com\/holland\/terms-and-conditions\/"]}]},{"@type":"BreadcrumbList","@id":"https:\/\/winandofficews.com\/holland\/terms-and-conditions\/#breadcrumb","itemListElement":[{"@type":"ListItem","position":1,"name":"Home","item":"https:\/\/winandofficews.com\/holland\/"},{"@type":"ListItem","position":2,"name":"Algemene Voorwaarden"}]},{"@type":"WebSite","@id":"https:\/\/winandofficews.com\/holland\/#website","url":"https:\/\/winandofficews.com\/holland\/","name":"Pays-Bas","description":"Wholesales Store of Office","publisher":{"@id":"https:\/\/winandofficews.com\/holland\/#organization"},"potentialAction":[{"@type":"SearchAction","target":{"@type":"EntryPoint","urlTemplate":"https:\/\/winandofficews.com\/holland\/?s={search_term_string}"},"query-input":{"@type":"PropertyValueSpecification","valueRequired":true,"valueName":"search_term_string"}}],"inLanguage":"fr-FR"},{"@type":"Organization","@id":"https:\/\/winandofficews.com\/holland\/#organization","name":"Pays-Bas","url":"https:\/\/winandofficews.com\/holland\/","logo":{"@type":"ImageObject","inLanguage":"fr-FR","@id":"https:\/\/winandofficews.com\/holland\/#\/schema\/logo\/image\/","url":"https:\/\/winandofficews.com\/holland\/wp-content\/uploads\/sites\/25\/logo14.png","contentUrl":"https:\/\/winandofficews.com\/holland\/wp-content\/uploads\/sites\/25\/logo14.png","width":322,"height":116,"caption":"Holland"},"image":{"@id":"https:\/\/winandofficews.com\/holland\/#\/schema\/logo\/image\/"}}]}},"_links":{"self":[{"href":"https:\/\/winandofficews.com\/holland\/fr\/wp-json\/wp\/v2\/pages\/3550","targetHints":{"allow":["GET"]}}],"collection":[{"href":"https:\/\/winandofficews.com\/holland\/fr\/wp-json\/wp\/v2\/pages"}],"about":[{"href":"https:\/\/winandofficews.com\/holland\/fr\/wp-json\/wp\/v2\/types\/page"}],"author":[{"embeddable":true,"href":"https:\/\/winandofficews.com\/holland\/fr\/wp-json\/wp\/v2\/users\/1"}],"replies":[{"embeddable":true,"href":"https:\/\/winandofficews.com\/holland\/fr\/wp-json\/wp\/v2\/comments?post=3550"}],"version-history":[{"count":0,"href":"https:\/\/winandofficews.com\/holland\/fr\/wp-json\/wp\/v2\/pages\/3550\/revisions"}],"wp:attachment":[{"href":"https:\/\/winandofficews.com\/holland\/fr\/wp-json\/wp\/v2\/media?parent=3550"}],"curies":[{"name":"wp","href":"https:\/\/api.w.org\/{rel}","templated":true}]}}