{"id":3502,"date":"2021-06-29T17:19:05","date_gmt":"2021-06-29T17:19:05","guid":{"rendered":"https:\/\/winandofficews.com\/holland\/?page_id=3502"},"modified":"2025-06-22T03:03:54","modified_gmt":"2025-06-22T01:03:54","slug":"shipping","status":"publish","type":"page","link":"https:\/\/winandofficews.com\/holland\/fr\/shipping\/","title":{"rendered":"Politique d'exp\u00e9dition"},"content":{"rendered":"<p><span style=\"font-weight: 400;\">Merci d'avoir choisi Win &amp; Office WS. Nous nous engageons \u00e0 livrer vos produits rapidement et en toute s\u00e9curit\u00e9. Veuillez consulter notre politique d'exp\u00e9dition ci-dessous pour obtenir des informations importantes sur le processus d'exp\u00e9dition.<\/span><\/p>\n<h4>Exp\u00e9dition<\/h4>\n<p>Nos produits sont livr\u00e9s sous forme num\u00e9rique. Une fois que nous avons confirm\u00e9 la r\u00e9ception de votre paiement, vous recevrez un e-mail contenant toutes les informations n\u00e9cessaires au t\u00e9l\u00e9chargement, \u00e0 l'installation et \u00e0 l'activation des produits.<\/p>\n<p>Pour garantir la livraison des produits, veillez \u00e0 indiquer correctement votre adresse \u00e9lectronique lors de la commande !<\/p>\n<p>Il n'y a pas de frais d'exp\u00e9dition pour l'envoi par courrier \u00e9lectronique.<\/p>","protected":false},"excerpt":{"rendered":"<p>Bedankt dat u heeft gekozen voor Win &#038; Office WS. Wij streven ernaar om uw producten snel en veilig te leveren. Gelieve ons verzendbeleid hieronder te raadplegen voor belangrijke informatie over het verzendproces. Verzending Onze producten worden digitaal geleverd. Zodra we de ontvangst van uw betaling hebben bevestigd, ontvangt u&hellip; <\/p>","protected":false},"author":1,"featured_media":0,"parent":0,"menu_order":0,"comment_status":"closed","ping_status":"closed","template":"","meta":{"_acf_changed":false,"footnotes":""},"class_list":["post-3502","page","type-page","status-publish","hentry"],"acf":[],"yoast_head":"<!-- This site is optimized with the Yoast SEO plugin v27.3 - https:\/\/yoast.com\/product\/yoast-seo-wordpress\/ -->\n<title>Verzendbeleid - Holland<\/title>\n<meta name=\"robots\" content=\"index, follow, max-snippet:-1, max-image-preview:large, max-video-preview:-1\" \/>\n<link rel=\"canonical\" href=\"https:\/\/winandofficews.com\/holland\/fr\/shipping\/\" \/>\n<meta property=\"og:locale\" content=\"fr_FR\" \/>\n<meta property=\"og:type\" content=\"article\" \/>\n<meta property=\"og:title\" content=\"Verzendbeleid - Holland\" \/>\n<meta property=\"og:description\" content=\"Bedankt dat u heeft gekozen voor Win &#038; Office WS. Wij streven ernaar om uw producten snel en veilig te leveren. Gelieve ons verzendbeleid hieronder te raadplegen voor belangrijke informatie over het verzendproces. Verzending Onze producten worden digitaal geleverd. Zodra we de ontvangst van uw betaling hebben bevestigd, ontvangt u&hellip;\" \/>\n<meta property=\"og:url\" content=\"https:\/\/winandofficews.com\/holland\/fr\/shipping\/\" \/>\n<meta property=\"og:site_name\" content=\"Holland\" \/>\n<meta property=\"article:modified_time\" content=\"2025-06-22T01:03:54+00:00\" \/>\n<meta name=\"twitter:card\" content=\"summary_large_image\" \/>\n<meta name=\"twitter:label1\" content=\"Dur\u00e9e de lecture estim\u00e9e\" \/>\n\t<meta name=\"twitter:data1\" content=\"1 minute\" \/>\n<script type=\"application\/ld+json\" class=\"yoast-schema-graph\">{\"@context\":\"https:\\\/\\\/schema.org\",\"@graph\":[{\"@type\":\"WebPage\",\"@id\":\"https:\\\/\\\/winandofficews.com\\\/holland\\\/shipping\\\/\",\"url\":\"https:\\\/\\\/winandofficews.com\\\/holland\\\/shipping\\\/\",\"name\":\"Verzendbeleid - Holland\",\"isPartOf\":{\"@id\":\"https:\\\/\\\/winandofficews.com\\\/holland\\\/#website\"},\"datePublished\":\"2021-06-29T17:19:05+00:00\",\"dateModified\":\"2025-06-22T01:03:54+00:00\",\"breadcrumb\":{\"@id\":\"https:\\\/\\\/winandofficews.com\\\/holland\\\/shipping\\\/#breadcrumb\"},\"inLanguage\":\"fr-FR\",\"potentialAction\":[{\"@type\":\"ReadAction\",\"target\":[\"https:\\\/\\\/winandofficews.com\\\/holland\\\/shipping\\\/\"]}]},{\"@type\":\"BreadcrumbList\",\"@id\":\"https:\\\/\\\/winandofficews.com\\\/holland\\\/shipping\\\/#breadcrumb\",\"itemListElement\":[{\"@type\":\"ListItem\",\"position\":1,\"name\":\"Home\",\"item\":\"https:\\\/\\\/winandofficews.com\\\/holland\\\/\"},{\"@type\":\"ListItem\",\"position\":2,\"name\":\"Verzendbeleid\"}]},{\"@type\":\"WebSite\",\"@id\":\"https:\\\/\\\/winandofficews.com\\\/holland\\\/#website\",\"url\":\"https:\\\/\\\/winandofficews.com\\\/holland\\\/\",\"name\":\"Holland\",\"description\":\"Wholesales Store of Office\",\"publisher\":{\"@id\":\"https:\\\/\\\/winandofficews.com\\\/holland\\\/#organization\"},\"potentialAction\":[{\"@type\":\"SearchAction\",\"target\":{\"@type\":\"EntryPoint\",\"urlTemplate\":\"https:\\\/\\\/winandofficews.com\\\/holland\\\/?s={search_term_string}\"},\"query-input\":{\"@type\":\"PropertyValueSpecification\",\"valueRequired\":true,\"valueName\":\"search_term_string\"}}],\"inLanguage\":\"fr-FR\"},{\"@type\":\"Organization\",\"@id\":\"https:\\\/\\\/winandofficews.com\\\/holland\\\/#organization\",\"name\":\"Holland\",\"url\":\"https:\\\/\\\/winandofficews.com\\\/holland\\\/\",\"logo\":{\"@type\":\"ImageObject\",\"inLanguage\":\"fr-FR\",\"@id\":\"https:\\\/\\\/winandofficews.com\\\/holland\\\/#\\\/schema\\\/logo\\\/image\\\/\",\"url\":\"https:\\\/\\\/winandofficews.com\\\/holland\\\/wp-content\\\/uploads\\\/sites\\\/25\\\/logo14.png\",\"contentUrl\":\"https:\\\/\\\/winandofficews.com\\\/holland\\\/wp-content\\\/uploads\\\/sites\\\/25\\\/logo14.png\",\"width\":322,\"height\":116,\"caption\":\"Holland\"},\"image\":{\"@id\":\"https:\\\/\\\/winandofficews.com\\\/holland\\\/#\\\/schema\\\/logo\\\/image\\\/\"}}]}<\/script>\n<!-- \/ Yoast SEO plugin. -->","yoast_head_json":{"title":"Verzendbeleid - Holland","robots":{"index":"index","follow":"follow","max-snippet":"max-snippet:-1","max-image-preview":"max-image-preview:large","max-video-preview":"max-video-preview:-1"},"canonical":"https:\/\/winandofficews.com\/holland\/fr\/shipping\/","og_locale":"fr_FR","og_type":"article","og_title":"Verzendbeleid - Holland","og_description":"Bedankt dat u heeft gekozen voor Win &#038; Office WS. Wij streven ernaar om uw producten snel en veilig te leveren. Gelieve ons verzendbeleid hieronder te raadplegen voor belangrijke informatie over het verzendproces. Verzending Onze producten worden digitaal geleverd. Zodra we de ontvangst van uw betaling hebben bevestigd, ontvangt u&hellip;","og_url":"https:\/\/winandofficews.com\/holland\/fr\/shipping\/","og_site_name":"Holland","article_modified_time":"2025-06-22T01:03:54+00:00","twitter_card":"summary_large_image","twitter_misc":{"Dur\u00e9e de lecture estim\u00e9e":"1 minute"},"schema":{"@context":"https:\/\/schema.org","@graph":[{"@type":"WebPage","@id":"https:\/\/winandofficews.com\/holland\/shipping\/","url":"https:\/\/winandofficews.com\/holland\/shipping\/","name":"Verzendbeleid - Holland","isPartOf":{"@id":"https:\/\/winandofficews.com\/holland\/#website"},"datePublished":"2021-06-29T17:19:05+00:00","dateModified":"2025-06-22T01:03:54+00:00","breadcrumb":{"@id":"https:\/\/winandofficews.com\/holland\/shipping\/#breadcrumb"},"inLanguage":"fr-FR","potentialAction":[{"@type":"ReadAction","target":["https:\/\/winandofficews.com\/holland\/shipping\/"]}]},{"@type":"BreadcrumbList","@id":"https:\/\/winandofficews.com\/holland\/shipping\/#breadcrumb","itemListElement":[{"@type":"ListItem","position":1,"name":"Home","item":"https:\/\/winandofficews.com\/holland\/"},{"@type":"ListItem","position":2,"name":"Verzendbeleid"}]},{"@type":"WebSite","@id":"https:\/\/winandofficews.com\/holland\/#website","url":"https:\/\/winandofficews.com\/holland\/","name":"Pays-Bas","description":"Wholesales Store of Office","publisher":{"@id":"https:\/\/winandofficews.com\/holland\/#organization"},"potentialAction":[{"@type":"SearchAction","target":{"@type":"EntryPoint","urlTemplate":"https:\/\/winandofficews.com\/holland\/?s={search_term_string}"},"query-input":{"@type":"PropertyValueSpecification","valueRequired":true,"valueName":"search_term_string"}}],"inLanguage":"fr-FR"},{"@type":"Organization","@id":"https:\/\/winandofficews.com\/holland\/#organization","name":"Pays-Bas","url":"https:\/\/winandofficews.com\/holland\/","logo":{"@type":"ImageObject","inLanguage":"fr-FR","@id":"https:\/\/winandofficews.com\/holland\/#\/schema\/logo\/image\/","url":"https:\/\/winandofficews.com\/holland\/wp-content\/uploads\/sites\/25\/logo14.png","contentUrl":"https:\/\/winandofficews.com\/holland\/wp-content\/uploads\/sites\/25\/logo14.png","width":322,"height":116,"caption":"Holland"},"image":{"@id":"https:\/\/winandofficews.com\/holland\/#\/schema\/logo\/image\/"}}]}},"_links":{"self":[{"href":"https:\/\/winandofficews.com\/holland\/fr\/wp-json\/wp\/v2\/pages\/3502","targetHints":{"allow":["GET"]}}],"collection":[{"href":"https:\/\/winandofficews.com\/holland\/fr\/wp-json\/wp\/v2\/pages"}],"about":[{"href":"https:\/\/winandofficews.com\/holland\/fr\/wp-json\/wp\/v2\/types\/page"}],"author":[{"embeddable":true,"href":"https:\/\/winandofficews.com\/holland\/fr\/wp-json\/wp\/v2\/users\/1"}],"replies":[{"embeddable":true,"href":"https:\/\/winandofficews.com\/holland\/fr\/wp-json\/wp\/v2\/comments?post=3502"}],"version-history":[{"count":0,"href":"https:\/\/winandofficews.com\/holland\/fr\/wp-json\/wp\/v2\/pages\/3502\/revisions"}],"wp:attachment":[{"href":"https:\/\/winandofficews.com\/holland\/fr\/wp-json\/wp\/v2\/media?parent=3502"}],"curies":[{"name":"wp","href":"https:\/\/api.w.org\/{rel}","templated":true}]}}