{"id":3497,"date":"2021-06-29T16:20:15","date_gmt":"2021-06-29T16:20:15","guid":{"rendered":"https:\/\/winandofficews.com\/holland\/?page_id=3497"},"modified":"2025-06-22T03:11:35","modified_gmt":"2025-06-22T01:11:35","slug":"warranty-policy","status":"publish","type":"page","link":"https:\/\/winandofficews.com\/holland\/fr\/warranty-policy\/","title":{"rendered":"Conditions de garantie"},"content":{"rendered":"<section style=\"font-family: Arial, sans-serif; line-height: 1.6; max-width: 800px; margin: auto;\">\n<h2 style=\"color: #2c3e50;\">Garantie de remboursement de 30 jours et garantie de remplacement \u00e0 vie<\/h2>\n<p><strong>WS Store<\/strong> offre une garantie de remboursement de 30 jours sans discussion pour tous les produits achet\u00e9s. Si vous n'\u00eates pas satisfait de votre achat, vous pouvez le retourner dans les 30 jours pour un remboursement complet.<\/p>\n<p>Apr\u00e8s cette p\u00e9riode de 30 jours, nous offrons un <strong>garantie de remplacement \u00e0 vie<\/strong> pour tous les produits d\u00e9fectueux.<\/p>\n<h3 style=\"color: #34495e;\">Garantie l\u00e9gale<\/h3>\n<p>La p\u00e9riode de garantie l\u00e9gale selon la loi allemande est de <strong>1 an<\/strong> \u00e0 compter de la date d'achat pour les d\u00e9fauts caus\u00e9s par des vices de conception, de mat\u00e9riau ou de fabrication.<\/p>\n<hr style=\"border: none; border-top: 1px dashed #bbb; margin: 30px 0;\" \/>\n<h3 style=\"color: #34495e;\">Conditions pour les produits d\u00e9fectueux<\/h3>\n<p>En cas de produits d\u00e9fectueux <strong>WS Store<\/strong>\u00e0 sa discr\u00e9tion, r\u00e9parer ou remplacer gratuitement l'article d\u00e9fectueux, sous r\u00e9serve que les conditions suivantes soient remplies :<\/p>\n<ol style=\"padding-left: 20px;\">\n<li>L'acheteur doit donner au vendeur <strong>par \u00e9crit<\/strong> notifier le d\u00e9faut dans les meilleurs d\u00e9lais.<\/li>\n<li>Le d\u00e9faut doit \u00eatre d\u00fb \u00e0 <strong>les d\u00e9fauts de conception, de mat\u00e9riel ou de fabrication<\/strong> par le fabricant ou le vendeur.<\/li>\n<li>Les marchandises d\u00e9fectueuses \u00e0 r\u00e9parer ou \u00e0 remplacer doivent \u00eatre <strong>sur demande<\/strong> sont renvoy\u00e9s au vendeur.<\/li>\n<li>Si les marchandises sont fabriqu\u00e9es par un <strong>fournisseur tiers<\/strong> et livr\u00e9e au vendeur, toute garantie accord\u00e9e au vendeur est transf\u00e9r\u00e9e \u00e0 l'acheteur.<\/li>\n<li>Le vendeur se r\u00e9serve le droit, \u00e0 sa seule discr\u00e9tion, de modifier les conditions de vente. <strong>prix \u00e0 rembourser<\/strong> de marchandises d\u00e9fectueuses d\u00e9j\u00e0 pay\u00e9es.<\/li>\n<\/ol>\n<\/section>","protected":false},"excerpt":{"rendered":"<p>30 Dagen Niet-Goed-Geld-Terug Garantie &amp; Levenslange Vervangingsgarantie biedt een 30 dagen niet-goed-geld-terug garantie op alle aangekochte producten. Als u niet tevreden bent met uw aankoop, kunt u deze binnen 30 dagen retourneren voor een volledige terugbetaling. Na deze periode van 30 dagen bieden wij een levenslange vervangingsgarantie voor alle defecte&hellip; <\/p>","protected":false},"author":1,"featured_media":0,"parent":0,"menu_order":0,"comment_status":"closed","ping_status":"closed","template":"","meta":{"_acf_changed":false,"footnotes":""},"class_list":["post-3497","page","type-page","status-publish","hentry"],"acf":[],"yoast_head":"<!-- This site is optimized with the Yoast SEO plugin v27.3 - https:\/\/yoast.com\/product\/yoast-seo-wordpress\/ -->\n<title>Garantievoorwaarden - Holland<\/title>\n<meta name=\"robots\" content=\"index, follow, max-snippet:-1, max-image-preview:large, max-video-preview:-1\" \/>\n<link rel=\"canonical\" href=\"https:\/\/winandofficews.com\/holland\/fr\/warranty-policy\/\" \/>\n<meta property=\"og:locale\" content=\"fr_FR\" \/>\n<meta property=\"og:type\" content=\"article\" \/>\n<meta property=\"og:title\" content=\"Garantievoorwaarden - Holland\" \/>\n<meta property=\"og:description\" content=\"30 Dagen Niet-Goed-Geld-Terug Garantie &amp; Levenslange Vervangingsgarantie biedt een 30 dagen niet-goed-geld-terug garantie op alle aangekochte producten. Als u niet tevreden bent met uw aankoop, kunt u deze binnen 30 dagen retourneren voor een volledige terugbetaling. Na deze periode van 30 dagen bieden wij een levenslange vervangingsgarantie voor alle defecte&hellip;\" \/>\n<meta property=\"og:url\" content=\"https:\/\/winandofficews.com\/holland\/fr\/warranty-policy\/\" \/>\n<meta property=\"og:site_name\" content=\"Holland\" \/>\n<meta property=\"article:modified_time\" content=\"2025-06-22T01:11:35+00:00\" \/>\n<meta name=\"twitter:card\" content=\"summary_large_image\" \/>\n<meta name=\"twitter:label1\" content=\"Dur\u00e9e de lecture estim\u00e9e\" \/>\n\t<meta name=\"twitter:data1\" content=\"1 minute\" \/>\n<script type=\"application\/ld+json\" class=\"yoast-schema-graph\">{\"@context\":\"https:\\\/\\\/schema.org\",\"@graph\":[{\"@type\":\"WebPage\",\"@id\":\"https:\\\/\\\/winandofficews.com\\\/holland\\\/warranty-policy\\\/\",\"url\":\"https:\\\/\\\/winandofficews.com\\\/holland\\\/warranty-policy\\\/\",\"name\":\"Garantievoorwaarden - Holland\",\"isPartOf\":{\"@id\":\"https:\\\/\\\/winandofficews.com\\\/holland\\\/#website\"},\"datePublished\":\"2021-06-29T16:20:15+00:00\",\"dateModified\":\"2025-06-22T01:11:35+00:00\",\"breadcrumb\":{\"@id\":\"https:\\\/\\\/winandofficews.com\\\/holland\\\/warranty-policy\\\/#breadcrumb\"},\"inLanguage\":\"fr-FR\",\"potentialAction\":[{\"@type\":\"ReadAction\",\"target\":[\"https:\\\/\\\/winandofficews.com\\\/holland\\\/warranty-policy\\\/\"]}]},{\"@type\":\"BreadcrumbList\",\"@id\":\"https:\\\/\\\/winandofficews.com\\\/holland\\\/warranty-policy\\\/#breadcrumb\",\"itemListElement\":[{\"@type\":\"ListItem\",\"position\":1,\"name\":\"Home\",\"item\":\"https:\\\/\\\/winandofficews.com\\\/holland\\\/\"},{\"@type\":\"ListItem\",\"position\":2,\"name\":\"Garantievoorwaarden\"}]},{\"@type\":\"WebSite\",\"@id\":\"https:\\\/\\\/winandofficews.com\\\/holland\\\/#website\",\"url\":\"https:\\\/\\\/winandofficews.com\\\/holland\\\/\",\"name\":\"Holland\",\"description\":\"Wholesales Store of Office\",\"publisher\":{\"@id\":\"https:\\\/\\\/winandofficews.com\\\/holland\\\/#organization\"},\"potentialAction\":[{\"@type\":\"SearchAction\",\"target\":{\"@type\":\"EntryPoint\",\"urlTemplate\":\"https:\\\/\\\/winandofficews.com\\\/holland\\\/?s={search_term_string}\"},\"query-input\":{\"@type\":\"PropertyValueSpecification\",\"valueRequired\":true,\"valueName\":\"search_term_string\"}}],\"inLanguage\":\"fr-FR\"},{\"@type\":\"Organization\",\"@id\":\"https:\\\/\\\/winandofficews.com\\\/holland\\\/#organization\",\"name\":\"Holland\",\"url\":\"https:\\\/\\\/winandofficews.com\\\/holland\\\/\",\"logo\":{\"@type\":\"ImageObject\",\"inLanguage\":\"fr-FR\",\"@id\":\"https:\\\/\\\/winandofficews.com\\\/holland\\\/#\\\/schema\\\/logo\\\/image\\\/\",\"url\":\"https:\\\/\\\/winandofficews.com\\\/holland\\\/wp-content\\\/uploads\\\/sites\\\/25\\\/logo14.png\",\"contentUrl\":\"https:\\\/\\\/winandofficews.com\\\/holland\\\/wp-content\\\/uploads\\\/sites\\\/25\\\/logo14.png\",\"width\":322,\"height\":116,\"caption\":\"Holland\"},\"image\":{\"@id\":\"https:\\\/\\\/winandofficews.com\\\/holland\\\/#\\\/schema\\\/logo\\\/image\\\/\"}}]}<\/script>\n<!-- \/ Yoast SEO plugin. -->","yoast_head_json":{"title":"Garantievoorwaarden - Holland","robots":{"index":"index","follow":"follow","max-snippet":"max-snippet:-1","max-image-preview":"max-image-preview:large","max-video-preview":"max-video-preview:-1"},"canonical":"https:\/\/winandofficews.com\/holland\/fr\/warranty-policy\/","og_locale":"fr_FR","og_type":"article","og_title":"Garantievoorwaarden - Holland","og_description":"30 Dagen Niet-Goed-Geld-Terug Garantie &amp; Levenslange Vervangingsgarantie biedt een 30 dagen niet-goed-geld-terug garantie op alle aangekochte producten. Als u niet tevreden bent met uw aankoop, kunt u deze binnen 30 dagen retourneren voor een volledige terugbetaling. Na deze periode van 30 dagen bieden wij een levenslange vervangingsgarantie voor alle defecte&hellip;","og_url":"https:\/\/winandofficews.com\/holland\/fr\/warranty-policy\/","og_site_name":"Holland","article_modified_time":"2025-06-22T01:11:35+00:00","twitter_card":"summary_large_image","twitter_misc":{"Dur\u00e9e de lecture estim\u00e9e":"1 minute"},"schema":{"@context":"https:\/\/schema.org","@graph":[{"@type":"WebPage","@id":"https:\/\/winandofficews.com\/holland\/warranty-policy\/","url":"https:\/\/winandofficews.com\/holland\/warranty-policy\/","name":"Garantievoorwaarden - Holland","isPartOf":{"@id":"https:\/\/winandofficews.com\/holland\/#website"},"datePublished":"2021-06-29T16:20:15+00:00","dateModified":"2025-06-22T01:11:35+00:00","breadcrumb":{"@id":"https:\/\/winandofficews.com\/holland\/warranty-policy\/#breadcrumb"},"inLanguage":"fr-FR","potentialAction":[{"@type":"ReadAction","target":["https:\/\/winandofficews.com\/holland\/warranty-policy\/"]}]},{"@type":"BreadcrumbList","@id":"https:\/\/winandofficews.com\/holland\/warranty-policy\/#breadcrumb","itemListElement":[{"@type":"ListItem","position":1,"name":"Home","item":"https:\/\/winandofficews.com\/holland\/"},{"@type":"ListItem","position":2,"name":"Garantievoorwaarden"}]},{"@type":"WebSite","@id":"https:\/\/winandofficews.com\/holland\/#website","url":"https:\/\/winandofficews.com\/holland\/","name":"Pays-Bas","description":"Wholesales Store of Office","publisher":{"@id":"https:\/\/winandofficews.com\/holland\/#organization"},"potentialAction":[{"@type":"SearchAction","target":{"@type":"EntryPoint","urlTemplate":"https:\/\/winandofficews.com\/holland\/?s={search_term_string}"},"query-input":{"@type":"PropertyValueSpecification","valueRequired":true,"valueName":"search_term_string"}}],"inLanguage":"fr-FR"},{"@type":"Organization","@id":"https:\/\/winandofficews.com\/holland\/#organization","name":"Pays-Bas","url":"https:\/\/winandofficews.com\/holland\/","logo":{"@type":"ImageObject","inLanguage":"fr-FR","@id":"https:\/\/winandofficews.com\/holland\/#\/schema\/logo\/image\/","url":"https:\/\/winandofficews.com\/holland\/wp-content\/uploads\/sites\/25\/logo14.png","contentUrl":"https:\/\/winandofficews.com\/holland\/wp-content\/uploads\/sites\/25\/logo14.png","width":322,"height":116,"caption":"Holland"},"image":{"@id":"https:\/\/winandofficews.com\/holland\/#\/schema\/logo\/image\/"}}]}},"_links":{"self":[{"href":"https:\/\/winandofficews.com\/holland\/fr\/wp-json\/wp\/v2\/pages\/3497","targetHints":{"allow":["GET"]}}],"collection":[{"href":"https:\/\/winandofficews.com\/holland\/fr\/wp-json\/wp\/v2\/pages"}],"about":[{"href":"https:\/\/winandofficews.com\/holland\/fr\/wp-json\/wp\/v2\/types\/page"}],"author":[{"embeddable":true,"href":"https:\/\/winandofficews.com\/holland\/fr\/wp-json\/wp\/v2\/users\/1"}],"replies":[{"embeddable":true,"href":"https:\/\/winandofficews.com\/holland\/fr\/wp-json\/wp\/v2\/comments?post=3497"}],"version-history":[{"count":0,"href":"https:\/\/winandofficews.com\/holland\/fr\/wp-json\/wp\/v2\/pages\/3497\/revisions"}],"wp:attachment":[{"href":"https:\/\/winandofficews.com\/holland\/fr\/wp-json\/wp\/v2\/media?parent=3497"}],"curies":[{"name":"wp","href":"https:\/\/api.w.org\/{rel}","templated":true}]}}