{"id":3475,"date":"2021-06-25T18:49:48","date_gmt":"2021-06-25T18:49:48","guid":{"rendered":"https:\/\/winandofficews.com\/holland\/?page_id=3475"},"modified":"2025-06-22T03:14:08","modified_gmt":"2025-06-22T01:14:08","slug":"refunds-policy","status":"publish","type":"page","link":"https:\/\/winandofficews.com\/holland\/fr\/refunds-policy\/","title":{"rendered":"Politique de retour et de remboursement"},"content":{"rendered":"<ul style=\"padding-left: 20px;\">\n<li>Pas de frais de retour<\/li>\n<li>Pas de frais de port<\/li>\n<li>Remboursement int\u00e9gral dans les 30 jours<\/li>\n<li>Garantie de remplacement \u00e0 vie<\/li>\n<\/ul>\n<p><strong>Politique d'annulation<\/strong><br \/>\nVous avez le droit de r\u00e9silier le pr\u00e9sent contrat dans les 30 jours suivant la r\u00e9ception des marchandises sans donner de raisons.<br \/>\nPour exercer votre droit de r\u00e9tractation, vous devez nous informer de votre d\u00e9cision de r\u00e9silier le pr\u00e9sent contrat au moyen d'une d\u00e9claration claire (par exemple, une lettre envoy\u00e9e par la poste, par t\u00e9l\u00e9copie ou par courrier \u00e9lectronique). Vous pouvez utiliser le mod\u00e8le de formulaire ci-joint \u00e0 cet effet.<\/p>\n<div style=\"border: dashed 1px gray; border-radius: 5px; background-color: #f5f5f5; padding: 5px; margin-bottom: 15px;\">\n<strong>Propri\u00e9taire :<\/strong> INES CASTRO ANDIA<br \/>\n<strong>Localisation Allemagne :<\/strong> Samoastra\u00dfe 1, 13353 Berlin, Allemagne<br \/>\n<strong>T\u00e9l :<\/strong> +49 60213274874<br \/>\n<strong>E-mail :<\/strong> <a href='mailto:holland@winandofficews.com'>holland@winandofficews.com<\/a>\n<\/div>\n<p><strong>Mod\u00e8le de formulaire d'annulation<\/strong><br \/>\n(Si vous souhaitez annuler l'accord, veuillez compl\u00e9ter et renvoyer ce formulaire).<\/p>\n<div style=\"border: dashed 1px gray; border-radius: 5px; background-color: #f5f5f5; padding: 5px; margin-bottom: 15px;\">\nJe\/nous (*) r\u00e9voque\/r\u00e9voquons par la pr\u00e9sente le contrat conclu par moi\/nous (*) concernant l'achat des biens suivants (*) \/ la prestation du service suivant (*) :  <\/p>\n<ul style=\"padding-left: 20px;\">\n<li>Command\u00e9 le (*) \/ re\u00e7u le (*)<\/li>\n<li>Nom du\/des consommateur(s)<\/li>\n<li>Adresse du\/des consommateur(s)<\/li>\n<li>Signature du\/des consommateur(s) (uniquement en cas de d\u00e9claration sur papier)<\/li>\n<li>Date<\/li>\n<\/ul>\n<\/div>\n<p><em>(*) Rayer les mentions inutiles.<\/em><br \/>\nPour respecter le d\u00e9lai de r\u00e9tractation, il suffit d'envoyer votre communication sur l'exercice du droit de r\u00e9tractation avant l'expiration du d\u00e9lai.<\/p>\n<p><strong>Cons\u00e9quences de l'annulation :<\/strong><br \/>\nSi vous annulez le pr\u00e9sent contrat, nous vous rembourserons tous les paiements re\u00e7us de votre part, y compris les frais de livraison (\u00e0 l'exclusion de tous frais suppl\u00e9mentaires r\u00e9sultant de votre choix d'un mode de livraison autre que la livraison standard la moins ch\u00e8re que nous proposons), imm\u00e9diatement et au plus tard dans un d\u00e9lai de 14 jours.<br \/>\nPour ce remboursement, nous utiliserons le m\u00eame moyen de paiement que celui que vous avez utilis\u00e9 lors de la transaction initiale, sauf accord contraire expr\u00e8s avec vous ; en aucun cas ce remboursement ne vous sera factur\u00e9.<\/p>\n<p><strong>Garantie de remplacement \u00e0 vie :<\/strong><br \/>\nSi vous ne respectez pas la p\u00e9riode de remboursement de 30 jours, nous vous offrons une garantie de remplacement du produit \u00e0 vie. Si le produit tombe en panne pendant l'utilisation, vous recevrez un remplacement gratuit.<\/p>\n<div style=\"border: dashed 1px gray; border-radius: 5px; background-color: #f5f5f5; padding: 5px; margin-bottom: 15px;\">\n<strong>Propri\u00e9taire :<\/strong> INES CASTRO ANDIA<br \/>\n<strong>Localisation Allemagne :<\/strong> Samoastra\u00dfe 1, 13353 Berlin, Allemagne<br \/>\n<strong>T\u00e9l :<\/strong> +49 60213274874<br \/>\n<strong>E-mail :<\/strong> <a href='mailto:holland@winandofficews.com'>holland@winandofficews.com<\/a>\n<\/div>","protected":false},"excerpt":{"rendered":"<p>Geen retourkosten Geen verzendkosten Volledige terugbetaling binnen 30 dagen Levenslange vervangingsgarantie Annuleringsbeleid U heeft het recht om deze overeenkomst binnen 30 dagen na ontvangst van de goederen zonder opgave van redenen te annuleren. Om gebruik te maken van uw herroepingsrecht, dient u ons op de hoogte te stellen van uw&hellip; <\/p>","protected":false},"author":1,"featured_media":0,"parent":0,"menu_order":0,"comment_status":"closed","ping_status":"closed","template":"","meta":{"_acf_changed":false,"footnotes":""},"class_list":["post-3475","page","type-page","status-publish","hentry"],"acf":[],"yoast_head":"<!-- This site is optimized with the Yoast SEO plugin v27.3 - https:\/\/yoast.com\/product\/yoast-seo-wordpress\/ -->\n<title>Beleid voor Retourneren en Terugbetalingen - Holland<\/title>\n<meta name=\"robots\" content=\"index, follow, max-snippet:-1, max-image-preview:large, max-video-preview:-1\" \/>\n<link rel=\"canonical\" href=\"https:\/\/winandofficews.com\/holland\/fr\/refunds-policy\/\" \/>\n<meta property=\"og:locale\" content=\"fr_FR\" \/>\n<meta property=\"og:type\" content=\"article\" \/>\n<meta property=\"og:title\" content=\"Beleid voor Retourneren en Terugbetalingen - Holland\" \/>\n<meta property=\"og:description\" content=\"Geen retourkosten Geen verzendkosten Volledige terugbetaling binnen 30 dagen Levenslange vervangingsgarantie Annuleringsbeleid U heeft het recht om deze overeenkomst binnen 30 dagen na ontvangst van de goederen zonder opgave van redenen te annuleren. Om gebruik te maken van uw herroepingsrecht, dient u ons op de hoogte te stellen van uw&hellip;\" \/>\n<meta property=\"og:url\" content=\"https:\/\/winandofficews.com\/holland\/fr\/refunds-policy\/\" \/>\n<meta property=\"og:site_name\" content=\"Holland\" \/>\n<meta property=\"article:modified_time\" content=\"2025-06-22T01:14:08+00:00\" \/>\n<meta name=\"twitter:card\" content=\"summary_large_image\" \/>\n<meta name=\"twitter:label1\" content=\"Dur\u00e9e de lecture estim\u00e9e\" \/>\n\t<meta name=\"twitter:data1\" content=\"2 minutes\" \/>\n<script type=\"application\/ld+json\" class=\"yoast-schema-graph\">{\"@context\":\"https:\\\/\\\/schema.org\",\"@graph\":[{\"@type\":\"WebPage\",\"@id\":\"https:\\\/\\\/winandofficews.com\\\/holland\\\/refunds-policy\\\/\",\"url\":\"https:\\\/\\\/winandofficews.com\\\/holland\\\/refunds-policy\\\/\",\"name\":\"Beleid voor Retourneren en Terugbetalingen - Holland\",\"isPartOf\":{\"@id\":\"https:\\\/\\\/winandofficews.com\\\/holland\\\/#website\"},\"datePublished\":\"2021-06-25T18:49:48+00:00\",\"dateModified\":\"2025-06-22T01:14:08+00:00\",\"breadcrumb\":{\"@id\":\"https:\\\/\\\/winandofficews.com\\\/holland\\\/refunds-policy\\\/#breadcrumb\"},\"inLanguage\":\"fr-FR\",\"potentialAction\":[{\"@type\":\"ReadAction\",\"target\":[\"https:\\\/\\\/winandofficews.com\\\/holland\\\/refunds-policy\\\/\"]}]},{\"@type\":\"BreadcrumbList\",\"@id\":\"https:\\\/\\\/winandofficews.com\\\/holland\\\/refunds-policy\\\/#breadcrumb\",\"itemListElement\":[{\"@type\":\"ListItem\",\"position\":1,\"name\":\"Home\",\"item\":\"https:\\\/\\\/winandofficews.com\\\/holland\\\/\"},{\"@type\":\"ListItem\",\"position\":2,\"name\":\"Beleid voor Retourneren en Terugbetalingen\"}]},{\"@type\":\"WebSite\",\"@id\":\"https:\\\/\\\/winandofficews.com\\\/holland\\\/#website\",\"url\":\"https:\\\/\\\/winandofficews.com\\\/holland\\\/\",\"name\":\"Holland\",\"description\":\"Wholesales Store of Office\",\"publisher\":{\"@id\":\"https:\\\/\\\/winandofficews.com\\\/holland\\\/#organization\"},\"potentialAction\":[{\"@type\":\"SearchAction\",\"target\":{\"@type\":\"EntryPoint\",\"urlTemplate\":\"https:\\\/\\\/winandofficews.com\\\/holland\\\/?s={search_term_string}\"},\"query-input\":{\"@type\":\"PropertyValueSpecification\",\"valueRequired\":true,\"valueName\":\"search_term_string\"}}],\"inLanguage\":\"fr-FR\"},{\"@type\":\"Organization\",\"@id\":\"https:\\\/\\\/winandofficews.com\\\/holland\\\/#organization\",\"name\":\"Holland\",\"url\":\"https:\\\/\\\/winandofficews.com\\\/holland\\\/\",\"logo\":{\"@type\":\"ImageObject\",\"inLanguage\":\"fr-FR\",\"@id\":\"https:\\\/\\\/winandofficews.com\\\/holland\\\/#\\\/schema\\\/logo\\\/image\\\/\",\"url\":\"https:\\\/\\\/winandofficews.com\\\/holland\\\/wp-content\\\/uploads\\\/sites\\\/25\\\/logo14.png\",\"contentUrl\":\"https:\\\/\\\/winandofficews.com\\\/holland\\\/wp-content\\\/uploads\\\/sites\\\/25\\\/logo14.png\",\"width\":322,\"height\":116,\"caption\":\"Holland\"},\"image\":{\"@id\":\"https:\\\/\\\/winandofficews.com\\\/holland\\\/#\\\/schema\\\/logo\\\/image\\\/\"}}]}<\/script>\n<!-- \/ Yoast SEO plugin. -->","yoast_head_json":{"title":"Beleid voor Retourneren en Terugbetalingen - Holland","robots":{"index":"index","follow":"follow","max-snippet":"max-snippet:-1","max-image-preview":"max-image-preview:large","max-video-preview":"max-video-preview:-1"},"canonical":"https:\/\/winandofficews.com\/holland\/fr\/refunds-policy\/","og_locale":"fr_FR","og_type":"article","og_title":"Beleid voor Retourneren en Terugbetalingen - Holland","og_description":"Geen retourkosten Geen verzendkosten Volledige terugbetaling binnen 30 dagen Levenslange vervangingsgarantie Annuleringsbeleid U heeft het recht om deze overeenkomst binnen 30 dagen na ontvangst van de goederen zonder opgave van redenen te annuleren. Om gebruik te maken van uw herroepingsrecht, dient u ons op de hoogte te stellen van uw&hellip;","og_url":"https:\/\/winandofficews.com\/holland\/fr\/refunds-policy\/","og_site_name":"Holland","article_modified_time":"2025-06-22T01:14:08+00:00","twitter_card":"summary_large_image","twitter_misc":{"Dur\u00e9e de lecture estim\u00e9e":"2 minutes"},"schema":{"@context":"https:\/\/schema.org","@graph":[{"@type":"WebPage","@id":"https:\/\/winandofficews.com\/holland\/refunds-policy\/","url":"https:\/\/winandofficews.com\/holland\/refunds-policy\/","name":"Beleid voor Retourneren en Terugbetalingen - Holland","isPartOf":{"@id":"https:\/\/winandofficews.com\/holland\/#website"},"datePublished":"2021-06-25T18:49:48+00:00","dateModified":"2025-06-22T01:14:08+00:00","breadcrumb":{"@id":"https:\/\/winandofficews.com\/holland\/refunds-policy\/#breadcrumb"},"inLanguage":"fr-FR","potentialAction":[{"@type":"ReadAction","target":["https:\/\/winandofficews.com\/holland\/refunds-policy\/"]}]},{"@type":"BreadcrumbList","@id":"https:\/\/winandofficews.com\/holland\/refunds-policy\/#breadcrumb","itemListElement":[{"@type":"ListItem","position":1,"name":"Home","item":"https:\/\/winandofficews.com\/holland\/"},{"@type":"ListItem","position":2,"name":"Beleid voor Retourneren en Terugbetalingen"}]},{"@type":"WebSite","@id":"https:\/\/winandofficews.com\/holland\/#website","url":"https:\/\/winandofficews.com\/holland\/","name":"Pays-Bas","description":"Wholesales Store of Office","publisher":{"@id":"https:\/\/winandofficews.com\/holland\/#organization"},"potentialAction":[{"@type":"SearchAction","target":{"@type":"EntryPoint","urlTemplate":"https:\/\/winandofficews.com\/holland\/?s={search_term_string}"},"query-input":{"@type":"PropertyValueSpecification","valueRequired":true,"valueName":"search_term_string"}}],"inLanguage":"fr-FR"},{"@type":"Organization","@id":"https:\/\/winandofficews.com\/holland\/#organization","name":"Pays-Bas","url":"https:\/\/winandofficews.com\/holland\/","logo":{"@type":"ImageObject","inLanguage":"fr-FR","@id":"https:\/\/winandofficews.com\/holland\/#\/schema\/logo\/image\/","url":"https:\/\/winandofficews.com\/holland\/wp-content\/uploads\/sites\/25\/logo14.png","contentUrl":"https:\/\/winandofficews.com\/holland\/wp-content\/uploads\/sites\/25\/logo14.png","width":322,"height":116,"caption":"Holland"},"image":{"@id":"https:\/\/winandofficews.com\/holland\/#\/schema\/logo\/image\/"}}]}},"_links":{"self":[{"href":"https:\/\/winandofficews.com\/holland\/fr\/wp-json\/wp\/v2\/pages\/3475","targetHints":{"allow":["GET"]}}],"collection":[{"href":"https:\/\/winandofficews.com\/holland\/fr\/wp-json\/wp\/v2\/pages"}],"about":[{"href":"https:\/\/winandofficews.com\/holland\/fr\/wp-json\/wp\/v2\/types\/page"}],"author":[{"embeddable":true,"href":"https:\/\/winandofficews.com\/holland\/fr\/wp-json\/wp\/v2\/users\/1"}],"replies":[{"embeddable":true,"href":"https:\/\/winandofficews.com\/holland\/fr\/wp-json\/wp\/v2\/comments?post=3475"}],"version-history":[{"count":0,"href":"https:\/\/winandofficews.com\/holland\/fr\/wp-json\/wp\/v2\/pages\/3475\/revisions"}],"wp:attachment":[{"href":"https:\/\/winandofficews.com\/holland\/fr\/wp-json\/wp\/v2\/media?parent=3475"}],"curies":[{"name":"wp","href":"https:\/\/api.w.org\/{rel}","templated":true}]}}