{"id":3413,"date":"2021-03-03T14:12:03","date_gmt":"2021-03-03T14:12:03","guid":{"rendered":"https:\/\/shop.winandofficews.com\/holland\/?page_id=3413"},"modified":"2025-06-22T02:40:17","modified_gmt":"2025-06-22T00:40:17","slug":"legal-basis","status":"publish","type":"page","link":"https:\/\/winandofficews.com\/holland\/fr\/legal-basis\/","title":{"rendered":"Base juridique"},"content":{"rendered":"<h4>Droits de distribution<\/h4>\n<p>Les d\u00e9veloppeurs de logiciels tels que Microsoft autorisent des partenaires commerciaux certifi\u00e9s (revendeurs) \u00e0 vendre des produits aux consommateurs. Des droits de revente sont accord\u00e9s. Seuls les partenaires agr\u00e9\u00e9s ont le droit de vendre des licences de logiciels et sont obligatoirement membres du programme de partenariat du d\u00e9veloppeur. Les revendeurs re\u00e7oivent le droit non exclusif de commercialiser et de distribuer activement des logiciels sous licence au sein de l'UE \/ AELE. \u00c0 titre exceptionnel, les partenaires de vente peuvent \u00e9galement op\u00e9rer dans d'autres r\u00e9gions ; cela n\u00e9cessite un accord \u00e9crit.<\/p>\n<p>Le revendeur est tenu de proposer les produits logiciels sous les noms de produits respectifs des d\u00e9veloppeurs. Les mentions relatives \u00e0 la protection et au droit d'auteur doivent \u00eatre respect\u00e9es ou faites. Toutes les marques et tous les noms commerciaux d\u00e9pos\u00e9s sont la propri\u00e9t\u00e9 de leurs d\u00e9veloppeurs respectifs. Les informations techniques doivent toujours correspondre aux informations du d\u00e9veloppeur. Les images, symboles et logos sont utilis\u00e9s pour identifier les articles. Les marchandises vendues restent la propri\u00e9t\u00e9 du revendeur jusqu'\u00e0 leur paiement int\u00e9gral.<\/p>\n<h4>Licences<\/h4>\n<p>Selon la jurisprudence actuelle de la Cour f\u00e9d\u00e9rale de justice (BGH, arr\u00eat du 17 juillet 2013 - I ZR 129\/08), les revendeurs sp\u00e9cialis\u00e9s sont tenus de documenter la l\u00e9galit\u00e9 des logiciels qu'ils proposent. Les licences de logiciels ne peuvent \u00eatre commercialis\u00e9es qu'avec l'accord du titulaire des droits. La licence est accord\u00e9e \u00e0 titre on\u00e9reux, ce qui permet de g\u00e9n\u00e9rer une r\u00e9mun\u00e9ration correspondant \u00e0 la valeur \u00e9conomique du logiciel. Le titulaire des droits oblige le distributeur \u00e0 vendre le logiciel de mani\u00e8re permanente et sans limite de temps. Le consommateur est inform\u00e9 que le logiciel est soumis aux conditions de licence et aux droits d'utilisation du produit du fabricant du logiciel.<\/p>\n<p>L'acheteur dispose d'un droit d'utilisation simple et illimit\u00e9 du logiciel. Il n'est pas autoris\u00e9 \u00e0 copier le logiciel ou \u00e0 donner \u00e0 d'autres l'acc\u00e8s \u00e0 son utilisation. Les droits d'utilisation multiples doivent faire l'objet d'un contrat distinct.<\/p>","protected":false},"excerpt":{"rendered":"<p>Distributierechten Softwareontwikkelaars zoals Microsoft staan gecertificeerde verkooppartners (wederverkopers) toe om producten aan consumenten te verkopen. Zogeheten wederverkopersrechten worden verleend. Alleen geautoriseerde partners hebben het recht om softwarelicenties te verkopen en zijn verplichte leden van het partnerprogramma van de ontwikkelaar. De wederverkopers ontvangen het niet-exclusieve recht om software actief te verhandelen&hellip; <\/p>","protected":false},"author":1,"featured_media":0,"parent":0,"menu_order":0,"comment_status":"closed","ping_status":"closed","template":"","meta":{"_acf_changed":false,"footnotes":""},"class_list":["post-3413","page","type-page","status-publish","hentry"],"acf":[],"yoast_head":"<!-- This site is optimized with the Yoast SEO plugin v27.3 - https:\/\/yoast.com\/product\/yoast-seo-wordpress\/ -->\n<title>Juridische Basis - Holland<\/title>\n<meta name=\"robots\" content=\"index, follow, max-snippet:-1, max-image-preview:large, max-video-preview:-1\" \/>\n<link rel=\"canonical\" href=\"https:\/\/winandofficews.com\/holland\/fr\/legal-basis\/\" \/>\n<meta property=\"og:locale\" content=\"fr_FR\" \/>\n<meta property=\"og:type\" content=\"article\" \/>\n<meta property=\"og:title\" content=\"Juridische Basis - Holland\" \/>\n<meta property=\"og:description\" content=\"Distributierechten Softwareontwikkelaars zoals Microsoft staan gecertificeerde verkooppartners (wederverkopers) toe om producten aan consumenten te verkopen. Zogeheten wederverkopersrechten worden verleend. Alleen geautoriseerde partners hebben het recht om softwarelicenties te verkopen en zijn verplichte leden van het partnerprogramma van de ontwikkelaar. De wederverkopers ontvangen het niet-exclusieve recht om software actief te verhandelen&hellip;\" \/>\n<meta property=\"og:url\" content=\"https:\/\/winandofficews.com\/holland\/fr\/legal-basis\/\" \/>\n<meta property=\"og:site_name\" content=\"Holland\" \/>\n<meta property=\"article:modified_time\" content=\"2025-06-22T00:40:17+00:00\" \/>\n<meta name=\"twitter:card\" content=\"summary_large_image\" \/>\n<meta name=\"twitter:label1\" content=\"Dur\u00e9e de lecture estim\u00e9e\" \/>\n\t<meta name=\"twitter:data1\" content=\"2 minutes\" \/>\n<script type=\"application\/ld+json\" class=\"yoast-schema-graph\">{\"@context\":\"https:\\\/\\\/schema.org\",\"@graph\":[{\"@type\":\"WebPage\",\"@id\":\"https:\\\/\\\/winandofficews.com\\\/holland\\\/legal-basis\\\/\",\"url\":\"https:\\\/\\\/winandofficews.com\\\/holland\\\/legal-basis\\\/\",\"name\":\"Juridische Basis - Holland\",\"isPartOf\":{\"@id\":\"https:\\\/\\\/winandofficews.com\\\/holland\\\/#website\"},\"datePublished\":\"2021-03-03T14:12:03+00:00\",\"dateModified\":\"2025-06-22T00:40:17+00:00\",\"breadcrumb\":{\"@id\":\"https:\\\/\\\/winandofficews.com\\\/holland\\\/legal-basis\\\/#breadcrumb\"},\"inLanguage\":\"fr-FR\",\"potentialAction\":[{\"@type\":\"ReadAction\",\"target\":[\"https:\\\/\\\/winandofficews.com\\\/holland\\\/legal-basis\\\/\"]}]},{\"@type\":\"BreadcrumbList\",\"@id\":\"https:\\\/\\\/winandofficews.com\\\/holland\\\/legal-basis\\\/#breadcrumb\",\"itemListElement\":[{\"@type\":\"ListItem\",\"position\":1,\"name\":\"Home\",\"item\":\"https:\\\/\\\/winandofficews.com\\\/holland\\\/\"},{\"@type\":\"ListItem\",\"position\":2,\"name\":\"Juridische Basis\"}]},{\"@type\":\"WebSite\",\"@id\":\"https:\\\/\\\/winandofficews.com\\\/holland\\\/#website\",\"url\":\"https:\\\/\\\/winandofficews.com\\\/holland\\\/\",\"name\":\"Holland\",\"description\":\"Wholesales Store of Office\",\"publisher\":{\"@id\":\"https:\\\/\\\/winandofficews.com\\\/holland\\\/#organization\"},\"potentialAction\":[{\"@type\":\"SearchAction\",\"target\":{\"@type\":\"EntryPoint\",\"urlTemplate\":\"https:\\\/\\\/winandofficews.com\\\/holland\\\/?s={search_term_string}\"},\"query-input\":{\"@type\":\"PropertyValueSpecification\",\"valueRequired\":true,\"valueName\":\"search_term_string\"}}],\"inLanguage\":\"fr-FR\"},{\"@type\":\"Organization\",\"@id\":\"https:\\\/\\\/winandofficews.com\\\/holland\\\/#organization\",\"name\":\"Holland\",\"url\":\"https:\\\/\\\/winandofficews.com\\\/holland\\\/\",\"logo\":{\"@type\":\"ImageObject\",\"inLanguage\":\"fr-FR\",\"@id\":\"https:\\\/\\\/winandofficews.com\\\/holland\\\/#\\\/schema\\\/logo\\\/image\\\/\",\"url\":\"https:\\\/\\\/winandofficews.com\\\/holland\\\/wp-content\\\/uploads\\\/sites\\\/25\\\/logo14.png\",\"contentUrl\":\"https:\\\/\\\/winandofficews.com\\\/holland\\\/wp-content\\\/uploads\\\/sites\\\/25\\\/logo14.png\",\"width\":322,\"height\":116,\"caption\":\"Holland\"},\"image\":{\"@id\":\"https:\\\/\\\/winandofficews.com\\\/holland\\\/#\\\/schema\\\/logo\\\/image\\\/\"}}]}<\/script>\n<!-- \/ Yoast SEO plugin. -->","yoast_head_json":{"title":"Juridische Basis - Holland","robots":{"index":"index","follow":"follow","max-snippet":"max-snippet:-1","max-image-preview":"max-image-preview:large","max-video-preview":"max-video-preview:-1"},"canonical":"https:\/\/winandofficews.com\/holland\/fr\/legal-basis\/","og_locale":"fr_FR","og_type":"article","og_title":"Juridische Basis - Holland","og_description":"Distributierechten Softwareontwikkelaars zoals Microsoft staan gecertificeerde verkooppartners (wederverkopers) toe om producten aan consumenten te verkopen. Zogeheten wederverkopersrechten worden verleend. Alleen geautoriseerde partners hebben het recht om softwarelicenties te verkopen en zijn verplichte leden van het partnerprogramma van de ontwikkelaar. De wederverkopers ontvangen het niet-exclusieve recht om software actief te verhandelen&hellip;","og_url":"https:\/\/winandofficews.com\/holland\/fr\/legal-basis\/","og_site_name":"Holland","article_modified_time":"2025-06-22T00:40:17+00:00","twitter_card":"summary_large_image","twitter_misc":{"Dur\u00e9e de lecture estim\u00e9e":"2 minutes"},"schema":{"@context":"https:\/\/schema.org","@graph":[{"@type":"WebPage","@id":"https:\/\/winandofficews.com\/holland\/legal-basis\/","url":"https:\/\/winandofficews.com\/holland\/legal-basis\/","name":"Juridische Basis - Holland","isPartOf":{"@id":"https:\/\/winandofficews.com\/holland\/#website"},"datePublished":"2021-03-03T14:12:03+00:00","dateModified":"2025-06-22T00:40:17+00:00","breadcrumb":{"@id":"https:\/\/winandofficews.com\/holland\/legal-basis\/#breadcrumb"},"inLanguage":"fr-FR","potentialAction":[{"@type":"ReadAction","target":["https:\/\/winandofficews.com\/holland\/legal-basis\/"]}]},{"@type":"BreadcrumbList","@id":"https:\/\/winandofficews.com\/holland\/legal-basis\/#breadcrumb","itemListElement":[{"@type":"ListItem","position":1,"name":"Home","item":"https:\/\/winandofficews.com\/holland\/"},{"@type":"ListItem","position":2,"name":"Juridische Basis"}]},{"@type":"WebSite","@id":"https:\/\/winandofficews.com\/holland\/#website","url":"https:\/\/winandofficews.com\/holland\/","name":"Pays-Bas","description":"Wholesales Store of Office","publisher":{"@id":"https:\/\/winandofficews.com\/holland\/#organization"},"potentialAction":[{"@type":"SearchAction","target":{"@type":"EntryPoint","urlTemplate":"https:\/\/winandofficews.com\/holland\/?s={search_term_string}"},"query-input":{"@type":"PropertyValueSpecification","valueRequired":true,"valueName":"search_term_string"}}],"inLanguage":"fr-FR"},{"@type":"Organization","@id":"https:\/\/winandofficews.com\/holland\/#organization","name":"Pays-Bas","url":"https:\/\/winandofficews.com\/holland\/","logo":{"@type":"ImageObject","inLanguage":"fr-FR","@id":"https:\/\/winandofficews.com\/holland\/#\/schema\/logo\/image\/","url":"https:\/\/winandofficews.com\/holland\/wp-content\/uploads\/sites\/25\/logo14.png","contentUrl":"https:\/\/winandofficews.com\/holland\/wp-content\/uploads\/sites\/25\/logo14.png","width":322,"height":116,"caption":"Holland"},"image":{"@id":"https:\/\/winandofficews.com\/holland\/#\/schema\/logo\/image\/"}}]}},"_links":{"self":[{"href":"https:\/\/winandofficews.com\/holland\/fr\/wp-json\/wp\/v2\/pages\/3413","targetHints":{"allow":["GET"]}}],"collection":[{"href":"https:\/\/winandofficews.com\/holland\/fr\/wp-json\/wp\/v2\/pages"}],"about":[{"href":"https:\/\/winandofficews.com\/holland\/fr\/wp-json\/wp\/v2\/types\/page"}],"author":[{"embeddable":true,"href":"https:\/\/winandofficews.com\/holland\/fr\/wp-json\/wp\/v2\/users\/1"}],"replies":[{"embeddable":true,"href":"https:\/\/winandofficews.com\/holland\/fr\/wp-json\/wp\/v2\/comments?post=3413"}],"version-history":[{"count":0,"href":"https:\/\/winandofficews.com\/holland\/fr\/wp-json\/wp\/v2\/pages\/3413\/revisions"}],"wp:attachment":[{"href":"https:\/\/winandofficews.com\/holland\/fr\/wp-json\/wp\/v2\/media?parent=3413"}],"curies":[{"name":"wp","href":"https:\/\/api.w.org\/{rel}","templated":true}]}}