{"id":3410,"date":"2021-03-03T13:41:10","date_gmt":"2021-03-03T13:41:10","guid":{"rendered":"https:\/\/shop.winandofficews.com\/holland\/?page_id=3410"},"modified":"2025-06-22T03:26:33","modified_gmt":"2025-06-22T01:26:33","slug":"services","status":"publish","type":"page","link":"https:\/\/winandofficews.com\/holland\/fr\/services\/","title":{"rendered":"Services"},"content":{"rendered":"<ul>\n<li>\n<h4>Livraison rapide 24\/7<\/h4>\n<ul>\n<li>Nous vous enverrons la cl\u00e9 de produit dans les 2 minutes suivant la r\u00e9ception de votre paiement.<\/li>\n<li>Vous recevrez un lien de t\u00e9l\u00e9chargement et des instructions d'installation par e-mail.<\/li>\n<li>Le logiciel et les instructions sont disponibles en 5 langues (allemand, anglais, fran\u00e7ais, italien, espagnol).<\/li>\n<\/ul>\n<\/li>\n<\/ul>\n<ul>\n<li>\n<h4>Des partenaires solides<\/h4>\n<ul>\n<li>Nous sommes Microsoft Gold Partner avec MSPN<\/li>\n<\/ul>\n<\/li>\n<\/ul>\n<ul>\n<li>\n<h4>Facture<\/h4>\n<ul>\n<li>Vous recevrez une facture avec le num\u00e9ro de TVA et le num\u00e9ro de partenaire Microsoft dans les 24 heures.<\/li>\n<li>Toutes les licences sont v\u00e9rifiables via la technologie blockchain.<\/li>\n<\/ul>\n<\/li>\n<\/ul>\n<ul>\n<li>\n<h4>Garantie du produit<\/h4>\n<ul>\n<li>Activation en ligne garantie<\/li>\n<li>Garantie de remplacement \u00e0 vie<\/li>\n<li>Contr\u00f4le de la qualit\u00e9 des cl\u00e9s de produit avant l'exp\u00e9dition<\/li>\n<\/ul>\n<\/li>\n<\/ul>\n<ul>\n<li>\n<h4>Transparence<\/h4>\n<p>    Nous respectons toutes les obligations l\u00e9gales en mati\u00e8re d'information<\/p>\n<ul>\n<li>Lien vers la plateforme de la Commission europ\u00e9enne pour la r\u00e9solution des litiges en ligne<\/li>\n<\/ul>\n<\/li>\n<\/ul>\n<ul>\n<li>\n<h4>Paiements rapides et s\u00fbrs<\/h4>\n<p>    Vous pouvez payer rapidement et en toute s\u00e9curit\u00e9 via les services suivants :<\/p>\n<ul>\n<li>Amazon Pay<\/li>\n<li>Paypal<\/li>\n<\/ul>\n<\/li>\n<\/ul>\n<ul>\n<li>\n<h4>T\u00e9l\u00e9charger le logiciel<\/h4>\n<ul>\n<li>T\u00e9l\u00e9chargement rapide et s\u00e9curis\u00e9 via notre portail de t\u00e9l\u00e9chargement, sans enregistrement<\/li>\n<li>Tous les programmes ont \u00e9t\u00e9 contr\u00f4l\u00e9s pour d\u00e9tecter les virus et les logiciels malveillants.<\/li>\n<li>Notre portail de t\u00e9l\u00e9chargement est disponible en cinq langues<\/li>\n<\/ul>\n<\/li>\n<\/ul>\n<ul>\n<li>\n<h4>Notre service client\u00e8le - toujours l\u00e0 pour vous !<\/h4>\n<ul>\n<li>Disponible 24 heures sur 24, 7 jours sur 7, par courrier \u00e9lectronique<\/li>\n<li>Support client multilingue (allemand, anglais, fran\u00e7ais, italien, espagnol)<\/li>\n<\/ul>\n<\/li>\n<\/ul>\n<blockquote><p><strong><br \/>\nWin &amp; Office Wholesales ne se contente pas de vendre une cl\u00e9. Vous recevrez un service et un support complet lors de l'achat de votre produit.<br \/>\n<\/strong><\/p><\/blockquote>","protected":false},"excerpt":{"rendered":"<p>Snelle levering, 24\/7 Wij sturen de productsleutel binnen 2 minuten na ontvangst van uw betaling U ontvangt per e-mail een downloadlink en installatie-instructies De software en instructies zijn beschikbaar in 5 talen (Duits, Engels, Frans, Italiaans, Spaans) Sterke partners Wij zijn Microsoft Gold Partner met MSPN Factuur Binnen 24 uur&hellip; <\/p>","protected":false},"author":1,"featured_media":0,"parent":0,"menu_order":0,"comment_status":"closed","ping_status":"closed","template":"","meta":{"_acf_changed":false,"footnotes":""},"class_list":["post-3410","page","type-page","status-publish","hentry"],"acf":[],"yoast_head":"<!-- This site is optimized with the Yoast SEO plugin v27.3 - https:\/\/yoast.com\/product\/yoast-seo-wordpress\/ -->\n<title>Diensten - Holland<\/title>\n<meta name=\"robots\" content=\"index, follow, max-snippet:-1, max-image-preview:large, max-video-preview:-1\" \/>\n<link rel=\"canonical\" href=\"https:\/\/winandofficews.com\/holland\/fr\/services\/\" \/>\n<meta property=\"og:locale\" content=\"fr_FR\" \/>\n<meta property=\"og:type\" content=\"article\" \/>\n<meta property=\"og:title\" content=\"Diensten - Holland\" \/>\n<meta property=\"og:description\" content=\"Snelle levering, 24\/7 Wij sturen de productsleutel binnen 2 minuten na ontvangst van uw betaling U ontvangt per e-mail een downloadlink en installatie-instructies De software en instructies zijn beschikbaar in 5 talen (Duits, Engels, Frans, Italiaans, Spaans) Sterke partners Wij zijn Microsoft Gold Partner met MSPN Factuur Binnen 24 uur&hellip;\" \/>\n<meta property=\"og:url\" content=\"https:\/\/winandofficews.com\/holland\/fr\/services\/\" \/>\n<meta property=\"og:site_name\" content=\"Holland\" \/>\n<meta property=\"article:modified_time\" content=\"2025-06-22T01:26:33+00:00\" \/>\n<meta name=\"twitter:card\" content=\"summary_large_image\" \/>\n<meta name=\"twitter:label1\" content=\"Dur\u00e9e de lecture estim\u00e9e\" \/>\n\t<meta name=\"twitter:data1\" content=\"1 minute\" \/>\n<script type=\"application\/ld+json\" class=\"yoast-schema-graph\">{\"@context\":\"https:\\\/\\\/schema.org\",\"@graph\":[{\"@type\":\"WebPage\",\"@id\":\"https:\\\/\\\/winandofficews.com\\\/holland\\\/services\\\/\",\"url\":\"https:\\\/\\\/winandofficews.com\\\/holland\\\/services\\\/\",\"name\":\"Diensten - Holland\",\"isPartOf\":{\"@id\":\"https:\\\/\\\/winandofficews.com\\\/holland\\\/#website\"},\"datePublished\":\"2021-03-03T13:41:10+00:00\",\"dateModified\":\"2025-06-22T01:26:33+00:00\",\"breadcrumb\":{\"@id\":\"https:\\\/\\\/winandofficews.com\\\/holland\\\/services\\\/#breadcrumb\"},\"inLanguage\":\"fr-FR\",\"potentialAction\":[{\"@type\":\"ReadAction\",\"target\":[\"https:\\\/\\\/winandofficews.com\\\/holland\\\/services\\\/\"]}]},{\"@type\":\"BreadcrumbList\",\"@id\":\"https:\\\/\\\/winandofficews.com\\\/holland\\\/services\\\/#breadcrumb\",\"itemListElement\":[{\"@type\":\"ListItem\",\"position\":1,\"name\":\"Home\",\"item\":\"https:\\\/\\\/winandofficews.com\\\/holland\\\/\"},{\"@type\":\"ListItem\",\"position\":2,\"name\":\"Diensten\"}]},{\"@type\":\"WebSite\",\"@id\":\"https:\\\/\\\/winandofficews.com\\\/holland\\\/#website\",\"url\":\"https:\\\/\\\/winandofficews.com\\\/holland\\\/\",\"name\":\"Holland\",\"description\":\"Wholesales Store of Office\",\"publisher\":{\"@id\":\"https:\\\/\\\/winandofficews.com\\\/holland\\\/#organization\"},\"potentialAction\":[{\"@type\":\"SearchAction\",\"target\":{\"@type\":\"EntryPoint\",\"urlTemplate\":\"https:\\\/\\\/winandofficews.com\\\/holland\\\/?s={search_term_string}\"},\"query-input\":{\"@type\":\"PropertyValueSpecification\",\"valueRequired\":true,\"valueName\":\"search_term_string\"}}],\"inLanguage\":\"fr-FR\"},{\"@type\":\"Organization\",\"@id\":\"https:\\\/\\\/winandofficews.com\\\/holland\\\/#organization\",\"name\":\"Holland\",\"url\":\"https:\\\/\\\/winandofficews.com\\\/holland\\\/\",\"logo\":{\"@type\":\"ImageObject\",\"inLanguage\":\"fr-FR\",\"@id\":\"https:\\\/\\\/winandofficews.com\\\/holland\\\/#\\\/schema\\\/logo\\\/image\\\/\",\"url\":\"https:\\\/\\\/winandofficews.com\\\/holland\\\/wp-content\\\/uploads\\\/sites\\\/25\\\/logo14.png\",\"contentUrl\":\"https:\\\/\\\/winandofficews.com\\\/holland\\\/wp-content\\\/uploads\\\/sites\\\/25\\\/logo14.png\",\"width\":322,\"height\":116,\"caption\":\"Holland\"},\"image\":{\"@id\":\"https:\\\/\\\/winandofficews.com\\\/holland\\\/#\\\/schema\\\/logo\\\/image\\\/\"}}]}<\/script>\n<!-- \/ Yoast SEO plugin. -->","yoast_head_json":{"title":"Diensten - Holland","robots":{"index":"index","follow":"follow","max-snippet":"max-snippet:-1","max-image-preview":"max-image-preview:large","max-video-preview":"max-video-preview:-1"},"canonical":"https:\/\/winandofficews.com\/holland\/fr\/services\/","og_locale":"fr_FR","og_type":"article","og_title":"Diensten - Holland","og_description":"Snelle levering, 24\/7 Wij sturen de productsleutel binnen 2 minuten na ontvangst van uw betaling U ontvangt per e-mail een downloadlink en installatie-instructies De software en instructies zijn beschikbaar in 5 talen (Duits, Engels, Frans, Italiaans, Spaans) Sterke partners Wij zijn Microsoft Gold Partner met MSPN Factuur Binnen 24 uur&hellip;","og_url":"https:\/\/winandofficews.com\/holland\/fr\/services\/","og_site_name":"Holland","article_modified_time":"2025-06-22T01:26:33+00:00","twitter_card":"summary_large_image","twitter_misc":{"Dur\u00e9e de lecture estim\u00e9e":"1 minute"},"schema":{"@context":"https:\/\/schema.org","@graph":[{"@type":"WebPage","@id":"https:\/\/winandofficews.com\/holland\/services\/","url":"https:\/\/winandofficews.com\/holland\/services\/","name":"Diensten - Holland","isPartOf":{"@id":"https:\/\/winandofficews.com\/holland\/#website"},"datePublished":"2021-03-03T13:41:10+00:00","dateModified":"2025-06-22T01:26:33+00:00","breadcrumb":{"@id":"https:\/\/winandofficews.com\/holland\/services\/#breadcrumb"},"inLanguage":"fr-FR","potentialAction":[{"@type":"ReadAction","target":["https:\/\/winandofficews.com\/holland\/services\/"]}]},{"@type":"BreadcrumbList","@id":"https:\/\/winandofficews.com\/holland\/services\/#breadcrumb","itemListElement":[{"@type":"ListItem","position":1,"name":"Home","item":"https:\/\/winandofficews.com\/holland\/"},{"@type":"ListItem","position":2,"name":"Diensten"}]},{"@type":"WebSite","@id":"https:\/\/winandofficews.com\/holland\/#website","url":"https:\/\/winandofficews.com\/holland\/","name":"Pays-Bas","description":"Wholesales Store of Office","publisher":{"@id":"https:\/\/winandofficews.com\/holland\/#organization"},"potentialAction":[{"@type":"SearchAction","target":{"@type":"EntryPoint","urlTemplate":"https:\/\/winandofficews.com\/holland\/?s={search_term_string}"},"query-input":{"@type":"PropertyValueSpecification","valueRequired":true,"valueName":"search_term_string"}}],"inLanguage":"fr-FR"},{"@type":"Organization","@id":"https:\/\/winandofficews.com\/holland\/#organization","name":"Pays-Bas","url":"https:\/\/winandofficews.com\/holland\/","logo":{"@type":"ImageObject","inLanguage":"fr-FR","@id":"https:\/\/winandofficews.com\/holland\/#\/schema\/logo\/image\/","url":"https:\/\/winandofficews.com\/holland\/wp-content\/uploads\/sites\/25\/logo14.png","contentUrl":"https:\/\/winandofficews.com\/holland\/wp-content\/uploads\/sites\/25\/logo14.png","width":322,"height":116,"caption":"Holland"},"image":{"@id":"https:\/\/winandofficews.com\/holland\/#\/schema\/logo\/image\/"}}]}},"_links":{"self":[{"href":"https:\/\/winandofficews.com\/holland\/fr\/wp-json\/wp\/v2\/pages\/3410","targetHints":{"allow":["GET"]}}],"collection":[{"href":"https:\/\/winandofficews.com\/holland\/fr\/wp-json\/wp\/v2\/pages"}],"about":[{"href":"https:\/\/winandofficews.com\/holland\/fr\/wp-json\/wp\/v2\/types\/page"}],"author":[{"embeddable":true,"href":"https:\/\/winandofficews.com\/holland\/fr\/wp-json\/wp\/v2\/users\/1"}],"replies":[{"embeddable":true,"href":"https:\/\/winandofficews.com\/holland\/fr\/wp-json\/wp\/v2\/comments?post=3410"}],"version-history":[{"count":0,"href":"https:\/\/winandofficews.com\/holland\/fr\/wp-json\/wp\/v2\/pages\/3410\/revisions"}],"wp:attachment":[{"href":"https:\/\/winandofficews.com\/holland\/fr\/wp-json\/wp\/v2\/media?parent=3410"}],"curies":[{"name":"wp","href":"https:\/\/api.w.org\/{rel}","templated":true}]}}