{"id":87695,"date":"2025-06-19T13:33:32","date_gmt":"2025-06-19T11:33:32","guid":{"rendered":"https:\/\/winandofficews.com\/france\/?post_type=product&#038;p=87695"},"modified":"2026-04-14T04:13:00","modified_gmt":"2026-04-14T02:13:00","slug":"microsoft-office-2021-professional-plus-microsoft-visio-2024-professional-licence-pour-3-appareils","status":"publish","type":"product","link":"https:\/\/winandofficews.com\/france\/product\/microsoft-office-2021-professional-plus-microsoft-visio-2024-professional-licence-pour-3-appareils\/","title":{"rendered":"Microsoft Office 2021 Professional Plus + Microsoft Visio 2024 Professional licence pour 3 appareils"},"content":{"rendered":"<h3>Microsoft Office 2021 Professionnel Plus<\/h3>\n<p>Les utilisateurs de Microsoft Office qui utilisent l&#8217;ensemble des applications \u00e0 domicile ou au bureau sont bien conseill\u00e9s avec l&#8217;\u00e9dition Microsoft Office 2021 Professionnel Plus. Tous les programmes importants sont inclus : Word, Excel, Outlook, PowerPoint, Publisher et Access. OneNote est d\u00e9sormais disponible en t\u00e9l\u00e9chargement depuis le Microsoft Windows Store afin que vous puissiez rapidement prendre des notes et les rendre accessibles sur tous les appareils via le cloud. En raison de la large gamme de programmes diff\u00e9rents, la version Professionnel Plus s&#8217;adresse principalement aux personnes qui travaillent \u00e0 domicile, dans un bureau \u00e0 domicile ou qui recherchent une solution puissante et fiable dans un bureau pour organiser des documents, des tableaux, etc.<\/p>\n<ul>\n<li><strong>Word<\/strong> : Cr\u00e9ez des documents texte de qualit\u00e9 professionnelle en un rien de temps.<\/li>\n<li><strong>Excel<\/strong> : Tableur intelligent pour la gestion de l&#8217;information.<\/li>\n<li><strong>PowerPoint<\/strong> : Cr\u00e9ez des pr\u00e9sentations dynamiques impressionnantes.<\/li>\n<li><strong>OneNote<\/strong> : Votre carnet de notes num\u00e9rique.<\/li>\n<li><strong>Outlook<\/strong> : Communication facilit\u00e9e.<\/li>\n<li><strong>Publisher<\/strong> : Cr\u00e9ation de mises en page pour des publications professionnelles.<\/li>\n<li><strong>Access<\/strong> : Programmation de bases de donn\u00e9es pour des applications bas\u00e9es sur le navigateur.<\/li>\n<li><strong>Microsoft Teams<\/strong> : Plus de productivit\u00e9 gr\u00e2ce \u00e0 la messagerie instantan\u00e9e et \u00e0 la vid\u00e9oconf\u00e9rence HD. (disponible s\u00e9par\u00e9ment pour t\u00e9l\u00e9charger)<\/li>\n<\/ul>\n<p>REMARQUE : Microsoft ne regroupe plus de licence Teams avec les produits Office en raison d&#8217;une <a href=\"https:\/\/blogs.microsoft.com\/eupolicy\/2023\/08\/31\/european-competition-teams-office-microsoft-365\/\" target=\"_blank\" rel=\"noopener\">enqu\u00eate de la Commission Europ\u00e9enne<\/a>. Vous pouvez <a href=\"https:\/\/www.microsoft.com\/en-us\/microsoft-teams\/download-app\" target=\"_blank\" rel=\"noopener\">t\u00e9l\u00e9charger Teams<\/a> pour l&#8217;utiliser avec une licence gratuite ou payante ( achat s\u00e9par\u00e9) en fonction de vos besoins.<\/li>\n<h3>Microsoft Visio 2024 Professionnel<\/h3>\n<p>Avec Microsoft Visio 2024, il est plus facile que jamais pour les individus et les \u00e9quipes de cr\u00e9er et de partager des diagrammes professionnels et polyvalents pour tous les besoins. Il comprend des formes, des mod\u00e8les et des styles mis \u00e0 jour, ainsi qu&#8217;une nouvelle barre de recherche intuitive et un look modernis\u00e9 qui offre une exp\u00e9rience utilisateur famili\u00e8re align\u00e9e avec d&#8217;autres applications Office.Dans Microsoft Visio 2024, vous trouverez toujours toutes les fonctionnalit\u00e9s que vous connaissez, et vous b\u00e9n\u00e9ficierez de nouvelles :<\/p>\n<ul>\n<li>Microsoft Visio 2024 propose encore plus de formes, de gabarits et de mod\u00e8les pour vous aider \u00e0 cr\u00e9er vos diagrammes en moins de temps.<\/li>\n<li>Un look modernis\u00e9 avec un effet de transparence appliqu\u00e9 derri\u00e8re la toile et les menus donne \u00e0 Visio 2024 un aspect plus moderne et \u00e9l\u00e9gant.<\/li>\n<li>Visio 2024 pr\u00e9sente le nouveau th\u00e8me et la nouvelle palette de couleurs d&#8217;Office 2024, y compris le mode sombre, une interface personnalisable et des am\u00e9liorations pour l&#8217;accessibilit\u00e9.<\/li>\n<li>La recherche dans Visio est d\u00e9sormais disponible dans la barre de titre, la rendant plus accessible.<\/li>\n<li>Outils d&#8217;analyse de processus am\u00e9lior\u00e9s tels que les blocs dynamiques pour analyser les processus commerciaux et visualiser les flux de donn\u00e9es.<\/li>\n<\/ul>\n<p><strong>Assistance et support :<\/strong><\/p>\n<p>Pour toute question, n\u2019h\u00e9sitez pas \u00e0 nous contacter <a href=\"mailto:france@winandofficews.com\" target=\"_blank\" rel=\"noopener\">par e-mail<\/a>.  <\/p>\n<p>Notre service client et support est disponible 7 jours sur 7 et 24 heures sur 24.<\/p>\n","protected":false},"excerpt":{"rendered":"<ul>\n<li>Microsoft Office 2021 Professional Plus <strong>licence pour 3 appareils<\/strong><\/li>\n<li>Microsoft Visio 2024 Professional <strong>licence pour 3 appareils<\/strong><\/li>\n<li><strong>Avec cette licence, le logiciel peut \u00eatre activ\u00e9 sur 3 appareils diff\u00e9rents, par exemple un PC personnel, un ordinateur portable et un PC de travail..<\/strong><\/li>\n<li>Version pour syst\u00e8mes 32 et 64 bits, versions compl\u00e8tes et illimit\u00e9es du logiciel par un partenaire Microsoft Gold certifi\u00e9<\/li>\n<li><strong>Garantie de remplacement \u00e0 vie !<\/strong><\/li>\n<li>Livraison par e-mail : cl\u00e9 de produit, instructions, liens de t\u00e9l\u00e9chargement, facture<\/li>\n<li>T\u00e9l\u00e9chargement instantan\u00e9 !<\/li>\n<li>Pas de limite de temps, pas d&#8217;abonnement<\/li>\n<li>Assistance gratuite 24 h\/24 et 7 j\/7 pour les probl\u00e8mes d&#8217;installation et d&#8217;activation<\/li>\n<li>Pas de livraison sur le stockage de donn\u00e9es (USB, CD, etc.)<\/li>\n<li>Activation en ligne et par t\u00e9l\u00e9phone<\/li>\n<li>Langues : anglais, espagnol, italien, allemand, fran\u00e7ais<\/li>\n<li><strong>Ce produit est compatible avec Microsoft Windows.<\/strong><\/li>\n<li><strong>NON compatible avec Apple macOS&trade;, les processeurs Apple, Parallels pour Mac, les appareils Android et les Chromebooks.<\/strong><\/li>\n<\/ul>\n","protected":false},"featured_media":1000008104,"comment_status":"closed","ping_status":"closed","template":"","meta":{"_acf_changed":false},"product_brand":[],"product_cat":[155,158,156,266],"product_tag":[],"class_list":{"0":"post-87695","1":"product","2":"type-product","3":"status-publish","4":"has-post-thumbnail","6":"product_cat-microsoft-office","7":"product_cat-microsoft-windows","8":"product_cat-popular","9":"product_cat-visio","11":"first","12":"instock","13":"sale","14":"featured","15":"virtual","16":"taxable","17":"purchasable","18":"product-type-simple"},"acf":[],"yoast_head":"<!-- This site is optimized with the Yoast SEO plugin v27.4 - https:\/\/yoast.com\/product\/yoast-seo-wordpress\/ -->\n<title>Microsoft Office 2021 Professional Plus + Microsoft Visio 2024 Professional licence pour 3 appareils - France<\/title>\n<meta name=\"robots\" content=\"index, follow, max-snippet:-1, max-image-preview:large, max-video-preview:-1\" \/>\n<link rel=\"canonical\" href=\"https:\/\/winandofficews.com\/france\/product\/microsoft-office-2021-professional-plus-microsoft-visio-2024-professional-licence-pour-3-appareils\/\" \/>\n<meta property=\"og:locale\" content=\"fr_FR\" \/>\n<meta property=\"og:type\" content=\"article\" \/>\n<meta property=\"og:title\" content=\"Microsoft Office 2021 Professional Plus + Microsoft Visio 2024 Professional licence pour 3 appareils - France\" \/>\n<meta property=\"og:description\" content=\"Microsoft Office 2021 Professional Plus licence pour 3 appareils  Microsoft Visio 2024 Professional licence pour 3 appareils  Avec cette licence, le logiciel peut \u00eatre activ\u00e9 sur 3 appareils diff\u00e9rents, par exemple un PC personnel, un ordinateur portable et un PC de travail..  Version pour syst\u00e8mes 32 et 64 bits, versions compl\u00e8tes et illimit\u00e9es du logiciel par un partenaire Microsoft Gold certifi\u00e9  Garantie de remplacement \u00e0 vie !  Livraison par e-mail : cl\u00e9 de produit, instructions, liens de t\u00e9l\u00e9chargement, facture  T\u00e9l\u00e9chargement instantan\u00e9 !  Pas de limite de temps, pas d&#039;abonnement  Assistance gratuite 24 h\/24 et 7 j\/7 pour les probl\u00e8mes d&#039;installation et d&#039;activation  Pas de livraison sur le stockage de donn\u00e9es (USB, CD, etc.)  Activation en ligne et par t\u00e9l\u00e9phone  Langues : anglais, espagnol, italien, allemand, fran\u00e7ais  Ce produit est compatible avec Microsoft Windows.  NON compatible avec Apple macOS&trade;, les processeurs Apple, Parallels pour Mac, les appareils Android et les Chromebooks.\" \/>\n<meta property=\"og:url\" content=\"https:\/\/winandofficews.com\/france\/product\/microsoft-office-2021-professional-plus-microsoft-visio-2024-professional-licence-pour-3-appareils\/\" \/>\n<meta property=\"og:site_name\" content=\"France\" \/>\n<meta property=\"article:modified_time\" content=\"2026-04-14T02:13:00+00:00\" \/>\n<meta name=\"twitter:card\" content=\"summary_large_image\" \/>\n<meta name=\"twitter:label1\" content=\"Dur\u00e9e de lecture estim\u00e9e\" \/>\n\t<meta name=\"twitter:data1\" content=\"3 minutes\" \/>\n<script type=\"application\/ld+json\" class=\"yoast-schema-graph\">{\"@context\":\"https:\\\/\\\/schema.org\",\"@graph\":[{\"@type\":\"WebPage\",\"@id\":\"https:\\\/\\\/winandofficews.com\\\/france\\\/product\\\/microsoft-office-2021-professional-plus-microsoft-visio-2024-professional-licence-pour-3-appareils\\\/\",\"url\":\"https:\\\/\\\/winandofficews.com\\\/france\\\/product\\\/microsoft-office-2021-professional-plus-microsoft-visio-2024-professional-licence-pour-3-appareils\\\/\",\"name\":\"Microsoft Office 2021 Professional Plus + Microsoft Visio 2024 Professional licence pour 3 appareils - France\",\"isPartOf\":{\"@id\":\"https:\\\/\\\/winandofficews.com\\\/france\\\/#website\"},\"primaryImageOfPage\":{\"@id\":\"https:\\\/\\\/winandofficews.com\\\/france\\\/product\\\/microsoft-office-2021-professional-plus-microsoft-visio-2024-professional-licence-pour-3-appareils\\\/#primaryimage\"},\"image\":{\"@id\":\"https:\\\/\\\/winandofficews.com\\\/france\\\/product\\\/microsoft-office-2021-professional-plus-microsoft-visio-2024-professional-licence-pour-3-appareils\\\/#primaryimage\"},\"thumbnailUrl\":\"https:\\\/\\\/winandofficews.com\\\/france\\\/wp-content\\\/uploads\\\/O21PV24P.png\",\"datePublished\":\"2025-06-19T11:33:32+00:00\",\"dateModified\":\"2026-04-14T02:13:00+00:00\",\"breadcrumb\":{\"@id\":\"https:\\\/\\\/winandofficews.com\\\/france\\\/product\\\/microsoft-office-2021-professional-plus-microsoft-visio-2024-professional-licence-pour-3-appareils\\\/#breadcrumb\"},\"inLanguage\":\"fr-FR\",\"potentialAction\":[{\"@type\":\"ReadAction\",\"target\":[\"https:\\\/\\\/winandofficews.com\\\/france\\\/product\\\/microsoft-office-2021-professional-plus-microsoft-visio-2024-professional-licence-pour-3-appareils\\\/\"]}]},{\"@type\":\"ImageObject\",\"inLanguage\":\"fr-FR\",\"@id\":\"https:\\\/\\\/winandofficews.com\\\/france\\\/product\\\/microsoft-office-2021-professional-plus-microsoft-visio-2024-professional-licence-pour-3-appareils\\\/#primaryimage\",\"url\":\"https:\\\/\\\/winandofficews.com\\\/france\\\/wp-content\\\/uploads\\\/O21PV24P.png\",\"contentUrl\":\"https:\\\/\\\/winandofficews.com\\\/france\\\/wp-content\\\/uploads\\\/O21PV24P.png\"},{\"@type\":\"BreadcrumbList\",\"@id\":\"https:\\\/\\\/winandofficews.com\\\/france\\\/product\\\/microsoft-office-2021-professional-plus-microsoft-visio-2024-professional-licence-pour-3-appareils\\\/#breadcrumb\",\"itemListElement\":[{\"@type\":\"ListItem\",\"position\":1,\"name\":\"Home\",\"item\":\"https:\\\/\\\/winandofficews.com\\\/france\\\/\"},{\"@type\":\"ListItem\",\"position\":2,\"name\":\"Boutique\",\"item\":\"https:\\\/\\\/winandofficews.com\\\/france\\\/shop\\\/\"},{\"@type\":\"ListItem\",\"position\":3,\"name\":\"Microsoft Office 2021 Professional Plus + Microsoft Visio 2024 Professional licence pour 3 appareils\"}]},{\"@type\":\"WebSite\",\"@id\":\"https:\\\/\\\/winandofficews.com\\\/france\\\/#website\",\"url\":\"https:\\\/\\\/winandofficews.com\\\/france\\\/\",\"name\":\"France\",\"description\":\"Wholesales Store of Office\",\"publisher\":{\"@id\":\"https:\\\/\\\/winandofficews.com\\\/france\\\/#organization\"},\"potentialAction\":[{\"@type\":\"SearchAction\",\"target\":{\"@type\":\"EntryPoint\",\"urlTemplate\":\"https:\\\/\\\/winandofficews.com\\\/france\\\/?s={search_term_string}\"},\"query-input\":{\"@type\":\"PropertyValueSpecification\",\"valueRequired\":true,\"valueName\":\"search_term_string\"}}],\"inLanguage\":\"fr-FR\"},{\"@type\":\"Organization\",\"@id\":\"https:\\\/\\\/winandofficews.com\\\/france\\\/#organization\",\"name\":\"France\",\"url\":\"https:\\\/\\\/winandofficews.com\\\/france\\\/\",\"logo\":{\"@type\":\"ImageObject\",\"inLanguage\":\"fr-FR\",\"@id\":\"https:\\\/\\\/winandofficews.com\\\/france\\\/#\\\/schema\\\/logo\\\/image\\\/\",\"url\":\"https:\\\/\\\/winandofficews.com\\\/france\\\/wp-content\\\/uploads\\\/sites\\\/13\\\/logo14.png\",\"contentUrl\":\"https:\\\/\\\/winandofficews.com\\\/france\\\/wp-content\\\/uploads\\\/sites\\\/13\\\/logo14.png\",\"width\":322,\"height\":116,\"caption\":\"France\"},\"image\":{\"@id\":\"https:\\\/\\\/winandofficews.com\\\/france\\\/#\\\/schema\\\/logo\\\/image\\\/\"}}]}<\/script>\n<!-- \/ Yoast SEO plugin. -->","yoast_head_json":{"title":"Microsoft Office 2021 Professional Plus + Microsoft Visio 2024 Professional licence pour 3 appareils - France","robots":{"index":"index","follow":"follow","max-snippet":"max-snippet:-1","max-image-preview":"max-image-preview:large","max-video-preview":"max-video-preview:-1"},"canonical":"https:\/\/winandofficews.com\/france\/product\/microsoft-office-2021-professional-plus-microsoft-visio-2024-professional-licence-pour-3-appareils\/","og_locale":"fr_FR","og_type":"article","og_title":"Microsoft Office 2021 Professional Plus + Microsoft Visio 2024 Professional licence pour 3 appareils - France","og_description":"Microsoft Office 2021 Professional Plus licence pour 3 appareils  Microsoft Visio 2024 Professional licence pour 3 appareils  Avec cette licence, le logiciel peut \u00eatre activ\u00e9 sur 3 appareils diff\u00e9rents, par exemple un PC personnel, un ordinateur portable et un PC de travail..  Version pour syst\u00e8mes 32 et 64 bits, versions compl\u00e8tes et illimit\u00e9es du logiciel par un partenaire Microsoft Gold certifi\u00e9  Garantie de remplacement \u00e0 vie !  Livraison par e-mail : cl\u00e9 de produit, instructions, liens de t\u00e9l\u00e9chargement, facture  T\u00e9l\u00e9chargement instantan\u00e9 !  Pas de limite de temps, pas d'abonnement  Assistance gratuite 24 h\/24 et 7 j\/7 pour les probl\u00e8mes d'installation et d'activation  Pas de livraison sur le stockage de donn\u00e9es (USB, CD, etc.)  Activation en ligne et par t\u00e9l\u00e9phone  Langues : anglais, espagnol, italien, allemand, fran\u00e7ais  Ce produit est compatible avec Microsoft Windows.  NON compatible avec Apple macOS&trade;, les processeurs Apple, Parallels pour Mac, les appareils Android et les Chromebooks.","og_url":"https:\/\/winandofficews.com\/france\/product\/microsoft-office-2021-professional-plus-microsoft-visio-2024-professional-licence-pour-3-appareils\/","og_site_name":"France","article_modified_time":"2026-04-14T02:13:00+00:00","twitter_card":"summary_large_image","twitter_misc":{"Dur\u00e9e de lecture estim\u00e9e":"3 minutes"},"schema":{"@context":"https:\/\/schema.org","@graph":[{"@type":"WebPage","@id":"https:\/\/winandofficews.com\/france\/product\/microsoft-office-2021-professional-plus-microsoft-visio-2024-professional-licence-pour-3-appareils\/","url":"https:\/\/winandofficews.com\/france\/product\/microsoft-office-2021-professional-plus-microsoft-visio-2024-professional-licence-pour-3-appareils\/","name":"Microsoft Office 2021 Professional Plus + Microsoft Visio 2024 Professional licence pour 3 appareils - France","isPartOf":{"@id":"https:\/\/winandofficews.com\/france\/#website"},"primaryImageOfPage":{"@id":"https:\/\/winandofficews.com\/france\/product\/microsoft-office-2021-professional-plus-microsoft-visio-2024-professional-licence-pour-3-appareils\/#primaryimage"},"image":{"@id":"https:\/\/winandofficews.com\/france\/product\/microsoft-office-2021-professional-plus-microsoft-visio-2024-professional-licence-pour-3-appareils\/#primaryimage"},"thumbnailUrl":"https:\/\/winandofficews.com\/france\/wp-content\/uploads\/O21PV24P.png","datePublished":"2025-06-19T11:33:32+00:00","dateModified":"2026-04-14T02:13:00+00:00","breadcrumb":{"@id":"https:\/\/winandofficews.com\/france\/product\/microsoft-office-2021-professional-plus-microsoft-visio-2024-professional-licence-pour-3-appareils\/#breadcrumb"},"inLanguage":"fr-FR","potentialAction":[{"@type":"ReadAction","target":["https:\/\/winandofficews.com\/france\/product\/microsoft-office-2021-professional-plus-microsoft-visio-2024-professional-licence-pour-3-appareils\/"]}]},{"@type":"ImageObject","inLanguage":"fr-FR","@id":"https:\/\/winandofficews.com\/france\/product\/microsoft-office-2021-professional-plus-microsoft-visio-2024-professional-licence-pour-3-appareils\/#primaryimage","url":"https:\/\/winandofficews.com\/france\/wp-content\/uploads\/O21PV24P.png","contentUrl":"https:\/\/winandofficews.com\/france\/wp-content\/uploads\/O21PV24P.png"},{"@type":"BreadcrumbList","@id":"https:\/\/winandofficews.com\/france\/product\/microsoft-office-2021-professional-plus-microsoft-visio-2024-professional-licence-pour-3-appareils\/#breadcrumb","itemListElement":[{"@type":"ListItem","position":1,"name":"Home","item":"https:\/\/winandofficews.com\/france\/"},{"@type":"ListItem","position":2,"name":"Boutique","item":"https:\/\/winandofficews.com\/france\/shop\/"},{"@type":"ListItem","position":3,"name":"Microsoft Office 2021 Professional Plus + Microsoft Visio 2024 Professional licence pour 3 appareils"}]},{"@type":"WebSite","@id":"https:\/\/winandofficews.com\/france\/#website","url":"https:\/\/winandofficews.com\/france\/","name":"France","description":"Wholesales Store of Office","publisher":{"@id":"https:\/\/winandofficews.com\/france\/#organization"},"potentialAction":[{"@type":"SearchAction","target":{"@type":"EntryPoint","urlTemplate":"https:\/\/winandofficews.com\/france\/?s={search_term_string}"},"query-input":{"@type":"PropertyValueSpecification","valueRequired":true,"valueName":"search_term_string"}}],"inLanguage":"fr-FR"},{"@type":"Organization","@id":"https:\/\/winandofficews.com\/france\/#organization","name":"France","url":"https:\/\/winandofficews.com\/france\/","logo":{"@type":"ImageObject","inLanguage":"fr-FR","@id":"https:\/\/winandofficews.com\/france\/#\/schema\/logo\/image\/","url":"https:\/\/winandofficews.com\/france\/wp-content\/uploads\/sites\/13\/logo14.png","contentUrl":"https:\/\/winandofficews.com\/france\/wp-content\/uploads\/sites\/13\/logo14.png","width":322,"height":116,"caption":"France"},"image":{"@id":"https:\/\/winandofficews.com\/france\/#\/schema\/logo\/image\/"}}]}},"_links":{"self":[{"href":"https:\/\/winandofficews.com\/france\/wp-json\/wp\/v2\/product\/87695","targetHints":{"allow":["GET"]}}],"collection":[{"href":"https:\/\/winandofficews.com\/france\/wp-json\/wp\/v2\/product"}],"about":[{"href":"https:\/\/winandofficews.com\/france\/wp-json\/wp\/v2\/types\/product"}],"replies":[{"embeddable":true,"href":"https:\/\/winandofficews.com\/france\/wp-json\/wp\/v2\/comments?post=87695"}],"wp:featuredmedia":[{"embeddable":true,"href":"https:\/\/winandofficews.com\/france\/wp-json\/"}],"wp:attachment":[{"href":"https:\/\/winandofficews.com\/france\/wp-json\/wp\/v2\/media?parent=87695"}],"wp:term":[{"taxonomy":"product_brand","embeddable":true,"href":"https:\/\/winandofficews.com\/france\/wp-json\/wp\/v2\/product_brand?post=87695"},{"taxonomy":"product_cat","embeddable":true,"href":"https:\/\/winandofficews.com\/france\/wp-json\/wp\/v2\/product_cat?post=87695"},{"taxonomy":"product_tag","embeddable":true,"href":"https:\/\/winandofficews.com\/france\/wp-json\/wp\/v2\/product_tag?post=87695"}],"curies":[{"name":"wp","href":"https:\/\/api.w.org\/{rel}","templated":true}]}}