{"id":87692,"date":"2025-06-19T13:33:32","date_gmt":"2025-06-19T11:33:32","guid":{"rendered":"https:\/\/winandofficews.com\/france\/?post_type=product&#038;p=87692"},"modified":"2026-04-14T04:19:36","modified_gmt":"2026-04-14T02:19:36","slug":"microsoft-windows-11-professional-microsoft-project-2024-professional-licence-pour-3-appareils","status":"publish","type":"product","link":"https:\/\/winandofficews.com\/france\/product\/microsoft-windows-11-professional-microsoft-project-2024-professional-licence-pour-3-appareils\/","title":{"rendered":"Microsoft Windows 11 Professional + Microsoft Project 2024 Professional licence pour 3 appareils"},"content":{"rendered":"<h4>Exigences du syst\u00e8me<\/h4>\n<p>Assurez-vous d&#8217;\u00eatre pr\u00eat pour le dernier et le meilleur syst\u00e8me d&#8217;exploitation de Microsoft !Voici les exigences minimales pour installer Microsoft Windows 11 sur un PC. Si votre appareil ne r\u00e9pond pas \u00e0 ces exigences, vous ne pourrez peut-\u00eatre pas installer Microsoft Windows 11. Si vous n&#8217;\u00eates pas s\u00fbr que votre PC r\u00e9ponde \u00e0 ces exigences, vous pouvez utiliser l&#8217;application PC Health Check pour \u00e9valuer la compatibilit\u00e9 (n\u00e9cessite Microsoft Windows 10, cliquez ici pour t\u00e9l\u00e9charger).<\/p>\n<ul>\n<li><strong>Processeur<\/strong> : 1 gigahertz (GHz) ou plus rapide avec 2 c\u0153urs ou plus sur un processeur 64 bits compatible ou un syst\u00e8me sur puce (SoC)<\/li>\n<li><strong>RAM<\/strong> : 4 gigaoctets (Go)<\/li>\n<li><strong>Stockage<\/strong> :Dispositif de stockage de 64 Go ou plusNote : Voir ci-dessous sous &#8220;Plus d&#8217;informations sur l&#8217;espace de stockage pour garder Microsoft Windows 11 \u00e0 jour&#8221; pour plus de d\u00e9tails.<\/li>\n<li><strong>Firmware syst\u00e8me<\/strong> : UEFI, capable de d\u00e9marrage s\u00e9curis\u00e9<\/li>\n<li><strong>TPM<\/strong> : Module de plateforme de confiance (TPM) version 2.0<\/li>\n<li><strong>Carte graphique<\/strong> : Compatible avec DirectX 12 ou version ult\u00e9rieure avec un pilote WDDM 2.0<\/li>\n<li><strong>Affichage<\/strong> : \u00c9cran haute d\u00e9finition (720p) de plus de 9 pouces en diagonale, 8 bits par canal de couleur<\/li>\n<li><strong>Connexion Internet et comptes Microsoft<\/strong> :La version Home de Microsoft Windows 11 n\u00e9cessite une connectivit\u00e9 Internet et un compte Microsoft pour compl\u00e9ter la configuration de l&#8217;appareil lors de la premi\u00e8re utilisation.Passer un appareil de Microsoft Windows 11 Home en mode S n\u00e9cessite \u00e9galement une connectivit\u00e9 Internet.Pour toutes les \u00e9ditions de Microsoft Windows 11, l&#8217;acc\u00e8s Internet est requis pour effectuer des mises \u00e0 jour et pour t\u00e9l\u00e9charger et profiter de certaines fonctionnalit\u00e9s. Un compte Microsoft est requis pour certaines fonctionnalit\u00e9s.Il peut y avoir des exigences suppl\u00e9mentaires au fil du temps pour les mises \u00e0 jour, ainsi que des exigences pour activer des fonctionnalit\u00e9s sp\u00e9cifiques au sein du syst\u00e8me d&#8217;exploitation.<\/li>\n<\/ul>\n<p>Certaines fonctionnalit\u00e9s de Microsoft Windows 11 ont des exigences accrues au-del\u00e0 de celles \u00e9num\u00e9r\u00e9es ci-dessus dans la section des exigences minimales. Voici quelques d\u00e9tails suppl\u00e9mentaires concernant les exigences pour des fonctionnalit\u00e9s cl\u00e9s :<\/p>\n<ul>\n<li>Le support 5G n\u00e9cessite un modem compatible 5G.<\/li>\n<li>L&#8217;Auto HDR n\u00e9cessite un moniteur HDR.<\/li>\n<li>BitLocker to Go n\u00e9cessite une cl\u00e9 USB (disponible dans les \u00e9ditions Microsoft Windows 7 Pro et sup\u00e9rieures).<\/li>\n<li>Client Hyper-V n\u00e9cessite un processeur avec des capacit\u00e9s de traduction d&#8217;adresses de deuxi\u00e8me niveau (SLAT) (disponible dans les \u00e9ditions Microsoft Windows Pro et sup\u00e9rieures).<\/li>\n<li>Cortana n\u00e9cessite un microphone et un haut-parleur et est actuellement disponible sur Microsoft Windows 11 pour l&#8217;Australie, le Br\u00e9sil, le Canada, la Chine, la France, l&#8217;Allemagne, l&#8217;Inde, l&#8217;Italie, le Japon, le Mexique, l&#8217;Espagne, le Royaume-Uni et les \u00c9tats-Unis.<\/li>\n<li>DirectStorage n\u00e9cessite un SSD NVMe pour stocker et ex\u00e9cuter des jeux utilisant le pilote &#8220;Standard NVM Express Controller&#8221; et un GPU DirectX12 avec support Shader Model 6.0.<\/li>\n<li>DirectX 12 Ultimate est disponible avec des jeux et des puces graphiques compatibles.<\/li>\n<li>La pr\u00e9sence n\u00e9cessite un capteur capable de d\u00e9tecter la distance humaine par rapport \u00e0 l&#8217;appareil ou l&#8217;intention d&#8217;interagir avec l&#8217;appareil.<\/li>\n<li>La vid\u00e9oconf\u00e9rence intelligente n\u00e9cessite une cam\u00e9ra vid\u00e9o, un microphone et un haut-parleur (sortie audio).<\/li>\n<li>L&#8217;assistant vocal multiple (MVA) n\u00e9cessite un microphone et un haut-parleur.<\/li>\n<li>Les mises en page \u00e0 trois colonnes n\u00e9cessitent un \u00e9cran d&#8217;une largeur effective de 1920 pixels ou plus.<\/li>\n<li>Le mute\/d\u00e9mute depuis la barre des t\u00e2ches n\u00e9cessite une cam\u00e9ra vid\u00e9o, un microphone et un haut-parleur (sortie audio). L&#8217;application doit \u00eatre compatible avec cette fonctionnalit\u00e9 pour activer le mute\/d\u00e9mute global.<\/li>\n<li>Le son spatial n\u00e9cessite du mat\u00e9riel et des logiciels compatibles.<\/li>\n<li>Teams n\u00e9cessite une cam\u00e9ra vid\u00e9o, un microphone et un haut-parleur (sortie audio).<\/li>\n<li>Le tactile n\u00e9cessite un \u00e9cran ou un moniteur qui prend en charge le multi-touch.<\/li>\n<li>L&#8217;authentification \u00e0 deux facteurs n\u00e9cessite l&#8217;utilisation d&#8217;un code PIN, d&#8217;un biom\u00e9trique (lecteur d&#8217;empreintes digitales ou cam\u00e9ra infrarouge illumin\u00e9e), ou d&#8217;un t\u00e9l\u00e9phone avec des capacit\u00e9s Wi-Fi ou Bluetooth.<\/li>\n<li>La saisie vocale n\u00e9cessite un PC avec un microphone.<\/li>\n<li>Le r\u00e9veil par la voix n\u00e9cessite un mod\u00e8le d&#8217;alimentation Modern Standby et un microphone.<\/li>\n<li>Le Wi-Fi 6E n\u00e9cessite un nouveau mat\u00e9riel et un pilote WLAN IHV et un point d&#8217;acc\u00e8s\/routeur compatible Wi-Fi 6E.<\/li>\n<li>Microsoft Windows Hello n\u00e9cessite une cam\u00e9ra configur\u00e9e pour l&#8217;imagerie infrarouge proche (IR) ou un lecteur d&#8217;empreintes digitales pour l&#8217;authentification biom\u00e9trique. Les appareils sans capteurs biom\u00e9triques peuvent utiliser Microsoft Windows Hello avec un code PIN ou une cl\u00e9 de s\u00e9curit\u00e9 portable compatible Microsoft.<\/li>\n<li>La projection Microsoft Windows n\u00e9cessite un adaptateur d&#8217;affichage qui prend en charge le mod\u00e8le de pilote d&#8217;affichage Microsoft Windows (WDDM) 2.0 et un adaptateur Wi-Fi qui prend en charge Wi-Fi Direct.<\/li>\n<li>L&#8217;application Xbox n\u00e9cessite un compte Xbox Live, qui n&#8217;est pas disponible dans toutes les r\u00e9gions. Consultez les pays et r\u00e9gions Xbox Live pour les informations les plus r\u00e9centes sur la disponibilit\u00e9. Certaines fonctionnalit\u00e9s de l&#8217;application Xbox n\u00e9cessiteront un abonnement actif \u00e0 Xbox Game Pass. En savoir plus sur le pass.<\/li>\n<\/ul>\n<h3>Microsoft Project 2024 Professionnel<\/h3>\n<p>Microsoft Project 2024 apporte de nouvelles fonctionnalit\u00e9s et am\u00e9liorations qui aident les \u00e9quipes \u00e0 organiser le travail, g\u00e9rer les t\u00e2ches et suivre les budgets et les ressources encore plus efficacement. Cette nouvelle version pr\u00e9sente des innovations cl\u00e9s qui b\u00e9n\u00e9ficieront tant aux d\u00e9butants qu&#8217;aux professionnels travaillant sur des projets de toute complexit\u00e9 :<\/p>\n<ul>\n<li>Nouvelle interface plus intuitive et personnalisable et navigation utilisateur am\u00e9lior\u00e9e avec un affichage de donn\u00e9es flexible<\/li>\n<li>Mod\u00e8les pr\u00e9con\u00e7us pour vous aider \u00e0 d\u00e9marrer votre projet en un rien de temps<\/li>\n<li>Synchronisation avec Project Online et Project Server pour l&#8217;int\u00e9gration et la gestion des ressources<\/li>\n<li>Sc\u00e9narios &#8220;What-if&#8221; pour optimiser les attributions de t\u00e2ches \u00e0 l&#8217;aide de simulations de sc\u00e9narios<\/li>\n<li>Am\u00e9liorez votre planification en remplissant automatiquement les dates de d\u00e9but et de fin en fonction des d\u00e9pendances<\/li>\n<li>Utilisez plusieurs chronologies pour une repr\u00e9sentation visuelle claire des horaires complexes<\/li>\n<li>Nouvelles fonctionnalit\u00e9s pour l&#8217;affichage et l&#8217;analyse des donn\u00e9es, passant facilement entre diff\u00e9rents types de pr\u00e9sentation d&#8217;informations, y compris les tableaux Kanban et Scrum<\/li>\n<li>Support pour Agile, Scrum, Waterfall ainsi que des approches hybrides, permettant aux utilisateurs de combiner des \u00e9l\u00e9ments de diff\u00e9rentes m\u00e9thodologies.<\/li>\n<\/ul>\n<h4>Assistance et support<\/h4>\n<p>Pour toute question, n\u2019h\u00e9sitez pas \u00e0 nous contacter <a href=\"mailto:france@winandofficews.com\" target=\"_blank\" rel=\"noopener\">par e-mail<\/a>.  <\/p>\n<p>Notre service client et support est disponible 7 jours sur 7 et 24 heures sur 24.<\/p>\n","protected":false},"excerpt":{"rendered":"<ul>\n<li>Microsoft Windows 11 Professional <strong>licence pour 3 appareils<\/strong><\/li>\n<li>Microsoft Project 2024 Professional Plus <strong>licence pour 3 appareils<\/strong><\/li>\n<li><strong>Avec cette licence, le logiciel peut \u00eatre activ\u00e9 sur 3 appareils diff\u00e9rents, par exemple un PC personnel, un ordinateur portable et un PC de travail..<\/strong><\/li>\n<li>Version pour syst\u00e8mes 32 et 64 bits, versions compl\u00e8tes et illimit\u00e9es du logiciel par un partenaire Microsoft Gold certifi\u00e9<\/li>\n<li><strong>Garantie de remplacement \u00e0 vie !<\/strong><\/li>\n<li>Livraison par e-mail : cl\u00e9 de produit, instructions, liens de t\u00e9l\u00e9chargement, facture<\/li>\n<li>T\u00e9l\u00e9chargement instantan\u00e9 !<\/li>\n<li>Pas de limite de temps, pas d&#8217;abonnement<\/li>\n<li>Assistance gratuite 24 h\/24 et 7 j\/7 pour les probl\u00e8mes d&#8217;installation et d&#8217;activation<\/li>\n<li>Pas de livraison sur le stockage de donn\u00e9es (USB, CD, etc.)<\/li>\n<li>Activation en ligne et par t\u00e9l\u00e9phone<\/li>\n<li>Langues : anglais, espagnol, italien, allemand, fran\u00e7ais<\/li>\n<li><strong>Ce produit est compatible avec Microsoft Windows.<\/strong><\/li>\n<li><strong>NON compatible avec Apple macOS&trade;, les processeurs Apple, Parallels pour Mac, les appareils Android et les Chromebooks.<\/strong><\/li>\n<\/ul>\n","protected":false},"featured_media":1000008098,"comment_status":"closed","ping_status":"closed","template":"","meta":{"_acf_changed":false},"product_brand":[],"product_cat":[157,155,158,156,267,270],"product_tag":[159,161],"class_list":{"0":"post-87692","1":"product","2":"type-product","3":"status-publish","4":"has-post-thumbnail","6":"product_cat-combo","7":"product_cat-microsoft-office","8":"product_cat-microsoft-windows","9":"product_cat-popular","10":"product_cat-project","11":"product_cat-windows-11-windows-desktop","12":"product_tag-office","13":"product_tag-windows-11","15":"first","16":"instock","17":"sale","18":"featured","19":"virtual","20":"taxable","21":"purchasable","22":"product-type-simple"},"acf":[],"yoast_head":"<!-- This site is optimized with the Yoast SEO plugin v27.4 - https:\/\/yoast.com\/product\/yoast-seo-wordpress\/ -->\n<title>Microsoft Windows 11 Professional + Microsoft Project 2024 Professional licence pour 3 appareils - France<\/title>\n<meta name=\"robots\" content=\"index, follow, max-snippet:-1, max-image-preview:large, max-video-preview:-1\" \/>\n<link rel=\"canonical\" href=\"https:\/\/winandofficews.com\/france\/product\/microsoft-windows-11-professional-microsoft-project-2024-professional-licence-pour-3-appareils\/\" \/>\n<meta property=\"og:locale\" content=\"fr_FR\" \/>\n<meta property=\"og:type\" content=\"article\" \/>\n<meta property=\"og:title\" content=\"Microsoft Windows 11 Professional + Microsoft Project 2024 Professional licence pour 3 appareils - France\" \/>\n<meta property=\"og:description\" content=\"Microsoft Windows 11 Professional licence pour 3 appareils  Microsoft Project 2024 Professional Plus licence pour 3 appareils  Avec cette licence, le logiciel peut \u00eatre activ\u00e9 sur 3 appareils diff\u00e9rents, par exemple un PC personnel, un ordinateur portable et un PC de travail..  Version pour syst\u00e8mes 32 et 64 bits, versions compl\u00e8tes et illimit\u00e9es du logiciel par un partenaire Microsoft Gold certifi\u00e9  Garantie de remplacement \u00e0 vie !  Livraison par e-mail : cl\u00e9 de produit, instructions, liens de t\u00e9l\u00e9chargement, facture  T\u00e9l\u00e9chargement instantan\u00e9 !  Pas de limite de temps, pas d&#039;abonnement  Assistance gratuite 24 h\/24 et 7 j\/7 pour les probl\u00e8mes d&#039;installation et d&#039;activation  Pas de livraison sur le stockage de donn\u00e9es (USB, CD, etc.)  Activation en ligne et par t\u00e9l\u00e9phone  Langues : anglais, espagnol, italien, allemand, fran\u00e7ais  Ce produit est compatible avec Microsoft Windows.  NON compatible avec Apple macOS&trade;, les processeurs Apple, Parallels pour Mac, les appareils Android et les Chromebooks.\" \/>\n<meta property=\"og:url\" content=\"https:\/\/winandofficews.com\/france\/product\/microsoft-windows-11-professional-microsoft-project-2024-professional-licence-pour-3-appareils\/\" \/>\n<meta property=\"og:site_name\" content=\"France\" \/>\n<meta property=\"article:modified_time\" content=\"2026-04-14T02:19:36+00:00\" \/>\n<meta name=\"twitter:card\" content=\"summary_large_image\" \/>\n<meta name=\"twitter:label1\" content=\"Dur\u00e9e de lecture estim\u00e9e\" \/>\n\t<meta name=\"twitter:data1\" content=\"6 minutes\" \/>\n<script type=\"application\/ld+json\" class=\"yoast-schema-graph\">{\"@context\":\"https:\\\/\\\/schema.org\",\"@graph\":[{\"@type\":\"WebPage\",\"@id\":\"https:\\\/\\\/winandofficews.com\\\/france\\\/product\\\/microsoft-windows-11-professional-microsoft-project-2024-professional-licence-pour-3-appareils\\\/\",\"url\":\"https:\\\/\\\/winandofficews.com\\\/france\\\/product\\\/microsoft-windows-11-professional-microsoft-project-2024-professional-licence-pour-3-appareils\\\/\",\"name\":\"Microsoft Windows 11 Professional + Microsoft Project 2024 Professional licence pour 3 appareils - France\",\"isPartOf\":{\"@id\":\"https:\\\/\\\/winandofficews.com\\\/france\\\/#website\"},\"primaryImageOfPage\":{\"@id\":\"https:\\\/\\\/winandofficews.com\\\/france\\\/product\\\/microsoft-windows-11-professional-microsoft-project-2024-professional-licence-pour-3-appareils\\\/#primaryimage\"},\"image\":{\"@id\":\"https:\\\/\\\/winandofficews.com\\\/france\\\/product\\\/microsoft-windows-11-professional-microsoft-project-2024-professional-licence-pour-3-appareils\\\/#primaryimage\"},\"thumbnailUrl\":\"https:\\\/\\\/winandofficews.com\\\/france\\\/wp-content\\\/uploads\\\/W11PP24P.png\",\"datePublished\":\"2025-06-19T11:33:32+00:00\",\"dateModified\":\"2026-04-14T02:19:36+00:00\",\"breadcrumb\":{\"@id\":\"https:\\\/\\\/winandofficews.com\\\/france\\\/product\\\/microsoft-windows-11-professional-microsoft-project-2024-professional-licence-pour-3-appareils\\\/#breadcrumb\"},\"inLanguage\":\"fr-FR\",\"potentialAction\":[{\"@type\":\"ReadAction\",\"target\":[\"https:\\\/\\\/winandofficews.com\\\/france\\\/product\\\/microsoft-windows-11-professional-microsoft-project-2024-professional-licence-pour-3-appareils\\\/\"]}]},{\"@type\":\"ImageObject\",\"inLanguage\":\"fr-FR\",\"@id\":\"https:\\\/\\\/winandofficews.com\\\/france\\\/product\\\/microsoft-windows-11-professional-microsoft-project-2024-professional-licence-pour-3-appareils\\\/#primaryimage\",\"url\":\"https:\\\/\\\/winandofficews.com\\\/france\\\/wp-content\\\/uploads\\\/W11PP24P.png\",\"contentUrl\":\"https:\\\/\\\/winandofficews.com\\\/france\\\/wp-content\\\/uploads\\\/W11PP24P.png\"},{\"@type\":\"BreadcrumbList\",\"@id\":\"https:\\\/\\\/winandofficews.com\\\/france\\\/product\\\/microsoft-windows-11-professional-microsoft-project-2024-professional-licence-pour-3-appareils\\\/#breadcrumb\",\"itemListElement\":[{\"@type\":\"ListItem\",\"position\":1,\"name\":\"Home\",\"item\":\"https:\\\/\\\/winandofficews.com\\\/france\\\/\"},{\"@type\":\"ListItem\",\"position\":2,\"name\":\"Boutique\",\"item\":\"https:\\\/\\\/winandofficews.com\\\/france\\\/shop\\\/\"},{\"@type\":\"ListItem\",\"position\":3,\"name\":\"Microsoft Windows 11 Professional + Microsoft Project 2024 Professional licence pour 3 appareils\"}]},{\"@type\":\"WebSite\",\"@id\":\"https:\\\/\\\/winandofficews.com\\\/france\\\/#website\",\"url\":\"https:\\\/\\\/winandofficews.com\\\/france\\\/\",\"name\":\"France\",\"description\":\"Wholesales Store of Office\",\"publisher\":{\"@id\":\"https:\\\/\\\/winandofficews.com\\\/france\\\/#organization\"},\"potentialAction\":[{\"@type\":\"SearchAction\",\"target\":{\"@type\":\"EntryPoint\",\"urlTemplate\":\"https:\\\/\\\/winandofficews.com\\\/france\\\/?s={search_term_string}\"},\"query-input\":{\"@type\":\"PropertyValueSpecification\",\"valueRequired\":true,\"valueName\":\"search_term_string\"}}],\"inLanguage\":\"fr-FR\"},{\"@type\":\"Organization\",\"@id\":\"https:\\\/\\\/winandofficews.com\\\/france\\\/#organization\",\"name\":\"France\",\"url\":\"https:\\\/\\\/winandofficews.com\\\/france\\\/\",\"logo\":{\"@type\":\"ImageObject\",\"inLanguage\":\"fr-FR\",\"@id\":\"https:\\\/\\\/winandofficews.com\\\/france\\\/#\\\/schema\\\/logo\\\/image\\\/\",\"url\":\"https:\\\/\\\/winandofficews.com\\\/france\\\/wp-content\\\/uploads\\\/sites\\\/13\\\/logo14.png\",\"contentUrl\":\"https:\\\/\\\/winandofficews.com\\\/france\\\/wp-content\\\/uploads\\\/sites\\\/13\\\/logo14.png\",\"width\":322,\"height\":116,\"caption\":\"France\"},\"image\":{\"@id\":\"https:\\\/\\\/winandofficews.com\\\/france\\\/#\\\/schema\\\/logo\\\/image\\\/\"}}]}<\/script>\n<!-- \/ Yoast SEO plugin. -->","yoast_head_json":{"title":"Microsoft Windows 11 Professional + Microsoft Project 2024 Professional licence pour 3 appareils - France","robots":{"index":"index","follow":"follow","max-snippet":"max-snippet:-1","max-image-preview":"max-image-preview:large","max-video-preview":"max-video-preview:-1"},"canonical":"https:\/\/winandofficews.com\/france\/product\/microsoft-windows-11-professional-microsoft-project-2024-professional-licence-pour-3-appareils\/","og_locale":"fr_FR","og_type":"article","og_title":"Microsoft Windows 11 Professional + Microsoft Project 2024 Professional licence pour 3 appareils - France","og_description":"Microsoft Windows 11 Professional licence pour 3 appareils  Microsoft Project 2024 Professional Plus licence pour 3 appareils  Avec cette licence, le logiciel peut \u00eatre activ\u00e9 sur 3 appareils diff\u00e9rents, par exemple un PC personnel, un ordinateur portable et un PC de travail..  Version pour syst\u00e8mes 32 et 64 bits, versions compl\u00e8tes et illimit\u00e9es du logiciel par un partenaire Microsoft Gold certifi\u00e9  Garantie de remplacement \u00e0 vie !  Livraison par e-mail : cl\u00e9 de produit, instructions, liens de t\u00e9l\u00e9chargement, facture  T\u00e9l\u00e9chargement instantan\u00e9 !  Pas de limite de temps, pas d'abonnement  Assistance gratuite 24 h\/24 et 7 j\/7 pour les probl\u00e8mes d'installation et d'activation  Pas de livraison sur le stockage de donn\u00e9es (USB, CD, etc.)  Activation en ligne et par t\u00e9l\u00e9phone  Langues : anglais, espagnol, italien, allemand, fran\u00e7ais  Ce produit est compatible avec Microsoft Windows.  NON compatible avec Apple macOS&trade;, les processeurs Apple, Parallels pour Mac, les appareils Android et les Chromebooks.","og_url":"https:\/\/winandofficews.com\/france\/product\/microsoft-windows-11-professional-microsoft-project-2024-professional-licence-pour-3-appareils\/","og_site_name":"France","article_modified_time":"2026-04-14T02:19:36+00:00","twitter_card":"summary_large_image","twitter_misc":{"Dur\u00e9e de lecture estim\u00e9e":"6 minutes"},"schema":{"@context":"https:\/\/schema.org","@graph":[{"@type":"WebPage","@id":"https:\/\/winandofficews.com\/france\/product\/microsoft-windows-11-professional-microsoft-project-2024-professional-licence-pour-3-appareils\/","url":"https:\/\/winandofficews.com\/france\/product\/microsoft-windows-11-professional-microsoft-project-2024-professional-licence-pour-3-appareils\/","name":"Microsoft Windows 11 Professional + Microsoft Project 2024 Professional licence pour 3 appareils - France","isPartOf":{"@id":"https:\/\/winandofficews.com\/france\/#website"},"primaryImageOfPage":{"@id":"https:\/\/winandofficews.com\/france\/product\/microsoft-windows-11-professional-microsoft-project-2024-professional-licence-pour-3-appareils\/#primaryimage"},"image":{"@id":"https:\/\/winandofficews.com\/france\/product\/microsoft-windows-11-professional-microsoft-project-2024-professional-licence-pour-3-appareils\/#primaryimage"},"thumbnailUrl":"https:\/\/winandofficews.com\/france\/wp-content\/uploads\/W11PP24P.png","datePublished":"2025-06-19T11:33:32+00:00","dateModified":"2026-04-14T02:19:36+00:00","breadcrumb":{"@id":"https:\/\/winandofficews.com\/france\/product\/microsoft-windows-11-professional-microsoft-project-2024-professional-licence-pour-3-appareils\/#breadcrumb"},"inLanguage":"fr-FR","potentialAction":[{"@type":"ReadAction","target":["https:\/\/winandofficews.com\/france\/product\/microsoft-windows-11-professional-microsoft-project-2024-professional-licence-pour-3-appareils\/"]}]},{"@type":"ImageObject","inLanguage":"fr-FR","@id":"https:\/\/winandofficews.com\/france\/product\/microsoft-windows-11-professional-microsoft-project-2024-professional-licence-pour-3-appareils\/#primaryimage","url":"https:\/\/winandofficews.com\/france\/wp-content\/uploads\/W11PP24P.png","contentUrl":"https:\/\/winandofficews.com\/france\/wp-content\/uploads\/W11PP24P.png"},{"@type":"BreadcrumbList","@id":"https:\/\/winandofficews.com\/france\/product\/microsoft-windows-11-professional-microsoft-project-2024-professional-licence-pour-3-appareils\/#breadcrumb","itemListElement":[{"@type":"ListItem","position":1,"name":"Home","item":"https:\/\/winandofficews.com\/france\/"},{"@type":"ListItem","position":2,"name":"Boutique","item":"https:\/\/winandofficews.com\/france\/shop\/"},{"@type":"ListItem","position":3,"name":"Microsoft Windows 11 Professional + Microsoft Project 2024 Professional licence pour 3 appareils"}]},{"@type":"WebSite","@id":"https:\/\/winandofficews.com\/france\/#website","url":"https:\/\/winandofficews.com\/france\/","name":"France","description":"Wholesales Store of Office","publisher":{"@id":"https:\/\/winandofficews.com\/france\/#organization"},"potentialAction":[{"@type":"SearchAction","target":{"@type":"EntryPoint","urlTemplate":"https:\/\/winandofficews.com\/france\/?s={search_term_string}"},"query-input":{"@type":"PropertyValueSpecification","valueRequired":true,"valueName":"search_term_string"}}],"inLanguage":"fr-FR"},{"@type":"Organization","@id":"https:\/\/winandofficews.com\/france\/#organization","name":"France","url":"https:\/\/winandofficews.com\/france\/","logo":{"@type":"ImageObject","inLanguage":"fr-FR","@id":"https:\/\/winandofficews.com\/france\/#\/schema\/logo\/image\/","url":"https:\/\/winandofficews.com\/france\/wp-content\/uploads\/sites\/13\/logo14.png","contentUrl":"https:\/\/winandofficews.com\/france\/wp-content\/uploads\/sites\/13\/logo14.png","width":322,"height":116,"caption":"France"},"image":{"@id":"https:\/\/winandofficews.com\/france\/#\/schema\/logo\/image\/"}}]}},"_links":{"self":[{"href":"https:\/\/winandofficews.com\/france\/wp-json\/wp\/v2\/product\/87692","targetHints":{"allow":["GET"]}}],"collection":[{"href":"https:\/\/winandofficews.com\/france\/wp-json\/wp\/v2\/product"}],"about":[{"href":"https:\/\/winandofficews.com\/france\/wp-json\/wp\/v2\/types\/product"}],"replies":[{"embeddable":true,"href":"https:\/\/winandofficews.com\/france\/wp-json\/wp\/v2\/comments?post=87692"}],"wp:featuredmedia":[{"embeddable":true,"href":"https:\/\/winandofficews.com\/france\/wp-json\/"}],"wp:attachment":[{"href":"https:\/\/winandofficews.com\/france\/wp-json\/wp\/v2\/media?parent=87692"}],"wp:term":[{"taxonomy":"product_brand","embeddable":true,"href":"https:\/\/winandofficews.com\/france\/wp-json\/wp\/v2\/product_brand?post=87692"},{"taxonomy":"product_cat","embeddable":true,"href":"https:\/\/winandofficews.com\/france\/wp-json\/wp\/v2\/product_cat?post=87692"},{"taxonomy":"product_tag","embeddable":true,"href":"https:\/\/winandofficews.com\/france\/wp-json\/wp\/v2\/product_tag?post=87692"}],"curies":[{"name":"wp","href":"https:\/\/api.w.org\/{rel}","templated":true}]}}