{"id":87690,"date":"2025-06-19T13:33:32","date_gmt":"2025-06-19T11:33:32","guid":{"rendered":"https:\/\/winandofficews.com\/france\/?post_type=product&#038;p=87690"},"modified":"2026-04-14T04:24:28","modified_gmt":"2026-04-14T02:24:28","slug":"microsoft-office-2024-professional-plus-microsoft-project-2024-professional-licence-pour-3-appareils","status":"publish","type":"product","link":"https:\/\/winandofficews.com\/france\/product\/microsoft-office-2024-professional-plus-microsoft-project-2024-professional-licence-pour-3-appareils\/","title":{"rendered":"Microsoft Office 2024 Professional Plus + Microsoft Project 2024 Professional licence pour 3 appareils"},"content":{"rendered":"<h3>Microsoft Office 2024 Professional Plus<\/h3>\n<p>Avec cette licence, le logiciel peut \u00eatre activ\u00e9 sur 3 appareils diff\u00e9rents, par exemple un PC de bureau, un ordinateur portable et un PC de travail. Les utilisateurs de Microsoft Office qui utilisent l&#8217;ensemble des applications \u00e0 domicile ou au bureau sont bien conseill\u00e9s avec l&#8217;\u00e9dition Microsoft Office 2024 Professional Plus. Tous les programmes importants sont inclus : Word, Excel, Outlook, PowerPoint et Access (Publisher n&#8217;est plus inclus car il sera retir\u00e9 en 2026). OneNote est d\u00e9sormais disponible en t\u00e9l\u00e9chargement depuis le Microsoft Windows Store, vous permettant de prendre rapidement des notes et de les rendre accessibles sur tous les appareils via le cloud. En raison de la large gamme de programmes diff\u00e9rents, la version Professional Plus s&#8217;adresse principalement aux personnes qui travaillent \u00e0 domicile, en t\u00e9l\u00e9travail ou qui recherchent une solution puissante et fiable dans un bureau pour organiser des documents, des tableaux, etc.<\/p>\n<ul>\n<li><strong>Word :<\/strong> Cr\u00e9ez des documents texte de qualit\u00e9 professionnelle en un rien de temps.<\/li>\n<li><strong>Excel :<\/strong> Tableur intelligent pour la gestion des informations.<\/li>\n<li><strong>PowerPoint :<\/strong> Cr\u00e9ez des pr\u00e9sentations dynamiques et impressionnantes.<\/li>\n<li><strong>OneNote :<\/strong> Votre carnet num\u00e9rique.<\/li>\n<li><strong>Outlook :<\/strong> Communication simplifi\u00e9e.<\/li>\n<li><strong>Acc\u00e8s<\/strong>: Programmation de bases de donn\u00e9es pour des applications bas\u00e9es sur le navigateur.<\/li>\n<\/ul>\n<p><strong>Remarque importante:<\/strong> cette version d\u2019Office n\u2019inclut <strong>PAS Teams<\/strong><\/p>\n<p><strong>Exigences du syst\u00e8me d&#8217;exploitation :<\/strong> Microsoft Windows 10 ou 11.<\/p>\n<hr>\n<h4>Microsoft Project 2024 Professional Plus Licence pour 3 PC<\/h4>\n<p>Microsoft Project 2024 apporte de nouvelles fonctionnalit\u00e9s et am\u00e9liorations qui aident les \u00e9quipes \u00e0 organiser le travail, g\u00e9rer les t\u00e2ches et suivre les budgets et les ressources de mani\u00e8re encore plus efficace. Cette nouvelle version pr\u00e9sente des innovations cl\u00e9s qui b\u00e9n\u00e9ficieront \u00e0 la fois aux d\u00e9butants et aux professionnels travaillant sur des projets de toute complexit\u00e9 :<\/p>\n<ul>\n<li>Nouvelle interface plus intuitive et personnalisable et navigation utilisateur am\u00e9lior\u00e9e avec une affichage des donn\u00e9es flexible.<\/li>\n<li>Mod\u00e8les pr\u00e9con\u00e7us qui vous aident \u00e0 d\u00e9marrer votre projet en un rien de temps.<\/li>\n<li>Synchronisation avec Project Online et Project Server pour l&#8217;int\u00e9gration et la gestion des ressources.<\/li>\n<li>Sc\u00e9narios &#8220;et si&#8221; qui aident \u00e0 optimiser les affectations de t\u00e2ches en utilisant des simulations de sc\u00e9narios.<\/li>\n<li>Am\u00e9liorez votre planification en remplissant automatiquement les dates de d\u00e9but et de fin en fonction des d\u00e9pendances.<\/li>\n<li>Utilisez plusieurs chronologies pour une repr\u00e9sentation visuelle claire des horaires complexes.<\/li>\n<li>Nouvelles fonctionnalit\u00e9s pour l&#8217;affichage et l&#8217;analyse des donn\u00e9es, permettant de passer facilement entre diff\u00e9rents types de pr\u00e9sentation des informations, y compris les tableaux Kanban et Scrum.<\/li>\n<li>Support pour les approches Agile, Scrum, Waterfall ainsi que les approches hybrides, permettant aux utilisateurs de combiner des \u00e9l\u00e9ments de diff\u00e9rentes m\u00e9thodologies.<\/li>\n<\/ul>\n<p><strong>Assistance et support :<\/strong><\/p>\n<p>Pour toute question, n\u2019h\u00e9sitez pas \u00e0 nous contacter <a href=\"mailto:france@winandofficews.com\" target=\"_blank\" rel=\"noopener\">par e-mail<\/a>.  <\/p>\n<p>Notre service client et support est disponible 7 jours sur 7 et 24 heures sur 24.<\/p>\n","protected":false},"excerpt":{"rendered":"<ul>\n<li>Microsoft Office 2024 Professional Plus <strong>licence pour 3 appareils<\/strong><\/li>\n<li>Microsoft Project 2024 Professional Plus <strong>licence pour 3 appareils<\/strong><\/li>\n<li><strong>Avec cette licence, le logiciel peut \u00eatre activ\u00e9 sur 3 appareils diff\u00e9rents, par exemple un PC personnel, un ordinateur portable et un PC de travail..<\/strong><\/li>\n<li>Version pour syst\u00e8mes 32 et 64 bits, versions compl\u00e8tes et illimit\u00e9es du logiciel par un partenaire Microsoft Gold certifi\u00e9<\/li>\n<li><strong>Garantie de remplacement \u00e0 vie !<\/strong><\/li>\n<li>Livraison par e-mail : cl\u00e9 de produit, instructions, liens de t\u00e9l\u00e9chargement, facture<\/li>\n<li>T\u00e9l\u00e9chargement instantan\u00e9 !<\/li>\n<li>Pas de limite de temps, pas d&#8217;abonnement<\/li>\n<li>Assistance gratuite 24 h\/24 et 7 j\/7 pour les probl\u00e8mes d&#8217;installation et d&#8217;activation<\/li>\n<li>Pas de livraison sur le stockage de donn\u00e9es (USB, CD, etc.)<\/li>\n<li>Activation en ligne et par t\u00e9l\u00e9phone<\/li>\n<li>Langues : anglais, espagnol, italien, allemand, fran\u00e7ais<\/li>\n<li><strong>Ce produit est compatible avec Microsoft Windows.<\/strong><\/li>\n<li><strong>NON compatible avec Apple macOS&trade;, les processeurs Apple, Parallels pour Mac, les appareils Android et les Chromebooks.<\/strong><\/li>\n<\/ul>\n","protected":false},"featured_media":1000008094,"comment_status":"closed","ping_status":"closed","template":"","meta":{"_acf_changed":false},"product_brand":[],"product_cat":[155,249,267],"product_tag":[268,159],"class_list":{"0":"post-87690","1":"product","2":"type-product","3":"status-publish","4":"has-post-thumbnail","6":"product_cat-microsoft-office","7":"product_cat-249","8":"product_cat-project","9":"product_tag-microsoft-office-2024-professional-plus-license-for-3-devices","10":"product_tag-office","12":"first","13":"instock","14":"sale","15":"featured","16":"virtual","17":"taxable","18":"purchasable","19":"product-type-simple"},"acf":[],"yoast_head":"<!-- This site is optimized with the Yoast SEO plugin v27.4 - https:\/\/yoast.com\/product\/yoast-seo-wordpress\/ -->\n<title>Microsoft Office 2024 Professional Plus + Microsoft Project 2024 Professional licence pour 3 appareils - France<\/title>\n<meta name=\"robots\" content=\"index, follow, max-snippet:-1, max-image-preview:large, max-video-preview:-1\" \/>\n<link rel=\"canonical\" href=\"https:\/\/winandofficews.com\/france\/product\/microsoft-office-2024-professional-plus-microsoft-project-2024-professional-licence-pour-3-appareils\/\" \/>\n<meta property=\"og:locale\" content=\"fr_FR\" \/>\n<meta property=\"og:type\" content=\"article\" \/>\n<meta property=\"og:title\" content=\"Microsoft Office 2024 Professional Plus + Microsoft Project 2024 Professional licence pour 3 appareils - France\" \/>\n<meta property=\"og:description\" content=\"Microsoft Office 2024 Professional Plus licence pour 3 appareils  Microsoft Project 2024 Professional Plus licence pour 3 appareils  Avec cette licence, le logiciel peut \u00eatre activ\u00e9 sur 3 appareils diff\u00e9rents, par exemple un PC personnel, un ordinateur portable et un PC de travail..  Version pour syst\u00e8mes 32 et 64 bits, versions compl\u00e8tes et illimit\u00e9es du logiciel par un partenaire Microsoft Gold certifi\u00e9  Garantie de remplacement \u00e0 vie !  Livraison par e-mail : cl\u00e9 de produit, instructions, liens de t\u00e9l\u00e9chargement, facture  T\u00e9l\u00e9chargement instantan\u00e9 !  Pas de limite de temps, pas d&#039;abonnement  Assistance gratuite 24 h\/24 et 7 j\/7 pour les probl\u00e8mes d&#039;installation et d&#039;activation  Pas de livraison sur le stockage de donn\u00e9es (USB, CD, etc.)  Activation en ligne et par t\u00e9l\u00e9phone  Langues : anglais, espagnol, italien, allemand, fran\u00e7ais  Ce produit est compatible avec Microsoft Windows.  NON compatible avec Apple macOS&trade;, les processeurs Apple, Parallels pour Mac, les appareils Android et les Chromebooks.\" \/>\n<meta property=\"og:url\" content=\"https:\/\/winandofficews.com\/france\/product\/microsoft-office-2024-professional-plus-microsoft-project-2024-professional-licence-pour-3-appareils\/\" \/>\n<meta property=\"og:site_name\" content=\"France\" \/>\n<meta property=\"article:modified_time\" content=\"2026-04-14T02:24:28+00:00\" \/>\n<meta name=\"twitter:card\" content=\"summary_large_image\" \/>\n<meta name=\"twitter:label1\" content=\"Dur\u00e9e de lecture estim\u00e9e\" \/>\n\t<meta name=\"twitter:data1\" content=\"3 minutes\" \/>\n<script type=\"application\/ld+json\" class=\"yoast-schema-graph\">{\"@context\":\"https:\\\/\\\/schema.org\",\"@graph\":[{\"@type\":\"WebPage\",\"@id\":\"https:\\\/\\\/winandofficews.com\\\/france\\\/product\\\/microsoft-office-2024-professional-plus-microsoft-project-2024-professional-licence-pour-3-appareils\\\/\",\"url\":\"https:\\\/\\\/winandofficews.com\\\/france\\\/product\\\/microsoft-office-2024-professional-plus-microsoft-project-2024-professional-licence-pour-3-appareils\\\/\",\"name\":\"Microsoft Office 2024 Professional Plus + Microsoft Project 2024 Professional licence pour 3 appareils - France\",\"isPartOf\":{\"@id\":\"https:\\\/\\\/winandofficews.com\\\/france\\\/#website\"},\"primaryImageOfPage\":{\"@id\":\"https:\\\/\\\/winandofficews.com\\\/france\\\/product\\\/microsoft-office-2024-professional-plus-microsoft-project-2024-professional-licence-pour-3-appareils\\\/#primaryimage\"},\"image\":{\"@id\":\"https:\\\/\\\/winandofficews.com\\\/france\\\/product\\\/microsoft-office-2024-professional-plus-microsoft-project-2024-professional-licence-pour-3-appareils\\\/#primaryimage\"},\"thumbnailUrl\":\"https:\\\/\\\/winandofficews.com\\\/france\\\/wp-content\\\/uploads\\\/O24PP24P.png\",\"datePublished\":\"2025-06-19T11:33:32+00:00\",\"dateModified\":\"2026-04-14T02:24:28+00:00\",\"breadcrumb\":{\"@id\":\"https:\\\/\\\/winandofficews.com\\\/france\\\/product\\\/microsoft-office-2024-professional-plus-microsoft-project-2024-professional-licence-pour-3-appareils\\\/#breadcrumb\"},\"inLanguage\":\"fr-FR\",\"potentialAction\":[{\"@type\":\"ReadAction\",\"target\":[\"https:\\\/\\\/winandofficews.com\\\/france\\\/product\\\/microsoft-office-2024-professional-plus-microsoft-project-2024-professional-licence-pour-3-appareils\\\/\"]}]},{\"@type\":\"ImageObject\",\"inLanguage\":\"fr-FR\",\"@id\":\"https:\\\/\\\/winandofficews.com\\\/france\\\/product\\\/microsoft-office-2024-professional-plus-microsoft-project-2024-professional-licence-pour-3-appareils\\\/#primaryimage\",\"url\":\"https:\\\/\\\/winandofficews.com\\\/france\\\/wp-content\\\/uploads\\\/O24PP24P.png\",\"contentUrl\":\"https:\\\/\\\/winandofficews.com\\\/france\\\/wp-content\\\/uploads\\\/O24PP24P.png\"},{\"@type\":\"BreadcrumbList\",\"@id\":\"https:\\\/\\\/winandofficews.com\\\/france\\\/product\\\/microsoft-office-2024-professional-plus-microsoft-project-2024-professional-licence-pour-3-appareils\\\/#breadcrumb\",\"itemListElement\":[{\"@type\":\"ListItem\",\"position\":1,\"name\":\"Home\",\"item\":\"https:\\\/\\\/winandofficews.com\\\/france\\\/\"},{\"@type\":\"ListItem\",\"position\":2,\"name\":\"Boutique\",\"item\":\"https:\\\/\\\/winandofficews.com\\\/france\\\/shop\\\/\"},{\"@type\":\"ListItem\",\"position\":3,\"name\":\"Microsoft Office 2024 Professional Plus + Microsoft Project 2024 Professional licence pour 3 appareils\"}]},{\"@type\":\"WebSite\",\"@id\":\"https:\\\/\\\/winandofficews.com\\\/france\\\/#website\",\"url\":\"https:\\\/\\\/winandofficews.com\\\/france\\\/\",\"name\":\"France\",\"description\":\"Wholesales Store of Office\",\"publisher\":{\"@id\":\"https:\\\/\\\/winandofficews.com\\\/france\\\/#organization\"},\"potentialAction\":[{\"@type\":\"SearchAction\",\"target\":{\"@type\":\"EntryPoint\",\"urlTemplate\":\"https:\\\/\\\/winandofficews.com\\\/france\\\/?s={search_term_string}\"},\"query-input\":{\"@type\":\"PropertyValueSpecification\",\"valueRequired\":true,\"valueName\":\"search_term_string\"}}],\"inLanguage\":\"fr-FR\"},{\"@type\":\"Organization\",\"@id\":\"https:\\\/\\\/winandofficews.com\\\/france\\\/#organization\",\"name\":\"France\",\"url\":\"https:\\\/\\\/winandofficews.com\\\/france\\\/\",\"logo\":{\"@type\":\"ImageObject\",\"inLanguage\":\"fr-FR\",\"@id\":\"https:\\\/\\\/winandofficews.com\\\/france\\\/#\\\/schema\\\/logo\\\/image\\\/\",\"url\":\"https:\\\/\\\/winandofficews.com\\\/france\\\/wp-content\\\/uploads\\\/sites\\\/13\\\/logo14.png\",\"contentUrl\":\"https:\\\/\\\/winandofficews.com\\\/france\\\/wp-content\\\/uploads\\\/sites\\\/13\\\/logo14.png\",\"width\":322,\"height\":116,\"caption\":\"France\"},\"image\":{\"@id\":\"https:\\\/\\\/winandofficews.com\\\/france\\\/#\\\/schema\\\/logo\\\/image\\\/\"}}]}<\/script>\n<!-- \/ Yoast SEO plugin. -->","yoast_head_json":{"title":"Microsoft Office 2024 Professional Plus + Microsoft Project 2024 Professional licence pour 3 appareils - France","robots":{"index":"index","follow":"follow","max-snippet":"max-snippet:-1","max-image-preview":"max-image-preview:large","max-video-preview":"max-video-preview:-1"},"canonical":"https:\/\/winandofficews.com\/france\/product\/microsoft-office-2024-professional-plus-microsoft-project-2024-professional-licence-pour-3-appareils\/","og_locale":"fr_FR","og_type":"article","og_title":"Microsoft Office 2024 Professional Plus + Microsoft Project 2024 Professional licence pour 3 appareils - France","og_description":"Microsoft Office 2024 Professional Plus licence pour 3 appareils  Microsoft Project 2024 Professional Plus licence pour 3 appareils  Avec cette licence, le logiciel peut \u00eatre activ\u00e9 sur 3 appareils diff\u00e9rents, par exemple un PC personnel, un ordinateur portable et un PC de travail..  Version pour syst\u00e8mes 32 et 64 bits, versions compl\u00e8tes et illimit\u00e9es du logiciel par un partenaire Microsoft Gold certifi\u00e9  Garantie de remplacement \u00e0 vie !  Livraison par e-mail : cl\u00e9 de produit, instructions, liens de t\u00e9l\u00e9chargement, facture  T\u00e9l\u00e9chargement instantan\u00e9 !  Pas de limite de temps, pas d'abonnement  Assistance gratuite 24 h\/24 et 7 j\/7 pour les probl\u00e8mes d'installation et d'activation  Pas de livraison sur le stockage de donn\u00e9es (USB, CD, etc.)  Activation en ligne et par t\u00e9l\u00e9phone  Langues : anglais, espagnol, italien, allemand, fran\u00e7ais  Ce produit est compatible avec Microsoft Windows.  NON compatible avec Apple macOS&trade;, les processeurs Apple, Parallels pour Mac, les appareils Android et les Chromebooks.","og_url":"https:\/\/winandofficews.com\/france\/product\/microsoft-office-2024-professional-plus-microsoft-project-2024-professional-licence-pour-3-appareils\/","og_site_name":"France","article_modified_time":"2026-04-14T02:24:28+00:00","twitter_card":"summary_large_image","twitter_misc":{"Dur\u00e9e de lecture estim\u00e9e":"3 minutes"},"schema":{"@context":"https:\/\/schema.org","@graph":[{"@type":"WebPage","@id":"https:\/\/winandofficews.com\/france\/product\/microsoft-office-2024-professional-plus-microsoft-project-2024-professional-licence-pour-3-appareils\/","url":"https:\/\/winandofficews.com\/france\/product\/microsoft-office-2024-professional-plus-microsoft-project-2024-professional-licence-pour-3-appareils\/","name":"Microsoft Office 2024 Professional Plus + Microsoft Project 2024 Professional licence pour 3 appareils - France","isPartOf":{"@id":"https:\/\/winandofficews.com\/france\/#website"},"primaryImageOfPage":{"@id":"https:\/\/winandofficews.com\/france\/product\/microsoft-office-2024-professional-plus-microsoft-project-2024-professional-licence-pour-3-appareils\/#primaryimage"},"image":{"@id":"https:\/\/winandofficews.com\/france\/product\/microsoft-office-2024-professional-plus-microsoft-project-2024-professional-licence-pour-3-appareils\/#primaryimage"},"thumbnailUrl":"https:\/\/winandofficews.com\/france\/wp-content\/uploads\/O24PP24P.png","datePublished":"2025-06-19T11:33:32+00:00","dateModified":"2026-04-14T02:24:28+00:00","breadcrumb":{"@id":"https:\/\/winandofficews.com\/france\/product\/microsoft-office-2024-professional-plus-microsoft-project-2024-professional-licence-pour-3-appareils\/#breadcrumb"},"inLanguage":"fr-FR","potentialAction":[{"@type":"ReadAction","target":["https:\/\/winandofficews.com\/france\/product\/microsoft-office-2024-professional-plus-microsoft-project-2024-professional-licence-pour-3-appareils\/"]}]},{"@type":"ImageObject","inLanguage":"fr-FR","@id":"https:\/\/winandofficews.com\/france\/product\/microsoft-office-2024-professional-plus-microsoft-project-2024-professional-licence-pour-3-appareils\/#primaryimage","url":"https:\/\/winandofficews.com\/france\/wp-content\/uploads\/O24PP24P.png","contentUrl":"https:\/\/winandofficews.com\/france\/wp-content\/uploads\/O24PP24P.png"},{"@type":"BreadcrumbList","@id":"https:\/\/winandofficews.com\/france\/product\/microsoft-office-2024-professional-plus-microsoft-project-2024-professional-licence-pour-3-appareils\/#breadcrumb","itemListElement":[{"@type":"ListItem","position":1,"name":"Home","item":"https:\/\/winandofficews.com\/france\/"},{"@type":"ListItem","position":2,"name":"Boutique","item":"https:\/\/winandofficews.com\/france\/shop\/"},{"@type":"ListItem","position":3,"name":"Microsoft Office 2024 Professional Plus + Microsoft Project 2024 Professional licence pour 3 appareils"}]},{"@type":"WebSite","@id":"https:\/\/winandofficews.com\/france\/#website","url":"https:\/\/winandofficews.com\/france\/","name":"France","description":"Wholesales Store of Office","publisher":{"@id":"https:\/\/winandofficews.com\/france\/#organization"},"potentialAction":[{"@type":"SearchAction","target":{"@type":"EntryPoint","urlTemplate":"https:\/\/winandofficews.com\/france\/?s={search_term_string}"},"query-input":{"@type":"PropertyValueSpecification","valueRequired":true,"valueName":"search_term_string"}}],"inLanguage":"fr-FR"},{"@type":"Organization","@id":"https:\/\/winandofficews.com\/france\/#organization","name":"France","url":"https:\/\/winandofficews.com\/france\/","logo":{"@type":"ImageObject","inLanguage":"fr-FR","@id":"https:\/\/winandofficews.com\/france\/#\/schema\/logo\/image\/","url":"https:\/\/winandofficews.com\/france\/wp-content\/uploads\/sites\/13\/logo14.png","contentUrl":"https:\/\/winandofficews.com\/france\/wp-content\/uploads\/sites\/13\/logo14.png","width":322,"height":116,"caption":"France"},"image":{"@id":"https:\/\/winandofficews.com\/france\/#\/schema\/logo\/image\/"}}]}},"_links":{"self":[{"href":"https:\/\/winandofficews.com\/france\/wp-json\/wp\/v2\/product\/87690","targetHints":{"allow":["GET"]}}],"collection":[{"href":"https:\/\/winandofficews.com\/france\/wp-json\/wp\/v2\/product"}],"about":[{"href":"https:\/\/winandofficews.com\/france\/wp-json\/wp\/v2\/types\/product"}],"replies":[{"embeddable":true,"href":"https:\/\/winandofficews.com\/france\/wp-json\/wp\/v2\/comments?post=87690"}],"wp:featuredmedia":[{"embeddable":true,"href":"https:\/\/winandofficews.com\/france\/wp-json\/"}],"wp:attachment":[{"href":"https:\/\/winandofficews.com\/france\/wp-json\/wp\/v2\/media?parent=87690"}],"wp:term":[{"taxonomy":"product_brand","embeddable":true,"href":"https:\/\/winandofficews.com\/france\/wp-json\/wp\/v2\/product_brand?post=87690"},{"taxonomy":"product_cat","embeddable":true,"href":"https:\/\/winandofficews.com\/france\/wp-json\/wp\/v2\/product_cat?post=87690"},{"taxonomy":"product_tag","embeddable":true,"href":"https:\/\/winandofficews.com\/france\/wp-json\/wp\/v2\/product_tag?post=87690"}],"curies":[{"name":"wp","href":"https:\/\/api.w.org\/{rel}","templated":true}]}}