{"id":87685,"date":"2025-06-19T13:33:31","date_gmt":"2025-06-19T11:33:31","guid":{"rendered":"https:\/\/winandofficews.com\/france\/?post_type=product&#038;p=87685"},"modified":"2026-04-14T04:38:02","modified_gmt":"2026-04-14T02:38:02","slug":"microsoft-office-2024-standard-microsoft-windows-10-professional-pour-3-pcs","status":"publish","type":"product","link":"https:\/\/winandofficews.com\/france\/product\/microsoft-office-2024-standard-microsoft-windows-10-professional-pour-3-pcs\/","title":{"rendered":"Microsoft Office 2024 Standard + Microsoft Windows 10 Professional pour 3 PCs"},"content":{"rendered":"<h3>Microsoft Office 2024 Standard<\/h3>\n<p><strong>Avec cette licence, le logiciel peut \u00eatre activ\u00e9 sur 3 appareils diff\u00e9rents, par exemple un PC personnel, un ordinateur portable et un PC de travail.<\/strong><\/p>\n<p>Les utilisateurs de Microsoft Office qui utilisent l&#8217;ensemble des applications \u00e0 la maison ou au bureau sont bien avis\u00e9s avec l&#8217;\u00e9dition Microsoft Office 2024 Standard. Tous les programmes importants sont inclus : Word, Excel, Outlook, PowerPoint. OneNote est d\u00e9sormais disponible en t\u00e9l\u00e9chargement sur le Microsoft Windows Store afin que vous puissiez prendre rapidement des notes et les rendre disponibles sur tous les appareils via le cloud. Gr\u00e2ce \u00e0 la grande vari\u00e9t\u00e9 de programmes disponibles, la version Professional Plus s&#8217;adresse principalement aux personnes qui travaillent \u00e0 domicile, au bureau \u00e0 domicile ou qui recherchent une solution puissante et fiable au bureau pour organiser des documents, des tableaux, etc.<\/p>\n<ul>\n<li><strong>Word<\/strong>: cr\u00e9ez des documents texte de qualit\u00e9 professionnelle en un rien de temps.<\/li>\n<li><strong>Excel<\/strong>: tableur intelligent pour la gestion des informations.<\/li>\n<li><strong>PowerPoint<\/strong>: cr\u00e9ez des pr\u00e9sentations dynamiques impressionnantes.<\/li>\n<li><strong>O<\/strong><strong>utlook<\/strong>: la communication simplifi\u00e9e.<\/li>\n<\/ul>\n<p><strong>Configuration requise du syst\u00e8me d&#8217;exploitation : Microsoft Windows 10 ou 11<\/strong><\/p>\n<h3>Microsoft Windows 10 Professional<\/h3>\n<p>Microsoft Windows 10 Professionnel est le choix id\u00e9al pour les professionnels et les entreprises \u00e0 la recherche d&#8217;un syst\u00e8me d&#8217;exploitation stable et puissant. Avec un m\u00e9lange de fonctionnalit\u00e9s familiaris\u00e9es et avanc\u00e9es, Microsoft Windows 10 Professionnel augmente la productivit\u00e9 et offre une s\u00e9curit\u00e9 fiable pour tous vos besoins informatiques.<br \/>\n<strong>Principales fonctionnalit\u00e9s de Microsoft Windows 10 Professional:<\/strong><\/p>\n<ul>\n<li><strong>Interface famili\u00e8re :<\/strong> profitez de l&#8217;ambiance classique de Microsoft Windows avec une touche moderne.<\/li>\n<li><strong>Productivit\u00e9 accrue<\/strong> : des fonctionnalit\u00e9s telles que Cortana et les bureaux virtuels rationalisent votre flux de travail.<\/li>\n<li><strong>S\u00e9curit\u00e9 avanc\u00e9e<\/strong> : le chiffrement BitLocker et l&#8217;antivirus Microsoft Windows Defender prot\u00e8gent vos donn\u00e9es.<\/li>\n<li><strong>Bureau \u00e0 distance : <\/strong> acc\u00e9dez \u00e0 votre PC o\u00f9 que vous soyez gr\u00e2ce aux fonctionnalit\u00e9s de bureau \u00e0 distance.<\/li>\n<li><strong>Microsoft Windows Ink<\/strong> : utilisez un stylet num\u00e9rique pour prendre des notes, dessiner et concevoir directement sur l&#8217;\u00e9cran.<\/li>\n<li><strong>Microsoft Edge :<\/strong> le dernier navigateur, con\u00e7u pour la vitesse, la compatibilit\u00e9 et la s\u00e9curit\u00e9.<\/li>\n<\/ul>\n<p>La mise \u00e0 niveau vers Microsoft Windows 10 Professionnel vous offre une exp\u00e9rience informatique fiable et efficace qui r\u00e9pond aux besoins d&#8217;un usage personnel et professionnel.<\/p>\n<p>Avec cette combinaison exclusive, vous obtenez la suite de productivit\u00e9 ultime et un syst\u00e8me d&#8217;exploitation stable et puissant. Profitez des fonctionnalit\u00e9s et innovations de pointe d&#8217;Microsoft Office 2024 Standard associ\u00e9es \u00e0 la fiabilit\u00e9 et \u00e0 la familiarit\u00e9 de Microsoft Windows 10 Professionnel. Ne manquez pas l&#8217;opportunit\u00e9 de mettre \u00e0 niveau et de maximiser votre productivit\u00e9!<\/p>\n<p><strong>Assistance et support :<\/strong><\/p>\n<p>Pour toute question, n\u2019h\u00e9sitez pas \u00e0 nous contacter <a href=\"mailto:france@winandofficews.com\" target=\"_blank\" rel=\"noopener\">par e-mail<\/a>.<br \/>\nNotre service client et support est disponible 7 jours sur 7 et 24 heures sur 24.<\/p>\n","protected":false},"excerpt":{"rendered":"<ul>\n<li>Licence Microsoft Office 2024 Standard pour 3 appareils<\/li>\n<li>Licence Microsoft Windows 10 Professional pour 3 appareils<\/li>\n<li><strong>Avec cette licence le logiciel peut \u00eatre activ\u00e9 sur 3 appareils diff\u00e9rents, par ex. PC domestique, ordinateur portable et PC de travail.<\/strong><\/li>\n<li>Version pour syst\u00e8mes 32 et 64 bits, versions compl\u00e8tes et illimit\u00e9es du logiciel <strong>du partenaire Microsoft Gold certifi\u00e9<\/strong><\/li>\n<li><strong>Garantie de remplacement \u00e0 vie !<\/strong><\/li>\n<li>Livraison par e-mail : cl\u00e9 de produit, instructions, liens de t\u00e9l\u00e9chargement, facture<\/li>\n<li>T\u00e9l\u00e9chargement instantan\u00e9 !<\/li>\n<li>Pas de limite de temps, pas d&#8217;abonnement<\/li>\n<li>Assistance gratuite 24 h\/24 et 7 j\/7 pour les probl\u00e8mes d&#8217;installation et d&#8217;activation<\/li>\n<li>Pas de livraison sur support de donn\u00e9es (USB, CD, etc.)<\/li>\n<li>Activation en ligne et par t\u00e9l\u00e9phone<\/li>\n<li>Langues : anglais, espagnol, italien, allemand, fran\u00e7ais<\/li>\n<li><strong> Ce produit est compatible avec Microsoft Windows.<\/strong><\/li>\n<li><strong>NON compatible avec Apple macOS&trade;, les processeurs Apple, Parallels pour Mac, les appareils Android et les Chromebooks.<\/strong><\/li>\n<\/ul>\n","protected":false},"featured_media":1000008082,"comment_status":"closed","ping_status":"closed","template":"","meta":{"_acf_changed":false},"product_brand":[],"product_cat":[155,249],"product_tag":[259],"class_list":{"0":"post-87685","1":"product","2":"type-product","3":"status-publish","4":"has-post-thumbnail","6":"product_cat-microsoft-office","7":"product_cat-249","8":"product_tag-259","10":"first","11":"instock","12":"virtual","13":"taxable","14":"purchasable","15":"product-type-simple"},"acf":[],"yoast_head":"<!-- This site is optimized with the Yoast SEO plugin v27.4 - https:\/\/yoast.com\/product\/yoast-seo-wordpress\/ -->\n<title>Microsoft Office 2024 Standard + Microsoft Windows 10 Professional pour 3 PCs - France<\/title>\n<meta name=\"robots\" content=\"index, follow, max-snippet:-1, max-image-preview:large, max-video-preview:-1\" \/>\n<link rel=\"canonical\" href=\"https:\/\/winandofficews.com\/france\/product\/microsoft-office-2024-standard-microsoft-windows-10-professional-pour-3-pcs\/\" \/>\n<meta property=\"og:locale\" content=\"fr_FR\" \/>\n<meta property=\"og:type\" content=\"article\" \/>\n<meta property=\"og:title\" content=\"Microsoft Office 2024 Standard + Microsoft Windows 10 Professional pour 3 PCs - France\" \/>\n<meta property=\"og:description\" content=\"Licence Microsoft Office 2024 Standard pour 3 appareils  Licence Microsoft Windows 10 Professional pour 3 appareils  Avec cette licence le logiciel peut \u00eatre activ\u00e9 sur 3 appareils diff\u00e9rents, par ex. PC domestique, ordinateur portable et PC de travail.  Version pour syst\u00e8mes 32 et 64 bits, versions compl\u00e8tes et illimit\u00e9es du logiciel du partenaire Microsoft Gold certifi\u00e9  Garantie de remplacement \u00e0 vie !  Livraison par e-mail : cl\u00e9 de produit, instructions, liens de t\u00e9l\u00e9chargement, facture  T\u00e9l\u00e9chargement instantan\u00e9 !  Pas de limite de temps, pas d&#039;abonnement  Assistance gratuite 24 h\/24 et 7 j\/7 pour les probl\u00e8mes d&#039;installation et d&#039;activation  Pas de livraison sur support de donn\u00e9es (USB, CD, etc.)  Activation en ligne et par t\u00e9l\u00e9phone  Langues : anglais, espagnol, italien, allemand, fran\u00e7ais   Ce produit est compatible avec Microsoft Windows.  NON compatible avec Apple macOS&trade;, les processeurs Apple, Parallels pour Mac, les appareils Android et les Chromebooks.\" \/>\n<meta property=\"og:url\" content=\"https:\/\/winandofficews.com\/france\/product\/microsoft-office-2024-standard-microsoft-windows-10-professional-pour-3-pcs\/\" \/>\n<meta property=\"og:site_name\" content=\"France\" \/>\n<meta property=\"article:modified_time\" content=\"2026-04-14T02:38:02+00:00\" \/>\n<meta name=\"twitter:card\" content=\"summary_large_image\" \/>\n<meta name=\"twitter:label1\" content=\"Dur\u00e9e de lecture estim\u00e9e\" \/>\n\t<meta name=\"twitter:data1\" content=\"3 minutes\" \/>\n<script type=\"application\/ld+json\" class=\"yoast-schema-graph\">{\"@context\":\"https:\\\/\\\/schema.org\",\"@graph\":[{\"@type\":\"WebPage\",\"@id\":\"https:\\\/\\\/winandofficews.com\\\/france\\\/product\\\/microsoft-office-2024-standard-microsoft-windows-10-professional-pour-3-pcs\\\/\",\"url\":\"https:\\\/\\\/winandofficews.com\\\/france\\\/product\\\/microsoft-office-2024-standard-microsoft-windows-10-professional-pour-3-pcs\\\/\",\"name\":\"Microsoft Office 2024 Standard + Microsoft Windows 10 Professional pour 3 PCs - France\",\"isPartOf\":{\"@id\":\"https:\\\/\\\/winandofficews.com\\\/france\\\/#website\"},\"primaryImageOfPage\":{\"@id\":\"https:\\\/\\\/winandofficews.com\\\/france\\\/product\\\/microsoft-office-2024-standard-microsoft-windows-10-professional-pour-3-pcs\\\/#primaryimage\"},\"image\":{\"@id\":\"https:\\\/\\\/winandofficews.com\\\/france\\\/product\\\/microsoft-office-2024-standard-microsoft-windows-10-professional-pour-3-pcs\\\/#primaryimage\"},\"thumbnailUrl\":\"https:\\\/\\\/winandofficews.com\\\/france\\\/wp-content\\\/uploads\\\/W10PO24S.png\",\"datePublished\":\"2025-06-19T11:33:31+00:00\",\"dateModified\":\"2026-04-14T02:38:02+00:00\",\"breadcrumb\":{\"@id\":\"https:\\\/\\\/winandofficews.com\\\/france\\\/product\\\/microsoft-office-2024-standard-microsoft-windows-10-professional-pour-3-pcs\\\/#breadcrumb\"},\"inLanguage\":\"fr-FR\",\"potentialAction\":[{\"@type\":\"ReadAction\",\"target\":[\"https:\\\/\\\/winandofficews.com\\\/france\\\/product\\\/microsoft-office-2024-standard-microsoft-windows-10-professional-pour-3-pcs\\\/\"]}]},{\"@type\":\"ImageObject\",\"inLanguage\":\"fr-FR\",\"@id\":\"https:\\\/\\\/winandofficews.com\\\/france\\\/product\\\/microsoft-office-2024-standard-microsoft-windows-10-professional-pour-3-pcs\\\/#primaryimage\",\"url\":\"https:\\\/\\\/winandofficews.com\\\/france\\\/wp-content\\\/uploads\\\/W10PO24S.png\",\"contentUrl\":\"https:\\\/\\\/winandofficews.com\\\/france\\\/wp-content\\\/uploads\\\/W10PO24S.png\"},{\"@type\":\"BreadcrumbList\",\"@id\":\"https:\\\/\\\/winandofficews.com\\\/france\\\/product\\\/microsoft-office-2024-standard-microsoft-windows-10-professional-pour-3-pcs\\\/#breadcrumb\",\"itemListElement\":[{\"@type\":\"ListItem\",\"position\":1,\"name\":\"Home\",\"item\":\"https:\\\/\\\/winandofficews.com\\\/france\\\/\"},{\"@type\":\"ListItem\",\"position\":2,\"name\":\"Boutique\",\"item\":\"https:\\\/\\\/winandofficews.com\\\/france\\\/shop\\\/\"},{\"@type\":\"ListItem\",\"position\":3,\"name\":\"Microsoft Office 2024 Standard + Microsoft Windows 10 Professional pour 3 PCs\"}]},{\"@type\":\"WebSite\",\"@id\":\"https:\\\/\\\/winandofficews.com\\\/france\\\/#website\",\"url\":\"https:\\\/\\\/winandofficews.com\\\/france\\\/\",\"name\":\"France\",\"description\":\"Wholesales Store of Office\",\"publisher\":{\"@id\":\"https:\\\/\\\/winandofficews.com\\\/france\\\/#organization\"},\"potentialAction\":[{\"@type\":\"SearchAction\",\"target\":{\"@type\":\"EntryPoint\",\"urlTemplate\":\"https:\\\/\\\/winandofficews.com\\\/france\\\/?s={search_term_string}\"},\"query-input\":{\"@type\":\"PropertyValueSpecification\",\"valueRequired\":true,\"valueName\":\"search_term_string\"}}],\"inLanguage\":\"fr-FR\"},{\"@type\":\"Organization\",\"@id\":\"https:\\\/\\\/winandofficews.com\\\/france\\\/#organization\",\"name\":\"France\",\"url\":\"https:\\\/\\\/winandofficews.com\\\/france\\\/\",\"logo\":{\"@type\":\"ImageObject\",\"inLanguage\":\"fr-FR\",\"@id\":\"https:\\\/\\\/winandofficews.com\\\/france\\\/#\\\/schema\\\/logo\\\/image\\\/\",\"url\":\"https:\\\/\\\/winandofficews.com\\\/france\\\/wp-content\\\/uploads\\\/sites\\\/13\\\/logo14.png\",\"contentUrl\":\"https:\\\/\\\/winandofficews.com\\\/france\\\/wp-content\\\/uploads\\\/sites\\\/13\\\/logo14.png\",\"width\":322,\"height\":116,\"caption\":\"France\"},\"image\":{\"@id\":\"https:\\\/\\\/winandofficews.com\\\/france\\\/#\\\/schema\\\/logo\\\/image\\\/\"}}]}<\/script>\n<!-- \/ Yoast SEO plugin. -->","yoast_head_json":{"title":"Microsoft Office 2024 Standard + Microsoft Windows 10 Professional pour 3 PCs - France","robots":{"index":"index","follow":"follow","max-snippet":"max-snippet:-1","max-image-preview":"max-image-preview:large","max-video-preview":"max-video-preview:-1"},"canonical":"https:\/\/winandofficews.com\/france\/product\/microsoft-office-2024-standard-microsoft-windows-10-professional-pour-3-pcs\/","og_locale":"fr_FR","og_type":"article","og_title":"Microsoft Office 2024 Standard + Microsoft Windows 10 Professional pour 3 PCs - France","og_description":"Licence Microsoft Office 2024 Standard pour 3 appareils  Licence Microsoft Windows 10 Professional pour 3 appareils  Avec cette licence le logiciel peut \u00eatre activ\u00e9 sur 3 appareils diff\u00e9rents, par ex. PC domestique, ordinateur portable et PC de travail.  Version pour syst\u00e8mes 32 et 64 bits, versions compl\u00e8tes et illimit\u00e9es du logiciel du partenaire Microsoft Gold certifi\u00e9  Garantie de remplacement \u00e0 vie !  Livraison par e-mail : cl\u00e9 de produit, instructions, liens de t\u00e9l\u00e9chargement, facture  T\u00e9l\u00e9chargement instantan\u00e9 !  Pas de limite de temps, pas d'abonnement  Assistance gratuite 24 h\/24 et 7 j\/7 pour les probl\u00e8mes d'installation et d'activation  Pas de livraison sur support de donn\u00e9es (USB, CD, etc.)  Activation en ligne et par t\u00e9l\u00e9phone  Langues : anglais, espagnol, italien, allemand, fran\u00e7ais   Ce produit est compatible avec Microsoft Windows.  NON compatible avec Apple macOS&trade;, les processeurs Apple, Parallels pour Mac, les appareils Android et les Chromebooks.","og_url":"https:\/\/winandofficews.com\/france\/product\/microsoft-office-2024-standard-microsoft-windows-10-professional-pour-3-pcs\/","og_site_name":"France","article_modified_time":"2026-04-14T02:38:02+00:00","twitter_card":"summary_large_image","twitter_misc":{"Dur\u00e9e de lecture estim\u00e9e":"3 minutes"},"schema":{"@context":"https:\/\/schema.org","@graph":[{"@type":"WebPage","@id":"https:\/\/winandofficews.com\/france\/product\/microsoft-office-2024-standard-microsoft-windows-10-professional-pour-3-pcs\/","url":"https:\/\/winandofficews.com\/france\/product\/microsoft-office-2024-standard-microsoft-windows-10-professional-pour-3-pcs\/","name":"Microsoft Office 2024 Standard + Microsoft Windows 10 Professional pour 3 PCs - France","isPartOf":{"@id":"https:\/\/winandofficews.com\/france\/#website"},"primaryImageOfPage":{"@id":"https:\/\/winandofficews.com\/france\/product\/microsoft-office-2024-standard-microsoft-windows-10-professional-pour-3-pcs\/#primaryimage"},"image":{"@id":"https:\/\/winandofficews.com\/france\/product\/microsoft-office-2024-standard-microsoft-windows-10-professional-pour-3-pcs\/#primaryimage"},"thumbnailUrl":"https:\/\/winandofficews.com\/france\/wp-content\/uploads\/W10PO24S.png","datePublished":"2025-06-19T11:33:31+00:00","dateModified":"2026-04-14T02:38:02+00:00","breadcrumb":{"@id":"https:\/\/winandofficews.com\/france\/product\/microsoft-office-2024-standard-microsoft-windows-10-professional-pour-3-pcs\/#breadcrumb"},"inLanguage":"fr-FR","potentialAction":[{"@type":"ReadAction","target":["https:\/\/winandofficews.com\/france\/product\/microsoft-office-2024-standard-microsoft-windows-10-professional-pour-3-pcs\/"]}]},{"@type":"ImageObject","inLanguage":"fr-FR","@id":"https:\/\/winandofficews.com\/france\/product\/microsoft-office-2024-standard-microsoft-windows-10-professional-pour-3-pcs\/#primaryimage","url":"https:\/\/winandofficews.com\/france\/wp-content\/uploads\/W10PO24S.png","contentUrl":"https:\/\/winandofficews.com\/france\/wp-content\/uploads\/W10PO24S.png"},{"@type":"BreadcrumbList","@id":"https:\/\/winandofficews.com\/france\/product\/microsoft-office-2024-standard-microsoft-windows-10-professional-pour-3-pcs\/#breadcrumb","itemListElement":[{"@type":"ListItem","position":1,"name":"Home","item":"https:\/\/winandofficews.com\/france\/"},{"@type":"ListItem","position":2,"name":"Boutique","item":"https:\/\/winandofficews.com\/france\/shop\/"},{"@type":"ListItem","position":3,"name":"Microsoft Office 2024 Standard + Microsoft Windows 10 Professional pour 3 PCs"}]},{"@type":"WebSite","@id":"https:\/\/winandofficews.com\/france\/#website","url":"https:\/\/winandofficews.com\/france\/","name":"France","description":"Wholesales Store of Office","publisher":{"@id":"https:\/\/winandofficews.com\/france\/#organization"},"potentialAction":[{"@type":"SearchAction","target":{"@type":"EntryPoint","urlTemplate":"https:\/\/winandofficews.com\/france\/?s={search_term_string}"},"query-input":{"@type":"PropertyValueSpecification","valueRequired":true,"valueName":"search_term_string"}}],"inLanguage":"fr-FR"},{"@type":"Organization","@id":"https:\/\/winandofficews.com\/france\/#organization","name":"France","url":"https:\/\/winandofficews.com\/france\/","logo":{"@type":"ImageObject","inLanguage":"fr-FR","@id":"https:\/\/winandofficews.com\/france\/#\/schema\/logo\/image\/","url":"https:\/\/winandofficews.com\/france\/wp-content\/uploads\/sites\/13\/logo14.png","contentUrl":"https:\/\/winandofficews.com\/france\/wp-content\/uploads\/sites\/13\/logo14.png","width":322,"height":116,"caption":"France"},"image":{"@id":"https:\/\/winandofficews.com\/france\/#\/schema\/logo\/image\/"}}]}},"_links":{"self":[{"href":"https:\/\/winandofficews.com\/france\/wp-json\/wp\/v2\/product\/87685","targetHints":{"allow":["GET"]}}],"collection":[{"href":"https:\/\/winandofficews.com\/france\/wp-json\/wp\/v2\/product"}],"about":[{"href":"https:\/\/winandofficews.com\/france\/wp-json\/wp\/v2\/types\/product"}],"replies":[{"embeddable":true,"href":"https:\/\/winandofficews.com\/france\/wp-json\/wp\/v2\/comments?post=87685"}],"wp:featuredmedia":[{"embeddable":true,"href":"https:\/\/winandofficews.com\/france\/wp-json\/"}],"wp:attachment":[{"href":"https:\/\/winandofficews.com\/france\/wp-json\/wp\/v2\/media?parent=87685"}],"wp:term":[{"taxonomy":"product_brand","embeddable":true,"href":"https:\/\/winandofficews.com\/france\/wp-json\/wp\/v2\/product_brand?post=87685"},{"taxonomy":"product_cat","embeddable":true,"href":"https:\/\/winandofficews.com\/france\/wp-json\/wp\/v2\/product_cat?post=87685"},{"taxonomy":"product_tag","embeddable":true,"href":"https:\/\/winandofficews.com\/france\/wp-json\/wp\/v2\/product_tag?post=87685"}],"curies":[{"name":"wp","href":"https:\/\/api.w.org\/{rel}","templated":true}]}}