{"id":87680,"date":"2025-06-19T13:33:31","date_gmt":"2025-06-19T11:33:31","guid":{"rendered":"https:\/\/winandofficews.com\/france\/?post_type=product&#038;p=87680"},"modified":"2026-04-14T04:44:13","modified_gmt":"2026-04-14T02:44:13","slug":"microsoft-office-2024-professional-plus-microsoft-office-2021-professional-plus-license-pour-3-pcs","status":"publish","type":"product","link":"https:\/\/winandofficews.com\/france\/product\/microsoft-office-2024-professional-plus-microsoft-office-2021-professional-plus-license-pour-3-pcs\/","title":{"rendered":"Microsoft Office 2024 Professional Plus + Microsoft Office 2021 Professional Plus license pour 3 PCs"},"content":{"rendered":"<h3>Microsoft Office 2024 Professional Plus<\/h3>\n<p><strong>Avec cette licence, le logiciel peut \u00eatre activ\u00e9 sur 3 appareils diff\u00e9rents, par exemple un PC personnel, un ordinateur portable et un PC de travail.<\/strong><\/p>\n<p>Les utilisateurs de Microsoft Office qui utilisent l&#8217;ensemble des applications \u00e0 la maison ou au bureau sont bien avis\u00e9s avec l&#8217;\u00e9dition Microsoft Office 2024 Professional Plus. Tous les programmes importants sont inclus : Word, Excel, Outlook, PowerPoint, et Access (Publisher n&#8217;est plus inclus car il sera retir\u00e9 en 2026). OneNote est d\u00e9sormais disponible en t\u00e9l\u00e9chargement sur le Microsoft Windows Store afin que vous puissiez prendre rapidement des notes et les rendre disponibles sur tous les appareils via le cloud. Gr\u00e2ce \u00e0 la grande vari\u00e9t\u00e9 de programmes disponibles, la version Professional Plus s&#8217;adresse principalement aux personnes qui travaillent \u00e0 domicile, au bureau \u00e0 domicile ou qui recherchent une solution puissante et fiable au bureau pour organiser des documents, des tableaux, etc.<\/p>\n<ul>\n<li><strong>Word<\/strong>: cr\u00e9ez des documents texte de qualit\u00e9 professionnelle en un rien de temps.<\/li>\n<li><strong>Excel<\/strong>: tableur intelligent pour la gestion des informations.<\/li>\n<li><strong>PowerPoint<\/strong>: cr\u00e9ez des pr\u00e9sentations dynamiques impressionnantes.<\/li>\n<li><strong>OneNote<\/strong>: votre bloc-notes num\u00e9rique.<\/li>\n<li><strong>Outlook<\/strong>: la communication simplifi\u00e9e.<\/li>\n<li><strong>Access<\/strong>: programmation de bases de donn\u00e9es pour applications bas\u00e9es sur un navigateur<\/li>\n<\/ul>\n<p><strong>Remarque importante:<\/strong> cette version d\u2019Office n\u2019inclut <strong>PAS Teams!<\/strong><\/p>\n<p><strong>Configuration requise du syst\u00e8me d&#8217;exploitation : Microsoft Windows 10 ou 11<\/strong><\/p>\n<h3>Licence Microsoft Office 2021 Professionnel Plus pour 3 PC<\/h3>\n<p>Pour tous ceux qui ont besoin d\u2019un ensemble d\u2019outils robustes et fiables pour une utilisation \u00e0 la maison ou au bureau, Microsoft Office 2021 Professional Plus Edition offre une solution compl\u00e8te. Tous les programmes importants sont inclus : Word, Excel, Outlook, PowerPoint, Publisher et Access. OneNote est d\u00e9j\u00e0 disponible en t\u00e9l\u00e9chargement sur le Microsoft Windows Store, vous pouvez donc prendre rapidement des notes et les rendre disponibles sur tous les appareils via le cloud. En raison de la large gamme de programmes diff\u00e9rents, la version Professional Plus s&#8217;adresse principalement aux personnes qui travaillent \u00e0 domicile, qui dirigent un bureau \u00e0 domicile ou qui recherchent une solution bureautique puissante et fiable pour organiser des documents, des feuilles de calcul, etc.<br \/>\n<strong>Principales fonctionnalit\u00e9s d&#8217;Microsoft Office 2021 Professionnel Plus :<\/strong><\/p>\n<ul>\n<li><strong>Word<\/strong> : cr\u00e9ez des documents texte de qualit\u00e9 professionnelle en un rien de temps.<\/li>\n<li><strong>Excel<\/strong> : feuille de calcul intelligente pour g\u00e9rer les informations.<\/li>\n<li><strong>PowerPoint<\/strong> : cr\u00e9ez des pr\u00e9sentations dynamiques impressionnantes.<\/li>\n<li><strong>OneNote<\/strong> : votre bloc-notes num\u00e9rique.<\/li>\n<li><strong>Outlook<\/strong> : la communication simplifi\u00e9e.<\/li>\n<li><strong>\u00c9diteur<\/strong> : mise en page des publications professionnelles.<\/li>\n<li><strong>Access<\/strong> : programmation de bases de donn\u00e9es pour les applications bas\u00e9es sur un navigateur.<\/li>\n<li><strong>Microsoft Teams<\/strong> : productivit\u00e9 accrue gr\u00e2ce \u00e0 la messagerie instantan\u00e9e et \u00e0 la vid\u00e9oconf\u00e9rence HD. (disponible s\u00e9par\u00e9ment pour t\u00e9l\u00e9charger)<\/li>\n<\/ul>\n<p>REMARQUE : Microsoft ne regroupe plus de licence Teams avec les produits Office en raison d&#8217;une <a href=\"https:\/\/blogs.microsoft.com\/eupolicy\/2023\/08\/31\/european-competition-teams-office-microsoft-365\/\" target=\"_blank\" rel=\"noopener\">enqu\u00eate de la Commission Europ\u00e9enne<\/a>. Vous pouvez <a href=\"https:\/\/www.microsoft.com\/en-us\/microsoft-teams\/download-app\" target=\"_blank\" rel=\"noopener\">t\u00e9l\u00e9charger Teams<\/a> pour l&#8217;utiliser avec une licence gratuite ou payante ( achat s\u00e9par\u00e9) en fonction de vos besoins.<\/p>\n<p>Avec cette combinaison exclusive, vous b\u00e9n\u00e9ficiez du meilleur des deux versions d&#8217;Microsoft Office, qui garantissent \u00e0 la fois la stabilit\u00e9 et la fiabilit\u00e9 d&#8217;Microsoft Office 2021 et l&#8217;innovation et les nouvelles fonctionnalit\u00e9s d&#8217;Microsoft Office 2024. Ne manquez pas l&#8217;opportunit\u00e9 de mettre \u00e0 niveau et de maximiser votre productivit\u00e9 !<\/p>\n<p><strong>Assistance et support :<\/strong><\/p>\n<p>Pour toute question, n\u2019h\u00e9sitez pas \u00e0 nous contacter <a href=\"mailto:france@winandofficews.com\" target=\"_blank\" rel=\"noopener\">par e-mail<\/a>.  <\/p>\n<p>Notre service client et support est disponible 7 jours sur 7 et 24 heures sur 24.<\/p>\n","protected":false},"excerpt":{"rendered":"<ul>\n<li>Licence Microsoft Office 2024 Professional Plus pour 3 appareils<\/li>\n<li>Licence Microsoft Office 2021 Professional Plus pour 3 appareils<\/li>\n<li><strong>Avec cette licence le logiciel peut \u00eatre activ\u00e9 sur 3 appareils diff\u00e9rents, par ex. PC domestique, ordinateur portable et PC de travail.<\/strong><\/li>\n<li>Version pour syst\u00e8mes 32 et 64 bits, versions compl\u00e8tes et illimit\u00e9es du logiciel <strong>du partenaire Microsoft Gold certifi\u00e9<\/strong><\/li>\n<li><strong>Garantie de remplacement \u00e0 vie !<\/strong><\/li>\n<li>Livraison par e-mail : cl\u00e9 de produit, instructions, liens de t\u00e9l\u00e9chargement, facture<\/li>\n<li>T\u00e9l\u00e9chargement instantan\u00e9 !<\/li>\n<li>Pas de limite de temps, pas d&#8217;abonnement<\/li>\n<li>Assistance gratuite 24 h\/24 et 7 j\/7 pour les probl\u00e8mes d&#8217;installation et d&#8217;activation<\/li>\n<li>Pas de livraison sur support de donn\u00e9es (USB, CD, etc.)<\/li>\n<li>Activation en ligne et par t\u00e9l\u00e9phone<\/li>\n<li>Langues : anglais, espagnol, italien, allemand, fran\u00e7ais<\/li>\n<li><strong> Ce produit est compatible avec Microsoft Windows.<\/strong><\/li>\n<li><strong>NON compatible avec Apple macOS&trade;, les processeurs Apple, Parallels pour Mac, les appareils Android et les Chromebooks.<\/strong><\/li>\n<\/ul>\n","protected":false},"featured_media":1000008064,"comment_status":"closed","ping_status":"closed","template":"","meta":{"_acf_changed":false},"product_brand":[],"product_cat":[155,249],"product_tag":[262,331],"class_list":{"0":"post-87680","1":"product","2":"type-product","3":"status-publish","4":"has-post-thumbnail","6":"product_cat-microsoft-office","7":"product_cat-249","8":"product_tag-microsoft-office-2024-pro-plus-microsoft-office-2021-pro-plus","9":"product_tag-microsoft-office-2024-pro-plus-microsoft-office-2021-pro-plus-license-pour-3-pc","11":"first","12":"instock","13":"sale","14":"featured","15":"virtual","16":"taxable","17":"purchasable","18":"product-type-simple"},"acf":[],"yoast_head":"<!-- This site is optimized with the Yoast SEO plugin v27.4 - https:\/\/yoast.com\/product\/yoast-seo-wordpress\/ -->\n<title>Microsoft Office 2024 Professional Plus + Microsoft Office 2021 Professional Plus license pour 3 PCs - France<\/title>\n<meta name=\"robots\" content=\"index, follow, max-snippet:-1, max-image-preview:large, max-video-preview:-1\" \/>\n<link rel=\"canonical\" href=\"https:\/\/winandofficews.com\/france\/product\/microsoft-office-2024-professional-plus-microsoft-office-2021-professional-plus-license-pour-3-pcs\/\" \/>\n<meta property=\"og:locale\" content=\"fr_FR\" \/>\n<meta property=\"og:type\" content=\"article\" \/>\n<meta property=\"og:title\" content=\"Microsoft Office 2024 Professional Plus + Microsoft Office 2021 Professional Plus license pour 3 PCs - France\" \/>\n<meta property=\"og:description\" content=\"Licence Microsoft Office 2024 Professional Plus pour 3 appareils  Licence Microsoft Office 2021 Professional Plus pour 3 appareils  Avec cette licence le logiciel peut \u00eatre activ\u00e9 sur 3 appareils diff\u00e9rents, par ex. PC domestique, ordinateur portable et PC de travail.  Version pour syst\u00e8mes 32 et 64 bits, versions compl\u00e8tes et illimit\u00e9es du logiciel du partenaire Microsoft Gold certifi\u00e9  Garantie de remplacement \u00e0 vie !  Livraison par e-mail : cl\u00e9 de produit, instructions, liens de t\u00e9l\u00e9chargement, facture  T\u00e9l\u00e9chargement instantan\u00e9 !  Pas de limite de temps, pas d&#039;abonnement  Assistance gratuite 24 h\/24 et 7 j\/7 pour les probl\u00e8mes d&#039;installation et d&#039;activation  Pas de livraison sur support de donn\u00e9es (USB, CD, etc.)  Activation en ligne et par t\u00e9l\u00e9phone  Langues : anglais, espagnol, italien, allemand, fran\u00e7ais   Ce produit est compatible avec Microsoft Windows.  NON compatible avec Apple macOS&trade;, les processeurs Apple, Parallels pour Mac, les appareils Android et les Chromebooks.\" \/>\n<meta property=\"og:url\" content=\"https:\/\/winandofficews.com\/france\/product\/microsoft-office-2024-professional-plus-microsoft-office-2021-professional-plus-license-pour-3-pcs\/\" \/>\n<meta property=\"og:site_name\" content=\"France\" \/>\n<meta property=\"article:modified_time\" content=\"2026-04-14T02:44:13+00:00\" \/>\n<meta name=\"twitter:card\" content=\"summary_large_image\" \/>\n<meta name=\"twitter:label1\" content=\"Dur\u00e9e de lecture estim\u00e9e\" \/>\n\t<meta name=\"twitter:data1\" content=\"3 minutes\" \/>\n<script type=\"application\/ld+json\" class=\"yoast-schema-graph\">{\"@context\":\"https:\\\/\\\/schema.org\",\"@graph\":[{\"@type\":\"WebPage\",\"@id\":\"https:\\\/\\\/winandofficews.com\\\/france\\\/product\\\/microsoft-office-2024-professional-plus-microsoft-office-2021-professional-plus-license-pour-3-pcs\\\/\",\"url\":\"https:\\\/\\\/winandofficews.com\\\/france\\\/product\\\/microsoft-office-2024-professional-plus-microsoft-office-2021-professional-plus-license-pour-3-pcs\\\/\",\"name\":\"Microsoft Office 2024 Professional Plus + Microsoft Office 2021 Professional Plus license pour 3 PCs - France\",\"isPartOf\":{\"@id\":\"https:\\\/\\\/winandofficews.com\\\/france\\\/#website\"},\"primaryImageOfPage\":{\"@id\":\"https:\\\/\\\/winandofficews.com\\\/france\\\/product\\\/microsoft-office-2024-professional-plus-microsoft-office-2021-professional-plus-license-pour-3-pcs\\\/#primaryimage\"},\"image\":{\"@id\":\"https:\\\/\\\/winandofficews.com\\\/france\\\/product\\\/microsoft-office-2024-professional-plus-microsoft-office-2021-professional-plus-license-pour-3-pcs\\\/#primaryimage\"},\"thumbnailUrl\":\"https:\\\/\\\/winandofficews.com\\\/france\\\/wp-content\\\/uploads\\\/off21-off24.png\",\"datePublished\":\"2025-06-19T11:33:31+00:00\",\"dateModified\":\"2026-04-14T02:44:13+00:00\",\"breadcrumb\":{\"@id\":\"https:\\\/\\\/winandofficews.com\\\/france\\\/product\\\/microsoft-office-2024-professional-plus-microsoft-office-2021-professional-plus-license-pour-3-pcs\\\/#breadcrumb\"},\"inLanguage\":\"fr-FR\",\"potentialAction\":[{\"@type\":\"ReadAction\",\"target\":[\"https:\\\/\\\/winandofficews.com\\\/france\\\/product\\\/microsoft-office-2024-professional-plus-microsoft-office-2021-professional-plus-license-pour-3-pcs\\\/\"]}]},{\"@type\":\"ImageObject\",\"inLanguage\":\"fr-FR\",\"@id\":\"https:\\\/\\\/winandofficews.com\\\/france\\\/product\\\/microsoft-office-2024-professional-plus-microsoft-office-2021-professional-plus-license-pour-3-pcs\\\/#primaryimage\",\"url\":\"https:\\\/\\\/winandofficews.com\\\/france\\\/wp-content\\\/uploads\\\/off21-off24.png\",\"contentUrl\":\"https:\\\/\\\/winandofficews.com\\\/france\\\/wp-content\\\/uploads\\\/off21-off24.png\"},{\"@type\":\"BreadcrumbList\",\"@id\":\"https:\\\/\\\/winandofficews.com\\\/france\\\/product\\\/microsoft-office-2024-professional-plus-microsoft-office-2021-professional-plus-license-pour-3-pcs\\\/#breadcrumb\",\"itemListElement\":[{\"@type\":\"ListItem\",\"position\":1,\"name\":\"Home\",\"item\":\"https:\\\/\\\/winandofficews.com\\\/france\\\/\"},{\"@type\":\"ListItem\",\"position\":2,\"name\":\"Boutique\",\"item\":\"https:\\\/\\\/winandofficews.com\\\/france\\\/shop\\\/\"},{\"@type\":\"ListItem\",\"position\":3,\"name\":\"Microsoft Office 2024 Professional Plus + Microsoft Office 2021 Professional Plus license pour 3 PCs\"}]},{\"@type\":\"WebSite\",\"@id\":\"https:\\\/\\\/winandofficews.com\\\/france\\\/#website\",\"url\":\"https:\\\/\\\/winandofficews.com\\\/france\\\/\",\"name\":\"France\",\"description\":\"Wholesales Store of Office\",\"publisher\":{\"@id\":\"https:\\\/\\\/winandofficews.com\\\/france\\\/#organization\"},\"potentialAction\":[{\"@type\":\"SearchAction\",\"target\":{\"@type\":\"EntryPoint\",\"urlTemplate\":\"https:\\\/\\\/winandofficews.com\\\/france\\\/?s={search_term_string}\"},\"query-input\":{\"@type\":\"PropertyValueSpecification\",\"valueRequired\":true,\"valueName\":\"search_term_string\"}}],\"inLanguage\":\"fr-FR\"},{\"@type\":\"Organization\",\"@id\":\"https:\\\/\\\/winandofficews.com\\\/france\\\/#organization\",\"name\":\"France\",\"url\":\"https:\\\/\\\/winandofficews.com\\\/france\\\/\",\"logo\":{\"@type\":\"ImageObject\",\"inLanguage\":\"fr-FR\",\"@id\":\"https:\\\/\\\/winandofficews.com\\\/france\\\/#\\\/schema\\\/logo\\\/image\\\/\",\"url\":\"https:\\\/\\\/winandofficews.com\\\/france\\\/wp-content\\\/uploads\\\/sites\\\/13\\\/logo14.png\",\"contentUrl\":\"https:\\\/\\\/winandofficews.com\\\/france\\\/wp-content\\\/uploads\\\/sites\\\/13\\\/logo14.png\",\"width\":322,\"height\":116,\"caption\":\"France\"},\"image\":{\"@id\":\"https:\\\/\\\/winandofficews.com\\\/france\\\/#\\\/schema\\\/logo\\\/image\\\/\"}}]}<\/script>\n<!-- \/ Yoast SEO plugin. -->","yoast_head_json":{"title":"Microsoft Office 2024 Professional Plus + Microsoft Office 2021 Professional Plus license pour 3 PCs - France","robots":{"index":"index","follow":"follow","max-snippet":"max-snippet:-1","max-image-preview":"max-image-preview:large","max-video-preview":"max-video-preview:-1"},"canonical":"https:\/\/winandofficews.com\/france\/product\/microsoft-office-2024-professional-plus-microsoft-office-2021-professional-plus-license-pour-3-pcs\/","og_locale":"fr_FR","og_type":"article","og_title":"Microsoft Office 2024 Professional Plus + Microsoft Office 2021 Professional Plus license pour 3 PCs - France","og_description":"Licence Microsoft Office 2024 Professional Plus pour 3 appareils  Licence Microsoft Office 2021 Professional Plus pour 3 appareils  Avec cette licence le logiciel peut \u00eatre activ\u00e9 sur 3 appareils diff\u00e9rents, par ex. PC domestique, ordinateur portable et PC de travail.  Version pour syst\u00e8mes 32 et 64 bits, versions compl\u00e8tes et illimit\u00e9es du logiciel du partenaire Microsoft Gold certifi\u00e9  Garantie de remplacement \u00e0 vie !  Livraison par e-mail : cl\u00e9 de produit, instructions, liens de t\u00e9l\u00e9chargement, facture  T\u00e9l\u00e9chargement instantan\u00e9 !  Pas de limite de temps, pas d'abonnement  Assistance gratuite 24 h\/24 et 7 j\/7 pour les probl\u00e8mes d'installation et d'activation  Pas de livraison sur support de donn\u00e9es (USB, CD, etc.)  Activation en ligne et par t\u00e9l\u00e9phone  Langues : anglais, espagnol, italien, allemand, fran\u00e7ais   Ce produit est compatible avec Microsoft Windows.  NON compatible avec Apple macOS&trade;, les processeurs Apple, Parallels pour Mac, les appareils Android et les Chromebooks.","og_url":"https:\/\/winandofficews.com\/france\/product\/microsoft-office-2024-professional-plus-microsoft-office-2021-professional-plus-license-pour-3-pcs\/","og_site_name":"France","article_modified_time":"2026-04-14T02:44:13+00:00","twitter_card":"summary_large_image","twitter_misc":{"Dur\u00e9e de lecture estim\u00e9e":"3 minutes"},"schema":{"@context":"https:\/\/schema.org","@graph":[{"@type":"WebPage","@id":"https:\/\/winandofficews.com\/france\/product\/microsoft-office-2024-professional-plus-microsoft-office-2021-professional-plus-license-pour-3-pcs\/","url":"https:\/\/winandofficews.com\/france\/product\/microsoft-office-2024-professional-plus-microsoft-office-2021-professional-plus-license-pour-3-pcs\/","name":"Microsoft Office 2024 Professional Plus + Microsoft Office 2021 Professional Plus license pour 3 PCs - France","isPartOf":{"@id":"https:\/\/winandofficews.com\/france\/#website"},"primaryImageOfPage":{"@id":"https:\/\/winandofficews.com\/france\/product\/microsoft-office-2024-professional-plus-microsoft-office-2021-professional-plus-license-pour-3-pcs\/#primaryimage"},"image":{"@id":"https:\/\/winandofficews.com\/france\/product\/microsoft-office-2024-professional-plus-microsoft-office-2021-professional-plus-license-pour-3-pcs\/#primaryimage"},"thumbnailUrl":"https:\/\/winandofficews.com\/france\/wp-content\/uploads\/off21-off24.png","datePublished":"2025-06-19T11:33:31+00:00","dateModified":"2026-04-14T02:44:13+00:00","breadcrumb":{"@id":"https:\/\/winandofficews.com\/france\/product\/microsoft-office-2024-professional-plus-microsoft-office-2021-professional-plus-license-pour-3-pcs\/#breadcrumb"},"inLanguage":"fr-FR","potentialAction":[{"@type":"ReadAction","target":["https:\/\/winandofficews.com\/france\/product\/microsoft-office-2024-professional-plus-microsoft-office-2021-professional-plus-license-pour-3-pcs\/"]}]},{"@type":"ImageObject","inLanguage":"fr-FR","@id":"https:\/\/winandofficews.com\/france\/product\/microsoft-office-2024-professional-plus-microsoft-office-2021-professional-plus-license-pour-3-pcs\/#primaryimage","url":"https:\/\/winandofficews.com\/france\/wp-content\/uploads\/off21-off24.png","contentUrl":"https:\/\/winandofficews.com\/france\/wp-content\/uploads\/off21-off24.png"},{"@type":"BreadcrumbList","@id":"https:\/\/winandofficews.com\/france\/product\/microsoft-office-2024-professional-plus-microsoft-office-2021-professional-plus-license-pour-3-pcs\/#breadcrumb","itemListElement":[{"@type":"ListItem","position":1,"name":"Home","item":"https:\/\/winandofficews.com\/france\/"},{"@type":"ListItem","position":2,"name":"Boutique","item":"https:\/\/winandofficews.com\/france\/shop\/"},{"@type":"ListItem","position":3,"name":"Microsoft Office 2024 Professional Plus + Microsoft Office 2021 Professional Plus license pour 3 PCs"}]},{"@type":"WebSite","@id":"https:\/\/winandofficews.com\/france\/#website","url":"https:\/\/winandofficews.com\/france\/","name":"France","description":"Wholesales Store of Office","publisher":{"@id":"https:\/\/winandofficews.com\/france\/#organization"},"potentialAction":[{"@type":"SearchAction","target":{"@type":"EntryPoint","urlTemplate":"https:\/\/winandofficews.com\/france\/?s={search_term_string}"},"query-input":{"@type":"PropertyValueSpecification","valueRequired":true,"valueName":"search_term_string"}}],"inLanguage":"fr-FR"},{"@type":"Organization","@id":"https:\/\/winandofficews.com\/france\/#organization","name":"France","url":"https:\/\/winandofficews.com\/france\/","logo":{"@type":"ImageObject","inLanguage":"fr-FR","@id":"https:\/\/winandofficews.com\/france\/#\/schema\/logo\/image\/","url":"https:\/\/winandofficews.com\/france\/wp-content\/uploads\/sites\/13\/logo14.png","contentUrl":"https:\/\/winandofficews.com\/france\/wp-content\/uploads\/sites\/13\/logo14.png","width":322,"height":116,"caption":"France"},"image":{"@id":"https:\/\/winandofficews.com\/france\/#\/schema\/logo\/image\/"}}]}},"_links":{"self":[{"href":"https:\/\/winandofficews.com\/france\/wp-json\/wp\/v2\/product\/87680","targetHints":{"allow":["GET"]}}],"collection":[{"href":"https:\/\/winandofficews.com\/france\/wp-json\/wp\/v2\/product"}],"about":[{"href":"https:\/\/winandofficews.com\/france\/wp-json\/wp\/v2\/types\/product"}],"replies":[{"embeddable":true,"href":"https:\/\/winandofficews.com\/france\/wp-json\/wp\/v2\/comments?post=87680"}],"wp:featuredmedia":[{"embeddable":true,"href":"https:\/\/winandofficews.com\/france\/wp-json\/"}],"wp:attachment":[{"href":"https:\/\/winandofficews.com\/france\/wp-json\/wp\/v2\/media?parent=87680"}],"wp:term":[{"taxonomy":"product_brand","embeddable":true,"href":"https:\/\/winandofficews.com\/france\/wp-json\/wp\/v2\/product_brand?post=87680"},{"taxonomy":"product_cat","embeddable":true,"href":"https:\/\/winandofficews.com\/france\/wp-json\/wp\/v2\/product_cat?post=87680"},{"taxonomy":"product_tag","embeddable":true,"href":"https:\/\/winandofficews.com\/france\/wp-json\/wp\/v2\/product_tag?post=87680"}],"curies":[{"name":"wp","href":"https:\/\/api.w.org\/{rel}","templated":true}]}}