{"id":87583,"date":"2025-06-19T13:32:54","date_gmt":"2025-06-19T11:32:54","guid":{"rendered":"https:\/\/winandofficews.com\/france\/?post_type=product&#038;p=87583"},"modified":"2026-04-14T04:00:35","modified_gmt":"2026-04-14T02:00:35","slug":"microsoft-office-2010-professional-plus-licence-pour-3-pc","status":"publish","type":"product","link":"https:\/\/winandofficews.com\/france\/product\/microsoft-office-2010-professional-plus-licence-pour-3-pc\/","title":{"rendered":"Microsoft Office 2010 Professional Plus licence pour 3 PC"},"content":{"rendered":"<h3>Microsoft Office 2010 Professional Plus licence pour 3 PC<\/h3>\n<p><strong>Cette licence permet d\u2019activer le logiciel sur 3 appareils diff\u00e9rents, par exemple un ordinateur personnel, un ordinateur portable et un ordinateur professionnel<\/strong><\/p>\n<p>Microsoft Office 2010 Professionnel marque le d\u00e9but d&#8217;une nouvelle \u00e8re pour l&#8217;\u00e9talon-or mondial des applications Microsoft Office de Microsoft. On retrouve les versions classiques des applications bien connues mais aussi les nouvelles versions web de Word, Excel etc. Certes, elles permettent d&#8217;\u00eatre productif de presque n&#8217;importe o\u00f9.<br \/>\nUne autre nouvelle fonctionnalit\u00e9 est la prise en charge compl\u00e8te du format de fichier Open XML certifi\u00e9 ISO. Il a un menu de style ruban. Par cons\u00e9quent, vous sentirez un look Microsoft Windows 7 dans votre suite Microsoft Office et le bouton Microsoft Office b\u00e9n\u00e9ficie \u00e9galement de nouvelles fonctionnalit\u00e9s.<\/p>\n<h4>Microsoft Office 2010 Professionnel Plus contient ces applications :<\/h4>\n<ul>\n<li>\n<ul>\n<li><strong>Word 2010<\/strong> \u2013 pour cr\u00e9er des documents fascinants<\/li>\n<li><strong>Excel 2010<\/strong> \u2013 pour des analyses importantes<\/li>\n<li><strong>PowerPoint 2010<\/strong> \u2013 pour des pr\u00e9sentations attrayantes<\/li>\n<li><strong>Outlook 2010 <\/strong>\u2013 g\u00e9rez vos e-mails, contacts, horaires et t\u00e2ches<\/li>\n<li><strong>OneNote 2010<\/strong> \u2013 pour vos notes<\/li>\n<li><strong>Publisher 2010<\/strong> \u2013 pour cr\u00e9er des publicit\u00e9s professionnelles<\/li>\n<li><strong>Access 2010 <\/strong>\u2013 pour les applications bas\u00e9es sur un navigateur<\/li>\n<li><strong>Applications Web <\/strong> \u2013 (Word, Excel, PowerPoint, OneNote)<\/li>\n<li><strong>InfoPath <\/strong>\u2013 pour concevoir, distribuer, remplir et soumettre des formulaires \u00e9lectroniques contenant des donn\u00e9es structur\u00e9es.<\/li>\n<li><strong>Communicator <\/strong>\u2013 restez en contact avec les clients et les coll\u00e8gues<\/li>\n<li><strong>SharePoint Workspace <\/strong>\u2013 pour collaborer dans le monde entier<\/li>\n<\/ul>\n<\/li>\n<\/ul>\n<h4>Configuration requise:<\/h4>\n<ul>\n<li>\n<ul>\n<li>Processeur : processeur 500 m\u00e9gahertz (MHz) ou sup\u00e9rieur ; 1 gigahertz (GHz) requis pour Outlook avec le Gestionnaire de contacts professionnels<\/li>\n<li>RAM : 512 m\u00e9gaoctets (Mo) de RAM ou plus (il s&#8217;agit certainement d&#8217;une exigence tr\u00e8s faible)<\/li>\n<li>Espace disque disponible : 3,5 gigaoctets (Go)<\/li>\n<li>Pour l&#8217;\u00e9dition 32 bits d&#8217;Microsoft Office 2010 : Microsoft Windows XP avec Service Pack (SP) 3, Microsoft Windows Server 2003 SP2, MSXML 6.0<\/li>\n<li>Pour les \u00e9ditions 32 bits ou 64 bits d&#8217;Microsoft Office 2010 : Microsoft Windows Vista avec SP1, Microsoft Windows Server 2008, Microsoft Windows 7, Terminal Server, Microsoft Windows sur Microsoft Windows (WOW)<\/li>\n<\/ul>\n<\/li>\n<\/ul>\n<p><strong>Assistance et support :<\/strong><\/p>\n<p>Pour toute question, n\u2019h\u00e9sitez pas \u00e0 nous contacter <a href=\"\/cdn-cgi\/l\/email-protection#7f190d1e111c1a3f0816111e111b101919161c1a080c511c1012\" target=\"_blank\" rel=\"noopener\">par e-mail<\/a>.<\/p>\n<p>Notre service client et support est disponible 7 jours sur 7 et 24 heures sur 24.<\/p>\n","protected":false},"excerpt":{"rendered":"<ul>\n<li><strong>Microsoft Office 2010 Professional Plus<\/strong><\/li>\n<li><strong>Cette licence permet d&#8217;activer le logiciel sur 3 appareils diff\u00e9rents<\/strong>, par exemple un ordinateur personnel, un ordinateur portable et un ordinateur professionnel<strong>.<\/strong><\/li>\n<li>Versions pour les syst\u00e8mes 32 et 64 bits disponibles<\/li>\n<li>Envoi par e-mail : cl\u00e9 de produit, instructions, liens de t\u00e9l\u00e9chargement, facture<\/li>\n<li>T\u00e9l\u00e9chargement instantan\u00e9 !<\/li>\n<li>Aucune limite de dur\u00e9e, aucun abonnement<\/li>\n<li>Assistance gratuite 24h\/24 et 7j\/7 en cas de probl\u00e8mes d&#8217;installation et d&#8217;activation<\/li>\n<li>Pas de livraison sur le stockage de donn\u00e9es (USB, CD, etc.)<\/li>\n<li>Activation en ligne et par t\u00e9l\u00e9phone<\/li>\n<li>Pour Microsoft Windows<\/li>\n<li><strong> Ce produit est compatible avec Microsoft Windows.<\/strong><\/li>\n<li><strong>NON compatible avec Apple macOS&trade;, les processeurs Apple, Parallels pour Mac, les appareils Android et les Chromebooks.<\/strong><\/li>\n<\/ul>\n","protected":false},"featured_media":1000008044,"comment_status":"closed","ping_status":"closed","template":"","meta":{"_acf_changed":false},"product_brand":[],"product_cat":[155],"product_tag":[327,328,108,111],"class_list":{"0":"post-87583","1":"product","2":"type-product","3":"status-publish","4":"has-post-thumbnail","6":"product_cat-microsoft-office","7":"product_tag-microsoft-office-2010-professional-plus","8":"product_tag-microsoft-office-2010-professional-plus-licence-pour-3-pc","9":"product_tag-ms-office","10":"product_tag-ms-office-2010","12":"first","13":"instock","14":"sale","15":"virtual","16":"taxable","17":"purchasable","18":"product-type-simple"},"acf":[],"yoast_head":"<!-- This site is optimized with the Yoast SEO plugin v27.4 - https:\/\/yoast.com\/product\/yoast-seo-wordpress\/ -->\n<title>Microsoft Office 2010 Professional Plus licence pour 3 PC - France<\/title>\n<meta name=\"robots\" content=\"index, follow, max-snippet:-1, max-image-preview:large, max-video-preview:-1\" \/>\n<link rel=\"canonical\" href=\"https:\/\/winandofficews.com\/france\/product\/microsoft-office-2010-professional-plus-licence-pour-3-pc\/\" \/>\n<meta property=\"og:locale\" content=\"fr_FR\" \/>\n<meta property=\"og:type\" content=\"article\" \/>\n<meta property=\"og:title\" content=\"Microsoft Office 2010 Professional Plus licence pour 3 PC - France\" \/>\n<meta property=\"og:description\" content=\"Microsoft Office 2010 Professional Plus  Cette licence permet d&#039;activer le logiciel sur 3 appareils diff\u00e9rents, par exemple un ordinateur personnel, un ordinateur portable et un ordinateur professionnel.  Versions pour les syst\u00e8mes 32 et 64 bits disponibles  Envoi par e-mail : cl\u00e9 de produit, instructions, liens de t\u00e9l\u00e9chargement, facture  T\u00e9l\u00e9chargement instantan\u00e9 !  Aucune limite de dur\u00e9e, aucun abonnement  Assistance gratuite 24h\/24 et 7j\/7 en cas de probl\u00e8mes d&#039;installation et d&#039;activation  Pas de livraison sur le stockage de donn\u00e9es (USB, CD, etc.)  Activation en ligne et par t\u00e9l\u00e9phone  Pour Microsoft Windows   Ce produit est compatible avec Microsoft Windows.  NON compatible avec Apple macOS&trade;, les processeurs Apple, Parallels pour Mac, les appareils Android et les Chromebooks.\" \/>\n<meta property=\"og:url\" content=\"https:\/\/winandofficews.com\/france\/product\/microsoft-office-2010-professional-plus-licence-pour-3-pc\/\" \/>\n<meta property=\"og:site_name\" content=\"France\" \/>\n<meta property=\"article:modified_time\" content=\"2026-04-14T02:00:35+00:00\" \/>\n<meta name=\"twitter:card\" content=\"summary_large_image\" \/>\n<meta name=\"twitter:label1\" content=\"Dur\u00e9e de lecture estim\u00e9e\" \/>\n\t<meta name=\"twitter:data1\" content=\"2 minutes\" \/>\n<script type=\"application\/ld+json\" class=\"yoast-schema-graph\">{\"@context\":\"https:\\\/\\\/schema.org\",\"@graph\":[{\"@type\":\"WebPage\",\"@id\":\"https:\\\/\\\/winandofficews.com\\\/france\\\/product\\\/microsoft-office-2010-professional-plus-licence-pour-3-pc\\\/\",\"url\":\"https:\\\/\\\/winandofficews.com\\\/france\\\/product\\\/microsoft-office-2010-professional-plus-licence-pour-3-pc\\\/\",\"name\":\"Microsoft Office 2010 Professional Plus licence pour 3 PC - France\",\"isPartOf\":{\"@id\":\"https:\\\/\\\/winandofficews.com\\\/france\\\/#website\"},\"primaryImageOfPage\":{\"@id\":\"https:\\\/\\\/winandofficews.com\\\/france\\\/product\\\/microsoft-office-2010-professional-plus-licence-pour-3-pc\\\/#primaryimage\"},\"image\":{\"@id\":\"https:\\\/\\\/winandofficews.com\\\/france\\\/product\\\/microsoft-office-2010-professional-plus-licence-pour-3-pc\\\/#primaryimage\"},\"thumbnailUrl\":\"https:\\\/\\\/winandofficews.com\\\/france\\\/wp-content\\\/uploads\\\/O10P.png\",\"datePublished\":\"2025-06-19T11:32:54+00:00\",\"dateModified\":\"2026-04-14T02:00:35+00:00\",\"breadcrumb\":{\"@id\":\"https:\\\/\\\/winandofficews.com\\\/france\\\/product\\\/microsoft-office-2010-professional-plus-licence-pour-3-pc\\\/#breadcrumb\"},\"inLanguage\":\"fr-FR\",\"potentialAction\":[{\"@type\":\"ReadAction\",\"target\":[\"https:\\\/\\\/winandofficews.com\\\/france\\\/product\\\/microsoft-office-2010-professional-plus-licence-pour-3-pc\\\/\"]}]},{\"@type\":\"ImageObject\",\"inLanguage\":\"fr-FR\",\"@id\":\"https:\\\/\\\/winandofficews.com\\\/france\\\/product\\\/microsoft-office-2010-professional-plus-licence-pour-3-pc\\\/#primaryimage\",\"url\":\"https:\\\/\\\/winandofficews.com\\\/france\\\/wp-content\\\/uploads\\\/O10P.png\",\"contentUrl\":\"https:\\\/\\\/winandofficews.com\\\/france\\\/wp-content\\\/uploads\\\/O10P.png\"},{\"@type\":\"BreadcrumbList\",\"@id\":\"https:\\\/\\\/winandofficews.com\\\/france\\\/product\\\/microsoft-office-2010-professional-plus-licence-pour-3-pc\\\/#breadcrumb\",\"itemListElement\":[{\"@type\":\"ListItem\",\"position\":1,\"name\":\"Home\",\"item\":\"https:\\\/\\\/winandofficews.com\\\/france\\\/\"},{\"@type\":\"ListItem\",\"position\":2,\"name\":\"Boutique\",\"item\":\"https:\\\/\\\/winandofficews.com\\\/france\\\/shop\\\/\"},{\"@type\":\"ListItem\",\"position\":3,\"name\":\"Microsoft Office 2010 Professional Plus licence pour 3 PC\"}]},{\"@type\":\"WebSite\",\"@id\":\"https:\\\/\\\/winandofficews.com\\\/france\\\/#website\",\"url\":\"https:\\\/\\\/winandofficews.com\\\/france\\\/\",\"name\":\"France\",\"description\":\"Wholesales Store of Office\",\"publisher\":{\"@id\":\"https:\\\/\\\/winandofficews.com\\\/france\\\/#organization\"},\"potentialAction\":[{\"@type\":\"SearchAction\",\"target\":{\"@type\":\"EntryPoint\",\"urlTemplate\":\"https:\\\/\\\/winandofficews.com\\\/france\\\/?s={search_term_string}\"},\"query-input\":{\"@type\":\"PropertyValueSpecification\",\"valueRequired\":true,\"valueName\":\"search_term_string\"}}],\"inLanguage\":\"fr-FR\"},{\"@type\":\"Organization\",\"@id\":\"https:\\\/\\\/winandofficews.com\\\/france\\\/#organization\",\"name\":\"France\",\"url\":\"https:\\\/\\\/winandofficews.com\\\/france\\\/\",\"logo\":{\"@type\":\"ImageObject\",\"inLanguage\":\"fr-FR\",\"@id\":\"https:\\\/\\\/winandofficews.com\\\/france\\\/#\\\/schema\\\/logo\\\/image\\\/\",\"url\":\"https:\\\/\\\/winandofficews.com\\\/france\\\/wp-content\\\/uploads\\\/sites\\\/13\\\/logo14.png\",\"contentUrl\":\"https:\\\/\\\/winandofficews.com\\\/france\\\/wp-content\\\/uploads\\\/sites\\\/13\\\/logo14.png\",\"width\":322,\"height\":116,\"caption\":\"France\"},\"image\":{\"@id\":\"https:\\\/\\\/winandofficews.com\\\/france\\\/#\\\/schema\\\/logo\\\/image\\\/\"}}]}<\/script>\n<!-- \/ Yoast SEO plugin. -->","yoast_head_json":{"title":"Microsoft Office 2010 Professional Plus licence pour 3 PC - France","robots":{"index":"index","follow":"follow","max-snippet":"max-snippet:-1","max-image-preview":"max-image-preview:large","max-video-preview":"max-video-preview:-1"},"canonical":"https:\/\/winandofficews.com\/france\/product\/microsoft-office-2010-professional-plus-licence-pour-3-pc\/","og_locale":"fr_FR","og_type":"article","og_title":"Microsoft Office 2010 Professional Plus licence pour 3 PC - France","og_description":"Microsoft Office 2010 Professional Plus  Cette licence permet d'activer le logiciel sur 3 appareils diff\u00e9rents, par exemple un ordinateur personnel, un ordinateur portable et un ordinateur professionnel.  Versions pour les syst\u00e8mes 32 et 64 bits disponibles  Envoi par e-mail : cl\u00e9 de produit, instructions, liens de t\u00e9l\u00e9chargement, facture  T\u00e9l\u00e9chargement instantan\u00e9 !  Aucune limite de dur\u00e9e, aucun abonnement  Assistance gratuite 24h\/24 et 7j\/7 en cas de probl\u00e8mes d'installation et d'activation  Pas de livraison sur le stockage de donn\u00e9es (USB, CD, etc.)  Activation en ligne et par t\u00e9l\u00e9phone  Pour Microsoft Windows   Ce produit est compatible avec Microsoft Windows.  NON compatible avec Apple macOS&trade;, les processeurs Apple, Parallels pour Mac, les appareils Android et les Chromebooks.","og_url":"https:\/\/winandofficews.com\/france\/product\/microsoft-office-2010-professional-plus-licence-pour-3-pc\/","og_site_name":"France","article_modified_time":"2026-04-14T02:00:35+00:00","twitter_card":"summary_large_image","twitter_misc":{"Dur\u00e9e de lecture estim\u00e9e":"2 minutes"},"schema":{"@context":"https:\/\/schema.org","@graph":[{"@type":"WebPage","@id":"https:\/\/winandofficews.com\/france\/product\/microsoft-office-2010-professional-plus-licence-pour-3-pc\/","url":"https:\/\/winandofficews.com\/france\/product\/microsoft-office-2010-professional-plus-licence-pour-3-pc\/","name":"Microsoft Office 2010 Professional Plus licence pour 3 PC - France","isPartOf":{"@id":"https:\/\/winandofficews.com\/france\/#website"},"primaryImageOfPage":{"@id":"https:\/\/winandofficews.com\/france\/product\/microsoft-office-2010-professional-plus-licence-pour-3-pc\/#primaryimage"},"image":{"@id":"https:\/\/winandofficews.com\/france\/product\/microsoft-office-2010-professional-plus-licence-pour-3-pc\/#primaryimage"},"thumbnailUrl":"https:\/\/winandofficews.com\/france\/wp-content\/uploads\/O10P.png","datePublished":"2025-06-19T11:32:54+00:00","dateModified":"2026-04-14T02:00:35+00:00","breadcrumb":{"@id":"https:\/\/winandofficews.com\/france\/product\/microsoft-office-2010-professional-plus-licence-pour-3-pc\/#breadcrumb"},"inLanguage":"fr-FR","potentialAction":[{"@type":"ReadAction","target":["https:\/\/winandofficews.com\/france\/product\/microsoft-office-2010-professional-plus-licence-pour-3-pc\/"]}]},{"@type":"ImageObject","inLanguage":"fr-FR","@id":"https:\/\/winandofficews.com\/france\/product\/microsoft-office-2010-professional-plus-licence-pour-3-pc\/#primaryimage","url":"https:\/\/winandofficews.com\/france\/wp-content\/uploads\/O10P.png","contentUrl":"https:\/\/winandofficews.com\/france\/wp-content\/uploads\/O10P.png"},{"@type":"BreadcrumbList","@id":"https:\/\/winandofficews.com\/france\/product\/microsoft-office-2010-professional-plus-licence-pour-3-pc\/#breadcrumb","itemListElement":[{"@type":"ListItem","position":1,"name":"Home","item":"https:\/\/winandofficews.com\/france\/"},{"@type":"ListItem","position":2,"name":"Boutique","item":"https:\/\/winandofficews.com\/france\/shop\/"},{"@type":"ListItem","position":3,"name":"Microsoft Office 2010 Professional Plus licence pour 3 PC"}]},{"@type":"WebSite","@id":"https:\/\/winandofficews.com\/france\/#website","url":"https:\/\/winandofficews.com\/france\/","name":"France","description":"Wholesales Store of Office","publisher":{"@id":"https:\/\/winandofficews.com\/france\/#organization"},"potentialAction":[{"@type":"SearchAction","target":{"@type":"EntryPoint","urlTemplate":"https:\/\/winandofficews.com\/france\/?s={search_term_string}"},"query-input":{"@type":"PropertyValueSpecification","valueRequired":true,"valueName":"search_term_string"}}],"inLanguage":"fr-FR"},{"@type":"Organization","@id":"https:\/\/winandofficews.com\/france\/#organization","name":"France","url":"https:\/\/winandofficews.com\/france\/","logo":{"@type":"ImageObject","inLanguage":"fr-FR","@id":"https:\/\/winandofficews.com\/france\/#\/schema\/logo\/image\/","url":"https:\/\/winandofficews.com\/france\/wp-content\/uploads\/sites\/13\/logo14.png","contentUrl":"https:\/\/winandofficews.com\/france\/wp-content\/uploads\/sites\/13\/logo14.png","width":322,"height":116,"caption":"France"},"image":{"@id":"https:\/\/winandofficews.com\/france\/#\/schema\/logo\/image\/"}}]}},"_links":{"self":[{"href":"https:\/\/winandofficews.com\/france\/wp-json\/wp\/v2\/product\/87583","targetHints":{"allow":["GET"]}}],"collection":[{"href":"https:\/\/winandofficews.com\/france\/wp-json\/wp\/v2\/product"}],"about":[{"href":"https:\/\/winandofficews.com\/france\/wp-json\/wp\/v2\/types\/product"}],"replies":[{"embeddable":true,"href":"https:\/\/winandofficews.com\/france\/wp-json\/wp\/v2\/comments?post=87583"}],"wp:featuredmedia":[{"embeddable":true,"href":"https:\/\/winandofficews.com\/france\/wp-json\/"}],"wp:attachment":[{"href":"https:\/\/winandofficews.com\/france\/wp-json\/wp\/v2\/media?parent=87583"}],"wp:term":[{"taxonomy":"product_brand","embeddable":true,"href":"https:\/\/winandofficews.com\/france\/wp-json\/wp\/v2\/product_brand?post=87583"},{"taxonomy":"product_cat","embeddable":true,"href":"https:\/\/winandofficews.com\/france\/wp-json\/wp\/v2\/product_cat?post=87583"},{"taxonomy":"product_tag","embeddable":true,"href":"https:\/\/winandofficews.com\/france\/wp-json\/wp\/v2\/product_tag?post=87583"}],"curies":[{"name":"wp","href":"https:\/\/api.w.org\/{rel}","templated":true}]}}