{"id":87581,"date":"2025-06-19T13:32:54","date_gmt":"2025-06-19T11:32:54","guid":{"rendered":"https:\/\/winandofficews.com\/france\/?post_type=product&#038;p=87581"},"modified":"2026-04-14T04:59:36","modified_gmt":"2026-04-14T02:59:36","slug":"microsoft-office-2016-professional-plus-licence-pour-3-pc","status":"publish","type":"product","link":"https:\/\/winandofficews.com\/france\/product\/microsoft-office-2016-professional-plus-licence-pour-3-pc\/","title":{"rendered":"Microsoft Office 2016 Professional Plus licence pour 3 PC"},"content":{"rendered":"<h3>Microsoft Office 2016 Professional Plus licence pour 3 PC<\/h3>\n<p><strong>Cette licence permet d&#8217;activer le logiciel sur 3 appareils diff\u00e9rents, par exemple un ordinateur personnel, un ordinateur portable et un ordinateur professionnel.<\/strong><br \/>\nAvec les programmes inclus, Microsoft Office 2016 Professional Plus r\u00e9pond \u00e0 toutes les exigences impos\u00e9es aux logiciels de bureau \u00e9tendus. Ainsi, que vous cr\u00e9iez des lettres types, g\u00e9riez des chiffres commerciaux et des feuilles de calcul, conceviez des pr\u00e9sentations. De plus, vous cr\u00e9ez des bases de donn\u00e9es ou organisez vos e-mails pour vos projets professionnels et priv\u00e9s, tout cela peut \u00eatre fait en un rien de temps avec les applications Microsoft Office.<\/p>\n<h4>Quels programmes sont inclus dans Microsoft Office 2016 Professionnel Plus ?<\/h4>\n<ul>\n<li><strong>Word 2016<\/strong> \u2013 Pour la cr\u00e9ation et l&#8217;\u00e9dition de vos textes et documents<\/li>\n<li><strong>Excel 2016<\/strong> \u2013 Pour le traitement des enregistrements de donn\u00e9es sous forme de tableau<\/li>\n<li><strong>PowerPoint 2016<\/strong> \u2013 Pour la cr\u00e9ation de pr\u00e9sentations inspirantes<\/li>\n<li><strong>Outlook 2016<\/strong> \u2013 Pour g\u00e9rer vos e-mails, vos contacts, vos plannings et vos t\u00e2ches<\/li>\n<li><strong>OneNote 2016<\/strong> \u2013 Pour cr\u00e9er et g\u00e9rer vos notes<\/li>\n<li><strong>Publisher 2016<\/strong> \u2013 Pour cr\u00e9er facilement des publications d&#8217;aspect professionnel<\/li>\n<li><strong>Access 2016<\/strong> \u2013 Pour la cr\u00e9ation de bases de donn\u00e9es avec acc\u00e8s Internet<\/li>\n<li><strong>Skype Entreprise<\/strong> \u2013 Pour augmenter la productivit\u00e9 gr\u00e2ce \u00e0 la messagerie instantan\u00e9e et \u00e0 une communication simplifi\u00e9e<\/li>\n<\/ul>\n<h4>Nouvelles fonctionnalit\u00e9s dans Microsoft Office 2016 Professionnel Plus<\/h4>\n<p>Recherche \u00ab Insights \u00bb directement \u00e0 partir de vos documents. Ainsi, vous pouvez obtenir des informations pertinentes sur Internet et les int\u00e9grer dans vos documents ou pr\u00e9sentations. Un lien vers Bing permet des r\u00e9sultats de recherche rapides<br \/>\nAssistant de recherche &#8220;Dis-moi&#8221;. Ensuite, vous constaterez que chaque programme fonctionne plus rapidement.<br \/>\nExcel avec une fonction de remplissage automatique d\u00e9tecte le mod\u00e8le et remplit automatiquement vos coordonn\u00e9es. Vous pouvez \u00e9galement pr\u00e9voir facilement des s\u00e9ries de donn\u00e9es et des formes pour les tendances futures.<br \/>\nUtilisez l&#8217;option d&#8217;impression photo en ligne int\u00e9gr\u00e9e dans Publisher. Ainsi, vous gagnez du temps et vous assurez des r\u00e9sultats professionnels.<br \/>\nPowerPoint offre la possibilit\u00e9 de partager des pr\u00e9sentations via le Web. Vous n&#8217;avez pas besoin d&#8217;installer PowerPoint pour pouvoir les voir.<br \/>\nActivez les fonds d&#8217;\u00e9cran &#8220;Th\u00e8me noir&#8221;. En cons\u00e9quence, permettre un travail agr\u00e9able pour les yeux.<br \/>\nUtilisez \u00e9galement OneDrive avec 5 Go de stockage cloud gratuit. Par cons\u00e9quent, vous pouvez travailler en \u00e9quipe avec des r\u00e9seaux en temps r\u00e9el via.<\/p>\n<h4>\u00c9l\u00e9ments importants concernant cette version de Microsoft Office<\/h4>\n<p>En d&#8217;autres termes, l&#8217;interface utilisateur intuitive de Microsoft Office Professional Plus 2016 permet une navigation rapide dans les programmes. Ainsi, le ruban r\u00e9vis\u00e9 permet une recherche rapide dans les nouvelles fonctions. Mais si jamais vous d\u00e9cidez de descendre, l&#8217;assistant de recherche &#8220;Tell Me&#8221; vous aidera \u00e0 localiser la fonction souhait\u00e9e et \u00e0 les utiliser efficacement. Vous vous habituerez rapidement aux diff\u00e9rents programmes et les utiliserez au mieux pour votre travail.<\/p>\n<p>En conclusion, en int\u00e9grant Skype for Business, vous et vos employ\u00e9s et coll\u00e8gues restez toujours en contact. Ainsi, Microsoft Office Professionnel Plus 2016 offre de nouvelles opportunit\u00e9s dans le domaine de la messagerie instantan\u00e9e, de la visioconf\u00e9rence et de la t\u00e9l\u00e9phonie IP. Apr\u00e8s cela, l&#8217;\u00e9change d&#8217;informations, clarifier et poser des questions sur les projets. En utilisant le service cloud OneDrive simplifie \u00e9galement l&#8217;\u00e9change de donn\u00e9es.<\/p>\n<p>Travaillez ensemble pour le succ\u00e8s de votre entreprise et restez flexible. De m\u00eame, votre lieu de travail est maintenant \u00e0 chaque emplacement. La conception et l&#8217;interface utilisateur d&#8217;Microsoft Office 2016 Professionnel Plus sont bas\u00e9es sur Microsoft Windows 10. Les deux programmes sont parfaitement adapt\u00e9s. Optimis\u00e9 pour les appareils tactiles, vous pouvez travailler de mani\u00e8re flexible. Soyez cr\u00e9atif n&#8217;importe o\u00f9 avec Microsoft Office Professionnel Plus 2016 et augmentez la productivit\u00e9 de votre entreprise.<\/p>\n<h4>Configuration Requise:<\/h4>\n<ul>\n<li>Processeur 1,4 GHz \u00e0 2 c\u0153urs<\/li>\n<li>Microsoft Windows 7 SP1, Microsoft Windows 8, Microsoft Windows 10<\/li>\n<li>1 Go (32 bits), 2 Go (64 bits) de RAM<\/li>\n<li>3 Go d&#8217;espace disque disponible<\/li>\n<li>Carte graphique DirectX 9 pour l&#8217;utilisation de l&#8217;acc\u00e9l\u00e9ration mat\u00e9rielle graphique<\/li>\n<\/ul>\n<p><strong>Assistance et support :<\/strong><\/p>\n<p>Pour toute question, n\u2019h\u00e9sitez pas \u00e0 nous contacter <a href=\"\/cdn-cgi\/l\/email-protection#e48296858a8781a4938d8a858a808b82828d87819397ca878b89\" target=\"_blank\" rel=\"noopener\">par e-mail<\/a>.<\/p>\n<p>Notre service client et support est disponible 7 jours sur 7 et 24 heures sur 24.<script data-cfasync=\"false\" src=\"\/cdn-cgi\/scripts\/5c5dd728\/cloudflare-static\/email-decode.min.js\"><\/script><\/p>\n","protected":false},"excerpt":{"rendered":"<ul>\n<li><strong>Microsoft Office 2016 Professional Plus<\/strong><\/li>\n<li><strong>Cette licence permet d&#8217;activer le logiciel sur 3 appareils diff\u00e9rents<\/strong>, par exemple un ordinateur personnel, un ordinateur portable et un ordinateur professionnel<strong>.<\/strong><\/li>\n<li>Versions pour les syst\u00e8mes 32 et 64 bits disponibles<\/li>\n<li>Envoi par e-mail : cl\u00e9 de produit, instructions, liens de t\u00e9l\u00e9chargement, facture<\/li>\n<li>T\u00e9l\u00e9chargement instantan\u00e9 !<\/li>\n<li>Aucune limite de dur\u00e9e, aucun abonnement<\/li>\n<li>Assistance gratuite 24h\/24 et 7j\/7 en cas de probl\u00e8mes d&#8217;installation et d&#8217;activation<\/li>\n<li>Pas de livraison sur le stockage de donn\u00e9es (USB, CD, etc.)<\/li>\n<li>Activation en ligne et par t\u00e9l\u00e9phone<\/li>\n<li>Pour Microsoft Windows<\/li>\n<li><strong> Ce produit est compatible avec Microsoft Windows.<\/strong><\/li>\n<li><strong>NON compatible avec Apple macOS&trade;, les processeurs Apple, Parallels pour Mac, les appareils Android et les Chromebooks.<\/strong><\/li>\n<\/ul>\n","protected":false},"featured_media":1000008073,"comment_status":"closed","ping_status":"closed","template":"","meta":{"_acf_changed":false},"product_brand":[],"product_cat":[155],"product_tag":[323,324,108,110],"class_list":{"0":"post-87581","1":"product","2":"type-product","3":"status-publish","4":"has-post-thumbnail","6":"product_cat-microsoft-office","7":"product_tag-microsoft-office-2016-professional-plus","8":"product_tag-microsoft-office-2016-professional-plus-licence-pour-3-pc","9":"product_tag-ms-office","10":"product_tag-ms-office-2016","12":"first","13":"instock","14":"sale","15":"virtual","16":"taxable","17":"purchasable","18":"product-type-simple"},"acf":[],"yoast_head":"<!-- This site is optimized with the Yoast SEO plugin v27.4 - https:\/\/yoast.com\/product\/yoast-seo-wordpress\/ -->\n<title>Microsoft Office 2016 Professional Plus licence pour 3 PC - France<\/title>\n<meta name=\"robots\" content=\"index, follow, max-snippet:-1, max-image-preview:large, max-video-preview:-1\" \/>\n<link rel=\"canonical\" href=\"https:\/\/winandofficews.com\/france\/product\/microsoft-office-2016-professional-plus-licence-pour-3-pc\/\" \/>\n<meta property=\"og:locale\" content=\"fr_FR\" \/>\n<meta property=\"og:type\" content=\"article\" \/>\n<meta property=\"og:title\" content=\"Microsoft Office 2016 Professional Plus licence pour 3 PC - France\" \/>\n<meta property=\"og:description\" content=\"Microsoft Office 2016 Professional Plus  Cette licence permet d&#039;activer le logiciel sur 3 appareils diff\u00e9rents, par exemple un ordinateur personnel, un ordinateur portable et un ordinateur professionnel.  Versions pour les syst\u00e8mes 32 et 64 bits disponibles  Envoi par e-mail : cl\u00e9 de produit, instructions, liens de t\u00e9l\u00e9chargement, facture  T\u00e9l\u00e9chargement instantan\u00e9 !  Aucune limite de dur\u00e9e, aucun abonnement  Assistance gratuite 24h\/24 et 7j\/7 en cas de probl\u00e8mes d&#039;installation et d&#039;activation  Pas de livraison sur le stockage de donn\u00e9es (USB, CD, etc.)  Activation en ligne et par t\u00e9l\u00e9phone  Pour Microsoft Windows   Ce produit est compatible avec Microsoft Windows.  NON compatible avec Apple macOS&trade;, les processeurs Apple, Parallels pour Mac, les appareils Android et les Chromebooks.\" \/>\n<meta property=\"og:url\" content=\"https:\/\/winandofficews.com\/france\/product\/microsoft-office-2016-professional-plus-licence-pour-3-pc\/\" \/>\n<meta property=\"og:site_name\" content=\"France\" \/>\n<meta property=\"article:modified_time\" content=\"2026-04-14T02:59:36+00:00\" \/>\n<meta name=\"twitter:card\" content=\"summary_large_image\" \/>\n<meta name=\"twitter:label1\" content=\"Dur\u00e9e de lecture estim\u00e9e\" \/>\n\t<meta name=\"twitter:data1\" content=\"4 minutes\" \/>\n<script type=\"application\/ld+json\" class=\"yoast-schema-graph\">{\"@context\":\"https:\\\/\\\/schema.org\",\"@graph\":[{\"@type\":\"WebPage\",\"@id\":\"https:\\\/\\\/winandofficews.com\\\/france\\\/product\\\/microsoft-office-2016-professional-plus-licence-pour-3-pc\\\/\",\"url\":\"https:\\\/\\\/winandofficews.com\\\/france\\\/product\\\/microsoft-office-2016-professional-plus-licence-pour-3-pc\\\/\",\"name\":\"Microsoft Office 2016 Professional Plus licence pour 3 PC - France\",\"isPartOf\":{\"@id\":\"https:\\\/\\\/winandofficews.com\\\/france\\\/#website\"},\"primaryImageOfPage\":{\"@id\":\"https:\\\/\\\/winandofficews.com\\\/france\\\/product\\\/microsoft-office-2016-professional-plus-licence-pour-3-pc\\\/#primaryimage\"},\"image\":{\"@id\":\"https:\\\/\\\/winandofficews.com\\\/france\\\/product\\\/microsoft-office-2016-professional-plus-licence-pour-3-pc\\\/#primaryimage\"},\"thumbnailUrl\":\"https:\\\/\\\/winandofficews.com\\\/france\\\/wp-content\\\/uploads\\\/O16P.png\",\"datePublished\":\"2025-06-19T11:32:54+00:00\",\"dateModified\":\"2026-04-14T02:59:36+00:00\",\"breadcrumb\":{\"@id\":\"https:\\\/\\\/winandofficews.com\\\/france\\\/product\\\/microsoft-office-2016-professional-plus-licence-pour-3-pc\\\/#breadcrumb\"},\"inLanguage\":\"fr-FR\",\"potentialAction\":[{\"@type\":\"ReadAction\",\"target\":[\"https:\\\/\\\/winandofficews.com\\\/france\\\/product\\\/microsoft-office-2016-professional-plus-licence-pour-3-pc\\\/\"]}]},{\"@type\":\"ImageObject\",\"inLanguage\":\"fr-FR\",\"@id\":\"https:\\\/\\\/winandofficews.com\\\/france\\\/product\\\/microsoft-office-2016-professional-plus-licence-pour-3-pc\\\/#primaryimage\",\"url\":\"https:\\\/\\\/winandofficews.com\\\/france\\\/wp-content\\\/uploads\\\/O16P.png\",\"contentUrl\":\"https:\\\/\\\/winandofficews.com\\\/france\\\/wp-content\\\/uploads\\\/O16P.png\"},{\"@type\":\"BreadcrumbList\",\"@id\":\"https:\\\/\\\/winandofficews.com\\\/france\\\/product\\\/microsoft-office-2016-professional-plus-licence-pour-3-pc\\\/#breadcrumb\",\"itemListElement\":[{\"@type\":\"ListItem\",\"position\":1,\"name\":\"Home\",\"item\":\"https:\\\/\\\/winandofficews.com\\\/france\\\/\"},{\"@type\":\"ListItem\",\"position\":2,\"name\":\"Boutique\",\"item\":\"https:\\\/\\\/winandofficews.com\\\/france\\\/shop\\\/\"},{\"@type\":\"ListItem\",\"position\":3,\"name\":\"Microsoft Office 2016 Professional Plus licence pour 3 PC\"}]},{\"@type\":\"WebSite\",\"@id\":\"https:\\\/\\\/winandofficews.com\\\/france\\\/#website\",\"url\":\"https:\\\/\\\/winandofficews.com\\\/france\\\/\",\"name\":\"France\",\"description\":\"Wholesales Store of Office\",\"publisher\":{\"@id\":\"https:\\\/\\\/winandofficews.com\\\/france\\\/#organization\"},\"potentialAction\":[{\"@type\":\"SearchAction\",\"target\":{\"@type\":\"EntryPoint\",\"urlTemplate\":\"https:\\\/\\\/winandofficews.com\\\/france\\\/?s={search_term_string}\"},\"query-input\":{\"@type\":\"PropertyValueSpecification\",\"valueRequired\":true,\"valueName\":\"search_term_string\"}}],\"inLanguage\":\"fr-FR\"},{\"@type\":\"Organization\",\"@id\":\"https:\\\/\\\/winandofficews.com\\\/france\\\/#organization\",\"name\":\"France\",\"url\":\"https:\\\/\\\/winandofficews.com\\\/france\\\/\",\"logo\":{\"@type\":\"ImageObject\",\"inLanguage\":\"fr-FR\",\"@id\":\"https:\\\/\\\/winandofficews.com\\\/france\\\/#\\\/schema\\\/logo\\\/image\\\/\",\"url\":\"https:\\\/\\\/winandofficews.com\\\/france\\\/wp-content\\\/uploads\\\/sites\\\/13\\\/logo14.png\",\"contentUrl\":\"https:\\\/\\\/winandofficews.com\\\/france\\\/wp-content\\\/uploads\\\/sites\\\/13\\\/logo14.png\",\"width\":322,\"height\":116,\"caption\":\"France\"},\"image\":{\"@id\":\"https:\\\/\\\/winandofficews.com\\\/france\\\/#\\\/schema\\\/logo\\\/image\\\/\"}}]}<\/script>\n<!-- \/ Yoast SEO plugin. -->","yoast_head_json":{"title":"Microsoft Office 2016 Professional Plus licence pour 3 PC - France","robots":{"index":"index","follow":"follow","max-snippet":"max-snippet:-1","max-image-preview":"max-image-preview:large","max-video-preview":"max-video-preview:-1"},"canonical":"https:\/\/winandofficews.com\/france\/product\/microsoft-office-2016-professional-plus-licence-pour-3-pc\/","og_locale":"fr_FR","og_type":"article","og_title":"Microsoft Office 2016 Professional Plus licence pour 3 PC - France","og_description":"Microsoft Office 2016 Professional Plus  Cette licence permet d'activer le logiciel sur 3 appareils diff\u00e9rents, par exemple un ordinateur personnel, un ordinateur portable et un ordinateur professionnel.  Versions pour les syst\u00e8mes 32 et 64 bits disponibles  Envoi par e-mail : cl\u00e9 de produit, instructions, liens de t\u00e9l\u00e9chargement, facture  T\u00e9l\u00e9chargement instantan\u00e9 !  Aucune limite de dur\u00e9e, aucun abonnement  Assistance gratuite 24h\/24 et 7j\/7 en cas de probl\u00e8mes d'installation et d'activation  Pas de livraison sur le stockage de donn\u00e9es (USB, CD, etc.)  Activation en ligne et par t\u00e9l\u00e9phone  Pour Microsoft Windows   Ce produit est compatible avec Microsoft Windows.  NON compatible avec Apple macOS&trade;, les processeurs Apple, Parallels pour Mac, les appareils Android et les Chromebooks.","og_url":"https:\/\/winandofficews.com\/france\/product\/microsoft-office-2016-professional-plus-licence-pour-3-pc\/","og_site_name":"France","article_modified_time":"2026-04-14T02:59:36+00:00","twitter_card":"summary_large_image","twitter_misc":{"Dur\u00e9e de lecture estim\u00e9e":"4 minutes"},"schema":{"@context":"https:\/\/schema.org","@graph":[{"@type":"WebPage","@id":"https:\/\/winandofficews.com\/france\/product\/microsoft-office-2016-professional-plus-licence-pour-3-pc\/","url":"https:\/\/winandofficews.com\/france\/product\/microsoft-office-2016-professional-plus-licence-pour-3-pc\/","name":"Microsoft Office 2016 Professional Plus licence pour 3 PC - France","isPartOf":{"@id":"https:\/\/winandofficews.com\/france\/#website"},"primaryImageOfPage":{"@id":"https:\/\/winandofficews.com\/france\/product\/microsoft-office-2016-professional-plus-licence-pour-3-pc\/#primaryimage"},"image":{"@id":"https:\/\/winandofficews.com\/france\/product\/microsoft-office-2016-professional-plus-licence-pour-3-pc\/#primaryimage"},"thumbnailUrl":"https:\/\/winandofficews.com\/france\/wp-content\/uploads\/O16P.png","datePublished":"2025-06-19T11:32:54+00:00","dateModified":"2026-04-14T02:59:36+00:00","breadcrumb":{"@id":"https:\/\/winandofficews.com\/france\/product\/microsoft-office-2016-professional-plus-licence-pour-3-pc\/#breadcrumb"},"inLanguage":"fr-FR","potentialAction":[{"@type":"ReadAction","target":["https:\/\/winandofficews.com\/france\/product\/microsoft-office-2016-professional-plus-licence-pour-3-pc\/"]}]},{"@type":"ImageObject","inLanguage":"fr-FR","@id":"https:\/\/winandofficews.com\/france\/product\/microsoft-office-2016-professional-plus-licence-pour-3-pc\/#primaryimage","url":"https:\/\/winandofficews.com\/france\/wp-content\/uploads\/O16P.png","contentUrl":"https:\/\/winandofficews.com\/france\/wp-content\/uploads\/O16P.png"},{"@type":"BreadcrumbList","@id":"https:\/\/winandofficews.com\/france\/product\/microsoft-office-2016-professional-plus-licence-pour-3-pc\/#breadcrumb","itemListElement":[{"@type":"ListItem","position":1,"name":"Home","item":"https:\/\/winandofficews.com\/france\/"},{"@type":"ListItem","position":2,"name":"Boutique","item":"https:\/\/winandofficews.com\/france\/shop\/"},{"@type":"ListItem","position":3,"name":"Microsoft Office 2016 Professional Plus licence pour 3 PC"}]},{"@type":"WebSite","@id":"https:\/\/winandofficews.com\/france\/#website","url":"https:\/\/winandofficews.com\/france\/","name":"France","description":"Wholesales Store of Office","publisher":{"@id":"https:\/\/winandofficews.com\/france\/#organization"},"potentialAction":[{"@type":"SearchAction","target":{"@type":"EntryPoint","urlTemplate":"https:\/\/winandofficews.com\/france\/?s={search_term_string}"},"query-input":{"@type":"PropertyValueSpecification","valueRequired":true,"valueName":"search_term_string"}}],"inLanguage":"fr-FR"},{"@type":"Organization","@id":"https:\/\/winandofficews.com\/france\/#organization","name":"France","url":"https:\/\/winandofficews.com\/france\/","logo":{"@type":"ImageObject","inLanguage":"fr-FR","@id":"https:\/\/winandofficews.com\/france\/#\/schema\/logo\/image\/","url":"https:\/\/winandofficews.com\/france\/wp-content\/uploads\/sites\/13\/logo14.png","contentUrl":"https:\/\/winandofficews.com\/france\/wp-content\/uploads\/sites\/13\/logo14.png","width":322,"height":116,"caption":"France"},"image":{"@id":"https:\/\/winandofficews.com\/france\/#\/schema\/logo\/image\/"}}]}},"_links":{"self":[{"href":"https:\/\/winandofficews.com\/france\/wp-json\/wp\/v2\/product\/87581","targetHints":{"allow":["GET"]}}],"collection":[{"href":"https:\/\/winandofficews.com\/france\/wp-json\/wp\/v2\/product"}],"about":[{"href":"https:\/\/winandofficews.com\/france\/wp-json\/wp\/v2\/types\/product"}],"replies":[{"embeddable":true,"href":"https:\/\/winandofficews.com\/france\/wp-json\/wp\/v2\/comments?post=87581"}],"wp:featuredmedia":[{"embeddable":true,"href":"https:\/\/winandofficews.com\/france\/wp-json\/"}],"wp:attachment":[{"href":"https:\/\/winandofficews.com\/france\/wp-json\/wp\/v2\/media?parent=87581"}],"wp:term":[{"taxonomy":"product_brand","embeddable":true,"href":"https:\/\/winandofficews.com\/france\/wp-json\/wp\/v2\/product_brand?post=87581"},{"taxonomy":"product_cat","embeddable":true,"href":"https:\/\/winandofficews.com\/france\/wp-json\/wp\/v2\/product_cat?post=87581"},{"taxonomy":"product_tag","embeddable":true,"href":"https:\/\/winandofficews.com\/france\/wp-json\/wp\/v2\/product_tag?post=87581"}],"curies":[{"name":"wp","href":"https:\/\/api.w.org\/{rel}","templated":true}]}}