{"id":87574,"date":"2025-06-19T13:32:53","date_gmt":"2025-06-19T11:32:53","guid":{"rendered":"https:\/\/winandofficews.com\/france\/?post_type=product&#038;p=87574"},"modified":"2026-04-14T04:08:53","modified_gmt":"2026-04-14T02:08:53","slug":"microsoft-windows-10-professional-licence-pour-3-pc","status":"publish","type":"product","link":"https:\/\/winandofficews.com\/france\/product\/microsoft-windows-10-professional-licence-pour-3-pc\/","title":{"rendered":"Microsoft Windows 10 Professional licence pour 3 PC"},"content":{"rendered":"<h3>Microsoft  Microsoft Windows 10 Professional<\/h3>\n<p><strong>Cette licence permet d&#8217;activer le logiciel sur 3 appareils diff\u00e9rents, par exemple un ordinateur personnel, un ordinateur portable et un ordinateur professionnel.<\/strong><\/p>\n<ul>\n<li><strong>Microsoft Windows 10 Professional <\/strong> : le syst\u00e8me d&#8217;exploitation le plus s\u00fbr et le plus fiable avec votre assistant personnel Cortana<\/li>\n<\/ul>\n<p><strong>Microsoft Windows 10 Professional<\/strong><\/p>\n<p>Avec Microsoft Windows 10 Professionnel, vous obtenez un syst\u00e8me d&#8217;exploitation fiable sur votre appareil. Vous b\u00e9n\u00e9ficiez d&#8217;un d\u00e9marrage plus rapide du syst\u00e8me d&#8217;exploitation, d&#8217;un menu de d\u00e9marrage familier mais am\u00e9lior\u00e9 et de nouvelles fa\u00e7ons de faire les choses rapidement. Vous b\u00e9n\u00e9ficierez \u00e9galement de nouvelles fonctionnalit\u00e9s comme un nouveau navigateur pour vous aider \u00e0 naviguer sur le Web et votre assistant num\u00e9rique personnel Cortana. Cortana est votre assistant num\u00e9rique personnel qui vous suit sur tous vos appareils Microsoft Windows 10 et vous aide dans vos t\u00e2ches quotidiennes. Cortana en apprend plus sur vous au fil du temps et peut vous aider \u00e0 mieux chaque jour. Microsoft Windows 10 Professionnel vous aide de mani\u00e8re optimale dans tout ce que vous faites.<\/p>\n<p><strong>Assistance et assistance :<\/strong><\/p>\n<p>Pour toute question, n\u2019h\u00e9sitez pas \u00e0 nous contacter <a href=\"mailto:france@winandofficews.com\" target=\"_blank\" rel=\"noopener\">par e-mail<\/a>.<br \/>\nNotre service client et support est disponible 7 jours sur 7 et 24 heures sur 24.<\/p>\n","protected":false},"excerpt":{"rendered":"<ul>\n<li><strong>Microsoft Windows 10 Professional licence pour 3 PC<\/strong><\/li>\n<li><strong>Cette licence permet d&#8217;activer le logiciel sur 3 appareils diff\u00e9rents<\/strong>, par exemple un ordinateur personnel, un ordinateur portable et un ordinateur professionnel.<\/li>\n<li>Versions pour les syst\u00e8mes 32 et 64 bits disponibles<\/li>\n<li>Envoi par e-mail : cl\u00e9 de produit, instructions, liens de t\u00e9l\u00e9chargement, facture<\/li>\n<li>T\u00e9l\u00e9chargement instantan\u00e9 !<\/li>\n<li>Aucune limite de dur\u00e9e, aucun abonnement<\/li>\n<li>Assistance gratuite 24h\/24 et 7j\/7 en cas de probl\u00e8mes d&#8217;installation et d&#8217;activation<\/li>\n<li>Pas de livraison sur le stockage de donn\u00e9es (USB, CD, etc.)<\/li>\n<li>Activation en ligne et par t\u00e9l\u00e9phone<\/li>\n<li>Pour Microsoft Windows<\/li>\n<li><strong> Ce produit est compatible avec Microsoft Windows.<\/strong><\/li>\n<li><strong>NON compatible avec Apple macOS&trade;, les processeurs Apple, Parallels pour Mac, les appareils Android et les Chromebooks.<\/strong><\/li>\n<\/ul>\n","protected":false},"featured_media":1000008011,"comment_status":"closed","ping_status":"closed","template":"","meta":{"_acf_changed":false},"product_brand":[],"product_cat":[155],"product_tag":[308,309,310],"class_list":{"0":"post-87574","1":"product","2":"type-product","3":"status-publish","4":"has-post-thumbnail","6":"product_cat-microsoft-office","7":"product_tag-microsoft-windows-10","8":"product_tag-microsoft-windows-10-professional","9":"product_tag-microsoft-windows-10-professional-licence-pour-3-pc","11":"first","12":"instock","13":"sale","14":"virtual","15":"taxable","16":"purchasable","17":"product-type-simple"},"acf":[],"yoast_head":"<!-- This site is optimized with the Yoast SEO plugin v27.4 - https:\/\/yoast.com\/product\/yoast-seo-wordpress\/ -->\n<title>Microsoft Windows 10 Professional licence pour 3 PC - France<\/title>\n<meta name=\"robots\" content=\"index, follow, max-snippet:-1, max-image-preview:large, max-video-preview:-1\" \/>\n<link rel=\"canonical\" href=\"https:\/\/winandofficews.com\/france\/product\/microsoft-windows-10-professional-licence-pour-3-pc\/\" \/>\n<meta property=\"og:locale\" content=\"fr_FR\" \/>\n<meta property=\"og:type\" content=\"article\" \/>\n<meta property=\"og:title\" content=\"Microsoft Windows 10 Professional licence pour 3 PC - France\" \/>\n<meta property=\"og:description\" content=\"Microsoft Windows 10 Professional licence pour 3 PC  Cette licence permet d&#039;activer le logiciel sur 3 appareils diff\u00e9rents, par exemple un ordinateur personnel, un ordinateur portable et un ordinateur professionnel.  Versions pour les syst\u00e8mes 32 et 64 bits disponibles  Envoi par e-mail : cl\u00e9 de produit, instructions, liens de t\u00e9l\u00e9chargement, facture  T\u00e9l\u00e9chargement instantan\u00e9 !  Aucune limite de dur\u00e9e, aucun abonnement  Assistance gratuite 24h\/24 et 7j\/7 en cas de probl\u00e8mes d&#039;installation et d&#039;activation  Pas de livraison sur le stockage de donn\u00e9es (USB, CD, etc.)  Activation en ligne et par t\u00e9l\u00e9phone  Pour Microsoft Windows   Ce produit est compatible avec Microsoft Windows.  NON compatible avec Apple macOS&trade;, les processeurs Apple, Parallels pour Mac, les appareils Android et les Chromebooks.\" \/>\n<meta property=\"og:url\" content=\"https:\/\/winandofficews.com\/france\/product\/microsoft-windows-10-professional-licence-pour-3-pc\/\" \/>\n<meta property=\"og:site_name\" content=\"France\" \/>\n<meta property=\"article:modified_time\" content=\"2026-04-14T02:08:53+00:00\" \/>\n<meta name=\"twitter:card\" content=\"summary_large_image\" \/>\n<meta name=\"twitter:label1\" content=\"Dur\u00e9e de lecture estim\u00e9e\" \/>\n\t<meta name=\"twitter:data1\" content=\"2 minutes\" \/>\n<script type=\"application\/ld+json\" class=\"yoast-schema-graph\">{\"@context\":\"https:\\\/\\\/schema.org\",\"@graph\":[{\"@type\":\"WebPage\",\"@id\":\"https:\\\/\\\/winandofficews.com\\\/france\\\/product\\\/microsoft-windows-10-professional-licence-pour-3-pc\\\/\",\"url\":\"https:\\\/\\\/winandofficews.com\\\/france\\\/product\\\/microsoft-windows-10-professional-licence-pour-3-pc\\\/\",\"name\":\"Microsoft Windows 10 Professional licence pour 3 PC - France\",\"isPartOf\":{\"@id\":\"https:\\\/\\\/winandofficews.com\\\/france\\\/#website\"},\"primaryImageOfPage\":{\"@id\":\"https:\\\/\\\/winandofficews.com\\\/france\\\/product\\\/microsoft-windows-10-professional-licence-pour-3-pc\\\/#primaryimage\"},\"image\":{\"@id\":\"https:\\\/\\\/winandofficews.com\\\/france\\\/product\\\/microsoft-windows-10-professional-licence-pour-3-pc\\\/#primaryimage\"},\"thumbnailUrl\":\"https:\\\/\\\/winandofficews.com\\\/france\\\/wp-content\\\/uploads\\\/w10p.jpg\",\"datePublished\":\"2025-06-19T11:32:53+00:00\",\"dateModified\":\"2026-04-14T02:08:53+00:00\",\"breadcrumb\":{\"@id\":\"https:\\\/\\\/winandofficews.com\\\/france\\\/product\\\/microsoft-windows-10-professional-licence-pour-3-pc\\\/#breadcrumb\"},\"inLanguage\":\"fr-FR\",\"potentialAction\":[{\"@type\":\"ReadAction\",\"target\":[\"https:\\\/\\\/winandofficews.com\\\/france\\\/product\\\/microsoft-windows-10-professional-licence-pour-3-pc\\\/\"]}]},{\"@type\":\"ImageObject\",\"inLanguage\":\"fr-FR\",\"@id\":\"https:\\\/\\\/winandofficews.com\\\/france\\\/product\\\/microsoft-windows-10-professional-licence-pour-3-pc\\\/#primaryimage\",\"url\":\"https:\\\/\\\/winandofficews.com\\\/france\\\/wp-content\\\/uploads\\\/w10p.jpg\",\"contentUrl\":\"https:\\\/\\\/winandofficews.com\\\/france\\\/wp-content\\\/uploads\\\/w10p.jpg\"},{\"@type\":\"BreadcrumbList\",\"@id\":\"https:\\\/\\\/winandofficews.com\\\/france\\\/product\\\/microsoft-windows-10-professional-licence-pour-3-pc\\\/#breadcrumb\",\"itemListElement\":[{\"@type\":\"ListItem\",\"position\":1,\"name\":\"Home\",\"item\":\"https:\\\/\\\/winandofficews.com\\\/france\\\/\"},{\"@type\":\"ListItem\",\"position\":2,\"name\":\"Boutique\",\"item\":\"https:\\\/\\\/winandofficews.com\\\/france\\\/shop\\\/\"},{\"@type\":\"ListItem\",\"position\":3,\"name\":\"Microsoft Windows 10 Professional licence pour 3 PC\"}]},{\"@type\":\"WebSite\",\"@id\":\"https:\\\/\\\/winandofficews.com\\\/france\\\/#website\",\"url\":\"https:\\\/\\\/winandofficews.com\\\/france\\\/\",\"name\":\"France\",\"description\":\"Wholesales Store of Office\",\"publisher\":{\"@id\":\"https:\\\/\\\/winandofficews.com\\\/france\\\/#organization\"},\"potentialAction\":[{\"@type\":\"SearchAction\",\"target\":{\"@type\":\"EntryPoint\",\"urlTemplate\":\"https:\\\/\\\/winandofficews.com\\\/france\\\/?s={search_term_string}\"},\"query-input\":{\"@type\":\"PropertyValueSpecification\",\"valueRequired\":true,\"valueName\":\"search_term_string\"}}],\"inLanguage\":\"fr-FR\"},{\"@type\":\"Organization\",\"@id\":\"https:\\\/\\\/winandofficews.com\\\/france\\\/#organization\",\"name\":\"France\",\"url\":\"https:\\\/\\\/winandofficews.com\\\/france\\\/\",\"logo\":{\"@type\":\"ImageObject\",\"inLanguage\":\"fr-FR\",\"@id\":\"https:\\\/\\\/winandofficews.com\\\/france\\\/#\\\/schema\\\/logo\\\/image\\\/\",\"url\":\"https:\\\/\\\/winandofficews.com\\\/france\\\/wp-content\\\/uploads\\\/sites\\\/13\\\/logo14.png\",\"contentUrl\":\"https:\\\/\\\/winandofficews.com\\\/france\\\/wp-content\\\/uploads\\\/sites\\\/13\\\/logo14.png\",\"width\":322,\"height\":116,\"caption\":\"France\"},\"image\":{\"@id\":\"https:\\\/\\\/winandofficews.com\\\/france\\\/#\\\/schema\\\/logo\\\/image\\\/\"}}]}<\/script>\n<!-- \/ Yoast SEO plugin. -->","yoast_head_json":{"title":"Microsoft Windows 10 Professional licence pour 3 PC - France","robots":{"index":"index","follow":"follow","max-snippet":"max-snippet:-1","max-image-preview":"max-image-preview:large","max-video-preview":"max-video-preview:-1"},"canonical":"https:\/\/winandofficews.com\/france\/product\/microsoft-windows-10-professional-licence-pour-3-pc\/","og_locale":"fr_FR","og_type":"article","og_title":"Microsoft Windows 10 Professional licence pour 3 PC - France","og_description":"Microsoft Windows 10 Professional licence pour 3 PC  Cette licence permet d'activer le logiciel sur 3 appareils diff\u00e9rents, par exemple un ordinateur personnel, un ordinateur portable et un ordinateur professionnel.  Versions pour les syst\u00e8mes 32 et 64 bits disponibles  Envoi par e-mail : cl\u00e9 de produit, instructions, liens de t\u00e9l\u00e9chargement, facture  T\u00e9l\u00e9chargement instantan\u00e9 !  Aucune limite de dur\u00e9e, aucun abonnement  Assistance gratuite 24h\/24 et 7j\/7 en cas de probl\u00e8mes d'installation et d'activation  Pas de livraison sur le stockage de donn\u00e9es (USB, CD, etc.)  Activation en ligne et par t\u00e9l\u00e9phone  Pour Microsoft Windows   Ce produit est compatible avec Microsoft Windows.  NON compatible avec Apple macOS&trade;, les processeurs Apple, Parallels pour Mac, les appareils Android et les Chromebooks.","og_url":"https:\/\/winandofficews.com\/france\/product\/microsoft-windows-10-professional-licence-pour-3-pc\/","og_site_name":"France","article_modified_time":"2026-04-14T02:08:53+00:00","twitter_card":"summary_large_image","twitter_misc":{"Dur\u00e9e de lecture estim\u00e9e":"2 minutes"},"schema":{"@context":"https:\/\/schema.org","@graph":[{"@type":"WebPage","@id":"https:\/\/winandofficews.com\/france\/product\/microsoft-windows-10-professional-licence-pour-3-pc\/","url":"https:\/\/winandofficews.com\/france\/product\/microsoft-windows-10-professional-licence-pour-3-pc\/","name":"Microsoft Windows 10 Professional licence pour 3 PC - France","isPartOf":{"@id":"https:\/\/winandofficews.com\/france\/#website"},"primaryImageOfPage":{"@id":"https:\/\/winandofficews.com\/france\/product\/microsoft-windows-10-professional-licence-pour-3-pc\/#primaryimage"},"image":{"@id":"https:\/\/winandofficews.com\/france\/product\/microsoft-windows-10-professional-licence-pour-3-pc\/#primaryimage"},"thumbnailUrl":"https:\/\/winandofficews.com\/france\/wp-content\/uploads\/w10p.jpg","datePublished":"2025-06-19T11:32:53+00:00","dateModified":"2026-04-14T02:08:53+00:00","breadcrumb":{"@id":"https:\/\/winandofficews.com\/france\/product\/microsoft-windows-10-professional-licence-pour-3-pc\/#breadcrumb"},"inLanguage":"fr-FR","potentialAction":[{"@type":"ReadAction","target":["https:\/\/winandofficews.com\/france\/product\/microsoft-windows-10-professional-licence-pour-3-pc\/"]}]},{"@type":"ImageObject","inLanguage":"fr-FR","@id":"https:\/\/winandofficews.com\/france\/product\/microsoft-windows-10-professional-licence-pour-3-pc\/#primaryimage","url":"https:\/\/winandofficews.com\/france\/wp-content\/uploads\/w10p.jpg","contentUrl":"https:\/\/winandofficews.com\/france\/wp-content\/uploads\/w10p.jpg"},{"@type":"BreadcrumbList","@id":"https:\/\/winandofficews.com\/france\/product\/microsoft-windows-10-professional-licence-pour-3-pc\/#breadcrumb","itemListElement":[{"@type":"ListItem","position":1,"name":"Home","item":"https:\/\/winandofficews.com\/france\/"},{"@type":"ListItem","position":2,"name":"Boutique","item":"https:\/\/winandofficews.com\/france\/shop\/"},{"@type":"ListItem","position":3,"name":"Microsoft Windows 10 Professional licence pour 3 PC"}]},{"@type":"WebSite","@id":"https:\/\/winandofficews.com\/france\/#website","url":"https:\/\/winandofficews.com\/france\/","name":"France","description":"Wholesales Store of Office","publisher":{"@id":"https:\/\/winandofficews.com\/france\/#organization"},"potentialAction":[{"@type":"SearchAction","target":{"@type":"EntryPoint","urlTemplate":"https:\/\/winandofficews.com\/france\/?s={search_term_string}"},"query-input":{"@type":"PropertyValueSpecification","valueRequired":true,"valueName":"search_term_string"}}],"inLanguage":"fr-FR"},{"@type":"Organization","@id":"https:\/\/winandofficews.com\/france\/#organization","name":"France","url":"https:\/\/winandofficews.com\/france\/","logo":{"@type":"ImageObject","inLanguage":"fr-FR","@id":"https:\/\/winandofficews.com\/france\/#\/schema\/logo\/image\/","url":"https:\/\/winandofficews.com\/france\/wp-content\/uploads\/sites\/13\/logo14.png","contentUrl":"https:\/\/winandofficews.com\/france\/wp-content\/uploads\/sites\/13\/logo14.png","width":322,"height":116,"caption":"France"},"image":{"@id":"https:\/\/winandofficews.com\/france\/#\/schema\/logo\/image\/"}}]}},"_links":{"self":[{"href":"https:\/\/winandofficews.com\/france\/wp-json\/wp\/v2\/product\/87574","targetHints":{"allow":["GET"]}}],"collection":[{"href":"https:\/\/winandofficews.com\/france\/wp-json\/wp\/v2\/product"}],"about":[{"href":"https:\/\/winandofficews.com\/france\/wp-json\/wp\/v2\/types\/product"}],"replies":[{"embeddable":true,"href":"https:\/\/winandofficews.com\/france\/wp-json\/wp\/v2\/comments?post=87574"}],"wp:featuredmedia":[{"embeddable":true,"href":"https:\/\/winandofficews.com\/france\/wp-json\/"}],"wp:attachment":[{"href":"https:\/\/winandofficews.com\/france\/wp-json\/wp\/v2\/media?parent=87574"}],"wp:term":[{"taxonomy":"product_brand","embeddable":true,"href":"https:\/\/winandofficews.com\/france\/wp-json\/wp\/v2\/product_brand?post=87574"},{"taxonomy":"product_cat","embeddable":true,"href":"https:\/\/winandofficews.com\/france\/wp-json\/wp\/v2\/product_cat?post=87574"},{"taxonomy":"product_tag","embeddable":true,"href":"https:\/\/winandofficews.com\/france\/wp-json\/wp\/v2\/product_tag?post=87574"}],"curies":[{"name":"wp","href":"https:\/\/api.w.org\/{rel}","templated":true}]}}