{"id":87573,"date":"2025-06-19T13:32:53","date_gmt":"2025-06-19T11:32:53","guid":{"rendered":"https:\/\/winandofficews.com\/france\/?post_type=product&#038;p=87573"},"modified":"2026-04-14T21:18:21","modified_gmt":"2026-04-14T19:18:21","slug":"microsoft-windows-11-home-microsoft-office-2021-professional","status":"publish","type":"product","link":"https:\/\/winandofficews.com\/france\/product\/microsoft-windows-11-home-microsoft-office-2021-professional\/","title":{"rendered":"Microsoft Windows 11 Home + Microsoft Office 2021 Professional"},"content":{"rendered":"<h3>Microsoft Windows 11 Home<\/h3>\n<p><strong>Configuration requise:<\/strong><\/p>\n<p>Pr\u00e9parez-vous pour le dernier et le meilleur syst\u00e8me d&#8217;exploitation de Microsoft ! Cette \u00e9dition est destin\u00e9e \u00e0 l&#8217;utilisateur domestique et convient \u00e0 un usage quotidien, au travail cr\u00e9atif et aux jeux.<\/p>\n<ul>\n<li><strong>Processeur:<\/strong> 1 gigahertz (GHz) ou plus rapide avec 2 c\u0153urs ou plus dans un processeur ou SoC compatible 64 bits ( Syst\u00e8me sur une puce).<\/li>\n<li><strong>RAM:<\/strong> 4 gigaoctets (Go)<\/li>\n<li><strong>Espace de stockage:<\/strong> 64 Go ou plus Remarque : Voir \u00ab En savoir plus sur l&#8217;espace disque pour maintenir Microsoft Windows 11 \u00e0 jour \u00bb ci-dessous pour plus de d\u00e9tails.<\/li>\n<li><strong>Microprogramme du syst\u00e8me :<\/strong> D\u00e9marrage s\u00e9curis\u00e9 compatible UEFI.<\/li>\n<li><strong>TPM:<\/strong> Module de plateforme s\u00e9curis\u00e9e (TPM) version 2.0<\/li>\n<li><strong>Carte graphique:<\/strong> Compatible avec DirectX 12 ou sup\u00e9rieur avec pilote WDDM 2.0<\/li>\n<li><strong>Affichage:<\/strong> Affichage haute r\u00e9solution (720p) avec une diagonale de plus de 9&Prime;, 8 bits par canal de couleur<\/li>\n<li><strong>Connexion Internet et comptes Microsoft :<\/strong> L\u2019\u00e9dition Microsoft Windows 11 Home n\u00e9cessite une connexion internet et un compte Microsoft. Une connexion Internet est \u00e9galement requise pour sortir Microsoft Windows 11 Home du mode S. En savoir plus le mode S ici. Pour toutes les \u00e9ditions de Microsoft Windows 11, un acc\u00e8s internet est requis pour effectuer les mises \u00e0 jour et pour t\u00e9l\u00e9charger et profiter de certaines fonctionnalit\u00e9s. Un compte Microsoft est requis pour certaines fonctionnalit\u00e9s.<\/li>\n<\/ul>\n<p>Au fil du temps, il peut y avoir des exigences suppl\u00e9mentaires pour les mises \u00e0 jour, ainsi que des exigences pour activer certaines fonctionnalit\u00e9s dans le syst\u00e8me d&#8217;exploitation.<br \/>\n<a href=\"https:\/\/www.microsoft.com\/en-us\/windows\/windows-11\"><strong>Exigences de fonctionnalit\u00e9s sp\u00e9cifiques pour Microsoft Windows 11<\/strong><\/p>\n<p><\/a><br \/>\nCertaines fonctionnalit\u00e9s de Microsoft Windows 11 ont des exigences plus \u00e9lev\u00e9es que celles r\u00e9pertori\u00e9es dans la section des exigences minimales ci-dessus. Voici quelques d\u00e9tails suppl\u00e9mentaires sur les exigences pour les fonctionnalit\u00e9s cl\u00e9s :<\/p>\n<ul>\n<li><strong>La compatibilit\u00e9 5G <\/strong>n\u00e9cessite un modem compatible 5G.<\/li>\n<li><strong>Le HDR automatique <\/strong>n\u00e9cessite un moniteur HDR.<\/li>\n<li><strong>BitLocker \u00e0 emporter <\/strong>n\u00e9cessite une cl\u00e9 USB (disponible dans Microsoft Windows Pro et les \u00e9ditions sup\u00e9rieures).<\/li>\n<li><strong>client Hyper -V <\/strong>n\u00e9cessite un processeur avec des capacit\u00e9s de traduction d&#8217;adresses de second niveau (SLAT) (disponibles dans Microsoft Windows Pro et les \u00e9ditions ult\u00e9rieures).<\/li>\n<li><strong>Cortana <\/strong>n\u00e9cessite un microphone et un haut-parleur et est actuellement disponible sur Microsoft Windows 11 pour l&#8217;Australie, le Br\u00e9sil, le Canada, la Chine, la France, l&#8217;Allemagne, l&#8217;Inde, l&#8217;Italie, le Japon, le Mexique, l&#8217;Espagne, le Royaume-Uni et les \u00c9tats-Unis.<\/li>\n<li><strong>Stockage direct <\/strong>N\u00e9cessite un SSD NVMe pour stocker et ex\u00e9cuter des jeux qui utilisent le pilote &#8220;Standard NVM Express Controller &#8221; et un GPU DirectX12 avec prise en charge de Shader Mod\u00e8le 6.0.<\/li>\n<li><strong>DirectX 12 ultime <\/strong>est disponible avec des jeux et des puces graphiques compatibles.<\/li>\n<li><strong>La pr\u00e9sence <\/strong>n\u00e9cessite un capteur capable de d\u00e9tecter la distance entre l&#8217;humain et l&#8217;appareil ou l&#8217;intention d&#8217;interagir avec l&#8217;appareil.<\/li>\n<li><strong>La visioconf\u00e9rence intelligente <\/strong>n\u00e9cessite une cam\u00e9ra vid\u00e9o, un microphone et des haut-parleurs (sortie audio).<\/li>\n<li><strong>L&#8217;assistant vocal multiple (MVA) <\/strong>n\u00e9cessite un microphone et un haut-parleur.<\/li>\n<li><strong>Snap <\/strong>n\u00e9cessite une largeur d&#8217;\u00e9cran de 1920 pixels effectifs ou plus.<\/li>\n<li><strong>Activer\/d\u00e9sactiver la barre des t\u00e2ches <\/strong>n\u00e9cessite une cam\u00e9ra vid\u00e9o, un microphone et des haut-parleurs (sortie audio). L&#8217;application doit prendre en charge la fonctionnalit\u00e9 permettant de r\u00e9activer le silencieux global.<\/li>\n<li><strong>Spatial du son <\/strong>n\u00e9cessite du mat\u00e9riel et des logiciels de support.<\/li>\n<li><strong>Equipes <\/strong>n\u00e9cessite une cam\u00e9ra vid\u00e9o, un microphone et des haut-parleurs (sortie audio).<\/li>\n<li><strong>Toucher <\/strong>n\u00e9cessite un \u00e9cran ou un moniteur prenant en charge le multi-touch .<\/li>\n<li><strong>L&#8217;authentification \u00e0 deux facteurs <\/strong>n\u00e9cessite l&#8217;utilisation d&#8217;un code PIN, de la biom\u00e9trie (lecteur d&#8217;empreintes digitales ou cam\u00e9ra infrarouge \u00e9clair\u00e9e) ou d&#8217;un t\u00e9l\u00e9phone dot\u00e9 de capacit\u00e9s Wi -Fi ou Bluetooth.<\/li>\n<li><strong>Voix dactylographie <\/strong>n\u00e9cessite un PC avec un microphone.<\/li>\n<li><strong>R\u00e9veillez &#8211; vous Voix <\/strong>n\u00e9cessite un mod\u00e8le d&#8217;alimentation de secours moderne et un microphone.<\/li>\n<li><strong>Wi -Fi 6E n\u00e9cessite un nouveau <\/strong>mat\u00e9riel et de nouveaux pilotes Wi- Fi IHV, ainsi qu&#8217;un point d&#8217;acc\u00e8s\/routeur compatible Wi -Fi 6E .<\/li>\n<li><strong>Microsoft WindowsHello _ <\/strong>n\u00e9cessite une cam\u00e9ra configur\u00e9e pour le proche infrarouge (IR) ou un lecteur d&#8217;empreintes digitales pour l&#8217;authentification biom\u00e9trique. Les appareils sans capteurs biom\u00e9triques peuvent utiliser Microsoft Windows Hello avec une cl\u00e9 de s\u00e9curit\u00e9 portable ou un code PIN compatible Microsoft.<\/li>\n<li><strong>Microsoft Projection des fen\u00eatres <\/strong>n\u00e9cessite une carte graphique prenant en charge le mod\u00e8le de pilote d&#8217; affichage Microsoft Windows (WDDM) 2.0 et une carte Wi-Fi prenant en charge Wi &#8211; Fi Direct .<\/li>\n<li><strong>Xbox (application) <\/strong>n\u00e9cessite un compte Xbox Live, non disponible dans toutes les r\u00e9gions. V\u00e9rifiez les pays et r\u00e9gions Xbox Live pour obtenir les informations les plus r\u00e9centes sur la disponibilit\u00e9. Certaines fonctionnalit\u00e9s de l&#8217;application Xbox n\u00e9cessitent un abonnement Xbox Game Pass actif. En savoir plus sur le laissez-passer.<\/li>\n<\/ul>\n<h3>Microsoft Office 2021 Professionnel<\/h3>\n<p>Microsoft Office 2021 Professional Plus Edition est id\u00e9al pour les utilisateurs qui utilisent la gamme compl\u00e8te d&#8217;applications \u00e0 la maison ou au bureau. Inclut la gamme compl\u00e8te d&#8217;applications Microsoft Office : Word, Excel, Outlook, PowerPoint, Publisher et Access. T\u00e9l\u00e9chargeable depuis le Microsoft Windows Store, OneNote vous permet de cr\u00e9er rapidement des notes et de les rendre disponibles sur tous vos appareils via le cloud. B\u00e9n\u00e9ficiez de performances, d&#8217;une stabilit\u00e9 et d&#8217;une vitesse am\u00e9lior\u00e9es dans Word, Excel, PowerPoint et Outlook. Vous b\u00e9n\u00e9ficiez de nouveaux outils de recherche am\u00e9lior\u00e9s, d&#8217;outils d&#8217;encrage, de types de donn\u00e9es, de fonctionnalit\u00e9s, d&#8217;outils de traduction et d&#8217;\u00e9dition, de graphiques anim\u00e9s, de fonctionnalit\u00e9s faciles \u00e0 utiliser et bien plus encore dans l&#8217;ensemble de la suite Microsoft Office 2021.<\/p>\n<ul>\n<li><strong>Word:<\/strong> Cr\u00e9ez des documents texte de qualit\u00e9 professionnelle rapidement.<\/li>\n<li><strong>Excel:<\/strong> Feuilles de calcul intelligentes, maintenant avec de nouvelles fonctionnalit\u00e9s comme XLOOKUP<\/li>\n<li><strong>PowerPoint:<\/strong> Fonctionnalit\u00e9s nouvelles et am\u00e9lior\u00e9es pour cr\u00e9er des pr\u00e9sentations dynamiques impressionnantes.<\/li>\n<li><strong>OneNote:<\/strong> Votre bloc-notes num\u00e9rique dans le cloud.<\/li>\n<li><strong>Outlook:<\/strong> Communication simplifi\u00e9e ; inclut d\u00e9sormais de puissantes fonctionnalit\u00e9s de traduction.<\/li>\n<li><strong>Publisher:<\/strong> Cr\u00e9ation de maquettes pour publications professionnelles<\/li>\n<li><strong>Access:<\/strong> Cr\u00e9ation de base de donn\u00e9es simple et puissante<\/li>\n<li><strong>Microsoft Teams:<\/strong> Soyez plus productif avec la messagerie instantan\u00e9e HD et la visioconf\u00e9rence (disponible s\u00e9par\u00e9ment pour t\u00e9l\u00e9charger)<\/li>\n<\/ul>\n<p>REMARQUE : Microsoft ne regroupe plus de licence Teams avec les produits Office en raison d&#8217;une <a href=\"https:\/\/blogs.microsoft.com\/eupolicy\/2023\/08\/31\/european-competition-teams-office-microsoft-365\/\" target=\"_blank\" rel=\"noopener\">enqu\u00eate de la Commission Europ\u00e9enne<\/a>. Vous pouvez <a href=\"https:\/\/www.microsoft.com\/en-us\/microsoft-teams\/download-app\" target=\"_blank\" rel=\"noopener\">t\u00e9l\u00e9charger Teams<\/a> pour l&#8217;utiliser avec une licence gratuite ou payante ( achat s\u00e9par\u00e9) en fonction de vos besoins.<\/p>\n<p><strong>N\u00c9CESSITE WINDOWS 10 OU 11 !<\/strong><\/p>\n<p><strong>Assistance et assistance :<\/strong><\/p>\n<p>Pour toute question, n\u2019h\u00e9sitez pas \u00e0 nous contacter <a href=\"mailto:france@winandofficews.com\" target=\"_blank\" rel=\"noopener\">par e-mail<\/a>.  <\/p>\n<p>Notre service client et support est disponible 7 jours sur 7 et 24 heures sur 24.<\/p>\n","protected":false},"excerpt":{"rendered":"<ul>\n<li><strong>Microsoft Windows 11 Home + Microsoft Office 2021 Professional<\/strong><\/li>\n<li><strong>Cette licence permet d&#8217;activer le logiciel sur 3 appareils diff\u00e9rents<\/strong>, par exemple un ordinateur personnel, un ordinateur portable et un ordinateur professionnel.<\/li>\n<li>Versions pour les syst\u00e8mes 32 et 64 bits disponibles<\/li>\n<li>Envoi par e-mail : cl\u00e9 de produit, instructions, liens de t\u00e9l\u00e9chargement, facture<\/li>\n<li>T\u00e9l\u00e9chargement instantan\u00e9 !<\/li>\n<li>Aucune limite de dur\u00e9e, aucun abonnement<\/li>\n<li>Assistance gratuite 24h\/24 et 7j\/7 en cas de probl\u00e8mes d&#8217;installation et d&#8217;activation<\/li>\n<li>Pas de livraison sur le stockage de donn\u00e9es (USB, CD, etc.)<\/li>\n<li>Activation en ligne et par t\u00e9l\u00e9phone<\/li>\n<li>Pour Microsoft Windows<\/li>\n<li><strong> Ce produit est compatible avec Microsoft Windows.<\/strong><\/li>\n<li><strong>NON compatible avec Apple macOS&trade;, les processeurs Apple, Parallels pour Mac, les appareils Android et les Chromebooks.<\/strong><\/li>\n<\/ul>\n","protected":false},"featured_media":1000007992,"comment_status":"closed","ping_status":"closed","template":"","meta":{"_acf_changed":false},"product_brand":[],"product_cat":[157],"product_tag":[306,307,305],"class_list":{"0":"post-87573","1":"product","2":"type-product","3":"status-publish","4":"has-post-thumbnail","6":"product_cat-combo","7":"product_tag-microsoft-windows-11-home","8":"product_tag-microsoft-windows-11-home-office-2021-professional","9":"product_tag-office-2021-professional","11":"first","12":"instock","13":"sale","14":"virtual","15":"taxable","16":"purchasable","17":"product-type-simple"},"acf":[],"yoast_head":"<!-- This site is optimized with the Yoast SEO plugin v27.4 - https:\/\/yoast.com\/product\/yoast-seo-wordpress\/ -->\n<title>Microsoft Windows 11 Home + Microsoft Office 2021 Professional - France<\/title>\n<meta name=\"robots\" content=\"index, follow, max-snippet:-1, max-image-preview:large, max-video-preview:-1\" \/>\n<link rel=\"canonical\" href=\"https:\/\/winandofficews.com\/france\/product\/microsoft-windows-11-home-microsoft-office-2021-professional\/\" \/>\n<meta property=\"og:locale\" content=\"fr_FR\" \/>\n<meta property=\"og:type\" content=\"article\" \/>\n<meta property=\"og:title\" content=\"Microsoft Windows 11 Home + Microsoft Office 2021 Professional - France\" \/>\n<meta property=\"og:description\" content=\"Microsoft Windows 11 Home + Microsoft Office 2021 Professional  Cette licence permet d&#039;activer le logiciel sur 3 appareils diff\u00e9rents, par exemple un ordinateur personnel, un ordinateur portable et un ordinateur professionnel.  Versions pour les syst\u00e8mes 32 et 64 bits disponibles  Envoi par e-mail : cl\u00e9 de produit, instructions, liens de t\u00e9l\u00e9chargement, facture  T\u00e9l\u00e9chargement instantan\u00e9 !  Aucune limite de dur\u00e9e, aucun abonnement  Assistance gratuite 24h\/24 et 7j\/7 en cas de probl\u00e8mes d&#039;installation et d&#039;activation  Pas de livraison sur le stockage de donn\u00e9es (USB, CD, etc.)  Activation en ligne et par t\u00e9l\u00e9phone  Pour Microsoft Windows   Ce produit est compatible avec Microsoft Windows.  NON compatible avec Apple macOS&trade;, les processeurs Apple, Parallels pour Mac, les appareils Android et les Chromebooks.\" \/>\n<meta property=\"og:url\" content=\"https:\/\/winandofficews.com\/france\/product\/microsoft-windows-11-home-microsoft-office-2021-professional\/\" \/>\n<meta property=\"og:site_name\" content=\"France\" \/>\n<meta property=\"article:modified_time\" content=\"2026-04-14T19:18:21+00:00\" \/>\n<meta name=\"twitter:card\" content=\"summary_large_image\" \/>\n<meta name=\"twitter:label1\" content=\"Dur\u00e9e de lecture estim\u00e9e\" \/>\n\t<meta name=\"twitter:data1\" content=\"6 minutes\" \/>\n<script type=\"application\/ld+json\" class=\"yoast-schema-graph\">{\"@context\":\"https:\\\/\\\/schema.org\",\"@graph\":[{\"@type\":\"WebPage\",\"@id\":\"https:\\\/\\\/winandofficews.com\\\/france\\\/product\\\/microsoft-windows-11-home-microsoft-office-2021-professional\\\/\",\"url\":\"https:\\\/\\\/winandofficews.com\\\/france\\\/product\\\/microsoft-windows-11-home-microsoft-office-2021-professional\\\/\",\"name\":\"Microsoft Windows 11 Home + Microsoft Office 2021 Professional - France\",\"isPartOf\":{\"@id\":\"https:\\\/\\\/winandofficews.com\\\/france\\\/#website\"},\"primaryImageOfPage\":{\"@id\":\"https:\\\/\\\/winandofficews.com\\\/france\\\/product\\\/microsoft-windows-11-home-microsoft-office-2021-professional\\\/#primaryimage\"},\"image\":{\"@id\":\"https:\\\/\\\/winandofficews.com\\\/france\\\/product\\\/microsoft-windows-11-home-microsoft-office-2021-professional\\\/#primaryimage\"},\"thumbnailUrl\":\"https:\\\/\\\/winandofficews.com\\\/france\\\/wp-content\\\/uploads\\\/W11HO21P.png\",\"datePublished\":\"2025-06-19T11:32:53+00:00\",\"dateModified\":\"2026-04-14T19:18:21+00:00\",\"breadcrumb\":{\"@id\":\"https:\\\/\\\/winandofficews.com\\\/france\\\/product\\\/microsoft-windows-11-home-microsoft-office-2021-professional\\\/#breadcrumb\"},\"inLanguage\":\"fr-FR\",\"potentialAction\":[{\"@type\":\"ReadAction\",\"target\":[\"https:\\\/\\\/winandofficews.com\\\/france\\\/product\\\/microsoft-windows-11-home-microsoft-office-2021-professional\\\/\"]}]},{\"@type\":\"ImageObject\",\"inLanguage\":\"fr-FR\",\"@id\":\"https:\\\/\\\/winandofficews.com\\\/france\\\/product\\\/microsoft-windows-11-home-microsoft-office-2021-professional\\\/#primaryimage\",\"url\":\"https:\\\/\\\/winandofficews.com\\\/france\\\/wp-content\\\/uploads\\\/W11HO21P.png\",\"contentUrl\":\"https:\\\/\\\/winandofficews.com\\\/france\\\/wp-content\\\/uploads\\\/W11HO21P.png\"},{\"@type\":\"BreadcrumbList\",\"@id\":\"https:\\\/\\\/winandofficews.com\\\/france\\\/product\\\/microsoft-windows-11-home-microsoft-office-2021-professional\\\/#breadcrumb\",\"itemListElement\":[{\"@type\":\"ListItem\",\"position\":1,\"name\":\"Home\",\"item\":\"https:\\\/\\\/winandofficews.com\\\/france\\\/\"},{\"@type\":\"ListItem\",\"position\":2,\"name\":\"Boutique\",\"item\":\"https:\\\/\\\/winandofficews.com\\\/france\\\/shop\\\/\"},{\"@type\":\"ListItem\",\"position\":3,\"name\":\"Microsoft Windows 11 Home + Microsoft Office 2021 Professional\"}]},{\"@type\":\"WebSite\",\"@id\":\"https:\\\/\\\/winandofficews.com\\\/france\\\/#website\",\"url\":\"https:\\\/\\\/winandofficews.com\\\/france\\\/\",\"name\":\"France\",\"description\":\"Wholesales Store of Office\",\"publisher\":{\"@id\":\"https:\\\/\\\/winandofficews.com\\\/france\\\/#organization\"},\"potentialAction\":[{\"@type\":\"SearchAction\",\"target\":{\"@type\":\"EntryPoint\",\"urlTemplate\":\"https:\\\/\\\/winandofficews.com\\\/france\\\/?s={search_term_string}\"},\"query-input\":{\"@type\":\"PropertyValueSpecification\",\"valueRequired\":true,\"valueName\":\"search_term_string\"}}],\"inLanguage\":\"fr-FR\"},{\"@type\":\"Organization\",\"@id\":\"https:\\\/\\\/winandofficews.com\\\/france\\\/#organization\",\"name\":\"France\",\"url\":\"https:\\\/\\\/winandofficews.com\\\/france\\\/\",\"logo\":{\"@type\":\"ImageObject\",\"inLanguage\":\"fr-FR\",\"@id\":\"https:\\\/\\\/winandofficews.com\\\/france\\\/#\\\/schema\\\/logo\\\/image\\\/\",\"url\":\"https:\\\/\\\/winandofficews.com\\\/france\\\/wp-content\\\/uploads\\\/sites\\\/13\\\/logo14.png\",\"contentUrl\":\"https:\\\/\\\/winandofficews.com\\\/france\\\/wp-content\\\/uploads\\\/sites\\\/13\\\/logo14.png\",\"width\":322,\"height\":116,\"caption\":\"France\"},\"image\":{\"@id\":\"https:\\\/\\\/winandofficews.com\\\/france\\\/#\\\/schema\\\/logo\\\/image\\\/\"}}]}<\/script>\n<!-- \/ Yoast SEO plugin. -->","yoast_head_json":{"title":"Microsoft Windows 11 Home + Microsoft Office 2021 Professional - France","robots":{"index":"index","follow":"follow","max-snippet":"max-snippet:-1","max-image-preview":"max-image-preview:large","max-video-preview":"max-video-preview:-1"},"canonical":"https:\/\/winandofficews.com\/france\/product\/microsoft-windows-11-home-microsoft-office-2021-professional\/","og_locale":"fr_FR","og_type":"article","og_title":"Microsoft Windows 11 Home + Microsoft Office 2021 Professional - France","og_description":"Microsoft Windows 11 Home + Microsoft Office 2021 Professional  Cette licence permet d'activer le logiciel sur 3 appareils diff\u00e9rents, par exemple un ordinateur personnel, un ordinateur portable et un ordinateur professionnel.  Versions pour les syst\u00e8mes 32 et 64 bits disponibles  Envoi par e-mail : cl\u00e9 de produit, instructions, liens de t\u00e9l\u00e9chargement, facture  T\u00e9l\u00e9chargement instantan\u00e9 !  Aucune limite de dur\u00e9e, aucun abonnement  Assistance gratuite 24h\/24 et 7j\/7 en cas de probl\u00e8mes d'installation et d'activation  Pas de livraison sur le stockage de donn\u00e9es (USB, CD, etc.)  Activation en ligne et par t\u00e9l\u00e9phone  Pour Microsoft Windows   Ce produit est compatible avec Microsoft Windows.  NON compatible avec Apple macOS&trade;, les processeurs Apple, Parallels pour Mac, les appareils Android et les Chromebooks.","og_url":"https:\/\/winandofficews.com\/france\/product\/microsoft-windows-11-home-microsoft-office-2021-professional\/","og_site_name":"France","article_modified_time":"2026-04-14T19:18:21+00:00","twitter_card":"summary_large_image","twitter_misc":{"Dur\u00e9e de lecture estim\u00e9e":"6 minutes"},"schema":{"@context":"https:\/\/schema.org","@graph":[{"@type":"WebPage","@id":"https:\/\/winandofficews.com\/france\/product\/microsoft-windows-11-home-microsoft-office-2021-professional\/","url":"https:\/\/winandofficews.com\/france\/product\/microsoft-windows-11-home-microsoft-office-2021-professional\/","name":"Microsoft Windows 11 Home + Microsoft Office 2021 Professional - France","isPartOf":{"@id":"https:\/\/winandofficews.com\/france\/#website"},"primaryImageOfPage":{"@id":"https:\/\/winandofficews.com\/france\/product\/microsoft-windows-11-home-microsoft-office-2021-professional\/#primaryimage"},"image":{"@id":"https:\/\/winandofficews.com\/france\/product\/microsoft-windows-11-home-microsoft-office-2021-professional\/#primaryimage"},"thumbnailUrl":"https:\/\/winandofficews.com\/france\/wp-content\/uploads\/W11HO21P.png","datePublished":"2025-06-19T11:32:53+00:00","dateModified":"2026-04-14T19:18:21+00:00","breadcrumb":{"@id":"https:\/\/winandofficews.com\/france\/product\/microsoft-windows-11-home-microsoft-office-2021-professional\/#breadcrumb"},"inLanguage":"fr-FR","potentialAction":[{"@type":"ReadAction","target":["https:\/\/winandofficews.com\/france\/product\/microsoft-windows-11-home-microsoft-office-2021-professional\/"]}]},{"@type":"ImageObject","inLanguage":"fr-FR","@id":"https:\/\/winandofficews.com\/france\/product\/microsoft-windows-11-home-microsoft-office-2021-professional\/#primaryimage","url":"https:\/\/winandofficews.com\/france\/wp-content\/uploads\/W11HO21P.png","contentUrl":"https:\/\/winandofficews.com\/france\/wp-content\/uploads\/W11HO21P.png"},{"@type":"BreadcrumbList","@id":"https:\/\/winandofficews.com\/france\/product\/microsoft-windows-11-home-microsoft-office-2021-professional\/#breadcrumb","itemListElement":[{"@type":"ListItem","position":1,"name":"Home","item":"https:\/\/winandofficews.com\/france\/"},{"@type":"ListItem","position":2,"name":"Boutique","item":"https:\/\/winandofficews.com\/france\/shop\/"},{"@type":"ListItem","position":3,"name":"Microsoft Windows 11 Home + Microsoft Office 2021 Professional"}]},{"@type":"WebSite","@id":"https:\/\/winandofficews.com\/france\/#website","url":"https:\/\/winandofficews.com\/france\/","name":"France","description":"Wholesales Store of Office","publisher":{"@id":"https:\/\/winandofficews.com\/france\/#organization"},"potentialAction":[{"@type":"SearchAction","target":{"@type":"EntryPoint","urlTemplate":"https:\/\/winandofficews.com\/france\/?s={search_term_string}"},"query-input":{"@type":"PropertyValueSpecification","valueRequired":true,"valueName":"search_term_string"}}],"inLanguage":"fr-FR"},{"@type":"Organization","@id":"https:\/\/winandofficews.com\/france\/#organization","name":"France","url":"https:\/\/winandofficews.com\/france\/","logo":{"@type":"ImageObject","inLanguage":"fr-FR","@id":"https:\/\/winandofficews.com\/france\/#\/schema\/logo\/image\/","url":"https:\/\/winandofficews.com\/france\/wp-content\/uploads\/sites\/13\/logo14.png","contentUrl":"https:\/\/winandofficews.com\/france\/wp-content\/uploads\/sites\/13\/logo14.png","width":322,"height":116,"caption":"France"},"image":{"@id":"https:\/\/winandofficews.com\/france\/#\/schema\/logo\/image\/"}}]}},"_links":{"self":[{"href":"https:\/\/winandofficews.com\/france\/wp-json\/wp\/v2\/product\/87573","targetHints":{"allow":["GET"]}}],"collection":[{"href":"https:\/\/winandofficews.com\/france\/wp-json\/wp\/v2\/product"}],"about":[{"href":"https:\/\/winandofficews.com\/france\/wp-json\/wp\/v2\/types\/product"}],"replies":[{"embeddable":true,"href":"https:\/\/winandofficews.com\/france\/wp-json\/wp\/v2\/comments?post=87573"}],"wp:featuredmedia":[{"embeddable":true,"href":"https:\/\/winandofficews.com\/france\/wp-json\/"}],"wp:attachment":[{"href":"https:\/\/winandofficews.com\/france\/wp-json\/wp\/v2\/media?parent=87573"}],"wp:term":[{"taxonomy":"product_brand","embeddable":true,"href":"https:\/\/winandofficews.com\/france\/wp-json\/wp\/v2\/product_brand?post=87573"},{"taxonomy":"product_cat","embeddable":true,"href":"https:\/\/winandofficews.com\/france\/wp-json\/wp\/v2\/product_cat?post=87573"},{"taxonomy":"product_tag","embeddable":true,"href":"https:\/\/winandofficews.com\/france\/wp-json\/wp\/v2\/product_tag?post=87573"}],"curies":[{"name":"wp","href":"https:\/\/api.w.org\/{rel}","templated":true}]}}