{"id":87572,"date":"2025-06-19T13:32:53","date_gmt":"2025-06-19T11:32:53","guid":{"rendered":"https:\/\/winandofficews.com\/france\/?post_type=product&#038;p=87572"},"modified":"2026-04-14T21:20:21","modified_gmt":"2026-04-14T19:20:21","slug":"microsoft-windows-10-home-microsoft-office-2021-professional","status":"publish","type":"product","link":"https:\/\/winandofficews.com\/france\/product\/microsoft-windows-10-home-microsoft-office-2021-professional\/","title":{"rendered":"Microsoft Windows 10 Home + Microsoft Office 2021 Professional"},"content":{"rendered":"<h3>Microsoft Windows 10 Home<\/h3>\n<p>Avec un ordinateur ex\u00e9cutant Microsoft Windows 10 Home, toutes les options s&#8217;offrent \u00e0 vous.<\/p>\n<ul>\n<li>Fonctionnalit\u00e9s de s\u00e9curit\u00e9 int\u00e9gr\u00e9es telles qu&#8217;un logiciel antivirus, des pare-feu et des m\u00e9canismes de protection Internet<\/li>\n<li>Scannez votre visage ou votre empreinte digitale avec Microsoft Windows Hello pour d\u00e9verrouiller rapidement et en toute s\u00e9curit\u00e9 votre ordinateur sans mot de passe<\/li>\n<li>Avec l&#8217;assistant de notification, vous pouvez bloquer les notifications, les sons et les alertes afin de ne pas \u00eatre distrait pendant que vous travaillez<\/li>\n<li>La chronologie vous permet de faire d\u00e9filer rapidement et facilement vos documents, applications et sites Web les plus r\u00e9cemment utilis\u00e9s.<\/li>\n<li>Avec Microsoft Photos, vous pouvez facilement organiser, rechercher, modifier et partager vos photos et vid\u00e9os<\/li>\n<li>La barre de jeu vous permet de diffuser instantan\u00e9ment vos jeux en direct, de capturer des captures d&#8217;\u00e9cran et de r\u00e9gler les param\u00e8tres audio<\/li>\n<\/ul>\n<p>Vous b\u00e9n\u00e9ficierez de d\u00e9marrages plus rapides, d&#8217;un menu D\u00e9marrer familier mais am\u00e9lior\u00e9 et de nouvelles fa\u00e7ons de faire les choses rapidement et efficacement. Vous obtiendrez \u00e9galement de nouvelles fonctionnalit\u00e9s comme un nouveau navigateur pour vous aider \u00e0 naviguer sur le Web et votre assistant num\u00e9rique personnel, Cortana. Cortana est avec vous sur tous vos appareils Microsoft Windows 10, vous aidant \u00e0 faire avancer les choses. Elle en apprend de plus en plus sur vous au fil du temps et peut mieux vous accompagner chaque jour.<br \/>\n<strong>Microsoft Windows 10 Home <\/strong><\/p>\n<p>vous assiste de mani\u00e8re optimale dans tout ce que vous faites. Restez organis\u00e9 en prenant simplement des applications et en optimisant l&#8217;\u00e9cran pour un travail plus productif. Ancrez jusqu&#8217;\u00e0 quatre applications en m\u00eame temps et cr\u00e9ez des bureaux virtuels lorsque vous avez besoin de plus d&#8217;espace ou que vous souhaitez regrouper du contenu pour un projet. Applications bureautiques pour le travail et jeux pour les loisirs.<br \/>\n<strong>Microsoft Windows 10<\/strong> est compatible avec le mat\u00e9riel, les logiciels et les p\u00e9riph\u00e9riques que vous poss\u00e9dez d\u00e9j\u00e0. Maintenez votre syst\u00e8me \u00e0 jour avec de nouvelles fonctionnalit\u00e9s et fonctionnalit\u00e9s de s\u00e9curit\u00e9 tout au long de la dur\u00e9e de vie du produit.<br \/>\n<strong>Configuration requise :<\/strong><\/p>\n<ul>\n<li>Minimum. Processeur 1 GHz ou plus rapide<\/li>\n<li>1 Go de m\u00e9moire (32 bits), 2 Go (64 bits)<\/li>\n<li>20 Go d&#8217;espace disque disponible<\/li>\n<li>Carte graphique avec processeur graphique DirectX 9 et pilote WDDM<\/li>\n<\/ul>\n<h3>Microsoft Office 2021 Professional Plus<\/h3>\n<p>Microsoft Office 2021 Professional Plus Edition est id\u00e9al pour les utilisateurs qui utilisent la gamme compl\u00e8te d&#8217;applications \u00e0 la maison ou au bureau. Inclut la gamme compl\u00e8te d&#8217;applications Microsoft Office : Word, Excel, Outlook, PowerPoint, Publisher et Access. T\u00e9l\u00e9chargeable depuis le Microsoft Windows Store, OneNote vous permet de cr\u00e9er rapidement des notes et de les rendre disponibles sur tous vos appareils via le cloud. B\u00e9n\u00e9ficiez de performances, d&#8217;une stabilit\u00e9 et d&#8217;une vitesse am\u00e9lior\u00e9es dans Word, Excel, PowerPoint et Outlook. Vous b\u00e9n\u00e9ficiez de nouveaux outils de recherche am\u00e9lior\u00e9s, d&#8217;outils d&#8217;encrage, de types de donn\u00e9es, de fonctionnalit\u00e9s, d&#8217;outils de traduction et d&#8217;\u00e9dition, de graphiques anim\u00e9s, de fonctionnalit\u00e9s faciles \u00e0 utiliser et bien plus encore dans l&#8217;ensemble de la suite Microsoft Office 2021.<\/p>\n<ul>\n<li><strong>Word<\/strong>: Cr\u00e9ez des documents texte de qualit\u00e9 professionnelle en un rien de temps.<\/li>\n<li><strong>Excel<\/strong>: Des feuilles de calcul intelligentes, d\u00e9sormais dot\u00e9es de nouvelles fonctionnalit\u00e9s telles que XLOOKUP<\/li>\n<li><strong>Power Point<\/strong>: Fonctionnalit\u00e9s nouvelles et am\u00e9lior\u00e9es pour cr\u00e9er des pr\u00e9sentations dynamiques impressionnantes.<\/li>\n<li><strong>OneNote<\/strong>: Votre bloc-notes num\u00e9rique dans le cloud.<\/li>\n<li><strong>Outlook<\/strong>: Communication simplifi\u00e9e ; inclut d\u00e9sormais de puissantes fonctionnalit\u00e9s de traduction.<\/li>\n<li><strong>\u00c9diteur<\/strong>: Cr\u00e9ation de mises en page pour des publications professionnelles<\/li>\n<li><strong>Acc\u00e8s<\/strong>: Cr\u00e9ation de base de donn\u00e9es simple et puissante<\/li>\n<li><strong>Microsoft Teams<\/strong>: Soyez plus productif avec la messagerie instantan\u00e9e et la visioconf\u00e9rence en HD (disponible s\u00e9par\u00e9ment pour t\u00e9l\u00e9charger)<\/li>\n<\/ul>\n<p>REMARQUE : Microsoft ne regroupe plus de licence Teams avec les produits Office en raison d&#8217;une <a href=\"https:\/\/blogs.microsoft.com\/eupolicy\/2023\/08\/31\/european-competition-teams-office-microsoft-365\/\" target=\"_blank\" rel=\"noopener\">enqu\u00eate de la Commission Europ\u00e9enne<\/a>. Vous pouvez <a href=\"https:\/\/www.microsoft.com\/en-us\/microsoft-teams\/download-app\" target=\"_blank\" rel=\"noopener\">t\u00e9l\u00e9charger Teams<\/a> pour l&#8217;utiliser avec une licence gratuite ou payante ( achat s\u00e9par\u00e9) en fonction de vos besoins.<\/p>\n<p><strong>N\u00c9CESSITE WINDOWS 10 OU 11 !<\/strong><\/p>\n<p><strong>Assistance et assistance :<\/strong><\/p>\n<p>Pour toute question, n\u2019h\u00e9sitez pas \u00e0 nous contacter <a href=\"mailto:france@winandofficews.com\" target=\"_blank\" rel=\"noopener\">par e-mail<\/a>.  <\/p>\n<p>Notre service client et support est disponible 7 jours sur 7 et 24 heures sur 24.<\/p>\n","protected":false},"excerpt":{"rendered":"<ul>\n<li><strong>Microsoft Windows 10 Home + Microsoft Office 2021 Professional<\/strong><\/li>\n<li><strong>Cette licence permet d&#8217;activer le logiciel sur 3 appareils diff\u00e9rents<\/strong>, par exemple un ordinateur personnel, un ordinateur portable et un ordinateur professionnel.<\/li>\n<li>Versions pour les syst\u00e8mes 32 et 64 bits disponibles<\/li>\n<li>Envoi par e-mail : cl\u00e9 de produit, instructions, liens de t\u00e9l\u00e9chargement, facture<\/li>\n<li>T\u00e9l\u00e9chargement instantan\u00e9 !<\/li>\n<li>Aucune limite de dur\u00e9e, aucun abonnement<\/li>\n<li>Assistance gratuite 24h\/24 et 7j\/7 en cas de probl\u00e8mes d&#8217;installation et d&#8217;activation<\/li>\n<li>Pas de livraison sur le stockage de donn\u00e9es (USB, CD, etc.)<\/li>\n<li>Activation en ligne et par t\u00e9l\u00e9phone<\/li>\n<li>Pour Microsoft Windows<\/li>\n<li><strong> Ce produit est compatible avec Microsoft Windows.<\/strong><\/li>\n<li><strong>NON compatible avec Apple macOS&trade;, les processeurs Apple, Parallels pour Mac, les appareils Android et les Chromebooks.<\/strong><\/li>\n<\/ul>\n","protected":false},"featured_media":1000007988,"comment_status":"closed","ping_status":"closed","template":"","meta":{"_acf_changed":false},"product_brand":[],"product_cat":[157],"product_tag":[303,304,305],"class_list":{"0":"post-87572","1":"product","2":"type-product","3":"status-publish","4":"has-post-thumbnail","6":"product_cat-combo","7":"product_tag-microsoft-windows-10-home","8":"product_tag-microsoft-windows-10-home-office-2021-professional","9":"product_tag-office-2021-professional","11":"first","12":"instock","13":"sale","14":"virtual","15":"taxable","16":"purchasable","17":"product-type-simple"},"acf":[],"yoast_head":"<!-- This site is optimized with the Yoast SEO plugin v27.4 - https:\/\/yoast.com\/product\/yoast-seo-wordpress\/ -->\n<title>Microsoft Windows 10 Home + Microsoft Office 2021 Professional - France<\/title>\n<meta name=\"robots\" content=\"index, follow, max-snippet:-1, max-image-preview:large, max-video-preview:-1\" \/>\n<link rel=\"canonical\" href=\"https:\/\/winandofficews.com\/france\/product\/microsoft-windows-10-home-microsoft-office-2021-professional\/\" \/>\n<meta property=\"og:locale\" content=\"fr_FR\" \/>\n<meta property=\"og:type\" content=\"article\" \/>\n<meta property=\"og:title\" content=\"Microsoft Windows 10 Home + Microsoft Office 2021 Professional - France\" \/>\n<meta property=\"og:description\" content=\"Microsoft Windows 10 Home + Microsoft Office 2021 Professional  Cette licence permet d&#039;activer le logiciel sur 3 appareils diff\u00e9rents, par exemple un ordinateur personnel, un ordinateur portable et un ordinateur professionnel.  Versions pour les syst\u00e8mes 32 et 64 bits disponibles  Envoi par e-mail : cl\u00e9 de produit, instructions, liens de t\u00e9l\u00e9chargement, facture  T\u00e9l\u00e9chargement instantan\u00e9 !  Aucune limite de dur\u00e9e, aucun abonnement  Assistance gratuite 24h\/24 et 7j\/7 en cas de probl\u00e8mes d&#039;installation et d&#039;activation  Pas de livraison sur le stockage de donn\u00e9es (USB, CD, etc.)  Activation en ligne et par t\u00e9l\u00e9phone  Pour Microsoft Windows   Ce produit est compatible avec Microsoft Windows.  NON compatible avec Apple macOS&trade;, les processeurs Apple, Parallels pour Mac, les appareils Android et les Chromebooks.\" \/>\n<meta property=\"og:url\" content=\"https:\/\/winandofficews.com\/france\/product\/microsoft-windows-10-home-microsoft-office-2021-professional\/\" \/>\n<meta property=\"og:site_name\" content=\"France\" \/>\n<meta property=\"article:modified_time\" content=\"2026-04-14T19:20:21+00:00\" \/>\n<meta name=\"twitter:card\" content=\"summary_large_image\" \/>\n<meta name=\"twitter:label1\" content=\"Dur\u00e9e de lecture estim\u00e9e\" \/>\n\t<meta name=\"twitter:data1\" content=\"4 minutes\" \/>\n<script type=\"application\/ld+json\" class=\"yoast-schema-graph\">{\"@context\":\"https:\\\/\\\/schema.org\",\"@graph\":[{\"@type\":\"WebPage\",\"@id\":\"https:\\\/\\\/winandofficews.com\\\/france\\\/product\\\/microsoft-windows-10-home-microsoft-office-2021-professional\\\/\",\"url\":\"https:\\\/\\\/winandofficews.com\\\/france\\\/product\\\/microsoft-windows-10-home-microsoft-office-2021-professional\\\/\",\"name\":\"Microsoft Windows 10 Home + Microsoft Office 2021 Professional - France\",\"isPartOf\":{\"@id\":\"https:\\\/\\\/winandofficews.com\\\/france\\\/#website\"},\"primaryImageOfPage\":{\"@id\":\"https:\\\/\\\/winandofficews.com\\\/france\\\/product\\\/microsoft-windows-10-home-microsoft-office-2021-professional\\\/#primaryimage\"},\"image\":{\"@id\":\"https:\\\/\\\/winandofficews.com\\\/france\\\/product\\\/microsoft-windows-10-home-microsoft-office-2021-professional\\\/#primaryimage\"},\"thumbnailUrl\":\"https:\\\/\\\/winandofficews.com\\\/france\\\/wp-content\\\/uploads\\\/W10HO21P.png\",\"datePublished\":\"2025-06-19T11:32:53+00:00\",\"dateModified\":\"2026-04-14T19:20:21+00:00\",\"breadcrumb\":{\"@id\":\"https:\\\/\\\/winandofficews.com\\\/france\\\/product\\\/microsoft-windows-10-home-microsoft-office-2021-professional\\\/#breadcrumb\"},\"inLanguage\":\"fr-FR\",\"potentialAction\":[{\"@type\":\"ReadAction\",\"target\":[\"https:\\\/\\\/winandofficews.com\\\/france\\\/product\\\/microsoft-windows-10-home-microsoft-office-2021-professional\\\/\"]}]},{\"@type\":\"ImageObject\",\"inLanguage\":\"fr-FR\",\"@id\":\"https:\\\/\\\/winandofficews.com\\\/france\\\/product\\\/microsoft-windows-10-home-microsoft-office-2021-professional\\\/#primaryimage\",\"url\":\"https:\\\/\\\/winandofficews.com\\\/france\\\/wp-content\\\/uploads\\\/W10HO21P.png\",\"contentUrl\":\"https:\\\/\\\/winandofficews.com\\\/france\\\/wp-content\\\/uploads\\\/W10HO21P.png\"},{\"@type\":\"BreadcrumbList\",\"@id\":\"https:\\\/\\\/winandofficews.com\\\/france\\\/product\\\/microsoft-windows-10-home-microsoft-office-2021-professional\\\/#breadcrumb\",\"itemListElement\":[{\"@type\":\"ListItem\",\"position\":1,\"name\":\"Home\",\"item\":\"https:\\\/\\\/winandofficews.com\\\/france\\\/\"},{\"@type\":\"ListItem\",\"position\":2,\"name\":\"Boutique\",\"item\":\"https:\\\/\\\/winandofficews.com\\\/france\\\/shop\\\/\"},{\"@type\":\"ListItem\",\"position\":3,\"name\":\"Microsoft Windows 10 Home + Microsoft Office 2021 Professional\"}]},{\"@type\":\"WebSite\",\"@id\":\"https:\\\/\\\/winandofficews.com\\\/france\\\/#website\",\"url\":\"https:\\\/\\\/winandofficews.com\\\/france\\\/\",\"name\":\"France\",\"description\":\"Wholesales Store of Office\",\"publisher\":{\"@id\":\"https:\\\/\\\/winandofficews.com\\\/france\\\/#organization\"},\"potentialAction\":[{\"@type\":\"SearchAction\",\"target\":{\"@type\":\"EntryPoint\",\"urlTemplate\":\"https:\\\/\\\/winandofficews.com\\\/france\\\/?s={search_term_string}\"},\"query-input\":{\"@type\":\"PropertyValueSpecification\",\"valueRequired\":true,\"valueName\":\"search_term_string\"}}],\"inLanguage\":\"fr-FR\"},{\"@type\":\"Organization\",\"@id\":\"https:\\\/\\\/winandofficews.com\\\/france\\\/#organization\",\"name\":\"France\",\"url\":\"https:\\\/\\\/winandofficews.com\\\/france\\\/\",\"logo\":{\"@type\":\"ImageObject\",\"inLanguage\":\"fr-FR\",\"@id\":\"https:\\\/\\\/winandofficews.com\\\/france\\\/#\\\/schema\\\/logo\\\/image\\\/\",\"url\":\"https:\\\/\\\/winandofficews.com\\\/france\\\/wp-content\\\/uploads\\\/sites\\\/13\\\/logo14.png\",\"contentUrl\":\"https:\\\/\\\/winandofficews.com\\\/france\\\/wp-content\\\/uploads\\\/sites\\\/13\\\/logo14.png\",\"width\":322,\"height\":116,\"caption\":\"France\"},\"image\":{\"@id\":\"https:\\\/\\\/winandofficews.com\\\/france\\\/#\\\/schema\\\/logo\\\/image\\\/\"}}]}<\/script>\n<!-- \/ Yoast SEO plugin. -->","yoast_head_json":{"title":"Microsoft Windows 10 Home + Microsoft Office 2021 Professional - France","robots":{"index":"index","follow":"follow","max-snippet":"max-snippet:-1","max-image-preview":"max-image-preview:large","max-video-preview":"max-video-preview:-1"},"canonical":"https:\/\/winandofficews.com\/france\/product\/microsoft-windows-10-home-microsoft-office-2021-professional\/","og_locale":"fr_FR","og_type":"article","og_title":"Microsoft Windows 10 Home + Microsoft Office 2021 Professional - France","og_description":"Microsoft Windows 10 Home + Microsoft Office 2021 Professional  Cette licence permet d'activer le logiciel sur 3 appareils diff\u00e9rents, par exemple un ordinateur personnel, un ordinateur portable et un ordinateur professionnel.  Versions pour les syst\u00e8mes 32 et 64 bits disponibles  Envoi par e-mail : cl\u00e9 de produit, instructions, liens de t\u00e9l\u00e9chargement, facture  T\u00e9l\u00e9chargement instantan\u00e9 !  Aucune limite de dur\u00e9e, aucun abonnement  Assistance gratuite 24h\/24 et 7j\/7 en cas de probl\u00e8mes d'installation et d'activation  Pas de livraison sur le stockage de donn\u00e9es (USB, CD, etc.)  Activation en ligne et par t\u00e9l\u00e9phone  Pour Microsoft Windows   Ce produit est compatible avec Microsoft Windows.  NON compatible avec Apple macOS&trade;, les processeurs Apple, Parallels pour Mac, les appareils Android et les Chromebooks.","og_url":"https:\/\/winandofficews.com\/france\/product\/microsoft-windows-10-home-microsoft-office-2021-professional\/","og_site_name":"France","article_modified_time":"2026-04-14T19:20:21+00:00","twitter_card":"summary_large_image","twitter_misc":{"Dur\u00e9e de lecture estim\u00e9e":"4 minutes"},"schema":{"@context":"https:\/\/schema.org","@graph":[{"@type":"WebPage","@id":"https:\/\/winandofficews.com\/france\/product\/microsoft-windows-10-home-microsoft-office-2021-professional\/","url":"https:\/\/winandofficews.com\/france\/product\/microsoft-windows-10-home-microsoft-office-2021-professional\/","name":"Microsoft Windows 10 Home + Microsoft Office 2021 Professional - France","isPartOf":{"@id":"https:\/\/winandofficews.com\/france\/#website"},"primaryImageOfPage":{"@id":"https:\/\/winandofficews.com\/france\/product\/microsoft-windows-10-home-microsoft-office-2021-professional\/#primaryimage"},"image":{"@id":"https:\/\/winandofficews.com\/france\/product\/microsoft-windows-10-home-microsoft-office-2021-professional\/#primaryimage"},"thumbnailUrl":"https:\/\/winandofficews.com\/france\/wp-content\/uploads\/W10HO21P.png","datePublished":"2025-06-19T11:32:53+00:00","dateModified":"2026-04-14T19:20:21+00:00","breadcrumb":{"@id":"https:\/\/winandofficews.com\/france\/product\/microsoft-windows-10-home-microsoft-office-2021-professional\/#breadcrumb"},"inLanguage":"fr-FR","potentialAction":[{"@type":"ReadAction","target":["https:\/\/winandofficews.com\/france\/product\/microsoft-windows-10-home-microsoft-office-2021-professional\/"]}]},{"@type":"ImageObject","inLanguage":"fr-FR","@id":"https:\/\/winandofficews.com\/france\/product\/microsoft-windows-10-home-microsoft-office-2021-professional\/#primaryimage","url":"https:\/\/winandofficews.com\/france\/wp-content\/uploads\/W10HO21P.png","contentUrl":"https:\/\/winandofficews.com\/france\/wp-content\/uploads\/W10HO21P.png"},{"@type":"BreadcrumbList","@id":"https:\/\/winandofficews.com\/france\/product\/microsoft-windows-10-home-microsoft-office-2021-professional\/#breadcrumb","itemListElement":[{"@type":"ListItem","position":1,"name":"Home","item":"https:\/\/winandofficews.com\/france\/"},{"@type":"ListItem","position":2,"name":"Boutique","item":"https:\/\/winandofficews.com\/france\/shop\/"},{"@type":"ListItem","position":3,"name":"Microsoft Windows 10 Home + Microsoft Office 2021 Professional"}]},{"@type":"WebSite","@id":"https:\/\/winandofficews.com\/france\/#website","url":"https:\/\/winandofficews.com\/france\/","name":"France","description":"Wholesales Store of Office","publisher":{"@id":"https:\/\/winandofficews.com\/france\/#organization"},"potentialAction":[{"@type":"SearchAction","target":{"@type":"EntryPoint","urlTemplate":"https:\/\/winandofficews.com\/france\/?s={search_term_string}"},"query-input":{"@type":"PropertyValueSpecification","valueRequired":true,"valueName":"search_term_string"}}],"inLanguage":"fr-FR"},{"@type":"Organization","@id":"https:\/\/winandofficews.com\/france\/#organization","name":"France","url":"https:\/\/winandofficews.com\/france\/","logo":{"@type":"ImageObject","inLanguage":"fr-FR","@id":"https:\/\/winandofficews.com\/france\/#\/schema\/logo\/image\/","url":"https:\/\/winandofficews.com\/france\/wp-content\/uploads\/sites\/13\/logo14.png","contentUrl":"https:\/\/winandofficews.com\/france\/wp-content\/uploads\/sites\/13\/logo14.png","width":322,"height":116,"caption":"France"},"image":{"@id":"https:\/\/winandofficews.com\/france\/#\/schema\/logo\/image\/"}}]}},"_links":{"self":[{"href":"https:\/\/winandofficews.com\/france\/wp-json\/wp\/v2\/product\/87572","targetHints":{"allow":["GET"]}}],"collection":[{"href":"https:\/\/winandofficews.com\/france\/wp-json\/wp\/v2\/product"}],"about":[{"href":"https:\/\/winandofficews.com\/france\/wp-json\/wp\/v2\/types\/product"}],"replies":[{"embeddable":true,"href":"https:\/\/winandofficews.com\/france\/wp-json\/wp\/v2\/comments?post=87572"}],"wp:featuredmedia":[{"embeddable":true,"href":"https:\/\/winandofficews.com\/france\/wp-json\/"}],"wp:attachment":[{"href":"https:\/\/winandofficews.com\/france\/wp-json\/wp\/v2\/media?parent=87572"}],"wp:term":[{"taxonomy":"product_brand","embeddable":true,"href":"https:\/\/winandofficews.com\/france\/wp-json\/wp\/v2\/product_brand?post=87572"},{"taxonomy":"product_cat","embeddable":true,"href":"https:\/\/winandofficews.com\/france\/wp-json\/wp\/v2\/product_cat?post=87572"},{"taxonomy":"product_tag","embeddable":true,"href":"https:\/\/winandofficews.com\/france\/wp-json\/wp\/v2\/product_tag?post=87572"}],"curies":[{"name":"wp","href":"https:\/\/api.w.org\/{rel}","templated":true}]}}