{"id":87569,"date":"2025-06-19T13:32:53","date_gmt":"2025-06-19T11:32:53","guid":{"rendered":"https:\/\/winandofficews.com\/france\/?post_type=product&#038;p=87569"},"modified":"2026-04-14T21:28:55","modified_gmt":"2026-04-14T19:28:55","slug":"microsoft-visio-2021-standard-microsoft-project-2021-professional-microsoft-office-2021-professional-plus-microsoft-windows-11-professional-licence-pour-3-pc","status":"publish","type":"product","link":"https:\/\/winandofficews.com\/france\/product\/microsoft-visio-2021-standard-microsoft-project-2021-professional-microsoft-office-2021-professional-plus-microsoft-windows-11-professional-licence-pour-3-pc\/","title":{"rendered":"Microsoft Visio 2021 Standard, Microsoft Project 2021 Professional, Microsoft Office 2021 Professional Plus, Microsoft Windows 11 Professional licence pour 3 PC"},"content":{"rendered":"<h3>Microsoft Windows 11 Professional<\/h3>\n<p><strong>Cette licence permet d&#8217;activer le logiciel sur 3 appareils diff\u00e9rents, par exemple un ordinateur personnel, un ordinateur portable et un ordinateur professionnel.<\/strong><\/p>\n<p><strong>Garantie de remboursement \u00e0 vie!!!<\/strong><\/p>\n<p>Configuration requise<\/p>\n<ul>\n<li><strong>Processeur:<\/strong> 1 gigahertz (GHz) ou fr\u00e9quence sup\u00e9rieure avec 2 c\u0153urs ou plus dans un processeur compatible 64 bits ou &#8221; System sur une puce&#8221; ( SoC )<\/li>\n<li><strong>RAM:<\/strong> 4 gigaoctets (Go)<\/li>\n<li><strong>Stockage:<\/strong> 64 Go ou plus de stockage disponible sur l&#8217;appareil Remarque : Voir &#8220;En savoir plus sur l&#8217;espace de stockage dont vous avez besoin pour maintenir Microsoft Windows 11 \u00e0 jour&#8221;<\/li>\n<li><strong>Microprogramme du syst\u00e8me :<\/strong> D\u00e9marrage s\u00e9curis\u00e9 compatible UEFI.<\/li>\n<li><strong>TPM:<\/strong> Trusted Platform Module (TPM) version 2.0 (qui depuis 2016 est requis pour le mat\u00e9riel de tout ordinateur Microsoft Windows)<\/li>\n<li><strong>Carte graphique :<\/strong> Compatible avec DirectX 12 ou version ult\u00e9rieure avec pilote WDDM 2.0<\/li>\n<li><strong>Affichage:<\/strong> \u00c9cran d&#8217;au moins 9 pouces de diagonale, avec une haute d\u00e9finition 720p et 8 bits par canal de couleur.<\/li>\n<li><strong>Connexion Internet et comptes Microsoft :<\/strong> Vous aurez besoin d&#8217;un compte Microsoft et vous devrez \u00eatre connect\u00e9 \u00e0 Internet pour la configuration initiale et les mises \u00e0 jour.<\/li>\n<\/ul>\n<h3>Projet 2021 Professional<\/h3>\n<p><strong>Cette licence permet d&#8217;activer le logiciel sur 3 appareils diff\u00e9rents, par exemple un ordinateur personnel, un ordinateur portable et un ordinateur professionnel.<\/strong><\/p>\n<p><strong>Garantie de remboursement \u00e0 vie!!!<\/strong><\/p>\n<p>Le puissant Microsoft Project Professional 2021 Edition offre des fonctionnalit\u00e9s \u00e9tendues et de nouvelles interfaces pour MS SharePoint, Microsoft Project Server et Skype. Le logiciel tire pleinement parti des nombreux avantages du syst\u00e8me d&#8217;exploitation Microsoft Windows 10 ou 11, mais il n&#8217;est pas compatible avec les versions ant\u00e9rieures de Microsoft Windows. MS Microsoft Project Professional 2021 s&#8217;adresse principalement aux chefs de projet dans les entreprises qui planifient, contr\u00f4lent, documentent puis analysent leurs projets individuels.<\/p>\n<h3>Microsoft Office 2021 Professional Plus<\/h3>\n<p><strong>Cette licence permet d&#8217;activer le logiciel sur 3 appareils diff\u00e9rents, par exemple un ordinateur personnel, un ordinateur portable et un ordinateur professionnel.<\/strong><\/p>\n<p><strong>Garantie de remboursement \u00e0 vie!!!<\/strong><\/p>\n<p>Il est recommand\u00e9 aux utilisateurs de Microsoft Office qui utilisent la gamme compl\u00e8te d&#8217;applications \u00e0 la maison ou au bureau d&#8217;utiliser Microsoft Office 2021 Professional Plus Edition . Tous les principaux programmes sont inclus : Word, Excel, Outlook, PowerPoint, Publisher et Access. OneNote est d\u00e9sormais disponible en t\u00e9l\u00e9chargement sur le Microsoft Windows Store afin que vous puissiez rapidement prendre des notes et les partager sur plusieurs appareils via le cloud. En raison du grand choix de programmes diff\u00e9rents, la version Professional Plus s&#8217;adresse principalement aux personnes qui travaillent \u00e0 domicile, au bureau \u00e0 domicile ou qui recherchent une solution puissante et fiable au bureau pour organiser des documents, des feuilles de calcul, etc.<\/p>\n<ul>\n<li><strong>Word:<\/strong> Cr\u00e9ez des documents texte de qualit\u00e9 professionnelle en un rien de temps<\/li>\n<li><strong>Excel:<\/strong> Feuilles de calcul intelligentes pour la gestion de l&#8217;information<\/li>\n<li><strong>Power Point:<\/strong> Cr\u00e9ez des pr\u00e9sentations dynamiques impressionnantes<\/li>\n<li><strong>OneNote:<\/strong> Votre carnet num\u00e9rique<\/li>\n<li><strong>Outlook:<\/strong> Communication simplifi\u00e9e<\/li>\n<li><strong>Publisher: <\/strong>Cr\u00e9ation de mises en page pour des publications professionnelles<\/li>\n<li><strong>Access:<\/strong> Programmation de base de donn\u00e9es pour les applications bas\u00e9es sur un navigateur<\/li>\n<li><strong>Microsoft Teams:<\/strong> Soyez plus productif avec la messagerie instantan\u00e9e HD et la visioconf\u00e9rence (disponible s\u00e9par\u00e9ment pour t\u00e9l\u00e9charger)<\/li>\n<\/ul>\n<p>REMARQUE : Microsoft ne regroupe plus de licence Teams avec les produits Office en raison d&#8217;une <a href=\"https:\/\/blogs.microsoft.com\/eupolicy\/2023\/08\/31\/european-competition-teams-office-microsoft-365\/\" target=\"_blank\" rel=\"noopener\">enqu\u00eate de la Commission Europ\u00e9enne<\/a>. Vous pouvez <a href=\"https:\/\/www.microsoft.com\/en-us\/microsoft-teams\/download-app\" target=\"_blank\" rel=\"noopener\">t\u00e9l\u00e9charger Teams<\/a> pour l&#8217;utiliser avec une licence gratuite ou payante ( achat s\u00e9par\u00e9) en fonction de vos besoins.<\/p>\n<h3>Microsoft Visio Standard 2021<\/h3>\n<p><strong>Cette licence permet d&#8217;activer le logiciel sur 3 appareils diff\u00e9rents, par exemple un ordinateur personnel, un ordinateur portable et un ordinateur professionnel.<\/strong><\/p>\n<p><strong>Garantie de remboursement \u00e0 vie!!!<\/strong><\/p>\n<p>Microsoft Visio Standard 2021 est la derni\u00e8re g\u00e9n\u00e9ration du logiciel populaire de Microsoft pour cr\u00e9er et \u00e9diter des diagrammes et des visualisations. Microsoft Visio Standard est particuli\u00e8rement adapt\u00e9 aux entreprises car plusieurs utilisateurs d&#8217;une \u00e9quipe ou d&#8217;un service peuvent travailler sur des diagrammes en m\u00eame temps. De nombreuses interfaces sont disponibles pour partager les visualisations finies en interne et en externe avec des personnes s\u00e9lectionn\u00e9es. Microsoft a beaucoup travaill\u00e9 sur les mod\u00e8les et les formes qui sont continuellement utilis\u00e9s dans Microsoft Visio. Les styles des graphiques ont \u00e9galement \u00e9t\u00e9 am\u00e9lior\u00e9s pour les rendre plus frappants visuellement tout en les rendant plus lisibles. Avec Microsoft Visio Standard 2021, vous avez \u00e9galement la possibilit\u00e9 d&#8217;int\u00e9grer des donn\u00e9es dans une visualisation existante en temps r\u00e9el.<\/p>\n<p><strong>Assistance et assistance :<\/strong><\/p>\n<p><strong>Assistance et support :<\/strong><\/p>\n<p>Pour toute question, n\u2019h\u00e9sitez pas \u00e0 nous contacter <a href=\"mailto:france@winandofficews.com\" target=\"_blank\" rel=\"noopener\">par e-mail<\/a>.<\/p>\n<p>Notre service client et support est disponible 7 jours sur 7 et 24 heures sur 24.<\/p>\n","protected":false},"excerpt":{"rendered":"<ul>\n<li>Microsoft Visio 2021 Standard, Microsoft Project 2021 Professional, Microsoft Office 2021 Professional Plus, Microsoft Windows 11 Pro licence pour 3 PC<\/li>\n<li><strong>Avec cette licence, le logiciel peut \u00eatre activ\u00e9 sur 3 appareils diff\u00e9rents, par ex. PC domestique, ordinateur portable et PC de travail.<\/strong><\/li>\n<li>Version pour syst\u00e8mes 32 et 64 bits, versions compl\u00e8tes et illimit\u00e9es du logiciel <strong>provenant d&#8217;un partenaire Microsoft Gold certifi\u00e9<\/strong><\/li>\n<li><strong>Garantie de remplacement \u00e0 vie !<\/strong><\/li>\n<li>Livraison par e-mail : cl\u00e9 produit, instructions, liens de t\u00e9l\u00e9chargement, facture<\/li>\n<li>T\u00e9l\u00e9chargement instantan\u00e9 !<\/li>\n<li>Aucune limite de dur\u00e9e, aucun abonnement<\/li>\n<li>Assistance gratuite 24h\/24 et 7j\/7 en cas de probl\u00e8mes d&#8217;installation et d&#8217;activation<\/li>\n<li>Pas de livraison sur le stockage de donn\u00e9es (USB, CD, etc.)<\/li>\n<li>Activation en ligne et par t\u00e9l\u00e9phone<\/li>\n<li>Langues : <strong>fran\u00e7ais<\/strong>, anglais, espagnol, italien, allemand, fran\u00e7ais<\/li>\n<li><strong> Ce produit est compatible avec Microsoft Windows.<\/strong><\/li>\n<li><strong>NON compatible avec Apple macOS&trade;, les processeurs Apple, Parallels pour Mac, les appareils Android et les Chromebooks.<\/strong><\/li>\n<\/ul>\n","protected":false},"featured_media":1000008008,"comment_status":"closed","ping_status":"closed","template":"","meta":{"_acf_changed":false},"product_brand":[],"product_cat":[157],"product_tag":[294,295,296,297],"class_list":{"0":"post-87569","1":"product","2":"type-product","3":"status-publish","4":"has-post-thumbnail","6":"product_cat-combo","7":"product_tag-microsoft-visio-2021-standard","8":"product_tag-office-2021-professional-plus","9":"product_tag-project-2021-professional","10":"product_tag-windows-11-pro-licence-pour-3-pc","12":"first","13":"instock","14":"sale","15":"virtual","16":"taxable","17":"purchasable","18":"product-type-simple"},"acf":[],"yoast_head":"<!-- This site is optimized with the Yoast SEO plugin v27.4 - https:\/\/yoast.com\/product\/yoast-seo-wordpress\/ -->\n<title>Microsoft Visio 2021 Standard, Microsoft Project 2021 Professional, Microsoft Office 2021 Professional Plus, Microsoft Windows 11 Professional licence pour 3 PC - France<\/title>\n<meta name=\"robots\" content=\"index, follow, max-snippet:-1, max-image-preview:large, max-video-preview:-1\" \/>\n<link rel=\"canonical\" href=\"https:\/\/winandofficews.com\/france\/product\/microsoft-visio-2021-standard-microsoft-project-2021-professional-microsoft-office-2021-professional-plus-microsoft-windows-11-professional-licence-pour-3-pc\/\" \/>\n<meta property=\"og:locale\" content=\"fr_FR\" \/>\n<meta property=\"og:type\" content=\"article\" \/>\n<meta property=\"og:title\" content=\"Microsoft Visio 2021 Standard, Microsoft Project 2021 Professional, Microsoft Office 2021 Professional Plus, Microsoft Windows 11 Professional licence pour 3 PC - France\" \/>\n<meta property=\"og:description\" content=\"Microsoft Visio 2021 Standard, Microsoft Project 2021 Professional, Microsoft Office 2021 Professional Plus, Microsoft Windows 11 Pro licence pour 3 PC  Avec cette licence, le logiciel peut \u00eatre activ\u00e9 sur 3 appareils diff\u00e9rents, par ex. PC domestique, ordinateur portable et PC de travail.  Version pour syst\u00e8mes 32 et 64 bits, versions compl\u00e8tes et illimit\u00e9es du logiciel provenant d&#039;un partenaire Microsoft Gold certifi\u00e9  Garantie de remplacement \u00e0 vie !  Livraison par e-mail : cl\u00e9 produit, instructions, liens de t\u00e9l\u00e9chargement, facture  T\u00e9l\u00e9chargement instantan\u00e9 !  Aucune limite de dur\u00e9e, aucun abonnement  Assistance gratuite 24h\/24 et 7j\/7 en cas de probl\u00e8mes d&#039;installation et d&#039;activation  Pas de livraison sur le stockage de donn\u00e9es (USB, CD, etc.)  Activation en ligne et par t\u00e9l\u00e9phone  Langues : fran\u00e7ais, anglais, espagnol, italien, allemand, fran\u00e7ais   Ce produit est compatible avec Microsoft Windows.  NON compatible avec Apple macOS&trade;, les processeurs Apple, Parallels pour Mac, les appareils Android et les Chromebooks.\" \/>\n<meta property=\"og:url\" content=\"https:\/\/winandofficews.com\/france\/product\/microsoft-visio-2021-standard-microsoft-project-2021-professional-microsoft-office-2021-professional-plus-microsoft-windows-11-professional-licence-pour-3-pc\/\" \/>\n<meta property=\"og:site_name\" content=\"France\" \/>\n<meta property=\"article:modified_time\" content=\"2026-04-14T19:28:55+00:00\" \/>\n<meta name=\"twitter:card\" content=\"summary_large_image\" \/>\n<meta name=\"twitter:label1\" content=\"Dur\u00e9e de lecture estim\u00e9e\" \/>\n\t<meta name=\"twitter:data1\" content=\"4 minutes\" \/>\n<script type=\"application\/ld+json\" class=\"yoast-schema-graph\">{\"@context\":\"https:\\\/\\\/schema.org\",\"@graph\":[{\"@type\":\"WebPage\",\"@id\":\"https:\\\/\\\/winandofficews.com\\\/france\\\/product\\\/microsoft-visio-2021-standard-microsoft-project-2021-professional-microsoft-office-2021-professional-plus-microsoft-windows-11-professional-licence-pour-3-pc\\\/\",\"url\":\"https:\\\/\\\/winandofficews.com\\\/france\\\/product\\\/microsoft-visio-2021-standard-microsoft-project-2021-professional-microsoft-office-2021-professional-plus-microsoft-windows-11-professional-licence-pour-3-pc\\\/\",\"name\":\"Microsoft Visio 2021 Standard, Microsoft Project 2021 Professional, Microsoft Office 2021 Professional Plus, Microsoft Windows 11 Professional licence pour 3 PC - France\",\"isPartOf\":{\"@id\":\"https:\\\/\\\/winandofficews.com\\\/france\\\/#website\"},\"primaryImageOfPage\":{\"@id\":\"https:\\\/\\\/winandofficews.com\\\/france\\\/product\\\/microsoft-visio-2021-standard-microsoft-project-2021-professional-microsoft-office-2021-professional-plus-microsoft-windows-11-professional-licence-pour-3-pc\\\/#primaryimage\"},\"image\":{\"@id\":\"https:\\\/\\\/winandofficews.com\\\/france\\\/product\\\/microsoft-visio-2021-standard-microsoft-project-2021-professional-microsoft-office-2021-professional-plus-microsoft-windows-11-professional-licence-pour-3-pc\\\/#primaryimage\"},\"thumbnailUrl\":\"https:\\\/\\\/winandofficews.com\\\/france\\\/wp-content\\\/uploads\\\/W11PO21PP21PV21S.png\",\"datePublished\":\"2025-06-19T11:32:53+00:00\",\"dateModified\":\"2026-04-14T19:28:55+00:00\",\"breadcrumb\":{\"@id\":\"https:\\\/\\\/winandofficews.com\\\/france\\\/product\\\/microsoft-visio-2021-standard-microsoft-project-2021-professional-microsoft-office-2021-professional-plus-microsoft-windows-11-professional-licence-pour-3-pc\\\/#breadcrumb\"},\"inLanguage\":\"fr-FR\",\"potentialAction\":[{\"@type\":\"ReadAction\",\"target\":[\"https:\\\/\\\/winandofficews.com\\\/france\\\/product\\\/microsoft-visio-2021-standard-microsoft-project-2021-professional-microsoft-office-2021-professional-plus-microsoft-windows-11-professional-licence-pour-3-pc\\\/\"]}]},{\"@type\":\"ImageObject\",\"inLanguage\":\"fr-FR\",\"@id\":\"https:\\\/\\\/winandofficews.com\\\/france\\\/product\\\/microsoft-visio-2021-standard-microsoft-project-2021-professional-microsoft-office-2021-professional-plus-microsoft-windows-11-professional-licence-pour-3-pc\\\/#primaryimage\",\"url\":\"https:\\\/\\\/winandofficews.com\\\/france\\\/wp-content\\\/uploads\\\/W11PO21PP21PV21S.png\",\"contentUrl\":\"https:\\\/\\\/winandofficews.com\\\/france\\\/wp-content\\\/uploads\\\/W11PO21PP21PV21S.png\"},{\"@type\":\"BreadcrumbList\",\"@id\":\"https:\\\/\\\/winandofficews.com\\\/france\\\/product\\\/microsoft-visio-2021-standard-microsoft-project-2021-professional-microsoft-office-2021-professional-plus-microsoft-windows-11-professional-licence-pour-3-pc\\\/#breadcrumb\",\"itemListElement\":[{\"@type\":\"ListItem\",\"position\":1,\"name\":\"Home\",\"item\":\"https:\\\/\\\/winandofficews.com\\\/france\\\/\"},{\"@type\":\"ListItem\",\"position\":2,\"name\":\"Boutique\",\"item\":\"https:\\\/\\\/winandofficews.com\\\/france\\\/shop\\\/\"},{\"@type\":\"ListItem\",\"position\":3,\"name\":\"Microsoft Visio 2021 Standard, Microsoft Project 2021 Professional, Microsoft Office 2021 Professional Plus, Microsoft Windows 11 Professional licence pour 3 PC\"}]},{\"@type\":\"WebSite\",\"@id\":\"https:\\\/\\\/winandofficews.com\\\/france\\\/#website\",\"url\":\"https:\\\/\\\/winandofficews.com\\\/france\\\/\",\"name\":\"France\",\"description\":\"Wholesales Store of Office\",\"publisher\":{\"@id\":\"https:\\\/\\\/winandofficews.com\\\/france\\\/#organization\"},\"potentialAction\":[{\"@type\":\"SearchAction\",\"target\":{\"@type\":\"EntryPoint\",\"urlTemplate\":\"https:\\\/\\\/winandofficews.com\\\/france\\\/?s={search_term_string}\"},\"query-input\":{\"@type\":\"PropertyValueSpecification\",\"valueRequired\":true,\"valueName\":\"search_term_string\"}}],\"inLanguage\":\"fr-FR\"},{\"@type\":\"Organization\",\"@id\":\"https:\\\/\\\/winandofficews.com\\\/france\\\/#organization\",\"name\":\"France\",\"url\":\"https:\\\/\\\/winandofficews.com\\\/france\\\/\",\"logo\":{\"@type\":\"ImageObject\",\"inLanguage\":\"fr-FR\",\"@id\":\"https:\\\/\\\/winandofficews.com\\\/france\\\/#\\\/schema\\\/logo\\\/image\\\/\",\"url\":\"https:\\\/\\\/winandofficews.com\\\/france\\\/wp-content\\\/uploads\\\/sites\\\/13\\\/logo14.png\",\"contentUrl\":\"https:\\\/\\\/winandofficews.com\\\/france\\\/wp-content\\\/uploads\\\/sites\\\/13\\\/logo14.png\",\"width\":322,\"height\":116,\"caption\":\"France\"},\"image\":{\"@id\":\"https:\\\/\\\/winandofficews.com\\\/france\\\/#\\\/schema\\\/logo\\\/image\\\/\"}}]}<\/script>\n<!-- \/ Yoast SEO plugin. -->","yoast_head_json":{"title":"Microsoft Visio 2021 Standard, Microsoft Project 2021 Professional, Microsoft Office 2021 Professional Plus, Microsoft Windows 11 Professional licence pour 3 PC - France","robots":{"index":"index","follow":"follow","max-snippet":"max-snippet:-1","max-image-preview":"max-image-preview:large","max-video-preview":"max-video-preview:-1"},"canonical":"https:\/\/winandofficews.com\/france\/product\/microsoft-visio-2021-standard-microsoft-project-2021-professional-microsoft-office-2021-professional-plus-microsoft-windows-11-professional-licence-pour-3-pc\/","og_locale":"fr_FR","og_type":"article","og_title":"Microsoft Visio 2021 Standard, Microsoft Project 2021 Professional, Microsoft Office 2021 Professional Plus, Microsoft Windows 11 Professional licence pour 3 PC - France","og_description":"Microsoft Visio 2021 Standard, Microsoft Project 2021 Professional, Microsoft Office 2021 Professional Plus, Microsoft Windows 11 Pro licence pour 3 PC  Avec cette licence, le logiciel peut \u00eatre activ\u00e9 sur 3 appareils diff\u00e9rents, par ex. PC domestique, ordinateur portable et PC de travail.  Version pour syst\u00e8mes 32 et 64 bits, versions compl\u00e8tes et illimit\u00e9es du logiciel provenant d'un partenaire Microsoft Gold certifi\u00e9  Garantie de remplacement \u00e0 vie !  Livraison par e-mail : cl\u00e9 produit, instructions, liens de t\u00e9l\u00e9chargement, facture  T\u00e9l\u00e9chargement instantan\u00e9 !  Aucune limite de dur\u00e9e, aucun abonnement  Assistance gratuite 24h\/24 et 7j\/7 en cas de probl\u00e8mes d'installation et d'activation  Pas de livraison sur le stockage de donn\u00e9es (USB, CD, etc.)  Activation en ligne et par t\u00e9l\u00e9phone  Langues : fran\u00e7ais, anglais, espagnol, italien, allemand, fran\u00e7ais   Ce produit est compatible avec Microsoft Windows.  NON compatible avec Apple macOS&trade;, les processeurs Apple, Parallels pour Mac, les appareils Android et les Chromebooks.","og_url":"https:\/\/winandofficews.com\/france\/product\/microsoft-visio-2021-standard-microsoft-project-2021-professional-microsoft-office-2021-professional-plus-microsoft-windows-11-professional-licence-pour-3-pc\/","og_site_name":"France","article_modified_time":"2026-04-14T19:28:55+00:00","twitter_card":"summary_large_image","twitter_misc":{"Dur\u00e9e de lecture estim\u00e9e":"4 minutes"},"schema":{"@context":"https:\/\/schema.org","@graph":[{"@type":"WebPage","@id":"https:\/\/winandofficews.com\/france\/product\/microsoft-visio-2021-standard-microsoft-project-2021-professional-microsoft-office-2021-professional-plus-microsoft-windows-11-professional-licence-pour-3-pc\/","url":"https:\/\/winandofficews.com\/france\/product\/microsoft-visio-2021-standard-microsoft-project-2021-professional-microsoft-office-2021-professional-plus-microsoft-windows-11-professional-licence-pour-3-pc\/","name":"Microsoft Visio 2021 Standard, Microsoft Project 2021 Professional, Microsoft Office 2021 Professional Plus, Microsoft Windows 11 Professional licence pour 3 PC - France","isPartOf":{"@id":"https:\/\/winandofficews.com\/france\/#website"},"primaryImageOfPage":{"@id":"https:\/\/winandofficews.com\/france\/product\/microsoft-visio-2021-standard-microsoft-project-2021-professional-microsoft-office-2021-professional-plus-microsoft-windows-11-professional-licence-pour-3-pc\/#primaryimage"},"image":{"@id":"https:\/\/winandofficews.com\/france\/product\/microsoft-visio-2021-standard-microsoft-project-2021-professional-microsoft-office-2021-professional-plus-microsoft-windows-11-professional-licence-pour-3-pc\/#primaryimage"},"thumbnailUrl":"https:\/\/winandofficews.com\/france\/wp-content\/uploads\/W11PO21PP21PV21S.png","datePublished":"2025-06-19T11:32:53+00:00","dateModified":"2026-04-14T19:28:55+00:00","breadcrumb":{"@id":"https:\/\/winandofficews.com\/france\/product\/microsoft-visio-2021-standard-microsoft-project-2021-professional-microsoft-office-2021-professional-plus-microsoft-windows-11-professional-licence-pour-3-pc\/#breadcrumb"},"inLanguage":"fr-FR","potentialAction":[{"@type":"ReadAction","target":["https:\/\/winandofficews.com\/france\/product\/microsoft-visio-2021-standard-microsoft-project-2021-professional-microsoft-office-2021-professional-plus-microsoft-windows-11-professional-licence-pour-3-pc\/"]}]},{"@type":"ImageObject","inLanguage":"fr-FR","@id":"https:\/\/winandofficews.com\/france\/product\/microsoft-visio-2021-standard-microsoft-project-2021-professional-microsoft-office-2021-professional-plus-microsoft-windows-11-professional-licence-pour-3-pc\/#primaryimage","url":"https:\/\/winandofficews.com\/france\/wp-content\/uploads\/W11PO21PP21PV21S.png","contentUrl":"https:\/\/winandofficews.com\/france\/wp-content\/uploads\/W11PO21PP21PV21S.png"},{"@type":"BreadcrumbList","@id":"https:\/\/winandofficews.com\/france\/product\/microsoft-visio-2021-standard-microsoft-project-2021-professional-microsoft-office-2021-professional-plus-microsoft-windows-11-professional-licence-pour-3-pc\/#breadcrumb","itemListElement":[{"@type":"ListItem","position":1,"name":"Home","item":"https:\/\/winandofficews.com\/france\/"},{"@type":"ListItem","position":2,"name":"Boutique","item":"https:\/\/winandofficews.com\/france\/shop\/"},{"@type":"ListItem","position":3,"name":"Microsoft Visio 2021 Standard, Microsoft Project 2021 Professional, Microsoft Office 2021 Professional Plus, Microsoft Windows 11 Professional licence pour 3 PC"}]},{"@type":"WebSite","@id":"https:\/\/winandofficews.com\/france\/#website","url":"https:\/\/winandofficews.com\/france\/","name":"France","description":"Wholesales Store of Office","publisher":{"@id":"https:\/\/winandofficews.com\/france\/#organization"},"potentialAction":[{"@type":"SearchAction","target":{"@type":"EntryPoint","urlTemplate":"https:\/\/winandofficews.com\/france\/?s={search_term_string}"},"query-input":{"@type":"PropertyValueSpecification","valueRequired":true,"valueName":"search_term_string"}}],"inLanguage":"fr-FR"},{"@type":"Organization","@id":"https:\/\/winandofficews.com\/france\/#organization","name":"France","url":"https:\/\/winandofficews.com\/france\/","logo":{"@type":"ImageObject","inLanguage":"fr-FR","@id":"https:\/\/winandofficews.com\/france\/#\/schema\/logo\/image\/","url":"https:\/\/winandofficews.com\/france\/wp-content\/uploads\/sites\/13\/logo14.png","contentUrl":"https:\/\/winandofficews.com\/france\/wp-content\/uploads\/sites\/13\/logo14.png","width":322,"height":116,"caption":"France"},"image":{"@id":"https:\/\/winandofficews.com\/france\/#\/schema\/logo\/image\/"}}]}},"_links":{"self":[{"href":"https:\/\/winandofficews.com\/france\/wp-json\/wp\/v2\/product\/87569","targetHints":{"allow":["GET"]}}],"collection":[{"href":"https:\/\/winandofficews.com\/france\/wp-json\/wp\/v2\/product"}],"about":[{"href":"https:\/\/winandofficews.com\/france\/wp-json\/wp\/v2\/types\/product"}],"replies":[{"embeddable":true,"href":"https:\/\/winandofficews.com\/france\/wp-json\/wp\/v2\/comments?post=87569"}],"wp:featuredmedia":[{"embeddable":true,"href":"https:\/\/winandofficews.com\/france\/wp-json\/"}],"wp:attachment":[{"href":"https:\/\/winandofficews.com\/france\/wp-json\/wp\/v2\/media?parent=87569"}],"wp:term":[{"taxonomy":"product_brand","embeddable":true,"href":"https:\/\/winandofficews.com\/france\/wp-json\/wp\/v2\/product_brand?post=87569"},{"taxonomy":"product_cat","embeddable":true,"href":"https:\/\/winandofficews.com\/france\/wp-json\/wp\/v2\/product_cat?post=87569"},{"taxonomy":"product_tag","embeddable":true,"href":"https:\/\/winandofficews.com\/france\/wp-json\/wp\/v2\/product_tag?post=87569"}],"curies":[{"name":"wp","href":"https:\/\/api.w.org\/{rel}","templated":true}]}}