{"id":87567,"date":"2025-06-19T13:32:52","date_gmt":"2025-06-19T11:32:52","guid":{"rendered":"https:\/\/winandofficews.com\/france\/?post_type=product&#038;p=87567"},"modified":"2026-04-14T21:35:25","modified_gmt":"2026-04-14T19:35:25","slug":"microsoft-windows-11-professional-microsoft-office-2021-professional-plus-licence-pour-3-pc","status":"publish","type":"product","link":"https:\/\/winandofficews.com\/france\/product\/microsoft-windows-11-professional-microsoft-office-2021-professional-plus-licence-pour-3-pc\/","title":{"rendered":"Microsoft Windows 11 Professional + Microsoft Office 2021 Professional Plus licence pour 3 PC"},"content":{"rendered":"<h3>Microsoft Windows 11 Professional licence pour 3 PC<\/h3>\n<p><strong>Cette licence permet d&#8217;activer le logiciel sur 3 appareils diff\u00e9rents, par exemple un ordinateur personnel, un ordinateur portable et un ordinateur professionnel.<\/strong><br \/>\n<strong>Garantie de remboursement \u00e0 vie!!!<\/strong><\/p>\n<p>Configuration requise<\/p>\n<ul>\n<li><strong>Processeur:<\/strong> 1 gigahertz (GHz) ou une fr\u00e9quence sup\u00e9rieure avec 2 c\u0153urs ou plus dans un processeur compatible 64 bits ou &#8221; System sur puce \u00bb ( SoC )<\/li>\n<li><strong>RAM:<\/strong> 4 gigaoctets (Go)<\/li>\n<li><strong>Stockage:<\/strong> 64 Go ou plus de stockage disponible sur l&#8217;appareil Remarque : Voir &#8220;En savoir plus sur l&#8217;espace de stockage dont vous avez besoin pour maintenir Microsoft Windows 11 \u00e0 jour&#8221;<\/li>\n<li><strong>Microprogramme du syst\u00e8me :<\/strong> D\u00e9marrage s\u00e9curis\u00e9 compatible UEFI.<\/li>\n<li><strong>TPM:<\/strong> Trusted Platform Module (TPM) version 2.0 (qui depuis 2016 est requis pour le mat\u00e9riel de tout ordinateur Microsoft Windows)<\/li>\n<li><strong>Carte graphique :<\/strong> Compatible avec DirectX 12 ou version ult\u00e9rieure avec pilote WDDM 2.0<\/li>\n<li><strong>Affichage:<\/strong> \u00c9cran d&#8217;au moins 9 pouces de diagonale, avec une haute d\u00e9finition 720p et 8 bits par canal de couleur.<\/li>\n<li><strong>Connexion Internet et comptes Microsoft :<\/strong> Vous aurez besoin d&#8217;un compte Microsoft et vous devrez \u00eatre connect\u00e9 \u00e0 Internet pour la configuration initiale et les mises \u00e0 jour.<\/li>\n<\/ul>\n<h3>Microsoft Office 2021 Professional Plus licence pour 3 PC<\/h3>\n<p><strong>Cette licence permet d&#8217;activer le logiciel sur 3 appareils diff\u00e9rents, par exemple un ordinateur personnel, un ordinateur portable et un ordinateur professionnel.<\/strong><\/p>\n<p><strong>Garantie de remboursement \u00e0 vie!!!<\/strong><\/p>\n<p>Microsoft Office 2021 Professional Plus Edition est id\u00e9al pour les utilisateurs qui utilisent la gamme compl\u00e8te d&#8217;applications \u00e0 la maison ou au bureau. Comprend la gamme compl\u00e8te des applications Microsoft <strong>Microsoft Office <\/strong>: Word, Excel, Outlook, PowerPoint, Publisher et Access. OneNote peut \u00eatre t\u00e9l\u00e9charg\u00e9 depuis le Microsoft Windows Store et vous permet de prendre rapidement des notes et de les rendre disponibles sur tous vos appareils via le cloud. B\u00e9n\u00e9ficiez de performances, d&#8217;une stabilit\u00e9 et d&#8217;une vitesse am\u00e9lior\u00e9es dans Word, Excel, PowerPoint et Outlook. B\u00e9n\u00e9ficiez de nouveaux outils de recherche am\u00e9lior\u00e9s, d&#8217;outils d&#8217;encrage, de types de donn\u00e9es, de fonctionnalit\u00e9s, d&#8217;outils de traduction et d&#8217;\u00e9dition, d&#8217;animations graphiques, de fonctionnalit\u00e9s faciles \u00e0 utiliser et bien plus encore dans l&#8217;ensemble de la suite Microsoft Office 2021.<\/p>\n<ul>\n<li><strong>Word:<\/strong> Cr\u00e9ez des documents texte de qualit\u00e9 professionnelle en un rien de temps.<\/li>\n<li><strong>Excel:<\/strong> Feuilles de calcul intelligentes, maintenant avec de nouvelles fonctionnalit\u00e9s comme XLOOKUP<\/li>\n<li><strong>PowerPoint: <\/strong>Fonctionnalit\u00e9s nouvelles et am\u00e9lior\u00e9es pour cr\u00e9er des pr\u00e9sentations dynamiques impressionnantes.<\/li>\n<li><strong>OneNote:<\/strong> Votre carnet num\u00e9rique dans le Cloud.<\/li>\n<li><strong>Perspectives:<\/strong> Communication simplifi\u00e9e ; inclut d\u00e9sormais de puissantes fonctionnalit\u00e9s de traduction.<\/li>\n<li><strong>\u00c9diteur:<\/strong> Cr\u00e9ation de design par des publications professionnelles<\/li>\n<li><strong>Acc\u00e8s:<\/strong> Cr\u00e9ation de base de donn\u00e9es simple et puissante<\/li>\n<li><strong>Microsoft Teams:<\/strong> Plus de productivit\u00e9 gr\u00e2ce \u00e0 la messagerie instantan\u00e9e et \u00e0 la visioconf\u00e9rence HD (disponible s\u00e9par\u00e9ment pour t\u00e9l\u00e9charger)<\/li>\n<\/ul>\n<p>REMARQUE : Microsoft ne regroupe plus de licence Teams avec les produits Office en raison d&#8217;une <a href=\"https:\/\/blogs.microsoft.com\/eupolicy\/2023\/08\/31\/european-competition-teams-office-microsoft-365\/\" target=\"_blank\" rel=\"noopener\">enqu\u00eate de la Commission Europ\u00e9enne<\/a>. Vous pouvez <a href=\"https:\/\/www.microsoft.com\/en-us\/microsoft-teams\/download-app\" target=\"_blank\" rel=\"noopener\">t\u00e9l\u00e9charger Teams<\/a> pour l&#8217;utiliser avec une licence gratuite ou payante ( achat s\u00e9par\u00e9) en fonction de vos besoins.<\/p>\n<p><strong>Assistance et assistance :<\/strong><\/p>\n<p>Pour toute question, n&#8217;h\u00e9sitez pas \u00e0 nous contacter <a href=\"mailto:france@dl-winandoffice.com\">par <\/a><a href=\"mailto:sales@%20dl-winandoffice.com\">email <\/a><\/p>\n<p>Notre service client et notre support sont disponibles 7 jours sur 7, 24 heures sur 24.<\/p>\n","protected":false},"excerpt":{"rendered":"<ul>\n<li>Microsoft Windows 11 Professional + Microsoft Office 2021 Professional Plus licence pour 3 PC<\/li>\n<li><strong>Avec cette licence, le logiciel peut \u00eatre activ\u00e9 sur 3 appareils diff\u00e9rents, par ex. PC domestique, ordinateur portable et PC de travail.<\/strong><\/li>\n<li>Version pour syst\u00e8mes 32 et 64 bits, versions compl\u00e8tes et illimit\u00e9es du logiciel <strong>provenant d&#8217;un partenaire Microsoft Gold certifi\u00e9<\/strong><\/li>\n<li><strong>Garantie de remplacement \u00e0 vie !<\/strong><\/li>\n<li>Livraison par e-mail : cl\u00e9 produit, instructions, liens de t\u00e9l\u00e9chargement, facture<\/li>\n<li>T\u00e9l\u00e9chargement instantan\u00e9 !<\/li>\n<li>Aucune limite de dur\u00e9e, aucun abonnement<\/li>\n<li>Assistance gratuite 24h\/24 et 7j\/7 en cas de probl\u00e8mes d&#8217;installation et d&#8217;activation<\/li>\n<li>Pas de livraison sur le stockage de donn\u00e9es (USB, CD, etc.)<\/li>\n<li>Activation en ligne et par t\u00e9l\u00e9phone<\/li>\n<li>Langues : <strong>fran\u00e7ais<\/strong>, anglais, espagnol, italien, allemand, fran\u00e7ais<\/li>\n<li><strong> Ce produit est compatible avec Microsoft Windows.<\/strong><\/li>\n<li><strong>NON compatible avec Apple macOS&trade;, les processeurs Apple, Parallels pour Mac, les appareils Android et les Chromebooks.<\/strong><\/li>\n<\/ul>\n","protected":false},"featured_media":1000007974,"comment_status":"closed","ping_status":"closed","template":"","meta":{"_acf_changed":false},"product_brand":[],"product_cat":[155],"product_tag":[277,289,290,291],"class_list":{"0":"post-87567","1":"product","2":"type-product","3":"status-publish","4":"has-post-thumbnail","6":"product_cat-microsoft-office","7":"product_tag-microsoft-office-2021-professional-plus","8":"product_tag-microsoft-windows-11-professional","9":"product_tag-microsoft-windows-11-professional-microsoft-office-2021-professional-plus","10":"product_tag-microsoft-windows-11-professional-microsoft-office-2021-professional-plus-licence-pour-3-pc","12":"first","13":"instock","14":"sale","15":"virtual","16":"taxable","17":"purchasable","18":"product-type-simple"},"acf":[],"yoast_head":"<!-- This site is optimized with the Yoast SEO plugin v27.4 - https:\/\/yoast.com\/product\/yoast-seo-wordpress\/ -->\n<title>Microsoft Windows 11 Professional + Microsoft Office 2021 Professional Plus licence pour 3 PC - France<\/title>\n<meta name=\"robots\" content=\"index, follow, max-snippet:-1, max-image-preview:large, max-video-preview:-1\" \/>\n<link rel=\"canonical\" href=\"https:\/\/winandofficews.com\/france\/product\/microsoft-windows-11-professional-microsoft-office-2021-professional-plus-licence-pour-3-pc\/\" \/>\n<meta property=\"og:locale\" content=\"fr_FR\" \/>\n<meta property=\"og:type\" content=\"article\" \/>\n<meta property=\"og:title\" content=\"Microsoft Windows 11 Professional + Microsoft Office 2021 Professional Plus licence pour 3 PC - France\" \/>\n<meta property=\"og:description\" content=\"Microsoft Windows 11 Professional + Microsoft Office 2021 Professional Plus licence pour 3 PC  Avec cette licence, le logiciel peut \u00eatre activ\u00e9 sur 3 appareils diff\u00e9rents, par ex. PC domestique, ordinateur portable et PC de travail.  Version pour syst\u00e8mes 32 et 64 bits, versions compl\u00e8tes et illimit\u00e9es du logiciel provenant d&#039;un partenaire Microsoft Gold certifi\u00e9  Garantie de remplacement \u00e0 vie !  Livraison par e-mail : cl\u00e9 produit, instructions, liens de t\u00e9l\u00e9chargement, facture  T\u00e9l\u00e9chargement instantan\u00e9 !  Aucune limite de dur\u00e9e, aucun abonnement  Assistance gratuite 24h\/24 et 7j\/7 en cas de probl\u00e8mes d&#039;installation et d&#039;activation  Pas de livraison sur le stockage de donn\u00e9es (USB, CD, etc.)  Activation en ligne et par t\u00e9l\u00e9phone  Langues : fran\u00e7ais, anglais, espagnol, italien, allemand, fran\u00e7ais   Ce produit est compatible avec Microsoft Windows.  NON compatible avec Apple macOS&trade;, les processeurs Apple, Parallels pour Mac, les appareils Android et les Chromebooks.\" \/>\n<meta property=\"og:url\" content=\"https:\/\/winandofficews.com\/france\/product\/microsoft-windows-11-professional-microsoft-office-2021-professional-plus-licence-pour-3-pc\/\" \/>\n<meta property=\"og:site_name\" content=\"France\" \/>\n<meta property=\"article:modified_time\" content=\"2026-04-14T19:35:25+00:00\" \/>\n<meta name=\"twitter:card\" content=\"summary_large_image\" \/>\n<meta name=\"twitter:label1\" content=\"Dur\u00e9e de lecture estim\u00e9e\" \/>\n\t<meta name=\"twitter:data1\" content=\"3 minutes\" \/>\n<script type=\"application\/ld+json\" class=\"yoast-schema-graph\">{\"@context\":\"https:\\\/\\\/schema.org\",\"@graph\":[{\"@type\":\"WebPage\",\"@id\":\"https:\\\/\\\/winandofficews.com\\\/france\\\/product\\\/microsoft-windows-11-professional-microsoft-office-2021-professional-plus-licence-pour-3-pc\\\/\",\"url\":\"https:\\\/\\\/winandofficews.com\\\/france\\\/product\\\/microsoft-windows-11-professional-microsoft-office-2021-professional-plus-licence-pour-3-pc\\\/\",\"name\":\"Microsoft Windows 11 Professional + Microsoft Office 2021 Professional Plus licence pour 3 PC - France\",\"isPartOf\":{\"@id\":\"https:\\\/\\\/winandofficews.com\\\/france\\\/#website\"},\"primaryImageOfPage\":{\"@id\":\"https:\\\/\\\/winandofficews.com\\\/france\\\/product\\\/microsoft-windows-11-professional-microsoft-office-2021-professional-plus-licence-pour-3-pc\\\/#primaryimage\"},\"image\":{\"@id\":\"https:\\\/\\\/winandofficews.com\\\/france\\\/product\\\/microsoft-windows-11-professional-microsoft-office-2021-professional-plus-licence-pour-3-pc\\\/#primaryimage\"},\"thumbnailUrl\":\"https:\\\/\\\/winandofficews.com\\\/france\\\/wp-content\\\/uploads\\\/W11PO21P.png\",\"datePublished\":\"2025-06-19T11:32:52+00:00\",\"dateModified\":\"2026-04-14T19:35:25+00:00\",\"breadcrumb\":{\"@id\":\"https:\\\/\\\/winandofficews.com\\\/france\\\/product\\\/microsoft-windows-11-professional-microsoft-office-2021-professional-plus-licence-pour-3-pc\\\/#breadcrumb\"},\"inLanguage\":\"fr-FR\",\"potentialAction\":[{\"@type\":\"ReadAction\",\"target\":[\"https:\\\/\\\/winandofficews.com\\\/france\\\/product\\\/microsoft-windows-11-professional-microsoft-office-2021-professional-plus-licence-pour-3-pc\\\/\"]}]},{\"@type\":\"ImageObject\",\"inLanguage\":\"fr-FR\",\"@id\":\"https:\\\/\\\/winandofficews.com\\\/france\\\/product\\\/microsoft-windows-11-professional-microsoft-office-2021-professional-plus-licence-pour-3-pc\\\/#primaryimage\",\"url\":\"https:\\\/\\\/winandofficews.com\\\/france\\\/wp-content\\\/uploads\\\/W11PO21P.png\",\"contentUrl\":\"https:\\\/\\\/winandofficews.com\\\/france\\\/wp-content\\\/uploads\\\/W11PO21P.png\"},{\"@type\":\"BreadcrumbList\",\"@id\":\"https:\\\/\\\/winandofficews.com\\\/france\\\/product\\\/microsoft-windows-11-professional-microsoft-office-2021-professional-plus-licence-pour-3-pc\\\/#breadcrumb\",\"itemListElement\":[{\"@type\":\"ListItem\",\"position\":1,\"name\":\"Home\",\"item\":\"https:\\\/\\\/winandofficews.com\\\/france\\\/\"},{\"@type\":\"ListItem\",\"position\":2,\"name\":\"Boutique\",\"item\":\"https:\\\/\\\/winandofficews.com\\\/france\\\/shop\\\/\"},{\"@type\":\"ListItem\",\"position\":3,\"name\":\"Microsoft Windows 11 Professional + Microsoft Office 2021 Professional Plus licence pour 3 PC\"}]},{\"@type\":\"WebSite\",\"@id\":\"https:\\\/\\\/winandofficews.com\\\/france\\\/#website\",\"url\":\"https:\\\/\\\/winandofficews.com\\\/france\\\/\",\"name\":\"France\",\"description\":\"Wholesales Store of Office\",\"publisher\":{\"@id\":\"https:\\\/\\\/winandofficews.com\\\/france\\\/#organization\"},\"potentialAction\":[{\"@type\":\"SearchAction\",\"target\":{\"@type\":\"EntryPoint\",\"urlTemplate\":\"https:\\\/\\\/winandofficews.com\\\/france\\\/?s={search_term_string}\"},\"query-input\":{\"@type\":\"PropertyValueSpecification\",\"valueRequired\":true,\"valueName\":\"search_term_string\"}}],\"inLanguage\":\"fr-FR\"},{\"@type\":\"Organization\",\"@id\":\"https:\\\/\\\/winandofficews.com\\\/france\\\/#organization\",\"name\":\"France\",\"url\":\"https:\\\/\\\/winandofficews.com\\\/france\\\/\",\"logo\":{\"@type\":\"ImageObject\",\"inLanguage\":\"fr-FR\",\"@id\":\"https:\\\/\\\/winandofficews.com\\\/france\\\/#\\\/schema\\\/logo\\\/image\\\/\",\"url\":\"https:\\\/\\\/winandofficews.com\\\/france\\\/wp-content\\\/uploads\\\/sites\\\/13\\\/logo14.png\",\"contentUrl\":\"https:\\\/\\\/winandofficews.com\\\/france\\\/wp-content\\\/uploads\\\/sites\\\/13\\\/logo14.png\",\"width\":322,\"height\":116,\"caption\":\"France\"},\"image\":{\"@id\":\"https:\\\/\\\/winandofficews.com\\\/france\\\/#\\\/schema\\\/logo\\\/image\\\/\"}}]}<\/script>\n<!-- \/ Yoast SEO plugin. -->","yoast_head_json":{"title":"Microsoft Windows 11 Professional + Microsoft Office 2021 Professional Plus licence pour 3 PC - France","robots":{"index":"index","follow":"follow","max-snippet":"max-snippet:-1","max-image-preview":"max-image-preview:large","max-video-preview":"max-video-preview:-1"},"canonical":"https:\/\/winandofficews.com\/france\/product\/microsoft-windows-11-professional-microsoft-office-2021-professional-plus-licence-pour-3-pc\/","og_locale":"fr_FR","og_type":"article","og_title":"Microsoft Windows 11 Professional + Microsoft Office 2021 Professional Plus licence pour 3 PC - France","og_description":"Microsoft Windows 11 Professional + Microsoft Office 2021 Professional Plus licence pour 3 PC  Avec cette licence, le logiciel peut \u00eatre activ\u00e9 sur 3 appareils diff\u00e9rents, par ex. PC domestique, ordinateur portable et PC de travail.  Version pour syst\u00e8mes 32 et 64 bits, versions compl\u00e8tes et illimit\u00e9es du logiciel provenant d'un partenaire Microsoft Gold certifi\u00e9  Garantie de remplacement \u00e0 vie !  Livraison par e-mail : cl\u00e9 produit, instructions, liens de t\u00e9l\u00e9chargement, facture  T\u00e9l\u00e9chargement instantan\u00e9 !  Aucune limite de dur\u00e9e, aucun abonnement  Assistance gratuite 24h\/24 et 7j\/7 en cas de probl\u00e8mes d'installation et d'activation  Pas de livraison sur le stockage de donn\u00e9es (USB, CD, etc.)  Activation en ligne et par t\u00e9l\u00e9phone  Langues : fran\u00e7ais, anglais, espagnol, italien, allemand, fran\u00e7ais   Ce produit est compatible avec Microsoft Windows.  NON compatible avec Apple macOS&trade;, les processeurs Apple, Parallels pour Mac, les appareils Android et les Chromebooks.","og_url":"https:\/\/winandofficews.com\/france\/product\/microsoft-windows-11-professional-microsoft-office-2021-professional-plus-licence-pour-3-pc\/","og_site_name":"France","article_modified_time":"2026-04-14T19:35:25+00:00","twitter_card":"summary_large_image","twitter_misc":{"Dur\u00e9e de lecture estim\u00e9e":"3 minutes"},"schema":{"@context":"https:\/\/schema.org","@graph":[{"@type":"WebPage","@id":"https:\/\/winandofficews.com\/france\/product\/microsoft-windows-11-professional-microsoft-office-2021-professional-plus-licence-pour-3-pc\/","url":"https:\/\/winandofficews.com\/france\/product\/microsoft-windows-11-professional-microsoft-office-2021-professional-plus-licence-pour-3-pc\/","name":"Microsoft Windows 11 Professional + Microsoft Office 2021 Professional Plus licence pour 3 PC - France","isPartOf":{"@id":"https:\/\/winandofficews.com\/france\/#website"},"primaryImageOfPage":{"@id":"https:\/\/winandofficews.com\/france\/product\/microsoft-windows-11-professional-microsoft-office-2021-professional-plus-licence-pour-3-pc\/#primaryimage"},"image":{"@id":"https:\/\/winandofficews.com\/france\/product\/microsoft-windows-11-professional-microsoft-office-2021-professional-plus-licence-pour-3-pc\/#primaryimage"},"thumbnailUrl":"https:\/\/winandofficews.com\/france\/wp-content\/uploads\/W11PO21P.png","datePublished":"2025-06-19T11:32:52+00:00","dateModified":"2026-04-14T19:35:25+00:00","breadcrumb":{"@id":"https:\/\/winandofficews.com\/france\/product\/microsoft-windows-11-professional-microsoft-office-2021-professional-plus-licence-pour-3-pc\/#breadcrumb"},"inLanguage":"fr-FR","potentialAction":[{"@type":"ReadAction","target":["https:\/\/winandofficews.com\/france\/product\/microsoft-windows-11-professional-microsoft-office-2021-professional-plus-licence-pour-3-pc\/"]}]},{"@type":"ImageObject","inLanguage":"fr-FR","@id":"https:\/\/winandofficews.com\/france\/product\/microsoft-windows-11-professional-microsoft-office-2021-professional-plus-licence-pour-3-pc\/#primaryimage","url":"https:\/\/winandofficews.com\/france\/wp-content\/uploads\/W11PO21P.png","contentUrl":"https:\/\/winandofficews.com\/france\/wp-content\/uploads\/W11PO21P.png"},{"@type":"BreadcrumbList","@id":"https:\/\/winandofficews.com\/france\/product\/microsoft-windows-11-professional-microsoft-office-2021-professional-plus-licence-pour-3-pc\/#breadcrumb","itemListElement":[{"@type":"ListItem","position":1,"name":"Home","item":"https:\/\/winandofficews.com\/france\/"},{"@type":"ListItem","position":2,"name":"Boutique","item":"https:\/\/winandofficews.com\/france\/shop\/"},{"@type":"ListItem","position":3,"name":"Microsoft Windows 11 Professional + Microsoft Office 2021 Professional Plus licence pour 3 PC"}]},{"@type":"WebSite","@id":"https:\/\/winandofficews.com\/france\/#website","url":"https:\/\/winandofficews.com\/france\/","name":"France","description":"Wholesales Store of Office","publisher":{"@id":"https:\/\/winandofficews.com\/france\/#organization"},"potentialAction":[{"@type":"SearchAction","target":{"@type":"EntryPoint","urlTemplate":"https:\/\/winandofficews.com\/france\/?s={search_term_string}"},"query-input":{"@type":"PropertyValueSpecification","valueRequired":true,"valueName":"search_term_string"}}],"inLanguage":"fr-FR"},{"@type":"Organization","@id":"https:\/\/winandofficews.com\/france\/#organization","name":"France","url":"https:\/\/winandofficews.com\/france\/","logo":{"@type":"ImageObject","inLanguage":"fr-FR","@id":"https:\/\/winandofficews.com\/france\/#\/schema\/logo\/image\/","url":"https:\/\/winandofficews.com\/france\/wp-content\/uploads\/sites\/13\/logo14.png","contentUrl":"https:\/\/winandofficews.com\/france\/wp-content\/uploads\/sites\/13\/logo14.png","width":322,"height":116,"caption":"France"},"image":{"@id":"https:\/\/winandofficews.com\/france\/#\/schema\/logo\/image\/"}}]}},"_links":{"self":[{"href":"https:\/\/winandofficews.com\/france\/wp-json\/wp\/v2\/product\/87567","targetHints":{"allow":["GET"]}}],"collection":[{"href":"https:\/\/winandofficews.com\/france\/wp-json\/wp\/v2\/product"}],"about":[{"href":"https:\/\/winandofficews.com\/france\/wp-json\/wp\/v2\/types\/product"}],"replies":[{"embeddable":true,"href":"https:\/\/winandofficews.com\/france\/wp-json\/wp\/v2\/comments?post=87567"}],"wp:featuredmedia":[{"embeddable":true,"href":"https:\/\/winandofficews.com\/france\/wp-json\/"}],"wp:attachment":[{"href":"https:\/\/winandofficews.com\/france\/wp-json\/wp\/v2\/media?parent=87567"}],"wp:term":[{"taxonomy":"product_brand","embeddable":true,"href":"https:\/\/winandofficews.com\/france\/wp-json\/wp\/v2\/product_brand?post=87567"},{"taxonomy":"product_cat","embeddable":true,"href":"https:\/\/winandofficews.com\/france\/wp-json\/wp\/v2\/product_cat?post=87567"},{"taxonomy":"product_tag","embeddable":true,"href":"https:\/\/winandofficews.com\/france\/wp-json\/wp\/v2\/product_tag?post=87567"}],"curies":[{"name":"wp","href":"https:\/\/api.w.org\/{rel}","templated":true}]}}