{"id":87565,"date":"2025-06-19T13:32:52","date_gmt":"2025-06-19T11:32:52","guid":{"rendered":"https:\/\/winandofficews.com\/france\/?post_type=product&#038;p=87565"},"modified":"2026-04-14T21:40:00","modified_gmt":"2026-04-14T19:40:00","slug":"microsoft-office-2019-professional-plus-licence-pour-3-pc","status":"publish","type":"product","link":"https:\/\/winandofficews.com\/france\/product\/microsoft-office-2019-professional-plus-licence-pour-3-pc\/","title":{"rendered":"Microsoft Office 2019 Professional Plus licence pour 3 PC"},"content":{"rendered":"<h3>Microsoft Office 2019 Professional Plus licence pour 3 PC<\/h3>\n<p><strong>Cette licence permet d&#8217;activer le logiciel sur 3 appareils diff\u00e9rents, par exemple un ordinateur personnel, un ordinateur portable et un ordinateur professionnel.<\/strong><br \/>\nChoisissez Microsoft Office 2019 Professionnel Plus d\u00e8s aujourd&#8217;hui et vous recevrez la solution bureautique la plus r\u00e9cente et la plus moderne de Microsoft. En plus des applications traditionnelles, vous avez automatiquement acc\u00e8s aux applications bas\u00e9es sur un navigateur et \u00e0 Skype Entreprise. Gr\u00e2ce \u00e0 une communication rationalis\u00e9e, vous pouvez travailler plus efficacement avec les autres.<\/p>\n<p><strong>Tout ce dont vous avez besoin en un coup d&#8217;\u0153il :<\/strong><\/p>\n<ul>\n<li><strong>Word 2019 <\/strong>\u2013 Pour la cr\u00e9ation et l&#8217;\u00e9dition de vos textes et documents<\/li>\n<li><strong>Excel 2019 <\/strong>\u2013 Pour traiter les enregistrements de donn\u00e9es sous forme de tableau<\/li>\n<li><strong>PowerPoint 2019 <\/strong>\u2013 Pour cr\u00e9er des pr\u00e9sentations inspirantes<\/li>\n<li><strong>Outlook 2019<\/strong> \u2013 Pour g\u00e9rer vos e-mails, contacts, plannings et t\u00e2ches<\/li>\n<li><strong>Publisher 2019<\/strong> &#8211; Pour cr\u00e9er facilement des publications d&#8217;aspect professionnel<\/li>\n<li><strong>Access 2019<\/strong> \u2013 Pour la cr\u00e9ation de bases de donn\u00e9es avec acc\u00e8s Internet<\/li>\n<li><strong>Lync 2019<\/strong> (Skype Entreprise) : pour une productivit\u00e9 accrue gr\u00e2ce \u00e0 la messagerie instantan\u00e9e et une communication et une collaboration simplifi\u00e9es gr\u00e2ce \u00e0 la visioconf\u00e9rence HD<\/li>\n<li><strong>Applications Web<\/strong> (Word, Excel, PowerPoint)<\/li>\n<\/ul>\n<p>OneNote ne fait plus partie de la suite Microsoft Office, il est d\u00e9sormais inclus dans le syst\u00e8me d&#8217;exploitation Microsoft Windows 10, qui est requis pour utiliser Microsoft Office 2021. <strong>Les anciennes versions de Microsoft Windows ne sont pas prises en charge.<\/strong><\/p>\n<p><strong>Travail d&#8217;\u00e9quipe<\/strong><\/p>\n<p>Travailler ensemble est une innovation importante et cruciale dans la suite Microsoft Office. Vos employ\u00e9s peuvent modifier un fichier ou continuer \u00e0 travailler sur le document en m\u00eame temps. Cette option est disponible pour tous les composants Microsoft Office, de Word \u00e0 Excel et de PowerPoint \u00e0 OneNote. Les fichiers ne doivent \u00eatre enregistr\u00e9s que sur SharePoint Online, OneDrive ou OneDrive Entreprise et publi\u00e9s aux employ\u00e9s appropri\u00e9s. La lib\u00e9ration est tr\u00e8s simple gr\u00e2ce \u00e0 un bouton dans le programme.<br \/>\nSkype Entreprise est un autre outil de la suite Microsoft Office 2019 Pro Plus qui favorise la collaboration. Les utilisateurs peuvent voir le statut en ligne des membres de l&#8217;\u00e9quipe en un coup d&#8217;\u0153il et peuvent initier un chat, un appel Internet, une conversation de groupe ou un flux vid\u00e9o si n\u00e9cessaire.<\/p>\n<p><strong>Utilisez votre temps plus efficacement avec un programme de messagerie intelligent<\/strong><\/p>\n<p>Votre bo\u00eete de r\u00e9ception se remplit rapidement de courriers et de spams sans importance. cela signifie que vous ou vos employ\u00e9s ne pouvez pas travailler efficacement et que vous perdez du temps. Microsoft Outlook 2019 a \u00e9t\u00e9 d\u00e9velopp\u00e9 et \u00e9tendu pour inclure la fonction &#8220;Clutter&#8221; pour que le programme lui-m\u00eame d\u00e9tecte les e-mails non pertinents et les classe imm\u00e9diatement. Cela rend votre bo\u00eete de r\u00e9ception plus claire et vous rapproche des t\u00e2ches vraiment importantes.<\/p>\n<p><strong>S\u00e9curit\u00e9 renforc\u00e9e pour votre bureau num\u00e9rique<\/strong><\/p>\n<p>Une autre innovation est la s\u00e9curit\u00e9 renforc\u00e9e avec &#8220;Data Loss Prevention&#8221;. Il est d\u00e9sormais plus facile de contr\u00f4ler dans les programmes quelles informations peuvent \u00eatre int\u00e9gr\u00e9es dans les documents et transmises. Les administrateurs ont \u00e9galement la possibilit\u00e9 de bloquer ou de restreindre l&#8217;acc\u00e8s \u00e0 certaines donn\u00e9es. De plus, les utilisateurs sont inform\u00e9s du risque de perte de donn\u00e9es gr\u00e2ce \u00e0 des notifications de risques potentiels. Gr\u00e2ce aux services cloud comme OneDrive, vos donn\u00e9es ne sont pas perdues m\u00eame en cas de panne d&#8217;un serveur ou d&#8217;un appareil. Vous pouvez facilement acc\u00e9der et modifier des fichiers de n&#8217;importe o\u00f9 dans le monde.<\/p>\n<p><strong>Configuration requise :<\/strong><\/p>\n<ul>\n<li>Processeur 2 c\u0153urs \u00e0 1,6 GHz<\/li>\n<li>Syst\u00e8me d&#8217;exploitation Microsoft Windows 10<\/li>\n<li>2 Go (32 bits), 4 Go (64 bits) de RAM<\/li>\n<li>4 Go d&#8217;espace disque disponible<\/li>\n<li>Carte graphique DirectX 10 pour utiliser l&#8217;acc\u00e9l\u00e9ration mat\u00e9rielle graphique<\/li>\n<\/ul>\n<p><strong>Assistance et assistance :<\/strong><\/p>\n<p>Pour toute question, n&#8217;h\u00e9sitez pas \u00e0 nous contacter <a href=\"mailto:france@dl-winandoffice.com\">par <\/a><a href=\"mailto:sales@%20dl-winandoffice.com\">email <\/a><\/p>\n<p>Notre service client et notre support sont disponibles 7 jours sur 7, 24 heures sur 24.<\/p>\n","protected":false},"excerpt":{"rendered":"<ul>\n<li><strong>Microsoft Office 2019 Professional Plus licence pour 3 PC<\/strong><\/li>\n<li><strong>Cette licence permet d&#8217;activer le logiciel sur 3 appareils diff\u00e9rents<\/strong>, par exemple un ordinateur personnel, un ordinateur portable et un ordinateur professionnel.<\/li>\n<li>Versions pour les syst\u00e8mes 32 et 64 bits disponibles<\/li>\n<li>Envoi par e-mail : cl\u00e9 de produit, instructions, liens de t\u00e9l\u00e9chargement, facture<\/li>\n<li>T\u00e9l\u00e9chargement instantan\u00e9 !<\/li>\n<li>Aucune limite de dur\u00e9e, aucun abonnement<\/li>\n<li>Assistance gratuite 24h\/24 et 7j\/7 en cas de probl\u00e8mes d&#8217;installation et d&#8217;activation<\/li>\n<li>Pas de livraison sur le stockage de donn\u00e9es (USB, CD, etc.)<\/li>\n<li>Activation en ligne et par t\u00e9l\u00e9phone<\/li>\n<li>Pour Microsoft Windows<\/li>\n<li><strong> Ce produit est compatible avec Microsoft Windows.<\/strong><\/li>\n<li><strong>NON compatible avec Apple macOS&trade;, les processeurs Apple, Parallels pour Mac, les appareils Android et les Chromebooks.<\/strong><\/li>\n<\/ul>\n","protected":false},"featured_media":1000007962,"comment_status":"closed","ping_status":"closed","template":"","meta":{"_acf_changed":false},"product_brand":[],"product_cat":[155],"product_tag":[281,284,285,108],"class_list":{"0":"post-87565","1":"product","2":"type-product","3":"status-publish","4":"has-post-thumbnail","6":"product_cat-microsoft-office","7":"product_tag-microsoft-office-2019","8":"product_tag-microsoft-office-2019-professional-plus","9":"product_tag-microsoft-office-2019-professional-plus-licence-pour-3-pc","10":"product_tag-ms-office","12":"first","13":"instock","14":"sale","15":"virtual","16":"taxable","17":"purchasable","18":"product-type-simple"},"acf":[],"yoast_head":"<!-- This site is optimized with the Yoast SEO plugin v27.4 - https:\/\/yoast.com\/product\/yoast-seo-wordpress\/ -->\n<title>Microsoft Office 2019 Professional Plus licence pour 3 PC - France<\/title>\n<meta name=\"robots\" content=\"index, follow, max-snippet:-1, max-image-preview:large, max-video-preview:-1\" \/>\n<link rel=\"canonical\" href=\"https:\/\/winandofficews.com\/france\/product\/microsoft-office-2019-professional-plus-licence-pour-3-pc\/\" \/>\n<meta property=\"og:locale\" content=\"fr_FR\" \/>\n<meta property=\"og:type\" content=\"article\" \/>\n<meta property=\"og:title\" content=\"Microsoft Office 2019 Professional Plus licence pour 3 PC - France\" \/>\n<meta property=\"og:description\" content=\"Microsoft Office 2019 Professional Plus licence pour 3 PC  Cette licence permet d&#039;activer le logiciel sur 3 appareils diff\u00e9rents, par exemple un ordinateur personnel, un ordinateur portable et un ordinateur professionnel.  Versions pour les syst\u00e8mes 32 et 64 bits disponibles  Envoi par e-mail : cl\u00e9 de produit, instructions, liens de t\u00e9l\u00e9chargement, facture  T\u00e9l\u00e9chargement instantan\u00e9 !  Aucune limite de dur\u00e9e, aucun abonnement  Assistance gratuite 24h\/24 et 7j\/7 en cas de probl\u00e8mes d&#039;installation et d&#039;activation  Pas de livraison sur le stockage de donn\u00e9es (USB, CD, etc.)  Activation en ligne et par t\u00e9l\u00e9phone  Pour Microsoft Windows   Ce produit est compatible avec Microsoft Windows.  NON compatible avec Apple macOS&trade;, les processeurs Apple, Parallels pour Mac, les appareils Android et les Chromebooks.\" \/>\n<meta property=\"og:url\" content=\"https:\/\/winandofficews.com\/france\/product\/microsoft-office-2019-professional-plus-licence-pour-3-pc\/\" \/>\n<meta property=\"og:site_name\" content=\"France\" \/>\n<meta property=\"article:modified_time\" content=\"2026-04-14T19:40:00+00:00\" \/>\n<meta name=\"twitter:card\" content=\"summary_large_image\" \/>\n<meta name=\"twitter:label1\" content=\"Dur\u00e9e de lecture estim\u00e9e\" \/>\n\t<meta name=\"twitter:data1\" content=\"4 minutes\" \/>\n<script type=\"application\/ld+json\" class=\"yoast-schema-graph\">{\"@context\":\"https:\\\/\\\/schema.org\",\"@graph\":[{\"@type\":\"WebPage\",\"@id\":\"https:\\\/\\\/winandofficews.com\\\/france\\\/product\\\/microsoft-office-2019-professional-plus-licence-pour-3-pc\\\/\",\"url\":\"https:\\\/\\\/winandofficews.com\\\/france\\\/product\\\/microsoft-office-2019-professional-plus-licence-pour-3-pc\\\/\",\"name\":\"Microsoft Office 2019 Professional Plus licence pour 3 PC - France\",\"isPartOf\":{\"@id\":\"https:\\\/\\\/winandofficews.com\\\/france\\\/#website\"},\"primaryImageOfPage\":{\"@id\":\"https:\\\/\\\/winandofficews.com\\\/france\\\/product\\\/microsoft-office-2019-professional-plus-licence-pour-3-pc\\\/#primaryimage\"},\"image\":{\"@id\":\"https:\\\/\\\/winandofficews.com\\\/france\\\/product\\\/microsoft-office-2019-professional-plus-licence-pour-3-pc\\\/#primaryimage\"},\"thumbnailUrl\":\"https:\\\/\\\/winandofficews.com\\\/france\\\/wp-content\\\/uploads\\\/o19p.jpg\",\"datePublished\":\"2025-06-19T11:32:52+00:00\",\"dateModified\":\"2026-04-14T19:40:00+00:00\",\"breadcrumb\":{\"@id\":\"https:\\\/\\\/winandofficews.com\\\/france\\\/product\\\/microsoft-office-2019-professional-plus-licence-pour-3-pc\\\/#breadcrumb\"},\"inLanguage\":\"fr-FR\",\"potentialAction\":[{\"@type\":\"ReadAction\",\"target\":[\"https:\\\/\\\/winandofficews.com\\\/france\\\/product\\\/microsoft-office-2019-professional-plus-licence-pour-3-pc\\\/\"]}]},{\"@type\":\"ImageObject\",\"inLanguage\":\"fr-FR\",\"@id\":\"https:\\\/\\\/winandofficews.com\\\/france\\\/product\\\/microsoft-office-2019-professional-plus-licence-pour-3-pc\\\/#primaryimage\",\"url\":\"https:\\\/\\\/winandofficews.com\\\/france\\\/wp-content\\\/uploads\\\/o19p.jpg\",\"contentUrl\":\"https:\\\/\\\/winandofficews.com\\\/france\\\/wp-content\\\/uploads\\\/o19p.jpg\"},{\"@type\":\"BreadcrumbList\",\"@id\":\"https:\\\/\\\/winandofficews.com\\\/france\\\/product\\\/microsoft-office-2019-professional-plus-licence-pour-3-pc\\\/#breadcrumb\",\"itemListElement\":[{\"@type\":\"ListItem\",\"position\":1,\"name\":\"Home\",\"item\":\"https:\\\/\\\/winandofficews.com\\\/france\\\/\"},{\"@type\":\"ListItem\",\"position\":2,\"name\":\"Boutique\",\"item\":\"https:\\\/\\\/winandofficews.com\\\/france\\\/shop\\\/\"},{\"@type\":\"ListItem\",\"position\":3,\"name\":\"Microsoft Office 2019 Professional Plus licence pour 3 PC\"}]},{\"@type\":\"WebSite\",\"@id\":\"https:\\\/\\\/winandofficews.com\\\/france\\\/#website\",\"url\":\"https:\\\/\\\/winandofficews.com\\\/france\\\/\",\"name\":\"France\",\"description\":\"Wholesales Store of Office\",\"publisher\":{\"@id\":\"https:\\\/\\\/winandofficews.com\\\/france\\\/#organization\"},\"potentialAction\":[{\"@type\":\"SearchAction\",\"target\":{\"@type\":\"EntryPoint\",\"urlTemplate\":\"https:\\\/\\\/winandofficews.com\\\/france\\\/?s={search_term_string}\"},\"query-input\":{\"@type\":\"PropertyValueSpecification\",\"valueRequired\":true,\"valueName\":\"search_term_string\"}}],\"inLanguage\":\"fr-FR\"},{\"@type\":\"Organization\",\"@id\":\"https:\\\/\\\/winandofficews.com\\\/france\\\/#organization\",\"name\":\"France\",\"url\":\"https:\\\/\\\/winandofficews.com\\\/france\\\/\",\"logo\":{\"@type\":\"ImageObject\",\"inLanguage\":\"fr-FR\",\"@id\":\"https:\\\/\\\/winandofficews.com\\\/france\\\/#\\\/schema\\\/logo\\\/image\\\/\",\"url\":\"https:\\\/\\\/winandofficews.com\\\/france\\\/wp-content\\\/uploads\\\/sites\\\/13\\\/logo14.png\",\"contentUrl\":\"https:\\\/\\\/winandofficews.com\\\/france\\\/wp-content\\\/uploads\\\/sites\\\/13\\\/logo14.png\",\"width\":322,\"height\":116,\"caption\":\"France\"},\"image\":{\"@id\":\"https:\\\/\\\/winandofficews.com\\\/france\\\/#\\\/schema\\\/logo\\\/image\\\/\"}}]}<\/script>\n<!-- \/ Yoast SEO plugin. -->","yoast_head_json":{"title":"Microsoft Office 2019 Professional Plus licence pour 3 PC - France","robots":{"index":"index","follow":"follow","max-snippet":"max-snippet:-1","max-image-preview":"max-image-preview:large","max-video-preview":"max-video-preview:-1"},"canonical":"https:\/\/winandofficews.com\/france\/product\/microsoft-office-2019-professional-plus-licence-pour-3-pc\/","og_locale":"fr_FR","og_type":"article","og_title":"Microsoft Office 2019 Professional Plus licence pour 3 PC - France","og_description":"Microsoft Office 2019 Professional Plus licence pour 3 PC  Cette licence permet d'activer le logiciel sur 3 appareils diff\u00e9rents, par exemple un ordinateur personnel, un ordinateur portable et un ordinateur professionnel.  Versions pour les syst\u00e8mes 32 et 64 bits disponibles  Envoi par e-mail : cl\u00e9 de produit, instructions, liens de t\u00e9l\u00e9chargement, facture  T\u00e9l\u00e9chargement instantan\u00e9 !  Aucune limite de dur\u00e9e, aucun abonnement  Assistance gratuite 24h\/24 et 7j\/7 en cas de probl\u00e8mes d'installation et d'activation  Pas de livraison sur le stockage de donn\u00e9es (USB, CD, etc.)  Activation en ligne et par t\u00e9l\u00e9phone  Pour Microsoft Windows   Ce produit est compatible avec Microsoft Windows.  NON compatible avec Apple macOS&trade;, les processeurs Apple, Parallels pour Mac, les appareils Android et les Chromebooks.","og_url":"https:\/\/winandofficews.com\/france\/product\/microsoft-office-2019-professional-plus-licence-pour-3-pc\/","og_site_name":"France","article_modified_time":"2026-04-14T19:40:00+00:00","twitter_card":"summary_large_image","twitter_misc":{"Dur\u00e9e de lecture estim\u00e9e":"4 minutes"},"schema":{"@context":"https:\/\/schema.org","@graph":[{"@type":"WebPage","@id":"https:\/\/winandofficews.com\/france\/product\/microsoft-office-2019-professional-plus-licence-pour-3-pc\/","url":"https:\/\/winandofficews.com\/france\/product\/microsoft-office-2019-professional-plus-licence-pour-3-pc\/","name":"Microsoft Office 2019 Professional Plus licence pour 3 PC - France","isPartOf":{"@id":"https:\/\/winandofficews.com\/france\/#website"},"primaryImageOfPage":{"@id":"https:\/\/winandofficews.com\/france\/product\/microsoft-office-2019-professional-plus-licence-pour-3-pc\/#primaryimage"},"image":{"@id":"https:\/\/winandofficews.com\/france\/product\/microsoft-office-2019-professional-plus-licence-pour-3-pc\/#primaryimage"},"thumbnailUrl":"https:\/\/winandofficews.com\/france\/wp-content\/uploads\/o19p.jpg","datePublished":"2025-06-19T11:32:52+00:00","dateModified":"2026-04-14T19:40:00+00:00","breadcrumb":{"@id":"https:\/\/winandofficews.com\/france\/product\/microsoft-office-2019-professional-plus-licence-pour-3-pc\/#breadcrumb"},"inLanguage":"fr-FR","potentialAction":[{"@type":"ReadAction","target":["https:\/\/winandofficews.com\/france\/product\/microsoft-office-2019-professional-plus-licence-pour-3-pc\/"]}]},{"@type":"ImageObject","inLanguage":"fr-FR","@id":"https:\/\/winandofficews.com\/france\/product\/microsoft-office-2019-professional-plus-licence-pour-3-pc\/#primaryimage","url":"https:\/\/winandofficews.com\/france\/wp-content\/uploads\/o19p.jpg","contentUrl":"https:\/\/winandofficews.com\/france\/wp-content\/uploads\/o19p.jpg"},{"@type":"BreadcrumbList","@id":"https:\/\/winandofficews.com\/france\/product\/microsoft-office-2019-professional-plus-licence-pour-3-pc\/#breadcrumb","itemListElement":[{"@type":"ListItem","position":1,"name":"Home","item":"https:\/\/winandofficews.com\/france\/"},{"@type":"ListItem","position":2,"name":"Boutique","item":"https:\/\/winandofficews.com\/france\/shop\/"},{"@type":"ListItem","position":3,"name":"Microsoft Office 2019 Professional Plus licence pour 3 PC"}]},{"@type":"WebSite","@id":"https:\/\/winandofficews.com\/france\/#website","url":"https:\/\/winandofficews.com\/france\/","name":"France","description":"Wholesales Store of Office","publisher":{"@id":"https:\/\/winandofficews.com\/france\/#organization"},"potentialAction":[{"@type":"SearchAction","target":{"@type":"EntryPoint","urlTemplate":"https:\/\/winandofficews.com\/france\/?s={search_term_string}"},"query-input":{"@type":"PropertyValueSpecification","valueRequired":true,"valueName":"search_term_string"}}],"inLanguage":"fr-FR"},{"@type":"Organization","@id":"https:\/\/winandofficews.com\/france\/#organization","name":"France","url":"https:\/\/winandofficews.com\/france\/","logo":{"@type":"ImageObject","inLanguage":"fr-FR","@id":"https:\/\/winandofficews.com\/france\/#\/schema\/logo\/image\/","url":"https:\/\/winandofficews.com\/france\/wp-content\/uploads\/sites\/13\/logo14.png","contentUrl":"https:\/\/winandofficews.com\/france\/wp-content\/uploads\/sites\/13\/logo14.png","width":322,"height":116,"caption":"France"},"image":{"@id":"https:\/\/winandofficews.com\/france\/#\/schema\/logo\/image\/"}}]}},"_links":{"self":[{"href":"https:\/\/winandofficews.com\/france\/wp-json\/wp\/v2\/product\/87565","targetHints":{"allow":["GET"]}}],"collection":[{"href":"https:\/\/winandofficews.com\/france\/wp-json\/wp\/v2\/product"}],"about":[{"href":"https:\/\/winandofficews.com\/france\/wp-json\/wp\/v2\/types\/product"}],"replies":[{"embeddable":true,"href":"https:\/\/winandofficews.com\/france\/wp-json\/wp\/v2\/comments?post=87565"}],"wp:featuredmedia":[{"embeddable":true,"href":"https:\/\/winandofficews.com\/france\/wp-json\/"}],"wp:attachment":[{"href":"https:\/\/winandofficews.com\/france\/wp-json\/wp\/v2\/media?parent=87565"}],"wp:term":[{"taxonomy":"product_brand","embeddable":true,"href":"https:\/\/winandofficews.com\/france\/wp-json\/wp\/v2\/product_brand?post=87565"},{"taxonomy":"product_cat","embeddable":true,"href":"https:\/\/winandofficews.com\/france\/wp-json\/wp\/v2\/product_cat?post=87565"},{"taxonomy":"product_tag","embeddable":true,"href":"https:\/\/winandofficews.com\/france\/wp-json\/wp\/v2\/product_tag?post=87565"}],"curies":[{"name":"wp","href":"https:\/\/api.w.org\/{rel}","templated":true}]}}