{"id":980,"date":"2019-07-25T07:45:18","date_gmt":"2019-07-25T07:45:18","guid":{"rendered":"http:\/\/windowsandoffice.net\/?page_id=980"},"modified":"2025-06-24T19:55:32","modified_gmt":"2025-06-24T17:55:32","slug":"about","status":"publish","type":"page","link":"https:\/\/winandofficews.com\/france\/about\/","title":{"rendered":"\u00c0 propos de nous"},"content":{"rendered":"<h2>Qui sommes-nous\u00a0?<\/h2>\n<p>Achetez des logiciels en ligne facilement et en toute s\u00e9curit\u00e9\u00a0: votre partenaire Microsoft<\/p>\n<p>Les logiciels pour ordinateurs, tablettes, etc. font partie int\u00e9grante de notre quotidien. Ils simplifient non seulement de nombreux processus de travail, mais stimulent \u00e9galement notre cr\u00e9ativit\u00e9 et optimisent m\u00eame les t\u00e2ches les plus simples. Dans notre boutique de logiciels, vous avez la possibilit\u00e9 d&#8217;acheter des logiciels en ligne \u00e0 des prix imbattables et d&#8217;exploiter pleinement le potentiel de votre appareil.<\/p>\n<p>Notre boutique de logiciels vous propose une vari\u00e9t\u00e9 de produits Microsoft, leader du march\u00e9. Chaque PC a besoin d&#8217;un syst\u00e8me d&#8217;exploitation\u00a0; sans Windows, il serait inutile. Microsoft Office, le logiciel de bureautique le plus important au monde, propose des outils productifs tels qu&#8217;Excel, Word et PowerPoint. Ces logiciels sont devenus incontournables depuis des ann\u00e9es, tant pour les particuliers que pour les entreprises.<\/p>\n<p>Nous vous garantissons un processus de commande simple pour que vous puissiez acheter vos logiciels en ligne en toute s\u00e9curit\u00e9 et en toute simplicit\u00e9, depuis chez vous. Vous recevrez par e-mail notre lien SSL crypt\u00e9 qui vous redirigera vers notre centre de t\u00e9l\u00e9chargement et les instructions d&#8217;installation. Pour toute question concernant la commande et l&#8217;installation, notre service client multilingue est \u00e0 votre disposition, par chat en direct ou par e-mail.<\/p>\n<p>Nous sommes prestataires de services informatiques depuis 2013. Gr\u00e2ce \u00e0 une excellente formation sp\u00e9cialis\u00e9e et \u00e0 une passion profonde pour l&#8217;informatique, nos collaborateurs poss\u00e8dent un savoir-faire \u00e9tendu. Gr\u00e2ce \u00e0 des conseils professionnels et \u00e0 une approche structur\u00e9e, nous avons convaincu et fid\u00e9lis\u00e9 un grand nombre de clients, des start-ups aux multinationales et aux institutions publiques. Gr\u00e2ce \u00e0 un concept de services informatiques bien pens\u00e9, nous garantissons \u00e0 chaque client une orientation r\u00e9sultats et des performances optimales. Afin de rester \u00e0 la pointe de la technologie, nous suivons des formations r\u00e9guli\u00e8res et adaptons nos comp\u00e9tences au march\u00e9, pour que vous soyez toujours \u00e0 la pointe.<\/p>\n<p>Commandez d\u00e8s maintenant et recevez votre logiciel imm\u00e9diatement gr\u00e2ce \u00e0 une livraison en 2 minutes. Nous attachons une grande importance \u00e0 la qualit\u00e9, ce qui se refl\u00e8te \u00e9galement dans notre garantie \u00e0 vie. Une facture avec notre num\u00e9ro de TVA garantit la transparence. En cas d&#8217;insatisfaction, notre droit de retour offre une s\u00e9curit\u00e9 suppl\u00e9mentaire.<\/p>\n<p>Amusez-vous bien en achetant des logiciels s\u00e9curis\u00e9s chez Win &amp; Office WS\u00a0!<\/p>\n<p>&nbsp;<\/p>\n","protected":false},"excerpt":{"rendered":"<p>Qui sommes-nous\u00a0? Achetez des logiciels en ligne facilement et en toute s\u00e9curit\u00e9\u00a0: votre partenaire Microsoft Les logiciels pour ordinateurs, tablettes, etc. font partie int\u00e9grante de notre quotidien. Ils simplifient non seulement de nombreux processus de travail, mais stimulent \u00e9galement notre cr\u00e9ativit\u00e9 et optimisent m\u00eame les t\u00e2ches les plus simples. Dans&hellip; <\/p>\n","protected":false},"author":1,"featured_media":0,"parent":0,"menu_order":0,"comment_status":"closed","ping_status":"closed","template":"","meta":{"_acf_changed":false,"footnotes":""},"class_list":["post-980","page","type-page","status-publish","hentry"],"acf":[],"yoast_head":"<!-- This site is optimized with the Yoast SEO plugin v27.4 - https:\/\/yoast.com\/product\/yoast-seo-wordpress\/ -->\n<title>\u00c0 propos de nous - France<\/title>\n<meta name=\"robots\" content=\"index, follow, max-snippet:-1, max-image-preview:large, max-video-preview:-1\" \/>\n<link rel=\"canonical\" href=\"https:\/\/winandofficews.com\/france\/about\/\" \/>\n<meta property=\"og:locale\" content=\"fr_FR\" \/>\n<meta property=\"og:type\" content=\"article\" \/>\n<meta property=\"og:title\" content=\"\u00c0 propos de nous - France\" \/>\n<meta property=\"og:description\" content=\"Qui sommes-nous\u00a0? Achetez des logiciels en ligne facilement et en toute s\u00e9curit\u00e9\u00a0: votre partenaire Microsoft Les logiciels pour ordinateurs, tablettes, etc. font partie int\u00e9grante de notre quotidien. Ils simplifient non seulement de nombreux processus de travail, mais stimulent \u00e9galement notre cr\u00e9ativit\u00e9 et optimisent m\u00eame les t\u00e2ches les plus simples. Dans&hellip;\" \/>\n<meta property=\"og:url\" content=\"https:\/\/winandofficews.com\/france\/about\/\" \/>\n<meta property=\"og:site_name\" content=\"France\" \/>\n<meta property=\"article:modified_time\" content=\"2025-06-24T17:55:32+00:00\" \/>\n<meta name=\"twitter:card\" content=\"summary_large_image\" \/>\n<meta name=\"twitter:label1\" content=\"Dur\u00e9e de lecture estim\u00e9e\" \/>\n\t<meta name=\"twitter:data1\" content=\"3 minutes\" \/>\n<script type=\"application\/ld+json\" class=\"yoast-schema-graph\">{\"@context\":\"https:\\\/\\\/schema.org\",\"@graph\":[{\"@type\":\"WebPage\",\"@id\":\"https:\\\/\\\/winandofficews.com\\\/france\\\/about\\\/\",\"url\":\"https:\\\/\\\/winandofficews.com\\\/france\\\/about\\\/\",\"name\":\"\u00c0 propos de nous - France\",\"isPartOf\":{\"@id\":\"https:\\\/\\\/winandofficews.com\\\/france\\\/#website\"},\"datePublished\":\"2019-07-25T07:45:18+00:00\",\"dateModified\":\"2025-06-24T17:55:32+00:00\",\"breadcrumb\":{\"@id\":\"https:\\\/\\\/winandofficews.com\\\/france\\\/about\\\/#breadcrumb\"},\"inLanguage\":\"fr-FR\",\"potentialAction\":[{\"@type\":\"ReadAction\",\"target\":[\"https:\\\/\\\/winandofficews.com\\\/france\\\/about\\\/\"]}]},{\"@type\":\"BreadcrumbList\",\"@id\":\"https:\\\/\\\/winandofficews.com\\\/france\\\/about\\\/#breadcrumb\",\"itemListElement\":[{\"@type\":\"ListItem\",\"position\":1,\"name\":\"Home\",\"item\":\"https:\\\/\\\/winandofficews.com\\\/france\\\/\"},{\"@type\":\"ListItem\",\"position\":2,\"name\":\"\u00c0 propos de nous\"}]},{\"@type\":\"WebSite\",\"@id\":\"https:\\\/\\\/winandofficews.com\\\/france\\\/#website\",\"url\":\"https:\\\/\\\/winandofficews.com\\\/france\\\/\",\"name\":\"France\",\"description\":\"Wholesales Store of Office\",\"publisher\":{\"@id\":\"https:\\\/\\\/winandofficews.com\\\/france\\\/#organization\"},\"potentialAction\":[{\"@type\":\"SearchAction\",\"target\":{\"@type\":\"EntryPoint\",\"urlTemplate\":\"https:\\\/\\\/winandofficews.com\\\/france\\\/?s={search_term_string}\"},\"query-input\":{\"@type\":\"PropertyValueSpecification\",\"valueRequired\":true,\"valueName\":\"search_term_string\"}}],\"inLanguage\":\"fr-FR\"},{\"@type\":\"Organization\",\"@id\":\"https:\\\/\\\/winandofficews.com\\\/france\\\/#organization\",\"name\":\"France\",\"url\":\"https:\\\/\\\/winandofficews.com\\\/france\\\/\",\"logo\":{\"@type\":\"ImageObject\",\"inLanguage\":\"fr-FR\",\"@id\":\"https:\\\/\\\/winandofficews.com\\\/france\\\/#\\\/schema\\\/logo\\\/image\\\/\",\"url\":\"https:\\\/\\\/winandofficews.com\\\/france\\\/wp-content\\\/uploads\\\/sites\\\/13\\\/logo14.png\",\"contentUrl\":\"https:\\\/\\\/winandofficews.com\\\/france\\\/wp-content\\\/uploads\\\/sites\\\/13\\\/logo14.png\",\"width\":322,\"height\":116,\"caption\":\"France\"},\"image\":{\"@id\":\"https:\\\/\\\/winandofficews.com\\\/france\\\/#\\\/schema\\\/logo\\\/image\\\/\"}}]}<\/script>\n<!-- \/ Yoast SEO plugin. -->","yoast_head_json":{"title":"\u00c0 propos de nous - France","robots":{"index":"index","follow":"follow","max-snippet":"max-snippet:-1","max-image-preview":"max-image-preview:large","max-video-preview":"max-video-preview:-1"},"canonical":"https:\/\/winandofficews.com\/france\/about\/","og_locale":"fr_FR","og_type":"article","og_title":"\u00c0 propos de nous - France","og_description":"Qui sommes-nous\u00a0? Achetez des logiciels en ligne facilement et en toute s\u00e9curit\u00e9\u00a0: votre partenaire Microsoft Les logiciels pour ordinateurs, tablettes, etc. font partie int\u00e9grante de notre quotidien. Ils simplifient non seulement de nombreux processus de travail, mais stimulent \u00e9galement notre cr\u00e9ativit\u00e9 et optimisent m\u00eame les t\u00e2ches les plus simples. Dans&hellip;","og_url":"https:\/\/winandofficews.com\/france\/about\/","og_site_name":"France","article_modified_time":"2025-06-24T17:55:32+00:00","twitter_card":"summary_large_image","twitter_misc":{"Dur\u00e9e de lecture estim\u00e9e":"3 minutes"},"schema":{"@context":"https:\/\/schema.org","@graph":[{"@type":"WebPage","@id":"https:\/\/winandofficews.com\/france\/about\/","url":"https:\/\/winandofficews.com\/france\/about\/","name":"\u00c0 propos de nous - France","isPartOf":{"@id":"https:\/\/winandofficews.com\/france\/#website"},"datePublished":"2019-07-25T07:45:18+00:00","dateModified":"2025-06-24T17:55:32+00:00","breadcrumb":{"@id":"https:\/\/winandofficews.com\/france\/about\/#breadcrumb"},"inLanguage":"fr-FR","potentialAction":[{"@type":"ReadAction","target":["https:\/\/winandofficews.com\/france\/about\/"]}]},{"@type":"BreadcrumbList","@id":"https:\/\/winandofficews.com\/france\/about\/#breadcrumb","itemListElement":[{"@type":"ListItem","position":1,"name":"Home","item":"https:\/\/winandofficews.com\/france\/"},{"@type":"ListItem","position":2,"name":"\u00c0 propos de nous"}]},{"@type":"WebSite","@id":"https:\/\/winandofficews.com\/france\/#website","url":"https:\/\/winandofficews.com\/france\/","name":"France","description":"Wholesales Store of Office","publisher":{"@id":"https:\/\/winandofficews.com\/france\/#organization"},"potentialAction":[{"@type":"SearchAction","target":{"@type":"EntryPoint","urlTemplate":"https:\/\/winandofficews.com\/france\/?s={search_term_string}"},"query-input":{"@type":"PropertyValueSpecification","valueRequired":true,"valueName":"search_term_string"}}],"inLanguage":"fr-FR"},{"@type":"Organization","@id":"https:\/\/winandofficews.com\/france\/#organization","name":"France","url":"https:\/\/winandofficews.com\/france\/","logo":{"@type":"ImageObject","inLanguage":"fr-FR","@id":"https:\/\/winandofficews.com\/france\/#\/schema\/logo\/image\/","url":"https:\/\/winandofficews.com\/france\/wp-content\/uploads\/sites\/13\/logo14.png","contentUrl":"https:\/\/winandofficews.com\/france\/wp-content\/uploads\/sites\/13\/logo14.png","width":322,"height":116,"caption":"France"},"image":{"@id":"https:\/\/winandofficews.com\/france\/#\/schema\/logo\/image\/"}}]}},"_links":{"self":[{"href":"https:\/\/winandofficews.com\/france\/wp-json\/wp\/v2\/pages\/980","targetHints":{"allow":["GET"]}}],"collection":[{"href":"https:\/\/winandofficews.com\/france\/wp-json\/wp\/v2\/pages"}],"about":[{"href":"https:\/\/winandofficews.com\/france\/wp-json\/wp\/v2\/types\/page"}],"author":[{"embeddable":true,"href":"https:\/\/winandofficews.com\/france\/wp-json\/wp\/v2\/users\/1"}],"replies":[{"embeddable":true,"href":"https:\/\/winandofficews.com\/france\/wp-json\/wp\/v2\/comments?post=980"}],"version-history":[{"count":0,"href":"https:\/\/winandofficews.com\/france\/wp-json\/wp\/v2\/pages\/980\/revisions"}],"wp:attachment":[{"href":"https:\/\/winandofficews.com\/france\/wp-json\/wp\/v2\/media?parent=980"}],"curies":[{"name":"wp","href":"https:\/\/api.w.org\/{rel}","templated":true}]}}