{"id":3502,"date":"2021-06-29T17:19:05","date_gmt":"2021-06-29T17:19:05","guid":{"rendered":"https:\/\/winandofficews.com\/france\/?page_id=3502"},"modified":"2025-06-19T14:57:22","modified_gmt":"2025-06-19T12:57:22","slug":"shipping","status":"publish","type":"page","link":"https:\/\/winandofficews.com\/france\/shipping\/","title":{"rendered":"Politique d&#8217;exp\u00e9dition"},"content":{"rendered":"<p><span style=\"font-weight: 400;\">Merci d&#8217;avoir choisi Win &#038; Office WS. Nous nous engageons \u00e0 livrer vos produits rapidement et en toute s\u00e9curit\u00e9. Veuillez consulter notre politique d&#8217;exp\u00e9dition ci-dessous pour obtenir des informations importantes concernant le processus d&#8217;exp\u00e9dition.<\/span><\/p>\n<h4>Exp\u00e9dition<\/h4>\n<p>Nos produits sont livr\u00e9s par voie num\u00e9rique. Une fois votre paiement confirm\u00e9, vous recevrez un e-mail contenant toutes les informations n\u00e9cessaires au t\u00e9l\u00e9chargement, \u00e0 l&#8217;installation et \u00e0 l&#8217;activation.<\/p>\n<p>Pour garantir la livraison des produits, veuillez vous assurer de fournir une adresse e-mail correcte lors de la commande\u00a0!<\/p>\n<p>Les frais d&#8217;exp\u00e9dition pour l&#8217;envoi par e-mail sont gratuits.<\/p>\n","protected":false},"excerpt":{"rendered":"<p>Merci d&#8217;avoir choisi Win &#038; Office WS. Nous nous engageons \u00e0 livrer vos produits rapidement et en toute s\u00e9curit\u00e9. Veuillez consulter notre politique d&#8217;exp\u00e9dition ci-dessous pour obtenir des informations importantes concernant le processus d&#8217;exp\u00e9dition. Exp\u00e9dition Nos produits sont livr\u00e9s par voie num\u00e9rique. Une fois votre paiement confirm\u00e9, vous recevrez un&hellip; <\/p>\n","protected":false},"author":1,"featured_media":0,"parent":0,"menu_order":0,"comment_status":"closed","ping_status":"closed","template":"","meta":{"_acf_changed":false,"footnotes":""},"class_list":["post-3502","page","type-page","status-publish","hentry"],"acf":[],"yoast_head":"<!-- This site is optimized with the Yoast SEO plugin v27.4 - https:\/\/yoast.com\/product\/yoast-seo-wordpress\/ -->\n<title>Politique d&#039;exp\u00e9dition - France<\/title>\n<meta name=\"robots\" content=\"index, follow, max-snippet:-1, max-image-preview:large, max-video-preview:-1\" \/>\n<link rel=\"canonical\" href=\"https:\/\/winandofficews.com\/france\/shipping\/\" \/>\n<meta property=\"og:locale\" content=\"fr_FR\" \/>\n<meta property=\"og:type\" content=\"article\" \/>\n<meta property=\"og:title\" content=\"Politique d&#039;exp\u00e9dition - France\" \/>\n<meta property=\"og:description\" content=\"Merci d&#8217;avoir choisi Win &#038; Office WS. Nous nous engageons \u00e0 livrer vos produits rapidement et en toute s\u00e9curit\u00e9. Veuillez consulter notre politique d&#8217;exp\u00e9dition ci-dessous pour obtenir des informations importantes concernant le processus d&#8217;exp\u00e9dition. Exp\u00e9dition Nos produits sont livr\u00e9s par voie num\u00e9rique. Une fois votre paiement confirm\u00e9, vous recevrez un&hellip;\" \/>\n<meta property=\"og:url\" content=\"https:\/\/winandofficews.com\/france\/shipping\/\" \/>\n<meta property=\"og:site_name\" content=\"France\" \/>\n<meta property=\"article:modified_time\" content=\"2025-06-19T12:57:22+00:00\" \/>\n<meta name=\"twitter:card\" content=\"summary_large_image\" \/>\n<meta name=\"twitter:label1\" content=\"Dur\u00e9e de lecture estim\u00e9e\" \/>\n\t<meta name=\"twitter:data1\" content=\"1 minute\" \/>\n<script type=\"application\/ld+json\" class=\"yoast-schema-graph\">{\"@context\":\"https:\\\/\\\/schema.org\",\"@graph\":[{\"@type\":\"WebPage\",\"@id\":\"https:\\\/\\\/winandofficews.com\\\/france\\\/shipping\\\/\",\"url\":\"https:\\\/\\\/winandofficews.com\\\/france\\\/shipping\\\/\",\"name\":\"Politique d'exp\u00e9dition - France\",\"isPartOf\":{\"@id\":\"https:\\\/\\\/winandofficews.com\\\/france\\\/#website\"},\"datePublished\":\"2021-06-29T17:19:05+00:00\",\"dateModified\":\"2025-06-19T12:57:22+00:00\",\"breadcrumb\":{\"@id\":\"https:\\\/\\\/winandofficews.com\\\/france\\\/shipping\\\/#breadcrumb\"},\"inLanguage\":\"fr-FR\",\"potentialAction\":[{\"@type\":\"ReadAction\",\"target\":[\"https:\\\/\\\/winandofficews.com\\\/france\\\/shipping\\\/\"]}]},{\"@type\":\"BreadcrumbList\",\"@id\":\"https:\\\/\\\/winandofficews.com\\\/france\\\/shipping\\\/#breadcrumb\",\"itemListElement\":[{\"@type\":\"ListItem\",\"position\":1,\"name\":\"Home\",\"item\":\"https:\\\/\\\/winandofficews.com\\\/france\\\/\"},{\"@type\":\"ListItem\",\"position\":2,\"name\":\"Politique d&#8217;exp\u00e9dition\"}]},{\"@type\":\"WebSite\",\"@id\":\"https:\\\/\\\/winandofficews.com\\\/france\\\/#website\",\"url\":\"https:\\\/\\\/winandofficews.com\\\/france\\\/\",\"name\":\"France\",\"description\":\"Wholesales Store of Office\",\"publisher\":{\"@id\":\"https:\\\/\\\/winandofficews.com\\\/france\\\/#organization\"},\"potentialAction\":[{\"@type\":\"SearchAction\",\"target\":{\"@type\":\"EntryPoint\",\"urlTemplate\":\"https:\\\/\\\/winandofficews.com\\\/france\\\/?s={search_term_string}\"},\"query-input\":{\"@type\":\"PropertyValueSpecification\",\"valueRequired\":true,\"valueName\":\"search_term_string\"}}],\"inLanguage\":\"fr-FR\"},{\"@type\":\"Organization\",\"@id\":\"https:\\\/\\\/winandofficews.com\\\/france\\\/#organization\",\"name\":\"France\",\"url\":\"https:\\\/\\\/winandofficews.com\\\/france\\\/\",\"logo\":{\"@type\":\"ImageObject\",\"inLanguage\":\"fr-FR\",\"@id\":\"https:\\\/\\\/winandofficews.com\\\/france\\\/#\\\/schema\\\/logo\\\/image\\\/\",\"url\":\"https:\\\/\\\/winandofficews.com\\\/france\\\/wp-content\\\/uploads\\\/sites\\\/13\\\/logo14.png\",\"contentUrl\":\"https:\\\/\\\/winandofficews.com\\\/france\\\/wp-content\\\/uploads\\\/sites\\\/13\\\/logo14.png\",\"width\":322,\"height\":116,\"caption\":\"France\"},\"image\":{\"@id\":\"https:\\\/\\\/winandofficews.com\\\/france\\\/#\\\/schema\\\/logo\\\/image\\\/\"}}]}<\/script>\n<!-- \/ Yoast SEO plugin. -->","yoast_head_json":{"title":"Politique d'exp\u00e9dition - France","robots":{"index":"index","follow":"follow","max-snippet":"max-snippet:-1","max-image-preview":"max-image-preview:large","max-video-preview":"max-video-preview:-1"},"canonical":"https:\/\/winandofficews.com\/france\/shipping\/","og_locale":"fr_FR","og_type":"article","og_title":"Politique d'exp\u00e9dition - France","og_description":"Merci d&#8217;avoir choisi Win &#038; Office WS. Nous nous engageons \u00e0 livrer vos produits rapidement et en toute s\u00e9curit\u00e9. Veuillez consulter notre politique d&#8217;exp\u00e9dition ci-dessous pour obtenir des informations importantes concernant le processus d&#8217;exp\u00e9dition. Exp\u00e9dition Nos produits sont livr\u00e9s par voie num\u00e9rique. Une fois votre paiement confirm\u00e9, vous recevrez un&hellip;","og_url":"https:\/\/winandofficews.com\/france\/shipping\/","og_site_name":"France","article_modified_time":"2025-06-19T12:57:22+00:00","twitter_card":"summary_large_image","twitter_misc":{"Dur\u00e9e de lecture estim\u00e9e":"1 minute"},"schema":{"@context":"https:\/\/schema.org","@graph":[{"@type":"WebPage","@id":"https:\/\/winandofficews.com\/france\/shipping\/","url":"https:\/\/winandofficews.com\/france\/shipping\/","name":"Politique d'exp\u00e9dition - France","isPartOf":{"@id":"https:\/\/winandofficews.com\/france\/#website"},"datePublished":"2021-06-29T17:19:05+00:00","dateModified":"2025-06-19T12:57:22+00:00","breadcrumb":{"@id":"https:\/\/winandofficews.com\/france\/shipping\/#breadcrumb"},"inLanguage":"fr-FR","potentialAction":[{"@type":"ReadAction","target":["https:\/\/winandofficews.com\/france\/shipping\/"]}]},{"@type":"BreadcrumbList","@id":"https:\/\/winandofficews.com\/france\/shipping\/#breadcrumb","itemListElement":[{"@type":"ListItem","position":1,"name":"Home","item":"https:\/\/winandofficews.com\/france\/"},{"@type":"ListItem","position":2,"name":"Politique d&#8217;exp\u00e9dition"}]},{"@type":"WebSite","@id":"https:\/\/winandofficews.com\/france\/#website","url":"https:\/\/winandofficews.com\/france\/","name":"France","description":"Wholesales Store of Office","publisher":{"@id":"https:\/\/winandofficews.com\/france\/#organization"},"potentialAction":[{"@type":"SearchAction","target":{"@type":"EntryPoint","urlTemplate":"https:\/\/winandofficews.com\/france\/?s={search_term_string}"},"query-input":{"@type":"PropertyValueSpecification","valueRequired":true,"valueName":"search_term_string"}}],"inLanguage":"fr-FR"},{"@type":"Organization","@id":"https:\/\/winandofficews.com\/france\/#organization","name":"France","url":"https:\/\/winandofficews.com\/france\/","logo":{"@type":"ImageObject","inLanguage":"fr-FR","@id":"https:\/\/winandofficews.com\/france\/#\/schema\/logo\/image\/","url":"https:\/\/winandofficews.com\/france\/wp-content\/uploads\/sites\/13\/logo14.png","contentUrl":"https:\/\/winandofficews.com\/france\/wp-content\/uploads\/sites\/13\/logo14.png","width":322,"height":116,"caption":"France"},"image":{"@id":"https:\/\/winandofficews.com\/france\/#\/schema\/logo\/image\/"}}]}},"_links":{"self":[{"href":"https:\/\/winandofficews.com\/france\/wp-json\/wp\/v2\/pages\/3502","targetHints":{"allow":["GET"]}}],"collection":[{"href":"https:\/\/winandofficews.com\/france\/wp-json\/wp\/v2\/pages"}],"about":[{"href":"https:\/\/winandofficews.com\/france\/wp-json\/wp\/v2\/types\/page"}],"author":[{"embeddable":true,"href":"https:\/\/winandofficews.com\/france\/wp-json\/wp\/v2\/users\/1"}],"replies":[{"embeddable":true,"href":"https:\/\/winandofficews.com\/france\/wp-json\/wp\/v2\/comments?post=3502"}],"version-history":[{"count":0,"href":"https:\/\/winandofficews.com\/france\/wp-json\/wp\/v2\/pages\/3502\/revisions"}],"wp:attachment":[{"href":"https:\/\/winandofficews.com\/france\/wp-json\/wp\/v2\/media?parent=3502"}],"curies":[{"name":"wp","href":"https:\/\/api.w.org\/{rel}","templated":true}]}}