{"id":3497,"date":"2021-06-29T16:20:15","date_gmt":"2021-06-29T16:20:15","guid":{"rendered":"https:\/\/winandofficews.com\/france\/?page_id=3497"},"modified":"2025-06-19T14:24:29","modified_gmt":"2025-06-19T12:24:29","slug":"warranty-policy","status":"publish","type":"page","link":"https:\/\/winandofficews.com\/france\/warranty-policy\/","title":{"rendered":"Conditions de garantie"},"content":{"rendered":"<section style=\"font-family: Arial, sans-serif; line-height: 1.6; max-width: 800px; margin: auto;\">\n<h2 style=\"color: #2c3e50;\">Garantie satisfait ou rembours\u00e9 de 30 jours et garantie de remplacement \u00e0 vie<\/h2>\n<p><strong>WS Store<\/strong> offre une garantie satisfait ou rembours\u00e9 de 30 jours pour tous les produits achet\u00e9s. Si vous n&#8217;\u00eates pas satisfait de votre achat, vous pouvez le retourner dans les 30 jours pour un remboursement complet.<\/p>\n<p>Apr\u00e8s cette p\u00e9riode de 30 jours, nous offrons une garantie de remplacement \u00e0 vie pour tous les produits d\u00e9fectueux.<\/p>\n<h3 style=\"color: #34495e;\">Garantie l\u00e9gale<\/h3>\n<p>La p\u00e9riode de garantie l\u00e9gale en droit allemand est d&#8217;<strong>1 an<\/strong> \u00e0 compter de la date d&#8217;achat pour les d\u00e9fauts de conception, de mat\u00e9riaux ou de fabrication.<\/p>\n<hr style=\"border: none; border-top: 1px en pointill\u00e9s #bbb; margin: 30px 0;\" \/>\n<h3 style=\"color: #34495e;\">Conditions relatives aux produits d\u00e9fectueux<\/h3>\n<p>En cas de produit d\u00e9fectueux, <strong>WS Store<\/strong> se r\u00e9serve le droit, \u00e0 sa discr\u00e9tion, de r\u00e9parer ou de remplacer gratuitement l&#8217;article d\u00e9fectueux, sous r\u00e9serve du respect des conditions suivantes\u00a0:<\/p>\n<ol style=\"padding-left: 20px;\">\n<li>L&#8217;acheteur doit informer le vendeur <strong>par \u00e9crit<\/strong> du d\u00e9faut sans d\u00e9lai.<\/li>\n<li>Le d\u00e9faut doit \u00eatre d\u00fb \u00e0 un d\u00e9faut de conception, de mat\u00e9riaux ou de fabrication<\/strong> du fabricant ou du vendeur.<\/li>\n<li>Les produits d\u00e9fectueux \u00e0 r\u00e9parer ou \u00e0 remplacer doivent \u00eatre retourn\u00e9s au vendeur <strong>sur demande<\/strong>.<\/li>\n<li>Si les produits ont \u00e9t\u00e9 fabriqu\u00e9s par un <strong>fournisseur tiers<\/strong> et livr\u00e9s au vendeur, toute garantie accord\u00e9e au vendeur sera transf\u00e9r\u00e9e \u00e0 l&#8217;acheteur.<\/li>\n<li>Le vendeur se r\u00e9serve le droit, \u00e0 sa discr\u00e9tion, de <strong>rembourser<\/strong> le prix des produits d\u00e9fectueux si celui-ci a d\u00e9j\u00e0 \u00e9t\u00e9 pay\u00e9.<\/li>\n<\/ol>\n<\/section>\n","protected":false},"excerpt":{"rendered":"<p>Garantie satisfait ou rembours\u00e9 de 30 jours et garantie de remplacement \u00e0 vie offre une garantie satisfait ou rembours\u00e9 de 30 jours pour tous les produits achet\u00e9s. Si vous n&#8217;\u00eates pas satisfait de votre achat, vous pouvez le retourner dans les 30 jours pour un remboursement complet. Apr\u00e8s cette p\u00e9riode&hellip; <\/p>\n","protected":false},"author":1,"featured_media":0,"parent":0,"menu_order":0,"comment_status":"closed","ping_status":"closed","template":"","meta":{"_acf_changed":false,"footnotes":""},"class_list":["post-3497","page","type-page","status-publish","hentry"],"acf":[],"yoast_head":"<!-- This site is optimized with the Yoast SEO plugin v27.4 - https:\/\/yoast.com\/product\/yoast-seo-wordpress\/ -->\n<title>Conditions de garantie - France<\/title>\n<meta name=\"robots\" content=\"index, follow, max-snippet:-1, max-image-preview:large, max-video-preview:-1\" \/>\n<link rel=\"canonical\" href=\"https:\/\/winandofficews.com\/france\/warranty-policy\/\" \/>\n<meta property=\"og:locale\" content=\"fr_FR\" \/>\n<meta property=\"og:type\" content=\"article\" \/>\n<meta property=\"og:title\" content=\"Conditions de garantie - France\" \/>\n<meta property=\"og:description\" content=\"Garantie satisfait ou rembours\u00e9 de 30 jours et garantie de remplacement \u00e0 vie offre une garantie satisfait ou rembours\u00e9 de 30 jours pour tous les produits achet\u00e9s. Si vous n&#8217;\u00eates pas satisfait de votre achat, vous pouvez le retourner dans les 30 jours pour un remboursement complet. Apr\u00e8s cette p\u00e9riode&hellip;\" \/>\n<meta property=\"og:url\" content=\"https:\/\/winandofficews.com\/france\/warranty-policy\/\" \/>\n<meta property=\"og:site_name\" content=\"France\" \/>\n<meta property=\"article:modified_time\" content=\"2025-06-19T12:24:29+00:00\" \/>\n<meta name=\"twitter:card\" content=\"summary_large_image\" \/>\n<meta name=\"twitter:label1\" content=\"Dur\u00e9e de lecture estim\u00e9e\" \/>\n\t<meta name=\"twitter:data1\" content=\"2 minutes\" \/>\n<script type=\"application\/ld+json\" class=\"yoast-schema-graph\">{\"@context\":\"https:\\\/\\\/schema.org\",\"@graph\":[{\"@type\":\"WebPage\",\"@id\":\"https:\\\/\\\/winandofficews.com\\\/france\\\/warranty-policy\\\/\",\"url\":\"https:\\\/\\\/winandofficews.com\\\/france\\\/warranty-policy\\\/\",\"name\":\"Conditions de garantie - France\",\"isPartOf\":{\"@id\":\"https:\\\/\\\/winandofficews.com\\\/france\\\/#website\"},\"datePublished\":\"2021-06-29T16:20:15+00:00\",\"dateModified\":\"2025-06-19T12:24:29+00:00\",\"breadcrumb\":{\"@id\":\"https:\\\/\\\/winandofficews.com\\\/france\\\/warranty-policy\\\/#breadcrumb\"},\"inLanguage\":\"fr-FR\",\"potentialAction\":[{\"@type\":\"ReadAction\",\"target\":[\"https:\\\/\\\/winandofficews.com\\\/france\\\/warranty-policy\\\/\"]}]},{\"@type\":\"BreadcrumbList\",\"@id\":\"https:\\\/\\\/winandofficews.com\\\/france\\\/warranty-policy\\\/#breadcrumb\",\"itemListElement\":[{\"@type\":\"ListItem\",\"position\":1,\"name\":\"Home\",\"item\":\"https:\\\/\\\/winandofficews.com\\\/france\\\/\"},{\"@type\":\"ListItem\",\"position\":2,\"name\":\"Conditions de garantie\"}]},{\"@type\":\"WebSite\",\"@id\":\"https:\\\/\\\/winandofficews.com\\\/france\\\/#website\",\"url\":\"https:\\\/\\\/winandofficews.com\\\/france\\\/\",\"name\":\"France\",\"description\":\"Wholesales Store of Office\",\"publisher\":{\"@id\":\"https:\\\/\\\/winandofficews.com\\\/france\\\/#organization\"},\"potentialAction\":[{\"@type\":\"SearchAction\",\"target\":{\"@type\":\"EntryPoint\",\"urlTemplate\":\"https:\\\/\\\/winandofficews.com\\\/france\\\/?s={search_term_string}\"},\"query-input\":{\"@type\":\"PropertyValueSpecification\",\"valueRequired\":true,\"valueName\":\"search_term_string\"}}],\"inLanguage\":\"fr-FR\"},{\"@type\":\"Organization\",\"@id\":\"https:\\\/\\\/winandofficews.com\\\/france\\\/#organization\",\"name\":\"France\",\"url\":\"https:\\\/\\\/winandofficews.com\\\/france\\\/\",\"logo\":{\"@type\":\"ImageObject\",\"inLanguage\":\"fr-FR\",\"@id\":\"https:\\\/\\\/winandofficews.com\\\/france\\\/#\\\/schema\\\/logo\\\/image\\\/\",\"url\":\"https:\\\/\\\/winandofficews.com\\\/france\\\/wp-content\\\/uploads\\\/sites\\\/13\\\/logo14.png\",\"contentUrl\":\"https:\\\/\\\/winandofficews.com\\\/france\\\/wp-content\\\/uploads\\\/sites\\\/13\\\/logo14.png\",\"width\":322,\"height\":116,\"caption\":\"France\"},\"image\":{\"@id\":\"https:\\\/\\\/winandofficews.com\\\/france\\\/#\\\/schema\\\/logo\\\/image\\\/\"}}]}<\/script>\n<!-- \/ Yoast SEO plugin. -->","yoast_head_json":{"title":"Conditions de garantie - France","robots":{"index":"index","follow":"follow","max-snippet":"max-snippet:-1","max-image-preview":"max-image-preview:large","max-video-preview":"max-video-preview:-1"},"canonical":"https:\/\/winandofficews.com\/france\/warranty-policy\/","og_locale":"fr_FR","og_type":"article","og_title":"Conditions de garantie - France","og_description":"Garantie satisfait ou rembours\u00e9 de 30 jours et garantie de remplacement \u00e0 vie offre une garantie satisfait ou rembours\u00e9 de 30 jours pour tous les produits achet\u00e9s. Si vous n&#8217;\u00eates pas satisfait de votre achat, vous pouvez le retourner dans les 30 jours pour un remboursement complet. Apr\u00e8s cette p\u00e9riode&hellip;","og_url":"https:\/\/winandofficews.com\/france\/warranty-policy\/","og_site_name":"France","article_modified_time":"2025-06-19T12:24:29+00:00","twitter_card":"summary_large_image","twitter_misc":{"Dur\u00e9e de lecture estim\u00e9e":"2 minutes"},"schema":{"@context":"https:\/\/schema.org","@graph":[{"@type":"WebPage","@id":"https:\/\/winandofficews.com\/france\/warranty-policy\/","url":"https:\/\/winandofficews.com\/france\/warranty-policy\/","name":"Conditions de garantie - France","isPartOf":{"@id":"https:\/\/winandofficews.com\/france\/#website"},"datePublished":"2021-06-29T16:20:15+00:00","dateModified":"2025-06-19T12:24:29+00:00","breadcrumb":{"@id":"https:\/\/winandofficews.com\/france\/warranty-policy\/#breadcrumb"},"inLanguage":"fr-FR","potentialAction":[{"@type":"ReadAction","target":["https:\/\/winandofficews.com\/france\/warranty-policy\/"]}]},{"@type":"BreadcrumbList","@id":"https:\/\/winandofficews.com\/france\/warranty-policy\/#breadcrumb","itemListElement":[{"@type":"ListItem","position":1,"name":"Home","item":"https:\/\/winandofficews.com\/france\/"},{"@type":"ListItem","position":2,"name":"Conditions de garantie"}]},{"@type":"WebSite","@id":"https:\/\/winandofficews.com\/france\/#website","url":"https:\/\/winandofficews.com\/france\/","name":"France","description":"Wholesales Store of Office","publisher":{"@id":"https:\/\/winandofficews.com\/france\/#organization"},"potentialAction":[{"@type":"SearchAction","target":{"@type":"EntryPoint","urlTemplate":"https:\/\/winandofficews.com\/france\/?s={search_term_string}"},"query-input":{"@type":"PropertyValueSpecification","valueRequired":true,"valueName":"search_term_string"}}],"inLanguage":"fr-FR"},{"@type":"Organization","@id":"https:\/\/winandofficews.com\/france\/#organization","name":"France","url":"https:\/\/winandofficews.com\/france\/","logo":{"@type":"ImageObject","inLanguage":"fr-FR","@id":"https:\/\/winandofficews.com\/france\/#\/schema\/logo\/image\/","url":"https:\/\/winandofficews.com\/france\/wp-content\/uploads\/sites\/13\/logo14.png","contentUrl":"https:\/\/winandofficews.com\/france\/wp-content\/uploads\/sites\/13\/logo14.png","width":322,"height":116,"caption":"France"},"image":{"@id":"https:\/\/winandofficews.com\/france\/#\/schema\/logo\/image\/"}}]}},"_links":{"self":[{"href":"https:\/\/winandofficews.com\/france\/wp-json\/wp\/v2\/pages\/3497","targetHints":{"allow":["GET"]}}],"collection":[{"href":"https:\/\/winandofficews.com\/france\/wp-json\/wp\/v2\/pages"}],"about":[{"href":"https:\/\/winandofficews.com\/france\/wp-json\/wp\/v2\/types\/page"}],"author":[{"embeddable":true,"href":"https:\/\/winandofficews.com\/france\/wp-json\/wp\/v2\/users\/1"}],"replies":[{"embeddable":true,"href":"https:\/\/winandofficews.com\/france\/wp-json\/wp\/v2\/comments?post=3497"}],"version-history":[{"count":0,"href":"https:\/\/winandofficews.com\/france\/wp-json\/wp\/v2\/pages\/3497\/revisions"}],"wp:attachment":[{"href":"https:\/\/winandofficews.com\/france\/wp-json\/wp\/v2\/media?parent=3497"}],"curies":[{"name":"wp","href":"https:\/\/api.w.org\/{rel}","templated":true}]}}