{"id":3475,"date":"2021-06-25T18:49:48","date_gmt":"2021-06-25T18:49:48","guid":{"rendered":"https:\/\/winandofficews.com\/france\/?page_id=3475"},"modified":"2025-06-19T15:02:45","modified_gmt":"2025-06-19T13:02:45","slug":"refunds-policy","status":"publish","type":"page","link":"https:\/\/winandofficews.com\/france\/refunds-policy\/","title":{"rendered":"Politique de remboursement et de retour"},"content":{"rendered":"<ul style=\"pading-left: 20px;\">\n<li>Aucun frais de retour<\/li>\n<li>Aucun frais de livraison<\/li>\n<li>Remboursement int\u00e9gral sous 30 jours<\/li>\n<li>Garantie de remplacement \u00e0 vie<\/li>\n<\/ul>\n<p><strong>Politique de r\u00e9tractation<\/strong> Vous avez le droit de r\u00e9tracter du pr\u00e9sent contrat sans donner de motif dans les 30 jours suivant la r\u00e9ception des marchandises. Pour exercer votre droit de r\u00e9tractation, vous devez nous notifier votre d\u00e9cision de r\u00e9tractation du pr\u00e9sent contrat au moyen d&#8217;une d\u00e9claration d\u00e9nu\u00e9e d&#8217;ambigu\u00eft\u00e9 (par exemple, lettre envoy\u00e9e par la poste, fax ou e-mail). Vous pouvez utiliser le mod\u00e8le ci-joint \u00e0 cet effet.<\/p>\n<div style=\"border: dashed 1px gray; border-radius: 5px; background-color: #f5f5f5; padding: 5px; margin-bottom: 15px;\"><strong>Propri\u00e9taire\u00a0:<\/strong> INES CASTRO ANDIA<br \/>\n<strong>Lieu\u00a0: Allemagne\u00a0:<\/strong> Samoastra\u00dfe 1, 13353 Berlin, Germany<br \/>\n<strong>T\u00e9l.\u00a0:<\/strong> +49 60213274874<br \/>\n<strong>Courriel\u00a0:<\/strong> <a href='mailto:france@winandofficews.com'>france@winandofficews.com<\/a><\/div>\n<p><strong>Exemple de formulaire de r\u00e9tractation<\/strong> (Si vous souhaitez vous r\u00e9tracter du contrat, veuillez remplir ce formulaire et le retourner.)<\/p>\n<div style=\"border: dashed 1px gray; border-radius: 5px; background-color: #f5f5f5; padding: 5px; margin-bottom: 15px;\">\n<p>Par la pr\u00e9sente, je\/nous () r\u00e9silie\/r\u00e9tracte le contrat conclu par moi\/nous () pour l&#8217;achat des biens ()\/la prestation du service suivant ():<\/p>\n<ul style=\"padding-left: 20px;\">\n<li>Command\u00e9 le () \/ Re\u00e7u le ()<\/li>\n<li>Nom du\/des consommateur(s)<\/li>\n<li>Adresse du\/des consommateur(s)<\/li>\n<li>Signature du\/des consommateur(s) (uniquement en cas de notification sur papier)<\/li>\n<li>Date<\/li>\n<\/ul>\n<\/div>\n<p><em>(*) Rayer la mention inutile.<\/em> Pour que le d\u00e9lai de r\u00e9tractation soit respect\u00e9, il vous suffit d&#8217;envoyer votre notification d&#8217;exercice du droit de r\u00e9tractation avant l&#8217;expiration du d\u00e9lai de r\u00e9tractation.<\/p>\n<p><strong>Cons\u00e9quences de la r\u00e9tractation\u00a0:<\/strong> En cas de r\u00e9tractation de votre part, nous vous rembourserons imm\u00e9diatement tous les paiements re\u00e7us de vous, y compris les frais de livraison (\u00e0 l&#8217;exception des frais suppl\u00e9mentaires r\u00e9sultant du fait que vous avez choisi, le cas \u00e9ch\u00e9ant, un mode de livraison autre que la livraison standard la moins ch\u00e8re que nous proposons). Pour ce remboursement, nous utiliserons le m\u00eame moyen de paiement que celui que vous avez utilis\u00e9 pour la transaction initiale, sauf accord expr\u00e8s contraire avec vous\u00a0; En aucun cas, des frais ne vous seront factur\u00e9s pour ce remboursement.<\/p>\n<p><strong>Garantie de remplacement \u00e0 vie<\/strong>\u00a0: Si vous ne respectez pas la p\u00e9riode de remboursement de 30\u00a0jours, nous offrons une garantie de remplacement \u00e0 vie pour le produit. Si le produit pr\u00e9sente un d\u00e9faut d&#8217;utilisation, vous recevrez un produit de remplacement gratuit.<\/p>\n<div style=\"border: dashed 1px gray; border-radius: 5px; background-color: #f5f5f5; padding: 5px; margin-bottom: 15px;\"><strong>Propri\u00e9taire\u00a0:<\/strong> INES CASTRO ANDIA<br \/>\n<strong>Allemagne\u00a0:<\/strong> Samoastra\u00dfe 1, 13353 Berlin, Germany<br \/>\n<strong>T\u00e9l.\u00a0:<\/strong> +49 60213274874<br \/>\n<strong>E-mail\u00a0:<\/strong> <a href='mailto:france@winandofficews.com'>france@winandofficews.com<\/a><\/div>\n","protected":false},"excerpt":{"rendered":"<p>Aucun frais de retour Aucun frais de livraison Remboursement int\u00e9gral sous 30 jours Garantie de remplacement \u00e0 vie Politique de r\u00e9tractation Vous avez le droit de r\u00e9tracter du pr\u00e9sent contrat sans donner de motif dans les 30 jours suivant la r\u00e9ception des marchandises. Pour exercer votre droit de r\u00e9tractation, vous&hellip; <\/p>\n","protected":false},"author":1,"featured_media":0,"parent":0,"menu_order":0,"comment_status":"closed","ping_status":"closed","template":"","meta":{"_acf_changed":false,"footnotes":""},"class_list":["post-3475","page","type-page","status-publish","hentry"],"acf":[],"yoast_head":"<!-- This site is optimized with the Yoast SEO plugin v27.4 - https:\/\/yoast.com\/product\/yoast-seo-wordpress\/ -->\n<title>Politique de remboursement et de retour - France<\/title>\n<meta name=\"robots\" content=\"index, follow, max-snippet:-1, max-image-preview:large, max-video-preview:-1\" \/>\n<link rel=\"canonical\" href=\"https:\/\/winandofficews.com\/france\/refunds-policy\/\" \/>\n<meta property=\"og:locale\" content=\"fr_FR\" \/>\n<meta property=\"og:type\" content=\"article\" \/>\n<meta property=\"og:title\" content=\"Politique de remboursement et de retour - France\" \/>\n<meta property=\"og:description\" content=\"Aucun frais de retour Aucun frais de livraison Remboursement int\u00e9gral sous 30 jours Garantie de remplacement \u00e0 vie Politique de r\u00e9tractation Vous avez le droit de r\u00e9tracter du pr\u00e9sent contrat sans donner de motif dans les 30 jours suivant la r\u00e9ception des marchandises. Pour exercer votre droit de r\u00e9tractation, vous&hellip;\" \/>\n<meta property=\"og:url\" content=\"https:\/\/winandofficews.com\/france\/refunds-policy\/\" \/>\n<meta property=\"og:site_name\" content=\"France\" \/>\n<meta property=\"article:modified_time\" content=\"2025-06-19T13:02:45+00:00\" \/>\n<meta name=\"twitter:card\" content=\"summary_large_image\" \/>\n<meta name=\"twitter:label1\" content=\"Dur\u00e9e de lecture estim\u00e9e\" \/>\n\t<meta name=\"twitter:data1\" content=\"2 minutes\" \/>\n<script type=\"application\/ld+json\" class=\"yoast-schema-graph\">{\"@context\":\"https:\\\/\\\/schema.org\",\"@graph\":[{\"@type\":\"WebPage\",\"@id\":\"https:\\\/\\\/winandofficews.com\\\/france\\\/refunds-policy\\\/\",\"url\":\"https:\\\/\\\/winandofficews.com\\\/france\\\/refunds-policy\\\/\",\"name\":\"Politique de remboursement et de retour - France\",\"isPartOf\":{\"@id\":\"https:\\\/\\\/winandofficews.com\\\/france\\\/#website\"},\"datePublished\":\"2021-06-25T18:49:48+00:00\",\"dateModified\":\"2025-06-19T13:02:45+00:00\",\"breadcrumb\":{\"@id\":\"https:\\\/\\\/winandofficews.com\\\/france\\\/refunds-policy\\\/#breadcrumb\"},\"inLanguage\":\"fr-FR\",\"potentialAction\":[{\"@type\":\"ReadAction\",\"target\":[\"https:\\\/\\\/winandofficews.com\\\/france\\\/refunds-policy\\\/\"]}]},{\"@type\":\"BreadcrumbList\",\"@id\":\"https:\\\/\\\/winandofficews.com\\\/france\\\/refunds-policy\\\/#breadcrumb\",\"itemListElement\":[{\"@type\":\"ListItem\",\"position\":1,\"name\":\"Home\",\"item\":\"https:\\\/\\\/winandofficews.com\\\/france\\\/\"},{\"@type\":\"ListItem\",\"position\":2,\"name\":\"Politique de remboursement et de retour\"}]},{\"@type\":\"WebSite\",\"@id\":\"https:\\\/\\\/winandofficews.com\\\/france\\\/#website\",\"url\":\"https:\\\/\\\/winandofficews.com\\\/france\\\/\",\"name\":\"France\",\"description\":\"Wholesales Store of Office\",\"publisher\":{\"@id\":\"https:\\\/\\\/winandofficews.com\\\/france\\\/#organization\"},\"potentialAction\":[{\"@type\":\"SearchAction\",\"target\":{\"@type\":\"EntryPoint\",\"urlTemplate\":\"https:\\\/\\\/winandofficews.com\\\/france\\\/?s={search_term_string}\"},\"query-input\":{\"@type\":\"PropertyValueSpecification\",\"valueRequired\":true,\"valueName\":\"search_term_string\"}}],\"inLanguage\":\"fr-FR\"},{\"@type\":\"Organization\",\"@id\":\"https:\\\/\\\/winandofficews.com\\\/france\\\/#organization\",\"name\":\"France\",\"url\":\"https:\\\/\\\/winandofficews.com\\\/france\\\/\",\"logo\":{\"@type\":\"ImageObject\",\"inLanguage\":\"fr-FR\",\"@id\":\"https:\\\/\\\/winandofficews.com\\\/france\\\/#\\\/schema\\\/logo\\\/image\\\/\",\"url\":\"https:\\\/\\\/winandofficews.com\\\/france\\\/wp-content\\\/uploads\\\/sites\\\/13\\\/logo14.png\",\"contentUrl\":\"https:\\\/\\\/winandofficews.com\\\/france\\\/wp-content\\\/uploads\\\/sites\\\/13\\\/logo14.png\",\"width\":322,\"height\":116,\"caption\":\"France\"},\"image\":{\"@id\":\"https:\\\/\\\/winandofficews.com\\\/france\\\/#\\\/schema\\\/logo\\\/image\\\/\"}}]}<\/script>\n<!-- \/ Yoast SEO plugin. -->","yoast_head_json":{"title":"Politique de remboursement et de retour - France","robots":{"index":"index","follow":"follow","max-snippet":"max-snippet:-1","max-image-preview":"max-image-preview:large","max-video-preview":"max-video-preview:-1"},"canonical":"https:\/\/winandofficews.com\/france\/refunds-policy\/","og_locale":"fr_FR","og_type":"article","og_title":"Politique de remboursement et de retour - France","og_description":"Aucun frais de retour Aucun frais de livraison Remboursement int\u00e9gral sous 30 jours Garantie de remplacement \u00e0 vie Politique de r\u00e9tractation Vous avez le droit de r\u00e9tracter du pr\u00e9sent contrat sans donner de motif dans les 30 jours suivant la r\u00e9ception des marchandises. Pour exercer votre droit de r\u00e9tractation, vous&hellip;","og_url":"https:\/\/winandofficews.com\/france\/refunds-policy\/","og_site_name":"France","article_modified_time":"2025-06-19T13:02:45+00:00","twitter_card":"summary_large_image","twitter_misc":{"Dur\u00e9e de lecture estim\u00e9e":"2 minutes"},"schema":{"@context":"https:\/\/schema.org","@graph":[{"@type":"WebPage","@id":"https:\/\/winandofficews.com\/france\/refunds-policy\/","url":"https:\/\/winandofficews.com\/france\/refunds-policy\/","name":"Politique de remboursement et de retour - France","isPartOf":{"@id":"https:\/\/winandofficews.com\/france\/#website"},"datePublished":"2021-06-25T18:49:48+00:00","dateModified":"2025-06-19T13:02:45+00:00","breadcrumb":{"@id":"https:\/\/winandofficews.com\/france\/refunds-policy\/#breadcrumb"},"inLanguage":"fr-FR","potentialAction":[{"@type":"ReadAction","target":["https:\/\/winandofficews.com\/france\/refunds-policy\/"]}]},{"@type":"BreadcrumbList","@id":"https:\/\/winandofficews.com\/france\/refunds-policy\/#breadcrumb","itemListElement":[{"@type":"ListItem","position":1,"name":"Home","item":"https:\/\/winandofficews.com\/france\/"},{"@type":"ListItem","position":2,"name":"Politique de remboursement et de retour"}]},{"@type":"WebSite","@id":"https:\/\/winandofficews.com\/france\/#website","url":"https:\/\/winandofficews.com\/france\/","name":"France","description":"Wholesales Store of Office","publisher":{"@id":"https:\/\/winandofficews.com\/france\/#organization"},"potentialAction":[{"@type":"SearchAction","target":{"@type":"EntryPoint","urlTemplate":"https:\/\/winandofficews.com\/france\/?s={search_term_string}"},"query-input":{"@type":"PropertyValueSpecification","valueRequired":true,"valueName":"search_term_string"}}],"inLanguage":"fr-FR"},{"@type":"Organization","@id":"https:\/\/winandofficews.com\/france\/#organization","name":"France","url":"https:\/\/winandofficews.com\/france\/","logo":{"@type":"ImageObject","inLanguage":"fr-FR","@id":"https:\/\/winandofficews.com\/france\/#\/schema\/logo\/image\/","url":"https:\/\/winandofficews.com\/france\/wp-content\/uploads\/sites\/13\/logo14.png","contentUrl":"https:\/\/winandofficews.com\/france\/wp-content\/uploads\/sites\/13\/logo14.png","width":322,"height":116,"caption":"France"},"image":{"@id":"https:\/\/winandofficews.com\/france\/#\/schema\/logo\/image\/"}}]}},"_links":{"self":[{"href":"https:\/\/winandofficews.com\/france\/wp-json\/wp\/v2\/pages\/3475","targetHints":{"allow":["GET"]}}],"collection":[{"href":"https:\/\/winandofficews.com\/france\/wp-json\/wp\/v2\/pages"}],"about":[{"href":"https:\/\/winandofficews.com\/france\/wp-json\/wp\/v2\/types\/page"}],"author":[{"embeddable":true,"href":"https:\/\/winandofficews.com\/france\/wp-json\/wp\/v2\/users\/1"}],"replies":[{"embeddable":true,"href":"https:\/\/winandofficews.com\/france\/wp-json\/wp\/v2\/comments?post=3475"}],"version-history":[{"count":0,"href":"https:\/\/winandofficews.com\/france\/wp-json\/wp\/v2\/pages\/3475\/revisions"}],"wp:attachment":[{"href":"https:\/\/winandofficews.com\/france\/wp-json\/wp\/v2\/media?parent=3475"}],"curies":[{"name":"wp","href":"https:\/\/api.w.org\/{rel}","templated":true}]}}