{"id":3413,"date":"2021-03-03T14:12:03","date_gmt":"2021-03-03T14:12:03","guid":{"rendered":"https:\/\/shop.winandofficews.com\/france\/?page_id=3413"},"modified":"2025-06-19T14:11:25","modified_gmt":"2025-06-19T12:11:25","slug":"legal-basis","status":"publish","type":"page","link":"https:\/\/winandofficews.com\/france\/legal-basis\/","title":{"rendered":"Base juridique"},"content":{"rendered":"<h4>Droits de distribution<\/h4>\n<p>Les d\u00e9veloppeurs de logiciels tels que Microsoft autorisent des partenaires commerciaux certifi\u00e9s (revendeurs) \u00e0 vendre leurs produits aux consommateurs. Ce sont des droits dits de revendeur. Seuls les partenaires agr\u00e9\u00e9s sont autoris\u00e9s \u00e0 vendre des licences logicielles et sont obligatoirement membres du programme de partenariat du d\u00e9veloppeur. Les revendeurs b\u00e9n\u00e9ficient du droit non exclusif de commercialiser et de distribuer activement des logiciels sous licence au sein de l&#8217;UE\/AELE. \u00c0 titre exceptionnel, les partenaires commerciaux peuvent \u00e9galement op\u00e9rer dans d&#8217;autres r\u00e9gions\u00a0; cela n\u00e9cessite un accord \u00e9crit.<\/p>\n<p>Le revendeur est tenu de proposer les logiciels sous les noms de produits respectifs du d\u00e9veloppeur. Les mentions de protection et de droit d&#8217;auteur applicables doivent \u00eatre respect\u00e9es ou ajout\u00e9es. Toutes les marques et marques d\u00e9pos\u00e9es sont la propri\u00e9t\u00e9 de leurs d\u00e9veloppeurs respectifs. Les informations techniques doivent toujours correspondre aux informations du d\u00e9veloppeur. Les images, symboles et logos sont utilis\u00e9s pour identifier les articles. Les marchandises vendues restent la propri\u00e9t\u00e9 du revendeur jusqu&#8217;au paiement int\u00e9gral. Droit des licences<br \/>\nSelon la jurisprudence actuelle de la Cour f\u00e9d\u00e9rale de justice (BGH, arr\u00eat du 17 juillet 2013 &#8211; I ZR 129\/08), les revendeurs sp\u00e9cialis\u00e9s sont tenus de documenter la l\u00e9galit\u00e9 des logiciels qu&#8217;ils proposent. Les licences de logiciels ne peuvent \u00eatre mises sur le march\u00e9 qu&#8217;avec le consentement du titulaire des droits. La licence est accord\u00e9e moyennant une r\u00e9mun\u00e9ration permettant de g\u00e9n\u00e9rer une r\u00e9mun\u00e9ration correspondant \u00e0 la valeur \u00e9conomique du logiciel. Le titulaire des droits oblige le revendeur \u00e0 vendre le logiciel de mani\u00e8re permanente et sans limitation de dur\u00e9e d&#8217;utilisation. Le consommateur est inform\u00e9 que le logiciel est soumis aux conditions de licence et aux droits d&#8217;utilisation du fabricant du logiciel.<\/p>\n<p>L&#8217;acheteur dispose d&#8217;un droit simple et illimit\u00e9 d&#8217;utilisation du logiciel. Il lui est interdit de le copier ou de le faire utiliser par des tiers. Les droits d&#8217;utilisation multiples n\u00e9cessitent un accord s\u00e9par\u00e9.<\/p>\n","protected":false},"excerpt":{"rendered":"<p>Droits de distribution Les d\u00e9veloppeurs de logiciels tels que Microsoft autorisent des partenaires commerciaux certifi\u00e9s (revendeurs) \u00e0 vendre leurs produits aux consommateurs. Ce sont des droits dits de revendeur. Seuls les partenaires agr\u00e9\u00e9s sont autoris\u00e9s \u00e0 vendre des licences logicielles et sont obligatoirement membres du programme de partenariat du d\u00e9veloppeur.&hellip; <\/p>\n","protected":false},"author":1,"featured_media":0,"parent":0,"menu_order":0,"comment_status":"closed","ping_status":"closed","template":"","meta":{"_acf_changed":false,"footnotes":""},"class_list":["post-3413","page","type-page","status-publish","hentry"],"acf":[],"yoast_head":"<!-- This site is optimized with the Yoast SEO plugin v27.4 - https:\/\/yoast.com\/product\/yoast-seo-wordpress\/ -->\n<title>Base juridique - France<\/title>\n<meta name=\"robots\" content=\"index, follow, max-snippet:-1, max-image-preview:large, max-video-preview:-1\" \/>\n<link rel=\"canonical\" href=\"https:\/\/winandofficews.com\/france\/legal-basis\/\" \/>\n<meta property=\"og:locale\" content=\"fr_FR\" \/>\n<meta property=\"og:type\" content=\"article\" \/>\n<meta property=\"og:title\" content=\"Base juridique - France\" \/>\n<meta property=\"og:description\" content=\"Droits de distribution Les d\u00e9veloppeurs de logiciels tels que Microsoft autorisent des partenaires commerciaux certifi\u00e9s (revendeurs) \u00e0 vendre leurs produits aux consommateurs. Ce sont des droits dits de revendeur. Seuls les partenaires agr\u00e9\u00e9s sont autoris\u00e9s \u00e0 vendre des licences logicielles et sont obligatoirement membres du programme de partenariat du d\u00e9veloppeur.&hellip;\" \/>\n<meta property=\"og:url\" content=\"https:\/\/winandofficews.com\/france\/legal-basis\/\" \/>\n<meta property=\"og:site_name\" content=\"France\" \/>\n<meta property=\"article:modified_time\" content=\"2025-06-19T12:11:25+00:00\" \/>\n<meta name=\"twitter:card\" content=\"summary_large_image\" \/>\n<meta name=\"twitter:label1\" content=\"Dur\u00e9e de lecture estim\u00e9e\" \/>\n\t<meta name=\"twitter:data1\" content=\"2 minutes\" \/>\n<script type=\"application\/ld+json\" class=\"yoast-schema-graph\">{\"@context\":\"https:\\\/\\\/schema.org\",\"@graph\":[{\"@type\":\"WebPage\",\"@id\":\"https:\\\/\\\/winandofficews.com\\\/france\\\/legal-basis\\\/\",\"url\":\"https:\\\/\\\/winandofficews.com\\\/france\\\/legal-basis\\\/\",\"name\":\"Base juridique - France\",\"isPartOf\":{\"@id\":\"https:\\\/\\\/winandofficews.com\\\/france\\\/#website\"},\"datePublished\":\"2021-03-03T14:12:03+00:00\",\"dateModified\":\"2025-06-19T12:11:25+00:00\",\"breadcrumb\":{\"@id\":\"https:\\\/\\\/winandofficews.com\\\/france\\\/legal-basis\\\/#breadcrumb\"},\"inLanguage\":\"fr-FR\",\"potentialAction\":[{\"@type\":\"ReadAction\",\"target\":[\"https:\\\/\\\/winandofficews.com\\\/france\\\/legal-basis\\\/\"]}]},{\"@type\":\"BreadcrumbList\",\"@id\":\"https:\\\/\\\/winandofficews.com\\\/france\\\/legal-basis\\\/#breadcrumb\",\"itemListElement\":[{\"@type\":\"ListItem\",\"position\":1,\"name\":\"Home\",\"item\":\"https:\\\/\\\/winandofficews.com\\\/france\\\/\"},{\"@type\":\"ListItem\",\"position\":2,\"name\":\"Base juridique\"}]},{\"@type\":\"WebSite\",\"@id\":\"https:\\\/\\\/winandofficews.com\\\/france\\\/#website\",\"url\":\"https:\\\/\\\/winandofficews.com\\\/france\\\/\",\"name\":\"France\",\"description\":\"Wholesales Store of Office\",\"publisher\":{\"@id\":\"https:\\\/\\\/winandofficews.com\\\/france\\\/#organization\"},\"potentialAction\":[{\"@type\":\"SearchAction\",\"target\":{\"@type\":\"EntryPoint\",\"urlTemplate\":\"https:\\\/\\\/winandofficews.com\\\/france\\\/?s={search_term_string}\"},\"query-input\":{\"@type\":\"PropertyValueSpecification\",\"valueRequired\":true,\"valueName\":\"search_term_string\"}}],\"inLanguage\":\"fr-FR\"},{\"@type\":\"Organization\",\"@id\":\"https:\\\/\\\/winandofficews.com\\\/france\\\/#organization\",\"name\":\"France\",\"url\":\"https:\\\/\\\/winandofficews.com\\\/france\\\/\",\"logo\":{\"@type\":\"ImageObject\",\"inLanguage\":\"fr-FR\",\"@id\":\"https:\\\/\\\/winandofficews.com\\\/france\\\/#\\\/schema\\\/logo\\\/image\\\/\",\"url\":\"https:\\\/\\\/winandofficews.com\\\/france\\\/wp-content\\\/uploads\\\/sites\\\/13\\\/logo14.png\",\"contentUrl\":\"https:\\\/\\\/winandofficews.com\\\/france\\\/wp-content\\\/uploads\\\/sites\\\/13\\\/logo14.png\",\"width\":322,\"height\":116,\"caption\":\"France\"},\"image\":{\"@id\":\"https:\\\/\\\/winandofficews.com\\\/france\\\/#\\\/schema\\\/logo\\\/image\\\/\"}}]}<\/script>\n<!-- \/ Yoast SEO plugin. -->","yoast_head_json":{"title":"Base juridique - France","robots":{"index":"index","follow":"follow","max-snippet":"max-snippet:-1","max-image-preview":"max-image-preview:large","max-video-preview":"max-video-preview:-1"},"canonical":"https:\/\/winandofficews.com\/france\/legal-basis\/","og_locale":"fr_FR","og_type":"article","og_title":"Base juridique - France","og_description":"Droits de distribution Les d\u00e9veloppeurs de logiciels tels que Microsoft autorisent des partenaires commerciaux certifi\u00e9s (revendeurs) \u00e0 vendre leurs produits aux consommateurs. Ce sont des droits dits de revendeur. Seuls les partenaires agr\u00e9\u00e9s sont autoris\u00e9s \u00e0 vendre des licences logicielles et sont obligatoirement membres du programme de partenariat du d\u00e9veloppeur.&hellip;","og_url":"https:\/\/winandofficews.com\/france\/legal-basis\/","og_site_name":"France","article_modified_time":"2025-06-19T12:11:25+00:00","twitter_card":"summary_large_image","twitter_misc":{"Dur\u00e9e de lecture estim\u00e9e":"2 minutes"},"schema":{"@context":"https:\/\/schema.org","@graph":[{"@type":"WebPage","@id":"https:\/\/winandofficews.com\/france\/legal-basis\/","url":"https:\/\/winandofficews.com\/france\/legal-basis\/","name":"Base juridique - France","isPartOf":{"@id":"https:\/\/winandofficews.com\/france\/#website"},"datePublished":"2021-03-03T14:12:03+00:00","dateModified":"2025-06-19T12:11:25+00:00","breadcrumb":{"@id":"https:\/\/winandofficews.com\/france\/legal-basis\/#breadcrumb"},"inLanguage":"fr-FR","potentialAction":[{"@type":"ReadAction","target":["https:\/\/winandofficews.com\/france\/legal-basis\/"]}]},{"@type":"BreadcrumbList","@id":"https:\/\/winandofficews.com\/france\/legal-basis\/#breadcrumb","itemListElement":[{"@type":"ListItem","position":1,"name":"Home","item":"https:\/\/winandofficews.com\/france\/"},{"@type":"ListItem","position":2,"name":"Base juridique"}]},{"@type":"WebSite","@id":"https:\/\/winandofficews.com\/france\/#website","url":"https:\/\/winandofficews.com\/france\/","name":"France","description":"Wholesales Store of Office","publisher":{"@id":"https:\/\/winandofficews.com\/france\/#organization"},"potentialAction":[{"@type":"SearchAction","target":{"@type":"EntryPoint","urlTemplate":"https:\/\/winandofficews.com\/france\/?s={search_term_string}"},"query-input":{"@type":"PropertyValueSpecification","valueRequired":true,"valueName":"search_term_string"}}],"inLanguage":"fr-FR"},{"@type":"Organization","@id":"https:\/\/winandofficews.com\/france\/#organization","name":"France","url":"https:\/\/winandofficews.com\/france\/","logo":{"@type":"ImageObject","inLanguage":"fr-FR","@id":"https:\/\/winandofficews.com\/france\/#\/schema\/logo\/image\/","url":"https:\/\/winandofficews.com\/france\/wp-content\/uploads\/sites\/13\/logo14.png","contentUrl":"https:\/\/winandofficews.com\/france\/wp-content\/uploads\/sites\/13\/logo14.png","width":322,"height":116,"caption":"France"},"image":{"@id":"https:\/\/winandofficews.com\/france\/#\/schema\/logo\/image\/"}}]}},"_links":{"self":[{"href":"https:\/\/winandofficews.com\/france\/wp-json\/wp\/v2\/pages\/3413","targetHints":{"allow":["GET"]}}],"collection":[{"href":"https:\/\/winandofficews.com\/france\/wp-json\/wp\/v2\/pages"}],"about":[{"href":"https:\/\/winandofficews.com\/france\/wp-json\/wp\/v2\/types\/page"}],"author":[{"embeddable":true,"href":"https:\/\/winandofficews.com\/france\/wp-json\/wp\/v2\/users\/1"}],"replies":[{"embeddable":true,"href":"https:\/\/winandofficews.com\/france\/wp-json\/wp\/v2\/comments?post=3413"}],"version-history":[{"count":0,"href":"https:\/\/winandofficews.com\/france\/wp-json\/wp\/v2\/pages\/3413\/revisions"}],"wp:attachment":[{"href":"https:\/\/winandofficews.com\/france\/wp-json\/wp\/v2\/media?parent=3413"}],"curies":[{"name":"wp","href":"https:\/\/api.w.org\/{rel}","templated":true}]}}