{"id":3410,"date":"2021-03-03T13:41:10","date_gmt":"2021-03-03T13:41:10","guid":{"rendered":"https:\/\/shop.winandofficews.com\/france\/?page_id=3410"},"modified":"2025-06-19T14:08:44","modified_gmt":"2025-06-19T12:08:44","slug":"services","status":"publish","type":"page","link":"https:\/\/winandofficews.com\/france\/services\/","title":{"rendered":"Services"},"content":{"rendered":"<ul>\n<li>\n<h4>Livraison rapide 24h\/24 et 7j\/7<\/h4>\n<ul>\n<li>Nous vous envoyons la cl\u00e9 produit 2 minutes apr\u00e8s r\u00e9ception de votre paiement.<\/li>\n<li>Vous recevez un lien de t\u00e9l\u00e9chargement et les instructions d&#8217;installation par e-mail.<\/li>\n<li>Le logiciel et les instructions sont disponibles en 5 langues (allemand, anglais, fran\u00e7ais, italien, espagnol).<\/li>\n<\/ul>\n<\/li>\n<\/ul>\n<ul>\n<li>\n<h4>Des partenaires fiables<\/h4>\n<ul>\n<li>Nous sommes Microsoft Gold Partner MSPN.<\/li>\n<\/ul>\n<\/li>\n<\/ul>\n<ul>\n<li>\n<h4>Facture<\/h4>\n<ul>\n<li>Vous recevrez une facture avec votre num\u00e9ro de TVA et votre num\u00e9ro de partenaire Microsoft sous 24 heures.<\/li>\n<li>Toutes les licences sont soumises \u00e0 un audit via la blockchain. Technologie<\/li>\n<\/ul>\n<\/li>\n<\/ul>\n<ul>\n<li>\n<h4>Garantie produit<\/h4>\n<ul>\n<li>Activation en ligne garantie<\/li>\n<li>Garantie de remplacement \u00e0 vie<\/li>\n<li>Contr\u00f4le qualit\u00e9 des cl\u00e9s produit avant exp\u00e9dition<\/li>\n<\/ul>\n<\/li>\n<\/ul>\n<ul>\n<li>\n<h4>Transparence<\/h4>\n<p>Nous respectons toutes les exigences l\u00e9gales concernant nos obligations d&#8217;information.<\/p>\n<ul>\n<li>Lien vers la plateforme de la Commission europ\u00e9enne relative au r\u00e8glement en ligne des litiges<\/li>\n<\/ul>\n<\/li>\n<\/ul>\n<ul>\n<li>\n<h4>Paiements rapides et s\u00e9curis\u00e9s<\/h4>\n<p>Vous pouvez payer rapidement et en toute s\u00e9curit\u00e9 gr\u00e2ce aux services suivants\u00a0:<\/p>\n<ul>\n<li>Amazon Pay<\/li>\n<li>Paypal<\/li>\n<\/ul>\n<\/li>\n<\/ul>\n<ul>\n<li>\n<h4>Logiciel T\u00e9l\u00e9chargement<\/h4>\n<ul>\n<li>T\u00e9l\u00e9chargement rapide et s\u00e9curis\u00e9 depuis notre portail de t\u00e9l\u00e9chargement sans inscription<\/li>\n<li>Tous les programmes ont \u00e9t\u00e9 v\u00e9rifi\u00e9s contre les virus et les logiciels malveillants<\/li>\n<li>Notre portail de t\u00e9l\u00e9chargement est disponible en cinq langues<\/li>\n<\/ul>\n<\/li>\n<\/ul>\n<ul>\n<li>\n<h4>Notre service client est l\u00e0 pour vous aider\u00a0!<\/h4>\n<ul>\n<li>Joignable par e-mail 24h\/24 et 7j\/7<\/li>\n<li>Support client multilingue (allemand, anglais, fran\u00e7ais, italien, espagnol)<\/li>\n<\/ul>\n<\/li>\n<\/ul>\n<blockquote><p><strong><br \/>\nWin &amp; Office Wholesales ne se contente pas de vendre une cl\u00e9. Vous b\u00e9n\u00e9ficiez d&#8217;un service et d&#8217;une assistance complets d\u00e8s l&#8217;achat de votre produit.<br \/>\n<\/strong><\/p><\/blockquote>\n","protected":false},"excerpt":{"rendered":"<p>Livraison rapide 24h\/24 et 7j\/7 Nous vous envoyons la cl\u00e9 produit 2 minutes apr\u00e8s r\u00e9ception de votre paiement. Vous recevez un lien de t\u00e9l\u00e9chargement et les instructions d&#8217;installation par e-mail. Le logiciel et les instructions sont disponibles en 5 langues (allemand, anglais, fran\u00e7ais, italien, espagnol). Des partenaires fiables Nous sommes&hellip; <\/p>\n","protected":false},"author":1,"featured_media":0,"parent":0,"menu_order":0,"comment_status":"closed","ping_status":"closed","template":"","meta":{"_acf_changed":false,"footnotes":""},"class_list":["post-3410","page","type-page","status-publish","hentry"],"acf":[],"yoast_head":"<!-- This site is optimized with the Yoast SEO plugin v27.4 - https:\/\/yoast.com\/product\/yoast-seo-wordpress\/ -->\n<title>Services - France<\/title>\n<meta name=\"robots\" content=\"index, follow, max-snippet:-1, max-image-preview:large, max-video-preview:-1\" \/>\n<link rel=\"canonical\" href=\"https:\/\/winandofficews.com\/france\/services\/\" \/>\n<meta property=\"og:locale\" content=\"fr_FR\" \/>\n<meta property=\"og:type\" content=\"article\" \/>\n<meta property=\"og:title\" content=\"Services - France\" \/>\n<meta property=\"og:description\" content=\"Livraison rapide 24h\/24 et 7j\/7 Nous vous envoyons la cl\u00e9 produit 2 minutes apr\u00e8s r\u00e9ception de votre paiement. Vous recevez un lien de t\u00e9l\u00e9chargement et les instructions d&#8217;installation par e-mail. Le logiciel et les instructions sont disponibles en 5 langues (allemand, anglais, fran\u00e7ais, italien, espagnol). Des partenaires fiables Nous sommes&hellip;\" \/>\n<meta property=\"og:url\" content=\"https:\/\/winandofficews.com\/france\/services\/\" \/>\n<meta property=\"og:site_name\" content=\"France\" \/>\n<meta property=\"article:modified_time\" content=\"2025-06-19T12:08:44+00:00\" \/>\n<meta name=\"twitter:card\" content=\"summary_large_image\" \/>\n<meta name=\"twitter:label1\" content=\"Dur\u00e9e de lecture estim\u00e9e\" \/>\n\t<meta name=\"twitter:data1\" content=\"2 minutes\" \/>\n<script type=\"application\/ld+json\" class=\"yoast-schema-graph\">{\"@context\":\"https:\\\/\\\/schema.org\",\"@graph\":[{\"@type\":\"WebPage\",\"@id\":\"https:\\\/\\\/winandofficews.com\\\/france\\\/services\\\/\",\"url\":\"https:\\\/\\\/winandofficews.com\\\/france\\\/services\\\/\",\"name\":\"Services - France\",\"isPartOf\":{\"@id\":\"https:\\\/\\\/winandofficews.com\\\/france\\\/#website\"},\"datePublished\":\"2021-03-03T13:41:10+00:00\",\"dateModified\":\"2025-06-19T12:08:44+00:00\",\"breadcrumb\":{\"@id\":\"https:\\\/\\\/winandofficews.com\\\/france\\\/services\\\/#breadcrumb\"},\"inLanguage\":\"fr-FR\",\"potentialAction\":[{\"@type\":\"ReadAction\",\"target\":[\"https:\\\/\\\/winandofficews.com\\\/france\\\/services\\\/\"]}]},{\"@type\":\"BreadcrumbList\",\"@id\":\"https:\\\/\\\/winandofficews.com\\\/france\\\/services\\\/#breadcrumb\",\"itemListElement\":[{\"@type\":\"ListItem\",\"position\":1,\"name\":\"Home\",\"item\":\"https:\\\/\\\/winandofficews.com\\\/france\\\/\"},{\"@type\":\"ListItem\",\"position\":2,\"name\":\"Services\"}]},{\"@type\":\"WebSite\",\"@id\":\"https:\\\/\\\/winandofficews.com\\\/france\\\/#website\",\"url\":\"https:\\\/\\\/winandofficews.com\\\/france\\\/\",\"name\":\"France\",\"description\":\"Wholesales Store of Office\",\"publisher\":{\"@id\":\"https:\\\/\\\/winandofficews.com\\\/france\\\/#organization\"},\"potentialAction\":[{\"@type\":\"SearchAction\",\"target\":{\"@type\":\"EntryPoint\",\"urlTemplate\":\"https:\\\/\\\/winandofficews.com\\\/france\\\/?s={search_term_string}\"},\"query-input\":{\"@type\":\"PropertyValueSpecification\",\"valueRequired\":true,\"valueName\":\"search_term_string\"}}],\"inLanguage\":\"fr-FR\"},{\"@type\":\"Organization\",\"@id\":\"https:\\\/\\\/winandofficews.com\\\/france\\\/#organization\",\"name\":\"France\",\"url\":\"https:\\\/\\\/winandofficews.com\\\/france\\\/\",\"logo\":{\"@type\":\"ImageObject\",\"inLanguage\":\"fr-FR\",\"@id\":\"https:\\\/\\\/winandofficews.com\\\/france\\\/#\\\/schema\\\/logo\\\/image\\\/\",\"url\":\"https:\\\/\\\/winandofficews.com\\\/france\\\/wp-content\\\/uploads\\\/sites\\\/13\\\/logo14.png\",\"contentUrl\":\"https:\\\/\\\/winandofficews.com\\\/france\\\/wp-content\\\/uploads\\\/sites\\\/13\\\/logo14.png\",\"width\":322,\"height\":116,\"caption\":\"France\"},\"image\":{\"@id\":\"https:\\\/\\\/winandofficews.com\\\/france\\\/#\\\/schema\\\/logo\\\/image\\\/\"}}]}<\/script>\n<!-- \/ Yoast SEO plugin. -->","yoast_head_json":{"title":"Services - France","robots":{"index":"index","follow":"follow","max-snippet":"max-snippet:-1","max-image-preview":"max-image-preview:large","max-video-preview":"max-video-preview:-1"},"canonical":"https:\/\/winandofficews.com\/france\/services\/","og_locale":"fr_FR","og_type":"article","og_title":"Services - France","og_description":"Livraison rapide 24h\/24 et 7j\/7 Nous vous envoyons la cl\u00e9 produit 2 minutes apr\u00e8s r\u00e9ception de votre paiement. Vous recevez un lien de t\u00e9l\u00e9chargement et les instructions d&#8217;installation par e-mail. Le logiciel et les instructions sont disponibles en 5 langues (allemand, anglais, fran\u00e7ais, italien, espagnol). Des partenaires fiables Nous sommes&hellip;","og_url":"https:\/\/winandofficews.com\/france\/services\/","og_site_name":"France","article_modified_time":"2025-06-19T12:08:44+00:00","twitter_card":"summary_large_image","twitter_misc":{"Dur\u00e9e de lecture estim\u00e9e":"2 minutes"},"schema":{"@context":"https:\/\/schema.org","@graph":[{"@type":"WebPage","@id":"https:\/\/winandofficews.com\/france\/services\/","url":"https:\/\/winandofficews.com\/france\/services\/","name":"Services - France","isPartOf":{"@id":"https:\/\/winandofficews.com\/france\/#website"},"datePublished":"2021-03-03T13:41:10+00:00","dateModified":"2025-06-19T12:08:44+00:00","breadcrumb":{"@id":"https:\/\/winandofficews.com\/france\/services\/#breadcrumb"},"inLanguage":"fr-FR","potentialAction":[{"@type":"ReadAction","target":["https:\/\/winandofficews.com\/france\/services\/"]}]},{"@type":"BreadcrumbList","@id":"https:\/\/winandofficews.com\/france\/services\/#breadcrumb","itemListElement":[{"@type":"ListItem","position":1,"name":"Home","item":"https:\/\/winandofficews.com\/france\/"},{"@type":"ListItem","position":2,"name":"Services"}]},{"@type":"WebSite","@id":"https:\/\/winandofficews.com\/france\/#website","url":"https:\/\/winandofficews.com\/france\/","name":"France","description":"Wholesales Store of Office","publisher":{"@id":"https:\/\/winandofficews.com\/france\/#organization"},"potentialAction":[{"@type":"SearchAction","target":{"@type":"EntryPoint","urlTemplate":"https:\/\/winandofficews.com\/france\/?s={search_term_string}"},"query-input":{"@type":"PropertyValueSpecification","valueRequired":true,"valueName":"search_term_string"}}],"inLanguage":"fr-FR"},{"@type":"Organization","@id":"https:\/\/winandofficews.com\/france\/#organization","name":"France","url":"https:\/\/winandofficews.com\/france\/","logo":{"@type":"ImageObject","inLanguage":"fr-FR","@id":"https:\/\/winandofficews.com\/france\/#\/schema\/logo\/image\/","url":"https:\/\/winandofficews.com\/france\/wp-content\/uploads\/sites\/13\/logo14.png","contentUrl":"https:\/\/winandofficews.com\/france\/wp-content\/uploads\/sites\/13\/logo14.png","width":322,"height":116,"caption":"France"},"image":{"@id":"https:\/\/winandofficews.com\/france\/#\/schema\/logo\/image\/"}}]}},"_links":{"self":[{"href":"https:\/\/winandofficews.com\/france\/wp-json\/wp\/v2\/pages\/3410","targetHints":{"allow":["GET"]}}],"collection":[{"href":"https:\/\/winandofficews.com\/france\/wp-json\/wp\/v2\/pages"}],"about":[{"href":"https:\/\/winandofficews.com\/france\/wp-json\/wp\/v2\/types\/page"}],"author":[{"embeddable":true,"href":"https:\/\/winandofficews.com\/france\/wp-json\/wp\/v2\/users\/1"}],"replies":[{"embeddable":true,"href":"https:\/\/winandofficews.com\/france\/wp-json\/wp\/v2\/comments?post=3410"}],"version-history":[{"count":0,"href":"https:\/\/winandofficews.com\/france\/wp-json\/wp\/v2\/pages\/3410\/revisions"}],"wp:attachment":[{"href":"https:\/\/winandofficews.com\/france\/wp-json\/wp\/v2\/media?parent=3410"}],"curies":[{"name":"wp","href":"https:\/\/api.w.org\/{rel}","templated":true}]}}