{"id":8099,"date":"2024-11-24T11:28:15","date_gmt":"2024-11-24T10:28:15","guid":{"rendered":"https:\/\/winandofficews.com\/?post_type=product&#038;p=8099"},"modified":"2026-04-03T11:48:47","modified_gmt":"2026-04-03T09:48:47","slug":"microsoft-windows-10-professional-microsoft-visio-2024-professional-license-for-3-devices","status":"publish","type":"product","link":"https:\/\/winandofficews.com\/fr\/product\/microsoft-windows-10-professional-microsoft-visio-2024-professional-license-for-3-devices\/","title":{"rendered":"Microsoft Windows 10 Professional + Microsoft Visio 2024 Professional Licence pour 3 PC"},"content":{"rendered":"<h3>Microsoft Windows 10 Licence professionnelle pour 3 PC<\/h3>\n<p><strong>Cette licence permet d'activer le logiciel sur 3 appareils diff\u00e9rents, par exemple un PC domestique, un ordinateur portable et un PC de travail.<\/strong><\/p>\n<p>Avec Microsoft Windows 10 Professional, vous disposez d'un syst\u00e8me d'exploitation fiable sur votre appareil. Vous b\u00e9n\u00e9ficiez de d\u00e9marrages plus rapides, d'un menu de d\u00e9marrage familier mais am\u00e9lior\u00e9 et de nouvelles possibilit\u00e9s pour faire les choses rapidement. Vous b\u00e9n\u00e9ficiez \u00e9galement de nouvelles fonctionnalit\u00e9s telles qu'un tout nouveau navigateur pour naviguer encore mieux sur le web et votre assistant num\u00e9rique personnel Cortana. Cortana est votre assistant num\u00e9rique personnel qui vous suit sur tous vos appareils Microsoft Windows 10 et vous aide \u00e0 faire les choses. Au fil du temps, Cortana en apprend toujours plus sur vous et peut vous aider chaque jour davantage. Microsoft Windows 10 Professional vous assiste de mani\u00e8re optimale dans tout ce que vous faites.<\/p>\n<h3>Microsoft Visio 2024 Professional Licence pour 3 PC<\/h3>\n<p><strong>Cette licence permet d'activer le logiciel sur 3 appareils diff\u00e9rents, par exemple un PC domestique, un ordinateur portable et un PC de travail.<\/strong><\/p>\n<p>Mit Microsoft Visio 2024 ist es f\u00fcr Einzelpersonen und Teams einfacher denn je, professionelle und vielseitige Diagramme f\u00fcr alle Anforderungen zu erstellen und zu teilen. Es enth\u00e4lt aktualisierte Formen, Vorlagen und Stile sowie eine neue intuitive Suchleiste und ein aktualisiertes Erscheinungsbild, das eine vertraute Benutzererfahrung bietet, die an andere Office-Anwendungen angepasst ist.<\/p>\n<p>In Microsoft Visio 2024 finden Sie weiterhin alle Funktionen, die Sie gewohnt sind, und Sie erhalten einige neue dazu:<\/p>\n<ul>\n<li>Microsoft Visio 2024 bietet noch mehr Formen, Schablonen und Vorlagen, mit denen Sie Ihre Diagramme in k\u00fcrzerer Zeit erstellen k\u00f6nnen.<\/li>\n<li>Ein aktualisiertes Erscheinungsbild mit einem modernen Transparenzeffekt, der hinter der Leinwand und den Men\u00fcs angewendet wird, verleiht Visio 2024 ein moderneres und eleganteres Aussehen.<\/li>\n<li>Visio 2024 bietet das neue Design und Farbschema von Office 2024, einschlie\u00dflich Dunkelmodus, einer anpassbaren Benutzeroberfl\u00e4che und Verbesserungen f\u00fcr die Barrierefreiheit.<\/li>\n<li>Die Suche in Visio ist jetzt in der Titelleiste verf\u00fcgbar und somit barrierefreier.<\/li>\n<li>Erweiterte Prozessanalyse-Tools wie dynamische Bl\u00f6cke zur Analyse von Gesch\u00e4ftsprozessen und Visualisierung von Datenfl\u00fcssen<\/li>\n<\/ul>\n<p><strong>Support :<\/strong><\/p>\n<p>Si vous avez des questions, n'h\u00e9sitez pas \u00e0 nous <a href=\"mailto:contact@winandofficews.com\">par e-mail<\/a> pour nous contacter. Notre support client est disponible 7 jours sur 7, 24 heures sur 24.<\/p>","protected":false},"excerpt":{"rendered":"<ul>\n<li>Microsoft Windows 10 Licence professionnelle pour 3 PC<\/li>\n<li>Microsoft Visio 2024 Professional Plus Lizenz f\u00fcr 3 PC<\/li>\n<li><strong>Cette licence permet d'activer le logiciel sur 3 appareils diff\u00e9rents, par exemple un PC domestique, un ordinateur portable et un PC de travail.<\/strong><\/li>\n<li>Versions disponibles pour les syst\u00e8mes 32 et 64 bits<\/li>\n<li>Envoi par courrier \u00e9lectronique : Cl\u00e9 de produit, instructions, liens de t\u00e9l\u00e9chargement, facture<\/li>\n<li><strong>Remboursement int\u00e9gral pendant 30 jours - Garantie de remplacement \u00e0 vie !!<\/strong><\/li>\n<li>T\u00e9l\u00e9chargement imm\u00e9diat !<\/li>\n<li>Pas de limite de temps, pas d'abonnement<\/li>\n<li>Assistance gratuite \u00e0 l'installation et \u00e0 l'activation<\/li>\n<li>Pas de livraison sur support de donn\u00e9es (USB, CD, etc.)<\/li>\n<li>Activation en ligne et par t\u00e9l\u00e9phone<\/li>\n<li><strong>Ce produit est compatible avec Windows.<\/strong><\/li>\n<li><strong>NON compatible avec Apple macOS\u2122, les processeurs Apple, Parallels pour Mac, les appareils Android et les Chromebooks.<\/strong><\/li>\n<\/ul>","protected":false},"featured_media":8100,"comment_status":"open","ping_status":"closed","template":"","meta":{"_acf_changed":false},"product_brand":[],"product_cat":[155,158,156,266,271,269],"product_tag":[],"class_list":{"0":"post-8099","1":"product","2":"type-product","3":"status-publish","4":"has-post-thumbnail","6":"product_cat-microsoft-office","7":"product_cat-microsoft-windows","8":"product_cat-popular","9":"product_cat-visio","10":"product_cat-windows-10","11":"product_cat-windows-desktop","13":"first","14":"instock","15":"sale","16":"featured","17":"virtual","18":"taxable","19":"purchasable","20":"product-type-simple"},"acf":[],"yoast_head":"<!-- This site is optimized with the Yoast SEO plugin v27.3 - https:\/\/yoast.com\/product\/yoast-seo-wordpress\/ -->\n<title>Microsoft Windows 10 Professional + Microsoft Visio 2024 Professional Lizenz f\u00fcr 3 PC - Win &amp; Office WS<\/title>\n<meta name=\"robots\" content=\"index, follow, max-snippet:-1, max-image-preview:large, max-video-preview:-1\" \/>\n<link rel=\"canonical\" href=\"https:\/\/winandofficews.com\/fr\/product\/microsoft-windows-10-professional-microsoft-visio-2024-professional-license-for-3-devices\/\" \/>\n<meta property=\"og:locale\" content=\"fr_FR\" \/>\n<meta property=\"og:type\" content=\"article\" \/>\n<meta property=\"og:title\" content=\"Microsoft Windows 10 Professional + Microsoft Visio 2024 Professional Lizenz f\u00fcr 3 PC - Win &amp; Office WS\" \/>\n<meta property=\"og:description\" content=\"Microsoft Windows 10 Professional Lizenz f\u00fcr 3 PC  Microsoft Visio 2024 Professional Plus Lizenz f\u00fcr 3 PC  Mit dieser Lizenz kann die Software auf 3 verschiedenen Ger\u00e4ten aktiviert werden, z.B. Heim-PC, Notebook und Arbeits-PC  Versionen f\u00fcr 32 und 64 Bit Systeme verf\u00fcgbar  Versand per E-Mail: Produktschl\u00fcssel, Anleitung, Downloadlinks, Rechnung  30 Tage volle R\u00fcckerstattung \u2013 Lebenslange Ersatzgarantie!!!  Sofort-Download!  Keine zeitliche Begrenzung, kein Abo  Gratis Support bei der Installation und Aktivierung  Keine Lieferung auf Datentr\u00e4ger (USB, CD, usw.)  Aktivierung online und per Telefon  Dieses Produkt ist mit Windows kompatibel.  NICHT kompatibel mit Apple macOS\u2122, Apple-Prozessoren, Parallels f\u00fcr Mac, Android-Ger\u00e4ten und Chromebooks.\" \/>\n<meta property=\"og:url\" content=\"https:\/\/winandofficews.com\/fr\/product\/microsoft-windows-10-professional-microsoft-visio-2024-professional-license-for-3-devices\/\" \/>\n<meta property=\"og:site_name\" content=\"Win &amp; Office WS\" \/>\n<meta property=\"article:publisher\" content=\"https:\/\/www.facebook.com\/winandofficews\/\" \/>\n<meta property=\"article:modified_time\" content=\"2026-04-03T09:48:47+00:00\" \/>\n<meta property=\"og:image\" content=\"https:\/\/winandofficews.com\/wp-content\/uploads\/W10PV24P.png\" \/>\n\t<meta property=\"og:image:width\" content=\"600\" \/>\n\t<meta property=\"og:image:height\" content=\"600\" \/>\n\t<meta property=\"og:image:type\" content=\"image\/png\" \/>\n<meta name=\"twitter:card\" content=\"summary_large_image\" \/>\n<meta name=\"twitter:site\" content=\"@WINDOWSANDOFFI1\" \/>\n<meta name=\"twitter:label1\" content=\"Dur\u00e9e de lecture estim\u00e9e\" \/>\n\t<meta name=\"twitter:data1\" content=\"3 minutes\" \/>\n<script type=\"application\/ld+json\" class=\"yoast-schema-graph\">{\"@context\":\"https:\\\/\\\/schema.org\",\"@graph\":[{\"@type\":\"WebPage\",\"@id\":\"https:\\\/\\\/winandofficews.com\\\/product\\\/microsoft-windows-10-professional-microsoft-visio-2024-professional-license-for-3-devices\\\/\",\"url\":\"https:\\\/\\\/winandofficews.com\\\/product\\\/microsoft-windows-10-professional-microsoft-visio-2024-professional-license-for-3-devices\\\/\",\"name\":\"Microsoft Windows 10 Professional + Microsoft Visio 2024 Professional Lizenz f\u00fcr 3 PC - Win &amp; Office WS\",\"isPartOf\":{\"@id\":\"https:\\\/\\\/winandofficews.com\\\/#website\"},\"primaryImageOfPage\":{\"@id\":\"https:\\\/\\\/winandofficews.com\\\/product\\\/microsoft-windows-10-professional-microsoft-visio-2024-professional-license-for-3-devices\\\/#primaryimage\"},\"image\":{\"@id\":\"https:\\\/\\\/winandofficews.com\\\/product\\\/microsoft-windows-10-professional-microsoft-visio-2024-professional-license-for-3-devices\\\/#primaryimage\"},\"thumbnailUrl\":\"https:\\\/\\\/winandofficews.com\\\/wp-content\\\/uploads\\\/W10PV24P.png\",\"datePublished\":\"2024-11-24T10:28:15+00:00\",\"dateModified\":\"2026-04-03T09:48:47+00:00\",\"breadcrumb\":{\"@id\":\"https:\\\/\\\/winandofficews.com\\\/product\\\/microsoft-windows-10-professional-microsoft-visio-2024-professional-license-for-3-devices\\\/#breadcrumb\"},\"inLanguage\":\"fr-FR\",\"potentialAction\":[{\"@type\":\"ReadAction\",\"target\":[\"https:\\\/\\\/winandofficews.com\\\/product\\\/microsoft-windows-10-professional-microsoft-visio-2024-professional-license-for-3-devices\\\/\"]}]},{\"@type\":\"ImageObject\",\"inLanguage\":\"fr-FR\",\"@id\":\"https:\\\/\\\/winandofficews.com\\\/product\\\/microsoft-windows-10-professional-microsoft-visio-2024-professional-license-for-3-devices\\\/#primaryimage\",\"url\":\"https:\\\/\\\/winandofficews.com\\\/wp-content\\\/uploads\\\/W10PV24P.png\",\"contentUrl\":\"https:\\\/\\\/winandofficews.com\\\/wp-content\\\/uploads\\\/W10PV24P.png\",\"width\":600,\"height\":600},{\"@type\":\"BreadcrumbList\",\"@id\":\"https:\\\/\\\/winandofficews.com\\\/product\\\/microsoft-windows-10-professional-microsoft-visio-2024-professional-license-for-3-devices\\\/#breadcrumb\",\"itemListElement\":[{\"@type\":\"ListItem\",\"position\":1,\"name\":\"Home\",\"item\":\"https:\\\/\\\/winandofficews.com\\\/\"},{\"@type\":\"ListItem\",\"position\":2,\"name\":\"Shop\",\"item\":\"https:\\\/\\\/winandofficews.com\\\/shop\\\/\"},{\"@type\":\"ListItem\",\"position\":3,\"name\":\"Microsoft Windows 10 Professional + Microsoft Visio 2024 Professional Lizenz f\u00fcr 3 PC\"}]},{\"@type\":\"WebSite\",\"@id\":\"https:\\\/\\\/winandofficews.com\\\/#website\",\"url\":\"https:\\\/\\\/winandofficews.com\\\/\",\"name\":\"Win & Office WS\",\"description\":\"Wholesales Store of Office\",\"publisher\":{\"@id\":\"https:\\\/\\\/winandofficews.com\\\/#organization\"},\"potentialAction\":[{\"@type\":\"SearchAction\",\"target\":{\"@type\":\"EntryPoint\",\"urlTemplate\":\"https:\\\/\\\/winandofficews.com\\\/?s={search_term_string}\"},\"query-input\":{\"@type\":\"PropertyValueSpecification\",\"valueRequired\":true,\"valueName\":\"search_term_string\"}}],\"inLanguage\":\"fr-FR\"},{\"@type\":\"Organization\",\"@id\":\"https:\\\/\\\/winandofficews.com\\\/#organization\",\"name\":\"Win & Office WS\",\"url\":\"https:\\\/\\\/winandofficews.com\\\/\",\"logo\":{\"@type\":\"ImageObject\",\"inLanguage\":\"fr-FR\",\"@id\":\"https:\\\/\\\/winandofficews.com\\\/#\\\/schema\\\/logo\\\/image\\\/\",\"url\":\"https:\\\/\\\/winandofficews.com\\\/wp-content\\\/uploads\\\/logo14.png\",\"contentUrl\":\"https:\\\/\\\/winandofficews.com\\\/wp-content\\\/uploads\\\/logo14.png\",\"width\":322,\"height\":116,\"caption\":\"Win & Office WS\"},\"image\":{\"@id\":\"https:\\\/\\\/winandofficews.com\\\/#\\\/schema\\\/logo\\\/image\\\/\"},\"sameAs\":[\"https:\\\/\\\/www.facebook.com\\\/winandofficews\\\/\",\"https:\\\/\\\/x.com\\\/WINDOWSANDOFFI1\",\"https:\\\/\\\/www.instagram.com\\\/winandoffice.ws\\\/\",\"https:\\\/\\\/de.pinterest.com\\\/winandofficews_official\\\/\",\"https:\\\/\\\/www.tiktok.com\\\/@winandofficews\",\"https:\\\/\\\/www.youtube.com\\\/channel\\\/UCPI87ZZIvl272mOtG5sL8Cg\",\"https:\\\/\\\/de.trustpilot.com\\\/review\\\/winandofficews.com\",\"https:\\\/\\\/www.trustami.com\\\/review\\\/win-and-office-wholesales-rating\"]}]}<\/script>\n<!-- \/ Yoast SEO plugin. -->","yoast_head_json":{"title":"Microsoft Windows 10 Professional + Microsoft Visio 2024 Professional Lizenz f\u00fcr 3 PC - Win &amp; Office WS","robots":{"index":"index","follow":"follow","max-snippet":"max-snippet:-1","max-image-preview":"max-image-preview:large","max-video-preview":"max-video-preview:-1"},"canonical":"https:\/\/winandofficews.com\/fr\/product\/microsoft-windows-10-professional-microsoft-visio-2024-professional-license-for-3-devices\/","og_locale":"fr_FR","og_type":"article","og_title":"Microsoft Windows 10 Professional + Microsoft Visio 2024 Professional Lizenz f\u00fcr 3 PC - Win &amp; Office WS","og_description":"Microsoft Windows 10 Professional Lizenz f\u00fcr 3 PC  Microsoft Visio 2024 Professional Plus Lizenz f\u00fcr 3 PC  Mit dieser Lizenz kann die Software auf 3 verschiedenen Ger\u00e4ten aktiviert werden, z.B. Heim-PC, Notebook und Arbeits-PC  Versionen f\u00fcr 32 und 64 Bit Systeme verf\u00fcgbar  Versand per E-Mail: Produktschl\u00fcssel, Anleitung, Downloadlinks, Rechnung  30 Tage volle R\u00fcckerstattung \u2013 Lebenslange Ersatzgarantie!!!  Sofort-Download!  Keine zeitliche Begrenzung, kein Abo  Gratis Support bei der Installation und Aktivierung  Keine Lieferung auf Datentr\u00e4ger (USB, CD, usw.)  Aktivierung online und per Telefon  Dieses Produkt ist mit Windows kompatibel.  NICHT kompatibel mit Apple macOS\u2122, Apple-Prozessoren, Parallels f\u00fcr Mac, Android-Ger\u00e4ten und Chromebooks.","og_url":"https:\/\/winandofficews.com\/fr\/product\/microsoft-windows-10-professional-microsoft-visio-2024-professional-license-for-3-devices\/","og_site_name":"Win &amp; Office WS","article_publisher":"https:\/\/www.facebook.com\/winandofficews\/","article_modified_time":"2026-04-03T09:48:47+00:00","og_image":[{"width":600,"height":600,"url":"https:\/\/winandofficews.com\/wp-content\/uploads\/W10PV24P.png","type":"image\/png"}],"twitter_card":"summary_large_image","twitter_site":"@WINDOWSANDOFFI1","twitter_misc":{"Dur\u00e9e de lecture estim\u00e9e":"3 minutes"},"schema":{"@context":"https:\/\/schema.org","@graph":[{"@type":"WebPage","@id":"https:\/\/winandofficews.com\/product\/microsoft-windows-10-professional-microsoft-visio-2024-professional-license-for-3-devices\/","url":"https:\/\/winandofficews.com\/product\/microsoft-windows-10-professional-microsoft-visio-2024-professional-license-for-3-devices\/","name":"Microsoft Windows 10 Professional + Microsoft Visio 2024 Professional Lizenz f\u00fcr 3 PC - Win &amp; Office WS","isPartOf":{"@id":"https:\/\/winandofficews.com\/#website"},"primaryImageOfPage":{"@id":"https:\/\/winandofficews.com\/product\/microsoft-windows-10-professional-microsoft-visio-2024-professional-license-for-3-devices\/#primaryimage"},"image":{"@id":"https:\/\/winandofficews.com\/product\/microsoft-windows-10-professional-microsoft-visio-2024-professional-license-for-3-devices\/#primaryimage"},"thumbnailUrl":"https:\/\/winandofficews.com\/wp-content\/uploads\/W10PV24P.png","datePublished":"2024-11-24T10:28:15+00:00","dateModified":"2026-04-03T09:48:47+00:00","breadcrumb":{"@id":"https:\/\/winandofficews.com\/product\/microsoft-windows-10-professional-microsoft-visio-2024-professional-license-for-3-devices\/#breadcrumb"},"inLanguage":"fr-FR","potentialAction":[{"@type":"ReadAction","target":["https:\/\/winandofficews.com\/product\/microsoft-windows-10-professional-microsoft-visio-2024-professional-license-for-3-devices\/"]}]},{"@type":"ImageObject","inLanguage":"fr-FR","@id":"https:\/\/winandofficews.com\/product\/microsoft-windows-10-professional-microsoft-visio-2024-professional-license-for-3-devices\/#primaryimage","url":"https:\/\/winandofficews.com\/wp-content\/uploads\/W10PV24P.png","contentUrl":"https:\/\/winandofficews.com\/wp-content\/uploads\/W10PV24P.png","width":600,"height":600},{"@type":"BreadcrumbList","@id":"https:\/\/winandofficews.com\/product\/microsoft-windows-10-professional-microsoft-visio-2024-professional-license-for-3-devices\/#breadcrumb","itemListElement":[{"@type":"ListItem","position":1,"name":"Home","item":"https:\/\/winandofficews.com\/"},{"@type":"ListItem","position":2,"name":"Shop","item":"https:\/\/winandofficews.com\/shop\/"},{"@type":"ListItem","position":3,"name":"Microsoft Windows 10 Professional + Microsoft Visio 2024 Professional Lizenz f\u00fcr 3 PC"}]},{"@type":"WebSite","@id":"https:\/\/winandofficews.com\/#website","url":"https:\/\/winandofficews.com\/","name":"Win & Office WS","description":"Wholesales Store of Office","publisher":{"@id":"https:\/\/winandofficews.com\/#organization"},"potentialAction":[{"@type":"SearchAction","target":{"@type":"EntryPoint","urlTemplate":"https:\/\/winandofficews.com\/?s={search_term_string}"},"query-input":{"@type":"PropertyValueSpecification","valueRequired":true,"valueName":"search_term_string"}}],"inLanguage":"fr-FR"},{"@type":"Organization","@id":"https:\/\/winandofficews.com\/#organization","name":"Win & Office WS","url":"https:\/\/winandofficews.com\/","logo":{"@type":"ImageObject","inLanguage":"fr-FR","@id":"https:\/\/winandofficews.com\/#\/schema\/logo\/image\/","url":"https:\/\/winandofficews.com\/wp-content\/uploads\/logo14.png","contentUrl":"https:\/\/winandofficews.com\/wp-content\/uploads\/logo14.png","width":322,"height":116,"caption":"Win & Office WS"},"image":{"@id":"https:\/\/winandofficews.com\/#\/schema\/logo\/image\/"},"sameAs":["https:\/\/www.facebook.com\/winandofficews\/","https:\/\/x.com\/WINDOWSANDOFFI1","https:\/\/www.instagram.com\/winandoffice.ws\/","https:\/\/de.pinterest.com\/winandofficews_official\/","https:\/\/www.tiktok.com\/@winandofficews","https:\/\/www.youtube.com\/channel\/UCPI87ZZIvl272mOtG5sL8Cg","https:\/\/de.trustpilot.com\/review\/winandofficews.com","https:\/\/www.trustami.com\/review\/win-and-office-wholesales-rating"]}]}},"_links":{"self":[{"href":"https:\/\/winandofficews.com\/fr\/wp-json\/wp\/v2\/product\/8099","targetHints":{"allow":["GET"]}}],"collection":[{"href":"https:\/\/winandofficews.com\/fr\/wp-json\/wp\/v2\/product"}],"about":[{"href":"https:\/\/winandofficews.com\/fr\/wp-json\/wp\/v2\/types\/product"}],"replies":[{"embeddable":true,"href":"https:\/\/winandofficews.com\/fr\/wp-json\/wp\/v2\/comments?post=8099"}],"wp:featuredmedia":[{"embeddable":true,"href":"https:\/\/winandofficews.com\/fr\/wp-json\/wp\/v2\/media\/8100"}],"wp:attachment":[{"href":"https:\/\/winandofficews.com\/fr\/wp-json\/wp\/v2\/media?parent=8099"}],"wp:term":[{"taxonomy":"product_brand","embeddable":true,"href":"https:\/\/winandofficews.com\/fr\/wp-json\/wp\/v2\/product_brand?post=8099"},{"taxonomy":"product_cat","embeddable":true,"href":"https:\/\/winandofficews.com\/fr\/wp-json\/wp\/v2\/product_cat?post=8099"},{"taxonomy":"product_tag","embeddable":true,"href":"https:\/\/winandofficews.com\/fr\/wp-json\/wp\/v2\/product_tag?post=8099"}],"curies":[{"name":"wp","href":"https:\/\/api.w.org\/{rel}","templated":true}]}}