{"id":8085,"date":"2024-11-24T11:27:48","date_gmt":"2024-11-24T10:27:48","guid":{"rendered":"https:\/\/winandofficews.com\/?post_type=product&#038;p=8085"},"modified":"2026-04-03T11:48:39","modified_gmt":"2026-04-03T09:48:39","slug":"microsoft-office-2024-standard-microsoft-office-2024-professional-plus-license-for-3-devices","status":"publish","type":"product","link":"https:\/\/winandofficews.com\/fr\/product\/microsoft-office-2024-standard-microsoft-office-2024-professional-plus-license-for-3-devices\/","title":{"rendered":"Microsoft Office 2024 Standard + Microsoft Office 2024 Professional Plus pour 3 PC"},"content":{"rendered":"<h3>Microsoft Office 2024 Standard<\/h3>\n<p><strong>Avec cette licence, le logiciel peut \u00eatre activ\u00e9 sur 3 appareils diff\u00e9rents, par exemple un PC domestique, un ordinateur portable et un PC de travail.<\/strong><\/p>\n<p>Microsoft Office Les utilisateurs qui utilisent toute la gamme d'applications \u00e0 la maison ou au bureau sont bien servis avec l'\u00e9dition Microsoft Office 2024 Standard. Tous les programmes importants sont inclus : Word, Excel, Outlook, PowerPoint et Access (Publisher n'est plus inclus, car il sera retir\u00e9 en 2026). OneNote est d\u00e8s \u00e0 pr\u00e9sent disponible au t\u00e9l\u00e9chargement dans le Microsoft Windows Store, ce qui permet de prendre rapidement des notes et de les mettre \u00e0 disposition sur tous les appareils via le cloud. En raison du grand nombre de programmes diff\u00e9rents, la version Standard s'adresse avant tout aux personnes qui travaillent \u00e0 la maison ou \u00e0 Office domicile ou qui, au bureau, recherchent une solution performante et fiable pour organiser des documents, des tableaux, etc.<\/p>\n<ul>\n<li><strong>Word<\/strong>: Cr\u00e9ez en un clin d'\u0153il des documents texte de qualit\u00e9 professionnelle.<\/li>\n<li><strong>Excel<\/strong>: Tableur intelligent pour la gestion de l'information.<\/li>\n<li><strong>PowerPoint<\/strong>: cr\u00e9er des pr\u00e9sentations dynamiques impressionnantes.<\/li>\n<li><strong>Outlook<\/strong>Communication facile.<\/li>\n<li><strong>OneNote<\/strong>: votre carnet de notes num\u00e9rique dans le cloud.<\/li>\n<\/ul>\n<p><strong>Condition pr\u00e9alable pour le syst\u00e8me d'exploitation :<\/strong> Microsoft Windows 10 ou 11<\/p>\n<h3>Microsoft Office 2024 Professional Plus<\/h3>\n<p><strong>Avec cette licence, le logiciel peut \u00eatre activ\u00e9 sur 3 appareils diff\u00e9rents, par exemple un PC domestique, un ordinateur portable et un PC de travail.<\/strong><\/p>\n<p>Microsoft Office Les utilisateurs qui utilisent toute la gamme d'applications \u00e0 la maison ou au bureau sont bien servis avec le Microsoft Office 2024 Professional Plus Edition. Tous les programmes importants sont inclus : Word, Excel, Outlook, PowerPoint et Access (Publisher n'est plus inclus, car il sera retir\u00e9 en 2026). OneNote est d\u00e8s \u00e0 pr\u00e9sent disponible au t\u00e9l\u00e9chargement dans le Microsoft Windows Store, ce qui permet de prendre rapidement des notes et de les mettre \u00e0 disposition sur tous les appareils via le cloud. En raison du grand nombre de programmes diff\u00e9rents, la version Professional Plus s'adresse avant tout aux personnes qui travaillent \u00e0 la maison ou \u00e0 Office domicile ou qui, au bureau, recherchent une solution performante et fiable pour organiser des documents, des tableaux, etc.<\/p>\n<ul>\n<li><strong>Word<\/strong>: Cr\u00e9ez en un clin d'\u0153il des documents texte de qualit\u00e9 professionnelle.<\/li>\n<li><strong>Excel<\/strong>: Tableur intelligent pour la gestion de l'information.<\/li>\n<li><strong>PowerPoint<\/strong>: cr\u00e9er des pr\u00e9sentations dynamiques impressionnantes.<\/li>\n<li><strong>OneNote<\/strong>: votre carnet de notes num\u00e9rique.<\/li>\n<li><strong>Outlook<\/strong>Communication facile.<\/li>\n<li><strong>Acc\u00e8s<\/strong>Programmation de bases de donn\u00e9es pour applications bas\u00e9es sur navigateur<\/li>\n<\/ul>\n<p><strong>Remarque importante : les \u00e9quipes<\/strong> est dans cette version de Office <strong>PAS<\/strong> inclus !<\/p>\n<p><strong>Condition pr\u00e9alable pour le syst\u00e8me d'exploitation :<\/strong> Microsoft Windows 10 ou 11<\/p>\n<p><strong>soutien :<\/strong><\/p>\n<p>Si vous avez des questions, n'h\u00e9sitez pas \u00e0 nous <a href=\"mailto:contact@winandofficews.com\">par e-mail<\/a> pour nous contacter. Notre support client est disponible 7 jours sur 7, 24 heures sur 24.<\/p>","protected":false},"excerpt":{"rendered":"<ul>\n<li>Microsoft Office 2024 Standard Licence pour 3 PC<\/li>\n<li>Microsoft Office 2024 Professional Plus pour 3 PC<\/li>\n<li><strong>Avec cette licence, le logiciel peut \u00eatre activ\u00e9 sur 3 appareils diff\u00e9rents, par exemple un PC domestique, un ordinateur portable et un PC de travail.<\/strong><\/li>\n<li>Version pour syst\u00e8mes 32 et 64 bits, versions compl\u00e8tes illimit\u00e9es du logiciel <strong>du partenaire certifi\u00e9 Microsoft Gold<\/strong><\/li>\n<li><strong>Remboursement int\u00e9gral pendant 30 jours - Garantie de remplacement \u00e0 vie !<\/strong><\/li>\n<li>Livraison par e-mail : Cl\u00e9 de produit, instructions, liens de t\u00e9l\u00e9chargement, facture<\/li>\n<li>T\u00e9l\u00e9chargement imm\u00e9diat !<\/li>\n<li>Pas de limite de temps, pas d'abonnement<\/li>\n<li>Assistance gratuite 24h\/24 et 7j\/7 en cas de probl\u00e8mes d'installation et d'activation<\/li>\n<li>Pas de livraison sur support de donn\u00e9es (USB, CD, etc.)<\/li>\n<li>Activation en ligne et par t\u00e9l\u00e9phone<\/li>\n<li>Langues parl\u00e9es : Anglais, espagnol, italien, allemand, fran\u00e7ais<\/li>\n<li><strong>Ce produit est compatible avec Microsoft Windows.<\/strong><\/li>\n<li><strong>NON compatible avec Apple macOS\u2122, les processeurs Apple, Parallels pour Mac, les appareils Android et les Chromebooks.<\/strong><\/li>\n<\/ul>","protected":false},"featured_media":8086,"comment_status":"open","ping_status":"closed","template":"","meta":{"_acf_changed":false},"product_brand":[],"product_cat":[155,249],"product_tag":[],"class_list":{"0":"post-8085","1":"product","2":"type-product","3":"status-publish","4":"has-post-thumbnail","6":"product_cat-microsoft-office","7":"product_cat-249","9":"first","10":"instock","11":"sale","12":"virtual","13":"taxable","14":"purchasable","15":"product-type-simple"},"acf":[],"yoast_head":"<!-- This site is optimized with the Yoast SEO plugin v27.4 - https:\/\/yoast.com\/product\/yoast-seo-wordpress\/ -->\n<title>Microsoft Office 2024 Standard + Microsoft Office 2024 Professional Plus f\u00fcr 3 PC - Win &amp; Office WS<\/title>\n<meta name=\"robots\" content=\"index, follow, max-snippet:-1, max-image-preview:large, max-video-preview:-1\" \/>\n<link rel=\"canonical\" href=\"https:\/\/winandofficews.com\/fr\/product\/microsoft-office-2024-standard-microsoft-office-2024-professional-plus-license-for-3-devices\/\" \/>\n<meta property=\"og:locale\" content=\"fr_FR\" \/>\n<meta property=\"og:type\" content=\"article\" \/>\n<meta property=\"og:title\" content=\"Microsoft Office 2024 Standard + Microsoft Office 2024 Professional Plus f\u00fcr 3 PC - Win &amp; Office WS\" \/>\n<meta property=\"og:description\" content=\"Microsoft Office 2024 Standard Lizenz f\u00fcr 3 PC  Microsoft Office 2024 Professional Plus f\u00fcr 3 PC  Mit dieser Lizenz kann die Software auf 3 verschiedenen Ger\u00e4ten aktiviert werden, z.B. Heim-PC, Notebook und Arbeits-PC.  Version f\u00fcr 32- und 64-Bit-Systeme, unbegrenzte Vollversionen der Software vom zertifizierten Microsoft Gold Partner  30 Tage volle R\u00fcckerstattung - Lebenslange Ersatzgarantie!  Lieferung per E-Mail: Produktschl\u00fcssel, Anleitung, Download-Links, Rechnung  Sofortiger Download!  Keine zeitliche Begrenzung, kein Abonnement  Kostenloser 24\/7-Support bei Problemen mit der Installation und Aktivierung  Keine Lieferung auf Datentr\u00e4ger (USB, CD, etc.)  Aktivierung online und per Telefon  Sprachen: Englisch, Spanisch, Italienisch, Deutsch, Franz\u00f6sisch  Dieses Produkt ist mit Microsoft Windows kompatibel.  NICHT kompatibel mit Apple macOS\u2122, Apple-Prozessoren, Parallels f\u00fcr Mac, Android-Ger\u00e4ten und Chromebooks.\" \/>\n<meta property=\"og:url\" content=\"https:\/\/winandofficews.com\/fr\/product\/microsoft-office-2024-standard-microsoft-office-2024-professional-plus-license-for-3-devices\/\" \/>\n<meta property=\"og:site_name\" content=\"Win &amp; Office WS\" \/>\n<meta property=\"article:publisher\" content=\"https:\/\/www.facebook.com\/winandofficews\/\" \/>\n<meta property=\"article:modified_time\" content=\"2026-04-03T09:48:39+00:00\" \/>\n<meta property=\"og:image\" content=\"https:\/\/winandofficews.com\/wp-content\/uploads\/O24PO24S.png\" \/>\n\t<meta property=\"og:image:width\" content=\"600\" \/>\n\t<meta property=\"og:image:height\" content=\"600\" \/>\n\t<meta property=\"og:image:type\" content=\"image\/png\" \/>\n<meta name=\"twitter:card\" content=\"summary_large_image\" \/>\n<meta name=\"twitter:site\" content=\"@WINDOWSANDOFFI1\" \/>\n<meta name=\"twitter:label1\" content=\"Dur\u00e9e de lecture estim\u00e9e\" \/>\n\t<meta name=\"twitter:data1\" content=\"3 minutes\" \/>\n<script type=\"application\/ld+json\" class=\"yoast-schema-graph\">{\"@context\":\"https:\\\/\\\/schema.org\",\"@graph\":[{\"@type\":\"WebPage\",\"@id\":\"https:\\\/\\\/winandofficews.com\\\/product\\\/microsoft-office-2024-standard-microsoft-office-2024-professional-plus-license-for-3-devices\\\/\",\"url\":\"https:\\\/\\\/winandofficews.com\\\/product\\\/microsoft-office-2024-standard-microsoft-office-2024-professional-plus-license-for-3-devices\\\/\",\"name\":\"Microsoft Office 2024 Standard + Microsoft Office 2024 Professional Plus f\u00fcr 3 PC - Win &amp; Office WS\",\"isPartOf\":{\"@id\":\"https:\\\/\\\/winandofficews.com\\\/#website\"},\"primaryImageOfPage\":{\"@id\":\"https:\\\/\\\/winandofficews.com\\\/product\\\/microsoft-office-2024-standard-microsoft-office-2024-professional-plus-license-for-3-devices\\\/#primaryimage\"},\"image\":{\"@id\":\"https:\\\/\\\/winandofficews.com\\\/product\\\/microsoft-office-2024-standard-microsoft-office-2024-professional-plus-license-for-3-devices\\\/#primaryimage\"},\"thumbnailUrl\":\"https:\\\/\\\/winandofficews.com\\\/wp-content\\\/uploads\\\/O24PO24S.png\",\"datePublished\":\"2024-11-24T10:27:48+00:00\",\"dateModified\":\"2026-04-03T09:48:39+00:00\",\"breadcrumb\":{\"@id\":\"https:\\\/\\\/winandofficews.com\\\/product\\\/microsoft-office-2024-standard-microsoft-office-2024-professional-plus-license-for-3-devices\\\/#breadcrumb\"},\"inLanguage\":\"fr-FR\",\"potentialAction\":[{\"@type\":\"ReadAction\",\"target\":[\"https:\\\/\\\/winandofficews.com\\\/product\\\/microsoft-office-2024-standard-microsoft-office-2024-professional-plus-license-for-3-devices\\\/\"]}]},{\"@type\":\"ImageObject\",\"inLanguage\":\"fr-FR\",\"@id\":\"https:\\\/\\\/winandofficews.com\\\/product\\\/microsoft-office-2024-standard-microsoft-office-2024-professional-plus-license-for-3-devices\\\/#primaryimage\",\"url\":\"https:\\\/\\\/winandofficews.com\\\/wp-content\\\/uploads\\\/O24PO24S.png\",\"contentUrl\":\"https:\\\/\\\/winandofficews.com\\\/wp-content\\\/uploads\\\/O24PO24S.png\",\"width\":600,\"height\":600},{\"@type\":\"BreadcrumbList\",\"@id\":\"https:\\\/\\\/winandofficews.com\\\/product\\\/microsoft-office-2024-standard-microsoft-office-2024-professional-plus-license-for-3-devices\\\/#breadcrumb\",\"itemListElement\":[{\"@type\":\"ListItem\",\"position\":1,\"name\":\"Home\",\"item\":\"https:\\\/\\\/winandofficews.com\\\/\"},{\"@type\":\"ListItem\",\"position\":2,\"name\":\"Shop\",\"item\":\"https:\\\/\\\/winandofficews.com\\\/shop\\\/\"},{\"@type\":\"ListItem\",\"position\":3,\"name\":\"Microsoft Office 2024 Standard + Microsoft Office 2024 Professional Plus f\u00fcr 3 PC\"}]},{\"@type\":\"WebSite\",\"@id\":\"https:\\\/\\\/winandofficews.com\\\/#website\",\"url\":\"https:\\\/\\\/winandofficews.com\\\/\",\"name\":\"Win & Office WS\",\"description\":\"Wholesales Store of Office\",\"publisher\":{\"@id\":\"https:\\\/\\\/winandofficews.com\\\/#organization\"},\"potentialAction\":[{\"@type\":\"SearchAction\",\"target\":{\"@type\":\"EntryPoint\",\"urlTemplate\":\"https:\\\/\\\/winandofficews.com\\\/?s={search_term_string}\"},\"query-input\":{\"@type\":\"PropertyValueSpecification\",\"valueRequired\":true,\"valueName\":\"search_term_string\"}}],\"inLanguage\":\"fr-FR\"},{\"@type\":\"Organization\",\"@id\":\"https:\\\/\\\/winandofficews.com\\\/#organization\",\"name\":\"Win & Office WS\",\"url\":\"https:\\\/\\\/winandofficews.com\\\/\",\"logo\":{\"@type\":\"ImageObject\",\"inLanguage\":\"fr-FR\",\"@id\":\"https:\\\/\\\/winandofficews.com\\\/#\\\/schema\\\/logo\\\/image\\\/\",\"url\":\"https:\\\/\\\/winandofficews.com\\\/wp-content\\\/uploads\\\/logo14.png\",\"contentUrl\":\"https:\\\/\\\/winandofficews.com\\\/wp-content\\\/uploads\\\/logo14.png\",\"width\":322,\"height\":116,\"caption\":\"Win & Office WS\"},\"image\":{\"@id\":\"https:\\\/\\\/winandofficews.com\\\/#\\\/schema\\\/logo\\\/image\\\/\"},\"sameAs\":[\"https:\\\/\\\/www.facebook.com\\\/winandofficews\\\/\",\"https:\\\/\\\/x.com\\\/WINDOWSANDOFFI1\",\"https:\\\/\\\/www.instagram.com\\\/winandoffice.ws\\\/\",\"https:\\\/\\\/de.pinterest.com\\\/winandofficews_official\\\/\",\"https:\\\/\\\/www.tiktok.com\\\/@winandofficews\",\"https:\\\/\\\/www.youtube.com\\\/channel\\\/UCPI87ZZIvl272mOtG5sL8Cg\",\"https:\\\/\\\/de.trustpilot.com\\\/review\\\/winandofficews.com\",\"https:\\\/\\\/www.trustami.com\\\/review\\\/win-and-office-wholesales-rating\"]}]}<\/script>\n<!-- \/ Yoast SEO plugin. -->","yoast_head_json":{"title":"Microsoft Office 2024 Standard + Microsoft Office 2024 Professional Plus pour 3 PC - Win &amp; Office WS","robots":{"index":"index","follow":"follow","max-snippet":"max-snippet:-1","max-image-preview":"max-image-preview:large","max-video-preview":"max-video-preview:-1"},"canonical":"https:\/\/winandofficews.com\/fr\/product\/microsoft-office-2024-standard-microsoft-office-2024-professional-plus-license-for-3-devices\/","og_locale":"fr_FR","og_type":"article","og_title":"Microsoft Office 2024 Standard + Microsoft Office 2024 Professional Plus f\u00fcr 3 PC - Win &amp; Office WS","og_description":"Microsoft Office 2024 Standard Lizenz f\u00fcr 3 PC  Microsoft Office 2024 Professional Plus f\u00fcr 3 PC  Mit dieser Lizenz kann die Software auf 3 verschiedenen Ger\u00e4ten aktiviert werden, z.B. Heim-PC, Notebook und Arbeits-PC.  Version f\u00fcr 32- und 64-Bit-Systeme, unbegrenzte Vollversionen der Software vom zertifizierten Microsoft Gold Partner  30 Tage volle R\u00fcckerstattung - Lebenslange Ersatzgarantie!  Lieferung per E-Mail: Produktschl\u00fcssel, Anleitung, Download-Links, Rechnung  Sofortiger Download!  Keine zeitliche Begrenzung, kein Abonnement  Kostenloser 24\/7-Support bei Problemen mit der Installation und Aktivierung  Keine Lieferung auf Datentr\u00e4ger (USB, CD, etc.)  Aktivierung online und per Telefon  Sprachen: Englisch, Spanisch, Italienisch, Deutsch, Franz\u00f6sisch  Dieses Produkt ist mit Microsoft Windows kompatibel.  NICHT kompatibel mit Apple macOS\u2122, Apple-Prozessoren, Parallels f\u00fcr Mac, Android-Ger\u00e4ten und Chromebooks.","og_url":"https:\/\/winandofficews.com\/fr\/product\/microsoft-office-2024-standard-microsoft-office-2024-professional-plus-license-for-3-devices\/","og_site_name":"Win &amp; Office WS","article_publisher":"https:\/\/www.facebook.com\/winandofficews\/","article_modified_time":"2026-04-03T09:48:39+00:00","og_image":[{"width":600,"height":600,"url":"https:\/\/winandofficews.com\/wp-content\/uploads\/O24PO24S.png","type":"image\/png"}],"twitter_card":"summary_large_image","twitter_site":"@WINDOWSANDOFFI1","twitter_misc":{"Dur\u00e9e de lecture estim\u00e9e":"3 minutes"},"schema":{"@context":"https:\/\/schema.org","@graph":[{"@type":"WebPage","@id":"https:\/\/winandofficews.com\/product\/microsoft-office-2024-standard-microsoft-office-2024-professional-plus-license-for-3-devices\/","url":"https:\/\/winandofficews.com\/product\/microsoft-office-2024-standard-microsoft-office-2024-professional-plus-license-for-3-devices\/","name":"Microsoft Office 2024 Standard + Microsoft Office 2024 Professional Plus pour 3 PC - Win &amp; Office WS","isPartOf":{"@id":"https:\/\/winandofficews.com\/#website"},"primaryImageOfPage":{"@id":"https:\/\/winandofficews.com\/product\/microsoft-office-2024-standard-microsoft-office-2024-professional-plus-license-for-3-devices\/#primaryimage"},"image":{"@id":"https:\/\/winandofficews.com\/product\/microsoft-office-2024-standard-microsoft-office-2024-professional-plus-license-for-3-devices\/#primaryimage"},"thumbnailUrl":"https:\/\/winandofficews.com\/wp-content\/uploads\/O24PO24S.png","datePublished":"2024-11-24T10:27:48+00:00","dateModified":"2026-04-03T09:48:39+00:00","breadcrumb":{"@id":"https:\/\/winandofficews.com\/product\/microsoft-office-2024-standard-microsoft-office-2024-professional-plus-license-for-3-devices\/#breadcrumb"},"inLanguage":"fr-FR","potentialAction":[{"@type":"ReadAction","target":["https:\/\/winandofficews.com\/product\/microsoft-office-2024-standard-microsoft-office-2024-professional-plus-license-for-3-devices\/"]}]},{"@type":"ImageObject","inLanguage":"fr-FR","@id":"https:\/\/winandofficews.com\/product\/microsoft-office-2024-standard-microsoft-office-2024-professional-plus-license-for-3-devices\/#primaryimage","url":"https:\/\/winandofficews.com\/wp-content\/uploads\/O24PO24S.png","contentUrl":"https:\/\/winandofficews.com\/wp-content\/uploads\/O24PO24S.png","width":600,"height":600},{"@type":"BreadcrumbList","@id":"https:\/\/winandofficews.com\/product\/microsoft-office-2024-standard-microsoft-office-2024-professional-plus-license-for-3-devices\/#breadcrumb","itemListElement":[{"@type":"ListItem","position":1,"name":"Home","item":"https:\/\/winandofficews.com\/"},{"@type":"ListItem","position":2,"name":"Shop","item":"https:\/\/winandofficews.com\/shop\/"},{"@type":"ListItem","position":3,"name":"Microsoft Office 2024 Standard + Microsoft Office 2024 Professional Plus f\u00fcr 3 PC"}]},{"@type":"WebSite","@id":"https:\/\/winandofficews.com\/#website","url":"https:\/\/winandofficews.com\/","name":"Win &amp; Office WS","description":"Magasin de gros de Office","publisher":{"@id":"https:\/\/winandofficews.com\/#organization"},"potentialAction":[{"@type":"SearchAction","target":{"@type":"EntryPoint","urlTemplate":"https:\/\/winandofficews.com\/?s={search_term_string}"},"query-input":{"@type":"PropertyValueSpecification","valueRequired":true,"valueName":"search_term_string"}}],"inLanguage":"fr-FR"},{"@type":"Organization","@id":"https:\/\/winandofficews.com\/#organization","name":"Win &amp; Office WS","url":"https:\/\/winandofficews.com\/","logo":{"@type":"ImageObject","inLanguage":"fr-FR","@id":"https:\/\/winandofficews.com\/#\/schema\/logo\/image\/","url":"https:\/\/winandofficews.com\/wp-content\/uploads\/logo14.png","contentUrl":"https:\/\/winandofficews.com\/wp-content\/uploads\/logo14.png","width":322,"height":116,"caption":"Win & Office WS"},"image":{"@id":"https:\/\/winandofficews.com\/#\/schema\/logo\/image\/"},"sameAs":["https:\/\/www.facebook.com\/winandofficews\/","https:\/\/x.com\/WINDOWSANDOFFI1","https:\/\/www.instagram.com\/winandoffice.ws\/","https:\/\/de.pinterest.com\/winandofficews_official\/","https:\/\/www.tiktok.com\/@winandofficews","https:\/\/www.youtube.com\/channel\/UCPI87ZZIvl272mOtG5sL8Cg","https:\/\/de.trustpilot.com\/review\/winandofficews.com","https:\/\/www.trustami.com\/review\/win-and-office-wholesales-rating"]}]}},"_links":{"self":[{"href":"https:\/\/winandofficews.com\/fr\/wp-json\/wp\/v2\/product\/8085","targetHints":{"allow":["GET"]}}],"collection":[{"href":"https:\/\/winandofficews.com\/fr\/wp-json\/wp\/v2\/product"}],"about":[{"href":"https:\/\/winandofficews.com\/fr\/wp-json\/wp\/v2\/types\/product"}],"replies":[{"embeddable":true,"href":"https:\/\/winandofficews.com\/fr\/wp-json\/wp\/v2\/comments?post=8085"}],"wp:featuredmedia":[{"embeddable":true,"href":"https:\/\/winandofficews.com\/fr\/wp-json\/wp\/v2\/media\/8086"}],"wp:attachment":[{"href":"https:\/\/winandofficews.com\/fr\/wp-json\/wp\/v2\/media?parent=8085"}],"wp:term":[{"taxonomy":"product_brand","embeddable":true,"href":"https:\/\/winandofficews.com\/fr\/wp-json\/wp\/v2\/product_brand?post=8085"},{"taxonomy":"product_cat","embeddable":true,"href":"https:\/\/winandofficews.com\/fr\/wp-json\/wp\/v2\/product_cat?post=8085"},{"taxonomy":"product_tag","embeddable":true,"href":"https:\/\/winandofficews.com\/fr\/wp-json\/wp\/v2\/product_tag?post=8085"}],"curies":[{"name":"wp","href":"https:\/\/api.w.org\/{rel}","templated":true}]}}