{"id":8057,"date":"2024-11-24T11:26:28","date_gmt":"2024-11-24T10:26:28","guid":{"rendered":"https:\/\/winandofficews.com\/?post_type=product&#038;p=8057"},"modified":"2026-04-03T11:48:31","modified_gmt":"2026-04-03T09:48:31","slug":"microsoft-office-2024-professional-plus-microsoft-windows-11-professional-license-for-3-devices","status":"publish","type":"product","link":"https:\/\/winandofficews.com\/fr\/product\/microsoft-office-2024-professional-plus-microsoft-windows-11-professional-license-for-3-devices\/","title":{"rendered":"Microsoft Office 2024 Professional Plus + Microsoft Windows 11 Professional Licence pour 3 PC"},"content":{"rendered":"<h3><strong>Microsoft Office 2024 Professional Plus<\/strong><\/h3>\n<div style=\"margin-bottom: 15px\"><strong>Avec cette licence, le logiciel peut \u00eatre activ\u00e9 sur 3 appareils diff\u00e9rents, par exemple un PC domestique, un ordinateur portable et un PC de travail.<\/strong><\/div>\n<div style=\"margin-bottom: 15px\">Microsoft Office-Anwender, die zu Hause oder im B\u00fcro die volle Bandbreite an Anwendungen nutzen, sind mit der Microsoft Office 2024 Professional Plus Edition gut beraten. Alle wichtigen Programme sind enthalten: Word, Excel, Outlook, PowerPoint und Access (Publisher ist nicht mehr enthalten, da er 2026 ausgemustert wird). OneNote steht ab sofort im Microsoft Windows Store zum Download bereit, so dass man sich schnell Notizen machen und diese \u00fcber die Cloud auf allen Ger\u00e4ten zur Verf\u00fcgung stellen kann. Die Professional Plus Version richtet sich aufgrund der Vielzahl an unterschiedlichen Programmen vor allem an Personen, die zu Hause oder im Home Office arbeiten oder im B\u00fcro eine leistungsstarke und zuverl\u00e4ssige L\u00f6sung zur Organisation von Dokumenten, Tabellen etc. suchen.<\/div>\n<ul>\n<li><strong>Word<\/strong>: Cr\u00e9ez en un clin d'\u0153il des documents texte de qualit\u00e9 professionnelle.<\/li>\n<li><strong>Excel<\/strong>: Intelligente Tabellenkalkulation f\u00fcr das Informationsmanagement.<\/li>\n<li><strong>PowerPoint<\/strong>: Erstellen Sie beeindruckende dynamische Pr\u00e4sentationen.<\/li>\n<li><strong>OneNote<\/strong>: Ihr digitales Notizbuch.<\/li>\n<li><strong>Outlook<\/strong>: Kommunikation leicht gemacht.<\/li>\n<li><strong>Acc\u00e8s<\/strong>: Datenbankprogrammierung f\u00fcr browserbasierte Anwendungen<\/li>\n<\/ul>\n<p><strong>Wichtiger Hinweis: Teams<\/strong> ist in dieser Version von Office <strong>NICHT<\/strong> enthalten!<\/p>\n<div><strong>Voraussetzung f\u00fcr das Betriebssystem: Microsoft Windows 10 oder 11<\/strong><\/div>\n<p>&nbsp;<\/p>\n<h3><strong>Microsoft Windows 11 Professional Licence pour 3 PC<\/strong><\/h3>\n<p>Erleben Sie die Spitze des modernen Computings mit Microsoft\u00a0 Microsoft Windows 11 Professional. Dieses Betriebssystem kombiniert schlankes Design mit starker Leistung und bietet eine nahtlose und sichere Umgebung f\u00fcr Arbeit und Freizeit. Microsoft Windows 11 Professional wurde entwickelt, um Ihnen zu helfen, mehr zu erreichen, mit neuen Funktionen und Verbesserungen, die die Produktivit\u00e4t und Konnektivit\u00e4t erh\u00f6hen.<\/p>\n<p><strong>Hauptmerkmale von Microsoft\u00a0 Microsoft Windows 11 Professional:<\/strong><\/p>\n<ul>\n<li><strong>Intuitive Schnittstelle:<\/strong> Ein frisches und klares Design, das Ihre Produktivit\u00e4t steigert.<\/li>\n<li><strong>Verbesserte Leistung:<\/strong> Schnellere Bootzeiten, effiziente Ressourcenverwaltung und verbesserte Sicherheit.<\/li>\n<li><strong>Virtuelle Desktops:<\/strong> Organisieren Sie Ihren Arbeitsbereich ganz einfach mit mehreren Desktops.<\/li>\n<li><strong>Layouts und Gruppen fangen:<\/strong> Ordnen und verwalten Sie Ihre ge\u00f6ffneten Fenster ganz einfach f\u00fcr Multitasking.<\/li>\n<li><strong>Integration von Microsoft Teams:<\/strong> Bleiben Sie mit den integrierten Chat- und Videokonferenz-Tools in Verbindung.<\/li>\n<li><strong>Erweiterte Sicherheit:<\/strong> Sch\u00fctzen Sie Ihre Daten mit hochmodernen Sicherheitsfunktionen.<\/li>\n<\/ul>\n<p>Mit einem Upgrade auf Microsoft Windows 11 Professional k\u00f6nnen Sie das volle Potenzial Ihres PCs aussch\u00f6pfen, egal ob Sie zu Hause, im B\u00fcro oder unterwegs arbeiten.<\/p>\n<hr \/>\n<p>Mit dieser exklusiven Kombination erhalten Sie die ultimative Produktivit\u00e4tssuite und das fortschrittlichste Betriebssystem. Genie\u00dfen Sie die hochmodernen Funktionen und Innovationen des Microsoft\u00a0 Microsoft Office 2024 Professional Plus gepaart mit dem schlanken Design und der leistungsstarken Performance des Microsoft Windows 11 Professional. Verpassen Sie nicht die Gelegenheit, aufzur\u00fcsten und Ihre Produktivit\u00e4t zu maximieren!<\/p>\n<p><strong>soutien :<\/strong><\/p>\n<p class=\"translation-block\">Bei Fragen z\u00f6gern Sie bitte nicht, uns\u00a0<a href=\"mailto:germany@dl-winandoffice.com\" target=\"_self\" rel=\"noopener\">per E-Mail<\/a>\u00a0zu kontaktieren. Unser Kundensupport ist 7 Tage die Woche, 24 Stunden am Tag verf\u00fcgbar.<\/p>","protected":false},"excerpt":{"rendered":"<ul>\n<li>Microsoft Office 2024 Standard Licence pour 3 PC<\/li>\n<li><strong>Cette licence permet d'activer le logiciel sur 3 appareils diff\u00e9rents, par exemple un PC domestique, un ordinateur portable et un PC de travail.<\/strong><\/li>\n<li>Versionen f\u00fcr 32- und 64-Bit-Systeme verf\u00fcgbar, Vollversion der Software vom zertifizierten Microsoft Gold Partner<\/li>\n<li><strong>Garantie de remboursement de 30 jours - Garantie de remplacement \u00e0 vie<\/strong><\/li>\n<li>Lieferung per E-Mail: Produktschl\u00fcssel, Anleitung, Download-Links und Rechnung<\/li>\n<li>T\u00e9l\u00e9chargement imm\u00e9diat<\/li>\n<li>Pas de limite de temps, pas d'abonnement<\/li>\n<li>Kostenloser 24\/7-Support bei Installation und Aktivierung<\/li>\n<li>Keine Lieferung auf physischen Datentr\u00e4gern (USB, CD usw.)<\/li>\n<li>Activation en ligne ou par t\u00e9l\u00e9phone<\/li>\n<li>Sprachen: Englisch, Spanisch, Italienisch, Deutsch, Franz\u00f6sisch<\/li>\n<li><strong>Compatible avec Windows<\/strong><\/li>\n<li><strong>Non compatible avec macOS\u2122, les processeurs Apple, Parallels pour Mac, les appareils Android et les Chromebooks<\/strong><\/li>\n<\/ul>","protected":false},"featured_media":84882,"comment_status":"open","ping_status":"closed","template":"","meta":{"_acf_changed":false},"product_brand":[],"product_cat":[155,249,156],"product_tag":[260,261],"class_list":{"0":"post-8057","1":"product","2":"type-product","3":"status-publish","4":"has-post-thumbnail","6":"product_cat-microsoft-office","7":"product_cat-249","8":"product_cat-popular","9":"product_tag-microsoft-office-2024-pro-plus-microsoft-windows-11-pro","10":"product_tag-microsoft-office-2024-pro-plus-microsoft-windows-11-pro-license-for-3-pc","12":"first","13":"instock","14":"sale","15":"featured","16":"virtual","17":"taxable","18":"purchasable","19":"product-type-simple"},"acf":[],"yoast_head":"<!-- This site is optimized with the Yoast SEO plugin v27.3 - https:\/\/yoast.com\/product\/yoast-seo-wordpress\/ -->\n<title>Microsoft Office 2024 Professional Plus + Microsoft Windows 11 Professional Lizenz f\u00fcr 3 PC - Win &amp; Office WS<\/title>\n<meta name=\"robots\" content=\"index, follow, max-snippet:-1, max-image-preview:large, max-video-preview:-1\" \/>\n<link rel=\"canonical\" href=\"https:\/\/winandofficews.com\/fr\/product\/microsoft-office-2024-professional-plus-microsoft-windows-11-professional-license-for-3-devices\/\" \/>\n<meta property=\"og:locale\" content=\"fr_FR\" \/>\n<meta property=\"og:type\" content=\"article\" \/>\n<meta property=\"og:title\" content=\"Microsoft Office 2024 Professional Plus + Microsoft Windows 11 Professional Lizenz f\u00fcr 3 PC - Win &amp; Office WS\" \/>\n<meta property=\"og:description\" content=\"Microsoft Office 2024 Standard Lizenz f\u00fcr 3 PC  Mit dieser Lizenz kann die Software auf 3 verschiedenen Ger\u00e4ten aktiviert werden, z. B. Heim-PC, Notebook und Arbeits-PC  Versionen f\u00fcr 32- und 64-Bit-Systeme verf\u00fcgbar, Vollversion der Software vom zertifizierten Microsoft Gold Partner  30 Tage Geld-zur\u00fcck-Garantie \u2013 Lebenslange Ersatzgarantie  Lieferung per E-Mail: Produktschl\u00fcssel, Anleitung, Download-Links und Rechnung  Sofort-Download  Keine zeitliche Begrenzung, kein Abonnement  Kostenloser 24\/7-Support bei Installation und Aktivierung  Keine Lieferung auf physischen Datentr\u00e4gern (USB, CD usw.)  Aktivierung online oder telefonisch  Sprachen: Englisch, Spanisch, Italienisch, Deutsch, Franz\u00f6sisch  Kompatibel mit Windows  Nicht kompatibel mit macOS\u2122, Apple-Prozessoren, Parallels f\u00fcr Mac, Android-Ger\u00e4ten und Chromebooks\" \/>\n<meta property=\"og:url\" content=\"https:\/\/winandofficews.com\/fr\/product\/microsoft-office-2024-professional-plus-microsoft-windows-11-professional-license-for-3-devices\/\" \/>\n<meta property=\"og:site_name\" content=\"Win &amp; Office WS\" \/>\n<meta property=\"article:publisher\" content=\"https:\/\/www.facebook.com\/winandofficews\/\" \/>\n<meta property=\"article:modified_time\" content=\"2026-04-03T09:48:31+00:00\" \/>\n<meta property=\"og:image\" content=\"https:\/\/winandofficews.com\/wp-content\/uploads\/O24PW11P.png\" \/>\n\t<meta property=\"og:image:width\" content=\"600\" \/>\n\t<meta property=\"og:image:height\" content=\"600\" \/>\n\t<meta property=\"og:image:type\" content=\"image\/png\" \/>\n<meta name=\"twitter:card\" content=\"summary_large_image\" \/>\n<meta name=\"twitter:site\" content=\"@WINDOWSANDOFFI1\" \/>\n<meta name=\"twitter:label1\" content=\"Dur\u00e9e de lecture estim\u00e9e\" \/>\n\t<meta name=\"twitter:data1\" content=\"3 minutes\" \/>\n<script type=\"application\/ld+json\" class=\"yoast-schema-graph\">{\"@context\":\"https:\\\/\\\/schema.org\",\"@graph\":[{\"@type\":\"WebPage\",\"@id\":\"https:\\\/\\\/winandofficews.com\\\/product\\\/microsoft-office-2024-professional-plus-microsoft-windows-11-professional-license-for-3-devices\\\/\",\"url\":\"https:\\\/\\\/winandofficews.com\\\/product\\\/microsoft-office-2024-professional-plus-microsoft-windows-11-professional-license-for-3-devices\\\/\",\"name\":\"Microsoft Office 2024 Professional Plus + Microsoft Windows 11 Professional Lizenz f\u00fcr 3 PC - Win &amp; Office WS\",\"isPartOf\":{\"@id\":\"https:\\\/\\\/winandofficews.com\\\/#website\"},\"primaryImageOfPage\":{\"@id\":\"https:\\\/\\\/winandofficews.com\\\/product\\\/microsoft-office-2024-professional-plus-microsoft-windows-11-professional-license-for-3-devices\\\/#primaryimage\"},\"image\":{\"@id\":\"https:\\\/\\\/winandofficews.com\\\/product\\\/microsoft-office-2024-professional-plus-microsoft-windows-11-professional-license-for-3-devices\\\/#primaryimage\"},\"thumbnailUrl\":\"https:\\\/\\\/winandofficews.com\\\/wp-content\\\/uploads\\\/O24PW11P.png\",\"datePublished\":\"2024-11-24T10:26:28+00:00\",\"dateModified\":\"2026-04-03T09:48:31+00:00\",\"breadcrumb\":{\"@id\":\"https:\\\/\\\/winandofficews.com\\\/product\\\/microsoft-office-2024-professional-plus-microsoft-windows-11-professional-license-for-3-devices\\\/#breadcrumb\"},\"inLanguage\":\"fr-FR\",\"potentialAction\":[{\"@type\":\"ReadAction\",\"target\":[\"https:\\\/\\\/winandofficews.com\\\/product\\\/microsoft-office-2024-professional-plus-microsoft-windows-11-professional-license-for-3-devices\\\/\"]}]},{\"@type\":\"ImageObject\",\"inLanguage\":\"fr-FR\",\"@id\":\"https:\\\/\\\/winandofficews.com\\\/product\\\/microsoft-office-2024-professional-plus-microsoft-windows-11-professional-license-for-3-devices\\\/#primaryimage\",\"url\":\"https:\\\/\\\/winandofficews.com\\\/wp-content\\\/uploads\\\/O24PW11P.png\",\"contentUrl\":\"https:\\\/\\\/winandofficews.com\\\/wp-content\\\/uploads\\\/O24PW11P.png\",\"width\":600,\"height\":600},{\"@type\":\"BreadcrumbList\",\"@id\":\"https:\\\/\\\/winandofficews.com\\\/product\\\/microsoft-office-2024-professional-plus-microsoft-windows-11-professional-license-for-3-devices\\\/#breadcrumb\",\"itemListElement\":[{\"@type\":\"ListItem\",\"position\":1,\"name\":\"Home\",\"item\":\"https:\\\/\\\/winandofficews.com\\\/\"},{\"@type\":\"ListItem\",\"position\":2,\"name\":\"Shop\",\"item\":\"https:\\\/\\\/winandofficews.com\\\/shop\\\/\"},{\"@type\":\"ListItem\",\"position\":3,\"name\":\"Microsoft Office 2024 Professional Plus + Microsoft Windows 11 Professional Lizenz f\u00fcr 3 PC\"}]},{\"@type\":\"WebSite\",\"@id\":\"https:\\\/\\\/winandofficews.com\\\/#website\",\"url\":\"https:\\\/\\\/winandofficews.com\\\/\",\"name\":\"Win & Office WS\",\"description\":\"Wholesales Store of Office\",\"publisher\":{\"@id\":\"https:\\\/\\\/winandofficews.com\\\/#organization\"},\"potentialAction\":[{\"@type\":\"SearchAction\",\"target\":{\"@type\":\"EntryPoint\",\"urlTemplate\":\"https:\\\/\\\/winandofficews.com\\\/?s={search_term_string}\"},\"query-input\":{\"@type\":\"PropertyValueSpecification\",\"valueRequired\":true,\"valueName\":\"search_term_string\"}}],\"inLanguage\":\"fr-FR\"},{\"@type\":\"Organization\",\"@id\":\"https:\\\/\\\/winandofficews.com\\\/#organization\",\"name\":\"Win & Office WS\",\"url\":\"https:\\\/\\\/winandofficews.com\\\/\",\"logo\":{\"@type\":\"ImageObject\",\"inLanguage\":\"fr-FR\",\"@id\":\"https:\\\/\\\/winandofficews.com\\\/#\\\/schema\\\/logo\\\/image\\\/\",\"url\":\"https:\\\/\\\/winandofficews.com\\\/wp-content\\\/uploads\\\/logo14.png\",\"contentUrl\":\"https:\\\/\\\/winandofficews.com\\\/wp-content\\\/uploads\\\/logo14.png\",\"width\":322,\"height\":116,\"caption\":\"Win & Office WS\"},\"image\":{\"@id\":\"https:\\\/\\\/winandofficews.com\\\/#\\\/schema\\\/logo\\\/image\\\/\"},\"sameAs\":[\"https:\\\/\\\/www.facebook.com\\\/winandofficews\\\/\",\"https:\\\/\\\/x.com\\\/WINDOWSANDOFFI1\",\"https:\\\/\\\/www.instagram.com\\\/winandoffice.ws\\\/\",\"https:\\\/\\\/de.pinterest.com\\\/winandofficews_official\\\/\",\"https:\\\/\\\/www.tiktok.com\\\/@winandofficews\",\"https:\\\/\\\/www.youtube.com\\\/channel\\\/UCPI87ZZIvl272mOtG5sL8Cg\",\"https:\\\/\\\/de.trustpilot.com\\\/review\\\/winandofficews.com\",\"https:\\\/\\\/www.trustami.com\\\/review\\\/win-and-office-wholesales-rating\"]}]}<\/script>\n<!-- \/ Yoast SEO plugin. -->","yoast_head_json":{"title":"Microsoft Office 2024 Professional Plus + Microsoft Windows 11 Professional Lizenz f\u00fcr 3 PC - Win &amp; Office WS","robots":{"index":"index","follow":"follow","max-snippet":"max-snippet:-1","max-image-preview":"max-image-preview:large","max-video-preview":"max-video-preview:-1"},"canonical":"https:\/\/winandofficews.com\/fr\/product\/microsoft-office-2024-professional-plus-microsoft-windows-11-professional-license-for-3-devices\/","og_locale":"fr_FR","og_type":"article","og_title":"Microsoft Office 2024 Professional Plus + Microsoft Windows 11 Professional Lizenz f\u00fcr 3 PC - Win &amp; Office WS","og_description":"Microsoft Office 2024 Standard Lizenz f\u00fcr 3 PC  Mit dieser Lizenz kann die Software auf 3 verschiedenen Ger\u00e4ten aktiviert werden, z. B. Heim-PC, Notebook und Arbeits-PC  Versionen f\u00fcr 32- und 64-Bit-Systeme verf\u00fcgbar, Vollversion der Software vom zertifizierten Microsoft Gold Partner  30 Tage Geld-zur\u00fcck-Garantie \u2013 Lebenslange Ersatzgarantie  Lieferung per E-Mail: Produktschl\u00fcssel, Anleitung, Download-Links und Rechnung  Sofort-Download  Keine zeitliche Begrenzung, kein Abonnement  Kostenloser 24\/7-Support bei Installation und Aktivierung  Keine Lieferung auf physischen Datentr\u00e4gern (USB, CD usw.)  Aktivierung online oder telefonisch  Sprachen: Englisch, Spanisch, Italienisch, Deutsch, Franz\u00f6sisch  Kompatibel mit Windows  Nicht kompatibel mit macOS\u2122, Apple-Prozessoren, Parallels f\u00fcr Mac, Android-Ger\u00e4ten und Chromebooks","og_url":"https:\/\/winandofficews.com\/fr\/product\/microsoft-office-2024-professional-plus-microsoft-windows-11-professional-license-for-3-devices\/","og_site_name":"Win &amp; Office WS","article_publisher":"https:\/\/www.facebook.com\/winandofficews\/","article_modified_time":"2026-04-03T09:48:31+00:00","og_image":[{"width":600,"height":600,"url":"https:\/\/winandofficews.com\/wp-content\/uploads\/O24PW11P.png","type":"image\/png"}],"twitter_card":"summary_large_image","twitter_site":"@WINDOWSANDOFFI1","twitter_misc":{"Dur\u00e9e de lecture estim\u00e9e":"3 minutes"},"schema":{"@context":"https:\/\/schema.org","@graph":[{"@type":"WebPage","@id":"https:\/\/winandofficews.com\/product\/microsoft-office-2024-professional-plus-microsoft-windows-11-professional-license-for-3-devices\/","url":"https:\/\/winandofficews.com\/product\/microsoft-office-2024-professional-plus-microsoft-windows-11-professional-license-for-3-devices\/","name":"Microsoft Office 2024 Professional Plus + Microsoft Windows 11 Professional Lizenz f\u00fcr 3 PC - Win &amp; Office WS","isPartOf":{"@id":"https:\/\/winandofficews.com\/#website"},"primaryImageOfPage":{"@id":"https:\/\/winandofficews.com\/product\/microsoft-office-2024-professional-plus-microsoft-windows-11-professional-license-for-3-devices\/#primaryimage"},"image":{"@id":"https:\/\/winandofficews.com\/product\/microsoft-office-2024-professional-plus-microsoft-windows-11-professional-license-for-3-devices\/#primaryimage"},"thumbnailUrl":"https:\/\/winandofficews.com\/wp-content\/uploads\/O24PW11P.png","datePublished":"2024-11-24T10:26:28+00:00","dateModified":"2026-04-03T09:48:31+00:00","breadcrumb":{"@id":"https:\/\/winandofficews.com\/product\/microsoft-office-2024-professional-plus-microsoft-windows-11-professional-license-for-3-devices\/#breadcrumb"},"inLanguage":"fr-FR","potentialAction":[{"@type":"ReadAction","target":["https:\/\/winandofficews.com\/product\/microsoft-office-2024-professional-plus-microsoft-windows-11-professional-license-for-3-devices\/"]}]},{"@type":"ImageObject","inLanguage":"fr-FR","@id":"https:\/\/winandofficews.com\/product\/microsoft-office-2024-professional-plus-microsoft-windows-11-professional-license-for-3-devices\/#primaryimage","url":"https:\/\/winandofficews.com\/wp-content\/uploads\/O24PW11P.png","contentUrl":"https:\/\/winandofficews.com\/wp-content\/uploads\/O24PW11P.png","width":600,"height":600},{"@type":"BreadcrumbList","@id":"https:\/\/winandofficews.com\/product\/microsoft-office-2024-professional-plus-microsoft-windows-11-professional-license-for-3-devices\/#breadcrumb","itemListElement":[{"@type":"ListItem","position":1,"name":"Home","item":"https:\/\/winandofficews.com\/"},{"@type":"ListItem","position":2,"name":"Shop","item":"https:\/\/winandofficews.com\/shop\/"},{"@type":"ListItem","position":3,"name":"Microsoft Office 2024 Professional Plus + Microsoft Windows 11 Professional Lizenz f\u00fcr 3 PC"}]},{"@type":"WebSite","@id":"https:\/\/winandofficews.com\/#website","url":"https:\/\/winandofficews.com\/","name":"Win & Office WS","description":"Wholesales Store of Office","publisher":{"@id":"https:\/\/winandofficews.com\/#organization"},"potentialAction":[{"@type":"SearchAction","target":{"@type":"EntryPoint","urlTemplate":"https:\/\/winandofficews.com\/?s={search_term_string}"},"query-input":{"@type":"PropertyValueSpecification","valueRequired":true,"valueName":"search_term_string"}}],"inLanguage":"fr-FR"},{"@type":"Organization","@id":"https:\/\/winandofficews.com\/#organization","name":"Win & Office WS","url":"https:\/\/winandofficews.com\/","logo":{"@type":"ImageObject","inLanguage":"fr-FR","@id":"https:\/\/winandofficews.com\/#\/schema\/logo\/image\/","url":"https:\/\/winandofficews.com\/wp-content\/uploads\/logo14.png","contentUrl":"https:\/\/winandofficews.com\/wp-content\/uploads\/logo14.png","width":322,"height":116,"caption":"Win & Office WS"},"image":{"@id":"https:\/\/winandofficews.com\/#\/schema\/logo\/image\/"},"sameAs":["https:\/\/www.facebook.com\/winandofficews\/","https:\/\/x.com\/WINDOWSANDOFFI1","https:\/\/www.instagram.com\/winandoffice.ws\/","https:\/\/de.pinterest.com\/winandofficews_official\/","https:\/\/www.tiktok.com\/@winandofficews","https:\/\/www.youtube.com\/channel\/UCPI87ZZIvl272mOtG5sL8Cg","https:\/\/de.trustpilot.com\/review\/winandofficews.com","https:\/\/www.trustami.com\/review\/win-and-office-wholesales-rating"]}]}},"_links":{"self":[{"href":"https:\/\/winandofficews.com\/fr\/wp-json\/wp\/v2\/product\/8057","targetHints":{"allow":["GET"]}}],"collection":[{"href":"https:\/\/winandofficews.com\/fr\/wp-json\/wp\/v2\/product"}],"about":[{"href":"https:\/\/winandofficews.com\/fr\/wp-json\/wp\/v2\/types\/product"}],"replies":[{"embeddable":true,"href":"https:\/\/winandofficews.com\/fr\/wp-json\/wp\/v2\/comments?post=8057"}],"wp:featuredmedia":[{"embeddable":true,"href":"https:\/\/winandofficews.com\/fr\/wp-json\/wp\/v2\/media\/84882"}],"wp:attachment":[{"href":"https:\/\/winandofficews.com\/fr\/wp-json\/wp\/v2\/media?parent=8057"}],"wp:term":[{"taxonomy":"product_brand","embeddable":true,"href":"https:\/\/winandofficews.com\/fr\/wp-json\/wp\/v2\/product_brand?post=8057"},{"taxonomy":"product_cat","embeddable":true,"href":"https:\/\/winandofficews.com\/fr\/wp-json\/wp\/v2\/product_cat?post=8057"},{"taxonomy":"product_tag","embeddable":true,"href":"https:\/\/winandofficews.com\/fr\/wp-json\/wp\/v2\/product_tag?post=8057"}],"curies":[{"name":"wp","href":"https:\/\/api.w.org\/{rel}","templated":true}]}}