{"id":8035,"date":"2024-11-24T11:25:21","date_gmt":"2024-11-24T10:25:21","guid":{"rendered":"https:\/\/winandofficews.com\/?post_type=product&#038;p=8035"},"modified":"2026-03-26T22:09:56","modified_gmt":"2026-03-26T21:09:56","slug":"microsoft-office-home-business-2016-mac","status":"publish","type":"product","link":"https:\/\/winandofficews.com\/fr\/product\/microsoft-office-home-business-2016-mac\/","title":{"rendered":"Microsoft Office Home &amp; Business 2016 MAC"},"content":{"rendered":"<h3>Microsoft Office Home &amp; Business 2016 MAC<\/h3>\n<p>Microsoft Office 2016 pour Mac a \u00e9t\u00e9 con\u00e7u pour vous permettre de travailler plus rapidement et plus efficacement. Il offre de nombreuses nouvelles fonctionnalit\u00e9s qui vous permettent de communiquer, de cr\u00e9er du contenu, de collaborer et de partager votre travail plus facilement. Microsoft Office 2016 pour Mac exploite de mani\u00e8re optimale les derni\u00e8res fonctionnalit\u00e9s Mac, notamment l'affichage Retina, l'affichage plein \u00e9cran et le rebond de d\u00e9filement.<\/p>\n<h4>Caract\u00e9ristiques<\/h4>\n<p>Microsoft Office 2016 pour Mac est le successeur de Microsoft Office 2011. Il est compatible avec OS X 10.10 Yosemite ainsi qu'avec toutes les versions plus r\u00e9centes de Mac OS X. Comme ses pr\u00e9d\u00e9cesseurs, Microsoft Office 2016 pour Mac est disponible en diff\u00e9rents packs, adapt\u00e9s \u00e0 diff\u00e9rents besoins. Que vous souhaitiez utiliser Office \u00e0 des fins personnelles ou professionnelles, Microsoft propose le package adapt\u00e9 \u00e0 vos besoins.<\/p>\n<p><strong>soutien :<\/strong><\/p>\n<p>Si vous avez des questions, n'h\u00e9sitez pas \u00e0 nous <a href=\"mailto:germany@dl-winandoffice.com\" rel=\"noopener\">par e-mail<\/a> pour nous contacter. Notre support client est \u00e0 votre disposition 7 jours sur 7, 24 heures sur 24.<\/p>","protected":false},"excerpt":{"rendered":"<ul>\n<li>Microsoft Office Home &amp; Business 2016 MAC<\/li>\n<li>Envoi par courrier \u00e9lectronique : Cl\u00e9 de produit, instructions, liens de t\u00e9l\u00e9chargement et facture<\/li>\n<li><strong>Garantie de remboursement de 30 jours - Garantie de remplacement \u00e0 vie<\/strong><\/li>\n<li>T\u00e9l\u00e9chargement imm\u00e9diat<\/li>\n<li>Pas de limite de temps, pas d'abonnement<\/li>\n<li>Assistance gratuite pour l'installation et l'activation<\/li>\n<li>Pas de livraison sur des supports physiques (USB, CD, etc.)<\/li>\n<li>Activation en ligne ou par t\u00e9l\u00e9phone<\/li>\n<li><strong>Compatible avec macOS<\/strong><\/li>\n<li><strong>Non compatible avec les appareils Android et Microsoft Windows<\/strong><\/li>\n<\/ul>","protected":false},"featured_media":8036,"comment_status":"open","ping_status":"closed","template":"","meta":{"_acf_changed":false},"product_brand":[],"product_cat":[254],"product_tag":[],"class_list":{"0":"post-8035","1":"product","2":"type-product","3":"status-publish","4":"has-post-thumbnail","6":"product_cat-mac","8":"first","9":"instock","10":"virtual","11":"taxable","12":"purchasable","13":"product-type-simple"},"acf":[],"yoast_head":"<!-- This site is optimized with the Yoast SEO plugin v27.4 - https:\/\/yoast.com\/product\/yoast-seo-wordpress\/ -->\n<title>Microsoft Office Home &amp; Business 2016 MAC - Win &amp; Office WS<\/title>\n<meta name=\"robots\" content=\"index, follow, max-snippet:-1, max-image-preview:large, max-video-preview:-1\" \/>\n<link rel=\"canonical\" href=\"https:\/\/winandofficews.com\/fr\/product\/microsoft-office-home-business-2016-mac\/\" \/>\n<meta property=\"og:locale\" content=\"fr_FR\" \/>\n<meta property=\"og:type\" content=\"article\" \/>\n<meta property=\"og:title\" content=\"Microsoft Office Home &amp; Business 2016 MAC - Win &amp; Office WS\" \/>\n<meta property=\"og:description\" content=\"Microsoft Office Home &amp; Business 2016 MAC  Versand per E-Mail: Produktschl\u00fcssel, Anleitung, Downloadlinks und Rechnung  30 Tage Geld-zur\u00fcck-Garantie \u2013 Lebenslange Ersatzgarantie  Sofort-Download  Keine zeitliche Begrenzung, kein Abonnement  Kostenloser Support bei Installation und Aktivierung  Keine Lieferung auf physischen Datentr\u00e4gern (USB, CD usw.)  Aktivierung online oder telefonisch  Kompatibel mit macOS  Nicht kompatibel mit Android- und Microsoft Windows-Ger\u00e4ten\" \/>\n<meta property=\"og:url\" content=\"https:\/\/winandofficews.com\/fr\/product\/microsoft-office-home-business-2016-mac\/\" \/>\n<meta property=\"og:site_name\" content=\"Win &amp; Office WS\" \/>\n<meta property=\"article:publisher\" content=\"https:\/\/www.facebook.com\/winandofficews\/\" \/>\n<meta property=\"article:modified_time\" content=\"2026-03-26T21:09:56+00:00\" \/>\n<meta property=\"og:image\" content=\"https:\/\/winandofficews.com\/wp-content\/uploads\/O16HB.png\" \/>\n\t<meta property=\"og:image:width\" content=\"600\" \/>\n\t<meta property=\"og:image:height\" content=\"600\" \/>\n\t<meta property=\"og:image:type\" content=\"image\/png\" \/>\n<meta name=\"twitter:card\" content=\"summary_large_image\" \/>\n<meta name=\"twitter:site\" content=\"@WINDOWSANDOFFI1\" \/>\n<meta name=\"twitter:label1\" content=\"Dur\u00e9e de lecture estim\u00e9e\" \/>\n\t<meta name=\"twitter:data1\" content=\"2 minutes\" \/>\n<script type=\"application\/ld+json\" class=\"yoast-schema-graph\">{\"@context\":\"https:\\\/\\\/schema.org\",\"@graph\":[{\"@type\":\"WebPage\",\"@id\":\"https:\\\/\\\/winandofficews.com\\\/product\\\/microsoft-office-home-business-2016-mac\\\/\",\"url\":\"https:\\\/\\\/winandofficews.com\\\/product\\\/microsoft-office-home-business-2016-mac\\\/\",\"name\":\"Microsoft Office Home &amp; Business 2016 MAC - Win &amp; Office WS\",\"isPartOf\":{\"@id\":\"https:\\\/\\\/winandofficews.com\\\/#website\"},\"primaryImageOfPage\":{\"@id\":\"https:\\\/\\\/winandofficews.com\\\/product\\\/microsoft-office-home-business-2016-mac\\\/#primaryimage\"},\"image\":{\"@id\":\"https:\\\/\\\/winandofficews.com\\\/product\\\/microsoft-office-home-business-2016-mac\\\/#primaryimage\"},\"thumbnailUrl\":\"https:\\\/\\\/winandofficews.com\\\/wp-content\\\/uploads\\\/O16HB.png\",\"datePublished\":\"2024-11-24T10:25:21+00:00\",\"dateModified\":\"2026-03-26T21:09:56+00:00\",\"breadcrumb\":{\"@id\":\"https:\\\/\\\/winandofficews.com\\\/product\\\/microsoft-office-home-business-2016-mac\\\/#breadcrumb\"},\"inLanguage\":\"fr-FR\",\"potentialAction\":[{\"@type\":\"ReadAction\",\"target\":[\"https:\\\/\\\/winandofficews.com\\\/product\\\/microsoft-office-home-business-2016-mac\\\/\"]}]},{\"@type\":\"ImageObject\",\"inLanguage\":\"fr-FR\",\"@id\":\"https:\\\/\\\/winandofficews.com\\\/product\\\/microsoft-office-home-business-2016-mac\\\/#primaryimage\",\"url\":\"https:\\\/\\\/winandofficews.com\\\/wp-content\\\/uploads\\\/O16HB.png\",\"contentUrl\":\"https:\\\/\\\/winandofficews.com\\\/wp-content\\\/uploads\\\/O16HB.png\",\"width\":600,\"height\":600},{\"@type\":\"BreadcrumbList\",\"@id\":\"https:\\\/\\\/winandofficews.com\\\/product\\\/microsoft-office-home-business-2016-mac\\\/#breadcrumb\",\"itemListElement\":[{\"@type\":\"ListItem\",\"position\":1,\"name\":\"Home\",\"item\":\"https:\\\/\\\/winandofficews.com\\\/\"},{\"@type\":\"ListItem\",\"position\":2,\"name\":\"Shop\",\"item\":\"https:\\\/\\\/winandofficews.com\\\/shop\\\/\"},{\"@type\":\"ListItem\",\"position\":3,\"name\":\"Microsoft Office Home &amp; Business 2016 MAC\"}]},{\"@type\":\"WebSite\",\"@id\":\"https:\\\/\\\/winandofficews.com\\\/#website\",\"url\":\"https:\\\/\\\/winandofficews.com\\\/\",\"name\":\"Win & Office WS\",\"description\":\"Wholesales Store of Office\",\"publisher\":{\"@id\":\"https:\\\/\\\/winandofficews.com\\\/#organization\"},\"potentialAction\":[{\"@type\":\"SearchAction\",\"target\":{\"@type\":\"EntryPoint\",\"urlTemplate\":\"https:\\\/\\\/winandofficews.com\\\/?s={search_term_string}\"},\"query-input\":{\"@type\":\"PropertyValueSpecification\",\"valueRequired\":true,\"valueName\":\"search_term_string\"}}],\"inLanguage\":\"fr-FR\"},{\"@type\":\"Organization\",\"@id\":\"https:\\\/\\\/winandofficews.com\\\/#organization\",\"name\":\"Win & Office WS\",\"url\":\"https:\\\/\\\/winandofficews.com\\\/\",\"logo\":{\"@type\":\"ImageObject\",\"inLanguage\":\"fr-FR\",\"@id\":\"https:\\\/\\\/winandofficews.com\\\/#\\\/schema\\\/logo\\\/image\\\/\",\"url\":\"https:\\\/\\\/winandofficews.com\\\/wp-content\\\/uploads\\\/logo14.png\",\"contentUrl\":\"https:\\\/\\\/winandofficews.com\\\/wp-content\\\/uploads\\\/logo14.png\",\"width\":322,\"height\":116,\"caption\":\"Win & Office WS\"},\"image\":{\"@id\":\"https:\\\/\\\/winandofficews.com\\\/#\\\/schema\\\/logo\\\/image\\\/\"},\"sameAs\":[\"https:\\\/\\\/www.facebook.com\\\/winandofficews\\\/\",\"https:\\\/\\\/x.com\\\/WINDOWSANDOFFI1\",\"https:\\\/\\\/www.instagram.com\\\/winandoffice.ws\\\/\",\"https:\\\/\\\/de.pinterest.com\\\/winandofficews_official\\\/\",\"https:\\\/\\\/www.tiktok.com\\\/@winandofficews\",\"https:\\\/\\\/www.youtube.com\\\/channel\\\/UCPI87ZZIvl272mOtG5sL8Cg\",\"https:\\\/\\\/de.trustpilot.com\\\/review\\\/winandofficews.com\",\"https:\\\/\\\/www.trustami.com\\\/review\\\/win-and-office-wholesales-rating\"]}]}<\/script>\n<!-- \/ Yoast SEO plugin. -->","yoast_head_json":{"title":"Microsoft Office Home &amp; Business 2016 MAC - Win &amp; Office WS","robots":{"index":"index","follow":"follow","max-snippet":"max-snippet:-1","max-image-preview":"max-image-preview:large","max-video-preview":"max-video-preview:-1"},"canonical":"https:\/\/winandofficews.com\/fr\/product\/microsoft-office-home-business-2016-mac\/","og_locale":"fr_FR","og_type":"article","og_title":"Microsoft Office Home &amp; Business 2016 MAC - Win &amp; Office WS","og_description":"Microsoft Office Home &amp; Business 2016 MAC  Versand per E-Mail: Produktschl\u00fcssel, Anleitung, Downloadlinks und Rechnung  30 Tage Geld-zur\u00fcck-Garantie \u2013 Lebenslange Ersatzgarantie  Sofort-Download  Keine zeitliche Begrenzung, kein Abonnement  Kostenloser Support bei Installation und Aktivierung  Keine Lieferung auf physischen Datentr\u00e4gern (USB, CD usw.)  Aktivierung online oder telefonisch  Kompatibel mit macOS  Nicht kompatibel mit Android- und Microsoft Windows-Ger\u00e4ten","og_url":"https:\/\/winandofficews.com\/fr\/product\/microsoft-office-home-business-2016-mac\/","og_site_name":"Win &amp; Office WS","article_publisher":"https:\/\/www.facebook.com\/winandofficews\/","article_modified_time":"2026-03-26T21:09:56+00:00","og_image":[{"width":600,"height":600,"url":"https:\/\/winandofficews.com\/wp-content\/uploads\/O16HB.png","type":"image\/png"}],"twitter_card":"summary_large_image","twitter_site":"@WINDOWSANDOFFI1","twitter_misc":{"Dur\u00e9e de lecture estim\u00e9e":"2 minutes"},"schema":{"@context":"https:\/\/schema.org","@graph":[{"@type":"WebPage","@id":"https:\/\/winandofficews.com\/product\/microsoft-office-home-business-2016-mac\/","url":"https:\/\/winandofficews.com\/product\/microsoft-office-home-business-2016-mac\/","name":"Microsoft Office Home &amp; Business 2016 MAC - Win &amp; Office WS","isPartOf":{"@id":"https:\/\/winandofficews.com\/#website"},"primaryImageOfPage":{"@id":"https:\/\/winandofficews.com\/product\/microsoft-office-home-business-2016-mac\/#primaryimage"},"image":{"@id":"https:\/\/winandofficews.com\/product\/microsoft-office-home-business-2016-mac\/#primaryimage"},"thumbnailUrl":"https:\/\/winandofficews.com\/wp-content\/uploads\/O16HB.png","datePublished":"2024-11-24T10:25:21+00:00","dateModified":"2026-03-26T21:09:56+00:00","breadcrumb":{"@id":"https:\/\/winandofficews.com\/product\/microsoft-office-home-business-2016-mac\/#breadcrumb"},"inLanguage":"fr-FR","potentialAction":[{"@type":"ReadAction","target":["https:\/\/winandofficews.com\/product\/microsoft-office-home-business-2016-mac\/"]}]},{"@type":"ImageObject","inLanguage":"fr-FR","@id":"https:\/\/winandofficews.com\/product\/microsoft-office-home-business-2016-mac\/#primaryimage","url":"https:\/\/winandofficews.com\/wp-content\/uploads\/O16HB.png","contentUrl":"https:\/\/winandofficews.com\/wp-content\/uploads\/O16HB.png","width":600,"height":600},{"@type":"BreadcrumbList","@id":"https:\/\/winandofficews.com\/product\/microsoft-office-home-business-2016-mac\/#breadcrumb","itemListElement":[{"@type":"ListItem","position":1,"name":"Home","item":"https:\/\/winandofficews.com\/"},{"@type":"ListItem","position":2,"name":"Shop","item":"https:\/\/winandofficews.com\/shop\/"},{"@type":"ListItem","position":3,"name":"Microsoft Office Home &amp; Business 2016 MAC"}]},{"@type":"WebSite","@id":"https:\/\/winandofficews.com\/#website","url":"https:\/\/winandofficews.com\/","name":"Win &amp; Office WS","description":"Magasin de gros de Office","publisher":{"@id":"https:\/\/winandofficews.com\/#organization"},"potentialAction":[{"@type":"SearchAction","target":{"@type":"EntryPoint","urlTemplate":"https:\/\/winandofficews.com\/?s={search_term_string}"},"query-input":{"@type":"PropertyValueSpecification","valueRequired":true,"valueName":"search_term_string"}}],"inLanguage":"fr-FR"},{"@type":"Organization","@id":"https:\/\/winandofficews.com\/#organization","name":"Win &amp; Office WS","url":"https:\/\/winandofficews.com\/","logo":{"@type":"ImageObject","inLanguage":"fr-FR","@id":"https:\/\/winandofficews.com\/#\/schema\/logo\/image\/","url":"https:\/\/winandofficews.com\/wp-content\/uploads\/logo14.png","contentUrl":"https:\/\/winandofficews.com\/wp-content\/uploads\/logo14.png","width":322,"height":116,"caption":"Win & Office WS"},"image":{"@id":"https:\/\/winandofficews.com\/#\/schema\/logo\/image\/"},"sameAs":["https:\/\/www.facebook.com\/winandofficews\/","https:\/\/x.com\/WINDOWSANDOFFI1","https:\/\/www.instagram.com\/winandoffice.ws\/","https:\/\/de.pinterest.com\/winandofficews_official\/","https:\/\/www.tiktok.com\/@winandofficews","https:\/\/www.youtube.com\/channel\/UCPI87ZZIvl272mOtG5sL8Cg","https:\/\/de.trustpilot.com\/review\/winandofficews.com","https:\/\/www.trustami.com\/review\/win-and-office-wholesales-rating"]}]}},"_links":{"self":[{"href":"https:\/\/winandofficews.com\/fr\/wp-json\/wp\/v2\/product\/8035","targetHints":{"allow":["GET"]}}],"collection":[{"href":"https:\/\/winandofficews.com\/fr\/wp-json\/wp\/v2\/product"}],"about":[{"href":"https:\/\/winandofficews.com\/fr\/wp-json\/wp\/v2\/types\/product"}],"replies":[{"embeddable":true,"href":"https:\/\/winandofficews.com\/fr\/wp-json\/wp\/v2\/comments?post=8035"}],"wp:featuredmedia":[{"embeddable":true,"href":"https:\/\/winandofficews.com\/fr\/wp-json\/wp\/v2\/media\/8036"}],"wp:attachment":[{"href":"https:\/\/winandofficews.com\/fr\/wp-json\/wp\/v2\/media?parent=8035"}],"wp:term":[{"taxonomy":"product_brand","embeddable":true,"href":"https:\/\/winandofficews.com\/fr\/wp-json\/wp\/v2\/product_brand?post=8035"},{"taxonomy":"product_cat","embeddable":true,"href":"https:\/\/winandofficews.com\/fr\/wp-json\/wp\/v2\/product_cat?post=8035"},{"taxonomy":"product_tag","embeddable":true,"href":"https:\/\/winandofficews.com\/fr\/wp-json\/wp\/v2\/product_tag?post=8035"}],"curies":[{"name":"wp","href":"https:\/\/api.w.org\/{rel}","templated":true}]}}