{"id":8014,"date":"2024-11-24T11:24:34","date_gmt":"2024-11-24T10:24:34","guid":{"rendered":"https:\/\/winandofficews.com\/?post_type=product&#038;p=8014"},"modified":"2026-04-03T11:48:24","modified_gmt":"2026-04-03T09:48:24","slug":"microsoft-visio-2019-professional-license-for-3-devices","status":"publish","type":"product","link":"https:\/\/winandofficews.com\/fr\/product\/microsoft-visio-2019-professional-license-for-3-devices\/","title":{"rendered":"Microsoft Visio 2019 Professional pour 3 PC"},"content":{"rendered":"<p>Microsoft Visio reste, dans l'\u00e9dition Professional 2019, le meilleur outil pour concevoir des diagrammes dans les entreprises, en s'appuyant sur des normes industrielles r\u00e9pandues telles que IEEE. En outre, Microsoft a apport\u00e9 des milliers d'am\u00e9liorations dans les d\u00e9tails et introduit de nouvelles fonctionnalit\u00e9s, notamment pour faciliter le traitement de projets au sein de grandes \u00e9quipes. Le logiciel s'adresse ainsi explicitement aux utilisateurs professionnels. Cependant, la facilit\u00e9 d'acc\u00e8s au programme reste intacte, gr\u00e2ce notamment aux innombrables mod\u00e8les et \u00e0 l'interface Microsoft Office \u00e9prouv\u00e9e. Chaque acheteur re\u00e7oit \u00e9galement 2 Go d'espace de stockage gratuit sur OneDrive, la solution cloud de Microsoft.<\/p>\n<p>La g\u00e9n\u00e9ration de diagrammes dans Microsoft Visio Professional 2019 est possible d\u00e8s le d\u00e9marrage du programme : des centaines de mod\u00e8les bas\u00e9s sur une s\u00e9lection de plus de 250.000 formes le garantissent. De plus, l'application de bureau s'actualise en permanence et de nouveaux mod\u00e8les sont r\u00e9guli\u00e8rement ajout\u00e9s. Les utilisateurs partagent ensuite les diagrammes termin\u00e9s non seulement sous forme d'ensembles de donn\u00e9es Microsoft Visio, mais aussi sur Internet : Pour ce faire, Microsoft Visio Professional 2019 prend en charge les repr\u00e9sentations de diagrammes bas\u00e9es sur le web ou la sortie de fichiers PDF pour les utilisateurs qui n'utilisent pas Microsoft Visio sur leur appareil. Les commentaires que d'autres utilisateurs ajoutent ensuite au diagramme sont \u00e9galement visibles instantan\u00e9ment par le cr\u00e9ateur du projet, qui re\u00e7oit ainsi un feedback.<\/p>\n<p>Sp\u00e9cialement pour Microsoft Visio Professional 2019 et Microsoft Windows 10, Microsoft a \u00e9galement am\u00e9lior\u00e9 la prise en charge de la saisie digitale et des stylos tels que le Microsoft Surface Pen. Les diagrammes peuvent ainsi \u00eatre affin\u00e9s par des m\u00e9thodes de saisie naturelles, en utilisant de l'encre virtuelle ou m\u00eame les doigts pour colorer les formes, les d\u00e9placer et r\u00e9organiser les diagrammes. Cela facilite \u00e9galement l'utilisation du programme sur une tablette. Afin de mieux collaborer avec d'autres personnes, les fonctions d'annotation ont \u00e9t\u00e9 am\u00e9lior\u00e9es et l'int\u00e9gration de Skype for Business dans l'interface du programme a \u00e9t\u00e9 \u00e9tendue.<\/p>\n<p>Les nouvelles donn\u00e9es sont import\u00e9es directement dans Microsoft Visio Professional 2019 \u00e0 partir d'autres programmes populaires comme Excel. Cela permet de gagner du temps lors de l'\u00e9dition de graphiques, car les saisies manuelles sont moins fr\u00e9quentes. Pour donner ensuite vie \u00e0 ces diagrammes et pr\u00e9senter clairement m\u00eame de grandes quantit\u00e9s d'informations, d'innombrables couleurs, formes et graphiques sont disponibles pour se concentrer sur les donn\u00e9es les plus importantes. De plus, le programme prend en charge l'int\u00e9gration de dessins cr\u00e9\u00e9s dans le logiciel AutoCAD, ce qui permet de r\u00e9aliser des formes m\u00eame complexes.<\/p>\n<p>D\u00e8s que des donn\u00e9es de toute nature, qui \u00e9taient d\u00e9j\u00e0 int\u00e9gr\u00e9es dans le diagramme, changent, Microsoft Visio Professional 2019 met automatiquement \u00e0 jour la repr\u00e9sentation du projet. Ainsi, toutes les personnes concern\u00e9es gardent en permanence une vue d'ensemble et travaillent ensemble sur une version actuelle. L'absence de mises \u00e0 jour manuelles facilite le processus de travail et permet de gagner du temps \u00e0 long terme.<\/p>\n<p>Microsoft Visio Professional 2019 est exclusivement compatible avec Microsoft Windows 10. Il n'est pas possible d'ex\u00e9cuter le logiciel avec des versions Microsoft Windows ant\u00e9rieures. Il s'agit d'une cl\u00e9 de produit pour un ordinateur de bureau ou un ordinateur portable. Il n'y a pas de frais d'abonnement suppl\u00e9mentaires. Microsoft garantit les mises \u00e0 jour pendant au moins cinq ans.<\/p>\n<p><strong>Configuration requise :<\/strong><\/p>\n<ul>\n<li>Microsoft Windows 10, Microsoft Windows Server 2019<\/li>\n<li>1,6 GHz, processeur double c\u0153ur ou plus rapide<\/li>\n<li>2 Go de m\u00e9moire vive (32 bits) ; 4 Go de m\u00e9moire vive (64 bits)<\/li>\n<li>4 Go d'espace disque disponible<\/li>\n<li>L'acc\u00e9l\u00e9ration graphique n\u00e9cessite une carte graphique compatible DirectX 9 (WDDM 2.0 ou sup\u00e9rieur)<\/li>\n<\/ul>\n<p><strong>soutien :<\/strong><\/p>\n<p>Si vous avez des questions, n'h\u00e9sitez pas \u00e0 nous <a href=\"mailto:germany@dl-winandoffice.com\">par e-mail<\/a> pour nous contacter. Notre support client est disponible 7 jours sur 7, 24 heures sur 24.<\/p>","protected":false},"excerpt":{"rendered":"<ul>\n<li>Microsoft Visio 2019 Professional pour 1 PC<\/li>\n<li>Versions disponibles pour les syst\u00e8mes 32 et 64 bits<\/li>\n<li>Envoi par courrier \u00e9lectronique : Cl\u00e9 de produit, instructions, liens de t\u00e9l\u00e9chargement, facture<\/li>\n<li><strong>Remboursement int\u00e9gral pendant 30 jours - Garantie de remplacement \u00e0 vie !!<\/strong><\/li>\n<li>T\u00e9l\u00e9chargement imm\u00e9diat !<\/li>\n<li>Pas de limite de temps, pas d'abonnement<\/li>\n<li>Assistance gratuite \u00e0 l'installation et \u00e0 l'activation<\/li>\n<li>Pas de livraison sur support de donn\u00e9es (USB, CD, etc.)<\/li>\n<li>Activation en ligne et par t\u00e9l\u00e9phone<\/li>\n<li><strong>Ce produit est compatible avec Windows.<\/strong><\/li>\n<li><strong>NON compatible avec Apple macOS\u2122, les processeurs Apple, Parallels pour Mac, les appareils Android et les Chromebooks.<\/strong><\/li>\n<\/ul>","protected":false},"featured_media":8015,"comment_status":"open","ping_status":"closed","template":"","meta":{"_acf_changed":false},"product_brand":[],"product_cat":[155],"product_tag":[],"class_list":{"0":"post-8014","1":"product","2":"type-product","3":"status-publish","4":"has-post-thumbnail","6":"product_cat-microsoft-office","8":"first","9":"instock","10":"sale","11":"virtual","12":"taxable","13":"purchasable","14":"product-type-simple"},"acf":[],"yoast_head":"<!-- This site is optimized with the Yoast SEO plugin v27.4 - https:\/\/yoast.com\/product\/yoast-seo-wordpress\/ -->\n<title>Microsoft Visio 2019 Professional f\u00fcr 3 PC - Win &amp; Office WS<\/title>\n<meta name=\"robots\" content=\"index, follow, max-snippet:-1, max-image-preview:large, max-video-preview:-1\" \/>\n<link rel=\"canonical\" href=\"https:\/\/winandofficews.com\/fr\/product\/microsoft-visio-2019-professional-license-for-3-devices\/\" \/>\n<meta property=\"og:locale\" content=\"fr_FR\" \/>\n<meta property=\"og:type\" content=\"article\" \/>\n<meta property=\"og:title\" content=\"Microsoft Visio 2019 Professional f\u00fcr 3 PC - Win &amp; Office WS\" \/>\n<meta property=\"og:description\" content=\"Microsoft Visio 2019 Professional f\u00fcr 1 PC  Versionen f\u00fcr 32 und 64 Bit Systeme verf\u00fcgbar  Versand per E-Mail: Produktschl\u00fcssel, Anleitung, Downloadlinks, Rechnung  30 Tage volle R\u00fcckerstattung \u2013 Lebenslange Ersatzgarantie!!!  Sofort-Download!  Keine zeitliche Begrenzung, kein Abo  Gratis Support bei der Installation und Aktivierung  Keine Lieferung auf Datentr\u00e4ger (USB, CD, usw.)  Aktivierung online und per Telefon  Dieses Produkt ist mit Windows kompatibel.  NICHT kompatibel mit Apple macOS\u2122, Apple-Prozessoren, Parallels f\u00fcr Mac, Android-Ger\u00e4ten und Chromebooks.\" \/>\n<meta property=\"og:url\" content=\"https:\/\/winandofficews.com\/fr\/product\/microsoft-visio-2019-professional-license-for-3-devices\/\" \/>\n<meta property=\"og:site_name\" content=\"Win &amp; Office WS\" \/>\n<meta property=\"article:publisher\" content=\"https:\/\/www.facebook.com\/winandofficews\/\" \/>\n<meta property=\"article:modified_time\" content=\"2026-04-03T09:48:24+00:00\" \/>\n<meta property=\"og:image\" content=\"https:\/\/winandofficews.com\/wp-content\/uploads\/v19p-1.jpg\" \/>\n\t<meta property=\"og:image:width\" content=\"1500\" \/>\n\t<meta property=\"og:image:height\" content=\"1500\" \/>\n\t<meta property=\"og:image:type\" content=\"image\/jpeg\" \/>\n<meta name=\"twitter:card\" content=\"summary_large_image\" \/>\n<meta name=\"twitter:site\" content=\"@WINDOWSANDOFFI1\" \/>\n<meta name=\"twitter:label1\" content=\"Dur\u00e9e de lecture estim\u00e9e\" \/>\n\t<meta name=\"twitter:data1\" content=\"4 minutes\" \/>\n<script type=\"application\/ld+json\" class=\"yoast-schema-graph\">{\"@context\":\"https:\\\/\\\/schema.org\",\"@graph\":[{\"@type\":\"WebPage\",\"@id\":\"https:\\\/\\\/winandofficews.com\\\/product\\\/microsoft-visio-2019-professional-license-for-3-devices\\\/\",\"url\":\"https:\\\/\\\/winandofficews.com\\\/product\\\/microsoft-visio-2019-professional-license-for-3-devices\\\/\",\"name\":\"Microsoft Visio 2019 Professional f\u00fcr 3 PC - Win &amp; Office WS\",\"isPartOf\":{\"@id\":\"https:\\\/\\\/winandofficews.com\\\/#website\"},\"primaryImageOfPage\":{\"@id\":\"https:\\\/\\\/winandofficews.com\\\/product\\\/microsoft-visio-2019-professional-license-for-3-devices\\\/#primaryimage\"},\"image\":{\"@id\":\"https:\\\/\\\/winandofficews.com\\\/product\\\/microsoft-visio-2019-professional-license-for-3-devices\\\/#primaryimage\"},\"thumbnailUrl\":\"https:\\\/\\\/winandofficews.com\\\/wp-content\\\/uploads\\\/v19p-1.jpg\",\"datePublished\":\"2024-11-24T10:24:34+00:00\",\"dateModified\":\"2026-04-03T09:48:24+00:00\",\"breadcrumb\":{\"@id\":\"https:\\\/\\\/winandofficews.com\\\/product\\\/microsoft-visio-2019-professional-license-for-3-devices\\\/#breadcrumb\"},\"inLanguage\":\"fr-FR\",\"potentialAction\":[{\"@type\":\"ReadAction\",\"target\":[\"https:\\\/\\\/winandofficews.com\\\/product\\\/microsoft-visio-2019-professional-license-for-3-devices\\\/\"]}]},{\"@type\":\"ImageObject\",\"inLanguage\":\"fr-FR\",\"@id\":\"https:\\\/\\\/winandofficews.com\\\/product\\\/microsoft-visio-2019-professional-license-for-3-devices\\\/#primaryimage\",\"url\":\"https:\\\/\\\/winandofficews.com\\\/wp-content\\\/uploads\\\/v19p-1.jpg\",\"contentUrl\":\"https:\\\/\\\/winandofficews.com\\\/wp-content\\\/uploads\\\/v19p-1.jpg\",\"width\":1500,\"height\":1500},{\"@type\":\"BreadcrumbList\",\"@id\":\"https:\\\/\\\/winandofficews.com\\\/product\\\/microsoft-visio-2019-professional-license-for-3-devices\\\/#breadcrumb\",\"itemListElement\":[{\"@type\":\"ListItem\",\"position\":1,\"name\":\"Home\",\"item\":\"https:\\\/\\\/winandofficews.com\\\/\"},{\"@type\":\"ListItem\",\"position\":2,\"name\":\"Shop\",\"item\":\"https:\\\/\\\/winandofficews.com\\\/shop\\\/\"},{\"@type\":\"ListItem\",\"position\":3,\"name\":\"Microsoft Visio 2019 Professional f\u00fcr 3 PC\"}]},{\"@type\":\"WebSite\",\"@id\":\"https:\\\/\\\/winandofficews.com\\\/#website\",\"url\":\"https:\\\/\\\/winandofficews.com\\\/\",\"name\":\"Win & Office WS\",\"description\":\"Wholesales Store of Office\",\"publisher\":{\"@id\":\"https:\\\/\\\/winandofficews.com\\\/#organization\"},\"potentialAction\":[{\"@type\":\"SearchAction\",\"target\":{\"@type\":\"EntryPoint\",\"urlTemplate\":\"https:\\\/\\\/winandofficews.com\\\/?s={search_term_string}\"},\"query-input\":{\"@type\":\"PropertyValueSpecification\",\"valueRequired\":true,\"valueName\":\"search_term_string\"}}],\"inLanguage\":\"fr-FR\"},{\"@type\":\"Organization\",\"@id\":\"https:\\\/\\\/winandofficews.com\\\/#organization\",\"name\":\"Win & Office WS\",\"url\":\"https:\\\/\\\/winandofficews.com\\\/\",\"logo\":{\"@type\":\"ImageObject\",\"inLanguage\":\"fr-FR\",\"@id\":\"https:\\\/\\\/winandofficews.com\\\/#\\\/schema\\\/logo\\\/image\\\/\",\"url\":\"https:\\\/\\\/winandofficews.com\\\/wp-content\\\/uploads\\\/logo14.png\",\"contentUrl\":\"https:\\\/\\\/winandofficews.com\\\/wp-content\\\/uploads\\\/logo14.png\",\"width\":322,\"height\":116,\"caption\":\"Win & Office WS\"},\"image\":{\"@id\":\"https:\\\/\\\/winandofficews.com\\\/#\\\/schema\\\/logo\\\/image\\\/\"},\"sameAs\":[\"https:\\\/\\\/www.facebook.com\\\/winandofficews\\\/\",\"https:\\\/\\\/x.com\\\/WINDOWSANDOFFI1\",\"https:\\\/\\\/www.instagram.com\\\/winandoffice.ws\\\/\",\"https:\\\/\\\/de.pinterest.com\\\/winandofficews_official\\\/\",\"https:\\\/\\\/www.tiktok.com\\\/@winandofficews\",\"https:\\\/\\\/www.youtube.com\\\/channel\\\/UCPI87ZZIvl272mOtG5sL8Cg\",\"https:\\\/\\\/de.trustpilot.com\\\/review\\\/winandofficews.com\",\"https:\\\/\\\/www.trustami.com\\\/review\\\/win-and-office-wholesales-rating\"]}]}<\/script>\n<!-- \/ Yoast SEO plugin. -->","yoast_head_json":{"title":"Microsoft Visio 2019 Professional f\u00fcr 3 PC - Win &amp; Office WS","robots":{"index":"index","follow":"follow","max-snippet":"max-snippet:-1","max-image-preview":"max-image-preview:large","max-video-preview":"max-video-preview:-1"},"canonical":"https:\/\/winandofficews.com\/fr\/product\/microsoft-visio-2019-professional-license-for-3-devices\/","og_locale":"fr_FR","og_type":"article","og_title":"Microsoft Visio 2019 Professional f\u00fcr 3 PC - Win &amp; Office WS","og_description":"Microsoft Visio 2019 Professional f\u00fcr 1 PC  Versionen f\u00fcr 32 und 64 Bit Systeme verf\u00fcgbar  Versand per E-Mail: Produktschl\u00fcssel, Anleitung, Downloadlinks, Rechnung  30 Tage volle R\u00fcckerstattung \u2013 Lebenslange Ersatzgarantie!!!  Sofort-Download!  Keine zeitliche Begrenzung, kein Abo  Gratis Support bei der Installation und Aktivierung  Keine Lieferung auf Datentr\u00e4ger (USB, CD, usw.)  Aktivierung online und per Telefon  Dieses Produkt ist mit Windows kompatibel.  NICHT kompatibel mit Apple macOS\u2122, Apple-Prozessoren, Parallels f\u00fcr Mac, Android-Ger\u00e4ten und Chromebooks.","og_url":"https:\/\/winandofficews.com\/fr\/product\/microsoft-visio-2019-professional-license-for-3-devices\/","og_site_name":"Win &amp; Office WS","article_publisher":"https:\/\/www.facebook.com\/winandofficews\/","article_modified_time":"2026-04-03T09:48:24+00:00","og_image":[{"width":1500,"height":1500,"url":"https:\/\/winandofficews.com\/wp-content\/uploads\/v19p-1.jpg","type":"image\/jpeg"}],"twitter_card":"summary_large_image","twitter_site":"@WINDOWSANDOFFI1","twitter_misc":{"Dur\u00e9e de lecture estim\u00e9e":"4 minutes"},"schema":{"@context":"https:\/\/schema.org","@graph":[{"@type":"WebPage","@id":"https:\/\/winandofficews.com\/product\/microsoft-visio-2019-professional-license-for-3-devices\/","url":"https:\/\/winandofficews.com\/product\/microsoft-visio-2019-professional-license-for-3-devices\/","name":"Microsoft Visio 2019 Professional f\u00fcr 3 PC - Win &amp; Office WS","isPartOf":{"@id":"https:\/\/winandofficews.com\/#website"},"primaryImageOfPage":{"@id":"https:\/\/winandofficews.com\/product\/microsoft-visio-2019-professional-license-for-3-devices\/#primaryimage"},"image":{"@id":"https:\/\/winandofficews.com\/product\/microsoft-visio-2019-professional-license-for-3-devices\/#primaryimage"},"thumbnailUrl":"https:\/\/winandofficews.com\/wp-content\/uploads\/v19p-1.jpg","datePublished":"2024-11-24T10:24:34+00:00","dateModified":"2026-04-03T09:48:24+00:00","breadcrumb":{"@id":"https:\/\/winandofficews.com\/product\/microsoft-visio-2019-professional-license-for-3-devices\/#breadcrumb"},"inLanguage":"fr-FR","potentialAction":[{"@type":"ReadAction","target":["https:\/\/winandofficews.com\/product\/microsoft-visio-2019-professional-license-for-3-devices\/"]}]},{"@type":"ImageObject","inLanguage":"fr-FR","@id":"https:\/\/winandofficews.com\/product\/microsoft-visio-2019-professional-license-for-3-devices\/#primaryimage","url":"https:\/\/winandofficews.com\/wp-content\/uploads\/v19p-1.jpg","contentUrl":"https:\/\/winandofficews.com\/wp-content\/uploads\/v19p-1.jpg","width":1500,"height":1500},{"@type":"BreadcrumbList","@id":"https:\/\/winandofficews.com\/product\/microsoft-visio-2019-professional-license-for-3-devices\/#breadcrumb","itemListElement":[{"@type":"ListItem","position":1,"name":"Home","item":"https:\/\/winandofficews.com\/"},{"@type":"ListItem","position":2,"name":"Shop","item":"https:\/\/winandofficews.com\/shop\/"},{"@type":"ListItem","position":3,"name":"Microsoft Visio 2019 Professional f\u00fcr 3 PC"}]},{"@type":"WebSite","@id":"https:\/\/winandofficews.com\/#website","url":"https:\/\/winandofficews.com\/","name":"Win &amp; Office WS","description":"Magasin de gros de Office","publisher":{"@id":"https:\/\/winandofficews.com\/#organization"},"potentialAction":[{"@type":"SearchAction","target":{"@type":"EntryPoint","urlTemplate":"https:\/\/winandofficews.com\/?s={search_term_string}"},"query-input":{"@type":"PropertyValueSpecification","valueRequired":true,"valueName":"search_term_string"}}],"inLanguage":"fr-FR"},{"@type":"Organization","@id":"https:\/\/winandofficews.com\/#organization","name":"Win &amp; Office WS","url":"https:\/\/winandofficews.com\/","logo":{"@type":"ImageObject","inLanguage":"fr-FR","@id":"https:\/\/winandofficews.com\/#\/schema\/logo\/image\/","url":"https:\/\/winandofficews.com\/wp-content\/uploads\/logo14.png","contentUrl":"https:\/\/winandofficews.com\/wp-content\/uploads\/logo14.png","width":322,"height":116,"caption":"Win & Office WS"},"image":{"@id":"https:\/\/winandofficews.com\/#\/schema\/logo\/image\/"},"sameAs":["https:\/\/www.facebook.com\/winandofficews\/","https:\/\/x.com\/WINDOWSANDOFFI1","https:\/\/www.instagram.com\/winandoffice.ws\/","https:\/\/de.pinterest.com\/winandofficews_official\/","https:\/\/www.tiktok.com\/@winandofficews","https:\/\/www.youtube.com\/channel\/UCPI87ZZIvl272mOtG5sL8Cg","https:\/\/de.trustpilot.com\/review\/winandofficews.com","https:\/\/www.trustami.com\/review\/win-and-office-wholesales-rating"]}]}},"_links":{"self":[{"href":"https:\/\/winandofficews.com\/fr\/wp-json\/wp\/v2\/product\/8014","targetHints":{"allow":["GET"]}}],"collection":[{"href":"https:\/\/winandofficews.com\/fr\/wp-json\/wp\/v2\/product"}],"about":[{"href":"https:\/\/winandofficews.com\/fr\/wp-json\/wp\/v2\/types\/product"}],"replies":[{"embeddable":true,"href":"https:\/\/winandofficews.com\/fr\/wp-json\/wp\/v2\/comments?post=8014"}],"wp:featuredmedia":[{"embeddable":true,"href":"https:\/\/winandofficews.com\/fr\/wp-json\/wp\/v2\/media\/8015"}],"wp:attachment":[{"href":"https:\/\/winandofficews.com\/fr\/wp-json\/wp\/v2\/media?parent=8014"}],"wp:term":[{"taxonomy":"product_brand","embeddable":true,"href":"https:\/\/winandofficews.com\/fr\/wp-json\/wp\/v2\/product_brand?post=8014"},{"taxonomy":"product_cat","embeddable":true,"href":"https:\/\/winandofficews.com\/fr\/wp-json\/wp\/v2\/product_cat?post=8014"},{"taxonomy":"product_tag","embeddable":true,"href":"https:\/\/winandofficews.com\/fr\/wp-json\/wp\/v2\/product_tag?post=8014"}],"curies":[{"name":"wp","href":"https:\/\/api.w.org\/{rel}","templated":true}]}}