{"id":7987,"date":"2024-11-24T11:23:33","date_gmt":"2024-11-24T10:23:33","guid":{"rendered":"https:\/\/winandofficews.com\/?post_type=product&#038;p=7987"},"modified":"2026-04-20T16:46:09","modified_gmt":"2026-04-20T14:46:09","slug":"microsoft-windows-10-home-microsoft-office-2021-professional-plus","status":"publish","type":"product","link":"https:\/\/winandofficews.com\/fr\/product\/microsoft-windows-10-home-microsoft-office-2021-professional-plus\/","title":{"rendered":"Microsoft Windows 10 Home + Microsoft Office 2021 Professional Plus"},"content":{"rendered":"<h3><strong>Microsoft Windows 10 Accueil<\/strong><\/h3>\n<p>Avec un ordinateur \u00e9quip\u00e9 de Microsoft Windows 10 Home, toutes les possibilit\u00e9s s'offrent \u00e0 vous.<\/p>\n<ul>\n<li>Fonctionnalit\u00e9s de s\u00e9curit\u00e9 int\u00e9gr\u00e9es telles qu'un logiciel antivirus, un pare-feu et des m\u00e9canismes de protection Internet<\/li>\n<li>Scannez votre visage ou votre empreinte digitale avec Microsoft Windows Hello pour d\u00e9verrouiller votre ordinateur rapidement, en toute s\u00e9curit\u00e9 et sans mot de passe.<\/li>\n<li>L'assistant de notification vous permet de bloquer les notifications, les sons et les alertes afin de ne pas \u00eatre distrait pendant votre travail.<\/li>\n<li>La chronologie vous permet de faire d\u00e9filer rapidement et facilement vos documents, applications et sites web r\u00e9cemment utilis\u00e9s<\/li>\n<li>Microsoft Photos vous permet d'organiser, de rechercher, de modifier et de partager facilement vos photos et vid\u00e9os.<\/li>\n<li>Game Bar vous permet de diffuser instantan\u00e9ment vos jeux en direct, d'effectuer des captures d'\u00e9cran et de r\u00e9gler pr\u00e9cis\u00e9ment les param\u00e8tres audio.<\/li>\n<\/ul>\n<p>Vous b\u00e9n\u00e9ficierez de d\u00e9marrages plus rapides, d'un menu de d\u00e9marrage familier mais am\u00e9lior\u00e9 et de nouvelles possibilit\u00e9s d'effectuer des t\u00e2ches rapidement et efficacement. Vous b\u00e9n\u00e9ficiez \u00e9galement de nouvelles fonctionnalit\u00e9s telles qu'un navigateur moderne pour mieux naviguer sur le web et votre assistant num\u00e9rique personnel Cortana. Cortana vous accompagne sur tous vos appareils Microsoft Windows 10 et vous aide \u00e0 faire les choses efficacement.<\/p>\n<p><strong>Microsoft Windows 10 Accueil<\/strong> vous soutient de mani\u00e8re optimale dans tout ce que vous faites. Gardez une vue d'ensemble en ancrant facilement les applications et en optimisant l'affichage pour un travail plus productif. Ancrez jusqu'\u00e0 quatre applications simultan\u00e9ment et cr\u00e9ez des bureaux virtuels si vous avez besoin de plus d'espace ou si vous souhaitez regrouper des contenus pour un projet.<\/p>\n<p><strong>Microsoft Windows 10<\/strong> est compatible avec le mat\u00e9riel, les logiciels et les p\u00e9riph\u00e9riques que vous poss\u00e9dez d\u00e9j\u00e0. Maintenez votre syst\u00e8me \u00e0 jour avec de nouvelles fonctionnalit\u00e9s et caract\u00e9ristiques de s\u00e9curit\u00e9 tout au long de la dur\u00e9e de vie du produit.<\/p>\n<h4><strong>Configuration requise<\/strong><\/h4>\n<ul>\n<li>Processeur d'au moins 1 GHz ou plus rapide<\/li>\n<li>1 Go de RAM (32 bits), 2 Go de RAM (64 bits)<\/li>\n<li>20 Go d'espace disque disponible<\/li>\n<li>Carte graphique avec processeur graphique DirectX 9 et pilote WDDM<\/li>\n<\/ul>\n<h3><strong>Microsoft Office 2021 Professional Plus<\/strong><\/h3>\n<p>La Microsoft Office 2021 Professional Plus Edition est id\u00e9ale pour les utilisateurs qui souhaitent profiter de toute la gamme d'applications \u00e0 la maison ou au bureau. Elle comprend toute la gamme d'applications Microsoft Office : Word, Excel, Outlook, PowerPoint, Publisher et Access.<\/p>\n<p>OneNote peut \u00eatre t\u00e9l\u00e9charg\u00e9 \u00e0 partir du Microsoft Windows Store et vous permet de cr\u00e9er rapidement des notes et de les rendre disponibles sur tous les appareils via le cloud. Profitez de performances, d'une stabilit\u00e9 et d'une vitesse am\u00e9lior\u00e9es dans Word, Excel, PowerPoint et Outlook.<\/p>\n<p>De plus, vous b\u00e9n\u00e9ficiez d'outils de recherche, de libre acc\u00e8s, de donn\u00e9es, de traduction et d'\u00e9dition nouveaux et am\u00e9lior\u00e9s, de graphiques anim\u00e9s et de nombreuses fonctions conviviales dans l'ensemble de la suite Microsoft Office 2021.<\/p>\n<ul>\n<li><strong>Word<\/strong>Cr\u00e9ez des documents texte de qualit\u00e9 professionnelle en un clin d'\u0153il.<\/li>\n<li><strong>Excel<\/strong>Tableurs intelligents avec des fonctions modernes comme XLOOKUP<\/li>\n<li><strong>PowerPoint<\/strong>Nouvelles fonctions am\u00e9lior\u00e9es pour cr\u00e9er des pr\u00e9sentations dynamiques impressionnantes.<\/li>\n<li><strong>OneNote<\/strong>Votre carnet de notes num\u00e9rique dans le cloud<\/li>\n<li><strong>Outlook<\/strong>Communication facilit\u00e9e gr\u00e2ce \u00e0 de puissantes fonctions de traduction<\/li>\n<li><strong>\u00c9diteur<\/strong>: mise en page pour des publications professionnelles<\/li>\n<li><strong>Acc\u00e8s<\/strong>: cr\u00e9ation de base de donn\u00e9es simple et puissante<\/li>\n<li><strong>Microsoft \u00c9quipes<\/strong>: productivit\u00e9 accrue gr\u00e2ce \u00e0 la messagerie instantan\u00e9e et \u00e0 la vid\u00e9oconf\u00e9rence HD (disponible en t\u00e9l\u00e9chargement s\u00e9par\u00e9)<\/li>\n<\/ul>\n<p><strong>Remarque :<\/strong> Suite \u00e0 une enqu\u00eate de la Commission europ\u00e9enne, Microsoft ne regroupe plus la licence Teams avec les produits Office. Teams peut \u00eatre t\u00e9l\u00e9charg\u00e9 s\u00e9par\u00e9ment et utilis\u00e9 avec une licence gratuite ou payante.<\/p>\n<p><strong>N\u00e9cessite Windows 10 ou 11.<\/strong><\/p>\n<p><strong>soutien :<\/strong><\/p>\n<p>Si vous avez des questions, n'h\u00e9sitez pas \u00e0 nous <a href=\"mailto:germany@dl-winandoffice.com\" rel=\"noopener\">par e-mail<\/a> pour nous contacter. Notre support client est disponible 7 jours sur 7, 24 heures sur 24.<\/p>","protected":false},"excerpt":{"rendered":"<ul>\n<li>Microsoft Windows 10 Home pour 1 PC + Microsoft Office 2021 Professional Plus pour 1 PC<\/li>\n<li>Versions disponibles pour les syst\u00e8mes 32 et 64 bits<\/li>\n<li>Envoi par courrier \u00e9lectronique : Cl\u00e9 de produit, instructions, liens de t\u00e9l\u00e9chargement et facture<\/li>\n<li>T\u00e9l\u00e9chargement imm\u00e9diat<\/li>\n<li>Garantie de remboursement de 30 jours - Garantie de remplacement \u00e0 vie<\/li>\n<li>Pas de limite de temps, pas d'abonnement<\/li>\n<li>Assistance gratuite pour l'installation et l'activation<\/li>\n<li>Pas de livraison sur des supports physiques (USB, CD, etc.)<\/li>\n<li>Activation en ligne ou par t\u00e9l\u00e9phone<\/li>\n<li><strong>Compatible avec Windows<\/strong><\/li>\n<li><strong>Non compatible avec macOS\u2122, les processeurs Apple, Parallels pour Mac, les appareils Android et les Chromebooks<\/strong><\/li>\n<\/ul>","protected":false},"featured_media":7988,"comment_status":"open","ping_status":"closed","template":"","meta":{"_acf_changed":false},"product_brand":[],"product_cat":[157,158],"product_tag":[],"class_list":{"0":"post-7987","1":"product","2":"type-product","3":"status-publish","4":"has-post-thumbnail","6":"product_cat-combo","7":"product_cat-microsoft-windows","9":"first","10":"instock","11":"sale","12":"virtual","13":"taxable","14":"purchasable","15":"product-type-simple"},"acf":[],"yoast_head":"<!-- This site is optimized with the Yoast SEO plugin v27.4 - https:\/\/yoast.com\/product\/yoast-seo-wordpress\/ -->\n<title>Microsoft Windows 10 Home + Microsoft Office 2021 Professional Plus - Win &amp; Office WS<\/title>\n<meta name=\"robots\" content=\"index, follow, max-snippet:-1, max-image-preview:large, max-video-preview:-1\" \/>\n<link rel=\"canonical\" href=\"https:\/\/winandofficews.com\/fr\/product\/microsoft-windows-10-home-microsoft-office-2021-professional-plus\/\" \/>\n<meta property=\"og:locale\" content=\"fr_FR\" \/>\n<meta property=\"og:type\" content=\"article\" \/>\n<meta property=\"og:title\" content=\"Microsoft Windows 10 Home + Microsoft Office 2021 Professional Plus - Win &amp; Office WS\" \/>\n<meta property=\"og:description\" content=\"Microsoft Windows 10 Home f\u00fcr 1 PC + Microsoft Office 2021 Professional Plus f\u00fcr 1 PC  Versionen f\u00fcr 32- und 64-Bit-Systeme verf\u00fcgbar  Versand per E-Mail: Produktschl\u00fcssel, Anleitung, Downloadlinks und Rechnung  Sofort-Download  30 Tage Geld-zur\u00fcck-Garantie \u2013 Lebenslange Ersatzgarantie  Keine zeitliche Begrenzung, kein Abonnement  Kostenloser Support bei Installation und Aktivierung  Keine Lieferung auf physischen Datentr\u00e4gern (USB, CD usw.)  Aktivierung online oder telefonisch  Kompatibel mit Windows  Nicht kompatibel mit macOS\u2122, Apple-Prozessoren, Parallels f\u00fcr Mac, Android-Ger\u00e4ten und Chromebooks\" \/>\n<meta property=\"og:url\" content=\"https:\/\/winandofficews.com\/fr\/product\/microsoft-windows-10-home-microsoft-office-2021-professional-plus\/\" \/>\n<meta property=\"og:site_name\" content=\"Win &amp; Office WS\" \/>\n<meta property=\"article:publisher\" content=\"https:\/\/www.facebook.com\/winandofficews\/\" \/>\n<meta property=\"article:modified_time\" content=\"2026-04-20T14:46:09+00:00\" \/>\n<meta property=\"og:image\" content=\"https:\/\/winandofficews.com\/wp-content\/uploads\/W10HO21P.png\" \/>\n\t<meta property=\"og:image:width\" content=\"600\" \/>\n\t<meta property=\"og:image:height\" content=\"600\" \/>\n\t<meta property=\"og:image:type\" content=\"image\/png\" \/>\n<meta name=\"twitter:card\" content=\"summary_large_image\" \/>\n<meta name=\"twitter:site\" content=\"@WINDOWSANDOFFI1\" \/>\n<meta name=\"twitter:label1\" content=\"Dur\u00e9e de lecture estim\u00e9e\" \/>\n\t<meta name=\"twitter:data1\" content=\"4 minutes\" \/>\n<script type=\"application\/ld+json\" class=\"yoast-schema-graph\">{\"@context\":\"https:\\\/\\\/schema.org\",\"@graph\":[{\"@type\":\"WebPage\",\"@id\":\"https:\\\/\\\/winandofficews.com\\\/product\\\/microsoft-windows-10-home-microsoft-office-2021-professional-plus\\\/\",\"url\":\"https:\\\/\\\/winandofficews.com\\\/product\\\/microsoft-windows-10-home-microsoft-office-2021-professional-plus\\\/\",\"name\":\"Microsoft Windows 10 Home + Microsoft Office 2021 Professional Plus - Win &amp; Office WS\",\"isPartOf\":{\"@id\":\"https:\\\/\\\/winandofficews.com\\\/#website\"},\"primaryImageOfPage\":{\"@id\":\"https:\\\/\\\/winandofficews.com\\\/product\\\/microsoft-windows-10-home-microsoft-office-2021-professional-plus\\\/#primaryimage\"},\"image\":{\"@id\":\"https:\\\/\\\/winandofficews.com\\\/product\\\/microsoft-windows-10-home-microsoft-office-2021-professional-plus\\\/#primaryimage\"},\"thumbnailUrl\":\"https:\\\/\\\/winandofficews.com\\\/wp-content\\\/uploads\\\/W10HO21P.png\",\"datePublished\":\"2024-11-24T10:23:33+00:00\",\"dateModified\":\"2026-04-20T14:46:09+00:00\",\"breadcrumb\":{\"@id\":\"https:\\\/\\\/winandofficews.com\\\/product\\\/microsoft-windows-10-home-microsoft-office-2021-professional-plus\\\/#breadcrumb\"},\"inLanguage\":\"fr-FR\",\"potentialAction\":[{\"@type\":\"ReadAction\",\"target\":[\"https:\\\/\\\/winandofficews.com\\\/product\\\/microsoft-windows-10-home-microsoft-office-2021-professional-plus\\\/\"]}]},{\"@type\":\"ImageObject\",\"inLanguage\":\"fr-FR\",\"@id\":\"https:\\\/\\\/winandofficews.com\\\/product\\\/microsoft-windows-10-home-microsoft-office-2021-professional-plus\\\/#primaryimage\",\"url\":\"https:\\\/\\\/winandofficews.com\\\/wp-content\\\/uploads\\\/W10HO21P.png\",\"contentUrl\":\"https:\\\/\\\/winandofficews.com\\\/wp-content\\\/uploads\\\/W10HO21P.png\",\"width\":600,\"height\":600},{\"@type\":\"BreadcrumbList\",\"@id\":\"https:\\\/\\\/winandofficews.com\\\/product\\\/microsoft-windows-10-home-microsoft-office-2021-professional-plus\\\/#breadcrumb\",\"itemListElement\":[{\"@type\":\"ListItem\",\"position\":1,\"name\":\"Home\",\"item\":\"https:\\\/\\\/winandofficews.com\\\/\"},{\"@type\":\"ListItem\",\"position\":2,\"name\":\"Shop\",\"item\":\"https:\\\/\\\/winandofficews.com\\\/shop\\\/\"},{\"@type\":\"ListItem\",\"position\":3,\"name\":\"Microsoft Windows 10 Home + Microsoft Office 2021 Professional Plus\"}]},{\"@type\":\"WebSite\",\"@id\":\"https:\\\/\\\/winandofficews.com\\\/#website\",\"url\":\"https:\\\/\\\/winandofficews.com\\\/\",\"name\":\"Win & Office WS\",\"description\":\"Wholesales Store of Office\",\"publisher\":{\"@id\":\"https:\\\/\\\/winandofficews.com\\\/#organization\"},\"potentialAction\":[{\"@type\":\"SearchAction\",\"target\":{\"@type\":\"EntryPoint\",\"urlTemplate\":\"https:\\\/\\\/winandofficews.com\\\/?s={search_term_string}\"},\"query-input\":{\"@type\":\"PropertyValueSpecification\",\"valueRequired\":true,\"valueName\":\"search_term_string\"}}],\"inLanguage\":\"fr-FR\"},{\"@type\":\"Organization\",\"@id\":\"https:\\\/\\\/winandofficews.com\\\/#organization\",\"name\":\"Win & Office WS\",\"url\":\"https:\\\/\\\/winandofficews.com\\\/\",\"logo\":{\"@type\":\"ImageObject\",\"inLanguage\":\"fr-FR\",\"@id\":\"https:\\\/\\\/winandofficews.com\\\/#\\\/schema\\\/logo\\\/image\\\/\",\"url\":\"https:\\\/\\\/winandofficews.com\\\/wp-content\\\/uploads\\\/logo14.png\",\"contentUrl\":\"https:\\\/\\\/winandofficews.com\\\/wp-content\\\/uploads\\\/logo14.png\",\"width\":322,\"height\":116,\"caption\":\"Win & Office WS\"},\"image\":{\"@id\":\"https:\\\/\\\/winandofficews.com\\\/#\\\/schema\\\/logo\\\/image\\\/\"},\"sameAs\":[\"https:\\\/\\\/www.facebook.com\\\/winandofficews\\\/\",\"https:\\\/\\\/x.com\\\/WINDOWSANDOFFI1\",\"https:\\\/\\\/www.instagram.com\\\/winandoffice.ws\\\/\",\"https:\\\/\\\/de.pinterest.com\\\/winandofficews_official\\\/\",\"https:\\\/\\\/www.tiktok.com\\\/@winandofficews\",\"https:\\\/\\\/www.youtube.com\\\/channel\\\/UCPI87ZZIvl272mOtG5sL8Cg\",\"https:\\\/\\\/de.trustpilot.com\\\/review\\\/winandofficews.com\",\"https:\\\/\\\/www.trustami.com\\\/review\\\/win-and-office-wholesales-rating\"]}]}<\/script>\n<!-- \/ Yoast SEO plugin. -->","yoast_head_json":{"title":"Microsoft Windows 10 Home + Microsoft Office 2021 Professional Plus - Win &amp; Office WS","robots":{"index":"index","follow":"follow","max-snippet":"max-snippet:-1","max-image-preview":"max-image-preview:large","max-video-preview":"max-video-preview:-1"},"canonical":"https:\/\/winandofficews.com\/fr\/product\/microsoft-windows-10-home-microsoft-office-2021-professional-plus\/","og_locale":"fr_FR","og_type":"article","og_title":"Microsoft Windows 10 Home + Microsoft Office 2021 Professional Plus - Win &amp; Office WS","og_description":"Microsoft Windows 10 Home f\u00fcr 1 PC + Microsoft Office 2021 Professional Plus f\u00fcr 1 PC  Versionen f\u00fcr 32- und 64-Bit-Systeme verf\u00fcgbar  Versand per E-Mail: Produktschl\u00fcssel, Anleitung, Downloadlinks und Rechnung  Sofort-Download  30 Tage Geld-zur\u00fcck-Garantie \u2013 Lebenslange Ersatzgarantie  Keine zeitliche Begrenzung, kein Abonnement  Kostenloser Support bei Installation und Aktivierung  Keine Lieferung auf physischen Datentr\u00e4gern (USB, CD usw.)  Aktivierung online oder telefonisch  Kompatibel mit Windows  Nicht kompatibel mit macOS\u2122, Apple-Prozessoren, Parallels f\u00fcr Mac, Android-Ger\u00e4ten und Chromebooks","og_url":"https:\/\/winandofficews.com\/fr\/product\/microsoft-windows-10-home-microsoft-office-2021-professional-plus\/","og_site_name":"Win &amp; Office WS","article_publisher":"https:\/\/www.facebook.com\/winandofficews\/","article_modified_time":"2026-04-20T14:46:09+00:00","og_image":[{"width":600,"height":600,"url":"https:\/\/winandofficews.com\/wp-content\/uploads\/W10HO21P.png","type":"image\/png"}],"twitter_card":"summary_large_image","twitter_site":"@WINDOWSANDOFFI1","twitter_misc":{"Dur\u00e9e de lecture estim\u00e9e":"4 minutes"},"schema":{"@context":"https:\/\/schema.org","@graph":[{"@type":"WebPage","@id":"https:\/\/winandofficews.com\/product\/microsoft-windows-10-home-microsoft-office-2021-professional-plus\/","url":"https:\/\/winandofficews.com\/product\/microsoft-windows-10-home-microsoft-office-2021-professional-plus\/","name":"Microsoft Windows 10 Home + Microsoft Office 2021 Professional Plus - Win &amp; Office WS","isPartOf":{"@id":"https:\/\/winandofficews.com\/#website"},"primaryImageOfPage":{"@id":"https:\/\/winandofficews.com\/product\/microsoft-windows-10-home-microsoft-office-2021-professional-plus\/#primaryimage"},"image":{"@id":"https:\/\/winandofficews.com\/product\/microsoft-windows-10-home-microsoft-office-2021-professional-plus\/#primaryimage"},"thumbnailUrl":"https:\/\/winandofficews.com\/wp-content\/uploads\/W10HO21P.png","datePublished":"2024-11-24T10:23:33+00:00","dateModified":"2026-04-20T14:46:09+00:00","breadcrumb":{"@id":"https:\/\/winandofficews.com\/product\/microsoft-windows-10-home-microsoft-office-2021-professional-plus\/#breadcrumb"},"inLanguage":"fr-FR","potentialAction":[{"@type":"ReadAction","target":["https:\/\/winandofficews.com\/product\/microsoft-windows-10-home-microsoft-office-2021-professional-plus\/"]}]},{"@type":"ImageObject","inLanguage":"fr-FR","@id":"https:\/\/winandofficews.com\/product\/microsoft-windows-10-home-microsoft-office-2021-professional-plus\/#primaryimage","url":"https:\/\/winandofficews.com\/wp-content\/uploads\/W10HO21P.png","contentUrl":"https:\/\/winandofficews.com\/wp-content\/uploads\/W10HO21P.png","width":600,"height":600},{"@type":"BreadcrumbList","@id":"https:\/\/winandofficews.com\/product\/microsoft-windows-10-home-microsoft-office-2021-professional-plus\/#breadcrumb","itemListElement":[{"@type":"ListItem","position":1,"name":"Home","item":"https:\/\/winandofficews.com\/"},{"@type":"ListItem","position":2,"name":"Shop","item":"https:\/\/winandofficews.com\/shop\/"},{"@type":"ListItem","position":3,"name":"Microsoft Windows 10 Home + Microsoft Office 2021 Professional Plus"}]},{"@type":"WebSite","@id":"https:\/\/winandofficews.com\/#website","url":"https:\/\/winandofficews.com\/","name":"Win &amp; Office WS","description":"Magasin de gros de Office","publisher":{"@id":"https:\/\/winandofficews.com\/#organization"},"potentialAction":[{"@type":"SearchAction","target":{"@type":"EntryPoint","urlTemplate":"https:\/\/winandofficews.com\/?s={search_term_string}"},"query-input":{"@type":"PropertyValueSpecification","valueRequired":true,"valueName":"search_term_string"}}],"inLanguage":"fr-FR"},{"@type":"Organization","@id":"https:\/\/winandofficews.com\/#organization","name":"Win &amp; Office WS","url":"https:\/\/winandofficews.com\/","logo":{"@type":"ImageObject","inLanguage":"fr-FR","@id":"https:\/\/winandofficews.com\/#\/schema\/logo\/image\/","url":"https:\/\/winandofficews.com\/wp-content\/uploads\/logo14.png","contentUrl":"https:\/\/winandofficews.com\/wp-content\/uploads\/logo14.png","width":322,"height":116,"caption":"Win & Office WS"},"image":{"@id":"https:\/\/winandofficews.com\/#\/schema\/logo\/image\/"},"sameAs":["https:\/\/www.facebook.com\/winandofficews\/","https:\/\/x.com\/WINDOWSANDOFFI1","https:\/\/www.instagram.com\/winandoffice.ws\/","https:\/\/de.pinterest.com\/winandofficews_official\/","https:\/\/www.tiktok.com\/@winandofficews","https:\/\/www.youtube.com\/channel\/UCPI87ZZIvl272mOtG5sL8Cg","https:\/\/de.trustpilot.com\/review\/winandofficews.com","https:\/\/www.trustami.com\/review\/win-and-office-wholesales-rating"]}]}},"_links":{"self":[{"href":"https:\/\/winandofficews.com\/fr\/wp-json\/wp\/v2\/product\/7987","targetHints":{"allow":["GET"]}}],"collection":[{"href":"https:\/\/winandofficews.com\/fr\/wp-json\/wp\/v2\/product"}],"about":[{"href":"https:\/\/winandofficews.com\/fr\/wp-json\/wp\/v2\/types\/product"}],"replies":[{"embeddable":true,"href":"https:\/\/winandofficews.com\/fr\/wp-json\/wp\/v2\/comments?post=7987"}],"wp:featuredmedia":[{"embeddable":true,"href":"https:\/\/winandofficews.com\/fr\/wp-json\/wp\/v2\/media\/7988"}],"wp:attachment":[{"href":"https:\/\/winandofficews.com\/fr\/wp-json\/wp\/v2\/media?parent=7987"}],"wp:term":[{"taxonomy":"product_brand","embeddable":true,"href":"https:\/\/winandofficews.com\/fr\/wp-json\/wp\/v2\/product_brand?post=7987"},{"taxonomy":"product_cat","embeddable":true,"href":"https:\/\/winandofficews.com\/fr\/wp-json\/wp\/v2\/product_cat?post=7987"},{"taxonomy":"product_tag","embeddable":true,"href":"https:\/\/winandofficews.com\/fr\/wp-json\/wp\/v2\/product_tag?post=7987"}],"curies":[{"name":"wp","href":"https:\/\/api.w.org\/{rel}","templated":true}]}}