{"id":980,"date":"2019-07-25T07:45:18","date_gmt":"2019-07-25T07:45:18","guid":{"rendered":"http:\/\/windowsandoffice.net\/?page_id=980"},"modified":"2025-08-29T15:54:13","modified_gmt":"2025-08-29T13:54:13","slug":"about","status":"publish","type":"page","link":"https:\/\/winandofficews.com\/fr\/about\/","title":{"rendered":"\u00c0 propos de nous"},"content":{"rendered":"<h2>Qui sommes-nous ?<\/h2>\n<p>Acheter des logiciels en ligne facilement et en toute s\u00e9curit\u00e9 - votre partenaire Microsoft<\/p>\n<p>Les logiciels pour ordinateurs, tablettes &amp; Co. sont devenus indispensables dans notre travail et notre vie quotidienne. Non seulement ils facilitent de nombreux processus de travail, mais ils stimulent \u00e9galement notre cr\u00e9ativit\u00e9 et optimisent m\u00eame les t\u00e2ches les plus simples. Dans notre boutique de logiciels, vous avez la possibilit\u00e9 d'acheter des logiciels en ligne \u00e0 des prix imbattables et d'exploiter ainsi pleinement le potentiel de votre appareil.<\/p>\n<p>Notre boutique de logiciels vous propose une multitude de produits de l'entreprise de logiciels Microsoft, leader sur le march\u00e9. Chaque PC a besoin d'un syst\u00e8me d'exploitation ; sans Windows, il serait inutile. Le logiciel Office le plus important au monde, Microsoft Office, offre des outils productifs comme Excel, Word et PowerPoint. Ceux-ci sont utilis\u00e9s depuis des ann\u00e9es dans le domaine priv\u00e9 comme dans le domaine professionnel Standard et sont indispensables.<\/p>\n<p>Nous garantissons un processus de commande simple, afin que vous puissiez acheter votre logiciel en ligne en toute s\u00e9curit\u00e9 et confortablement depuis chez vous. Vous recevrez par e-mail notre lien SSL crypt\u00e9 qui vous m\u00e8nera \u00e0 notre centre de t\u00e9l\u00e9chargement et aux instructions d'installation. Si vous avez des questions concernant la commande et l'installation, notre service client\u00e8le multilingue est \u00e0 votre disposition \u00e0 tout moment, que ce soit par chat en direct ou par e-mail.<\/p>\n<p>Nous sommes actifs en tant que prestataire de services informatiques depuis 2013. Gr\u00e2ce \u00e0 une excellente formation sp\u00e9cialis\u00e9e et \u00e0 une profonde passion pour l'informatique, nos collaborateurs disposent d'un vaste savoir-faire. Gr\u00e2ce \u00e0 des conseils professionnels et \u00e0 une m\u00e9thode de travail structur\u00e9e, nous avons convaincu et fid\u00e9lis\u00e9 de nombreux clients, de la start-up aux institutions publiques en passant par des groupes internationaux. Gr\u00e2ce \u00e0 un concept de service informatique bien pens\u00e9, nous garantissons une orientation vers les r\u00e9sultats et une performance maximale pour chaque client. Pour rester \u00e0 la pointe du progr\u00e8s, nous nous formons r\u00e9guli\u00e8rement et adaptons nos comp\u00e9tences au march\u00e9 - pour que vous aussi soyez toujours \u00e0 la page.<\/p>\n<p>Commandez maintenant et recevez votre logiciel imm\u00e9diatement gr\u00e2ce \u00e0 l'envoi en 2 minutes. Nous accordons une grande importance \u00e0 la qualit\u00e9, ce qui se refl\u00e8te \u00e9galement dans notre garantie \u00e0 vie. Une facture avec notre num\u00e9ro de TVA garantit la transparence. Si vous n'\u00eates pas satisfait, notre droit de retour vous offre une s\u00e9curit\u00e9 suppl\u00e9mentaire.<\/p>\n<p>Nous vous souhaitons beaucoup de plaisir \u00e0 faire vos achats de logiciels en toute s\u00e9curit\u00e9 chez Win &amp; Office WS !<\/p>\n<p>&nbsp;<\/p>\n<p>&nbsp;<\/p>","protected":false},"excerpt":{"rendered":"<p>Wer sind wir? Software bequem und sicher online kaufen \u2013 Ihr Microsoft-Partner Software f\u00fcr Computer, Tablets &amp; Co. ist aus unserem Arbeits- und Lebensalltag nicht mehr wegzudenken. Sie erleichtert nicht nur zahlreiche Arbeitsprozesse, f\u00f6rdert auch unsere Kreativit\u00e4t und optimiert selbst einfache Aufgaben. In unserem Software-Shop haben Sie die M\u00f6glichkeit, Software&hellip; <\/p>","protected":false},"author":1,"featured_media":0,"parent":0,"menu_order":0,"comment_status":"closed","ping_status":"closed","template":"","meta":{"_acf_changed":false,"footnotes":""},"class_list":["post-980","page","type-page","status-publish","hentry"],"acf":[],"yoast_head":"<!-- This site is optimized with the Yoast SEO plugin v27.3 - https:\/\/yoast.com\/product\/yoast-seo-wordpress\/ -->\n<title>\u00dcber uns - Win &amp; Office WS<\/title>\n<meta name=\"robots\" content=\"index, follow, max-snippet:-1, max-image-preview:large, max-video-preview:-1\" \/>\n<link rel=\"canonical\" href=\"https:\/\/winandofficews.com\/fr\/about\/\" \/>\n<meta property=\"og:locale\" content=\"fr_FR\" \/>\n<meta property=\"og:type\" content=\"article\" \/>\n<meta property=\"og:title\" content=\"\u00dcber uns - Win &amp; Office WS\" \/>\n<meta property=\"og:description\" content=\"Wer sind wir? Software bequem und sicher online kaufen \u2013 Ihr Microsoft-Partner Software f\u00fcr Computer, Tablets &amp; Co. ist aus unserem Arbeits- und Lebensalltag nicht mehr wegzudenken. Sie erleichtert nicht nur zahlreiche Arbeitsprozesse, f\u00f6rdert auch unsere Kreativit\u00e4t und optimiert selbst einfache Aufgaben. In unserem Software-Shop haben Sie die M\u00f6glichkeit, Software&hellip;\" \/>\n<meta property=\"og:url\" content=\"https:\/\/winandofficews.com\/fr\/about\/\" \/>\n<meta property=\"og:site_name\" content=\"Win &amp; Office WS\" \/>\n<meta property=\"article:publisher\" content=\"https:\/\/www.facebook.com\/winandofficews\/\" \/>\n<meta property=\"article:modified_time\" content=\"2025-08-29T13:54:13+00:00\" \/>\n<meta property=\"og:image\" content=\"https:\/\/winandofficews.com\/wp-content\/uploads\/2020\/07\/FONDO-SLIDES-1.png\" \/>\n<meta name=\"twitter:card\" content=\"summary_large_image\" \/>\n<meta name=\"twitter:site\" content=\"@WINDOWSANDOFFI1\" \/>\n<meta name=\"twitter:label1\" content=\"Dur\u00e9e de lecture estim\u00e9e\" \/>\n\t<meta name=\"twitter:data1\" content=\"2 minutes\" \/>\n<script type=\"application\/ld+json\" class=\"yoast-schema-graph\">{\"@context\":\"https:\\\/\\\/schema.org\",\"@graph\":[{\"@type\":\"WebPage\",\"@id\":\"https:\\\/\\\/winandofficews.com\\\/about\\\/\",\"url\":\"https:\\\/\\\/winandofficews.com\\\/about\\\/\",\"name\":\"\u00dcber uns - Win &amp; Office WS\",\"isPartOf\":{\"@id\":\"https:\\\/\\\/winandofficews.com\\\/#website\"},\"datePublished\":\"2019-07-25T07:45:18+00:00\",\"dateModified\":\"2025-08-29T13:54:13+00:00\",\"breadcrumb\":{\"@id\":\"https:\\\/\\\/winandofficews.com\\\/about\\\/#breadcrumb\"},\"inLanguage\":\"fr-FR\",\"potentialAction\":[{\"@type\":\"ReadAction\",\"target\":[\"https:\\\/\\\/winandofficews.com\\\/about\\\/\"]}]},{\"@type\":\"BreadcrumbList\",\"@id\":\"https:\\\/\\\/winandofficews.com\\\/about\\\/#breadcrumb\",\"itemListElement\":[{\"@type\":\"ListItem\",\"position\":1,\"name\":\"Home\",\"item\":\"https:\\\/\\\/winandofficews.com\\\/\"},{\"@type\":\"ListItem\",\"position\":2,\"name\":\"About us\"}]},{\"@type\":\"WebSite\",\"@id\":\"https:\\\/\\\/winandofficews.com\\\/#website\",\"url\":\"https:\\\/\\\/winandofficews.com\\\/\",\"name\":\"Win & Office WS\",\"description\":\"Wholesales Store of Office\",\"publisher\":{\"@id\":\"https:\\\/\\\/winandofficews.com\\\/#organization\"},\"potentialAction\":[{\"@type\":\"SearchAction\",\"target\":{\"@type\":\"EntryPoint\",\"urlTemplate\":\"https:\\\/\\\/winandofficews.com\\\/?s={search_term_string}\"},\"query-input\":{\"@type\":\"PropertyValueSpecification\",\"valueRequired\":true,\"valueName\":\"search_term_string\"}}],\"inLanguage\":\"fr-FR\"},{\"@type\":\"Organization\",\"@id\":\"https:\\\/\\\/winandofficews.com\\\/#organization\",\"name\":\"Win & Office WS\",\"url\":\"https:\\\/\\\/winandofficews.com\\\/\",\"logo\":{\"@type\":\"ImageObject\",\"inLanguage\":\"fr-FR\",\"@id\":\"https:\\\/\\\/winandofficews.com\\\/#\\\/schema\\\/logo\\\/image\\\/\",\"url\":\"https:\\\/\\\/winandofficews.com\\\/wp-content\\\/uploads\\\/logo14.png\",\"contentUrl\":\"https:\\\/\\\/winandofficews.com\\\/wp-content\\\/uploads\\\/logo14.png\",\"width\":322,\"height\":116,\"caption\":\"Win & Office WS\"},\"image\":{\"@id\":\"https:\\\/\\\/winandofficews.com\\\/#\\\/schema\\\/logo\\\/image\\\/\"},\"sameAs\":[\"https:\\\/\\\/www.facebook.com\\\/winandofficews\\\/\",\"https:\\\/\\\/x.com\\\/WINDOWSANDOFFI1\",\"https:\\\/\\\/www.instagram.com\\\/winandoffice.ws\\\/\",\"https:\\\/\\\/de.pinterest.com\\\/winandofficews_official\\\/\",\"https:\\\/\\\/www.tiktok.com\\\/@winandofficews\",\"https:\\\/\\\/www.youtube.com\\\/channel\\\/UCPI87ZZIvl272mOtG5sL8Cg\",\"https:\\\/\\\/de.trustpilot.com\\\/review\\\/winandofficews.com\",\"https:\\\/\\\/www.trustami.com\\\/review\\\/win-and-office-wholesales-rating\"]}]}<\/script>\n<!-- \/ Yoast SEO plugin. -->","yoast_head_json":{"title":"\u00dcber uns - Win &amp; Office WS","robots":{"index":"index","follow":"follow","max-snippet":"max-snippet:-1","max-image-preview":"max-image-preview:large","max-video-preview":"max-video-preview:-1"},"canonical":"https:\/\/winandofficews.com\/fr\/about\/","og_locale":"fr_FR","og_type":"article","og_title":"\u00dcber uns - Win &amp; Office WS","og_description":"Wer sind wir? Software bequem und sicher online kaufen \u2013 Ihr Microsoft-Partner Software f\u00fcr Computer, Tablets &amp; Co. ist aus unserem Arbeits- und Lebensalltag nicht mehr wegzudenken. Sie erleichtert nicht nur zahlreiche Arbeitsprozesse, f\u00f6rdert auch unsere Kreativit\u00e4t und optimiert selbst einfache Aufgaben. In unserem Software-Shop haben Sie die M\u00f6glichkeit, Software&hellip;","og_url":"https:\/\/winandofficews.com\/fr\/about\/","og_site_name":"Win &amp; Office WS","article_publisher":"https:\/\/www.facebook.com\/winandofficews\/","article_modified_time":"2025-08-29T13:54:13+00:00","og_image":[{"url":"https:\/\/winandofficews.com\/wp-content\/uploads\/2020\/07\/FONDO-SLIDES-1.png","type":"","width":"","height":""}],"twitter_card":"summary_large_image","twitter_site":"@WINDOWSANDOFFI1","twitter_misc":{"Dur\u00e9e de lecture estim\u00e9e":"2 minutes"},"schema":{"@context":"https:\/\/schema.org","@graph":[{"@type":"WebPage","@id":"https:\/\/winandofficews.com\/about\/","url":"https:\/\/winandofficews.com\/about\/","name":"\u00dcber uns - Win &amp; Office WS","isPartOf":{"@id":"https:\/\/winandofficews.com\/#website"},"datePublished":"2019-07-25T07:45:18+00:00","dateModified":"2025-08-29T13:54:13+00:00","breadcrumb":{"@id":"https:\/\/winandofficews.com\/about\/#breadcrumb"},"inLanguage":"fr-FR","potentialAction":[{"@type":"ReadAction","target":["https:\/\/winandofficews.com\/about\/"]}]},{"@type":"BreadcrumbList","@id":"https:\/\/winandofficews.com\/about\/#breadcrumb","itemListElement":[{"@type":"ListItem","position":1,"name":"Home","item":"https:\/\/winandofficews.com\/"},{"@type":"ListItem","position":2,"name":"About us"}]},{"@type":"WebSite","@id":"https:\/\/winandofficews.com\/#website","url":"https:\/\/winandofficews.com\/","name":"Win & Office WS","description":"Wholesales Store of Office","publisher":{"@id":"https:\/\/winandofficews.com\/#organization"},"potentialAction":[{"@type":"SearchAction","target":{"@type":"EntryPoint","urlTemplate":"https:\/\/winandofficews.com\/?s={search_term_string}"},"query-input":{"@type":"PropertyValueSpecification","valueRequired":true,"valueName":"search_term_string"}}],"inLanguage":"fr-FR"},{"@type":"Organization","@id":"https:\/\/winandofficews.com\/#organization","name":"Win & Office WS","url":"https:\/\/winandofficews.com\/","logo":{"@type":"ImageObject","inLanguage":"fr-FR","@id":"https:\/\/winandofficews.com\/#\/schema\/logo\/image\/","url":"https:\/\/winandofficews.com\/wp-content\/uploads\/logo14.png","contentUrl":"https:\/\/winandofficews.com\/wp-content\/uploads\/logo14.png","width":322,"height":116,"caption":"Win & Office WS"},"image":{"@id":"https:\/\/winandofficews.com\/#\/schema\/logo\/image\/"},"sameAs":["https:\/\/www.facebook.com\/winandofficews\/","https:\/\/x.com\/WINDOWSANDOFFI1","https:\/\/www.instagram.com\/winandoffice.ws\/","https:\/\/de.pinterest.com\/winandofficews_official\/","https:\/\/www.tiktok.com\/@winandofficews","https:\/\/www.youtube.com\/channel\/UCPI87ZZIvl272mOtG5sL8Cg","https:\/\/de.trustpilot.com\/review\/winandofficews.com","https:\/\/www.trustami.com\/review\/win-and-office-wholesales-rating"]}]}},"_links":{"self":[{"href":"https:\/\/winandofficews.com\/fr\/wp-json\/wp\/v2\/pages\/980","targetHints":{"allow":["GET"]}}],"collection":[{"href":"https:\/\/winandofficews.com\/fr\/wp-json\/wp\/v2\/pages"}],"about":[{"href":"https:\/\/winandofficews.com\/fr\/wp-json\/wp\/v2\/types\/page"}],"author":[{"embeddable":true,"href":"https:\/\/winandofficews.com\/fr\/wp-json\/wp\/v2\/users\/1"}],"replies":[{"embeddable":true,"href":"https:\/\/winandofficews.com\/fr\/wp-json\/wp\/v2\/comments?post=980"}],"version-history":[{"count":0,"href":"https:\/\/winandofficews.com\/fr\/wp-json\/wp\/v2\/pages\/980\/revisions"}],"wp:attachment":[{"href":"https:\/\/winandofficews.com\/fr\/wp-json\/wp\/v2\/media?parent=980"}],"curies":[{"name":"wp","href":"https:\/\/api.w.org\/{rel}","templated":true}]}}