{"id":3475,"date":"2021-06-25T18:49:48","date_gmt":"2021-06-25T18:49:48","guid":{"rendered":"https:\/\/winandofficews.com\/?page_id=3475"},"modified":"2025-08-25T20:41:11","modified_gmt":"2025-08-25T18:41:11","slug":"refunds-policy","status":"publish","type":"page","link":"https:\/\/winandofficews.com\/fr\/refunds-policy\/","title":{"rendered":"Droit de remboursement et de retour"},"content":{"rendered":"<ul style=\"pading-left: 20px;\">\n<li>Keine R\u00fccksendekosten<\/li>\n<li>Keine Versandkosten<\/li>\n<li>30 Tage Geld-zur\u00fcck-Garantie<\/li>\n<li>Lebenslange Umtauschgarantie<\/li>\n<\/ul>\n<p><strong>Widerrufsrecht<\/strong> Sie haben das Recht, diesen Vertrag innerhalb von 30 Tagen nach Erhalt der Ware ohne Angabe von Gr\u00fcnden zu widerrufen. Um Ihr Widerrufsrecht auszu\u00fcben, m\u00fcssen Sie uns mittels einer eindeutigen Erkl\u00e4rung (z. B. ein mit der Post versandter Brief, Telefax oder E-Mail) \u00fcber Ihren Entschluss, diesen Vertrag zu widerrufen, informieren. Sie k\u00f6nnen hierf\u00fcr das beigef\u00fcgte Muster verwenden.<\/p>\n<div style=\"border: dashed 1px gray; border-radius: 5px; background-color: #f5f5f5; padding: 5px; margin-bottom: 15px;\"><strong>Propri\u00e9taire :<\/strong> INES CASTRO ANDIA<br \/>\n<strong>Firmensitz:<\/strong> Samoastra\u00dfe 1, 13353 Berlin, Germany<br \/>\n<strong>Le site de l'Allemagne :<\/strong> Samoastra\u00dfe 1, 13353 Berlin, Germany<br \/>\n<strong>T\u00e9l :<\/strong> +49 60213274874<br \/>\n<strong>Courrier \u00e9lectronique :<\/strong> <a href='mailto:contact@winandofficews.com'>contact@winandofficews.com<\/a><\/div>\n<p><strong>Muster-Widerrufsformular<\/strong> (Wenn Sie den Vertrag widerrufen wollen, dann f\u00fcllen Sie bitte dieses Formular aus und senden Sie es zur\u00fcck.)<\/p>\n<div style=\"border: dashed 1px gray; border-radius: 5px; background-color: #f5f5f5; padding: 5px; margin-bottom: 15px;\">\n<p>Hiermit widerrufe(n) ich\/wir () den von mir\/uns abgeschlossenen Vertrag () \u00fcber den Kauf der folgenden Waren ()\/die Erbringung der folgenden Dienstleistung ():<\/p>\n<ul style=\"padding-left: 20px;\">\n<li>Bestellt am () \/ erhalten am ()<\/li>\n<li>Name des\/der Verbraucher(s)<\/li>\n<li>Anschrift des\/der Verbraucher(s)<\/li>\n<li>Unterschrift des\/der Verbraucher(s) (nur bei Mitteilung auf Papier)<\/li>\n<li>Datum<\/li>\n<\/ul>\n<\/div>\n<p><em>(*) Unzutreffendes streichen.<\/em> Zur Wahrung der Widerrufsfrist reicht es aus, dass Sie die Mitteilung \u00fcber die Aus\u00fcbung des Widerrufsrechts vor Ablauf der Widerrufsfrist absenden.<\/p>\n<p><strong>Folgen des Widerrufs<\/strong> Wenn Sie diesen Vertrag widerrufen, haben wir Ihnen alle Zahlungen, die wir von Ihnen erhalten haben, einschlie\u00dflich der Lieferkosten (mit Ausnahme der zus\u00e4tzlichen Kosten, die sich daraus ergeben, dass Sie eine andere Art der Lieferung als die von uns angebotene, g\u00fcnstigste Standardlieferung gew\u00e4hlt haben), unverz\u00fcglich und sp\u00e4testens binnen vierzehn Tagen ab dem Tag zur\u00fcckzuzahlen, an dem die Mitteilung \u00fcber Ihren Widerruf dieses Vertrags bei uns eingegangen ist. F\u00fcr diese R\u00fcckzahlung verwenden wir dasselbe Zahlungsmittel, das Sie bei der urspr\u00fcnglichen Transaktion eingesetzt haben, es sei denn, mit Ihnen wurde ausdr\u00fccklich etwas anderes vereinbart; in keinem Fall werden Ihnen wegen dieser R\u00fcckzahlung Entgelte berechnet.<\/p>\n<p><strong>Lebenslange Umtauschgarantie:<\/strong> Sollten Sie die 30-t\u00e4gige R\u00fcckgabefrist vers\u00e4umen, bieten wir Ihnen eine lebenslange Umtauschgarantie f\u00fcr das Produkt. Sollte das Produkt w\u00e4hrend der Nutzung defekt sein, erhalten Sie kostenlosen Ersatz.<\/p>\n<div style=\"border: dashed 1px gray; border-radius: 5px; background-color: #f5f5f5; padding: 5px; margin-bottom: 15px;\"><strong>Propri\u00e9taire :<\/strong> INES CASTRO ANDIA<br \/>\n<strong>Si\u00e8ge social :<\/strong> Samoastra\u00dfe 1, 13353 Berlin, Germany<br \/>\n<strong>Le site de l'Allemagne :<\/strong> Samoastra\u00dfe 1, 13353 Berlin, Germany<br \/>\n<strong>T\u00e9l :<\/strong> +49 60213274874<br \/>\n<strong>Courrier \u00e9lectronique :<\/strong> <a href='mailto:contact@winandofficews.com'>contact@winandofficews.com<\/a><\/div>","protected":false},"excerpt":{"rendered":"<p>Keine R\u00fccksendekosten Keine Versandkosten 30 Tage Geld-zur\u00fcck-Garantie Lebenslange Umtauschgarantie Widerrufsrecht Sie haben das Recht, diesen Vertrag innerhalb von 30 Tagen nach Erhalt der Ware ohne Angabe von Gr\u00fcnden zu widerrufen. Um Ihr Widerrufsrecht auszu\u00fcben, m\u00fcssen Sie uns mittels einer eindeutigen Erkl\u00e4rung (z. B. ein mit der Post versandter Brief, Telefax&hellip; <\/p>","protected":false},"author":1,"featured_media":0,"parent":0,"menu_order":0,"comment_status":"closed","ping_status":"closed","template":"","meta":{"_acf_changed":false,"footnotes":""},"class_list":["post-3475","page","type-page","status-publish","hentry"],"acf":[],"yoast_head":"<!-- This site is optimized with the Yoast SEO plugin v27.3 - https:\/\/yoast.com\/product\/yoast-seo-wordpress\/ -->\n<title>R\u00fcckerstattungs- und R\u00fcckgaberecht - Win &amp; Office WS<\/title>\n<meta name=\"robots\" content=\"index, follow, max-snippet:-1, max-image-preview:large, max-video-preview:-1\" \/>\n<link rel=\"canonical\" href=\"https:\/\/winandofficews.com\/fr\/refunds-policy\/\" \/>\n<meta property=\"og:locale\" content=\"fr_FR\" \/>\n<meta property=\"og:type\" content=\"article\" \/>\n<meta property=\"og:title\" content=\"R\u00fcckerstattungs- und R\u00fcckgaberecht - Win &amp; Office WS\" \/>\n<meta property=\"og:description\" content=\"Keine R\u00fccksendekosten Keine Versandkosten 30 Tage Geld-zur\u00fcck-Garantie Lebenslange Umtauschgarantie Widerrufsrecht Sie haben das Recht, diesen Vertrag innerhalb von 30 Tagen nach Erhalt der Ware ohne Angabe von Gr\u00fcnden zu widerrufen. Um Ihr Widerrufsrecht auszu\u00fcben, m\u00fcssen Sie uns mittels einer eindeutigen Erkl\u00e4rung (z. B. ein mit der Post versandter Brief, Telefax&hellip;\" \/>\n<meta property=\"og:url\" content=\"https:\/\/winandofficews.com\/fr\/refunds-policy\/\" \/>\n<meta property=\"og:site_name\" content=\"Win &amp; Office WS\" \/>\n<meta property=\"article:publisher\" content=\"https:\/\/www.facebook.com\/winandofficews\/\" \/>\n<meta property=\"article:modified_time\" content=\"2025-08-25T18:41:11+00:00\" \/>\n<meta name=\"twitter:card\" content=\"summary_large_image\" \/>\n<meta name=\"twitter:site\" content=\"@WINDOWSANDOFFI1\" \/>\n<meta name=\"twitter:label1\" content=\"Dur\u00e9e de lecture estim\u00e9e\" \/>\n\t<meta name=\"twitter:data1\" content=\"2 minutes\" \/>\n<script type=\"application\/ld+json\" class=\"yoast-schema-graph\">{\"@context\":\"https:\\\/\\\/schema.org\",\"@graph\":[{\"@type\":\"WebPage\",\"@id\":\"https:\\\/\\\/winandofficews.com\\\/refunds-policy\\\/\",\"url\":\"https:\\\/\\\/winandofficews.com\\\/refunds-policy\\\/\",\"name\":\"R\u00fcckerstattungs- und R\u00fcckgaberecht - Win &amp; Office WS\",\"isPartOf\":{\"@id\":\"https:\\\/\\\/winandofficews.com\\\/#website\"},\"datePublished\":\"2021-06-25T18:49:48+00:00\",\"dateModified\":\"2025-08-25T18:41:11+00:00\",\"breadcrumb\":{\"@id\":\"https:\\\/\\\/winandofficews.com\\\/refunds-policy\\\/#breadcrumb\"},\"inLanguage\":\"fr-FR\",\"potentialAction\":[{\"@type\":\"ReadAction\",\"target\":[\"https:\\\/\\\/winandofficews.com\\\/refunds-policy\\\/\"]}]},{\"@type\":\"BreadcrumbList\",\"@id\":\"https:\\\/\\\/winandofficews.com\\\/refunds-policy\\\/#breadcrumb\",\"itemListElement\":[{\"@type\":\"ListItem\",\"position\":1,\"name\":\"Home\",\"item\":\"https:\\\/\\\/winandofficews.com\\\/\"},{\"@type\":\"ListItem\",\"position\":2,\"name\":\"Refund and Return Policy\"}]},{\"@type\":\"WebSite\",\"@id\":\"https:\\\/\\\/winandofficews.com\\\/#website\",\"url\":\"https:\\\/\\\/winandofficews.com\\\/\",\"name\":\"Win & Office WS\",\"description\":\"Wholesales Store of Office\",\"publisher\":{\"@id\":\"https:\\\/\\\/winandofficews.com\\\/#organization\"},\"potentialAction\":[{\"@type\":\"SearchAction\",\"target\":{\"@type\":\"EntryPoint\",\"urlTemplate\":\"https:\\\/\\\/winandofficews.com\\\/?s={search_term_string}\"},\"query-input\":{\"@type\":\"PropertyValueSpecification\",\"valueRequired\":true,\"valueName\":\"search_term_string\"}}],\"inLanguage\":\"fr-FR\"},{\"@type\":\"Organization\",\"@id\":\"https:\\\/\\\/winandofficews.com\\\/#organization\",\"name\":\"Win & Office WS\",\"url\":\"https:\\\/\\\/winandofficews.com\\\/\",\"logo\":{\"@type\":\"ImageObject\",\"inLanguage\":\"fr-FR\",\"@id\":\"https:\\\/\\\/winandofficews.com\\\/#\\\/schema\\\/logo\\\/image\\\/\",\"url\":\"https:\\\/\\\/winandofficews.com\\\/wp-content\\\/uploads\\\/logo14.png\",\"contentUrl\":\"https:\\\/\\\/winandofficews.com\\\/wp-content\\\/uploads\\\/logo14.png\",\"width\":322,\"height\":116,\"caption\":\"Win & Office WS\"},\"image\":{\"@id\":\"https:\\\/\\\/winandofficews.com\\\/#\\\/schema\\\/logo\\\/image\\\/\"},\"sameAs\":[\"https:\\\/\\\/www.facebook.com\\\/winandofficews\\\/\",\"https:\\\/\\\/x.com\\\/WINDOWSANDOFFI1\",\"https:\\\/\\\/www.instagram.com\\\/winandoffice.ws\\\/\",\"https:\\\/\\\/de.pinterest.com\\\/winandofficews_official\\\/\",\"https:\\\/\\\/www.tiktok.com\\\/@winandofficews\",\"https:\\\/\\\/www.youtube.com\\\/channel\\\/UCPI87ZZIvl272mOtG5sL8Cg\",\"https:\\\/\\\/de.trustpilot.com\\\/review\\\/winandofficews.com\",\"https:\\\/\\\/www.trustami.com\\\/review\\\/win-and-office-wholesales-rating\"]}]}<\/script>\n<!-- \/ Yoast SEO plugin. -->","yoast_head_json":{"title":"R\u00fcckerstattungs- und R\u00fcckgaberecht - Win &amp; Office WS","robots":{"index":"index","follow":"follow","max-snippet":"max-snippet:-1","max-image-preview":"max-image-preview:large","max-video-preview":"max-video-preview:-1"},"canonical":"https:\/\/winandofficews.com\/fr\/refunds-policy\/","og_locale":"fr_FR","og_type":"article","og_title":"R\u00fcckerstattungs- und R\u00fcckgaberecht - Win &amp; Office WS","og_description":"Keine R\u00fccksendekosten Keine Versandkosten 30 Tage Geld-zur\u00fcck-Garantie Lebenslange Umtauschgarantie Widerrufsrecht Sie haben das Recht, diesen Vertrag innerhalb von 30 Tagen nach Erhalt der Ware ohne Angabe von Gr\u00fcnden zu widerrufen. Um Ihr Widerrufsrecht auszu\u00fcben, m\u00fcssen Sie uns mittels einer eindeutigen Erkl\u00e4rung (z. B. ein mit der Post versandter Brief, Telefax&hellip;","og_url":"https:\/\/winandofficews.com\/fr\/refunds-policy\/","og_site_name":"Win &amp; Office WS","article_publisher":"https:\/\/www.facebook.com\/winandofficews\/","article_modified_time":"2025-08-25T18:41:11+00:00","twitter_card":"summary_large_image","twitter_site":"@WINDOWSANDOFFI1","twitter_misc":{"Dur\u00e9e de lecture estim\u00e9e":"2 minutes"},"schema":{"@context":"https:\/\/schema.org","@graph":[{"@type":"WebPage","@id":"https:\/\/winandofficews.com\/refunds-policy\/","url":"https:\/\/winandofficews.com\/refunds-policy\/","name":"R\u00fcckerstattungs- und R\u00fcckgaberecht - Win &amp; Office WS","isPartOf":{"@id":"https:\/\/winandofficews.com\/#website"},"datePublished":"2021-06-25T18:49:48+00:00","dateModified":"2025-08-25T18:41:11+00:00","breadcrumb":{"@id":"https:\/\/winandofficews.com\/refunds-policy\/#breadcrumb"},"inLanguage":"fr-FR","potentialAction":[{"@type":"ReadAction","target":["https:\/\/winandofficews.com\/refunds-policy\/"]}]},{"@type":"BreadcrumbList","@id":"https:\/\/winandofficews.com\/refunds-policy\/#breadcrumb","itemListElement":[{"@type":"ListItem","position":1,"name":"Home","item":"https:\/\/winandofficews.com\/"},{"@type":"ListItem","position":2,"name":"Refund and Return Policy"}]},{"@type":"WebSite","@id":"https:\/\/winandofficews.com\/#website","url":"https:\/\/winandofficews.com\/","name":"Win & Office WS","description":"Wholesales Store of Office","publisher":{"@id":"https:\/\/winandofficews.com\/#organization"},"potentialAction":[{"@type":"SearchAction","target":{"@type":"EntryPoint","urlTemplate":"https:\/\/winandofficews.com\/?s={search_term_string}"},"query-input":{"@type":"PropertyValueSpecification","valueRequired":true,"valueName":"search_term_string"}}],"inLanguage":"fr-FR"},{"@type":"Organization","@id":"https:\/\/winandofficews.com\/#organization","name":"Win & Office WS","url":"https:\/\/winandofficews.com\/","logo":{"@type":"ImageObject","inLanguage":"fr-FR","@id":"https:\/\/winandofficews.com\/#\/schema\/logo\/image\/","url":"https:\/\/winandofficews.com\/wp-content\/uploads\/logo14.png","contentUrl":"https:\/\/winandofficews.com\/wp-content\/uploads\/logo14.png","width":322,"height":116,"caption":"Win & Office WS"},"image":{"@id":"https:\/\/winandofficews.com\/#\/schema\/logo\/image\/"},"sameAs":["https:\/\/www.facebook.com\/winandofficews\/","https:\/\/x.com\/WINDOWSANDOFFI1","https:\/\/www.instagram.com\/winandoffice.ws\/","https:\/\/de.pinterest.com\/winandofficews_official\/","https:\/\/www.tiktok.com\/@winandofficews","https:\/\/www.youtube.com\/channel\/UCPI87ZZIvl272mOtG5sL8Cg","https:\/\/de.trustpilot.com\/review\/winandofficews.com","https:\/\/www.trustami.com\/review\/win-and-office-wholesales-rating"]}]}},"_links":{"self":[{"href":"https:\/\/winandofficews.com\/fr\/wp-json\/wp\/v2\/pages\/3475","targetHints":{"allow":["GET"]}}],"collection":[{"href":"https:\/\/winandofficews.com\/fr\/wp-json\/wp\/v2\/pages"}],"about":[{"href":"https:\/\/winandofficews.com\/fr\/wp-json\/wp\/v2\/types\/page"}],"author":[{"embeddable":true,"href":"https:\/\/winandofficews.com\/fr\/wp-json\/wp\/v2\/users\/1"}],"replies":[{"embeddable":true,"href":"https:\/\/winandofficews.com\/fr\/wp-json\/wp\/v2\/comments?post=3475"}],"version-history":[{"count":0,"href":"https:\/\/winandofficews.com\/fr\/wp-json\/wp\/v2\/pages\/3475\/revisions"}],"wp:attachment":[{"href":"https:\/\/winandofficews.com\/fr\/wp-json\/wp\/v2\/media?parent=3475"}],"curies":[{"name":"wp","href":"https:\/\/api.w.org\/{rel}","templated":true}]}}