{"id":3413,"date":"2021-03-03T14:12:03","date_gmt":"2021-03-03T14:12:03","guid":{"rendered":"https:\/\/shop.winandofficews.com\/?page_id=3413"},"modified":"2025-08-25T20:32:35","modified_gmt":"2025-08-25T18:32:35","slug":"legal-basis","status":"publish","type":"page","link":"https:\/\/winandofficews.com\/fr\/legal-basis\/","title":{"rendered":"Base juridique"},"content":{"rendered":"<p><strong>Droit de la distribution<\/strong><br \/>\nLes fabricants de logiciels comme Microsoft ou Corel permettent aux partenaires de distribution certifi\u00e9s (revendeurs) de vendre des produits aux consommateurs. Des droits dits de revendeur sont accord\u00e9s. Seuls les partenaires autoris\u00e9s ont le droit de vendre des licences logicielles et sont obligatoirement membres du programme de partenariat du fabricant. Les revendeurs obtiennent le droit non exclusif de commercialiser et de distribuer activement des logiciels sous licence au sein de l'UE \/ AELE. Par d\u00e9rogation, les partenaires de distribution peuvent \u00e9galement \u00eatre actifs dans d'autres r\u00e9gions, cela n\u00e9cessite un accord \u00e9crit.<\/p>\n<p>Le revendeur est tenu de proposer les produits logiciels sous les noms de produits respectifs du fabricant. Les indications relatives aux droits de protection et aux droits d'auteur doivent \u00eatre respect\u00e9es ou appos\u00e9es. Tous les noms de marque et les marques d\u00e9pos\u00e9es sont la propri\u00e9t\u00e9 des fabricants respectifs. Les indications techniques doivent toujours correspondre aux indications du fabricant. Les images, symboles et logos sont utilis\u00e9s pour identifier les articles. La marchandise vendue reste la propri\u00e9t\u00e9 du commer\u00e7ant jusqu'\u00e0 son paiement int\u00e9gral.<\/p>\n<p><strong>Loi sur les licences<\/strong><br \/>\nSelon la jurisprudence actuelle de la Cour f\u00e9d\u00e9rale de justice (BGH, arr\u00eat du 17.07.2013 - I ZR 129\/08), les commer\u00e7ants sp\u00e9cialis\u00e9s sont tenus de documenter la l\u00e9galit\u00e9 et l'admissibilit\u00e9 des logiciels propos\u00e9s. Les licences de logiciels ne peuvent \u00eatre mises en circulation qu'avec l'accord du titulaire des droits. La licence est accord\u00e9e contre un paiement qui permet d'obtenir une r\u00e9mun\u00e9ration correspondant \u00e0 la valeur \u00e9conomique du logiciel. Le titulaire des droits oblige le commer\u00e7ant \u00e0 vendre le logiciel de mani\u00e8re permanente, sans limitation de dur\u00e9e d'utilisation. Le consommateur est inform\u00e9 que le logiciel est soumis aux conditions de licence et aux droits d'utilisation du produit du fabricant du logiciel.<\/p>\n<p>L'acheteur a un droit d'utilisation simple et illimit\u00e9 sur le logiciel. Il n'a pas le droit de le copier ou de le c\u00e9der \u00e0 d'autres pour utilisation. Les droits d'utilisation multiples doivent faire l'objet d'un accord s\u00e9par\u00e9.<\/p>","protected":false},"excerpt":{"rendered":"<p>Vertriebsrecht Softwarehersteller wie Microsoft oder Corel erm\u00f6glichen zertifizierten Vertriebspartnern (Resellern), Produkte an Verbraucher zu verkaufen. Es werden sogenannte Wiederverk\u00e4uferrechte einger\u00e4umt. Nur autorisierte Partner haben das Recht, Softwarelizenzen zu verkaufen und sind obligatorische Mitglieder des Partnerprogramms des Herstellers. Die Wiederverk\u00e4ufer erhalten das nicht-exklusive Recht, Software unter Lizenz innerhalb der EU \/&hellip; <\/p>","protected":false},"author":1,"featured_media":0,"parent":0,"menu_order":0,"comment_status":"closed","ping_status":"closed","template":"","meta":{"_acf_changed":false,"footnotes":""},"class_list":["post-3413","page","type-page","status-publish","hentry"],"acf":[],"yoast_head":"<!-- This site is optimized with the Yoast SEO plugin v27.3 - https:\/\/yoast.com\/product\/yoast-seo-wordpress\/ -->\n<title>Rechtliche Grundlage - Win &amp; Office WS<\/title>\n<meta name=\"robots\" content=\"index, follow, max-snippet:-1, max-image-preview:large, max-video-preview:-1\" \/>\n<link rel=\"canonical\" href=\"https:\/\/winandofficews.com\/fr\/legal-basis\/\" \/>\n<meta property=\"og:locale\" content=\"fr_FR\" \/>\n<meta property=\"og:type\" content=\"article\" \/>\n<meta property=\"og:title\" content=\"Rechtliche Grundlage - Win &amp; Office WS\" \/>\n<meta property=\"og:description\" content=\"Vertriebsrecht Softwarehersteller wie Microsoft oder Corel erm\u00f6glichen zertifizierten Vertriebspartnern (Resellern), Produkte an Verbraucher zu verkaufen. Es werden sogenannte Wiederverk\u00e4uferrechte einger\u00e4umt. Nur autorisierte Partner haben das Recht, Softwarelizenzen zu verkaufen und sind obligatorische Mitglieder des Partnerprogramms des Herstellers. Die Wiederverk\u00e4ufer erhalten das nicht-exklusive Recht, Software unter Lizenz innerhalb der EU \/&hellip;\" \/>\n<meta property=\"og:url\" content=\"https:\/\/winandofficews.com\/fr\/legal-basis\/\" \/>\n<meta property=\"og:site_name\" content=\"Win &amp; Office WS\" \/>\n<meta property=\"article:publisher\" content=\"https:\/\/www.facebook.com\/winandofficews\/\" \/>\n<meta property=\"article:modified_time\" content=\"2025-08-25T18:32:35+00:00\" \/>\n<meta name=\"twitter:card\" content=\"summary_large_image\" \/>\n<meta name=\"twitter:site\" content=\"@WINDOWSANDOFFI1\" \/>\n<meta name=\"twitter:label1\" content=\"Dur\u00e9e de lecture estim\u00e9e\" \/>\n\t<meta name=\"twitter:data1\" content=\"2 minutes\" \/>\n<script type=\"application\/ld+json\" class=\"yoast-schema-graph\">{\"@context\":\"https:\\\/\\\/schema.org\",\"@graph\":[{\"@type\":\"WebPage\",\"@id\":\"https:\\\/\\\/winandofficews.com\\\/legal-basis\\\/\",\"url\":\"https:\\\/\\\/winandofficews.com\\\/legal-basis\\\/\",\"name\":\"Rechtliche Grundlage - Win &amp; Office WS\",\"isPartOf\":{\"@id\":\"https:\\\/\\\/winandofficews.com\\\/#website\"},\"datePublished\":\"2021-03-03T14:12:03+00:00\",\"dateModified\":\"2025-08-25T18:32:35+00:00\",\"breadcrumb\":{\"@id\":\"https:\\\/\\\/winandofficews.com\\\/legal-basis\\\/#breadcrumb\"},\"inLanguage\":\"fr-FR\",\"potentialAction\":[{\"@type\":\"ReadAction\",\"target\":[\"https:\\\/\\\/winandofficews.com\\\/legal-basis\\\/\"]}]},{\"@type\":\"BreadcrumbList\",\"@id\":\"https:\\\/\\\/winandofficews.com\\\/legal-basis\\\/#breadcrumb\",\"itemListElement\":[{\"@type\":\"ListItem\",\"position\":1,\"name\":\"Home\",\"item\":\"https:\\\/\\\/winandofficews.com\\\/\"},{\"@type\":\"ListItem\",\"position\":2,\"name\":\"Legal Basis\"}]},{\"@type\":\"WebSite\",\"@id\":\"https:\\\/\\\/winandofficews.com\\\/#website\",\"url\":\"https:\\\/\\\/winandofficews.com\\\/\",\"name\":\"Win & Office WS\",\"description\":\"Wholesales Store of Office\",\"publisher\":{\"@id\":\"https:\\\/\\\/winandofficews.com\\\/#organization\"},\"potentialAction\":[{\"@type\":\"SearchAction\",\"target\":{\"@type\":\"EntryPoint\",\"urlTemplate\":\"https:\\\/\\\/winandofficews.com\\\/?s={search_term_string}\"},\"query-input\":{\"@type\":\"PropertyValueSpecification\",\"valueRequired\":true,\"valueName\":\"search_term_string\"}}],\"inLanguage\":\"fr-FR\"},{\"@type\":\"Organization\",\"@id\":\"https:\\\/\\\/winandofficews.com\\\/#organization\",\"name\":\"Win & Office WS\",\"url\":\"https:\\\/\\\/winandofficews.com\\\/\",\"logo\":{\"@type\":\"ImageObject\",\"inLanguage\":\"fr-FR\",\"@id\":\"https:\\\/\\\/winandofficews.com\\\/#\\\/schema\\\/logo\\\/image\\\/\",\"url\":\"https:\\\/\\\/winandofficews.com\\\/wp-content\\\/uploads\\\/logo14.png\",\"contentUrl\":\"https:\\\/\\\/winandofficews.com\\\/wp-content\\\/uploads\\\/logo14.png\",\"width\":322,\"height\":116,\"caption\":\"Win & Office WS\"},\"image\":{\"@id\":\"https:\\\/\\\/winandofficews.com\\\/#\\\/schema\\\/logo\\\/image\\\/\"},\"sameAs\":[\"https:\\\/\\\/www.facebook.com\\\/winandofficews\\\/\",\"https:\\\/\\\/x.com\\\/WINDOWSANDOFFI1\",\"https:\\\/\\\/www.instagram.com\\\/winandoffice.ws\\\/\",\"https:\\\/\\\/de.pinterest.com\\\/winandofficews_official\\\/\",\"https:\\\/\\\/www.tiktok.com\\\/@winandofficews\",\"https:\\\/\\\/www.youtube.com\\\/channel\\\/UCPI87ZZIvl272mOtG5sL8Cg\",\"https:\\\/\\\/de.trustpilot.com\\\/review\\\/winandofficews.com\",\"https:\\\/\\\/www.trustami.com\\\/review\\\/win-and-office-wholesales-rating\"]}]}<\/script>\n<!-- \/ Yoast SEO plugin. -->","yoast_head_json":{"title":"Rechtliche Grundlage - Win &amp; Office WS","robots":{"index":"index","follow":"follow","max-snippet":"max-snippet:-1","max-image-preview":"max-image-preview:large","max-video-preview":"max-video-preview:-1"},"canonical":"https:\/\/winandofficews.com\/fr\/legal-basis\/","og_locale":"fr_FR","og_type":"article","og_title":"Rechtliche Grundlage - Win &amp; Office WS","og_description":"Vertriebsrecht Softwarehersteller wie Microsoft oder Corel erm\u00f6glichen zertifizierten Vertriebspartnern (Resellern), Produkte an Verbraucher zu verkaufen. Es werden sogenannte Wiederverk\u00e4uferrechte einger\u00e4umt. Nur autorisierte Partner haben das Recht, Softwarelizenzen zu verkaufen und sind obligatorische Mitglieder des Partnerprogramms des Herstellers. Die Wiederverk\u00e4ufer erhalten das nicht-exklusive Recht, Software unter Lizenz innerhalb der EU \/&hellip;","og_url":"https:\/\/winandofficews.com\/fr\/legal-basis\/","og_site_name":"Win &amp; Office WS","article_publisher":"https:\/\/www.facebook.com\/winandofficews\/","article_modified_time":"2025-08-25T18:32:35+00:00","twitter_card":"summary_large_image","twitter_site":"@WINDOWSANDOFFI1","twitter_misc":{"Dur\u00e9e de lecture estim\u00e9e":"2 minutes"},"schema":{"@context":"https:\/\/schema.org","@graph":[{"@type":"WebPage","@id":"https:\/\/winandofficews.com\/legal-basis\/","url":"https:\/\/winandofficews.com\/legal-basis\/","name":"Rechtliche Grundlage - Win &amp; Office WS","isPartOf":{"@id":"https:\/\/winandofficews.com\/#website"},"datePublished":"2021-03-03T14:12:03+00:00","dateModified":"2025-08-25T18:32:35+00:00","breadcrumb":{"@id":"https:\/\/winandofficews.com\/legal-basis\/#breadcrumb"},"inLanguage":"fr-FR","potentialAction":[{"@type":"ReadAction","target":["https:\/\/winandofficews.com\/legal-basis\/"]}]},{"@type":"BreadcrumbList","@id":"https:\/\/winandofficews.com\/legal-basis\/#breadcrumb","itemListElement":[{"@type":"ListItem","position":1,"name":"Home","item":"https:\/\/winandofficews.com\/"},{"@type":"ListItem","position":2,"name":"Legal Basis"}]},{"@type":"WebSite","@id":"https:\/\/winandofficews.com\/#website","url":"https:\/\/winandofficews.com\/","name":"Win & Office WS","description":"Wholesales Store of Office","publisher":{"@id":"https:\/\/winandofficews.com\/#organization"},"potentialAction":[{"@type":"SearchAction","target":{"@type":"EntryPoint","urlTemplate":"https:\/\/winandofficews.com\/?s={search_term_string}"},"query-input":{"@type":"PropertyValueSpecification","valueRequired":true,"valueName":"search_term_string"}}],"inLanguage":"fr-FR"},{"@type":"Organization","@id":"https:\/\/winandofficews.com\/#organization","name":"Win & Office WS","url":"https:\/\/winandofficews.com\/","logo":{"@type":"ImageObject","inLanguage":"fr-FR","@id":"https:\/\/winandofficews.com\/#\/schema\/logo\/image\/","url":"https:\/\/winandofficews.com\/wp-content\/uploads\/logo14.png","contentUrl":"https:\/\/winandofficews.com\/wp-content\/uploads\/logo14.png","width":322,"height":116,"caption":"Win & Office WS"},"image":{"@id":"https:\/\/winandofficews.com\/#\/schema\/logo\/image\/"},"sameAs":["https:\/\/www.facebook.com\/winandofficews\/","https:\/\/x.com\/WINDOWSANDOFFI1","https:\/\/www.instagram.com\/winandoffice.ws\/","https:\/\/de.pinterest.com\/winandofficews_official\/","https:\/\/www.tiktok.com\/@winandofficews","https:\/\/www.youtube.com\/channel\/UCPI87ZZIvl272mOtG5sL8Cg","https:\/\/de.trustpilot.com\/review\/winandofficews.com","https:\/\/www.trustami.com\/review\/win-and-office-wholesales-rating"]}]}},"_links":{"self":[{"href":"https:\/\/winandofficews.com\/fr\/wp-json\/wp\/v2\/pages\/3413","targetHints":{"allow":["GET"]}}],"collection":[{"href":"https:\/\/winandofficews.com\/fr\/wp-json\/wp\/v2\/pages"}],"about":[{"href":"https:\/\/winandofficews.com\/fr\/wp-json\/wp\/v2\/types\/page"}],"author":[{"embeddable":true,"href":"https:\/\/winandofficews.com\/fr\/wp-json\/wp\/v2\/users\/1"}],"replies":[{"embeddable":true,"href":"https:\/\/winandofficews.com\/fr\/wp-json\/wp\/v2\/comments?post=3413"}],"version-history":[{"count":0,"href":"https:\/\/winandofficews.com\/fr\/wp-json\/wp\/v2\/pages\/3413\/revisions"}],"wp:attachment":[{"href":"https:\/\/winandofficews.com\/fr\/wp-json\/wp\/v2\/media?parent=3413"}],"curies":[{"name":"wp","href":"https:\/\/api.w.org\/{rel}","templated":true}]}}