{"id":3410,"date":"2021-03-03T13:41:10","date_gmt":"2021-03-03T13:41:10","guid":{"rendered":"https:\/\/shop.winandofficews.com\/?page_id=3410"},"modified":"2025-08-29T17:28:00","modified_gmt":"2025-08-29T15:28:00","slug":"services","status":"publish","type":"page","link":"https:\/\/winandofficews.com\/fr\/services\/","title":{"rendered":"Prestations"},"content":{"rendered":"<ul>\n<li>\n<h4>Livraison rapide 24 heures sur 24<\/h4>\n<ul>\n<li>Nous vous enverrons la cl\u00e9 de produit dans les 2 minutes suivant la r\u00e9ception de votre paiement.<\/li>\n<li>Vous recevrez un lien de t\u00e9l\u00e9chargement et des instructions d'installation par e-mail.<\/li>\n<li>Le logiciel et le manuel sont disponibles en 5 langues (allemand, anglais, fran\u00e7ais, italien, espagnol).<\/li>\n<\/ul>\n<\/li>\n<\/ul>\n<ul>\n<li>\n<h4>Des partenaires solides<\/h4>\n<ul>\n<li>Nous sommes partenaire Microsoft Gold avec MSPN.<\/li>\n<\/ul>\n<\/li>\n<\/ul>\n<ul>\n<li>\n<h4>Facture<\/h4>\n<ul>\n<li>Vous recevrez dans les 24 heures une facture avec votre num\u00e9ro de TVA et votre num\u00e9ro de partenaire Microsoft.<\/li>\n<li>Toutes les licences sont v\u00e9rifi\u00e9es gr\u00e2ce \u00e0 l'utilisation de la technologie blockchain.<\/li>\n<\/ul>\n<\/li>\n<\/ul>\n<ul>\n<li>\n<h4>Garantie du produit<\/h4>\n<ul>\n<li>Activation en ligne garantie<\/li>\n<li>Garantie d'\u00e9change \u00e0 vie<\/li>\n<li>Contr\u00f4le de la qualit\u00e9 des cl\u00e9s de produit avant l'envoi<\/li>\n<\/ul>\n<\/li>\n<\/ul>\n<ul>\n<li>\n<h4>Transparence<\/h4>\n<p>Nous r\u00e9pondons \u00e0 toutes les exigences l\u00e9gales dans le cadre de nos obligations d'information.<\/p>\n<ul>\n<li>Lien vers <a href=\"https:\/\/consumer-redress.ec.europa.eu\/index_de\">Plate-forme de la Commission europ\u00e9enne pour le r\u00e8glement en ligne des litiges<\/a><\/li>\n<\/ul>\n<\/li>\n<\/ul>\n<ul>\n<li>\n<h4>Paiements rapides et s\u00e9curis\u00e9s<\/h4>\n<p>Vous pouvez payer en toute s\u00e9curit\u00e9 et rapidement avec ces services :<\/p>\n<ul>\n<li>Amazon Pay<\/li>\n<li>PayPal<\/li>\n<\/ul>\n<\/li>\n<\/ul>\n<ul>\n<li>\n<h4>T\u00e9l\u00e9charger le logiciel<\/h4>\n<ul>\n<li>T\u00e9l\u00e9chargement rapide et s\u00fbr depuis notre portail de t\u00e9l\u00e9chargement sans inscription<\/li>\n<li>Tous les programmes ont \u00e9t\u00e9 test\u00e9s contre les virus et les logiciels malveillants<\/li>\n<li>Notre portail de t\u00e9l\u00e9chargement est disponible en cinq langues<\/li>\n<\/ul>\n<\/li>\n<\/ul>\n<ul>\n<li>\n<h4>Notre service client - Nous sommes l\u00e0 pour vous aider !<\/h4>\n<ul>\n<li>joignable par e-mail 24h\/24 et 7j\/7<\/li>\n<li>Support client multilingue (allemand, anglais, fran\u00e7ais, italien, espagnol)<\/li>\n<\/ul>\n<\/li>\n<\/ul>\n<blockquote><p><strong><br \/>\nWin &amp; Office Wholesales ne vend pas seulement une cl\u00e9 de produit. Vous b\u00e9n\u00e9ficiez d'un service et d'une assistance complets lorsque vous achetez votre produit.<br \/>\n<\/strong><\/p><\/blockquote>","protected":false},"excerpt":{"rendered":"<p>Livraison rapide 24h\/24 Nous vous envoyons la cl\u00e9 de produit dans les 2 minutes suivant la r\u00e9ception de votre paiement. Vous recevrez un lien de t\u00e9l\u00e9chargement et un guide d'installation par e-mail. Le logiciel et les instructions sont disponibles en 5 langues (allemand, anglais, fran\u00e7ais, italien, espagnol). Des partenaires forts Nous sommes partenaire Microsoft Gold avec... <\/p>","protected":false},"author":1,"featured_media":0,"parent":0,"menu_order":0,"comment_status":"closed","ping_status":"closed","template":"","meta":{"_acf_changed":false,"footnotes":""},"class_list":["post-3410","page","type-page","status-publish","hentry"],"acf":[],"yoast_head":"<!-- This site is optimized with the Yoast SEO plugin v27.4 - https:\/\/yoast.com\/product\/yoast-seo-wordpress\/ -->\n<title>Leistungen - Win &amp; Office WS<\/title>\n<meta name=\"robots\" content=\"index, follow, max-snippet:-1, max-image-preview:large, max-video-preview:-1\" \/>\n<link rel=\"canonical\" href=\"https:\/\/winandofficews.com\/fr\/services\/\" \/>\n<meta property=\"og:locale\" content=\"fr_FR\" \/>\n<meta property=\"og:type\" content=\"article\" \/>\n<meta property=\"og:title\" content=\"Leistungen - Win &amp; Office WS\" \/>\n<meta property=\"og:description\" content=\"Schnelle Lieferung rund um die Uhr Wir senden Ihnen den Produktschl\u00fcssel innerhalb von 2 Minuten nach Zahlungseingang zu. Sie erhalten einen Download-Link und eine Installationsanleitung per E-Mail. Die Software und die Anleitung sind in 5 Sprachen verf\u00fcgbar (Deutsch, Englisch, Franz\u00f6sisch, Italienisch, Spanisch). Starke Partner Wir sind Microsoft Gold Partner mit&hellip;\" \/>\n<meta property=\"og:url\" content=\"https:\/\/winandofficews.com\/fr\/services\/\" \/>\n<meta property=\"og:site_name\" content=\"Win &amp; Office WS\" \/>\n<meta property=\"article:publisher\" content=\"https:\/\/www.facebook.com\/winandofficews\/\" \/>\n<meta property=\"article:modified_time\" content=\"2025-08-29T15:28:00+00:00\" \/>\n<meta name=\"twitter:card\" content=\"summary_large_image\" \/>\n<meta name=\"twitter:site\" content=\"@WINDOWSANDOFFI1\" \/>\n<meta name=\"twitter:label1\" content=\"Dur\u00e9e de lecture estim\u00e9e\" \/>\n\t<meta name=\"twitter:data1\" content=\"1 minute\" \/>\n<script type=\"application\/ld+json\" class=\"yoast-schema-graph\">{\"@context\":\"https:\\\/\\\/schema.org\",\"@graph\":[{\"@type\":\"WebPage\",\"@id\":\"https:\\\/\\\/winandofficews.com\\\/services\\\/\",\"url\":\"https:\\\/\\\/winandofficews.com\\\/services\\\/\",\"name\":\"Leistungen - Win &amp; Office WS\",\"isPartOf\":{\"@id\":\"https:\\\/\\\/winandofficews.com\\\/#website\"},\"datePublished\":\"2021-03-03T13:41:10+00:00\",\"dateModified\":\"2025-08-29T15:28:00+00:00\",\"breadcrumb\":{\"@id\":\"https:\\\/\\\/winandofficews.com\\\/services\\\/#breadcrumb\"},\"inLanguage\":\"fr-FR\",\"potentialAction\":[{\"@type\":\"ReadAction\",\"target\":[\"https:\\\/\\\/winandofficews.com\\\/services\\\/\"]}]},{\"@type\":\"BreadcrumbList\",\"@id\":\"https:\\\/\\\/winandofficews.com\\\/services\\\/#breadcrumb\",\"itemListElement\":[{\"@type\":\"ListItem\",\"position\":1,\"name\":\"Home\",\"item\":\"https:\\\/\\\/winandofficews.com\\\/\"},{\"@type\":\"ListItem\",\"position\":2,\"name\":\"Services\"}]},{\"@type\":\"WebSite\",\"@id\":\"https:\\\/\\\/winandofficews.com\\\/#website\",\"url\":\"https:\\\/\\\/winandofficews.com\\\/\",\"name\":\"Win & Office WS\",\"description\":\"Wholesales Store of Office\",\"publisher\":{\"@id\":\"https:\\\/\\\/winandofficews.com\\\/#organization\"},\"potentialAction\":[{\"@type\":\"SearchAction\",\"target\":{\"@type\":\"EntryPoint\",\"urlTemplate\":\"https:\\\/\\\/winandofficews.com\\\/?s={search_term_string}\"},\"query-input\":{\"@type\":\"PropertyValueSpecification\",\"valueRequired\":true,\"valueName\":\"search_term_string\"}}],\"inLanguage\":\"fr-FR\"},{\"@type\":\"Organization\",\"@id\":\"https:\\\/\\\/winandofficews.com\\\/#organization\",\"name\":\"Win & Office WS\",\"url\":\"https:\\\/\\\/winandofficews.com\\\/\",\"logo\":{\"@type\":\"ImageObject\",\"inLanguage\":\"fr-FR\",\"@id\":\"https:\\\/\\\/winandofficews.com\\\/#\\\/schema\\\/logo\\\/image\\\/\",\"url\":\"https:\\\/\\\/winandofficews.com\\\/wp-content\\\/uploads\\\/logo14.png\",\"contentUrl\":\"https:\\\/\\\/winandofficews.com\\\/wp-content\\\/uploads\\\/logo14.png\",\"width\":322,\"height\":116,\"caption\":\"Win & Office WS\"},\"image\":{\"@id\":\"https:\\\/\\\/winandofficews.com\\\/#\\\/schema\\\/logo\\\/image\\\/\"},\"sameAs\":[\"https:\\\/\\\/www.facebook.com\\\/winandofficews\\\/\",\"https:\\\/\\\/x.com\\\/WINDOWSANDOFFI1\",\"https:\\\/\\\/www.instagram.com\\\/winandoffice.ws\\\/\",\"https:\\\/\\\/de.pinterest.com\\\/winandofficews_official\\\/\",\"https:\\\/\\\/www.tiktok.com\\\/@winandofficews\",\"https:\\\/\\\/www.youtube.com\\\/channel\\\/UCPI87ZZIvl272mOtG5sL8Cg\",\"https:\\\/\\\/de.trustpilot.com\\\/review\\\/winandofficews.com\",\"https:\\\/\\\/www.trustami.com\\\/review\\\/win-and-office-wholesales-rating\"]}]}<\/script>\n<!-- \/ Yoast SEO plugin. -->","yoast_head_json":{"title":"Prestations - Win &amp; Office WS","robots":{"index":"index","follow":"follow","max-snippet":"max-snippet:-1","max-image-preview":"max-image-preview:large","max-video-preview":"max-video-preview:-1"},"canonical":"https:\/\/winandofficews.com\/fr\/services\/","og_locale":"fr_FR","og_type":"article","og_title":"Leistungen - Win &amp; Office WS","og_description":"Schnelle Lieferung rund um die Uhr Wir senden Ihnen den Produktschl\u00fcssel innerhalb von 2 Minuten nach Zahlungseingang zu. Sie erhalten einen Download-Link und eine Installationsanleitung per E-Mail. Die Software und die Anleitung sind in 5 Sprachen verf\u00fcgbar (Deutsch, Englisch, Franz\u00f6sisch, Italienisch, Spanisch). Starke Partner Wir sind Microsoft Gold Partner mit&hellip;","og_url":"https:\/\/winandofficews.com\/fr\/services\/","og_site_name":"Win &amp; Office WS","article_publisher":"https:\/\/www.facebook.com\/winandofficews\/","article_modified_time":"2025-08-29T15:28:00+00:00","twitter_card":"summary_large_image","twitter_site":"@WINDOWSANDOFFI1","twitter_misc":{"Dur\u00e9e de lecture estim\u00e9e":"1 minute"},"schema":{"@context":"https:\/\/schema.org","@graph":[{"@type":"WebPage","@id":"https:\/\/winandofficews.com\/services\/","url":"https:\/\/winandofficews.com\/services\/","name":"Prestations - Win &amp; Office WS","isPartOf":{"@id":"https:\/\/winandofficews.com\/#website"},"datePublished":"2021-03-03T13:41:10+00:00","dateModified":"2025-08-29T15:28:00+00:00","breadcrumb":{"@id":"https:\/\/winandofficews.com\/services\/#breadcrumb"},"inLanguage":"fr-FR","potentialAction":[{"@type":"ReadAction","target":["https:\/\/winandofficews.com\/services\/"]}]},{"@type":"BreadcrumbList","@id":"https:\/\/winandofficews.com\/services\/#breadcrumb","itemListElement":[{"@type":"ListItem","position":1,"name":"Home","item":"https:\/\/winandofficews.com\/"},{"@type":"ListItem","position":2,"name":"Services"}]},{"@type":"WebSite","@id":"https:\/\/winandofficews.com\/#website","url":"https:\/\/winandofficews.com\/","name":"Win &amp; Office WS","description":"Magasin de gros de Office","publisher":{"@id":"https:\/\/winandofficews.com\/#organization"},"potentialAction":[{"@type":"SearchAction","target":{"@type":"EntryPoint","urlTemplate":"https:\/\/winandofficews.com\/?s={search_term_string}"},"query-input":{"@type":"PropertyValueSpecification","valueRequired":true,"valueName":"search_term_string"}}],"inLanguage":"fr-FR"},{"@type":"Organization","@id":"https:\/\/winandofficews.com\/#organization","name":"Win &amp; Office WS","url":"https:\/\/winandofficews.com\/","logo":{"@type":"ImageObject","inLanguage":"fr-FR","@id":"https:\/\/winandofficews.com\/#\/schema\/logo\/image\/","url":"https:\/\/winandofficews.com\/wp-content\/uploads\/logo14.png","contentUrl":"https:\/\/winandofficews.com\/wp-content\/uploads\/logo14.png","width":322,"height":116,"caption":"Win & Office WS"},"image":{"@id":"https:\/\/winandofficews.com\/#\/schema\/logo\/image\/"},"sameAs":["https:\/\/www.facebook.com\/winandofficews\/","https:\/\/x.com\/WINDOWSANDOFFI1","https:\/\/www.instagram.com\/winandoffice.ws\/","https:\/\/de.pinterest.com\/winandofficews_official\/","https:\/\/www.tiktok.com\/@winandofficews","https:\/\/www.youtube.com\/channel\/UCPI87ZZIvl272mOtG5sL8Cg","https:\/\/de.trustpilot.com\/review\/winandofficews.com","https:\/\/www.trustami.com\/review\/win-and-office-wholesales-rating"]}]}},"_links":{"self":[{"href":"https:\/\/winandofficews.com\/fr\/wp-json\/wp\/v2\/pages\/3410","targetHints":{"allow":["GET"]}}],"collection":[{"href":"https:\/\/winandofficews.com\/fr\/wp-json\/wp\/v2\/pages"}],"about":[{"href":"https:\/\/winandofficews.com\/fr\/wp-json\/wp\/v2\/types\/page"}],"author":[{"embeddable":true,"href":"https:\/\/winandofficews.com\/fr\/wp-json\/wp\/v2\/users\/1"}],"replies":[{"embeddable":true,"href":"https:\/\/winandofficews.com\/fr\/wp-json\/wp\/v2\/comments?post=3410"}],"version-history":[{"count":0,"href":"https:\/\/winandofficews.com\/fr\/wp-json\/wp\/v2\/pages\/3410\/revisions"}],"wp:attachment":[{"href":"https:\/\/winandofficews.com\/fr\/wp-json\/wp\/v2\/media?parent=3410"}],"curies":[{"name":"wp","href":"https:\/\/api.w.org\/{rel}","templated":true}]}}