{"id":8103,"date":"2024-11-24T11:28:22","date_gmt":"2024-11-24T10:28:22","guid":{"rendered":"https:\/\/winandofficews.com\/?post_type=product&#038;p=8103"},"modified":"2026-04-03T11:48:47","modified_gmt":"2026-04-03T09:48:47","slug":"microsoft-office-2021-professional-plus-microsoft-visio-2024-professional-license-for-3-devices","status":"publish","type":"product","link":"https:\/\/winandofficews.com\/es\/product\/microsoft-office-2021-professional-plus-microsoft-visio-2024-professional-license-for-3-devices\/","title":{"rendered":"Microsoft Office 2021 Professional Plus + Microsoft Visio 2024 Licencia Professional para 3 PCs"},"content":{"rendered":"<h3>Microsoft Windows 10 Licencia profesional para 3 PCs<\/h3>\n<p><strong>Mit dieser Lizenz kann die Software auf 3 verschiedenen Ger\u00e4ten aktiviert werden, z.B. Heim-PC, Notebook und Arbeits-PC.<\/strong><\/p>\n<p>Mit Microsoft Windows 10 Professional haben Sie ein zuverl\u00e4ssiges Betriebssystem auf Ihrem Ger\u00e4t. Sie profitieren von schnelleren Systemstarts, einem vertrauten, jedoch verbesserten Startmen\u00fc und neuen M\u00f6glichkeiten, um Dinge schnell zu erledigen.<\/p>\n<p>Sie erhalten au\u00dferdem neue Features wie einen brandneuen Browser, um im Web noch besser unterwegs zu sein, und Ihre pers\u00f6nliche digitale Assistentin Cortana. Cortana ist Ihre pers\u00f6nliche digitale Assistentin, die Ihnen auf allen Ihren Microsoft Windows 10-Ger\u00e4ten folgt und Ihnen hilft, Dinge zu erledigen.<\/p>\n<p>Cortana lernt mit der Zeit immer mehr \u00fcber Sie und kann Sie jeden Tag besser unterst\u00fctzen. Microsoft Windows 10 Professional unterst\u00fctzt Sie optimal bei allem, was Sie tun.<\/p>\n<h3>Microsoft Project 2024 Licencia profesional para 3 PCs<\/h3>\n<p><strong>Mit dieser Lizenz kann die Software auf 3 verschiedenen Ger\u00e4ten aktiviert werden, z.B. Heim-PC, Notebook und Arbeits-PC.<\/strong><\/p>\n<p>Microsoft Project 2024 bietet neue Funktionen und Verbesserungen, die Teams dabei helfen, ihre Arbeit noch effektiver zu organisieren, Aufgaben zu verwalten sowie Budgets und Ressourcen zu verwalten. Diese neue Version bietet wichtige Neuerungen, von denen sowohl Anf\u00e4nger als auch Profis profitieren, die an Projekten beliebiger Komplexit\u00e4t arbeiten:<\/p>\n<ul>\n<li>Nueva interfaz de usuario, m\u00e1s intuitiva y personalizable, y navegaci\u00f3n mejorada con visualizaci\u00f3n flexible de los datos.<\/li>\n<li>Las plantillas listas para usar le ayudar\u00e1n a empezar su proyecto en un abrir y cerrar de ojos.<\/li>\n<li>Sincronizaci\u00f3n con Project Online y Project Server para integraci\u00f3n y gesti\u00f3n de recursos<\/li>\n<li>Los escenarios hipot\u00e9ticos ayudan a optimizar la asignaci\u00f3n de tareas mediante simulaciones.<\/li>\n<li>Mejore su planificaci\u00f3n rellenando autom\u00e1ticamente las fechas de inicio y fin en funci\u00f3n de las dependencias.<\/li>\n<li>Utilice m\u00faltiples l\u00edneas de tiempo para una representaci\u00f3n visual clara de calendarios complejos<\/li>\n<li>Nuevas funciones de visualizaci\u00f3n y an\u00e1lisis de datos, cambio sencillo entre distintos tipos de presentaci\u00f3n de la informaci\u00f3n, incluidos los tableros Kanban y Scrum.<\/li>\n<li>Unterst\u00fctzung f\u00fcr Agile-, Scrum-, Waterfall- sowie hybride Ans\u00e4tze, sodass Benutzer Elemente verschiedener Methoden kombinieren k\u00f6nnen<\/li>\n<\/ul>\n<p><strong>Apoyo:<\/strong><\/p>\n<p>Bei Fragen z\u00f6gern Sie bitte nicht, uns per <a href=\"mailto:contact@winandofficews.com\">E-Mail<\/a> para ponerse en contacto con nosotros. Nuestro servicio de atenci\u00f3n al cliente est\u00e1 disponible 7 d\u00edas a la semana, 24 horas al d\u00eda.<\/p>","protected":false},"excerpt":{"rendered":"<ul>\n<li>Microsoft Office 2021 Professional Plus Lizenz f\u00fcr 3 PC<\/li>\n<li>Microsoft Visio 2024 Professional Lizenz f\u00fcr 3 PC<\/li>\n<li><strong>Mit dieser Lizenz kann die Software auf 3 verschiedenen Ger\u00e4ten aktiviert werden<\/strong>, z.B. Heim-PC, Notebook und Arbeits-PC<\/li>\n<li><strong>30 Tage volle R\u00fcckerstattung &#8211; Lebenslange Ersatzgarantie!!!<\/strong><\/li>\n<li>Version f\u00fcr 64-Bit Systeme<\/li>\n<li>Env\u00edo por correo electr\u00f3nico: Clave del producto, instrucciones, enlaces de descarga, factura<\/li>\n<li>Descarga inmediata<\/li>\n<li>Sin l\u00edmite de tiempo, sin suscripci\u00f3n<\/li>\n<li>Asistencia gratuita para la instalaci\u00f3n y activaci\u00f3n<\/li>\n<li>No entrega en soportes de datos (USB, CD, etc.)<\/li>\n<li>Activaci\u00f3n en l\u00ednea y por tel\u00e9fono<\/li>\n<li>F\u00fcr Microsoft Windows<\/li>\n<li><strong>Este producto es compatible con Windows.<\/strong><\/li>\n<li><strong>NO compatible con Apple macOS\u2122, procesadores Apple, Parallels para Mac, dispositivos Android y Chromebooks.<\/strong><\/li>\n<\/ul>","protected":false},"featured_media":8104,"comment_status":"open","ping_status":"closed","template":"","meta":{"_acf_changed":false},"product_brand":[],"product_cat":[155,158,156,266],"product_tag":[],"class_list":{"0":"post-8103","1":"product","2":"type-product","3":"status-publish","4":"has-post-thumbnail","6":"product_cat-microsoft-office","7":"product_cat-microsoft-windows","8":"product_cat-popular","9":"product_cat-visio","11":"first","12":"instock","13":"sale","14":"featured","15":"virtual","16":"taxable","17":"purchasable","18":"product-type-simple"},"acf":[],"yoast_head":"<!-- This site is optimized with the Yoast SEO plugin v27.3 - https:\/\/yoast.com\/product\/yoast-seo-wordpress\/ -->\n<title>Microsoft Office 2021 Professional Plus + Microsoft Visio 2024 Professional Lizenz f\u00fcr 3 PC - Win &amp; Office WS<\/title>\n<meta name=\"robots\" content=\"index, follow, max-snippet:-1, max-image-preview:large, max-video-preview:-1\" \/>\n<link rel=\"canonical\" href=\"https:\/\/winandofficews.com\/es\/product\/microsoft-office-2021-professional-plus-microsoft-visio-2024-professional-license-for-3-devices\/\" \/>\n<meta property=\"og:locale\" content=\"es_ES\" \/>\n<meta property=\"og:type\" content=\"article\" \/>\n<meta property=\"og:title\" content=\"Microsoft Office 2021 Professional Plus + Microsoft Visio 2024 Professional Lizenz f\u00fcr 3 PC - Win &amp; Office WS\" \/>\n<meta property=\"og:description\" content=\"Microsoft Office 2021 Professional Plus Lizenz f\u00fcr 3 PC  Microsoft Visio 2024 Professional Lizenz f\u00fcr 3 PC  Mit dieser Lizenz kann die Software auf 3 verschiedenen Ger\u00e4ten aktiviert werden, z.B. Heim-PC, Notebook und Arbeits-PC  30 Tage volle R\u00fcckerstattung - Lebenslange Ersatzgarantie!!!  Version f\u00fcr 64-Bit Systeme  Versand per E-Mail: Produktschl\u00fcssel, Anleitung, Downloadlinks, Rechnung  Sofort-Download!  Keine zeitliche Begrenzung, kein Abo  Gratis Support bei der Installation und Aktivierung  Keine Lieferung auf Datentr\u00e4ger (USB, CD, usw.)  Aktivierung online und per Telefon  F\u00fcr Microsoft Windows  Dieses Produkt ist mit Windows kompatibel.  NICHT kompatibel mit Apple macOS\u2122, Apple-Prozessoren, Parallels f\u00fcr Mac, Android-Ger\u00e4ten und Chromebooks.\" \/>\n<meta property=\"og:url\" content=\"https:\/\/winandofficews.com\/es\/product\/microsoft-office-2021-professional-plus-microsoft-visio-2024-professional-license-for-3-devices\/\" \/>\n<meta property=\"og:site_name\" content=\"Win &amp; Office WS\" \/>\n<meta property=\"article:publisher\" content=\"https:\/\/www.facebook.com\/winandofficews\/\" \/>\n<meta property=\"article:modified_time\" content=\"2026-04-03T09:48:47+00:00\" \/>\n<meta property=\"og:image\" content=\"https:\/\/winandofficews.com\/wp-content\/uploads\/O21PV24P.png\" \/>\n\t<meta property=\"og:image:width\" content=\"600\" \/>\n\t<meta property=\"og:image:height\" content=\"600\" \/>\n\t<meta property=\"og:image:type\" content=\"image\/png\" \/>\n<meta name=\"twitter:card\" content=\"summary_large_image\" \/>\n<meta name=\"twitter:site\" content=\"@WINDOWSANDOFFI1\" \/>\n<meta name=\"twitter:label1\" content=\"Tiempo de lectura\" \/>\n\t<meta name=\"twitter:data1\" content=\"3 minutos\" \/>\n<script type=\"application\/ld+json\" class=\"yoast-schema-graph\">{\"@context\":\"https:\\\/\\\/schema.org\",\"@graph\":[{\"@type\":\"WebPage\",\"@id\":\"https:\\\/\\\/winandofficews.com\\\/product\\\/microsoft-office-2021-professional-plus-microsoft-visio-2024-professional-license-for-3-devices\\\/\",\"url\":\"https:\\\/\\\/winandofficews.com\\\/product\\\/microsoft-office-2021-professional-plus-microsoft-visio-2024-professional-license-for-3-devices\\\/\",\"name\":\"Microsoft Office 2021 Professional Plus + Microsoft Visio 2024 Professional Lizenz f\u00fcr 3 PC - Win &amp; Office WS\",\"isPartOf\":{\"@id\":\"https:\\\/\\\/winandofficews.com\\\/#website\"},\"primaryImageOfPage\":{\"@id\":\"https:\\\/\\\/winandofficews.com\\\/product\\\/microsoft-office-2021-professional-plus-microsoft-visio-2024-professional-license-for-3-devices\\\/#primaryimage\"},\"image\":{\"@id\":\"https:\\\/\\\/winandofficews.com\\\/product\\\/microsoft-office-2021-professional-plus-microsoft-visio-2024-professional-license-for-3-devices\\\/#primaryimage\"},\"thumbnailUrl\":\"https:\\\/\\\/winandofficews.com\\\/wp-content\\\/uploads\\\/O21PV24P.png\",\"datePublished\":\"2024-11-24T10:28:22+00:00\",\"dateModified\":\"2026-04-03T09:48:47+00:00\",\"breadcrumb\":{\"@id\":\"https:\\\/\\\/winandofficews.com\\\/product\\\/microsoft-office-2021-professional-plus-microsoft-visio-2024-professional-license-for-3-devices\\\/#breadcrumb\"},\"inLanguage\":\"es\",\"potentialAction\":[{\"@type\":\"ReadAction\",\"target\":[\"https:\\\/\\\/winandofficews.com\\\/product\\\/microsoft-office-2021-professional-plus-microsoft-visio-2024-professional-license-for-3-devices\\\/\"]}]},{\"@type\":\"ImageObject\",\"inLanguage\":\"es\",\"@id\":\"https:\\\/\\\/winandofficews.com\\\/product\\\/microsoft-office-2021-professional-plus-microsoft-visio-2024-professional-license-for-3-devices\\\/#primaryimage\",\"url\":\"https:\\\/\\\/winandofficews.com\\\/wp-content\\\/uploads\\\/O21PV24P.png\",\"contentUrl\":\"https:\\\/\\\/winandofficews.com\\\/wp-content\\\/uploads\\\/O21PV24P.png\",\"width\":600,\"height\":600},{\"@type\":\"BreadcrumbList\",\"@id\":\"https:\\\/\\\/winandofficews.com\\\/product\\\/microsoft-office-2021-professional-plus-microsoft-visio-2024-professional-license-for-3-devices\\\/#breadcrumb\",\"itemListElement\":[{\"@type\":\"ListItem\",\"position\":1,\"name\":\"Home\",\"item\":\"https:\\\/\\\/winandofficews.com\\\/\"},{\"@type\":\"ListItem\",\"position\":2,\"name\":\"Shop\",\"item\":\"https:\\\/\\\/winandofficews.com\\\/shop\\\/\"},{\"@type\":\"ListItem\",\"position\":3,\"name\":\"Microsoft Office 2021 Professional Plus + Microsoft Visio 2024 Professional Lizenz f\u00fcr 3 PC\"}]},{\"@type\":\"WebSite\",\"@id\":\"https:\\\/\\\/winandofficews.com\\\/#website\",\"url\":\"https:\\\/\\\/winandofficews.com\\\/\",\"name\":\"Win & Office WS\",\"description\":\"Wholesales Store of Office\",\"publisher\":{\"@id\":\"https:\\\/\\\/winandofficews.com\\\/#organization\"},\"potentialAction\":[{\"@type\":\"SearchAction\",\"target\":{\"@type\":\"EntryPoint\",\"urlTemplate\":\"https:\\\/\\\/winandofficews.com\\\/?s={search_term_string}\"},\"query-input\":{\"@type\":\"PropertyValueSpecification\",\"valueRequired\":true,\"valueName\":\"search_term_string\"}}],\"inLanguage\":\"es\"},{\"@type\":\"Organization\",\"@id\":\"https:\\\/\\\/winandofficews.com\\\/#organization\",\"name\":\"Win & Office WS\",\"url\":\"https:\\\/\\\/winandofficews.com\\\/\",\"logo\":{\"@type\":\"ImageObject\",\"inLanguage\":\"es\",\"@id\":\"https:\\\/\\\/winandofficews.com\\\/#\\\/schema\\\/logo\\\/image\\\/\",\"url\":\"https:\\\/\\\/winandofficews.com\\\/wp-content\\\/uploads\\\/logo14.png\",\"contentUrl\":\"https:\\\/\\\/winandofficews.com\\\/wp-content\\\/uploads\\\/logo14.png\",\"width\":322,\"height\":116,\"caption\":\"Win & Office WS\"},\"image\":{\"@id\":\"https:\\\/\\\/winandofficews.com\\\/#\\\/schema\\\/logo\\\/image\\\/\"},\"sameAs\":[\"https:\\\/\\\/www.facebook.com\\\/winandofficews\\\/\",\"https:\\\/\\\/x.com\\\/WINDOWSANDOFFI1\",\"https:\\\/\\\/www.instagram.com\\\/winandoffice.ws\\\/\",\"https:\\\/\\\/de.pinterest.com\\\/winandofficews_official\\\/\",\"https:\\\/\\\/www.tiktok.com\\\/@winandofficews\",\"https:\\\/\\\/www.youtube.com\\\/channel\\\/UCPI87ZZIvl272mOtG5sL8Cg\",\"https:\\\/\\\/de.trustpilot.com\\\/review\\\/winandofficews.com\",\"https:\\\/\\\/www.trustami.com\\\/review\\\/win-and-office-wholesales-rating\"]}]}<\/script>\n<!-- \/ Yoast SEO plugin. -->","yoast_head_json":{"title":"Microsoft Office 2021 Professional Plus + Microsoft Visio 2024 Professional Lizenz f\u00fcr 3 PC - Win &amp; Office WS","robots":{"index":"index","follow":"follow","max-snippet":"max-snippet:-1","max-image-preview":"max-image-preview:large","max-video-preview":"max-video-preview:-1"},"canonical":"https:\/\/winandofficews.com\/es\/product\/microsoft-office-2021-professional-plus-microsoft-visio-2024-professional-license-for-3-devices\/","og_locale":"es_ES","og_type":"article","og_title":"Microsoft Office 2021 Professional Plus + Microsoft Visio 2024 Professional Lizenz f\u00fcr 3 PC - Win &amp; Office WS","og_description":"Microsoft Office 2021 Professional Plus Lizenz f\u00fcr 3 PC  Microsoft Visio 2024 Professional Lizenz f\u00fcr 3 PC  Mit dieser Lizenz kann die Software auf 3 verschiedenen Ger\u00e4ten aktiviert werden, z.B. Heim-PC, Notebook und Arbeits-PC  30 Tage volle R\u00fcckerstattung - Lebenslange Ersatzgarantie!!!  Version f\u00fcr 64-Bit Systeme  Versand per E-Mail: Produktschl\u00fcssel, Anleitung, Downloadlinks, Rechnung  Sofort-Download!  Keine zeitliche Begrenzung, kein Abo  Gratis Support bei der Installation und Aktivierung  Keine Lieferung auf Datentr\u00e4ger (USB, CD, usw.)  Aktivierung online und per Telefon  F\u00fcr Microsoft Windows  Dieses Produkt ist mit Windows kompatibel.  NICHT kompatibel mit Apple macOS\u2122, Apple-Prozessoren, Parallels f\u00fcr Mac, Android-Ger\u00e4ten und Chromebooks.","og_url":"https:\/\/winandofficews.com\/es\/product\/microsoft-office-2021-professional-plus-microsoft-visio-2024-professional-license-for-3-devices\/","og_site_name":"Win &amp; Office WS","article_publisher":"https:\/\/www.facebook.com\/winandofficews\/","article_modified_time":"2026-04-03T09:48:47+00:00","og_image":[{"width":600,"height":600,"url":"https:\/\/winandofficews.com\/wp-content\/uploads\/O21PV24P.png","type":"image\/png"}],"twitter_card":"summary_large_image","twitter_site":"@WINDOWSANDOFFI1","twitter_misc":{"Tiempo de lectura":"3 minutos"},"schema":{"@context":"https:\/\/schema.org","@graph":[{"@type":"WebPage","@id":"https:\/\/winandofficews.com\/product\/microsoft-office-2021-professional-plus-microsoft-visio-2024-professional-license-for-3-devices\/","url":"https:\/\/winandofficews.com\/product\/microsoft-office-2021-professional-plus-microsoft-visio-2024-professional-license-for-3-devices\/","name":"Microsoft Office 2021 Professional Plus + Microsoft Visio 2024 Professional Lizenz f\u00fcr 3 PC - Win &amp; Office WS","isPartOf":{"@id":"https:\/\/winandofficews.com\/#website"},"primaryImageOfPage":{"@id":"https:\/\/winandofficews.com\/product\/microsoft-office-2021-professional-plus-microsoft-visio-2024-professional-license-for-3-devices\/#primaryimage"},"image":{"@id":"https:\/\/winandofficews.com\/product\/microsoft-office-2021-professional-plus-microsoft-visio-2024-professional-license-for-3-devices\/#primaryimage"},"thumbnailUrl":"https:\/\/winandofficews.com\/wp-content\/uploads\/O21PV24P.png","datePublished":"2024-11-24T10:28:22+00:00","dateModified":"2026-04-03T09:48:47+00:00","breadcrumb":{"@id":"https:\/\/winandofficews.com\/product\/microsoft-office-2021-professional-plus-microsoft-visio-2024-professional-license-for-3-devices\/#breadcrumb"},"inLanguage":"es","potentialAction":[{"@type":"ReadAction","target":["https:\/\/winandofficews.com\/product\/microsoft-office-2021-professional-plus-microsoft-visio-2024-professional-license-for-3-devices\/"]}]},{"@type":"ImageObject","inLanguage":"es","@id":"https:\/\/winandofficews.com\/product\/microsoft-office-2021-professional-plus-microsoft-visio-2024-professional-license-for-3-devices\/#primaryimage","url":"https:\/\/winandofficews.com\/wp-content\/uploads\/O21PV24P.png","contentUrl":"https:\/\/winandofficews.com\/wp-content\/uploads\/O21PV24P.png","width":600,"height":600},{"@type":"BreadcrumbList","@id":"https:\/\/winandofficews.com\/product\/microsoft-office-2021-professional-plus-microsoft-visio-2024-professional-license-for-3-devices\/#breadcrumb","itemListElement":[{"@type":"ListItem","position":1,"name":"Home","item":"https:\/\/winandofficews.com\/"},{"@type":"ListItem","position":2,"name":"Shop","item":"https:\/\/winandofficews.com\/shop\/"},{"@type":"ListItem","position":3,"name":"Microsoft Office 2021 Professional Plus + Microsoft Visio 2024 Professional Lizenz f\u00fcr 3 PC"}]},{"@type":"WebSite","@id":"https:\/\/winandofficews.com\/#website","url":"https:\/\/winandofficews.com\/","name":"Win & Office WS","description":"Wholesales Store of Office","publisher":{"@id":"https:\/\/winandofficews.com\/#organization"},"potentialAction":[{"@type":"SearchAction","target":{"@type":"EntryPoint","urlTemplate":"https:\/\/winandofficews.com\/?s={search_term_string}"},"query-input":{"@type":"PropertyValueSpecification","valueRequired":true,"valueName":"search_term_string"}}],"inLanguage":"es"},{"@type":"Organization","@id":"https:\/\/winandofficews.com\/#organization","name":"Win & Office WS","url":"https:\/\/winandofficews.com\/","logo":{"@type":"ImageObject","inLanguage":"es","@id":"https:\/\/winandofficews.com\/#\/schema\/logo\/image\/","url":"https:\/\/winandofficews.com\/wp-content\/uploads\/logo14.png","contentUrl":"https:\/\/winandofficews.com\/wp-content\/uploads\/logo14.png","width":322,"height":116,"caption":"Win & Office WS"},"image":{"@id":"https:\/\/winandofficews.com\/#\/schema\/logo\/image\/"},"sameAs":["https:\/\/www.facebook.com\/winandofficews\/","https:\/\/x.com\/WINDOWSANDOFFI1","https:\/\/www.instagram.com\/winandoffice.ws\/","https:\/\/de.pinterest.com\/winandofficews_official\/","https:\/\/www.tiktok.com\/@winandofficews","https:\/\/www.youtube.com\/channel\/UCPI87ZZIvl272mOtG5sL8Cg","https:\/\/de.trustpilot.com\/review\/winandofficews.com","https:\/\/www.trustami.com\/review\/win-and-office-wholesales-rating"]}]}},"_links":{"self":[{"href":"https:\/\/winandofficews.com\/es\/wp-json\/wp\/v2\/product\/8103","targetHints":{"allow":["GET"]}}],"collection":[{"href":"https:\/\/winandofficews.com\/es\/wp-json\/wp\/v2\/product"}],"about":[{"href":"https:\/\/winandofficews.com\/es\/wp-json\/wp\/v2\/types\/product"}],"replies":[{"embeddable":true,"href":"https:\/\/winandofficews.com\/es\/wp-json\/wp\/v2\/comments?post=8103"}],"wp:featuredmedia":[{"embeddable":true,"href":"https:\/\/winandofficews.com\/es\/wp-json\/wp\/v2\/media\/8104"}],"wp:attachment":[{"href":"https:\/\/winandofficews.com\/es\/wp-json\/wp\/v2\/media?parent=8103"}],"wp:term":[{"taxonomy":"product_brand","embeddable":true,"href":"https:\/\/winandofficews.com\/es\/wp-json\/wp\/v2\/product_brand?post=8103"},{"taxonomy":"product_cat","embeddable":true,"href":"https:\/\/winandofficews.com\/es\/wp-json\/wp\/v2\/product_cat?post=8103"},{"taxonomy":"product_tag","embeddable":true,"href":"https:\/\/winandofficews.com\/es\/wp-json\/wp\/v2\/product_tag?post=8103"}],"curies":[{"name":"wp","href":"https:\/\/api.w.org\/{rel}","templated":true}]}}