{"id":8072,"date":"2024-11-24T11:27:07","date_gmt":"2024-11-24T10:27:07","guid":{"rendered":"https:\/\/winandofficews.com\/?post_type=product&#038;p=8072"},"modified":"2026-04-03T11:48:31","modified_gmt":"2026-04-03T09:48:31","slug":"microsoft-office-2016-professional-plus-license-for-3-devices","status":"publish","type":"product","link":"https:\/\/winandofficews.com\/es\/product\/microsoft-office-2016-professional-plus-license-for-3-devices\/","title":{"rendered":"Microsoft Office 2016 Professional Plus licencia para 3 PC"},"content":{"rendered":"<p>Con los programas que contiene, Microsoft Office 2016 Professional Plus cumple todos los requisitos de un software ofim\u00e1tico completo. Tanto si desea crear cartas modelo, analizar cifras comerciales, dise\u00f1ar presentaciones, crear bases de datos o gestionar sus correos electr\u00f3nicos, con las aplicaciones Microsoft Office podr\u00e1 completar sus proyectos profesionales y privados en un abrir y cerrar de ojos.<\/p>\n<h3>\u00bfQu\u00e9 programas incluye Microsoft Office 2016 Professional Plus?<\/h3>\n<ul>\n<li><strong>Word 2016<\/strong> - para crear y editar tus textos y documentos<\/li>\n<li><strong>Excel 2016<\/strong> - para editar registros de datos en forma tabular<\/li>\n<li><strong>PowerPoint 2016<\/strong> - para crear presentaciones cautivadoras<\/li>\n<li><strong>Perspectivas 2016<\/strong> - para gestionar correos electr\u00f3nicos, contactos, citas y tareas<\/li>\n<li><strong>OneNote 2016<\/strong> - para crear y gestionar sus notas<\/li>\n<li><strong>Editorial 2016<\/strong> - para la creaci\u00f3n sencilla de publicaciones de aspecto profesional<\/li>\n<li><strong>Acceso 2016<\/strong> - para la creaci\u00f3n de bases de datos con acceso a Internet<\/li>\n<li><strong>Skype para empresas<\/strong> - para una mayor productividad mediante mensajer\u00eda instant\u00e1nea y comunicaci\u00f3n sencilla<\/li>\n<\/ul>\n<h3>Nuevas funciones en Microsoft Office 2016 Professional Plus<\/h3>\n<ul>\n<li>\u201eInsights\u201c te permite buscar informaci\u00f3n relevante directamente desde el documento editado e integra el motor de b\u00fasqueda de Bing en tu entorno de trabajo.<\/li>\n<li>El asistente \u201eDime\u201c le permite encontrar m\u00e1s r\u00e1pidamente las funciones del programa.<\/li>\n<li>La funci\u00f3n de autorrelleno de Excel reconoce patrones y completa autom\u00e1ticamente las series de datos. Las tendencias y evoluciones futuras pueden preverse f\u00e1cilmente.<\/li>\n<li>La opci\u00f3n \u201ePhoto Print\u201c integrada en Publisher acorta el tiempo de procesamiento y garantiza una impresi\u00f3n profesional.<\/li>\n<li>Ahora las presentaciones de PowerPoint pueden compartirse en l\u00ednea. No es necesario instalar PowerPoint para reproducirlas, por ejemplo, en las instalaciones del cliente.<\/li>\n<li>El modo nocturno le permite trabajar sin cansar la vista.<\/li>\n<li>El servicio en la nube OneDrive ofrece 5 GB de espacio de almacenamiento gratuito para una colaboraci\u00f3n y un trabajo en equipo sencillos y eficaces.<\/li>\n<\/ul>\n<p>La versi\u00f3n revisada del popular programa ofim\u00e1tico viene con varias funciones nuevas que le proporcionar\u00e1n una excelente ayuda en su trabajo diario. La funci\u00f3n \u201eInsights\u201c te permite buscar informaci\u00f3n que puedas utilizar para tus fines directamente desde documentos en Internet a trav\u00e9s de Bing. Inserta los resultados directamente en tus documentos y consigue resultados a\u00fan mejores.<\/p>\n<p>Si no encuentra la funci\u00f3n deseada o necesita ayuda para manejarla, tiene a su disposici\u00f3n el asistente de b\u00fasqueda \u201eTell Me\u201c. Con su ayuda, se pueden encontrar r\u00e1pidamente funciones individuales dentro de los programas. Adem\u00e1s, la nueva cinta le permite tener siempre a mano todas las funciones importantes. La navegaci\u00f3n intuitiva dentro de los programas est\u00e1 garantizada en Microsoft Office Professional Plus 2016. El enlace a OneDrive le permite trabajar de forma flexible y compartir contenidos f\u00e1cilmente con sus compa\u00f1eros.<\/p>\n<p>Skype for Business integrado en Microsoft Office Pro Plus 2016 mejora la comunicaci\u00f3n en su empresa. Mant\u00e9ngase en contacto permanente con sus empleados y compa\u00f1eros. Gracias a Microsoft Office 2016 Professional Plus, podr\u00e1 utilizar nuevas posibilidades de telefon\u00eda IP, mensajer\u00eda instant\u00e1nea y videoconferencia.<\/p>\n<p>Con unos pocos clics, puedes intercambiar informaci\u00f3n, responder a preguntas sobre proyectos y celebrar reuniones virtuales. Gracias al intercambio de datos a trav\u00e9s de OneDrive, ser\u00e1s m\u00e1s flexible que nunca. El trabajo colaborativo, independientemente de la ubicaci\u00f3n, permite que sus proyectos avancen de forma constante. Garantice una mayor productividad en su empresa con Microsoft Office Professional Plus 2016.<\/p>\n<h3>Requisitos del sistema<\/h3>\n<ul>\n<li>Procesador de doble n\u00facleo a 1,4 GHz<\/li>\n<li>Microsoft Windows 7 SP1, Microsoft Windows 8, Microsoft Windows 10<\/li>\n<li>1 GB RAM (32 bits), 2 GB RAM (64 bits)<\/li>\n<li>3 GB de espacio disponible en el disco duro<\/li>\n<li>La aceleraci\u00f3n gr\u00e1fica requiere una tarjeta gr\u00e1fica compatible con DirectX 9.<\/li>\n<\/ul>\n<h3>Apoyo a<\/h3>\n<p>Si tiene alguna pregunta, no dude en <a href=\"mailto:contact@winandofficews.com\" rel=\"noopener\">por correo electr\u00f3nico<\/a> para ponerse en contacto con nosotros. Nuestro servicio de atenci\u00f3n al cliente est\u00e1 a su disposici\u00f3n 7 d\u00edas a la semana, 24 horas al d\u00eda.<\/p>","protected":false},"excerpt":{"rendered":"<ul>\n<li>Microsoft Office 2016 Professional Plus para 3 PC<\/li>\n<li>Versiones disponibles para sistemas de 32 y 64 bits<\/li>\n<li>Env\u00edo por correo electr\u00f3nico: Clave del producto, instrucciones, enlaces de descarga y factura.<\/li>\n<li><strong>Garant\u00eda de devoluci\u00f3n del dinero en 30 d\u00edas - Garant\u00eda de sustituci\u00f3n de por vida<\/strong><\/li>\n<li>Descarga instant\u00e1nea<\/li>\n<li>Sin l\u00edmite de tiempo, sin suscripci\u00f3n<\/li>\n<li>Asistencia gratuita para la instalaci\u00f3n y activaci\u00f3n<\/li>\n<li>No hay entrega en soportes f\u00edsicos de datos (USB, CD, etc.)<\/li>\n<li>Activaci\u00f3n en l\u00ednea o por tel\u00e9fono<\/li>\n<li><strong>Compatible con Windows<\/strong><\/li>\n<li><strong>No compatible con macOS\u2122, procesadores Apple, Parallels para Mac, dispositivos Android y Chromebooks.<\/strong><\/li>\n<\/ul>","protected":false},"featured_media":8073,"comment_status":"open","ping_status":"closed","template":"","meta":{"_acf_changed":false},"product_brand":[],"product_cat":[155],"product_tag":[108,110],"class_list":{"0":"post-8072","1":"product","2":"type-product","3":"status-publish","4":"has-post-thumbnail","6":"product_cat-microsoft-office","7":"product_tag-ms-office","8":"product_tag-ms-office-2016","10":"first","11":"instock","12":"sale","13":"virtual","14":"taxable","15":"purchasable","16":"product-type-simple"},"acf":[],"yoast_head":"<!-- This site is optimized with the Yoast SEO plugin v27.4 - https:\/\/yoast.com\/product\/yoast-seo-wordpress\/ -->\n<title>Microsoft Office 2016 Professional Plus license f\u00fcr 3 PC - Win &amp; Office WS<\/title>\n<meta name=\"robots\" content=\"index, follow, max-snippet:-1, max-image-preview:large, max-video-preview:-1\" \/>\n<link rel=\"canonical\" href=\"https:\/\/winandofficews.com\/es\/product\/microsoft-office-2016-professional-plus-license-for-3-devices\/\" \/>\n<meta property=\"og:locale\" content=\"es_ES\" \/>\n<meta property=\"og:type\" content=\"article\" \/>\n<meta property=\"og:title\" content=\"Microsoft Office 2016 Professional Plus license f\u00fcr 3 PC - Win &amp; Office WS\" \/>\n<meta property=\"og:description\" content=\"Microsoft Office 2016 Professional Plus f\u00fcr 3 PC  Versionen f\u00fcr 32- und 64-Bit-Systeme verf\u00fcgbar  Versand per E-Mail: Produktschl\u00fcssel, Anleitung, Downloadlinks und Rechnung  30 Tage Geld-zur\u00fcck-Garantie \u2013 Lebenslange Ersatzgarantie  Sofort-Download  Keine zeitliche Begrenzung, kein Abonnement  Kostenloser Support bei Installation und Aktivierung  Keine Lieferung auf physischen Datentr\u00e4gern (USB, CD usw.)  Aktivierung online oder telefonisch  Kompatibel mit Windows  Nicht kompatibel mit macOS\u2122, Apple-Prozessoren, Parallels f\u00fcr Mac, Android-Ger\u00e4ten und Chromebooks\" \/>\n<meta property=\"og:url\" content=\"https:\/\/winandofficews.com\/es\/product\/microsoft-office-2016-professional-plus-license-for-3-devices\/\" \/>\n<meta property=\"og:site_name\" content=\"Win &amp; Office WS\" \/>\n<meta property=\"article:publisher\" content=\"https:\/\/www.facebook.com\/winandofficews\/\" \/>\n<meta property=\"article:modified_time\" content=\"2026-04-03T09:48:31+00:00\" \/>\n<meta property=\"og:image\" content=\"https:\/\/winandofficews.com\/wp-content\/uploads\/O16P.png\" \/>\n\t<meta property=\"og:image:width\" content=\"600\" \/>\n\t<meta property=\"og:image:height\" content=\"600\" \/>\n\t<meta property=\"og:image:type\" content=\"image\/png\" \/>\n<meta name=\"twitter:card\" content=\"summary_large_image\" \/>\n<meta name=\"twitter:site\" content=\"@WINDOWSANDOFFI1\" \/>\n<meta name=\"twitter:label1\" content=\"Tiempo de lectura\" \/>\n\t<meta name=\"twitter:data1\" content=\"4 minutos\" \/>\n<script type=\"application\/ld+json\" class=\"yoast-schema-graph\">{\"@context\":\"https:\\\/\\\/schema.org\",\"@graph\":[{\"@type\":\"WebPage\",\"@id\":\"https:\\\/\\\/winandofficews.com\\\/product\\\/microsoft-office-2016-professional-plus-license-for-3-devices\\\/\",\"url\":\"https:\\\/\\\/winandofficews.com\\\/product\\\/microsoft-office-2016-professional-plus-license-for-3-devices\\\/\",\"name\":\"Microsoft Office 2016 Professional Plus license f\u00fcr 3 PC - Win &amp; Office WS\",\"isPartOf\":{\"@id\":\"https:\\\/\\\/winandofficews.com\\\/#website\"},\"primaryImageOfPage\":{\"@id\":\"https:\\\/\\\/winandofficews.com\\\/product\\\/microsoft-office-2016-professional-plus-license-for-3-devices\\\/#primaryimage\"},\"image\":{\"@id\":\"https:\\\/\\\/winandofficews.com\\\/product\\\/microsoft-office-2016-professional-plus-license-for-3-devices\\\/#primaryimage\"},\"thumbnailUrl\":\"https:\\\/\\\/winandofficews.com\\\/wp-content\\\/uploads\\\/O16P.png\",\"datePublished\":\"2024-11-24T10:27:07+00:00\",\"dateModified\":\"2026-04-03T09:48:31+00:00\",\"breadcrumb\":{\"@id\":\"https:\\\/\\\/winandofficews.com\\\/product\\\/microsoft-office-2016-professional-plus-license-for-3-devices\\\/#breadcrumb\"},\"inLanguage\":\"es\",\"potentialAction\":[{\"@type\":\"ReadAction\",\"target\":[\"https:\\\/\\\/winandofficews.com\\\/product\\\/microsoft-office-2016-professional-plus-license-for-3-devices\\\/\"]}]},{\"@type\":\"ImageObject\",\"inLanguage\":\"es\",\"@id\":\"https:\\\/\\\/winandofficews.com\\\/product\\\/microsoft-office-2016-professional-plus-license-for-3-devices\\\/#primaryimage\",\"url\":\"https:\\\/\\\/winandofficews.com\\\/wp-content\\\/uploads\\\/O16P.png\",\"contentUrl\":\"https:\\\/\\\/winandofficews.com\\\/wp-content\\\/uploads\\\/O16P.png\",\"width\":600,\"height\":600},{\"@type\":\"BreadcrumbList\",\"@id\":\"https:\\\/\\\/winandofficews.com\\\/product\\\/microsoft-office-2016-professional-plus-license-for-3-devices\\\/#breadcrumb\",\"itemListElement\":[{\"@type\":\"ListItem\",\"position\":1,\"name\":\"Home\",\"item\":\"https:\\\/\\\/winandofficews.com\\\/\"},{\"@type\":\"ListItem\",\"position\":2,\"name\":\"Shop\",\"item\":\"https:\\\/\\\/winandofficews.com\\\/shop\\\/\"},{\"@type\":\"ListItem\",\"position\":3,\"name\":\"Microsoft Office 2016 Professional Plus license f\u00fcr 3 PC\"}]},{\"@type\":\"WebSite\",\"@id\":\"https:\\\/\\\/winandofficews.com\\\/#website\",\"url\":\"https:\\\/\\\/winandofficews.com\\\/\",\"name\":\"Win & Office WS\",\"description\":\"Wholesales Store of Office\",\"publisher\":{\"@id\":\"https:\\\/\\\/winandofficews.com\\\/#organization\"},\"potentialAction\":[{\"@type\":\"SearchAction\",\"target\":{\"@type\":\"EntryPoint\",\"urlTemplate\":\"https:\\\/\\\/winandofficews.com\\\/?s={search_term_string}\"},\"query-input\":{\"@type\":\"PropertyValueSpecification\",\"valueRequired\":true,\"valueName\":\"search_term_string\"}}],\"inLanguage\":\"es\"},{\"@type\":\"Organization\",\"@id\":\"https:\\\/\\\/winandofficews.com\\\/#organization\",\"name\":\"Win & Office WS\",\"url\":\"https:\\\/\\\/winandofficews.com\\\/\",\"logo\":{\"@type\":\"ImageObject\",\"inLanguage\":\"es\",\"@id\":\"https:\\\/\\\/winandofficews.com\\\/#\\\/schema\\\/logo\\\/image\\\/\",\"url\":\"https:\\\/\\\/winandofficews.com\\\/wp-content\\\/uploads\\\/logo14.png\",\"contentUrl\":\"https:\\\/\\\/winandofficews.com\\\/wp-content\\\/uploads\\\/logo14.png\",\"width\":322,\"height\":116,\"caption\":\"Win & Office WS\"},\"image\":{\"@id\":\"https:\\\/\\\/winandofficews.com\\\/#\\\/schema\\\/logo\\\/image\\\/\"},\"sameAs\":[\"https:\\\/\\\/www.facebook.com\\\/winandofficews\\\/\",\"https:\\\/\\\/x.com\\\/WINDOWSANDOFFI1\",\"https:\\\/\\\/www.instagram.com\\\/winandoffice.ws\\\/\",\"https:\\\/\\\/de.pinterest.com\\\/winandofficews_official\\\/\",\"https:\\\/\\\/www.tiktok.com\\\/@winandofficews\",\"https:\\\/\\\/www.youtube.com\\\/channel\\\/UCPI87ZZIvl272mOtG5sL8Cg\",\"https:\\\/\\\/de.trustpilot.com\\\/review\\\/winandofficews.com\",\"https:\\\/\\\/www.trustami.com\\\/review\\\/win-and-office-wholesales-rating\"]}]}<\/script>\n<!-- \/ Yoast SEO plugin. -->","yoast_head_json":{"title":"Microsoft Office 2016 Professional Plus license f\u00fcr 3 PC - Win &amp; Office WS","robots":{"index":"index","follow":"follow","max-snippet":"max-snippet:-1","max-image-preview":"max-image-preview:large","max-video-preview":"max-video-preview:-1"},"canonical":"https:\/\/winandofficews.com\/es\/product\/microsoft-office-2016-professional-plus-license-for-3-devices\/","og_locale":"es_ES","og_type":"article","og_title":"Microsoft Office 2016 Professional Plus license f\u00fcr 3 PC - Win &amp; Office WS","og_description":"Microsoft Office 2016 Professional Plus f\u00fcr 3 PC  Versionen f\u00fcr 32- und 64-Bit-Systeme verf\u00fcgbar  Versand per E-Mail: Produktschl\u00fcssel, Anleitung, Downloadlinks und Rechnung  30 Tage Geld-zur\u00fcck-Garantie \u2013 Lebenslange Ersatzgarantie  Sofort-Download  Keine zeitliche Begrenzung, kein Abonnement  Kostenloser Support bei Installation und Aktivierung  Keine Lieferung auf physischen Datentr\u00e4gern (USB, CD usw.)  Aktivierung online oder telefonisch  Kompatibel mit Windows  Nicht kompatibel mit macOS\u2122, Apple-Prozessoren, Parallels f\u00fcr Mac, Android-Ger\u00e4ten und Chromebooks","og_url":"https:\/\/winandofficews.com\/es\/product\/microsoft-office-2016-professional-plus-license-for-3-devices\/","og_site_name":"Win &amp; Office WS","article_publisher":"https:\/\/www.facebook.com\/winandofficews\/","article_modified_time":"2026-04-03T09:48:31+00:00","og_image":[{"width":600,"height":600,"url":"https:\/\/winandofficews.com\/wp-content\/uploads\/O16P.png","type":"image\/png"}],"twitter_card":"summary_large_image","twitter_site":"@WINDOWSANDOFFI1","twitter_misc":{"Tiempo de lectura":"4 minutos"},"schema":{"@context":"https:\/\/schema.org","@graph":[{"@type":"WebPage","@id":"https:\/\/winandofficews.com\/product\/microsoft-office-2016-professional-plus-license-for-3-devices\/","url":"https:\/\/winandofficews.com\/product\/microsoft-office-2016-professional-plus-license-for-3-devices\/","name":"Microsoft Office 2016 Professional Plus license f\u00fcr 3 PC - Win &amp; Office WS","isPartOf":{"@id":"https:\/\/winandofficews.com\/#website"},"primaryImageOfPage":{"@id":"https:\/\/winandofficews.com\/product\/microsoft-office-2016-professional-plus-license-for-3-devices\/#primaryimage"},"image":{"@id":"https:\/\/winandofficews.com\/product\/microsoft-office-2016-professional-plus-license-for-3-devices\/#primaryimage"},"thumbnailUrl":"https:\/\/winandofficews.com\/wp-content\/uploads\/O16P.png","datePublished":"2024-11-24T10:27:07+00:00","dateModified":"2026-04-03T09:48:31+00:00","breadcrumb":{"@id":"https:\/\/winandofficews.com\/product\/microsoft-office-2016-professional-plus-license-for-3-devices\/#breadcrumb"},"inLanguage":"es","potentialAction":[{"@type":"ReadAction","target":["https:\/\/winandofficews.com\/product\/microsoft-office-2016-professional-plus-license-for-3-devices\/"]}]},{"@type":"ImageObject","inLanguage":"es","@id":"https:\/\/winandofficews.com\/product\/microsoft-office-2016-professional-plus-license-for-3-devices\/#primaryimage","url":"https:\/\/winandofficews.com\/wp-content\/uploads\/O16P.png","contentUrl":"https:\/\/winandofficews.com\/wp-content\/uploads\/O16P.png","width":600,"height":600},{"@type":"BreadcrumbList","@id":"https:\/\/winandofficews.com\/product\/microsoft-office-2016-professional-plus-license-for-3-devices\/#breadcrumb","itemListElement":[{"@type":"ListItem","position":1,"name":"Home","item":"https:\/\/winandofficews.com\/"},{"@type":"ListItem","position":2,"name":"Shop","item":"https:\/\/winandofficews.com\/shop\/"},{"@type":"ListItem","position":3,"name":"Microsoft Office 2016 Professional Plus license f\u00fcr 3 PC"}]},{"@type":"WebSite","@id":"https:\/\/winandofficews.com\/#website","url":"https:\/\/winandofficews.com\/","name":"Win &amp; Office WS","description":"Almac\u00e9n mayorista de Office","publisher":{"@id":"https:\/\/winandofficews.com\/#organization"},"potentialAction":[{"@type":"SearchAction","target":{"@type":"EntryPoint","urlTemplate":"https:\/\/winandofficews.com\/?s={search_term_string}"},"query-input":{"@type":"PropertyValueSpecification","valueRequired":true,"valueName":"search_term_string"}}],"inLanguage":"es"},{"@type":"Organization","@id":"https:\/\/winandofficews.com\/#organization","name":"Win &amp; Office WS","url":"https:\/\/winandofficews.com\/","logo":{"@type":"ImageObject","inLanguage":"es","@id":"https:\/\/winandofficews.com\/#\/schema\/logo\/image\/","url":"https:\/\/winandofficews.com\/wp-content\/uploads\/logo14.png","contentUrl":"https:\/\/winandofficews.com\/wp-content\/uploads\/logo14.png","width":322,"height":116,"caption":"Win & Office WS"},"image":{"@id":"https:\/\/winandofficews.com\/#\/schema\/logo\/image\/"},"sameAs":["https:\/\/www.facebook.com\/winandofficews\/","https:\/\/x.com\/WINDOWSANDOFFI1","https:\/\/www.instagram.com\/winandoffice.ws\/","https:\/\/de.pinterest.com\/winandofficews_official\/","https:\/\/www.tiktok.com\/@winandofficews","https:\/\/www.youtube.com\/channel\/UCPI87ZZIvl272mOtG5sL8Cg","https:\/\/de.trustpilot.com\/review\/winandofficews.com","https:\/\/www.trustami.com\/review\/win-and-office-wholesales-rating"]}]}},"_links":{"self":[{"href":"https:\/\/winandofficews.com\/es\/wp-json\/wp\/v2\/product\/8072","targetHints":{"allow":["GET"]}}],"collection":[{"href":"https:\/\/winandofficews.com\/es\/wp-json\/wp\/v2\/product"}],"about":[{"href":"https:\/\/winandofficews.com\/es\/wp-json\/wp\/v2\/types\/product"}],"replies":[{"embeddable":true,"href":"https:\/\/winandofficews.com\/es\/wp-json\/wp\/v2\/comments?post=8072"}],"wp:featuredmedia":[{"embeddable":true,"href":"https:\/\/winandofficews.com\/es\/wp-json\/wp\/v2\/media\/8073"}],"wp:attachment":[{"href":"https:\/\/winandofficews.com\/es\/wp-json\/wp\/v2\/media?parent=8072"}],"wp:term":[{"taxonomy":"product_brand","embeddable":true,"href":"https:\/\/winandofficews.com\/es\/wp-json\/wp\/v2\/product_brand?post=8072"},{"taxonomy":"product_cat","embeddable":true,"href":"https:\/\/winandofficews.com\/es\/wp-json\/wp\/v2\/product_cat?post=8072"},{"taxonomy":"product_tag","embeddable":true,"href":"https:\/\/winandofficews.com\/es\/wp-json\/wp\/v2\/product_tag?post=8072"}],"curies":[{"name":"wp","href":"https:\/\/api.w.org\/{rel}","templated":true}]}}