{"id":8031,"date":"2024-11-24T11:25:13","date_gmt":"2024-11-24T10:25:13","guid":{"rendered":"https:\/\/winandofficews.com\/?post_type=product&#038;p=8031"},"modified":"2026-03-26T22:13:45","modified_gmt":"2026-03-26T21:13:45","slug":"microsoft-office-home-business-2019-mac","status":"publish","type":"product","link":"https:\/\/winandofficews.com\/es\/product\/microsoft-office-home-business-2019-mac\/","title":{"rendered":"Microsoft Office Hogar y negocios 2019 MAC"},"content":{"rendered":"<h3>Microsoft Office Hogar y negocios 2019 MAC<\/h3>\n<p>H\u00e1galo todo con Microsoft Office 2019 Home &amp; Business para Mac. Aumente su productividad con la \u00faltima versi\u00f3n de las aplicaciones cl\u00e1sicas Microsoft Office y las funciones de correo electr\u00f3nico. Microsoft Office 2019 para Mac ofrece nuevas herramientas de tinta, tipos de datos, funciones y herramientas de traducci\u00f3n y edici\u00f3n mejoradas. Adem\u00e1s, las animaciones gr\u00e1ficas y otras funciones innovadoras garantizan un trabajo a\u00fan m\u00e1s eficiente.<\/p>\n<p>Al igual que sus predecesores, Microsoft Office 2019 est\u00e1 disponible en varios paquetes que se adaptan a diferentes necesidades. Independientemente de si desea utilizar Microsoft Office de forma privada o profesional - Microsoft ofrece el paquete adecuado para usted.<\/p>\n<p><strong>Apoyo:<\/strong><\/p>\n<p>Si tiene alguna pregunta, no dude en <a href=\"mailto:germany@dl-winandoffice.com\" rel=\"noopener\">por correo electr\u00f3nico<\/a> para ponerse en contacto con nosotros. Nuestro servicio de atenci\u00f3n al cliente est\u00e1 a su disposici\u00f3n 7 d\u00edas a la semana, 24 horas al d\u00eda.<\/p>","protected":false},"excerpt":{"rendered":"<ul>\n<li>Microsoft Office Hogar y negocios 2019 MAC<\/li>\n<li>Env\u00edo por correo electr\u00f3nico: Clave del producto, instrucciones, enlaces de descarga y factura.<\/li>\n<li><strong>Garant\u00eda de devoluci\u00f3n del dinero en 30 d\u00edas - Garant\u00eda de sustituci\u00f3n de por vida<\/strong><\/li>\n<li>Descarga instant\u00e1nea<\/li>\n<li>Sin l\u00edmite de tiempo, sin suscripci\u00f3n<\/li>\n<li>Asistencia gratuita para la instalaci\u00f3n y activaci\u00f3n<\/li>\n<li>No hay entrega en soportes f\u00edsicos de datos (USB, CD, etc.)<\/li>\n<li>Activaci\u00f3n en l\u00ednea o por tel\u00e9fono<\/li>\n<li><strong>Compatible con macOS<\/strong><\/li>\n<li><strong>No compatible con dispositivos Android y Microsoft Windows<\/strong><\/li>\n<\/ul>","protected":false},"featured_media":8032,"comment_status":"open","ping_status":"closed","template":"","meta":{"_acf_changed":false},"product_brand":[],"product_cat":[254],"product_tag":[],"class_list":{"0":"post-8031","1":"product","2":"type-product","3":"status-publish","4":"has-post-thumbnail","6":"product_cat-mac","8":"first","9":"instock","10":"virtual","11":"taxable","12":"purchasable","13":"product-type-simple"},"acf":[],"yoast_head":"<!-- This site is optimized with the Yoast SEO plugin v27.4 - https:\/\/yoast.com\/product\/yoast-seo-wordpress\/ -->\n<title>Microsoft Office Home &amp; Business 2019 MAC - Win &amp; Office WS<\/title>\n<meta name=\"robots\" content=\"index, follow, max-snippet:-1, max-image-preview:large, max-video-preview:-1\" \/>\n<link rel=\"canonical\" href=\"https:\/\/winandofficews.com\/es\/product\/microsoft-office-home-business-2019-mac\/\" \/>\n<meta property=\"og:locale\" content=\"es_ES\" \/>\n<meta property=\"og:type\" content=\"article\" \/>\n<meta property=\"og:title\" content=\"Microsoft Office Home &amp; Business 2019 MAC - Win &amp; Office WS\" \/>\n<meta property=\"og:description\" content=\"Microsoft Office Home &amp; Business 2019 MAC  Versand per E-Mail: Produktschl\u00fcssel, Anleitung, Downloadlinks und Rechnung  30 Tage Geld-zur\u00fcck-Garantie \u2013 Lebenslange Ersatzgarantie  Sofort-Download  Keine zeitliche Begrenzung, kein Abonnement  Kostenloser Support bei Installation und Aktivierung  Keine Lieferung auf physischen Datentr\u00e4gern (USB, CD usw.)  Aktivierung online oder telefonisch  Kompatibel mit macOS  Nicht kompatibel mit Android- und Microsoft Windows-Ger\u00e4ten\" \/>\n<meta property=\"og:url\" content=\"https:\/\/winandofficews.com\/es\/product\/microsoft-office-home-business-2019-mac\/\" \/>\n<meta property=\"og:site_name\" content=\"Win &amp; Office WS\" \/>\n<meta property=\"article:publisher\" content=\"https:\/\/www.facebook.com\/winandofficews\/\" \/>\n<meta property=\"article:modified_time\" content=\"2026-03-26T21:13:45+00:00\" \/>\n<meta property=\"og:image\" content=\"https:\/\/winandofficews.com\/wp-content\/uploads\/O19HB.png\" \/>\n\t<meta property=\"og:image:width\" content=\"600\" \/>\n\t<meta property=\"og:image:height\" content=\"600\" \/>\n\t<meta property=\"og:image:type\" content=\"image\/png\" \/>\n<meta name=\"twitter:card\" content=\"summary_large_image\" \/>\n<meta name=\"twitter:site\" content=\"@WINDOWSANDOFFI1\" \/>\n<meta name=\"twitter:label1\" content=\"Tiempo de lectura\" \/>\n\t<meta name=\"twitter:data1\" content=\"1 minuto\" \/>\n<script type=\"application\/ld+json\" class=\"yoast-schema-graph\">{\"@context\":\"https:\\\/\\\/schema.org\",\"@graph\":[{\"@type\":\"WebPage\",\"@id\":\"https:\\\/\\\/winandofficews.com\\\/product\\\/microsoft-office-home-business-2019-mac\\\/\",\"url\":\"https:\\\/\\\/winandofficews.com\\\/product\\\/microsoft-office-home-business-2019-mac\\\/\",\"name\":\"Microsoft Office Home &amp; Business 2019 MAC - Win &amp; Office WS\",\"isPartOf\":{\"@id\":\"https:\\\/\\\/winandofficews.com\\\/#website\"},\"primaryImageOfPage\":{\"@id\":\"https:\\\/\\\/winandofficews.com\\\/product\\\/microsoft-office-home-business-2019-mac\\\/#primaryimage\"},\"image\":{\"@id\":\"https:\\\/\\\/winandofficews.com\\\/product\\\/microsoft-office-home-business-2019-mac\\\/#primaryimage\"},\"thumbnailUrl\":\"https:\\\/\\\/winandofficews.com\\\/wp-content\\\/uploads\\\/O19HB.png\",\"datePublished\":\"2024-11-24T10:25:13+00:00\",\"dateModified\":\"2026-03-26T21:13:45+00:00\",\"breadcrumb\":{\"@id\":\"https:\\\/\\\/winandofficews.com\\\/product\\\/microsoft-office-home-business-2019-mac\\\/#breadcrumb\"},\"inLanguage\":\"es\",\"potentialAction\":[{\"@type\":\"ReadAction\",\"target\":[\"https:\\\/\\\/winandofficews.com\\\/product\\\/microsoft-office-home-business-2019-mac\\\/\"]}]},{\"@type\":\"ImageObject\",\"inLanguage\":\"es\",\"@id\":\"https:\\\/\\\/winandofficews.com\\\/product\\\/microsoft-office-home-business-2019-mac\\\/#primaryimage\",\"url\":\"https:\\\/\\\/winandofficews.com\\\/wp-content\\\/uploads\\\/O19HB.png\",\"contentUrl\":\"https:\\\/\\\/winandofficews.com\\\/wp-content\\\/uploads\\\/O19HB.png\",\"width\":600,\"height\":600},{\"@type\":\"BreadcrumbList\",\"@id\":\"https:\\\/\\\/winandofficews.com\\\/product\\\/microsoft-office-home-business-2019-mac\\\/#breadcrumb\",\"itemListElement\":[{\"@type\":\"ListItem\",\"position\":1,\"name\":\"Home\",\"item\":\"https:\\\/\\\/winandofficews.com\\\/\"},{\"@type\":\"ListItem\",\"position\":2,\"name\":\"Shop\",\"item\":\"https:\\\/\\\/winandofficews.com\\\/shop\\\/\"},{\"@type\":\"ListItem\",\"position\":3,\"name\":\"Microsoft Office Home &amp; Business 2019 MAC\"}]},{\"@type\":\"WebSite\",\"@id\":\"https:\\\/\\\/winandofficews.com\\\/#website\",\"url\":\"https:\\\/\\\/winandofficews.com\\\/\",\"name\":\"Win & Office WS\",\"description\":\"Wholesales Store of Office\",\"publisher\":{\"@id\":\"https:\\\/\\\/winandofficews.com\\\/#organization\"},\"potentialAction\":[{\"@type\":\"SearchAction\",\"target\":{\"@type\":\"EntryPoint\",\"urlTemplate\":\"https:\\\/\\\/winandofficews.com\\\/?s={search_term_string}\"},\"query-input\":{\"@type\":\"PropertyValueSpecification\",\"valueRequired\":true,\"valueName\":\"search_term_string\"}}],\"inLanguage\":\"es\"},{\"@type\":\"Organization\",\"@id\":\"https:\\\/\\\/winandofficews.com\\\/#organization\",\"name\":\"Win & Office WS\",\"url\":\"https:\\\/\\\/winandofficews.com\\\/\",\"logo\":{\"@type\":\"ImageObject\",\"inLanguage\":\"es\",\"@id\":\"https:\\\/\\\/winandofficews.com\\\/#\\\/schema\\\/logo\\\/image\\\/\",\"url\":\"https:\\\/\\\/winandofficews.com\\\/wp-content\\\/uploads\\\/logo14.png\",\"contentUrl\":\"https:\\\/\\\/winandofficews.com\\\/wp-content\\\/uploads\\\/logo14.png\",\"width\":322,\"height\":116,\"caption\":\"Win & Office WS\"},\"image\":{\"@id\":\"https:\\\/\\\/winandofficews.com\\\/#\\\/schema\\\/logo\\\/image\\\/\"},\"sameAs\":[\"https:\\\/\\\/www.facebook.com\\\/winandofficews\\\/\",\"https:\\\/\\\/x.com\\\/WINDOWSANDOFFI1\",\"https:\\\/\\\/www.instagram.com\\\/winandoffice.ws\\\/\",\"https:\\\/\\\/de.pinterest.com\\\/winandofficews_official\\\/\",\"https:\\\/\\\/www.tiktok.com\\\/@winandofficews\",\"https:\\\/\\\/www.youtube.com\\\/channel\\\/UCPI87ZZIvl272mOtG5sL8Cg\",\"https:\\\/\\\/de.trustpilot.com\\\/review\\\/winandofficews.com\",\"https:\\\/\\\/www.trustami.com\\\/review\\\/win-and-office-wholesales-rating\"]}]}<\/script>\n<!-- \/ Yoast SEO plugin. -->","yoast_head_json":{"title":"Microsoft Office Home &amp; Business 2019 MAC - Win &amp; Office WS","robots":{"index":"index","follow":"follow","max-snippet":"max-snippet:-1","max-image-preview":"max-image-preview:large","max-video-preview":"max-video-preview:-1"},"canonical":"https:\/\/winandofficews.com\/es\/product\/microsoft-office-home-business-2019-mac\/","og_locale":"es_ES","og_type":"article","og_title":"Microsoft Office Home &amp; Business 2019 MAC - Win &amp; Office WS","og_description":"Microsoft Office Home &amp; Business 2019 MAC  Versand per E-Mail: Produktschl\u00fcssel, Anleitung, Downloadlinks und Rechnung  30 Tage Geld-zur\u00fcck-Garantie \u2013 Lebenslange Ersatzgarantie  Sofort-Download  Keine zeitliche Begrenzung, kein Abonnement  Kostenloser Support bei Installation und Aktivierung  Keine Lieferung auf physischen Datentr\u00e4gern (USB, CD usw.)  Aktivierung online oder telefonisch  Kompatibel mit macOS  Nicht kompatibel mit Android- und Microsoft Windows-Ger\u00e4ten","og_url":"https:\/\/winandofficews.com\/es\/product\/microsoft-office-home-business-2019-mac\/","og_site_name":"Win &amp; Office WS","article_publisher":"https:\/\/www.facebook.com\/winandofficews\/","article_modified_time":"2026-03-26T21:13:45+00:00","og_image":[{"width":600,"height":600,"url":"https:\/\/winandofficews.com\/wp-content\/uploads\/O19HB.png","type":"image\/png"}],"twitter_card":"summary_large_image","twitter_site":"@WINDOWSANDOFFI1","twitter_misc":{"Tiempo de lectura":"1 minuto"},"schema":{"@context":"https:\/\/schema.org","@graph":[{"@type":"WebPage","@id":"https:\/\/winandofficews.com\/product\/microsoft-office-home-business-2019-mac\/","url":"https:\/\/winandofficews.com\/product\/microsoft-office-home-business-2019-mac\/","name":"Microsoft Office Home &amp; Business 2019 MAC - Win &amp; Office WS","isPartOf":{"@id":"https:\/\/winandofficews.com\/#website"},"primaryImageOfPage":{"@id":"https:\/\/winandofficews.com\/product\/microsoft-office-home-business-2019-mac\/#primaryimage"},"image":{"@id":"https:\/\/winandofficews.com\/product\/microsoft-office-home-business-2019-mac\/#primaryimage"},"thumbnailUrl":"https:\/\/winandofficews.com\/wp-content\/uploads\/O19HB.png","datePublished":"2024-11-24T10:25:13+00:00","dateModified":"2026-03-26T21:13:45+00:00","breadcrumb":{"@id":"https:\/\/winandofficews.com\/product\/microsoft-office-home-business-2019-mac\/#breadcrumb"},"inLanguage":"es","potentialAction":[{"@type":"ReadAction","target":["https:\/\/winandofficews.com\/product\/microsoft-office-home-business-2019-mac\/"]}]},{"@type":"ImageObject","inLanguage":"es","@id":"https:\/\/winandofficews.com\/product\/microsoft-office-home-business-2019-mac\/#primaryimage","url":"https:\/\/winandofficews.com\/wp-content\/uploads\/O19HB.png","contentUrl":"https:\/\/winandofficews.com\/wp-content\/uploads\/O19HB.png","width":600,"height":600},{"@type":"BreadcrumbList","@id":"https:\/\/winandofficews.com\/product\/microsoft-office-home-business-2019-mac\/#breadcrumb","itemListElement":[{"@type":"ListItem","position":1,"name":"Home","item":"https:\/\/winandofficews.com\/"},{"@type":"ListItem","position":2,"name":"Shop","item":"https:\/\/winandofficews.com\/shop\/"},{"@type":"ListItem","position":3,"name":"Microsoft Office Home &amp; Business 2019 MAC"}]},{"@type":"WebSite","@id":"https:\/\/winandofficews.com\/#website","url":"https:\/\/winandofficews.com\/","name":"Win &amp; Office WS","description":"Almac\u00e9n mayorista de Office","publisher":{"@id":"https:\/\/winandofficews.com\/#organization"},"potentialAction":[{"@type":"SearchAction","target":{"@type":"EntryPoint","urlTemplate":"https:\/\/winandofficews.com\/?s={search_term_string}"},"query-input":{"@type":"PropertyValueSpecification","valueRequired":true,"valueName":"search_term_string"}}],"inLanguage":"es"},{"@type":"Organization","@id":"https:\/\/winandofficews.com\/#organization","name":"Win &amp; Office WS","url":"https:\/\/winandofficews.com\/","logo":{"@type":"ImageObject","inLanguage":"es","@id":"https:\/\/winandofficews.com\/#\/schema\/logo\/image\/","url":"https:\/\/winandofficews.com\/wp-content\/uploads\/logo14.png","contentUrl":"https:\/\/winandofficews.com\/wp-content\/uploads\/logo14.png","width":322,"height":116,"caption":"Win & Office WS"},"image":{"@id":"https:\/\/winandofficews.com\/#\/schema\/logo\/image\/"},"sameAs":["https:\/\/www.facebook.com\/winandofficews\/","https:\/\/x.com\/WINDOWSANDOFFI1","https:\/\/www.instagram.com\/winandoffice.ws\/","https:\/\/de.pinterest.com\/winandofficews_official\/","https:\/\/www.tiktok.com\/@winandofficews","https:\/\/www.youtube.com\/channel\/UCPI87ZZIvl272mOtG5sL8Cg","https:\/\/de.trustpilot.com\/review\/winandofficews.com","https:\/\/www.trustami.com\/review\/win-and-office-wholesales-rating"]}]}},"_links":{"self":[{"href":"https:\/\/winandofficews.com\/es\/wp-json\/wp\/v2\/product\/8031","targetHints":{"allow":["GET"]}}],"collection":[{"href":"https:\/\/winandofficews.com\/es\/wp-json\/wp\/v2\/product"}],"about":[{"href":"https:\/\/winandofficews.com\/es\/wp-json\/wp\/v2\/types\/product"}],"replies":[{"embeddable":true,"href":"https:\/\/winandofficews.com\/es\/wp-json\/wp\/v2\/comments?post=8031"}],"wp:featuredmedia":[{"embeddable":true,"href":"https:\/\/winandofficews.com\/es\/wp-json\/wp\/v2\/media\/8032"}],"wp:attachment":[{"href":"https:\/\/winandofficews.com\/es\/wp-json\/wp\/v2\/media?parent=8031"}],"wp:term":[{"taxonomy":"product_brand","embeddable":true,"href":"https:\/\/winandofficews.com\/es\/wp-json\/wp\/v2\/product_brand?post=8031"},{"taxonomy":"product_cat","embeddable":true,"href":"https:\/\/winandofficews.com\/es\/wp-json\/wp\/v2\/product_cat?post=8031"},{"taxonomy":"product_tag","embeddable":true,"href":"https:\/\/winandofficews.com\/es\/wp-json\/wp\/v2\/product_tag?post=8031"}],"curies":[{"name":"wp","href":"https:\/\/api.w.org\/{rel}","templated":true}]}}