{"id":8010,"date":"2024-11-24T11:24:26","date_gmt":"2024-11-24T10:24:26","guid":{"rendered":"https:\/\/winandofficews.com\/?post_type=product&#038;p=8010"},"modified":"2026-04-03T11:48:15","modified_gmt":"2026-04-03T09:48:15","slug":"microsoft-windows-10-professional-license-for-3-devices","status":"publish","type":"product","link":"https:\/\/winandofficews.com\/es\/product\/microsoft-windows-10-professional-license-for-3-devices\/","title":{"rendered":"Microsoft Windows 10 Licencia profesional para 3 PCs"},"content":{"rendered":"<p>Microsoft Windows 10 Professional ist das fortschrittlichste und sicherste Betriebssystem seiner Zeit. Mit seinen universellen Apps, Funktionen und Sicherheitsfeatures ist es optimal geeignet f\u00fcr Desktop-PCs, Notebooks und Tablets. Neue Versionen und automatische Updates f\u00fcr Apps und Funktionen gew\u00e4hrleisten die Effizienz und Sicherheit Ihres Ger\u00e4tes.<\/p>\n<p>Mit Microsoft Windows 10 Professional als Herz Ihres Computers k\u00f6nnen Sie alles erledigen:<\/p>\n<ul>\n<li>Integrierte Sicherheitsfeatures wie Antivirensoftware, Firewall und Internetschutzmechanismen<\/li>\n<li>Entsperren Sie Ihren PC schnell und sicher mit Microsoft Windows Hello per Gesichtserkennung oder Fingerabdruck<\/li>\n<li>Der Benachrichtigungsassistent hilft Ihnen, Ablenkungen zu vermeiden<\/li>\n<li>\u00dcber die Zeitachse greifen Sie schnell auf zuletzt verwendete Dokumente, Apps und Websites zu<\/li>\n<li>Mit Microsoft Fotos organisieren, bearbeiten und teilen Sie Ihre Medien m\u00fchelos<\/li>\n<li>Game Bar erm\u00f6glicht Streaming, Bildschirmaufnahmen und Audioanpassungen<\/li>\n<li>Remote Desktop erlaubt den Zugriff auf Ihren PC von \u00fcberall<\/li>\n<li>Microsoft Windows Information Protection (WIP) sch\u00fctzt vor Datendiebstahl<\/li>\n<li>BitLocker sch\u00fctzt Ihre Daten durch integrierte Verschl\u00fcsselung<\/li>\n<li>Umfangreiche Tools f\u00fcr Businessanwendungen<\/li>\n<\/ul>\n<p>Sie profitieren von schnelleren Systemstarts, einem vertrauten, aber verbesserten Startmen\u00fc und neuen M\u00f6glichkeiten, Aufgaben effizient zu erledigen. Zus\u00e4tzlich erhalten Sie einen modernen Browser und Ihren pers\u00f6nlichen digitalen Assistenten Cortana, der Sie im Alltag unterst\u00fctzt und kontinuierlich dazulernt.<\/p>\n<p><strong>Microsoft Windows 10 Professional<\/strong> unterst\u00fctzt Sie optimal bei allem, was Sie tun. Organisieren Sie Ihre Arbeit effizient, indem Sie Apps nebeneinander anordnen und virtuelle Desktops erstellen, um Projekte \u00fcbersichtlich zu strukturieren.<\/p>\n<p>Microsoft Windows 10 ist mit bestehender Hardware, Software und Peripherieger\u00e4ten kompatibel. Halten Sie Ihr System durch regelm\u00e4\u00dfige Updates sicher und auf dem neuesten Stand.<\/p>\n<p><strong>Systemanforderungen:<\/strong><\/p>\n<ul>\n<li>Mindestens 1 GHz Prozessor oder schneller<\/li>\n<li>1 GB (32 Bit) oder 2 GB (64 Bit) Arbeitsspeicher<\/li>\n<li>20 GB verf\u00fcgbarer Festplattenspeicher<\/li>\n<li>Grafikkarte mit DirectX 9 und WDDM-Treiber<\/li>\n<\/ul>\n<p><strong>Unterst\u00fctzung:<\/strong><\/p>\n<p>Si tiene alguna pregunta, no dude en <a href=\"mailto:germany@dl-winandoffice.com\">por correo electr\u00f3nico<\/a> para ponerse en contacto con nosotros. Nuestro servicio de atenci\u00f3n al cliente est\u00e1 disponible 7 d\u00edas a la semana, 24 horas al d\u00eda.<\/p>","protected":false},"excerpt":{"rendered":"<ul>\n<li>Microsoft Windows 10 Licencia profesional para 3 PCs<\/li>\n<li><strong>Mit dieser Lizenz kann die Software auf 3 verschiedenen Ger\u00e4ten aktiviert werden, z.B. Heim-PC, Notebook und Arbeits-PC.<\/strong><\/li>\n<li>30 Tage volle R\u00fcckerstattung &#8211; Lebenslange Ersatzgarantie<\/li>\n<li>Env\u00edo por correo electr\u00f3nico: Clave del producto, instrucciones, enlaces de descarga, factura<\/li>\n<li>Descarga inmediata<\/li>\n<li>Sin l\u00edmite de tiempo, sin suscripci\u00f3n<\/li>\n<li>Asistencia gratuita para la instalaci\u00f3n y activaci\u00f3n<\/li>\n<li>No entrega en soportes de datos (USB, CD, etc.)<\/li>\n<li>Activaci\u00f3n en l\u00ednea y por tel\u00e9fono<\/li>\n<li><strong>NO compatible con Apple macOS\u2122, procesadores Apple, Parallels para Mac, dispositivos Android y Chromebooks.<\/strong><\/li>\n<\/ul>","protected":false},"featured_media":8011,"comment_status":"open","ping_status":"closed","template":"","meta":{"_acf_changed":false},"product_brand":[],"product_cat":[155],"product_tag":[],"class_list":{"0":"post-8010","1":"product","2":"type-product","3":"status-publish","4":"has-post-thumbnail","6":"product_cat-microsoft-office","8":"first","9":"instock","10":"sale","11":"virtual","12":"taxable","13":"purchasable","14":"product-type-simple"},"acf":[],"yoast_head":"<!-- This site is optimized with the Yoast SEO plugin v27.3 - https:\/\/yoast.com\/product\/yoast-seo-wordpress\/ -->\n<title>Microsoft Windows 10 Professional Lizenz f\u00fcr 3 PC - Win &amp; Office WS<\/title>\n<meta name=\"robots\" content=\"index, follow, max-snippet:-1, max-image-preview:large, max-video-preview:-1\" \/>\n<link rel=\"canonical\" href=\"https:\/\/winandofficews.com\/es\/product\/microsoft-windows-10-professional-license-for-3-devices\/\" \/>\n<meta property=\"og:locale\" content=\"es_ES\" \/>\n<meta property=\"og:type\" content=\"article\" \/>\n<meta property=\"og:title\" content=\"Microsoft Windows 10 Professional Lizenz f\u00fcr 3 PC - Win &amp; Office WS\" \/>\n<meta property=\"og:description\" content=\"Microsoft Windows 10 Professional Lizenz f\u00fcr 3 PC  Mit dieser Lizenz kann die Software auf 3 verschiedenen Ger\u00e4ten aktiviert werden, z.B. Heim-PC, Notebook und Arbeits-PC.  30 Tage volle R\u00fcckerstattung - Lebenslange Ersatzgarantie  Versand per E-Mail: Produktschl\u00fcssel, Anleitung, Downloadlinks, Rechnung  Sofort-Download!  Keine zeitliche Begrenzung, kein Abo  Gratis Support bei der Installation und Aktivierung  Keine Lieferung auf Datentr\u00e4ger (USB, CD, usw.)  Aktivierung online und per Telefon  NICHT kompatibel mit Apple macOS\u2122, Apple-Prozessoren, Parallels f\u00fcr Mac, Android-Ger\u00e4ten und Chromebooks.\" \/>\n<meta property=\"og:url\" content=\"https:\/\/winandofficews.com\/es\/product\/microsoft-windows-10-professional-license-for-3-devices\/\" \/>\n<meta property=\"og:site_name\" content=\"Win &amp; Office WS\" \/>\n<meta property=\"article:publisher\" content=\"https:\/\/www.facebook.com\/winandofficews\/\" \/>\n<meta property=\"article:modified_time\" content=\"2026-04-03T09:48:15+00:00\" \/>\n<meta property=\"og:image\" content=\"https:\/\/winandofficews.com\/wp-content\/uploads\/w10p.jpg\" \/>\n\t<meta property=\"og:image:width\" content=\"1500\" \/>\n\t<meta property=\"og:image:height\" content=\"1500\" \/>\n\t<meta property=\"og:image:type\" content=\"image\/jpeg\" \/>\n<meta name=\"twitter:card\" content=\"summary_large_image\" \/>\n<meta name=\"twitter:site\" content=\"@WINDOWSANDOFFI1\" \/>\n<meta name=\"twitter:label1\" content=\"Tiempo de lectura\" \/>\n\t<meta name=\"twitter:data1\" content=\"3 minutos\" \/>\n<script type=\"application\/ld+json\" class=\"yoast-schema-graph\">{\"@context\":\"https:\\\/\\\/schema.org\",\"@graph\":[{\"@type\":\"WebPage\",\"@id\":\"https:\\\/\\\/winandofficews.com\\\/product\\\/microsoft-windows-10-professional-license-for-3-devices\\\/\",\"url\":\"https:\\\/\\\/winandofficews.com\\\/product\\\/microsoft-windows-10-professional-license-for-3-devices\\\/\",\"name\":\"Microsoft Windows 10 Professional Lizenz f\u00fcr 3 PC - Win &amp; Office WS\",\"isPartOf\":{\"@id\":\"https:\\\/\\\/winandofficews.com\\\/#website\"},\"primaryImageOfPage\":{\"@id\":\"https:\\\/\\\/winandofficews.com\\\/product\\\/microsoft-windows-10-professional-license-for-3-devices\\\/#primaryimage\"},\"image\":{\"@id\":\"https:\\\/\\\/winandofficews.com\\\/product\\\/microsoft-windows-10-professional-license-for-3-devices\\\/#primaryimage\"},\"thumbnailUrl\":\"https:\\\/\\\/winandofficews.com\\\/wp-content\\\/uploads\\\/w10p.jpg\",\"datePublished\":\"2024-11-24T10:24:26+00:00\",\"dateModified\":\"2026-04-03T09:48:15+00:00\",\"breadcrumb\":{\"@id\":\"https:\\\/\\\/winandofficews.com\\\/product\\\/microsoft-windows-10-professional-license-for-3-devices\\\/#breadcrumb\"},\"inLanguage\":\"es\",\"potentialAction\":[{\"@type\":\"ReadAction\",\"target\":[\"https:\\\/\\\/winandofficews.com\\\/product\\\/microsoft-windows-10-professional-license-for-3-devices\\\/\"]}]},{\"@type\":\"ImageObject\",\"inLanguage\":\"es\",\"@id\":\"https:\\\/\\\/winandofficews.com\\\/product\\\/microsoft-windows-10-professional-license-for-3-devices\\\/#primaryimage\",\"url\":\"https:\\\/\\\/winandofficews.com\\\/wp-content\\\/uploads\\\/w10p.jpg\",\"contentUrl\":\"https:\\\/\\\/winandofficews.com\\\/wp-content\\\/uploads\\\/w10p.jpg\",\"width\":1500,\"height\":1500},{\"@type\":\"BreadcrumbList\",\"@id\":\"https:\\\/\\\/winandofficews.com\\\/product\\\/microsoft-windows-10-professional-license-for-3-devices\\\/#breadcrumb\",\"itemListElement\":[{\"@type\":\"ListItem\",\"position\":1,\"name\":\"Home\",\"item\":\"https:\\\/\\\/winandofficews.com\\\/\"},{\"@type\":\"ListItem\",\"position\":2,\"name\":\"Shop\",\"item\":\"https:\\\/\\\/winandofficews.com\\\/shop\\\/\"},{\"@type\":\"ListItem\",\"position\":3,\"name\":\"Microsoft Windows 10 Professional Lizenz f\u00fcr 3 PC\"}]},{\"@type\":\"WebSite\",\"@id\":\"https:\\\/\\\/winandofficews.com\\\/#website\",\"url\":\"https:\\\/\\\/winandofficews.com\\\/\",\"name\":\"Win & Office WS\",\"description\":\"Wholesales Store of Office\",\"publisher\":{\"@id\":\"https:\\\/\\\/winandofficews.com\\\/#organization\"},\"potentialAction\":[{\"@type\":\"SearchAction\",\"target\":{\"@type\":\"EntryPoint\",\"urlTemplate\":\"https:\\\/\\\/winandofficews.com\\\/?s={search_term_string}\"},\"query-input\":{\"@type\":\"PropertyValueSpecification\",\"valueRequired\":true,\"valueName\":\"search_term_string\"}}],\"inLanguage\":\"es\"},{\"@type\":\"Organization\",\"@id\":\"https:\\\/\\\/winandofficews.com\\\/#organization\",\"name\":\"Win & Office WS\",\"url\":\"https:\\\/\\\/winandofficews.com\\\/\",\"logo\":{\"@type\":\"ImageObject\",\"inLanguage\":\"es\",\"@id\":\"https:\\\/\\\/winandofficews.com\\\/#\\\/schema\\\/logo\\\/image\\\/\",\"url\":\"https:\\\/\\\/winandofficews.com\\\/wp-content\\\/uploads\\\/logo14.png\",\"contentUrl\":\"https:\\\/\\\/winandofficews.com\\\/wp-content\\\/uploads\\\/logo14.png\",\"width\":322,\"height\":116,\"caption\":\"Win & Office WS\"},\"image\":{\"@id\":\"https:\\\/\\\/winandofficews.com\\\/#\\\/schema\\\/logo\\\/image\\\/\"},\"sameAs\":[\"https:\\\/\\\/www.facebook.com\\\/winandofficews\\\/\",\"https:\\\/\\\/x.com\\\/WINDOWSANDOFFI1\",\"https:\\\/\\\/www.instagram.com\\\/winandoffice.ws\\\/\",\"https:\\\/\\\/de.pinterest.com\\\/winandofficews_official\\\/\",\"https:\\\/\\\/www.tiktok.com\\\/@winandofficews\",\"https:\\\/\\\/www.youtube.com\\\/channel\\\/UCPI87ZZIvl272mOtG5sL8Cg\",\"https:\\\/\\\/de.trustpilot.com\\\/review\\\/winandofficews.com\",\"https:\\\/\\\/www.trustami.com\\\/review\\\/win-and-office-wholesales-rating\"]}]}<\/script>\n<!-- \/ Yoast SEO plugin. -->","yoast_head_json":{"title":"Microsoft Windows 10 Professional Lizenz f\u00fcr 3 PC - Win &amp; Office WS","robots":{"index":"index","follow":"follow","max-snippet":"max-snippet:-1","max-image-preview":"max-image-preview:large","max-video-preview":"max-video-preview:-1"},"canonical":"https:\/\/winandofficews.com\/es\/product\/microsoft-windows-10-professional-license-for-3-devices\/","og_locale":"es_ES","og_type":"article","og_title":"Microsoft Windows 10 Professional Lizenz f\u00fcr 3 PC - Win &amp; Office WS","og_description":"Microsoft Windows 10 Professional Lizenz f\u00fcr 3 PC  Mit dieser Lizenz kann die Software auf 3 verschiedenen Ger\u00e4ten aktiviert werden, z.B. Heim-PC, Notebook und Arbeits-PC.  30 Tage volle R\u00fcckerstattung - Lebenslange Ersatzgarantie  Versand per E-Mail: Produktschl\u00fcssel, Anleitung, Downloadlinks, Rechnung  Sofort-Download!  Keine zeitliche Begrenzung, kein Abo  Gratis Support bei der Installation und Aktivierung  Keine Lieferung auf Datentr\u00e4ger (USB, CD, usw.)  Aktivierung online und per Telefon  NICHT kompatibel mit Apple macOS\u2122, Apple-Prozessoren, Parallels f\u00fcr Mac, Android-Ger\u00e4ten und Chromebooks.","og_url":"https:\/\/winandofficews.com\/es\/product\/microsoft-windows-10-professional-license-for-3-devices\/","og_site_name":"Win &amp; Office WS","article_publisher":"https:\/\/www.facebook.com\/winandofficews\/","article_modified_time":"2026-04-03T09:48:15+00:00","og_image":[{"width":1500,"height":1500,"url":"https:\/\/winandofficews.com\/wp-content\/uploads\/w10p.jpg","type":"image\/jpeg"}],"twitter_card":"summary_large_image","twitter_site":"@WINDOWSANDOFFI1","twitter_misc":{"Tiempo de lectura":"3 minutos"},"schema":{"@context":"https:\/\/schema.org","@graph":[{"@type":"WebPage","@id":"https:\/\/winandofficews.com\/product\/microsoft-windows-10-professional-license-for-3-devices\/","url":"https:\/\/winandofficews.com\/product\/microsoft-windows-10-professional-license-for-3-devices\/","name":"Microsoft Windows 10 Professional Lizenz f\u00fcr 3 PC - Win &amp; Office WS","isPartOf":{"@id":"https:\/\/winandofficews.com\/#website"},"primaryImageOfPage":{"@id":"https:\/\/winandofficews.com\/product\/microsoft-windows-10-professional-license-for-3-devices\/#primaryimage"},"image":{"@id":"https:\/\/winandofficews.com\/product\/microsoft-windows-10-professional-license-for-3-devices\/#primaryimage"},"thumbnailUrl":"https:\/\/winandofficews.com\/wp-content\/uploads\/w10p.jpg","datePublished":"2024-11-24T10:24:26+00:00","dateModified":"2026-04-03T09:48:15+00:00","breadcrumb":{"@id":"https:\/\/winandofficews.com\/product\/microsoft-windows-10-professional-license-for-3-devices\/#breadcrumb"},"inLanguage":"es","potentialAction":[{"@type":"ReadAction","target":["https:\/\/winandofficews.com\/product\/microsoft-windows-10-professional-license-for-3-devices\/"]}]},{"@type":"ImageObject","inLanguage":"es","@id":"https:\/\/winandofficews.com\/product\/microsoft-windows-10-professional-license-for-3-devices\/#primaryimage","url":"https:\/\/winandofficews.com\/wp-content\/uploads\/w10p.jpg","contentUrl":"https:\/\/winandofficews.com\/wp-content\/uploads\/w10p.jpg","width":1500,"height":1500},{"@type":"BreadcrumbList","@id":"https:\/\/winandofficews.com\/product\/microsoft-windows-10-professional-license-for-3-devices\/#breadcrumb","itemListElement":[{"@type":"ListItem","position":1,"name":"Home","item":"https:\/\/winandofficews.com\/"},{"@type":"ListItem","position":2,"name":"Shop","item":"https:\/\/winandofficews.com\/shop\/"},{"@type":"ListItem","position":3,"name":"Microsoft Windows 10 Professional Lizenz f\u00fcr 3 PC"}]},{"@type":"WebSite","@id":"https:\/\/winandofficews.com\/#website","url":"https:\/\/winandofficews.com\/","name":"Win & Office WS","description":"Wholesales Store of Office","publisher":{"@id":"https:\/\/winandofficews.com\/#organization"},"potentialAction":[{"@type":"SearchAction","target":{"@type":"EntryPoint","urlTemplate":"https:\/\/winandofficews.com\/?s={search_term_string}"},"query-input":{"@type":"PropertyValueSpecification","valueRequired":true,"valueName":"search_term_string"}}],"inLanguage":"es"},{"@type":"Organization","@id":"https:\/\/winandofficews.com\/#organization","name":"Win & Office WS","url":"https:\/\/winandofficews.com\/","logo":{"@type":"ImageObject","inLanguage":"es","@id":"https:\/\/winandofficews.com\/#\/schema\/logo\/image\/","url":"https:\/\/winandofficews.com\/wp-content\/uploads\/logo14.png","contentUrl":"https:\/\/winandofficews.com\/wp-content\/uploads\/logo14.png","width":322,"height":116,"caption":"Win & Office WS"},"image":{"@id":"https:\/\/winandofficews.com\/#\/schema\/logo\/image\/"},"sameAs":["https:\/\/www.facebook.com\/winandofficews\/","https:\/\/x.com\/WINDOWSANDOFFI1","https:\/\/www.instagram.com\/winandoffice.ws\/","https:\/\/de.pinterest.com\/winandofficews_official\/","https:\/\/www.tiktok.com\/@winandofficews","https:\/\/www.youtube.com\/channel\/UCPI87ZZIvl272mOtG5sL8Cg","https:\/\/de.trustpilot.com\/review\/winandofficews.com","https:\/\/www.trustami.com\/review\/win-and-office-wholesales-rating"]}]}},"_links":{"self":[{"href":"https:\/\/winandofficews.com\/es\/wp-json\/wp\/v2\/product\/8010","targetHints":{"allow":["GET"]}}],"collection":[{"href":"https:\/\/winandofficews.com\/es\/wp-json\/wp\/v2\/product"}],"about":[{"href":"https:\/\/winandofficews.com\/es\/wp-json\/wp\/v2\/types\/product"}],"replies":[{"embeddable":true,"href":"https:\/\/winandofficews.com\/es\/wp-json\/wp\/v2\/comments?post=8010"}],"wp:featuredmedia":[{"embeddable":true,"href":"https:\/\/winandofficews.com\/es\/wp-json\/wp\/v2\/media\/8011"}],"wp:attachment":[{"href":"https:\/\/winandofficews.com\/es\/wp-json\/wp\/v2\/media?parent=8010"}],"wp:term":[{"taxonomy":"product_brand","embeddable":true,"href":"https:\/\/winandofficews.com\/es\/wp-json\/wp\/v2\/product_brand?post=8010"},{"taxonomy":"product_cat","embeddable":true,"href":"https:\/\/winandofficews.com\/es\/wp-json\/wp\/v2\/product_cat?post=8010"},{"taxonomy":"product_tag","embeddable":true,"href":"https:\/\/winandofficews.com\/es\/wp-json\/wp\/v2\/product_tag?post=8010"}],"curies":[{"name":"wp","href":"https:\/\/api.w.org\/{rel}","templated":true}]}}