{"id":8007,"date":"2024-11-24T11:24:19","date_gmt":"2024-11-24T10:24:19","guid":{"rendered":"https:\/\/winandofficews.com\/?post_type=product&#038;p=8007"},"modified":"2026-04-03T11:48:15","modified_gmt":"2026-04-03T09:48:15","slug":"microsoft-windows-11-professional-microsoft-project-2021-professional-microsoft-office-2021-professional-microsoft-visio-2021-standard-license-for-3-devices","status":"publish","type":"product","link":"https:\/\/winandofficews.com\/es\/product\/microsoft-windows-11-professional-microsoft-project-2021-professional-microsoft-office-2021-professional-microsoft-visio-2021-standard-license-for-3-devices\/","title":{"rendered":"Microsoft Windows 11 Professional+ Microsoft Office 2021 Professional Plus + Microsoft Project 2021 Professional + Microsoft Visio 2021 Standard Licencia para 3PC"},"content":{"rendered":"<h3>Microsoft Windows 11 Profesional<\/h3>\n<p><strong>Con esta licencia, el software puede activarse en 3 dispositivos diferentes, por ejemplo, el PC de casa, el port\u00e1til y el PC del trabajo.<\/strong><\/p>\n<h4>Requisitos del sistema<\/h4>\n<ul>\n<li><strong>Procesador:<\/strong> 1 gigahercio (GHz) o m\u00e1s r\u00e1pido con 2 o m\u00e1s n\u00facleos en uno <strong><a href=\"https:\/\/www.microsoft.com\/de-de\/windows\/windows-11-specifications\" rel=\"noopener\">procesador de 64 bits compatible<\/a><\/strong> o SoC (sistema en un chip)<\/li>\n<li><strong>RAM:<\/strong> 4 gigabytes (GB)<\/li>\n<li><strong>Espacio de almacenamiento:<\/strong> 64 GB o m\u00e1s<\/li>\n<li><strong>Firmware del sistema:<\/strong> UEFI, compatible con Secure Boot<\/li>\n<li><strong>TPM:<\/strong> M\u00f3dulo de plataforma segura (TPM) versi\u00f3n 2.0<\/li>\n<li><strong>Tarjeta gr\u00e1fica:<\/strong> Compatible con DirectX 12 o superior con controlador WDDM 2.0<\/li>\n<li><strong>Pantalla:<\/strong> Pantalla de alta resoluci\u00f3n (720p) con una diagonal de m\u00e1s de 9 pulgadas, 8 bits por canal de color<\/li>\n<li><strong>Conexi\u00f3n a Internet y cuenta Microsoft:<\/strong>\n<ul>\n<li>Se requiere una conexi\u00f3n a Internet y una cuenta Microsoft para completar la configuraci\u00f3n del dispositivo en el primer uso.<\/li>\n<li>Para cambiar un dispositivo de Microsoft Windows 11 Home en modo S tambi\u00e9n se necesita una conexi\u00f3n a Internet<\/li>\n<li>Se requiere acceso a Internet para realizar actualizaciones y descargar y utilizar determinadas funciones.<\/li>\n<li>Algunas funciones requieren una cuenta Microsoft<\/li>\n<\/ul>\n<\/li>\n<\/ul>\n<p>Nota: Para m\u00e1s informaci\u00f3n, consulta el apartado \u201eM\u00e1s informaci\u00f3n sobre el espacio de almacenamiento para mantener Microsoft Windows 11 actualizado\u201c.<\/p>\n<p>Con el tiempo, puede haber requisitos adicionales para actualizaciones y requisitos para activar ciertas funciones dentro del sistema operativo.<\/p>\n<h3>Microsoft Project 2021 Profesional<\/h3>\n<p><strong>Con esta licencia, el software puede activarse en 3 dispositivos diferentes, por ejemplo, el PC de casa, el port\u00e1til y el PC del trabajo.<\/strong><\/p>\n<p>La potente Microsoft Project Professional 2021 Edition ofrece funciones ampliadas y nuevas interfaces para MS SharePoint, Microsoft Project Server y Skype. El software aprovecha al m\u00e1ximo las numerosas ventajas del sistema operativo Microsoft Windows 10 u 11, pero no es compatible con versiones anteriores de Microsoft Windows. MS Microsoft Project Professional 2021 est\u00e1 dirigido principalmente a los gestores de proyectos de las empresas que planifican, gestionan, documentan y posteriormente analizan sus proyectos individuales.<\/p>\n<h3>Microsoft Office 2021 Profesional<\/h3>\n<p><strong>Con esta licencia, el software puede activarse en 3 dispositivos diferentes, por ejemplo, el PC de casa, el port\u00e1til y el PC del trabajo.<\/strong><\/p>\n<p>Microsoft Office Los usuarios que utilizan toda la gama de aplicaciones en casa o en la oficina hacen bien en elegir el Microsoft Office 2021 Professional Plus Edition. Incluye todos los programas importantes: Word, Excel, Outlook, PowerPoint, Publisher y Access. OneNote puede descargarse ahora de la Microsoft Windows Store para tomar notas r\u00e1pidamente y tenerlas disponibles en todos los dispositivos a trav\u00e9s de la nube. Debido a la gran selecci\u00f3n de programas diferentes, la versi\u00f3n Professional Plus est\u00e1 dirigida principalmente a las personas que trabajan en casa o en la oficina y buscan una soluci\u00f3n potente y fiable para organizar documentos, hojas de c\u00e1lculo, etc.<\/p>\n<ul>\n<li><strong>Palabra<\/strong>Cree documentos de texto de calidad profesional en un abrir y cerrar de ojos.<\/li>\n<li><strong>Excel<\/strong>: Hojas de c\u00e1lculo inteligentes para la gesti\u00f3n de la informaci\u00f3n<\/li>\n<li><strong>Power Point<\/strong>Cree impresionantes presentaciones din\u00e1micas<\/li>\n<li><strong>OneNote<\/strong>Tu cuaderno digital<\/li>\n<li><strong>Outlook<\/strong>Facilitar la comunicaci\u00f3n<\/li>\n<li><strong>Editorial<\/strong>: Maquetaci\u00f3n de publicaciones profesionales<\/li>\n<li><strong>Acceda a<\/strong>Programaci\u00f3n de bases de datos para aplicaciones basadas en navegador<\/li>\n<li><strong>Equipos Microsoft<\/strong>M\u00e1s productividad gracias a la mensajer\u00eda instant\u00e1nea y las videoconferencias HD. (disponible para descarga por separado)<\/li>\n<\/ul>\n<p>NOTA: Debido a un <a href=\"https:\/\/blogs.microsoft.com\/eupolicy\/2023\/08\/31\/european-competition-teams-office-microsoft-365\/\" target=\"_blank\" rel=\"noopener\">Investigaci\u00f3n de la Comisi\u00f3n Europea<\/a>, Microsoft ya no ofrece una licencia Teams con los productos Office. Usted puede <a href=\"https:\/\/www.microsoft.com\/en-us\/microsoft-teams\/download-app\" target=\"_blank\" rel=\"noopener\">Descarga de equipos<\/a>, utilizarlo con una licencia gratuita o de pago (que se adquiere por separado), en funci\u00f3n de sus necesidades.<\/p>\n<h3>Microsoft Visio 2021 Standard<\/h3>\n<p><strong>Con esta licencia, el software puede activarse en 3 dispositivos diferentes, por ejemplo, el PC de casa, el port\u00e1til y el PC del trabajo.<\/strong><\/p>\n<p>Microsoft Visio Standard 2021 es la \u00faltima generaci\u00f3n del popular software Microsoft para crear y editar diagramas y visualizaciones. Microsoft Visio Standard es especialmente adecuado para empresas, ya que varios usuarios de un equipo o departamento pueden trabajar simult\u00e1neamente en los diagramas. Dispone de numerosas interfaces para compartir las visualizaciones terminadas interna y externamente con las personas seleccionadas. Microsoft ha trabajado intensamente en las plantillas y formas que se utilizan continuamente en Microsoft Visio. Tambi\u00e9n se han mejorado los estilos de los diagramas para hacerlos m\u00e1s impactantes visualmente y, al mismo tiempo, facilitar su lectura. Con Microsoft Visio Standard 2021, tambi\u00e9n tiene la opci\u00f3n de introducir datos en una visualizaci\u00f3n existente en tiempo real.<\/p>\n<p><strong>Apoyo:<\/strong><\/p>\n<p>Si tiene alguna pregunta, no dude en <a href=\"mailto:germany@dl-winandoffice.com\">por correo electr\u00f3nico<\/a> para ponerse en contacto con nosotros. Nuestro servicio de atenci\u00f3n al cliente est\u00e1 disponible 7 d\u00edas a la semana, 24 horas al d\u00eda.<\/p>","protected":false},"excerpt":{"rendered":"<ul>\n<li>Value pack Microsoft Windows 11 Pro + Microsoft Office 2021 Pro Plus + Microsoft Project 2021 Pro + Microsoft Visio 2021 Standard licencia para 3 PCs<\/li>\n<li><strong>Con esta licencia, el software puede activarse en 3 dispositivos diferentes, por ejemplo, el ordenador de casa, el port\u00e1til y el del trabajo.<\/strong><\/li>\n<li>Garant\u00eda de devoluci\u00f3n del dinero en 30 d\u00edas - Garant\u00eda de sustituci\u00f3n de por vida<\/li>\n<li>Disponible versi\u00f3n para sistemas de 64 bits<\/li>\n<li>Entrega por correo electr\u00f3nico: Clave del producto, instrucciones, enlaces de descarga y factura.<\/li>\n<li>Descarga instant\u00e1nea<\/li>\n<li>Sin l\u00edmite de tiempo, sin suscripci\u00f3n<\/li>\n<li>Asistencia gratuita para la instalaci\u00f3n y activaci\u00f3n<\/li>\n<li>No disponible en soportes de datos f\u00edsicos (USB, CD, etc.)<\/li>\n<li>Activaci\u00f3n en l\u00ednea o por tel\u00e9fono<\/li>\n<li><strong>Compatible con Windows<\/strong><\/li>\n<li><strong>No compatible con macOS\u2122, procesadores Apple, Parallels para Mac, dispositivos Android y Chromebooks.<\/strong><\/li>\n<\/ul>","protected":false},"featured_media":8008,"comment_status":"open","ping_status":"closed","template":"","meta":{"_acf_changed":false},"product_brand":[],"product_cat":[157],"product_tag":[],"class_list":{"0":"post-8007","1":"product","2":"type-product","3":"status-publish","4":"has-post-thumbnail","6":"product_cat-combo","8":"first","9":"instock","10":"sale","11":"virtual","12":"taxable","13":"purchasable","14":"product-type-simple"},"acf":[],"yoast_head":"<!-- This site is optimized with the Yoast SEO plugin v27.4 - https:\/\/yoast.com\/product\/yoast-seo-wordpress\/ -->\n<title>Microsoft Windows 11 Professional+ Microsoft Office 2021 Professional Plus + Microsoft Project 2021 Professional + Microsoft Visio 2021 Standard Lizenz f\u00fcr 3PC - Win &amp; Office WS<\/title>\n<meta name=\"robots\" content=\"index, follow, max-snippet:-1, max-image-preview:large, max-video-preview:-1\" \/>\n<link rel=\"canonical\" href=\"https:\/\/winandofficews.com\/es\/product\/microsoft-windows-11-professional-microsoft-project-2021-professional-microsoft-office-2021-professional-microsoft-visio-2021-standard-license-for-3-devices\/\" \/>\n<meta property=\"og:locale\" content=\"es_ES\" \/>\n<meta property=\"og:type\" content=\"article\" \/>\n<meta property=\"og:title\" content=\"Microsoft Windows 11 Professional+ Microsoft Office 2021 Professional Plus + Microsoft Project 2021 Professional + Microsoft Visio 2021 Standard Lizenz f\u00fcr 3PC - Win &amp; Office WS\" \/>\n<meta property=\"og:description\" content=\"Vorteilspaket Microsoft Windows 11 Pro + Microsoft Office 2021 Pro Plus + Microsoft Project 2021 Pro + Microsoft Visio 2021 Standard Lizenz f\u00fcr 3 PC  Mit dieser Lizenz kann die Software auf 3 verschiedenen Ger\u00e4ten aktiviert werden, z. B. Heim-PC, Notebook und Arbeits-PC  30 Tage Geld-zur\u00fcck-Garantie \u2013 Lebenslange Ersatzgarantie  Version f\u00fcr 64-Bit-Systeme verf\u00fcgbar  Lieferung per E-Mail: Produktschl\u00fcssel, Anleitung, Downloadlinks und Rechnung  Sofort-Download  Keine zeitliche Begrenzung, kein Abonnement  Kostenloser Support bei Installation und Aktivierung  Nicht verf\u00fcgbar auf physischen Datentr\u00e4gern (USB, CD usw.)  Aktivierung online oder telefonisch  Kompatibel mit Windows  Nicht kompatibel mit macOS\u2122, Apple-Prozessoren, Parallels f\u00fcr Mac, Android-Ger\u00e4ten und Chromebooks\" \/>\n<meta property=\"og:url\" content=\"https:\/\/winandofficews.com\/es\/product\/microsoft-windows-11-professional-microsoft-project-2021-professional-microsoft-office-2021-professional-microsoft-visio-2021-standard-license-for-3-devices\/\" \/>\n<meta property=\"og:site_name\" content=\"Win &amp; Office WS\" \/>\n<meta property=\"article:publisher\" content=\"https:\/\/www.facebook.com\/winandofficews\/\" \/>\n<meta property=\"article:modified_time\" content=\"2026-04-03T09:48:15+00:00\" \/>\n<meta property=\"og:image\" content=\"https:\/\/winandofficews.com\/wp-content\/uploads\/W11PO21PP21PV21S.png\" \/>\n\t<meta property=\"og:image:width\" content=\"600\" \/>\n\t<meta property=\"og:image:height\" content=\"600\" \/>\n\t<meta property=\"og:image:type\" content=\"image\/png\" \/>\n<meta name=\"twitter:card\" content=\"summary_large_image\" \/>\n<meta name=\"twitter:site\" content=\"@WINDOWSANDOFFI1\" \/>\n<meta name=\"twitter:label1\" content=\"Tiempo de lectura\" \/>\n\t<meta name=\"twitter:data1\" content=\"4 minutos\" \/>\n<script type=\"application\/ld+json\" class=\"yoast-schema-graph\">{\"@context\":\"https:\\\/\\\/schema.org\",\"@graph\":[{\"@type\":\"WebPage\",\"@id\":\"https:\\\/\\\/winandofficews.com\\\/product\\\/microsoft-windows-11-professional-microsoft-project-2021-professional-microsoft-office-2021-professional-microsoft-visio-2021-standard-license-for-3-devices\\\/\",\"url\":\"https:\\\/\\\/winandofficews.com\\\/product\\\/microsoft-windows-11-professional-microsoft-project-2021-professional-microsoft-office-2021-professional-microsoft-visio-2021-standard-license-for-3-devices\\\/\",\"name\":\"Microsoft Windows 11 Professional+ Microsoft Office 2021 Professional Plus + Microsoft Project 2021 Professional + Microsoft Visio 2021 Standard Lizenz f\u00fcr 3PC - Win &amp; Office WS\",\"isPartOf\":{\"@id\":\"https:\\\/\\\/winandofficews.com\\\/#website\"},\"primaryImageOfPage\":{\"@id\":\"https:\\\/\\\/winandofficews.com\\\/product\\\/microsoft-windows-11-professional-microsoft-project-2021-professional-microsoft-office-2021-professional-microsoft-visio-2021-standard-license-for-3-devices\\\/#primaryimage\"},\"image\":{\"@id\":\"https:\\\/\\\/winandofficews.com\\\/product\\\/microsoft-windows-11-professional-microsoft-project-2021-professional-microsoft-office-2021-professional-microsoft-visio-2021-standard-license-for-3-devices\\\/#primaryimage\"},\"thumbnailUrl\":\"https:\\\/\\\/winandofficews.com\\\/wp-content\\\/uploads\\\/W11PO21PP21PV21S.png\",\"datePublished\":\"2024-11-24T10:24:19+00:00\",\"dateModified\":\"2026-04-03T09:48:15+00:00\",\"breadcrumb\":{\"@id\":\"https:\\\/\\\/winandofficews.com\\\/product\\\/microsoft-windows-11-professional-microsoft-project-2021-professional-microsoft-office-2021-professional-microsoft-visio-2021-standard-license-for-3-devices\\\/#breadcrumb\"},\"inLanguage\":\"es\",\"potentialAction\":[{\"@type\":\"ReadAction\",\"target\":[\"https:\\\/\\\/winandofficews.com\\\/product\\\/microsoft-windows-11-professional-microsoft-project-2021-professional-microsoft-office-2021-professional-microsoft-visio-2021-standard-license-for-3-devices\\\/\"]}]},{\"@type\":\"ImageObject\",\"inLanguage\":\"es\",\"@id\":\"https:\\\/\\\/winandofficews.com\\\/product\\\/microsoft-windows-11-professional-microsoft-project-2021-professional-microsoft-office-2021-professional-microsoft-visio-2021-standard-license-for-3-devices\\\/#primaryimage\",\"url\":\"https:\\\/\\\/winandofficews.com\\\/wp-content\\\/uploads\\\/W11PO21PP21PV21S.png\",\"contentUrl\":\"https:\\\/\\\/winandofficews.com\\\/wp-content\\\/uploads\\\/W11PO21PP21PV21S.png\",\"width\":600,\"height\":600},{\"@type\":\"BreadcrumbList\",\"@id\":\"https:\\\/\\\/winandofficews.com\\\/product\\\/microsoft-windows-11-professional-microsoft-project-2021-professional-microsoft-office-2021-professional-microsoft-visio-2021-standard-license-for-3-devices\\\/#breadcrumb\",\"itemListElement\":[{\"@type\":\"ListItem\",\"position\":1,\"name\":\"Home\",\"item\":\"https:\\\/\\\/winandofficews.com\\\/\"},{\"@type\":\"ListItem\",\"position\":2,\"name\":\"Shop\",\"item\":\"https:\\\/\\\/winandofficews.com\\\/shop\\\/\"},{\"@type\":\"ListItem\",\"position\":3,\"name\":\"Microsoft Windows 11 Professional+ Microsoft Office 2021 Professional Plus + Microsoft Project 2021 Professional + Microsoft Visio 2021 Standard Lizenz f\u00fcr 3PC\"}]},{\"@type\":\"WebSite\",\"@id\":\"https:\\\/\\\/winandofficews.com\\\/#website\",\"url\":\"https:\\\/\\\/winandofficews.com\\\/\",\"name\":\"Win & Office WS\",\"description\":\"Wholesales Store of Office\",\"publisher\":{\"@id\":\"https:\\\/\\\/winandofficews.com\\\/#organization\"},\"potentialAction\":[{\"@type\":\"SearchAction\",\"target\":{\"@type\":\"EntryPoint\",\"urlTemplate\":\"https:\\\/\\\/winandofficews.com\\\/?s={search_term_string}\"},\"query-input\":{\"@type\":\"PropertyValueSpecification\",\"valueRequired\":true,\"valueName\":\"search_term_string\"}}],\"inLanguage\":\"es\"},{\"@type\":\"Organization\",\"@id\":\"https:\\\/\\\/winandofficews.com\\\/#organization\",\"name\":\"Win & Office WS\",\"url\":\"https:\\\/\\\/winandofficews.com\\\/\",\"logo\":{\"@type\":\"ImageObject\",\"inLanguage\":\"es\",\"@id\":\"https:\\\/\\\/winandofficews.com\\\/#\\\/schema\\\/logo\\\/image\\\/\",\"url\":\"https:\\\/\\\/winandofficews.com\\\/wp-content\\\/uploads\\\/logo14.png\",\"contentUrl\":\"https:\\\/\\\/winandofficews.com\\\/wp-content\\\/uploads\\\/logo14.png\",\"width\":322,\"height\":116,\"caption\":\"Win & Office WS\"},\"image\":{\"@id\":\"https:\\\/\\\/winandofficews.com\\\/#\\\/schema\\\/logo\\\/image\\\/\"},\"sameAs\":[\"https:\\\/\\\/www.facebook.com\\\/winandofficews\\\/\",\"https:\\\/\\\/x.com\\\/WINDOWSANDOFFI1\",\"https:\\\/\\\/www.instagram.com\\\/winandoffice.ws\\\/\",\"https:\\\/\\\/de.pinterest.com\\\/winandofficews_official\\\/\",\"https:\\\/\\\/www.tiktok.com\\\/@winandofficews\",\"https:\\\/\\\/www.youtube.com\\\/channel\\\/UCPI87ZZIvl272mOtG5sL8Cg\",\"https:\\\/\\\/de.trustpilot.com\\\/review\\\/winandofficews.com\",\"https:\\\/\\\/www.trustami.com\\\/review\\\/win-and-office-wholesales-rating\"]}]}<\/script>\n<!-- \/ Yoast SEO plugin. -->","yoast_head_json":{"title":"Microsoft Windows 11 Professional+ Microsoft Office 2021 Professional Plus + Microsoft Project 2021 Professional + Microsoft Visio 2021 Standard Licencia para 3PC - Win &amp; Office WS","robots":{"index":"index","follow":"follow","max-snippet":"max-snippet:-1","max-image-preview":"max-image-preview:large","max-video-preview":"max-video-preview:-1"},"canonical":"https:\/\/winandofficews.com\/es\/product\/microsoft-windows-11-professional-microsoft-project-2021-professional-microsoft-office-2021-professional-microsoft-visio-2021-standard-license-for-3-devices\/","og_locale":"es_ES","og_type":"article","og_title":"Microsoft Windows 11 Professional+ Microsoft Office 2021 Professional Plus + Microsoft Project 2021 Professional + Microsoft Visio 2021 Standard Lizenz f\u00fcr 3PC - Win &amp; Office WS","og_description":"Vorteilspaket Microsoft Windows 11 Pro + Microsoft Office 2021 Pro Plus + Microsoft Project 2021 Pro + Microsoft Visio 2021 Standard Lizenz f\u00fcr 3 PC  Mit dieser Lizenz kann die Software auf 3 verschiedenen Ger\u00e4ten aktiviert werden, z. B. Heim-PC, Notebook und Arbeits-PC  30 Tage Geld-zur\u00fcck-Garantie \u2013 Lebenslange Ersatzgarantie  Version f\u00fcr 64-Bit-Systeme verf\u00fcgbar  Lieferung per E-Mail: Produktschl\u00fcssel, Anleitung, Downloadlinks und Rechnung  Sofort-Download  Keine zeitliche Begrenzung, kein Abonnement  Kostenloser Support bei Installation und Aktivierung  Nicht verf\u00fcgbar auf physischen Datentr\u00e4gern (USB, CD usw.)  Aktivierung online oder telefonisch  Kompatibel mit Windows  Nicht kompatibel mit macOS\u2122, Apple-Prozessoren, Parallels f\u00fcr Mac, Android-Ger\u00e4ten und Chromebooks","og_url":"https:\/\/winandofficews.com\/es\/product\/microsoft-windows-11-professional-microsoft-project-2021-professional-microsoft-office-2021-professional-microsoft-visio-2021-standard-license-for-3-devices\/","og_site_name":"Win &amp; Office WS","article_publisher":"https:\/\/www.facebook.com\/winandofficews\/","article_modified_time":"2026-04-03T09:48:15+00:00","og_image":[{"width":600,"height":600,"url":"https:\/\/winandofficews.com\/wp-content\/uploads\/W11PO21PP21PV21S.png","type":"image\/png"}],"twitter_card":"summary_large_image","twitter_site":"@WINDOWSANDOFFI1","twitter_misc":{"Tiempo de lectura":"4 minutos"},"schema":{"@context":"https:\/\/schema.org","@graph":[{"@type":"WebPage","@id":"https:\/\/winandofficews.com\/product\/microsoft-windows-11-professional-microsoft-project-2021-professional-microsoft-office-2021-professional-microsoft-visio-2021-standard-license-for-3-devices\/","url":"https:\/\/winandofficews.com\/product\/microsoft-windows-11-professional-microsoft-project-2021-professional-microsoft-office-2021-professional-microsoft-visio-2021-standard-license-for-3-devices\/","name":"Microsoft Windows 11 Professional+ Microsoft Office 2021 Professional Plus + Microsoft Project 2021 Professional + Microsoft Visio 2021 Standard Licencia para 3PC - Win &amp; Office WS","isPartOf":{"@id":"https:\/\/winandofficews.com\/#website"},"primaryImageOfPage":{"@id":"https:\/\/winandofficews.com\/product\/microsoft-windows-11-professional-microsoft-project-2021-professional-microsoft-office-2021-professional-microsoft-visio-2021-standard-license-for-3-devices\/#primaryimage"},"image":{"@id":"https:\/\/winandofficews.com\/product\/microsoft-windows-11-professional-microsoft-project-2021-professional-microsoft-office-2021-professional-microsoft-visio-2021-standard-license-for-3-devices\/#primaryimage"},"thumbnailUrl":"https:\/\/winandofficews.com\/wp-content\/uploads\/W11PO21PP21PV21S.png","datePublished":"2024-11-24T10:24:19+00:00","dateModified":"2026-04-03T09:48:15+00:00","breadcrumb":{"@id":"https:\/\/winandofficews.com\/product\/microsoft-windows-11-professional-microsoft-project-2021-professional-microsoft-office-2021-professional-microsoft-visio-2021-standard-license-for-3-devices\/#breadcrumb"},"inLanguage":"es","potentialAction":[{"@type":"ReadAction","target":["https:\/\/winandofficews.com\/product\/microsoft-windows-11-professional-microsoft-project-2021-professional-microsoft-office-2021-professional-microsoft-visio-2021-standard-license-for-3-devices\/"]}]},{"@type":"ImageObject","inLanguage":"es","@id":"https:\/\/winandofficews.com\/product\/microsoft-windows-11-professional-microsoft-project-2021-professional-microsoft-office-2021-professional-microsoft-visio-2021-standard-license-for-3-devices\/#primaryimage","url":"https:\/\/winandofficews.com\/wp-content\/uploads\/W11PO21PP21PV21S.png","contentUrl":"https:\/\/winandofficews.com\/wp-content\/uploads\/W11PO21PP21PV21S.png","width":600,"height":600},{"@type":"BreadcrumbList","@id":"https:\/\/winandofficews.com\/product\/microsoft-windows-11-professional-microsoft-project-2021-professional-microsoft-office-2021-professional-microsoft-visio-2021-standard-license-for-3-devices\/#breadcrumb","itemListElement":[{"@type":"ListItem","position":1,"name":"Home","item":"https:\/\/winandofficews.com\/"},{"@type":"ListItem","position":2,"name":"Shop","item":"https:\/\/winandofficews.com\/shop\/"},{"@type":"ListItem","position":3,"name":"Microsoft Windows 11 Professional+ Microsoft Office 2021 Professional Plus + Microsoft Project 2021 Professional + Microsoft Visio 2021 Standard Lizenz f\u00fcr 3PC"}]},{"@type":"WebSite","@id":"https:\/\/winandofficews.com\/#website","url":"https:\/\/winandofficews.com\/","name":"Win &amp; Office WS","description":"Almac\u00e9n mayorista de Office","publisher":{"@id":"https:\/\/winandofficews.com\/#organization"},"potentialAction":[{"@type":"SearchAction","target":{"@type":"EntryPoint","urlTemplate":"https:\/\/winandofficews.com\/?s={search_term_string}"},"query-input":{"@type":"PropertyValueSpecification","valueRequired":true,"valueName":"search_term_string"}}],"inLanguage":"es"},{"@type":"Organization","@id":"https:\/\/winandofficews.com\/#organization","name":"Win &amp; Office WS","url":"https:\/\/winandofficews.com\/","logo":{"@type":"ImageObject","inLanguage":"es","@id":"https:\/\/winandofficews.com\/#\/schema\/logo\/image\/","url":"https:\/\/winandofficews.com\/wp-content\/uploads\/logo14.png","contentUrl":"https:\/\/winandofficews.com\/wp-content\/uploads\/logo14.png","width":322,"height":116,"caption":"Win & Office WS"},"image":{"@id":"https:\/\/winandofficews.com\/#\/schema\/logo\/image\/"},"sameAs":["https:\/\/www.facebook.com\/winandofficews\/","https:\/\/x.com\/WINDOWSANDOFFI1","https:\/\/www.instagram.com\/winandoffice.ws\/","https:\/\/de.pinterest.com\/winandofficews_official\/","https:\/\/www.tiktok.com\/@winandofficews","https:\/\/www.youtube.com\/channel\/UCPI87ZZIvl272mOtG5sL8Cg","https:\/\/de.trustpilot.com\/review\/winandofficews.com","https:\/\/www.trustami.com\/review\/win-and-office-wholesales-rating"]}]}},"_links":{"self":[{"href":"https:\/\/winandofficews.com\/es\/wp-json\/wp\/v2\/product\/8007","targetHints":{"allow":["GET"]}}],"collection":[{"href":"https:\/\/winandofficews.com\/es\/wp-json\/wp\/v2\/product"}],"about":[{"href":"https:\/\/winandofficews.com\/es\/wp-json\/wp\/v2\/types\/product"}],"replies":[{"embeddable":true,"href":"https:\/\/winandofficews.com\/es\/wp-json\/wp\/v2\/comments?post=8007"}],"wp:featuredmedia":[{"embeddable":true,"href":"https:\/\/winandofficews.com\/es\/wp-json\/wp\/v2\/media\/8008"}],"wp:attachment":[{"href":"https:\/\/winandofficews.com\/es\/wp-json\/wp\/v2\/media?parent=8007"}],"wp:term":[{"taxonomy":"product_brand","embeddable":true,"href":"https:\/\/winandofficews.com\/es\/wp-json\/wp\/v2\/product_brand?post=8007"},{"taxonomy":"product_cat","embeddable":true,"href":"https:\/\/winandofficews.com\/es\/wp-json\/wp\/v2\/product_cat?post=8007"},{"taxonomy":"product_tag","embeddable":true,"href":"https:\/\/winandofficews.com\/es\/wp-json\/wp\/v2\/product_tag?post=8007"}],"curies":[{"name":"wp","href":"https:\/\/api.w.org\/{rel}","templated":true}]}}