{"id":7995,"date":"2024-11-24T11:23:55","date_gmt":"2024-11-24T10:23:55","guid":{"rendered":"https:\/\/winandofficews.com\/?post_type=product&#038;p=7995"},"modified":"2026-04-03T11:48:15","modified_gmt":"2026-04-03T09:48:15","slug":"microsoft-windows-10-professional-microsoft-visio-2019-professional-microsoft-project-2019-professional-microsoft-office-2019-professional-plus-license-for-3-devices","status":"publish","type":"product","link":"https:\/\/winandofficews.com\/es\/product\/microsoft-windows-10-professional-microsoft-visio-2019-professional-microsoft-project-2019-professional-microsoft-office-2019-professional-plus-license-for-3-devices\/","title":{"rendered":"Microsoft Windows 10 Professional + Microsoft Visio 2019 Professional + Microsoft Project 2019 Professional + Microsoft Office 2019 Professional Plus Licencia para 3 dispositivos"},"content":{"rendered":"<p>Sparen Sie Zeit und Geld mit unserer Microsoft-Kombination aus den neuesten Versionen von Microsoft Windows, Microsoft Office, Microsoft Visio und Microsoft Project.<\/p>\n<ul>\n<li>Microsoft Windows 10 Professional<\/li>\n<li>Microsoft Office 2019 Professional Plus<\/li>\n<li>Microsoft Visio 2019 Professional<\/li>\n<li>Microsoft Project 2019 Professional<\/li>\n<\/ul>\n<hr>\n<p><strong>Microsoft Windows 10 Professional<\/strong><\/p>\n<p>Con Microsoft Windows 10 Professional, tendr\u00e1s un sistema operativo fiable en tu dispositivo. Te beneficiar\u00e1s de arranques m\u00e1s r\u00e1pidos del sistema, un men\u00fa de inicio familiar pero mejorado y nuevas formas de hacer las cosas r\u00e1pidamente. Tambi\u00e9n dispondr\u00e1s de nuevas funciones, como un navegador completamente nuevo para una navegaci\u00f3n web a\u00fan mejor y tu asistente digital personal Cortana. Cortana es tu asistente digital personal que te sigue en todos tus dispositivos Microsoft Windows 10 y te ayuda a hacer las cosas. Cortana aprende cada vez m\u00e1s sobre ti con el tiempo y puede ayudarte mejor cada d\u00eda. Microsoft Windows 10 Professional te ayuda de forma \u00f3ptima en todo lo que haces.<\/p>\n<p><strong>Microsoft Office 2019 Professional Plus<\/strong><\/p>\n<p>Entscheiden Sie sich noch heute f\u00fcr Microsoft Office 2019 Professional Plus und Sie erhalten die modernste B\u00fcrol\u00f6sung aus dem Hause Microsoft. Neben den bekannten Anwendungen erhalten Sie automatisch Zugriff auf browserbasierte Apps sowie Skype for Business. Durch vereinfachte Kommunikation k\u00f6nnen Sie noch effektiver mit anderen Personen zusammenarbeiten.<\/p>\n<p>Alles was Sie ben\u00f6tigen auf einen Blick:<\/p>\n<ul>\n<li><strong>Word 2019<\/strong> \u2013 f\u00fcr die Erstellung und Bearbeitung Ihrer Texte und Dokumente<\/li>\n<li><strong>Excel 2019<\/strong> \u2013 f\u00fcr die Bearbeitung von Datens\u00e4tzen in Tabellenform<\/li>\n<li><strong>PowerPoint 2019<\/strong> \u2013 f\u00fcr die Erstellung mitrei\u00dfender Pr\u00e4sentationen<\/li>\n<li><strong>Outlook 2019<\/strong> \u2013 f\u00fcr die Verwaltung von E-Mails, Kontakten, Terminen und Aufgaben<\/li>\n<li><strong>Publisher 2019<\/strong> \u2013 f\u00fcr die einfache Erstellung professionell aussehender Publikationen<\/li>\n<li><strong>Access 2019<\/strong> \u2013 f\u00fcr Datenbankerstellung mit Internetzugriff<\/li>\n<li><strong>Lync 2019<\/strong> (Skype for Business) \u2013 f\u00fcr mehr Produktivit\u00e4t durch Instant Messaging und einfache Kommunikation sowie Zusammenarbeit mit HD-Videokonferenzen<\/li>\n<li><strong>Web Apps<\/strong> (Word, Excel, PowerPoint)<\/li>\n<\/ul>\n<p>OneNote ist nicht mehr Bestandteil des Microsoft Office Pakets, sondern steht als Standardanwendung in Microsoft Windows 10 zur Verf\u00fcgung, welches Voraussetzung f\u00fcr die Verwendung von Microsoft Office 2019 ist. <strong>\u00c4ltere Microsoft Windows Versionen werden nicht unterst\u00fctzt.<\/strong><\/p>\n<p><strong>Microsoft Visio 2019 Professional<\/strong><\/p>\n<p>Das Visualisierungsprogramm Microsoft Visio Professional 2019 bietet Ihnen die M\u00f6glichkeit, Gesch\u00e4ftsorganigramme, Ablaufprozesse, Schaltkreise oder technische Zeichnungen zu entwerfen. Zahlreiche Vorlagen nach Branchenstandards wie BPMN oder SDL lassen Sie beispielsweise auch UML-Diagramme oder Geb\u00e4udegrundrisse abbilden. Im Programm k\u00f6nnen Sie direkt \u00fcberpr\u00fcfen, ob die erstellten Diagramme alle Anforderungen erf\u00fcllen. Mit Microsoft Visio Professional 2019 k\u00f6nnen Sie mit anderen Personen gleichzeitig an einem Projekt arbeiten und werden bei \u00c4nderungen benachrichtigt. Bei Bedarf hinterlassen Sie Kommentare oder Antworten selbst auf Anmerkungen Ihrer Kollegen. Ihre in Microsoft Visio Professional 2019 enthaltenen Daten verkn\u00fcpfen Sie auf Wunsch mit externen Quellen wie Excel-Arbeitsmappen, Access-Datenbanken oder Exchange-Server-Verzeichnissen. Ihre Ergebnisse speichern Sie unter anderem in Formaten wie PDF, AutoCAD, JPG und XML oder bereiten das Projekt f\u00fcr eine Ver\u00f6ffentlichung im Internet oder auf einem SharePoint-Server auf.<\/p>\n<p><strong>Microsoft Project 2019 Professional<\/strong><\/p>\n<p>Arbeiten Sie mit anderen zusammen, um im Handumdrehen erfolgreiche Projekte zu starten und umzusetzen. Umfasst alle Funktionen von Microsoft Project Standard plus L\u00f6sungen f\u00fcr die Zusammenarbeit, f\u00fcr das Ressourcenmanagement, die SharePoint-Aufgabensynchronisierung, das \u00dcbermitteln von Arbeitszeittabellen und vieles mehr. Microsoft Project Professional 2019 bietet flexible Funktionen, die Ihnen helfen, Projekte zu planen, den Status zu verfolgen und mit anderen von praktisch \u00fcberall zusammenzuarbeiten. Die Anwendung bietet Echtzeitkommunikation und Instant Messaging, die direkt in Ihrem Projektplan \u00fcber Skype for Business aktiviert sind, und konsolidiert alle potenziellen Projektressourcen in einer einzigen Ansicht.<\/p>\n<p><strong>Unterst\u00fctzung:<\/strong><\/p>\n<p>Si tiene alguna pregunta, no dude en <a href=\"mailto:germany@dl-winandoffice.com\">por correo electr\u00f3nico<\/a> para ponerse en contacto con nosotros. Nuestro servicio de atenci\u00f3n al cliente est\u00e1 disponible 7 d\u00edas a la semana, 24 horas al d\u00eda.<\/p>","protected":false},"excerpt":{"rendered":"<ul>\n<li>Microsoft Windows 10 Professional &amp; Microsoft Office 2019 Professional Plus &amp; Microsoft Visio 2019 Professional &amp; Microsoft Project 2019 Professional f\u00fcr 1 PC<\/li>\n<li>Versiones disponibles para sistemas de 32 y 64 bits<\/li>\n<li>Env\u00edo por correo electr\u00f3nico: Clave del producto, instrucciones, enlaces de descarga, factura<\/li>\n<li><strong>30 d\u00edas de reembolso completo - \u00a1\u00a1\u00a1Garant\u00eda de sustituci\u00f3n de por vida!!!<\/strong><\/li>\n<li>Descarga inmediata<\/li>\n<li>Sin l\u00edmite de tiempo, sin suscripci\u00f3n<\/li>\n<li>Asistencia gratuita para la instalaci\u00f3n y activaci\u00f3n<\/li>\n<li>No entrega en soportes de datos (USB, CD, etc.)<\/li>\n<li>Activaci\u00f3n en l\u00ednea y por tel\u00e9fono<\/li>\n<li><strong>Este producto es compatible con Windows.<\/strong><\/li>\n<li><strong>NO compatible con Apple macOS\u2122, procesadores Apple, Parallels para Mac, dispositivos Android y Chromebooks.<\/strong><\/li>\n<\/ul>","protected":false},"featured_media":7996,"comment_status":"open","ping_status":"closed","template":"","meta":{"_acf_changed":false},"product_brand":[],"product_cat":[157,155,158],"product_tag":[],"class_list":{"0":"post-7995","1":"product","2":"type-product","3":"status-publish","4":"has-post-thumbnail","6":"product_cat-combo","7":"product_cat-microsoft-office","8":"product_cat-microsoft-windows","10":"first","11":"instock","12":"sale","13":"virtual","14":"taxable","15":"purchasable","16":"product-type-simple"},"acf":[],"yoast_head":"<!-- This site is optimized with the Yoast SEO plugin v27.3 - https:\/\/yoast.com\/product\/yoast-seo-wordpress\/ -->\n<title>Microsoft Windows 10 Professional + Microsoft Visio 2019 Professional + Microsoft Project 2019 Professional + Microsoft Office 2019 Professional Plus License for 3 devices - Win &amp; Office WS<\/title>\n<meta name=\"robots\" content=\"index, follow, max-snippet:-1, max-image-preview:large, max-video-preview:-1\" \/>\n<link rel=\"canonical\" href=\"https:\/\/winandofficews.com\/es\/product\/microsoft-windows-10-professional-microsoft-visio-2019-professional-microsoft-project-2019-professional-microsoft-office-2019-professional-plus-license-for-3-devices\/\" \/>\n<meta property=\"og:locale\" content=\"es_ES\" \/>\n<meta property=\"og:type\" content=\"article\" \/>\n<meta property=\"og:title\" content=\"Microsoft Windows 10 Professional + Microsoft Visio 2019 Professional + Microsoft Project 2019 Professional + Microsoft Office 2019 Professional Plus License for 3 devices - Win &amp; Office WS\" \/>\n<meta property=\"og:description\" content=\"Microsoft Windows 10 Professional &amp; Microsoft Office 2019 Professional Plus &amp; Microsoft Visio 2019 Professional &amp; Microsoft Project 2019 Professional f\u00fcr 1 PC  Versionen f\u00fcr 32 und 64 Bit Systeme verf\u00fcgbar  Versand per E-Mail: Produktschl\u00fcssel, Anleitung, Downloadlinks, Rechnung  30 Tage volle R\u00fcckerstattung \u2013 Lebenslange Ersatzgarantie!!!  Sofort-Download!  Keine zeitliche Begrenzung, kein Abo  Gratis Support bei der Installation und Aktivierung  Keine Lieferung auf Datentr\u00e4ger (USB, CD, usw.)  Aktivierung online und per Telefon  Dieses Produkt ist mit Windows kompatibel.  NICHT kompatibel mit Apple macOS\u2122, Apple-Prozessoren, Parallels f\u00fcr Mac, Android-Ger\u00e4ten und Chromebooks.\" \/>\n<meta property=\"og:url\" content=\"https:\/\/winandofficews.com\/es\/product\/microsoft-windows-10-professional-microsoft-visio-2019-professional-microsoft-project-2019-professional-microsoft-office-2019-professional-plus-license-for-3-devices\/\" \/>\n<meta property=\"og:site_name\" content=\"Win &amp; Office WS\" \/>\n<meta property=\"article:publisher\" content=\"https:\/\/www.facebook.com\/winandofficews\/\" \/>\n<meta property=\"article:modified_time\" content=\"2026-04-03T09:48:15+00:00\" \/>\n<meta property=\"og:image\" content=\"https:\/\/winandofficews.com\/wp-content\/uploads\/W10PO19PP19PV19P.png\" \/>\n\t<meta property=\"og:image:width\" content=\"600\" \/>\n\t<meta property=\"og:image:height\" content=\"600\" \/>\n\t<meta property=\"og:image:type\" content=\"image\/png\" \/>\n<meta name=\"twitter:card\" content=\"summary_large_image\" \/>\n<meta name=\"twitter:site\" content=\"@WINDOWSANDOFFI1\" \/>\n<meta name=\"twitter:label1\" content=\"Tiempo de lectura\" \/>\n\t<meta name=\"twitter:data1\" content=\"4 minutos\" \/>\n<script type=\"application\/ld+json\" class=\"yoast-schema-graph\">{\"@context\":\"https:\\\/\\\/schema.org\",\"@graph\":[{\"@type\":\"WebPage\",\"@id\":\"https:\\\/\\\/winandofficews.com\\\/product\\\/microsoft-windows-10-professional-microsoft-visio-2019-professional-microsoft-project-2019-professional-microsoft-office-2019-professional-plus-license-for-3-devices\\\/\",\"url\":\"https:\\\/\\\/winandofficews.com\\\/product\\\/microsoft-windows-10-professional-microsoft-visio-2019-professional-microsoft-project-2019-professional-microsoft-office-2019-professional-plus-license-for-3-devices\\\/\",\"name\":\"Microsoft Windows 10 Professional + Microsoft Visio 2019 Professional + Microsoft Project 2019 Professional + Microsoft Office 2019 Professional Plus License for 3 devices - Win &amp; Office WS\",\"isPartOf\":{\"@id\":\"https:\\\/\\\/winandofficews.com\\\/#website\"},\"primaryImageOfPage\":{\"@id\":\"https:\\\/\\\/winandofficews.com\\\/product\\\/microsoft-windows-10-professional-microsoft-visio-2019-professional-microsoft-project-2019-professional-microsoft-office-2019-professional-plus-license-for-3-devices\\\/#primaryimage\"},\"image\":{\"@id\":\"https:\\\/\\\/winandofficews.com\\\/product\\\/microsoft-windows-10-professional-microsoft-visio-2019-professional-microsoft-project-2019-professional-microsoft-office-2019-professional-plus-license-for-3-devices\\\/#primaryimage\"},\"thumbnailUrl\":\"https:\\\/\\\/winandofficews.com\\\/wp-content\\\/uploads\\\/W10PO19PP19PV19P.png\",\"datePublished\":\"2024-11-24T10:23:55+00:00\",\"dateModified\":\"2026-04-03T09:48:15+00:00\",\"breadcrumb\":{\"@id\":\"https:\\\/\\\/winandofficews.com\\\/product\\\/microsoft-windows-10-professional-microsoft-visio-2019-professional-microsoft-project-2019-professional-microsoft-office-2019-professional-plus-license-for-3-devices\\\/#breadcrumb\"},\"inLanguage\":\"es\",\"potentialAction\":[{\"@type\":\"ReadAction\",\"target\":[\"https:\\\/\\\/winandofficews.com\\\/product\\\/microsoft-windows-10-professional-microsoft-visio-2019-professional-microsoft-project-2019-professional-microsoft-office-2019-professional-plus-license-for-3-devices\\\/\"]}]},{\"@type\":\"ImageObject\",\"inLanguage\":\"es\",\"@id\":\"https:\\\/\\\/winandofficews.com\\\/product\\\/microsoft-windows-10-professional-microsoft-visio-2019-professional-microsoft-project-2019-professional-microsoft-office-2019-professional-plus-license-for-3-devices\\\/#primaryimage\",\"url\":\"https:\\\/\\\/winandofficews.com\\\/wp-content\\\/uploads\\\/W10PO19PP19PV19P.png\",\"contentUrl\":\"https:\\\/\\\/winandofficews.com\\\/wp-content\\\/uploads\\\/W10PO19PP19PV19P.png\",\"width\":600,\"height\":600},{\"@type\":\"BreadcrumbList\",\"@id\":\"https:\\\/\\\/winandofficews.com\\\/product\\\/microsoft-windows-10-professional-microsoft-visio-2019-professional-microsoft-project-2019-professional-microsoft-office-2019-professional-plus-license-for-3-devices\\\/#breadcrumb\",\"itemListElement\":[{\"@type\":\"ListItem\",\"position\":1,\"name\":\"Home\",\"item\":\"https:\\\/\\\/winandofficews.com\\\/\"},{\"@type\":\"ListItem\",\"position\":2,\"name\":\"Shop\",\"item\":\"https:\\\/\\\/winandofficews.com\\\/shop\\\/\"},{\"@type\":\"ListItem\",\"position\":3,\"name\":\"Microsoft Windows 10 Professional + Microsoft Visio 2019 Professional + Microsoft Project 2019 Professional + Microsoft Office 2019 Professional Plus License for 3 devices\"}]},{\"@type\":\"WebSite\",\"@id\":\"https:\\\/\\\/winandofficews.com\\\/#website\",\"url\":\"https:\\\/\\\/winandofficews.com\\\/\",\"name\":\"Win & Office WS\",\"description\":\"Wholesales Store of Office\",\"publisher\":{\"@id\":\"https:\\\/\\\/winandofficews.com\\\/#organization\"},\"potentialAction\":[{\"@type\":\"SearchAction\",\"target\":{\"@type\":\"EntryPoint\",\"urlTemplate\":\"https:\\\/\\\/winandofficews.com\\\/?s={search_term_string}\"},\"query-input\":{\"@type\":\"PropertyValueSpecification\",\"valueRequired\":true,\"valueName\":\"search_term_string\"}}],\"inLanguage\":\"es\"},{\"@type\":\"Organization\",\"@id\":\"https:\\\/\\\/winandofficews.com\\\/#organization\",\"name\":\"Win & Office WS\",\"url\":\"https:\\\/\\\/winandofficews.com\\\/\",\"logo\":{\"@type\":\"ImageObject\",\"inLanguage\":\"es\",\"@id\":\"https:\\\/\\\/winandofficews.com\\\/#\\\/schema\\\/logo\\\/image\\\/\",\"url\":\"https:\\\/\\\/winandofficews.com\\\/wp-content\\\/uploads\\\/logo14.png\",\"contentUrl\":\"https:\\\/\\\/winandofficews.com\\\/wp-content\\\/uploads\\\/logo14.png\",\"width\":322,\"height\":116,\"caption\":\"Win & Office WS\"},\"image\":{\"@id\":\"https:\\\/\\\/winandofficews.com\\\/#\\\/schema\\\/logo\\\/image\\\/\"},\"sameAs\":[\"https:\\\/\\\/www.facebook.com\\\/winandofficews\\\/\",\"https:\\\/\\\/x.com\\\/WINDOWSANDOFFI1\",\"https:\\\/\\\/www.instagram.com\\\/winandoffice.ws\\\/\",\"https:\\\/\\\/de.pinterest.com\\\/winandofficews_official\\\/\",\"https:\\\/\\\/www.tiktok.com\\\/@winandofficews\",\"https:\\\/\\\/www.youtube.com\\\/channel\\\/UCPI87ZZIvl272mOtG5sL8Cg\",\"https:\\\/\\\/de.trustpilot.com\\\/review\\\/winandofficews.com\",\"https:\\\/\\\/www.trustami.com\\\/review\\\/win-and-office-wholesales-rating\"]}]}<\/script>\n<!-- \/ Yoast SEO plugin. -->","yoast_head_json":{"title":"Microsoft Windows 10 Professional + Microsoft Visio 2019 Professional + Microsoft Project 2019 Professional + Microsoft Office 2019 Professional Plus License for 3 devices - Win &amp; Office WS","robots":{"index":"index","follow":"follow","max-snippet":"max-snippet:-1","max-image-preview":"max-image-preview:large","max-video-preview":"max-video-preview:-1"},"canonical":"https:\/\/winandofficews.com\/es\/product\/microsoft-windows-10-professional-microsoft-visio-2019-professional-microsoft-project-2019-professional-microsoft-office-2019-professional-plus-license-for-3-devices\/","og_locale":"es_ES","og_type":"article","og_title":"Microsoft Windows 10 Professional + Microsoft Visio 2019 Professional + Microsoft Project 2019 Professional + Microsoft Office 2019 Professional Plus License for 3 devices - Win &amp; Office WS","og_description":"Microsoft Windows 10 Professional &amp; Microsoft Office 2019 Professional Plus &amp; Microsoft Visio 2019 Professional &amp; Microsoft Project 2019 Professional f\u00fcr 1 PC  Versionen f\u00fcr 32 und 64 Bit Systeme verf\u00fcgbar  Versand per E-Mail: Produktschl\u00fcssel, Anleitung, Downloadlinks, Rechnung  30 Tage volle R\u00fcckerstattung \u2013 Lebenslange Ersatzgarantie!!!  Sofort-Download!  Keine zeitliche Begrenzung, kein Abo  Gratis Support bei der Installation und Aktivierung  Keine Lieferung auf Datentr\u00e4ger (USB, CD, usw.)  Aktivierung online und per Telefon  Dieses Produkt ist mit Windows kompatibel.  NICHT kompatibel mit Apple macOS\u2122, Apple-Prozessoren, Parallels f\u00fcr Mac, Android-Ger\u00e4ten und Chromebooks.","og_url":"https:\/\/winandofficews.com\/es\/product\/microsoft-windows-10-professional-microsoft-visio-2019-professional-microsoft-project-2019-professional-microsoft-office-2019-professional-plus-license-for-3-devices\/","og_site_name":"Win &amp; Office WS","article_publisher":"https:\/\/www.facebook.com\/winandofficews\/","article_modified_time":"2026-04-03T09:48:15+00:00","og_image":[{"width":600,"height":600,"url":"https:\/\/winandofficews.com\/wp-content\/uploads\/W10PO19PP19PV19P.png","type":"image\/png"}],"twitter_card":"summary_large_image","twitter_site":"@WINDOWSANDOFFI1","twitter_misc":{"Tiempo de lectura":"4 minutos"},"schema":{"@context":"https:\/\/schema.org","@graph":[{"@type":"WebPage","@id":"https:\/\/winandofficews.com\/product\/microsoft-windows-10-professional-microsoft-visio-2019-professional-microsoft-project-2019-professional-microsoft-office-2019-professional-plus-license-for-3-devices\/","url":"https:\/\/winandofficews.com\/product\/microsoft-windows-10-professional-microsoft-visio-2019-professional-microsoft-project-2019-professional-microsoft-office-2019-professional-plus-license-for-3-devices\/","name":"Microsoft Windows 10 Professional + Microsoft Visio 2019 Professional + Microsoft Project 2019 Professional + Microsoft Office 2019 Professional Plus License for 3 devices - Win &amp; Office WS","isPartOf":{"@id":"https:\/\/winandofficews.com\/#website"},"primaryImageOfPage":{"@id":"https:\/\/winandofficews.com\/product\/microsoft-windows-10-professional-microsoft-visio-2019-professional-microsoft-project-2019-professional-microsoft-office-2019-professional-plus-license-for-3-devices\/#primaryimage"},"image":{"@id":"https:\/\/winandofficews.com\/product\/microsoft-windows-10-professional-microsoft-visio-2019-professional-microsoft-project-2019-professional-microsoft-office-2019-professional-plus-license-for-3-devices\/#primaryimage"},"thumbnailUrl":"https:\/\/winandofficews.com\/wp-content\/uploads\/W10PO19PP19PV19P.png","datePublished":"2024-11-24T10:23:55+00:00","dateModified":"2026-04-03T09:48:15+00:00","breadcrumb":{"@id":"https:\/\/winandofficews.com\/product\/microsoft-windows-10-professional-microsoft-visio-2019-professional-microsoft-project-2019-professional-microsoft-office-2019-professional-plus-license-for-3-devices\/#breadcrumb"},"inLanguage":"es","potentialAction":[{"@type":"ReadAction","target":["https:\/\/winandofficews.com\/product\/microsoft-windows-10-professional-microsoft-visio-2019-professional-microsoft-project-2019-professional-microsoft-office-2019-professional-plus-license-for-3-devices\/"]}]},{"@type":"ImageObject","inLanguage":"es","@id":"https:\/\/winandofficews.com\/product\/microsoft-windows-10-professional-microsoft-visio-2019-professional-microsoft-project-2019-professional-microsoft-office-2019-professional-plus-license-for-3-devices\/#primaryimage","url":"https:\/\/winandofficews.com\/wp-content\/uploads\/W10PO19PP19PV19P.png","contentUrl":"https:\/\/winandofficews.com\/wp-content\/uploads\/W10PO19PP19PV19P.png","width":600,"height":600},{"@type":"BreadcrumbList","@id":"https:\/\/winandofficews.com\/product\/microsoft-windows-10-professional-microsoft-visio-2019-professional-microsoft-project-2019-professional-microsoft-office-2019-professional-plus-license-for-3-devices\/#breadcrumb","itemListElement":[{"@type":"ListItem","position":1,"name":"Home","item":"https:\/\/winandofficews.com\/"},{"@type":"ListItem","position":2,"name":"Shop","item":"https:\/\/winandofficews.com\/shop\/"},{"@type":"ListItem","position":3,"name":"Microsoft Windows 10 Professional + Microsoft Visio 2019 Professional + Microsoft Project 2019 Professional + Microsoft Office 2019 Professional Plus License for 3 devices"}]},{"@type":"WebSite","@id":"https:\/\/winandofficews.com\/#website","url":"https:\/\/winandofficews.com\/","name":"Win & Office WS","description":"Wholesales Store of Office","publisher":{"@id":"https:\/\/winandofficews.com\/#organization"},"potentialAction":[{"@type":"SearchAction","target":{"@type":"EntryPoint","urlTemplate":"https:\/\/winandofficews.com\/?s={search_term_string}"},"query-input":{"@type":"PropertyValueSpecification","valueRequired":true,"valueName":"search_term_string"}}],"inLanguage":"es"},{"@type":"Organization","@id":"https:\/\/winandofficews.com\/#organization","name":"Win & Office WS","url":"https:\/\/winandofficews.com\/","logo":{"@type":"ImageObject","inLanguage":"es","@id":"https:\/\/winandofficews.com\/#\/schema\/logo\/image\/","url":"https:\/\/winandofficews.com\/wp-content\/uploads\/logo14.png","contentUrl":"https:\/\/winandofficews.com\/wp-content\/uploads\/logo14.png","width":322,"height":116,"caption":"Win & Office WS"},"image":{"@id":"https:\/\/winandofficews.com\/#\/schema\/logo\/image\/"},"sameAs":["https:\/\/www.facebook.com\/winandofficews\/","https:\/\/x.com\/WINDOWSANDOFFI1","https:\/\/www.instagram.com\/winandoffice.ws\/","https:\/\/de.pinterest.com\/winandofficews_official\/","https:\/\/www.tiktok.com\/@winandofficews","https:\/\/www.youtube.com\/channel\/UCPI87ZZIvl272mOtG5sL8Cg","https:\/\/de.trustpilot.com\/review\/winandofficews.com","https:\/\/www.trustami.com\/review\/win-and-office-wholesales-rating"]}]}},"_links":{"self":[{"href":"https:\/\/winandofficews.com\/es\/wp-json\/wp\/v2\/product\/7995","targetHints":{"allow":["GET"]}}],"collection":[{"href":"https:\/\/winandofficews.com\/es\/wp-json\/wp\/v2\/product"}],"about":[{"href":"https:\/\/winandofficews.com\/es\/wp-json\/wp\/v2\/types\/product"}],"replies":[{"embeddable":true,"href":"https:\/\/winandofficews.com\/es\/wp-json\/wp\/v2\/comments?post=7995"}],"wp:featuredmedia":[{"embeddable":true,"href":"https:\/\/winandofficews.com\/es\/wp-json\/wp\/v2\/media\/7996"}],"wp:attachment":[{"href":"https:\/\/winandofficews.com\/es\/wp-json\/wp\/v2\/media?parent=7995"}],"wp:term":[{"taxonomy":"product_brand","embeddable":true,"href":"https:\/\/winandofficews.com\/es\/wp-json\/wp\/v2\/product_brand?post=7995"},{"taxonomy":"product_cat","embeddable":true,"href":"https:\/\/winandofficews.com\/es\/wp-json\/wp\/v2\/product_cat?post=7995"},{"taxonomy":"product_tag","embeddable":true,"href":"https:\/\/winandofficews.com\/es\/wp-json\/wp\/v2\/product_tag?post=7995"}],"curies":[{"name":"wp","href":"https:\/\/api.w.org\/{rel}","templated":true}]}}