{"id":7987,"date":"2024-11-24T11:23:33","date_gmt":"2024-11-24T10:23:33","guid":{"rendered":"https:\/\/winandofficews.com\/?post_type=product&#038;p=7987"},"modified":"2026-04-20T16:46:09","modified_gmt":"2026-04-20T14:46:09","slug":"microsoft-windows-10-home-microsoft-office-2021-professional-plus","status":"publish","type":"product","link":"https:\/\/winandofficews.com\/es\/product\/microsoft-windows-10-home-microsoft-office-2021-professional-plus\/","title":{"rendered":"Microsoft Windows 10 Home + Microsoft Office 2021 Professional Plus"},"content":{"rendered":"<h3><strong>Microsoft Windows 10 Hogar<\/strong><\/h3>\n<p>Con un ordenador con Microsoft Windows 10 Home, todas las opciones est\u00e1n abiertas para ti.<\/p>\n<ul>\n<li>Funciones de seguridad integradas, como software antivirus, cortafuegos y mecanismos de protecci\u00f3n en Internet.<\/li>\n<li>Escanee su cara o huella dactilar con Microsoft Windows Hello para desbloquear su ordenador de forma r\u00e1pida, segura y sin contrase\u00f1a.<\/li>\n<li>El asistente de notificaciones te permite bloquear notificaciones, sonidos y alertas para que no te distraigas mientras trabajas.<\/li>\n<li>Puedes utilizar la l\u00ednea de tiempo para desplazarte r\u00e1pida y f\u00e1cilmente por los documentos, aplicaciones y sitios web que hayas utilizado m\u00e1s recientemente.<\/li>\n<li>Con Microsoft Photos puedes organizar, explorar, editar y compartir f\u00e1cilmente tus fotos y v\u00eddeos<\/li>\n<li>Con Game Bar, puedes retransmitir tus partidas en directo al instante, hacer grabaciones de pantalla y ajustar con precisi\u00f3n la configuraci\u00f3n de audio.<\/li>\n<\/ul>\n<p>Se beneficiar\u00e1 de arranques m\u00e1s r\u00e1pidos del sistema, un men\u00fa de inicio familiar pero mejorado y nuevas formas de completar tareas de forma r\u00e1pida y eficaz. Tambi\u00e9n dispondr\u00e1s de nuevas funciones, como un navegador moderno para navegar mejor por la web y tu asistente digital personal Cortana. Cortana te acompa\u00f1a en todos tus dispositivos Microsoft Windows 10 y te ayuda a hacer las cosas con eficacia.<\/p>\n<p><strong>Microsoft Windows 10 Hogar<\/strong> te ayuda de forma \u00f3ptima en todo lo que haces. Mantenga una visi\u00f3n de conjunto con s\u00f3lo acoplar aplicaciones y optimizar la pantalla para un trabajo m\u00e1s productivo. Acople hasta cuatro aplicaciones simult\u00e1neamente y cree escritorios virtuales si necesita m\u00e1s espacio o quiere agrupar contenidos para un proyecto.<\/p>\n<p><strong>Microsoft Windows 10<\/strong> es compatible con el hardware, el software y los perif\u00e9ricos que ya posee. Mant\u00e9n tu sistema actualizado con nuevas funciones y caracter\u00edsticas de seguridad durante toda la vida \u00fatil del producto.<\/p>\n<h4><strong>Requisitos del sistema<\/strong><\/h4>\n<ul>\n<li>Procesador de al menos 1 GHz o superior<\/li>\n<li>1 GB RAM (32 bits), 2 GB RAM (64 bits)<\/li>\n<li>20 GB de espacio disponible en el disco duro<\/li>\n<li>Tarjeta gr\u00e1fica con procesador gr\u00e1fico DirectX 9 y controlador WDDM<\/li>\n<\/ul>\n<h3><strong>Microsoft Office 2021 Profesional Plus<\/strong><\/h3>\n<p>El Microsoft Office 2021 Professional Plus Edition es ideal para los usuarios que desean utilizar toda la gama de aplicaciones en casa o en la oficina. Incluye toda la gama de aplicaciones Microsoft Office: Word, Excel, Outlook, PowerPoint, Publisher y Access.<\/p>\n<p>OneNote puede descargarse desde la Tienda Microsoft Windows y permite crear notas r\u00e1pidamente y tenerlas disponibles en todos los dispositivos a trav\u00e9s de la nube. Benef\u00edciate de un mayor rendimiento, estabilidad y velocidad en Word, Excel, PowerPoint y Outlook.<\/p>\n<p>Adem\u00e1s, dispondr\u00e1 de nuevas y mejoradas herramientas de b\u00fasqueda, a mano alzada, datos, traducci\u00f3n y edici\u00f3n, gr\u00e1ficos animados y muchas funciones de f\u00e1cil manejo en todo el paquete Microsoft Office 2021.<\/p>\n<ul>\n<li><strong>Palabra<\/strong>Cree documentos de texto de calidad profesional en un abrir y cerrar de ojos<\/li>\n<li><strong>Excel<\/strong>Hojas de c\u00e1lculo inteligentes con funciones modernas como XLOOKUP<\/li>\n<li><strong>PowerPoint<\/strong>Funciones nuevas y mejoradas para crear impresionantes presentaciones din\u00e1micas<\/li>\n<li><strong>OneNote<\/strong>Tu cuaderno digital en la nube<\/li>\n<li><strong>Outlook<\/strong>Comunicaci\u00f3n m\u00e1s f\u00e1cil con potentes funciones de traducci\u00f3n<\/li>\n<li><strong>Editorial<\/strong>: Maquetaci\u00f3n de publicaciones profesionales<\/li>\n<li><strong>Acceda a<\/strong>Creaci\u00f3n de bases de datos sencilla y potente<\/li>\n<li><strong>Equipos Microsoft<\/strong>M\u00e1s productividad gracias a la mensajer\u00eda instant\u00e1nea y las videoconferencias en alta definici\u00f3n (se pueden descargar por separado)<\/li>\n<\/ul>\n<p><strong>Nota:<\/strong> Debido a una investigaci\u00f3n de la Comisi\u00f3n Europea, Microsoft ya no incluye una licencia de Teams con los productos Office. Teams puede descargarse por separado y utilizarse con una licencia gratuita o de pago.<\/p>\n<p><strong>Requiere Windows 10 u 11.<\/strong><\/p>\n<p><strong>Apoyo:<\/strong><\/p>\n<p>Si tiene alguna pregunta, no dude en <a href=\"mailto:germany@dl-winandoffice.com\" rel=\"noopener\">por correo electr\u00f3nico<\/a> para ponerse en contacto con nosotros. Nuestro servicio de atenci\u00f3n al cliente est\u00e1 disponible 7 d\u00edas a la semana, 24 horas al d\u00eda.<\/p>","protected":false},"excerpt":{"rendered":"<ul>\n<li>Microsoft Windows 10 Home para 1 PC + Microsoft Office 2021 Professional Plus para 1 PC<\/li>\n<li>Versiones disponibles para sistemas de 32 y 64 bits<\/li>\n<li>Env\u00edo por correo electr\u00f3nico: Clave del producto, instrucciones, enlaces de descarga y factura.<\/li>\n<li>Descarga instant\u00e1nea<\/li>\n<li>Garant\u00eda de devoluci\u00f3n del dinero en 30 d\u00edas - Garant\u00eda de sustituci\u00f3n de por vida<\/li>\n<li>Sin l\u00edmite de tiempo, sin suscripci\u00f3n<\/li>\n<li>Asistencia gratuita para la instalaci\u00f3n y activaci\u00f3n<\/li>\n<li>No hay entrega en soportes f\u00edsicos de datos (USB, CD, etc.)<\/li>\n<li>Activaci\u00f3n en l\u00ednea o por tel\u00e9fono<\/li>\n<li><strong>Compatible con Windows<\/strong><\/li>\n<li><strong>No compatible con macOS\u2122, procesadores Apple, Parallels para Mac, dispositivos Android y Chromebooks.<\/strong><\/li>\n<\/ul>","protected":false},"featured_media":7988,"comment_status":"open","ping_status":"closed","template":"","meta":{"_acf_changed":false},"product_brand":[],"product_cat":[157,158],"product_tag":[],"class_list":{"0":"post-7987","1":"product","2":"type-product","3":"status-publish","4":"has-post-thumbnail","6":"product_cat-combo","7":"product_cat-microsoft-windows","9":"first","10":"instock","11":"sale","12":"virtual","13":"taxable","14":"purchasable","15":"product-type-simple"},"acf":[],"yoast_head":"<!-- This site is optimized with the Yoast SEO plugin v27.4 - https:\/\/yoast.com\/product\/yoast-seo-wordpress\/ -->\n<title>Microsoft Windows 10 Home + Microsoft Office 2021 Professional Plus - Win &amp; Office WS<\/title>\n<meta name=\"robots\" content=\"index, follow, max-snippet:-1, max-image-preview:large, max-video-preview:-1\" \/>\n<link rel=\"canonical\" href=\"https:\/\/winandofficews.com\/es\/product\/microsoft-windows-10-home-microsoft-office-2021-professional-plus\/\" \/>\n<meta property=\"og:locale\" content=\"es_ES\" \/>\n<meta property=\"og:type\" content=\"article\" \/>\n<meta property=\"og:title\" content=\"Microsoft Windows 10 Home + Microsoft Office 2021 Professional Plus - Win &amp; Office WS\" \/>\n<meta property=\"og:description\" content=\"Microsoft Windows 10 Home f\u00fcr 1 PC + Microsoft Office 2021 Professional Plus f\u00fcr 1 PC  Versionen f\u00fcr 32- und 64-Bit-Systeme verf\u00fcgbar  Versand per E-Mail: Produktschl\u00fcssel, Anleitung, Downloadlinks und Rechnung  Sofort-Download  30 Tage Geld-zur\u00fcck-Garantie \u2013 Lebenslange Ersatzgarantie  Keine zeitliche Begrenzung, kein Abonnement  Kostenloser Support bei Installation und Aktivierung  Keine Lieferung auf physischen Datentr\u00e4gern (USB, CD usw.)  Aktivierung online oder telefonisch  Kompatibel mit Windows  Nicht kompatibel mit macOS\u2122, Apple-Prozessoren, Parallels f\u00fcr Mac, Android-Ger\u00e4ten und Chromebooks\" \/>\n<meta property=\"og:url\" content=\"https:\/\/winandofficews.com\/es\/product\/microsoft-windows-10-home-microsoft-office-2021-professional-plus\/\" \/>\n<meta property=\"og:site_name\" content=\"Win &amp; Office WS\" \/>\n<meta property=\"article:publisher\" content=\"https:\/\/www.facebook.com\/winandofficews\/\" \/>\n<meta property=\"article:modified_time\" content=\"2026-04-20T14:46:09+00:00\" \/>\n<meta property=\"og:image\" content=\"https:\/\/winandofficews.com\/wp-content\/uploads\/W10HO21P.png\" \/>\n\t<meta property=\"og:image:width\" content=\"600\" \/>\n\t<meta property=\"og:image:height\" content=\"600\" \/>\n\t<meta property=\"og:image:type\" content=\"image\/png\" \/>\n<meta name=\"twitter:card\" content=\"summary_large_image\" \/>\n<meta name=\"twitter:site\" content=\"@WINDOWSANDOFFI1\" \/>\n<meta name=\"twitter:label1\" content=\"Tiempo de lectura\" \/>\n\t<meta name=\"twitter:data1\" content=\"4 minutos\" \/>\n<script type=\"application\/ld+json\" class=\"yoast-schema-graph\">{\"@context\":\"https:\\\/\\\/schema.org\",\"@graph\":[{\"@type\":\"WebPage\",\"@id\":\"https:\\\/\\\/winandofficews.com\\\/product\\\/microsoft-windows-10-home-microsoft-office-2021-professional-plus\\\/\",\"url\":\"https:\\\/\\\/winandofficews.com\\\/product\\\/microsoft-windows-10-home-microsoft-office-2021-professional-plus\\\/\",\"name\":\"Microsoft Windows 10 Home + Microsoft Office 2021 Professional Plus - Win &amp; Office WS\",\"isPartOf\":{\"@id\":\"https:\\\/\\\/winandofficews.com\\\/#website\"},\"primaryImageOfPage\":{\"@id\":\"https:\\\/\\\/winandofficews.com\\\/product\\\/microsoft-windows-10-home-microsoft-office-2021-professional-plus\\\/#primaryimage\"},\"image\":{\"@id\":\"https:\\\/\\\/winandofficews.com\\\/product\\\/microsoft-windows-10-home-microsoft-office-2021-professional-plus\\\/#primaryimage\"},\"thumbnailUrl\":\"https:\\\/\\\/winandofficews.com\\\/wp-content\\\/uploads\\\/W10HO21P.png\",\"datePublished\":\"2024-11-24T10:23:33+00:00\",\"dateModified\":\"2026-04-20T14:46:09+00:00\",\"breadcrumb\":{\"@id\":\"https:\\\/\\\/winandofficews.com\\\/product\\\/microsoft-windows-10-home-microsoft-office-2021-professional-plus\\\/#breadcrumb\"},\"inLanguage\":\"es\",\"potentialAction\":[{\"@type\":\"ReadAction\",\"target\":[\"https:\\\/\\\/winandofficews.com\\\/product\\\/microsoft-windows-10-home-microsoft-office-2021-professional-plus\\\/\"]}]},{\"@type\":\"ImageObject\",\"inLanguage\":\"es\",\"@id\":\"https:\\\/\\\/winandofficews.com\\\/product\\\/microsoft-windows-10-home-microsoft-office-2021-professional-plus\\\/#primaryimage\",\"url\":\"https:\\\/\\\/winandofficews.com\\\/wp-content\\\/uploads\\\/W10HO21P.png\",\"contentUrl\":\"https:\\\/\\\/winandofficews.com\\\/wp-content\\\/uploads\\\/W10HO21P.png\",\"width\":600,\"height\":600},{\"@type\":\"BreadcrumbList\",\"@id\":\"https:\\\/\\\/winandofficews.com\\\/product\\\/microsoft-windows-10-home-microsoft-office-2021-professional-plus\\\/#breadcrumb\",\"itemListElement\":[{\"@type\":\"ListItem\",\"position\":1,\"name\":\"Home\",\"item\":\"https:\\\/\\\/winandofficews.com\\\/\"},{\"@type\":\"ListItem\",\"position\":2,\"name\":\"Shop\",\"item\":\"https:\\\/\\\/winandofficews.com\\\/shop\\\/\"},{\"@type\":\"ListItem\",\"position\":3,\"name\":\"Microsoft Windows 10 Home + Microsoft Office 2021 Professional Plus\"}]},{\"@type\":\"WebSite\",\"@id\":\"https:\\\/\\\/winandofficews.com\\\/#website\",\"url\":\"https:\\\/\\\/winandofficews.com\\\/\",\"name\":\"Win & Office WS\",\"description\":\"Wholesales Store of Office\",\"publisher\":{\"@id\":\"https:\\\/\\\/winandofficews.com\\\/#organization\"},\"potentialAction\":[{\"@type\":\"SearchAction\",\"target\":{\"@type\":\"EntryPoint\",\"urlTemplate\":\"https:\\\/\\\/winandofficews.com\\\/?s={search_term_string}\"},\"query-input\":{\"@type\":\"PropertyValueSpecification\",\"valueRequired\":true,\"valueName\":\"search_term_string\"}}],\"inLanguage\":\"es\"},{\"@type\":\"Organization\",\"@id\":\"https:\\\/\\\/winandofficews.com\\\/#organization\",\"name\":\"Win & Office WS\",\"url\":\"https:\\\/\\\/winandofficews.com\\\/\",\"logo\":{\"@type\":\"ImageObject\",\"inLanguage\":\"es\",\"@id\":\"https:\\\/\\\/winandofficews.com\\\/#\\\/schema\\\/logo\\\/image\\\/\",\"url\":\"https:\\\/\\\/winandofficews.com\\\/wp-content\\\/uploads\\\/logo14.png\",\"contentUrl\":\"https:\\\/\\\/winandofficews.com\\\/wp-content\\\/uploads\\\/logo14.png\",\"width\":322,\"height\":116,\"caption\":\"Win & Office WS\"},\"image\":{\"@id\":\"https:\\\/\\\/winandofficews.com\\\/#\\\/schema\\\/logo\\\/image\\\/\"},\"sameAs\":[\"https:\\\/\\\/www.facebook.com\\\/winandofficews\\\/\",\"https:\\\/\\\/x.com\\\/WINDOWSANDOFFI1\",\"https:\\\/\\\/www.instagram.com\\\/winandoffice.ws\\\/\",\"https:\\\/\\\/de.pinterest.com\\\/winandofficews_official\\\/\",\"https:\\\/\\\/www.tiktok.com\\\/@winandofficews\",\"https:\\\/\\\/www.youtube.com\\\/channel\\\/UCPI87ZZIvl272mOtG5sL8Cg\",\"https:\\\/\\\/de.trustpilot.com\\\/review\\\/winandofficews.com\",\"https:\\\/\\\/www.trustami.com\\\/review\\\/win-and-office-wholesales-rating\"]}]}<\/script>\n<!-- \/ Yoast SEO plugin. -->","yoast_head_json":{"title":"Microsoft Windows 10 Home + Microsoft Office 2021 Professional Plus - Win &amp; Office WS","robots":{"index":"index","follow":"follow","max-snippet":"max-snippet:-1","max-image-preview":"max-image-preview:large","max-video-preview":"max-video-preview:-1"},"canonical":"https:\/\/winandofficews.com\/es\/product\/microsoft-windows-10-home-microsoft-office-2021-professional-plus\/","og_locale":"es_ES","og_type":"article","og_title":"Microsoft Windows 10 Home + Microsoft Office 2021 Professional Plus - Win &amp; Office WS","og_description":"Microsoft Windows 10 Home f\u00fcr 1 PC + Microsoft Office 2021 Professional Plus f\u00fcr 1 PC  Versionen f\u00fcr 32- und 64-Bit-Systeme verf\u00fcgbar  Versand per E-Mail: Produktschl\u00fcssel, Anleitung, Downloadlinks und Rechnung  Sofort-Download  30 Tage Geld-zur\u00fcck-Garantie \u2013 Lebenslange Ersatzgarantie  Keine zeitliche Begrenzung, kein Abonnement  Kostenloser Support bei Installation und Aktivierung  Keine Lieferung auf physischen Datentr\u00e4gern (USB, CD usw.)  Aktivierung online oder telefonisch  Kompatibel mit Windows  Nicht kompatibel mit macOS\u2122, Apple-Prozessoren, Parallels f\u00fcr Mac, Android-Ger\u00e4ten und Chromebooks","og_url":"https:\/\/winandofficews.com\/es\/product\/microsoft-windows-10-home-microsoft-office-2021-professional-plus\/","og_site_name":"Win &amp; Office WS","article_publisher":"https:\/\/www.facebook.com\/winandofficews\/","article_modified_time":"2026-04-20T14:46:09+00:00","og_image":[{"width":600,"height":600,"url":"https:\/\/winandofficews.com\/wp-content\/uploads\/W10HO21P.png","type":"image\/png"}],"twitter_card":"summary_large_image","twitter_site":"@WINDOWSANDOFFI1","twitter_misc":{"Tiempo de lectura":"4 minutos"},"schema":{"@context":"https:\/\/schema.org","@graph":[{"@type":"WebPage","@id":"https:\/\/winandofficews.com\/product\/microsoft-windows-10-home-microsoft-office-2021-professional-plus\/","url":"https:\/\/winandofficews.com\/product\/microsoft-windows-10-home-microsoft-office-2021-professional-plus\/","name":"Microsoft Windows 10 Home + Microsoft Office 2021 Professional Plus - Win &amp; Office WS","isPartOf":{"@id":"https:\/\/winandofficews.com\/#website"},"primaryImageOfPage":{"@id":"https:\/\/winandofficews.com\/product\/microsoft-windows-10-home-microsoft-office-2021-professional-plus\/#primaryimage"},"image":{"@id":"https:\/\/winandofficews.com\/product\/microsoft-windows-10-home-microsoft-office-2021-professional-plus\/#primaryimage"},"thumbnailUrl":"https:\/\/winandofficews.com\/wp-content\/uploads\/W10HO21P.png","datePublished":"2024-11-24T10:23:33+00:00","dateModified":"2026-04-20T14:46:09+00:00","breadcrumb":{"@id":"https:\/\/winandofficews.com\/product\/microsoft-windows-10-home-microsoft-office-2021-professional-plus\/#breadcrumb"},"inLanguage":"es","potentialAction":[{"@type":"ReadAction","target":["https:\/\/winandofficews.com\/product\/microsoft-windows-10-home-microsoft-office-2021-professional-plus\/"]}]},{"@type":"ImageObject","inLanguage":"es","@id":"https:\/\/winandofficews.com\/product\/microsoft-windows-10-home-microsoft-office-2021-professional-plus\/#primaryimage","url":"https:\/\/winandofficews.com\/wp-content\/uploads\/W10HO21P.png","contentUrl":"https:\/\/winandofficews.com\/wp-content\/uploads\/W10HO21P.png","width":600,"height":600},{"@type":"BreadcrumbList","@id":"https:\/\/winandofficews.com\/product\/microsoft-windows-10-home-microsoft-office-2021-professional-plus\/#breadcrumb","itemListElement":[{"@type":"ListItem","position":1,"name":"Home","item":"https:\/\/winandofficews.com\/"},{"@type":"ListItem","position":2,"name":"Shop","item":"https:\/\/winandofficews.com\/shop\/"},{"@type":"ListItem","position":3,"name":"Microsoft Windows 10 Home + Microsoft Office 2021 Professional Plus"}]},{"@type":"WebSite","@id":"https:\/\/winandofficews.com\/#website","url":"https:\/\/winandofficews.com\/","name":"Win &amp; Office WS","description":"Almac\u00e9n mayorista de Office","publisher":{"@id":"https:\/\/winandofficews.com\/#organization"},"potentialAction":[{"@type":"SearchAction","target":{"@type":"EntryPoint","urlTemplate":"https:\/\/winandofficews.com\/?s={search_term_string}"},"query-input":{"@type":"PropertyValueSpecification","valueRequired":true,"valueName":"search_term_string"}}],"inLanguage":"es"},{"@type":"Organization","@id":"https:\/\/winandofficews.com\/#organization","name":"Win &amp; Office WS","url":"https:\/\/winandofficews.com\/","logo":{"@type":"ImageObject","inLanguage":"es","@id":"https:\/\/winandofficews.com\/#\/schema\/logo\/image\/","url":"https:\/\/winandofficews.com\/wp-content\/uploads\/logo14.png","contentUrl":"https:\/\/winandofficews.com\/wp-content\/uploads\/logo14.png","width":322,"height":116,"caption":"Win & Office WS"},"image":{"@id":"https:\/\/winandofficews.com\/#\/schema\/logo\/image\/"},"sameAs":["https:\/\/www.facebook.com\/winandofficews\/","https:\/\/x.com\/WINDOWSANDOFFI1","https:\/\/www.instagram.com\/winandoffice.ws\/","https:\/\/de.pinterest.com\/winandofficews_official\/","https:\/\/www.tiktok.com\/@winandofficews","https:\/\/www.youtube.com\/channel\/UCPI87ZZIvl272mOtG5sL8Cg","https:\/\/de.trustpilot.com\/review\/winandofficews.com","https:\/\/www.trustami.com\/review\/win-and-office-wholesales-rating"]}]}},"_links":{"self":[{"href":"https:\/\/winandofficews.com\/es\/wp-json\/wp\/v2\/product\/7987","targetHints":{"allow":["GET"]}}],"collection":[{"href":"https:\/\/winandofficews.com\/es\/wp-json\/wp\/v2\/product"}],"about":[{"href":"https:\/\/winandofficews.com\/es\/wp-json\/wp\/v2\/types\/product"}],"replies":[{"embeddable":true,"href":"https:\/\/winandofficews.com\/es\/wp-json\/wp\/v2\/comments?post=7987"}],"wp:featuredmedia":[{"embeddable":true,"href":"https:\/\/winandofficews.com\/es\/wp-json\/wp\/v2\/media\/7988"}],"wp:attachment":[{"href":"https:\/\/winandofficews.com\/es\/wp-json\/wp\/v2\/media?parent=7987"}],"wp:term":[{"taxonomy":"product_brand","embeddable":true,"href":"https:\/\/winandofficews.com\/es\/wp-json\/wp\/v2\/product_brand?post=7987"},{"taxonomy":"product_cat","embeddable":true,"href":"https:\/\/winandofficews.com\/es\/wp-json\/wp\/v2\/product_cat?post=7987"},{"taxonomy":"product_tag","embeddable":true,"href":"https:\/\/winandofficews.com\/es\/wp-json\/wp\/v2\/product_tag?post=7987"}],"curies":[{"name":"wp","href":"https:\/\/api.w.org\/{rel}","templated":true}]}}