{"id":980,"date":"2019-07-25T07:45:18","date_gmt":"2019-07-25T07:45:18","guid":{"rendered":"http:\/\/windowsandoffice.net\/?page_id=980"},"modified":"2025-08-29T15:54:13","modified_gmt":"2025-08-29T13:54:13","slug":"about","status":"publish","type":"page","link":"https:\/\/winandofficews.com\/es\/about\/","title":{"rendered":"Qui\u00e9nes somos"},"content":{"rendered":"<h2>\u00bfQui\u00e9nes somos?<\/h2>\n<p>Compre software en l\u00ednea de forma c\u00f3moda y segura: su socio Microsoft<\/p>\n<p>El software para ordenadores, tabletas, etc. se ha convertido en parte integrante de nuestra vida cotidiana. No solo facilita numerosos procesos de trabajo, sino que tambi\u00e9n potencia nuestra creatividad y optimiza incluso las tareas m\u00e1s sencillas. En nuestra tienda de software, tiene la oportunidad de comprar software en l\u00ednea a precios inmejorables y aprovechar al m\u00e1ximo el potencial de su dispositivo.<\/p>\n<p>Nuestra tienda de software le ofrece una amplia gama de productos de la empresa de software l\u00edder del mercado Microsoft. Todo PC necesita un sistema operativo; sin Windows ser\u00eda in\u00fatil. El software Office m\u00e1s importante del mundo, Microsoft Office, ofrece herramientas productivas como Excel, Word y PowerPoint. \u00c9stas han sido Standard indispensables tanto en el sector privado como en el empresarial durante a\u00f1os.<\/p>\n<p>Le garantizamos un proceso de pedido sencillo para que pueda comprar su software en l\u00ednea de forma segura y c\u00f3moda desde casa. Recibir\u00e1 nuestro enlace SSL cifrado por correo electr\u00f3nico, que le llevar\u00e1 a nuestro centro de descargas y a las instrucciones de instalaci\u00f3n. Si tiene alguna duda sobre el pedido y la instalaci\u00f3n, nuestro equipo multiling\u00fce de atenci\u00f3n al cliente est\u00e1 siempre a su disposici\u00f3n para ayudarle, ya sea por chat en directo o por correo electr\u00f3nico.<\/p>\n<p>Llevamos operando como proveedor de servicios inform\u00e1ticos desde 2013. Gracias a una excelente formaci\u00f3n especializada y a una profunda pasi\u00f3n por las TI, nuestros empleados cuentan con una amplia experiencia. Nuestro asesoramiento profesional y nuestros m\u00e9todos de trabajo estructurados han conquistado y fidelizado a numerosos clientes, desde empresas de nueva creaci\u00f3n hasta corporaciones internacionales y organismos p\u00fablicos. Con un concepto de servicio de TI bien pensado, garantizamos la orientaci\u00f3n a los resultados y el m\u00e1ximo rendimiento para cada cliente. Para estar siempre al d\u00eda, nos formamos peri\u00f3dicamente y adaptamos nuestros conocimientos al mercado, para que usted tambi\u00e9n lo est\u00e9.<\/p>\n<p>Haga su pedido ahora y reciba su software inmediatamente gracias al env\u00edo en 2 minutos. Damos gran importancia a la calidad, lo que tambi\u00e9n se refleja en nuestra garant\u00eda de por vida. Una factura con nuestro n\u00famero de identificaci\u00f3n fiscal garantiza la transparencia. Si no queda satisfecho, nuestra pol\u00edtica de devoluciones le ofrece una seguridad adicional.<\/p>\n<p>\u00a1Disfrute de una compra segura de software en Win &amp; Office WS!<\/p>\n<p>&nbsp;<\/p>\n<p>&nbsp;<\/p>","protected":false},"excerpt":{"rendered":"<p>Wer sind wir? Software bequem und sicher online kaufen \u2013 Ihr Microsoft-Partner Software f\u00fcr Computer, Tablets &amp; Co. ist aus unserem Arbeits- und Lebensalltag nicht mehr wegzudenken. Sie erleichtert nicht nur zahlreiche Arbeitsprozesse, f\u00f6rdert auch unsere Kreativit\u00e4t und optimiert selbst einfache Aufgaben. In unserem Software-Shop haben Sie die M\u00f6glichkeit, Software&hellip; <\/p>","protected":false},"author":1,"featured_media":0,"parent":0,"menu_order":0,"comment_status":"closed","ping_status":"closed","template":"","meta":{"_acf_changed":false,"footnotes":""},"class_list":["post-980","page","type-page","status-publish","hentry"],"acf":[],"yoast_head":"<!-- This site is optimized with the Yoast SEO plugin v27.3 - https:\/\/yoast.com\/product\/yoast-seo-wordpress\/ -->\n<title>\u00dcber uns - Win &amp; Office WS<\/title>\n<meta name=\"robots\" content=\"index, follow, max-snippet:-1, max-image-preview:large, max-video-preview:-1\" \/>\n<link rel=\"canonical\" href=\"https:\/\/winandofficews.com\/es\/about\/\" \/>\n<meta property=\"og:locale\" content=\"es_ES\" \/>\n<meta property=\"og:type\" content=\"article\" \/>\n<meta property=\"og:title\" content=\"\u00dcber uns - Win &amp; Office WS\" \/>\n<meta property=\"og:description\" content=\"Wer sind wir? Software bequem und sicher online kaufen \u2013 Ihr Microsoft-Partner Software f\u00fcr Computer, Tablets &amp; Co. ist aus unserem Arbeits- und Lebensalltag nicht mehr wegzudenken. Sie erleichtert nicht nur zahlreiche Arbeitsprozesse, f\u00f6rdert auch unsere Kreativit\u00e4t und optimiert selbst einfache Aufgaben. In unserem Software-Shop haben Sie die M\u00f6glichkeit, Software&hellip;\" \/>\n<meta property=\"og:url\" content=\"https:\/\/winandofficews.com\/es\/about\/\" \/>\n<meta property=\"og:site_name\" content=\"Win &amp; Office WS\" \/>\n<meta property=\"article:publisher\" content=\"https:\/\/www.facebook.com\/winandofficews\/\" \/>\n<meta property=\"article:modified_time\" content=\"2025-08-29T13:54:13+00:00\" \/>\n<meta property=\"og:image\" content=\"https:\/\/winandofficews.com\/wp-content\/uploads\/2020\/07\/FONDO-SLIDES-1.png\" \/>\n<meta name=\"twitter:card\" content=\"summary_large_image\" \/>\n<meta name=\"twitter:site\" content=\"@WINDOWSANDOFFI1\" \/>\n<meta name=\"twitter:label1\" content=\"Tiempo de lectura\" \/>\n\t<meta name=\"twitter:data1\" content=\"2 minutos\" \/>\n<script type=\"application\/ld+json\" class=\"yoast-schema-graph\">{\"@context\":\"https:\\\/\\\/schema.org\",\"@graph\":[{\"@type\":\"WebPage\",\"@id\":\"https:\\\/\\\/winandofficews.com\\\/about\\\/\",\"url\":\"https:\\\/\\\/winandofficews.com\\\/about\\\/\",\"name\":\"\u00dcber uns - Win &amp; Office WS\",\"isPartOf\":{\"@id\":\"https:\\\/\\\/winandofficews.com\\\/#website\"},\"datePublished\":\"2019-07-25T07:45:18+00:00\",\"dateModified\":\"2025-08-29T13:54:13+00:00\",\"breadcrumb\":{\"@id\":\"https:\\\/\\\/winandofficews.com\\\/about\\\/#breadcrumb\"},\"inLanguage\":\"es\",\"potentialAction\":[{\"@type\":\"ReadAction\",\"target\":[\"https:\\\/\\\/winandofficews.com\\\/about\\\/\"]}]},{\"@type\":\"BreadcrumbList\",\"@id\":\"https:\\\/\\\/winandofficews.com\\\/about\\\/#breadcrumb\",\"itemListElement\":[{\"@type\":\"ListItem\",\"position\":1,\"name\":\"Home\",\"item\":\"https:\\\/\\\/winandofficews.com\\\/\"},{\"@type\":\"ListItem\",\"position\":2,\"name\":\"About us\"}]},{\"@type\":\"WebSite\",\"@id\":\"https:\\\/\\\/winandofficews.com\\\/#website\",\"url\":\"https:\\\/\\\/winandofficews.com\\\/\",\"name\":\"Win & Office WS\",\"description\":\"Wholesales Store of Office\",\"publisher\":{\"@id\":\"https:\\\/\\\/winandofficews.com\\\/#organization\"},\"potentialAction\":[{\"@type\":\"SearchAction\",\"target\":{\"@type\":\"EntryPoint\",\"urlTemplate\":\"https:\\\/\\\/winandofficews.com\\\/?s={search_term_string}\"},\"query-input\":{\"@type\":\"PropertyValueSpecification\",\"valueRequired\":true,\"valueName\":\"search_term_string\"}}],\"inLanguage\":\"es\"},{\"@type\":\"Organization\",\"@id\":\"https:\\\/\\\/winandofficews.com\\\/#organization\",\"name\":\"Win & Office WS\",\"url\":\"https:\\\/\\\/winandofficews.com\\\/\",\"logo\":{\"@type\":\"ImageObject\",\"inLanguage\":\"es\",\"@id\":\"https:\\\/\\\/winandofficews.com\\\/#\\\/schema\\\/logo\\\/image\\\/\",\"url\":\"https:\\\/\\\/winandofficews.com\\\/wp-content\\\/uploads\\\/logo14.png\",\"contentUrl\":\"https:\\\/\\\/winandofficews.com\\\/wp-content\\\/uploads\\\/logo14.png\",\"width\":322,\"height\":116,\"caption\":\"Win & Office WS\"},\"image\":{\"@id\":\"https:\\\/\\\/winandofficews.com\\\/#\\\/schema\\\/logo\\\/image\\\/\"},\"sameAs\":[\"https:\\\/\\\/www.facebook.com\\\/winandofficews\\\/\",\"https:\\\/\\\/x.com\\\/WINDOWSANDOFFI1\",\"https:\\\/\\\/www.instagram.com\\\/winandoffice.ws\\\/\",\"https:\\\/\\\/de.pinterest.com\\\/winandofficews_official\\\/\",\"https:\\\/\\\/www.tiktok.com\\\/@winandofficews\",\"https:\\\/\\\/www.youtube.com\\\/channel\\\/UCPI87ZZIvl272mOtG5sL8Cg\",\"https:\\\/\\\/de.trustpilot.com\\\/review\\\/winandofficews.com\",\"https:\\\/\\\/www.trustami.com\\\/review\\\/win-and-office-wholesales-rating\"]}]}<\/script>\n<!-- \/ Yoast SEO plugin. -->","yoast_head_json":{"title":"\u00dcber uns - Win &amp; Office WS","robots":{"index":"index","follow":"follow","max-snippet":"max-snippet:-1","max-image-preview":"max-image-preview:large","max-video-preview":"max-video-preview:-1"},"canonical":"https:\/\/winandofficews.com\/es\/about\/","og_locale":"es_ES","og_type":"article","og_title":"\u00dcber uns - Win &amp; Office WS","og_description":"Wer sind wir? Software bequem und sicher online kaufen \u2013 Ihr Microsoft-Partner Software f\u00fcr Computer, Tablets &amp; Co. ist aus unserem Arbeits- und Lebensalltag nicht mehr wegzudenken. Sie erleichtert nicht nur zahlreiche Arbeitsprozesse, f\u00f6rdert auch unsere Kreativit\u00e4t und optimiert selbst einfache Aufgaben. In unserem Software-Shop haben Sie die M\u00f6glichkeit, Software&hellip;","og_url":"https:\/\/winandofficews.com\/es\/about\/","og_site_name":"Win &amp; Office WS","article_publisher":"https:\/\/www.facebook.com\/winandofficews\/","article_modified_time":"2025-08-29T13:54:13+00:00","og_image":[{"url":"https:\/\/winandofficews.com\/wp-content\/uploads\/2020\/07\/FONDO-SLIDES-1.png","type":"","width":"","height":""}],"twitter_card":"summary_large_image","twitter_site":"@WINDOWSANDOFFI1","twitter_misc":{"Tiempo de lectura":"2 minutos"},"schema":{"@context":"https:\/\/schema.org","@graph":[{"@type":"WebPage","@id":"https:\/\/winandofficews.com\/about\/","url":"https:\/\/winandofficews.com\/about\/","name":"\u00dcber uns - Win &amp; Office WS","isPartOf":{"@id":"https:\/\/winandofficews.com\/#website"},"datePublished":"2019-07-25T07:45:18+00:00","dateModified":"2025-08-29T13:54:13+00:00","breadcrumb":{"@id":"https:\/\/winandofficews.com\/about\/#breadcrumb"},"inLanguage":"es","potentialAction":[{"@type":"ReadAction","target":["https:\/\/winandofficews.com\/about\/"]}]},{"@type":"BreadcrumbList","@id":"https:\/\/winandofficews.com\/about\/#breadcrumb","itemListElement":[{"@type":"ListItem","position":1,"name":"Home","item":"https:\/\/winandofficews.com\/"},{"@type":"ListItem","position":2,"name":"About us"}]},{"@type":"WebSite","@id":"https:\/\/winandofficews.com\/#website","url":"https:\/\/winandofficews.com\/","name":"Win & Office WS","description":"Wholesales Store of Office","publisher":{"@id":"https:\/\/winandofficews.com\/#organization"},"potentialAction":[{"@type":"SearchAction","target":{"@type":"EntryPoint","urlTemplate":"https:\/\/winandofficews.com\/?s={search_term_string}"},"query-input":{"@type":"PropertyValueSpecification","valueRequired":true,"valueName":"search_term_string"}}],"inLanguage":"es"},{"@type":"Organization","@id":"https:\/\/winandofficews.com\/#organization","name":"Win & Office WS","url":"https:\/\/winandofficews.com\/","logo":{"@type":"ImageObject","inLanguage":"es","@id":"https:\/\/winandofficews.com\/#\/schema\/logo\/image\/","url":"https:\/\/winandofficews.com\/wp-content\/uploads\/logo14.png","contentUrl":"https:\/\/winandofficews.com\/wp-content\/uploads\/logo14.png","width":322,"height":116,"caption":"Win & Office WS"},"image":{"@id":"https:\/\/winandofficews.com\/#\/schema\/logo\/image\/"},"sameAs":["https:\/\/www.facebook.com\/winandofficews\/","https:\/\/x.com\/WINDOWSANDOFFI1","https:\/\/www.instagram.com\/winandoffice.ws\/","https:\/\/de.pinterest.com\/winandofficews_official\/","https:\/\/www.tiktok.com\/@winandofficews","https:\/\/www.youtube.com\/channel\/UCPI87ZZIvl272mOtG5sL8Cg","https:\/\/de.trustpilot.com\/review\/winandofficews.com","https:\/\/www.trustami.com\/review\/win-and-office-wholesales-rating"]}]}},"_links":{"self":[{"href":"https:\/\/winandofficews.com\/es\/wp-json\/wp\/v2\/pages\/980","targetHints":{"allow":["GET"]}}],"collection":[{"href":"https:\/\/winandofficews.com\/es\/wp-json\/wp\/v2\/pages"}],"about":[{"href":"https:\/\/winandofficews.com\/es\/wp-json\/wp\/v2\/types\/page"}],"author":[{"embeddable":true,"href":"https:\/\/winandofficews.com\/es\/wp-json\/wp\/v2\/users\/1"}],"replies":[{"embeddable":true,"href":"https:\/\/winandofficews.com\/es\/wp-json\/wp\/v2\/comments?post=980"}],"version-history":[{"count":0,"href":"https:\/\/winandofficews.com\/es\/wp-json\/wp\/v2\/pages\/980\/revisions"}],"wp:attachment":[{"href":"https:\/\/winandofficews.com\/es\/wp-json\/wp\/v2\/media?parent=980"}],"curies":[{"name":"wp","href":"https:\/\/api.w.org\/{rel}","templated":true}]}}