{"id":3497,"date":"2021-06-29T16:20:15","date_gmt":"2021-06-29T16:20:15","guid":{"rendered":"https:\/\/winandofficews.com\/?page_id=3497"},"modified":"2025-08-25T20:39:53","modified_gmt":"2025-08-25T18:39:53","slug":"warranty-policy","status":"publish","type":"page","link":"https:\/\/winandofficews.com\/es\/warranty-policy\/","title":{"rendered":"Condiciones de garant\u00eda"},"content":{"rendered":"<section style=\"font-family: Arial, sans-serif; line-height: 1.6; max-width: 800px; margin: auto;\">\n<h2 style=\"color: #2c3e50;\">Garant\u00eda de devoluci\u00f3n de 30 d\u00edas y garant\u00eda de cambio de por vida<\/h2>\n<p><strong>Tienda WS<\/strong> ofrece una garant\u00eda de devoluci\u00f3n del dinero de 30 d\u00edas en todos los productos adquiridos. Si no est\u00e1 satisfecho con su compra, puede devolverla en un plazo de 30 d\u00edas para obtener un reembolso completo.<\/p>\n<p>Despu\u00e9s de estos 30 d\u00edas ofrecemos un <strong>Garant\u00eda de cambio de por vida<\/strong> en todos los productos defectuosos.<\/p>\n<h3 style=\"color: #34495e;\">Garant\u00eda legal<\/h3>\n<p>El periodo de garant\u00eda legal seg\u00fan la legislaci\u00f3n alemana es de <strong>1 a\u00f1o<\/strong> a partir de la fecha de compra por defectos causados por un dise\u00f1o, materiales o mano de obra defectuosos.<\/p>\n<hr style=\"border: none; border-top: 1px gestrichelt #bbb; margin: 30px 0;\" \/>\n<h3 style=\"color: #34495e;\">Condiciones para los productos defectuosos<\/h3>\n<p>Reparaci\u00f3n o sustituci\u00f3n de productos defectuosos <strong>Tienda WS<\/strong> el art\u00edculo defectuoso de forma gratuita a su entera discreci\u00f3n, siempre que se cumplan las siguientes condiciones:<\/p>\n<ol style=\"padding-left: 20px;\">\n<li>El comprador debe informar inmediatamente al vendedor <strong>Por escrito<\/strong> sobre el defecto.<\/li>\n<li>El defecto debe ser <strong>Dise\u00f1o, materiales o mano de obra defectuosos<\/strong> del fabricante o vendedor.<\/li>\n<li>Las mercanc\u00edas defectuosas que deban repararse o sustituirse ser\u00e1n <strong>a petici\u00f3n<\/strong> al vendedor.<\/li>\n<li>Si la mercanc\u00eda fue entregada por un <strong>Terceros proveedores<\/strong> fabricado y entregado al vendedor, la garant\u00eda concedida al vendedor se transfiere al comprador.<\/li>\n<li>El vendedor se reserva el derecho, a su discreci\u00f3n, de <strong>el precio<\/strong> de la mercanc\u00eda defectuosa si \u00e9sta ya ha sido abonada.<\/li>\n<\/ol>\n<\/section>","protected":false},"excerpt":{"rendered":"<p>Garant\u00eda de devoluci\u00f3n del dinero de 30 d\u00edas y garant\u00eda de cambio de por vida ofrece una garant\u00eda de devoluci\u00f3n del dinero de 30 d\u00edas en todos los productos comprados. Si no est\u00e1 satisfecho con su compra, puede devolverla en un plazo de 30 d\u00edas para obtener un reembolso completo. Despu\u00e9s de los 30 d\u00edas, ofrecemos una garant\u00eda de cambio de por vida en todos los productos defectuosos. Aviso legal... <\/p>","protected":false},"author":1,"featured_media":0,"parent":0,"menu_order":0,"comment_status":"closed","ping_status":"closed","template":"","meta":{"_acf_changed":false,"footnotes":""},"class_list":["post-3497","page","type-page","status-publish","hentry"],"acf":[],"yoast_head":"<!-- This site is optimized with the Yoast SEO plugin v27.4 - https:\/\/yoast.com\/product\/yoast-seo-wordpress\/ -->\n<title>Garantiebedingungen - Win &amp; Office WS<\/title>\n<meta name=\"robots\" content=\"index, follow, max-snippet:-1, max-image-preview:large, max-video-preview:-1\" \/>\n<link rel=\"canonical\" href=\"https:\/\/winandofficews.com\/es\/warranty-policy\/\" \/>\n<meta property=\"og:locale\" content=\"es_ES\" \/>\n<meta property=\"og:type\" content=\"article\" \/>\n<meta property=\"og:title\" content=\"Garantiebedingungen - Win &amp; Office WS\" \/>\n<meta property=\"og:description\" content=\"30-t\u00e4gige Geld-zur\u00fcck-Garantie &#038; lebenslange Umtauschgarantie bietet eine 30-t\u00e4gige Geld-zur\u00fcck-Garantie auf alle gekauften Produkte. Sollten Sie mit Ihrem Kauf nicht zufrieden sein, k\u00f6nnen Sie ihn innerhalb von 30 Tagen zur\u00fcckgeben und erhalten den vollen Kaufpreis erstattet. Nach Ablauf dieser 30 Tage bieten wir eine lebenslange Umtauschgarantie auf alle defekten Produkte. Gesetzliche&hellip;\" \/>\n<meta property=\"og:url\" content=\"https:\/\/winandofficews.com\/es\/warranty-policy\/\" \/>\n<meta property=\"og:site_name\" content=\"Win &amp; Office WS\" \/>\n<meta property=\"article:publisher\" content=\"https:\/\/www.facebook.com\/winandofficews\/\" \/>\n<meta property=\"article:modified_time\" content=\"2025-08-25T18:39:53+00:00\" \/>\n<meta name=\"twitter:card\" content=\"summary_large_image\" \/>\n<meta name=\"twitter:site\" content=\"@WINDOWSANDOFFI1\" \/>\n<meta name=\"twitter:label1\" content=\"Tiempo de lectura\" \/>\n\t<meta name=\"twitter:data1\" content=\"1 minuto\" \/>\n<script type=\"application\/ld+json\" class=\"yoast-schema-graph\">{\"@context\":\"https:\\\/\\\/schema.org\",\"@graph\":[{\"@type\":\"WebPage\",\"@id\":\"https:\\\/\\\/winandofficews.com\\\/warranty-policy\\\/\",\"url\":\"https:\\\/\\\/winandofficews.com\\\/warranty-policy\\\/\",\"name\":\"Garantiebedingungen - Win &amp; Office WS\",\"isPartOf\":{\"@id\":\"https:\\\/\\\/winandofficews.com\\\/#website\"},\"datePublished\":\"2021-06-29T16:20:15+00:00\",\"dateModified\":\"2025-08-25T18:39:53+00:00\",\"breadcrumb\":{\"@id\":\"https:\\\/\\\/winandofficews.com\\\/warranty-policy\\\/#breadcrumb\"},\"inLanguage\":\"es\",\"potentialAction\":[{\"@type\":\"ReadAction\",\"target\":[\"https:\\\/\\\/winandofficews.com\\\/warranty-policy\\\/\"]}]},{\"@type\":\"BreadcrumbList\",\"@id\":\"https:\\\/\\\/winandofficews.com\\\/warranty-policy\\\/#breadcrumb\",\"itemListElement\":[{\"@type\":\"ListItem\",\"position\":1,\"name\":\"Home\",\"item\":\"https:\\\/\\\/winandofficews.com\\\/\"},{\"@type\":\"ListItem\",\"position\":2,\"name\":\"Warranty Terms\"}]},{\"@type\":\"WebSite\",\"@id\":\"https:\\\/\\\/winandofficews.com\\\/#website\",\"url\":\"https:\\\/\\\/winandofficews.com\\\/\",\"name\":\"Win & Office WS\",\"description\":\"Wholesales Store of Office\",\"publisher\":{\"@id\":\"https:\\\/\\\/winandofficews.com\\\/#organization\"},\"potentialAction\":[{\"@type\":\"SearchAction\",\"target\":{\"@type\":\"EntryPoint\",\"urlTemplate\":\"https:\\\/\\\/winandofficews.com\\\/?s={search_term_string}\"},\"query-input\":{\"@type\":\"PropertyValueSpecification\",\"valueRequired\":true,\"valueName\":\"search_term_string\"}}],\"inLanguage\":\"es\"},{\"@type\":\"Organization\",\"@id\":\"https:\\\/\\\/winandofficews.com\\\/#organization\",\"name\":\"Win & Office WS\",\"url\":\"https:\\\/\\\/winandofficews.com\\\/\",\"logo\":{\"@type\":\"ImageObject\",\"inLanguage\":\"es\",\"@id\":\"https:\\\/\\\/winandofficews.com\\\/#\\\/schema\\\/logo\\\/image\\\/\",\"url\":\"https:\\\/\\\/winandofficews.com\\\/wp-content\\\/uploads\\\/logo14.png\",\"contentUrl\":\"https:\\\/\\\/winandofficews.com\\\/wp-content\\\/uploads\\\/logo14.png\",\"width\":322,\"height\":116,\"caption\":\"Win & Office WS\"},\"image\":{\"@id\":\"https:\\\/\\\/winandofficews.com\\\/#\\\/schema\\\/logo\\\/image\\\/\"},\"sameAs\":[\"https:\\\/\\\/www.facebook.com\\\/winandofficews\\\/\",\"https:\\\/\\\/x.com\\\/WINDOWSANDOFFI1\",\"https:\\\/\\\/www.instagram.com\\\/winandoffice.ws\\\/\",\"https:\\\/\\\/de.pinterest.com\\\/winandofficews_official\\\/\",\"https:\\\/\\\/www.tiktok.com\\\/@winandofficews\",\"https:\\\/\\\/www.youtube.com\\\/channel\\\/UCPI87ZZIvl272mOtG5sL8Cg\",\"https:\\\/\\\/de.trustpilot.com\\\/review\\\/winandofficews.com\",\"https:\\\/\\\/www.trustami.com\\\/review\\\/win-and-office-wholesales-rating\"]}]}<\/script>\n<!-- \/ Yoast SEO plugin. -->","yoast_head_json":{"title":"Condiciones de garant\u00eda - Win &amp; Office WS","robots":{"index":"index","follow":"follow","max-snippet":"max-snippet:-1","max-image-preview":"max-image-preview:large","max-video-preview":"max-video-preview:-1"},"canonical":"https:\/\/winandofficews.com\/es\/warranty-policy\/","og_locale":"es_ES","og_type":"article","og_title":"Garantiebedingungen - Win &amp; Office WS","og_description":"30-t\u00e4gige Geld-zur\u00fcck-Garantie &#038; lebenslange Umtauschgarantie bietet eine 30-t\u00e4gige Geld-zur\u00fcck-Garantie auf alle gekauften Produkte. Sollten Sie mit Ihrem Kauf nicht zufrieden sein, k\u00f6nnen Sie ihn innerhalb von 30 Tagen zur\u00fcckgeben und erhalten den vollen Kaufpreis erstattet. Nach Ablauf dieser 30 Tage bieten wir eine lebenslange Umtauschgarantie auf alle defekten Produkte. Gesetzliche&hellip;","og_url":"https:\/\/winandofficews.com\/es\/warranty-policy\/","og_site_name":"Win &amp; Office WS","article_publisher":"https:\/\/www.facebook.com\/winandofficews\/","article_modified_time":"2025-08-25T18:39:53+00:00","twitter_card":"summary_large_image","twitter_site":"@WINDOWSANDOFFI1","twitter_misc":{"Tiempo de lectura":"1 minuto"},"schema":{"@context":"https:\/\/schema.org","@graph":[{"@type":"WebPage","@id":"https:\/\/winandofficews.com\/warranty-policy\/","url":"https:\/\/winandofficews.com\/warranty-policy\/","name":"Condiciones de garant\u00eda - Win &amp; Office WS","isPartOf":{"@id":"https:\/\/winandofficews.com\/#website"},"datePublished":"2021-06-29T16:20:15+00:00","dateModified":"2025-08-25T18:39:53+00:00","breadcrumb":{"@id":"https:\/\/winandofficews.com\/warranty-policy\/#breadcrumb"},"inLanguage":"es","potentialAction":[{"@type":"ReadAction","target":["https:\/\/winandofficews.com\/warranty-policy\/"]}]},{"@type":"BreadcrumbList","@id":"https:\/\/winandofficews.com\/warranty-policy\/#breadcrumb","itemListElement":[{"@type":"ListItem","position":1,"name":"Home","item":"https:\/\/winandofficews.com\/"},{"@type":"ListItem","position":2,"name":"Warranty Terms"}]},{"@type":"WebSite","@id":"https:\/\/winandofficews.com\/#website","url":"https:\/\/winandofficews.com\/","name":"Win &amp; Office WS","description":"Almac\u00e9n mayorista de Office","publisher":{"@id":"https:\/\/winandofficews.com\/#organization"},"potentialAction":[{"@type":"SearchAction","target":{"@type":"EntryPoint","urlTemplate":"https:\/\/winandofficews.com\/?s={search_term_string}"},"query-input":{"@type":"PropertyValueSpecification","valueRequired":true,"valueName":"search_term_string"}}],"inLanguage":"es"},{"@type":"Organization","@id":"https:\/\/winandofficews.com\/#organization","name":"Win &amp; Office WS","url":"https:\/\/winandofficews.com\/","logo":{"@type":"ImageObject","inLanguage":"es","@id":"https:\/\/winandofficews.com\/#\/schema\/logo\/image\/","url":"https:\/\/winandofficews.com\/wp-content\/uploads\/logo14.png","contentUrl":"https:\/\/winandofficews.com\/wp-content\/uploads\/logo14.png","width":322,"height":116,"caption":"Win & Office WS"},"image":{"@id":"https:\/\/winandofficews.com\/#\/schema\/logo\/image\/"},"sameAs":["https:\/\/www.facebook.com\/winandofficews\/","https:\/\/x.com\/WINDOWSANDOFFI1","https:\/\/www.instagram.com\/winandoffice.ws\/","https:\/\/de.pinterest.com\/winandofficews_official\/","https:\/\/www.tiktok.com\/@winandofficews","https:\/\/www.youtube.com\/channel\/UCPI87ZZIvl272mOtG5sL8Cg","https:\/\/de.trustpilot.com\/review\/winandofficews.com","https:\/\/www.trustami.com\/review\/win-and-office-wholesales-rating"]}]}},"_links":{"self":[{"href":"https:\/\/winandofficews.com\/es\/wp-json\/wp\/v2\/pages\/3497","targetHints":{"allow":["GET"]}}],"collection":[{"href":"https:\/\/winandofficews.com\/es\/wp-json\/wp\/v2\/pages"}],"about":[{"href":"https:\/\/winandofficews.com\/es\/wp-json\/wp\/v2\/types\/page"}],"author":[{"embeddable":true,"href":"https:\/\/winandofficews.com\/es\/wp-json\/wp\/v2\/users\/1"}],"replies":[{"embeddable":true,"href":"https:\/\/winandofficews.com\/es\/wp-json\/wp\/v2\/comments?post=3497"}],"version-history":[{"count":0,"href":"https:\/\/winandofficews.com\/es\/wp-json\/wp\/v2\/pages\/3497\/revisions"}],"wp:attachment":[{"href":"https:\/\/winandofficews.com\/es\/wp-json\/wp\/v2\/media?parent=3497"}],"curies":[{"name":"wp","href":"https:\/\/api.w.org\/{rel}","templated":true}]}}