{"id":3475,"date":"2021-06-25T18:49:48","date_gmt":"2021-06-25T18:49:48","guid":{"rendered":"https:\/\/winandofficews.com\/?page_id=3475"},"modified":"2025-08-25T20:41:11","modified_gmt":"2025-08-25T18:41:11","slug":"refunds-policy","status":"publish","type":"page","link":"https:\/\/winandofficews.com\/es\/refunds-policy\/","title":{"rendered":"Pol\u00edtica de devoluciones y reembolsos"},"content":{"rendered":"<ul style=\"pading-left: 20px;\">\n<li>Sin gastos de devoluci\u00f3n<\/li>\n<li>Sin gastos de env\u00edo<\/li>\n<li>Garant\u00eda de devoluci\u00f3n de 30 d\u00edas<\/li>\n<li>Garant\u00eda de cambio de por vida<\/li>\n<\/ul>\n<p><strong>Derecho de anulaci\u00f3n<\/strong> Tiene derecho a rescindir el presente contrato en un plazo de 30 d\u00edas a partir de la recepci\u00f3n de los bienes sin necesidad de justificaci\u00f3n. Para ejercer su derecho de cancelaci\u00f3n, debe informarnos de su decisi\u00f3n de cancelar este contrato mediante una declaraci\u00f3n clara (por ejemplo, una carta enviada por correo postal, fax o correo electr\u00f3nico). Para ello, puede utilizar el formulario de cancelaci\u00f3n adjunto.<\/p>\n<div style=\"border: dashed 1px gray; border-radius: 5px; background-color: #f5f5f5; padding: 5px; margin-bottom: 15px;\"><strong>Propietario:<\/strong> INES CASTRO ANDIA<br \/>\n<strong>Sede de la empresa:<\/strong> Samoastrasse 1, 13353 Berl\u00edn, Alemania<br \/>\n<strong>Ubicaci\u00f3n Alemania:<\/strong> Samoastrasse 1, 13353 Berl\u00edn, Alemania<br \/>\n<strong>Tel:<\/strong> +49 60213274874<br \/>\n<strong>correo electr\u00f3nico:<\/strong> <a href='mailto:contact@winandofficews.com'>contact@winandofficews.com<\/a><\/div>\n<p><strong>Modelo de formulario de cancelaci\u00f3n<\/strong> (Si desea rescindir el contrato, rellene y devuelva este formulario).<\/p>\n<div style=\"border: dashed 1px gray; border-radius: 5px; background-color: #f5f5f5; padding: 5px; margin-bottom: 15px;\">\n<p>Por la presente () rescindimos el contrato () celebrado por m\u00ed\/nosotros para la adquisici\u00f3n de los siguientes bienes ()\/la prestaci\u00f3n del siguiente servicio ():<\/p>\n<ul style=\"padding-left: 20px;\">\n<li>Pedido el () \/ recibido el ()<\/li>\n<li>Nombre del consumidor o consumidores<\/li>\n<li>Direcci\u00f3n del consumidor o consumidores<\/li>\n<li>Firma del consumidor o consumidores (s\u00f3lo para notificaciones en papel)<\/li>\n<li>fecha<\/li>\n<\/ul>\n<\/div>\n<p><em>(*) T\u00e1chese lo que no proceda.<\/em> Para cumplir el plazo de cancelaci\u00f3n, basta con que env\u00ede su notificaci\u00f3n de ejercicio del derecho de cancelaci\u00f3n antes de que expire el plazo de cancelaci\u00f3n.<\/p>\n<p><strong>Consecuencias de la anulaci\u00f3n<\/strong> Si desiste del presente contrato, le reembolsaremos todos los pagos recibidos de usted, incluidos los gastos de entrega (con excepci\u00f3n de los gastos suplementarios resultantes de la elecci\u00f3n por su parte de un tipo de entrega distinto de la entrega 1TP3 menos costosa ofrecida por nosotros), sin ninguna demora indebida y, en cualquier caso, a m\u00e1s tardar 14 d\u00edas a partir del d\u00eda en que se nos informe de su decisi\u00f3n de desistir del presente contrato. Para este reembolso, utilizaremos el mismo medio de pago que usted utiliz\u00f3 para la transacci\u00f3n original, a menos que se acuerde expresamente otra cosa con usted; en ning\u00fan caso se le cobrar\u00e1n comisiones por este reembolso.<\/p>\n<p><strong>Garant\u00eda de cambio de por vida:<\/strong> Si no cumple el plazo de devoluci\u00f3n de 30 d\u00edas, le ofrecemos una garant\u00eda de cambio del producto de por vida. Si el producto resulta defectuoso durante su uso, recibir\u00e1 un recambio gratuito.<\/p>\n<div style=\"border: dashed 1px gray; border-radius: 5px; background-color: #f5f5f5; padding: 5px; margin-bottom: 15px;\"><strong>Propietario:<\/strong> INES CASTRO ANDIA<br \/>\n<strong>Sede social:<\/strong> Samoastrasse 1, 13353 Berl\u00edn, Alemania<br \/>\n<strong>Ubicaci\u00f3n Alemania:<\/strong> Samoastrasse 1, 13353 Berl\u00edn, Alemania<br \/>\n<strong>Tel:<\/strong> +49 60213274874<br \/>\n<strong>correo electr\u00f3nico:<\/strong> <a href='mailto:contact@winandofficews.com'>contact@winandofficews.com<\/a><\/div>","protected":false},"excerpt":{"rendered":"<p>Sin gastos de devoluci\u00f3n Sin gastos de env\u00edo Garant\u00eda de devoluci\u00f3n del dinero en 30 d\u00edas Garant\u00eda de cambio de por vida Derecho de desistimiento Tiene derecho a desistir del presente contrato en un plazo de 30 d\u00edas a partir de la recepci\u00f3n de la mercanc\u00eda sin necesidad de justificaci\u00f3n. Para ejercer su derecho de cancelaci\u00f3n, debe informarnos mediante una declaraci\u00f3n clara (por ejemplo, una carta enviada por correo postal, fax o correo electr\u00f3nico). <\/p>","protected":false},"author":1,"featured_media":0,"parent":0,"menu_order":0,"comment_status":"closed","ping_status":"closed","template":"","meta":{"_acf_changed":false,"footnotes":""},"class_list":["post-3475","page","type-page","status-publish","hentry"],"acf":[],"yoast_head":"<!-- This site is optimized with the Yoast SEO plugin v27.4 - https:\/\/yoast.com\/product\/yoast-seo-wordpress\/ -->\n<title>R\u00fcckerstattungs- und R\u00fcckgaberecht - Win &amp; Office WS<\/title>\n<meta name=\"robots\" content=\"index, follow, max-snippet:-1, max-image-preview:large, max-video-preview:-1\" \/>\n<link rel=\"canonical\" href=\"https:\/\/winandofficews.com\/es\/refunds-policy\/\" \/>\n<meta property=\"og:locale\" content=\"es_ES\" \/>\n<meta property=\"og:type\" content=\"article\" \/>\n<meta property=\"og:title\" content=\"R\u00fcckerstattungs- und R\u00fcckgaberecht - Win &amp; Office WS\" \/>\n<meta property=\"og:description\" content=\"Keine R\u00fccksendekosten Keine Versandkosten 30 Tage Geld-zur\u00fcck-Garantie Lebenslange Umtauschgarantie Widerrufsrecht Sie haben das Recht, diesen Vertrag innerhalb von 30 Tagen nach Erhalt der Ware ohne Angabe von Gr\u00fcnden zu widerrufen. Um Ihr Widerrufsrecht auszu\u00fcben, m\u00fcssen Sie uns mittels einer eindeutigen Erkl\u00e4rung (z. B. ein mit der Post versandter Brief, Telefax&hellip;\" \/>\n<meta property=\"og:url\" content=\"https:\/\/winandofficews.com\/es\/refunds-policy\/\" \/>\n<meta property=\"og:site_name\" content=\"Win &amp; Office WS\" \/>\n<meta property=\"article:publisher\" content=\"https:\/\/www.facebook.com\/winandofficews\/\" \/>\n<meta property=\"article:modified_time\" content=\"2025-08-25T18:41:11+00:00\" \/>\n<meta name=\"twitter:card\" content=\"summary_large_image\" \/>\n<meta name=\"twitter:site\" content=\"@WINDOWSANDOFFI1\" \/>\n<meta name=\"twitter:label1\" content=\"Tiempo de lectura\" \/>\n\t<meta name=\"twitter:data1\" content=\"2 minutos\" \/>\n<script type=\"application\/ld+json\" class=\"yoast-schema-graph\">{\"@context\":\"https:\\\/\\\/schema.org\",\"@graph\":[{\"@type\":\"WebPage\",\"@id\":\"https:\\\/\\\/winandofficews.com\\\/refunds-policy\\\/\",\"url\":\"https:\\\/\\\/winandofficews.com\\\/refunds-policy\\\/\",\"name\":\"R\u00fcckerstattungs- und R\u00fcckgaberecht - Win &amp; Office WS\",\"isPartOf\":{\"@id\":\"https:\\\/\\\/winandofficews.com\\\/#website\"},\"datePublished\":\"2021-06-25T18:49:48+00:00\",\"dateModified\":\"2025-08-25T18:41:11+00:00\",\"breadcrumb\":{\"@id\":\"https:\\\/\\\/winandofficews.com\\\/refunds-policy\\\/#breadcrumb\"},\"inLanguage\":\"es\",\"potentialAction\":[{\"@type\":\"ReadAction\",\"target\":[\"https:\\\/\\\/winandofficews.com\\\/refunds-policy\\\/\"]}]},{\"@type\":\"BreadcrumbList\",\"@id\":\"https:\\\/\\\/winandofficews.com\\\/refunds-policy\\\/#breadcrumb\",\"itemListElement\":[{\"@type\":\"ListItem\",\"position\":1,\"name\":\"Home\",\"item\":\"https:\\\/\\\/winandofficews.com\\\/\"},{\"@type\":\"ListItem\",\"position\":2,\"name\":\"Refund and Return Policy\"}]},{\"@type\":\"WebSite\",\"@id\":\"https:\\\/\\\/winandofficews.com\\\/#website\",\"url\":\"https:\\\/\\\/winandofficews.com\\\/\",\"name\":\"Win & Office WS\",\"description\":\"Wholesales Store of Office\",\"publisher\":{\"@id\":\"https:\\\/\\\/winandofficews.com\\\/#organization\"},\"potentialAction\":[{\"@type\":\"SearchAction\",\"target\":{\"@type\":\"EntryPoint\",\"urlTemplate\":\"https:\\\/\\\/winandofficews.com\\\/?s={search_term_string}\"},\"query-input\":{\"@type\":\"PropertyValueSpecification\",\"valueRequired\":true,\"valueName\":\"search_term_string\"}}],\"inLanguage\":\"es\"},{\"@type\":\"Organization\",\"@id\":\"https:\\\/\\\/winandofficews.com\\\/#organization\",\"name\":\"Win & Office WS\",\"url\":\"https:\\\/\\\/winandofficews.com\\\/\",\"logo\":{\"@type\":\"ImageObject\",\"inLanguage\":\"es\",\"@id\":\"https:\\\/\\\/winandofficews.com\\\/#\\\/schema\\\/logo\\\/image\\\/\",\"url\":\"https:\\\/\\\/winandofficews.com\\\/wp-content\\\/uploads\\\/logo14.png\",\"contentUrl\":\"https:\\\/\\\/winandofficews.com\\\/wp-content\\\/uploads\\\/logo14.png\",\"width\":322,\"height\":116,\"caption\":\"Win & Office WS\"},\"image\":{\"@id\":\"https:\\\/\\\/winandofficews.com\\\/#\\\/schema\\\/logo\\\/image\\\/\"},\"sameAs\":[\"https:\\\/\\\/www.facebook.com\\\/winandofficews\\\/\",\"https:\\\/\\\/x.com\\\/WINDOWSANDOFFI1\",\"https:\\\/\\\/www.instagram.com\\\/winandoffice.ws\\\/\",\"https:\\\/\\\/de.pinterest.com\\\/winandofficews_official\\\/\",\"https:\\\/\\\/www.tiktok.com\\\/@winandofficews\",\"https:\\\/\\\/www.youtube.com\\\/channel\\\/UCPI87ZZIvl272mOtG5sL8Cg\",\"https:\\\/\\\/de.trustpilot.com\\\/review\\\/winandofficews.com\",\"https:\\\/\\\/www.trustami.com\\\/review\\\/win-and-office-wholesales-rating\"]}]}<\/script>\n<!-- \/ Yoast SEO plugin. -->","yoast_head_json":{"title":"Pol\u00edtica de devoluciones y reembolsos - Win &amp; Office WS","robots":{"index":"index","follow":"follow","max-snippet":"max-snippet:-1","max-image-preview":"max-image-preview:large","max-video-preview":"max-video-preview:-1"},"canonical":"https:\/\/winandofficews.com\/es\/refunds-policy\/","og_locale":"es_ES","og_type":"article","og_title":"R\u00fcckerstattungs- und R\u00fcckgaberecht - Win &amp; Office WS","og_description":"Keine R\u00fccksendekosten Keine Versandkosten 30 Tage Geld-zur\u00fcck-Garantie Lebenslange Umtauschgarantie Widerrufsrecht Sie haben das Recht, diesen Vertrag innerhalb von 30 Tagen nach Erhalt der Ware ohne Angabe von Gr\u00fcnden zu widerrufen. Um Ihr Widerrufsrecht auszu\u00fcben, m\u00fcssen Sie uns mittels einer eindeutigen Erkl\u00e4rung (z. B. ein mit der Post versandter Brief, Telefax&hellip;","og_url":"https:\/\/winandofficews.com\/es\/refunds-policy\/","og_site_name":"Win &amp; Office WS","article_publisher":"https:\/\/www.facebook.com\/winandofficews\/","article_modified_time":"2025-08-25T18:41:11+00:00","twitter_card":"summary_large_image","twitter_site":"@WINDOWSANDOFFI1","twitter_misc":{"Tiempo de lectura":"2 minutos"},"schema":{"@context":"https:\/\/schema.org","@graph":[{"@type":"WebPage","@id":"https:\/\/winandofficews.com\/refunds-policy\/","url":"https:\/\/winandofficews.com\/refunds-policy\/","name":"Pol\u00edtica de devoluciones y reembolsos - Win &amp; Office WS","isPartOf":{"@id":"https:\/\/winandofficews.com\/#website"},"datePublished":"2021-06-25T18:49:48+00:00","dateModified":"2025-08-25T18:41:11+00:00","breadcrumb":{"@id":"https:\/\/winandofficews.com\/refunds-policy\/#breadcrumb"},"inLanguage":"es","potentialAction":[{"@type":"ReadAction","target":["https:\/\/winandofficews.com\/refunds-policy\/"]}]},{"@type":"BreadcrumbList","@id":"https:\/\/winandofficews.com\/refunds-policy\/#breadcrumb","itemListElement":[{"@type":"ListItem","position":1,"name":"Home","item":"https:\/\/winandofficews.com\/"},{"@type":"ListItem","position":2,"name":"Refund and Return Policy"}]},{"@type":"WebSite","@id":"https:\/\/winandofficews.com\/#website","url":"https:\/\/winandofficews.com\/","name":"Win &amp; Office WS","description":"Almac\u00e9n mayorista de Office","publisher":{"@id":"https:\/\/winandofficews.com\/#organization"},"potentialAction":[{"@type":"SearchAction","target":{"@type":"EntryPoint","urlTemplate":"https:\/\/winandofficews.com\/?s={search_term_string}"},"query-input":{"@type":"PropertyValueSpecification","valueRequired":true,"valueName":"search_term_string"}}],"inLanguage":"es"},{"@type":"Organization","@id":"https:\/\/winandofficews.com\/#organization","name":"Win &amp; Office WS","url":"https:\/\/winandofficews.com\/","logo":{"@type":"ImageObject","inLanguage":"es","@id":"https:\/\/winandofficews.com\/#\/schema\/logo\/image\/","url":"https:\/\/winandofficews.com\/wp-content\/uploads\/logo14.png","contentUrl":"https:\/\/winandofficews.com\/wp-content\/uploads\/logo14.png","width":322,"height":116,"caption":"Win & Office WS"},"image":{"@id":"https:\/\/winandofficews.com\/#\/schema\/logo\/image\/"},"sameAs":["https:\/\/www.facebook.com\/winandofficews\/","https:\/\/x.com\/WINDOWSANDOFFI1","https:\/\/www.instagram.com\/winandoffice.ws\/","https:\/\/de.pinterest.com\/winandofficews_official\/","https:\/\/www.tiktok.com\/@winandofficews","https:\/\/www.youtube.com\/channel\/UCPI87ZZIvl272mOtG5sL8Cg","https:\/\/de.trustpilot.com\/review\/winandofficews.com","https:\/\/www.trustami.com\/review\/win-and-office-wholesales-rating"]}]}},"_links":{"self":[{"href":"https:\/\/winandofficews.com\/es\/wp-json\/wp\/v2\/pages\/3475","targetHints":{"allow":["GET"]}}],"collection":[{"href":"https:\/\/winandofficews.com\/es\/wp-json\/wp\/v2\/pages"}],"about":[{"href":"https:\/\/winandofficews.com\/es\/wp-json\/wp\/v2\/types\/page"}],"author":[{"embeddable":true,"href":"https:\/\/winandofficews.com\/es\/wp-json\/wp\/v2\/users\/1"}],"replies":[{"embeddable":true,"href":"https:\/\/winandofficews.com\/es\/wp-json\/wp\/v2\/comments?post=3475"}],"version-history":[{"count":0,"href":"https:\/\/winandofficews.com\/es\/wp-json\/wp\/v2\/pages\/3475\/revisions"}],"wp:attachment":[{"href":"https:\/\/winandofficews.com\/es\/wp-json\/wp\/v2\/media?parent=3475"}],"curies":[{"name":"wp","href":"https:\/\/api.w.org\/{rel}","templated":true}]}}