{"id":3410,"date":"2021-03-03T13:41:10","date_gmt":"2021-03-03T13:41:10","guid":{"rendered":"https:\/\/shop.winandofficews.com\/?page_id=3410"},"modified":"2025-08-29T17:28:00","modified_gmt":"2025-08-29T15:28:00","slug":"services","status":"publish","type":"page","link":"https:\/\/winandofficews.com\/es\/services\/","title":{"rendered":"Servicios"},"content":{"rendered":"<ul>\n<li>\n<h4>Entrega r\u00e1pida en todo momento<\/h4>\n<ul>\n<li>Le enviaremos la clave del producto en los 2 minutos siguientes a la recepci\u00f3n del pago.<\/li>\n<li>Recibir\u00e1 un enlace de descarga e instrucciones de instalaci\u00f3n por correo electr\u00f3nico.<\/li>\n<li>El software y las instrucciones est\u00e1n disponibles en 5 idiomas (alem\u00e1n, ingl\u00e9s, franc\u00e9s, italiano y espa\u00f1ol).<\/li>\n<\/ul>\n<\/li>\n<\/ul>\n<ul>\n<li>\n<h4>Socios fuertes<\/h4>\n<ul>\n<li>Somos Microsoft Gold Partner de MSPN.<\/li>\n<\/ul>\n<\/li>\n<\/ul>\n<ul>\n<li>\n<h4>Factura<\/h4>\n<ul>\n<li>Recibir\u00e1 una factura con el n\u00famero de IVA y el n\u00famero de socio Microsoft en un plazo de 24 horas.<\/li>\n<li>Todas las licencias se verifican mediante el uso de la tecnolog\u00eda blockchain.<\/li>\n<\/ul>\n<\/li>\n<\/ul>\n<ul>\n<li>\n<h4>Garant\u00eda del producto<\/h4>\n<ul>\n<li>Activaci\u00f3n en l\u00ednea garantizada<\/li>\n<li>Garant\u00eda de cambio de por vida<\/li>\n<li>Control de calidad de las llaves de producto antes de su env\u00edo<\/li>\n<\/ul>\n<\/li>\n<\/ul>\n<ul>\n<li>\n<h4>Transparencia<\/h4>\n<p>Cumplimos todos los requisitos legales en el marco de nuestro deber de informaci\u00f3n.<\/p>\n<ul>\n<li>Enlace <a href=\"https:\/\/consumer-redress.ec.europa.eu\/index_de\">Plataforma de la Comisi\u00f3n Europea para la resoluci\u00f3n de litigios en l\u00ednea<\/a><\/li>\n<\/ul>\n<\/li>\n<\/ul>\n<ul>\n<li>\n<h4>Pagos r\u00e1pidos y seguros<\/h4>\n<p>Puede pagar de forma segura y r\u00e1pida con estos servicios:<\/p>\n<ul>\n<li>Amazon Pay<\/li>\n<li>PayPal<\/li>\n<\/ul>\n<\/li>\n<\/ul>\n<ul>\n<li>\n<h4>Descarga de software<\/h4>\n<ul>\n<li>Descarga r\u00e1pida y segura desde nuestro portal de descargas sin necesidad de registrarse<\/li>\n<li>Todos los programas han sido revisados en busca de virus y malware.<\/li>\n<li>Nuestro portal de descargas est\u00e1 disponible en cinco idiomas<\/li>\n<\/ul>\n<\/li>\n<\/ul>\n<ul>\n<li>\n<h4>Nuestro servicio de atenci\u00f3n al cliente - \u00a1Estamos encantados de ayudarle!<\/h4>\n<ul>\n<li>Disponible 24\/7 por correo electr\u00f3nico<\/li>\n<li>Atenci\u00f3n al cliente multiling\u00fce (alem\u00e1n, ingl\u00e9s, franc\u00e9s, italiano y espa\u00f1ol)<\/li>\n<\/ul>\n<\/li>\n<\/ul>\n<blockquote><p><strong><br \/>\nWin &amp; Office Wholesales no se limita a vender una clave de producto. Con la compra de su producto recibir\u00e1 un servicio y una asistencia completos.<br \/>\n<\/strong><\/p><\/blockquote>","protected":false},"excerpt":{"rendered":"<p>Entrega r\u00e1pida en todo momento Le enviaremos la clave de producto en los 2 minutos siguientes a la recepci\u00f3n del pago. Recibir\u00e1 un enlace de descarga y las instrucciones de instalaci\u00f3n por correo electr\u00f3nico. El software y las instrucciones est\u00e1n disponibles en 5 idiomas (alem\u00e1n, ingl\u00e9s, franc\u00e9s, italiano y espa\u00f1ol). Socios fuertes Somos socio de oro de Microsoft con... <\/p>","protected":false},"author":1,"featured_media":0,"parent":0,"menu_order":0,"comment_status":"closed","ping_status":"closed","template":"","meta":{"_acf_changed":false,"footnotes":""},"class_list":["post-3410","page","type-page","status-publish","hentry"],"acf":[],"yoast_head":"<!-- This site is optimized with the Yoast SEO plugin v27.4 - https:\/\/yoast.com\/product\/yoast-seo-wordpress\/ -->\n<title>Leistungen - Win &amp; Office WS<\/title>\n<meta name=\"robots\" content=\"index, follow, max-snippet:-1, max-image-preview:large, max-video-preview:-1\" \/>\n<link rel=\"canonical\" href=\"https:\/\/winandofficews.com\/es\/services\/\" \/>\n<meta property=\"og:locale\" content=\"es_ES\" \/>\n<meta property=\"og:type\" content=\"article\" \/>\n<meta property=\"og:title\" content=\"Leistungen - Win &amp; Office WS\" \/>\n<meta property=\"og:description\" content=\"Schnelle Lieferung rund um die Uhr Wir senden Ihnen den Produktschl\u00fcssel innerhalb von 2 Minuten nach Zahlungseingang zu. Sie erhalten einen Download-Link und eine Installationsanleitung per E-Mail. Die Software und die Anleitung sind in 5 Sprachen verf\u00fcgbar (Deutsch, Englisch, Franz\u00f6sisch, Italienisch, Spanisch). Starke Partner Wir sind Microsoft Gold Partner mit&hellip;\" \/>\n<meta property=\"og:url\" content=\"https:\/\/winandofficews.com\/es\/services\/\" \/>\n<meta property=\"og:site_name\" content=\"Win &amp; Office WS\" \/>\n<meta property=\"article:publisher\" content=\"https:\/\/www.facebook.com\/winandofficews\/\" \/>\n<meta property=\"article:modified_time\" content=\"2025-08-29T15:28:00+00:00\" \/>\n<meta name=\"twitter:card\" content=\"summary_large_image\" \/>\n<meta name=\"twitter:site\" content=\"@WINDOWSANDOFFI1\" \/>\n<meta name=\"twitter:label1\" content=\"Tiempo de lectura\" \/>\n\t<meta name=\"twitter:data1\" content=\"1 minuto\" \/>\n<script type=\"application\/ld+json\" class=\"yoast-schema-graph\">{\"@context\":\"https:\\\/\\\/schema.org\",\"@graph\":[{\"@type\":\"WebPage\",\"@id\":\"https:\\\/\\\/winandofficews.com\\\/services\\\/\",\"url\":\"https:\\\/\\\/winandofficews.com\\\/services\\\/\",\"name\":\"Leistungen - Win &amp; Office WS\",\"isPartOf\":{\"@id\":\"https:\\\/\\\/winandofficews.com\\\/#website\"},\"datePublished\":\"2021-03-03T13:41:10+00:00\",\"dateModified\":\"2025-08-29T15:28:00+00:00\",\"breadcrumb\":{\"@id\":\"https:\\\/\\\/winandofficews.com\\\/services\\\/#breadcrumb\"},\"inLanguage\":\"es\",\"potentialAction\":[{\"@type\":\"ReadAction\",\"target\":[\"https:\\\/\\\/winandofficews.com\\\/services\\\/\"]}]},{\"@type\":\"BreadcrumbList\",\"@id\":\"https:\\\/\\\/winandofficews.com\\\/services\\\/#breadcrumb\",\"itemListElement\":[{\"@type\":\"ListItem\",\"position\":1,\"name\":\"Home\",\"item\":\"https:\\\/\\\/winandofficews.com\\\/\"},{\"@type\":\"ListItem\",\"position\":2,\"name\":\"Services\"}]},{\"@type\":\"WebSite\",\"@id\":\"https:\\\/\\\/winandofficews.com\\\/#website\",\"url\":\"https:\\\/\\\/winandofficews.com\\\/\",\"name\":\"Win & Office WS\",\"description\":\"Wholesales Store of Office\",\"publisher\":{\"@id\":\"https:\\\/\\\/winandofficews.com\\\/#organization\"},\"potentialAction\":[{\"@type\":\"SearchAction\",\"target\":{\"@type\":\"EntryPoint\",\"urlTemplate\":\"https:\\\/\\\/winandofficews.com\\\/?s={search_term_string}\"},\"query-input\":{\"@type\":\"PropertyValueSpecification\",\"valueRequired\":true,\"valueName\":\"search_term_string\"}}],\"inLanguage\":\"es\"},{\"@type\":\"Organization\",\"@id\":\"https:\\\/\\\/winandofficews.com\\\/#organization\",\"name\":\"Win & Office WS\",\"url\":\"https:\\\/\\\/winandofficews.com\\\/\",\"logo\":{\"@type\":\"ImageObject\",\"inLanguage\":\"es\",\"@id\":\"https:\\\/\\\/winandofficews.com\\\/#\\\/schema\\\/logo\\\/image\\\/\",\"url\":\"https:\\\/\\\/winandofficews.com\\\/wp-content\\\/uploads\\\/logo14.png\",\"contentUrl\":\"https:\\\/\\\/winandofficews.com\\\/wp-content\\\/uploads\\\/logo14.png\",\"width\":322,\"height\":116,\"caption\":\"Win & Office WS\"},\"image\":{\"@id\":\"https:\\\/\\\/winandofficews.com\\\/#\\\/schema\\\/logo\\\/image\\\/\"},\"sameAs\":[\"https:\\\/\\\/www.facebook.com\\\/winandofficews\\\/\",\"https:\\\/\\\/x.com\\\/WINDOWSANDOFFI1\",\"https:\\\/\\\/www.instagram.com\\\/winandoffice.ws\\\/\",\"https:\\\/\\\/de.pinterest.com\\\/winandofficews_official\\\/\",\"https:\\\/\\\/www.tiktok.com\\\/@winandofficews\",\"https:\\\/\\\/www.youtube.com\\\/channel\\\/UCPI87ZZIvl272mOtG5sL8Cg\",\"https:\\\/\\\/de.trustpilot.com\\\/review\\\/winandofficews.com\",\"https:\\\/\\\/www.trustami.com\\\/review\\\/win-and-office-wholesales-rating\"]}]}<\/script>\n<!-- \/ Yoast SEO plugin. -->","yoast_head_json":{"title":"Servicios - Win &amp; Office WS","robots":{"index":"index","follow":"follow","max-snippet":"max-snippet:-1","max-image-preview":"max-image-preview:large","max-video-preview":"max-video-preview:-1"},"canonical":"https:\/\/winandofficews.com\/es\/services\/","og_locale":"es_ES","og_type":"article","og_title":"Leistungen - Win &amp; Office WS","og_description":"Schnelle Lieferung rund um die Uhr Wir senden Ihnen den Produktschl\u00fcssel innerhalb von 2 Minuten nach Zahlungseingang zu. Sie erhalten einen Download-Link und eine Installationsanleitung per E-Mail. Die Software und die Anleitung sind in 5 Sprachen verf\u00fcgbar (Deutsch, Englisch, Franz\u00f6sisch, Italienisch, Spanisch). Starke Partner Wir sind Microsoft Gold Partner mit&hellip;","og_url":"https:\/\/winandofficews.com\/es\/services\/","og_site_name":"Win &amp; Office WS","article_publisher":"https:\/\/www.facebook.com\/winandofficews\/","article_modified_time":"2025-08-29T15:28:00+00:00","twitter_card":"summary_large_image","twitter_site":"@WINDOWSANDOFFI1","twitter_misc":{"Tiempo de lectura":"1 minuto"},"schema":{"@context":"https:\/\/schema.org","@graph":[{"@type":"WebPage","@id":"https:\/\/winandofficews.com\/services\/","url":"https:\/\/winandofficews.com\/services\/","name":"Servicios - Win &amp; Office WS","isPartOf":{"@id":"https:\/\/winandofficews.com\/#website"},"datePublished":"2021-03-03T13:41:10+00:00","dateModified":"2025-08-29T15:28:00+00:00","breadcrumb":{"@id":"https:\/\/winandofficews.com\/services\/#breadcrumb"},"inLanguage":"es","potentialAction":[{"@type":"ReadAction","target":["https:\/\/winandofficews.com\/services\/"]}]},{"@type":"BreadcrumbList","@id":"https:\/\/winandofficews.com\/services\/#breadcrumb","itemListElement":[{"@type":"ListItem","position":1,"name":"Home","item":"https:\/\/winandofficews.com\/"},{"@type":"ListItem","position":2,"name":"Services"}]},{"@type":"WebSite","@id":"https:\/\/winandofficews.com\/#website","url":"https:\/\/winandofficews.com\/","name":"Win &amp; Office WS","description":"Almac\u00e9n mayorista de Office","publisher":{"@id":"https:\/\/winandofficews.com\/#organization"},"potentialAction":[{"@type":"SearchAction","target":{"@type":"EntryPoint","urlTemplate":"https:\/\/winandofficews.com\/?s={search_term_string}"},"query-input":{"@type":"PropertyValueSpecification","valueRequired":true,"valueName":"search_term_string"}}],"inLanguage":"es"},{"@type":"Organization","@id":"https:\/\/winandofficews.com\/#organization","name":"Win &amp; Office WS","url":"https:\/\/winandofficews.com\/","logo":{"@type":"ImageObject","inLanguage":"es","@id":"https:\/\/winandofficews.com\/#\/schema\/logo\/image\/","url":"https:\/\/winandofficews.com\/wp-content\/uploads\/logo14.png","contentUrl":"https:\/\/winandofficews.com\/wp-content\/uploads\/logo14.png","width":322,"height":116,"caption":"Win & Office WS"},"image":{"@id":"https:\/\/winandofficews.com\/#\/schema\/logo\/image\/"},"sameAs":["https:\/\/www.facebook.com\/winandofficews\/","https:\/\/x.com\/WINDOWSANDOFFI1","https:\/\/www.instagram.com\/winandoffice.ws\/","https:\/\/de.pinterest.com\/winandofficews_official\/","https:\/\/www.tiktok.com\/@winandofficews","https:\/\/www.youtube.com\/channel\/UCPI87ZZIvl272mOtG5sL8Cg","https:\/\/de.trustpilot.com\/review\/winandofficews.com","https:\/\/www.trustami.com\/review\/win-and-office-wholesales-rating"]}]}},"_links":{"self":[{"href":"https:\/\/winandofficews.com\/es\/wp-json\/wp\/v2\/pages\/3410","targetHints":{"allow":["GET"]}}],"collection":[{"href":"https:\/\/winandofficews.com\/es\/wp-json\/wp\/v2\/pages"}],"about":[{"href":"https:\/\/winandofficews.com\/es\/wp-json\/wp\/v2\/types\/page"}],"author":[{"embeddable":true,"href":"https:\/\/winandofficews.com\/es\/wp-json\/wp\/v2\/users\/1"}],"replies":[{"embeddable":true,"href":"https:\/\/winandofficews.com\/es\/wp-json\/wp\/v2\/comments?post=3410"}],"version-history":[{"count":0,"href":"https:\/\/winandofficews.com\/es\/wp-json\/wp\/v2\/pages\/3410\/revisions"}],"wp:attachment":[{"href":"https:\/\/winandofficews.com\/es\/wp-json\/wp\/v2\/media?parent=3410"}],"curies":[{"name":"wp","href":"https:\/\/api.w.org\/{rel}","templated":true}]}}